{"id":15452,"date":"2025-01-23T20:48:47","date_gmt":"2025-01-23T19:48:47","guid":{"rendered":"https:\/\/www.amstelprinting.nl\/winkel\/non%20class\u00e9\/outdoor-vloermat\/"},"modified":"2026-02-18T12:51:49","modified_gmt":"2026-02-18T11:51:49","slug":"tapis-de-sol-exterieur","status":"publish","type":"product","link":"https:\/\/www.amstelprinting.nl\/fr\/boutique\/interieur-2\/exterieur\/tapis-de-sol-exterieur\/","title":{"rendered":"Tapis de sol ext\u00e9rieur"},"content":{"rendered":"<h3>Impression de tapis de sol ext\u00e9rieurs<\/h3>\n<p>Nos tapis de sol r\u00e9sistants aux intemp\u00e9ries assurent un accueil chaleureux. Le tapis de sol ext\u00e9rieur retient l&rsquo;humidit\u00e9 et la salet\u00e9 et peut \u00eatre enti\u00e8rement personnalis\u00e9 selon vos souhaits. Une fonction \u00e0 la fois pratique et promotionnelle donc !<\/p>\n<h3>Avantages<\/h3>\n<ul>\n<li>Sp\u00e9cialement con\u00e7u pour une utilisation en ext\u00e9rieur<\/li>\n<li>Retient la salet\u00e9 et l&rsquo;humidit\u00e9 \u00e0 l&rsquo;ext\u00e9rieur et garde les sols int\u00e9rieurs propres<\/li>\n<li>Excellentes propri\u00e9t\u00e9s antid\u00e9rapantes<\/li>\n<li>Fabriqu\u00e9 en mat\u00e9riau 100 % recyclable et r\u00e9sistant \u00e0 l&rsquo;usure<\/li>\n<li>Enti\u00e8rement sur mesure : choisissez votre propre format, forme et impression<\/li>\n<\/ul>\n<p>&nbsp;<\/p>\n<h3>Tapis de sol ext\u00e9rieurs &#8211; mat\u00e9riau de haute qualit\u00e9<\/h3>\n<p>Choisissez vous-m\u00eame le <strong>format, la forme et l&rsquo;impression<\/strong> de ces magnifiques tapis de sol ext\u00e9rieurs. Les tapis sont <strong>100 % recyclables<\/strong> et donc tr\u00e8s durables. Ces tapis d&rsquo;ext\u00e9rieur retiennent l&rsquo;humidit\u00e9 et la salet\u00e9 \u00e0 l&rsquo;ext\u00e9rieur, permettant ainsi aux sols int\u00e9rieurs de rester bien propres.<\/p>\n<h3>Finition des tapis de sol ext\u00e9rieurs<\/h3>\n<p>Les tapis de sol ext\u00e9rieurs sont fabriqu\u00e9s dans un mat\u00e9riau dit <strong>r\u00e9sistant \u00e0 la d\u00e9coupe<\/strong>, ce qui rend une finition des bords inutile. Id\u00e9al pour une utilisation en ext\u00e9rieur et parfait comme paillasson durable et personnalis\u00e9.<\/p>\n<h3>Conseil de conception : assurez un contraste dans le design<\/h3>\n<p>En raison de la structure grossi\u00e8re du tapis de sol ext\u00e9rieur, les designs d\u00e9taill\u00e9s ressortent de mani\u00e8re moins prononc\u00e9e. Pr\u00e9voyez donc des couleurs contrast\u00e9es fortes dans la conception. Nous d\u00e9conseillons les petits caract\u00e8res et, pour des raisons de lisibilit\u00e9, nous recommandons de maintenir une \u00e9paisseur de lettre minimale de 1 cm d&rsquo;\u00e9paisseur.<\/p>\n","protected":false},"excerpt":{"rendered":"<h3>Tapis de sol ext\u00e9rieurs : Durables, \u00e9l\u00e9gants et sur mesure<\/h3>\n<p>Nos <strong>tapis de sol ext\u00e9rieurs<\/strong> constituent un ajout pr\u00e9cieux (promotionnel et hautement fonctionnel) \u00e0 tout espace ext\u00e9rieur. Nos tapis d&rsquo;ext\u00e9rieur sont fabriqu\u00e9s dans un mat\u00e9riau de haute qualit\u00e9 r\u00e9sistant \u00e0 l&rsquo;usure. Cela garantit une longue dur\u00e9e de vie, m\u00eame en cas d&rsquo;utilisation intensive. Gr\u00e2ce \u00e0 leur haute valeur <strong>antid\u00e9rapante<\/strong>, ils restent bien en place, quelles que soient les conditions m\u00e9t\u00e9orologiques. Commandez le tapis de sol ext\u00e9rieur avec votre <strong>propre impression<\/strong> dans le format ou la forme de votre choix.<\/p>\n","protected":false},"featured_media":15453,"template":"","meta":{"_et_pb_use_builder":"","_et_pb_old_content":"","_et_gb_content_width":""},"product_brand":[],"product_cat":[553,542],"product_tag":[],"class_list":{"0":"post-15452","1":"product","2":"type-product","3":"status-publish","4":"has-post-thumbnail","6":"product_cat-exterieur","7":"product_cat-interieur-2","9":"first","10":"instock","11":"taxable","12":"shipping-taxable","13":"purchasable","14":"product-type-simple"},"yoast_head":"<!-- This site is optimized with the Yoast SEO plugin v27.3 - https:\/\/yoast.com\/product\/yoast-seo-wordpress\/ -->\n<title>Tapis de sol ext\u00e9rieur | Amstel Printing<\/title>\n<meta name=\"robots\" content=\"index, follow, max-snippet:-1, max-image-preview:large, max-video-preview:-1\" \/>\n<link rel=\"canonical\" href=\"https:\/\/www.amstelprinting.nl\/fr\/boutique\/interieur-2\/exterieur\/tapis-de-sol-exterieur\/\" \/>\n<meta property=\"og:locale\" content=\"fr_FR\" \/>\n<meta property=\"og:type\" content=\"article\" \/>\n<meta property=\"og:title\" content=\"Tapis de sol ext\u00e9rieur | Amstel Printing\" \/>\n<meta property=\"og:description\" content=\"Tapis de sol ext\u00e9rieurs : Durables, \u00e9l\u00e9gants et sur mesure Nos tapis de sol ext\u00e9rieurs constituent un ajout pr\u00e9cieux (promotionnel et hautement fonctionnel) \u00e0 tout espace ext\u00e9rieur. Nos tapis d&#039;ext\u00e9rieur sont fabriqu\u00e9s dans un mat\u00e9riau de haute qualit\u00e9 r\u00e9sistant \u00e0 l&#039;usure. Cela garantit une longue dur\u00e9e de vie, m\u00eame en cas d&#039;utilisation intensive. Gr\u00e2ce \u00e0 leur haute valeur antid\u00e9rapante, ils restent bien en place, quelles que soient les conditions m\u00e9t\u00e9orologiques. Commandez le tapis de sol ext\u00e9rieur avec votre propre impression dans le format ou la forme de votre choix.\" \/>\n<meta property=\"og:url\" content=\"https:\/\/www.amstelprinting.nl\/fr\/boutique\/interieur-2\/exterieur\/tapis-de-sol-exterieur\/\" \/>\n<meta property=\"og:site_name\" content=\"Amstel Printing\" \/>\n<meta property=\"article:modified_time\" content=\"2026-02-18T11:51:49+00:00\" \/>\n<meta property=\"og:image\" content=\"https:\/\/www.amstelprinting.nl\/wp-content\/uploads\/Outdoor-vloermat-1.jpg\" \/>\n\t<meta property=\"og:image:width\" content=\"700\" \/>\n\t<meta property=\"og:image:height\" content=\"700\" \/>\n\t<meta property=\"og:image:type\" content=\"image\/jpeg\" \/>\n<meta name=\"twitter:card\" content=\"summary_large_image\" \/>\n<meta name=\"twitter:label1\" content=\"Dur\u00e9e de lecture estim\u00e9e\" \/>\n\t<meta name=\"twitter:data1\" content=\"1 minute\" \/>\n<script type=\"application\/ld+json\" class=\"yoast-schema-graph\">{\"@context\":\"https:\\\/\\\/schema.org\",\"@graph\":[{\"@type\":\"WebPage\",\"@id\":\"https:\\\/\\\/www.amstelprinting.nl\\\/fr\\\/boutique\\\/interieur-2\\\/exterieur\\\/tapis-de-sol-exterieur\\\/\",\"url\":\"https:\\\/\\\/www.amstelprinting.nl\\\/fr\\\/boutique\\\/interieur-2\\\/exterieur\\\/tapis-de-sol-exterieur\\\/\",\"name\":\"Tapis de sol ext\u00e9rieur | Amstel Printing\",\"isPartOf\":{\"@id\":\"https:\\\/\\\/www.amstelprinting.nl\\\/fr\\\/#website\"},\"primaryImageOfPage\":{\"@id\":\"https:\\\/\\\/www.amstelprinting.nl\\\/fr\\\/boutique\\\/interieur-2\\\/exterieur\\\/tapis-de-sol-exterieur\\\/#primaryimage\"},\"image\":{\"@id\":\"https:\\\/\\\/www.amstelprinting.nl\\\/fr\\\/boutique\\\/interieur-2\\\/exterieur\\\/tapis-de-sol-exterieur\\\/#primaryimage\"},\"thumbnailUrl\":\"https:\\\/\\\/www.amstelprinting.nl\\\/wp-content\\\/uploads\\\/Outdoor-vloermat-1.jpg\",\"datePublished\":\"2025-01-23T19:48:47+00:00\",\"dateModified\":\"2026-02-18T11:51:49+00:00\",\"breadcrumb\":{\"@id\":\"https:\\\/\\\/www.amstelprinting.nl\\\/fr\\\/boutique\\\/interieur-2\\\/exterieur\\\/tapis-de-sol-exterieur\\\/#breadcrumb\"},\"inLanguage\":\"fr-FR\",\"potentialAction\":[{\"@type\":\"ReadAction\",\"target\":[\"https:\\\/\\\/www.amstelprinting.nl\\\/fr\\\/boutique\\\/interieur-2\\\/exterieur\\\/tapis-de-sol-exterieur\\\/\"]}]},{\"@type\":\"ImageObject\",\"inLanguage\":\"fr-FR\",\"@id\":\"https:\\\/\\\/www.amstelprinting.nl\\\/fr\\\/boutique\\\/interieur-2\\\/exterieur\\\/tapis-de-sol-exterieur\\\/#primaryimage\",\"url\":\"https:\\\/\\\/www.amstelprinting.nl\\\/wp-content\\\/uploads\\\/Outdoor-vloermat-1.jpg\",\"contentUrl\":\"https:\\\/\\\/www.amstelprinting.nl\\\/wp-content\\\/uploads\\\/Outdoor-vloermat-1.jpg\",\"width\":700,\"height\":700},{\"@type\":\"BreadcrumbList\",\"@id\":\"https:\\\/\\\/www.amstelprinting.nl\\\/fr\\\/boutique\\\/interieur-2\\\/exterieur\\\/tapis-de-sol-exterieur\\\/#breadcrumb\",\"itemListElement\":[{\"@type\":\"ListItem\",\"position\":1,\"name\":\"\",\"item\":\"https:\\\/\\\/www.amstelprinting.nl\\\/fr\\\/\"},{\"@type\":\"ListItem\",\"position\":2,\"name\":\"Amstel Printing\",\"item\":\"https:\\\/\\\/www.amstelprinting.nl\\\/fr\\\/boutique\\\/\"},{\"@type\":\"ListItem\",\"position\":3,\"name\":\"Int\u00e9rieur\",\"item\":\"https:\\\/\\\/www.amstelprinting.nl\\\/fr\\\/categorie\\\/interieur-2\\\/\"},{\"@type\":\"ListItem\",\"position\":4,\"name\":\"Ext\u00e9rieur\",\"item\":\"https:\\\/\\\/www.amstelprinting.nl\\\/fr\\\/categorie\\\/interieur-2\\\/exterieur\\\/\"},{\"@type\":\"ListItem\",\"position\":5,\"name\":\"Tapis de sol ext\u00e9rieur\"}]},{\"@type\":\"WebSite\",\"@id\":\"https:\\\/\\\/www.amstelprinting.nl\\\/fr\\\/#website\",\"url\":\"https:\\\/\\\/www.amstelprinting.nl\\\/fr\\\/\",\"name\":\"Amstel Printing\",\"description\":\"Creating Exposure\",\"publisher\":{\"@id\":\"https:\\\/\\\/www.amstelprinting.nl\\\/fr\\\/#organization\"},\"potentialAction\":[{\"@type\":\"SearchAction\",\"target\":{\"@type\":\"EntryPoint\",\"urlTemplate\":\"https:\\\/\\\/www.amstelprinting.nl\\\/fr\\\/?s={search_term_string}\"},\"query-input\":{\"@type\":\"PropertyValueSpecification\",\"valueRequired\":true,\"valueName\":\"search_term_string\"}}],\"inLanguage\":\"fr-FR\"},{\"@type\":\"Organization\",\"@id\":\"https:\\\/\\\/www.amstelprinting.nl\\\/fr\\\/#organization\",\"name\":\"Amstel Printing\",\"url\":\"https:\\\/\\\/www.amstelprinting.nl\\\/fr\\\/\",\"logo\":{\"@type\":\"ImageObject\",\"inLanguage\":\"fr-FR\",\"@id\":\"https:\\\/\\\/www.amstelprinting.nl\\\/fr\\\/#\\\/schema\\\/logo\\\/image\\\/\",\"url\":\"https:\\\/\\\/www.amstelprinting.nl\\\/wp-content\\\/uploads\\\/amstel_printing_logo_clean.png\",\"contentUrl\":\"https:\\\/\\\/www.amstelprinting.nl\\\/wp-content\\\/uploads\\\/amstel_printing_logo_clean.png\",\"width\":324,\"height\":73,\"caption\":\"Amstel Printing\"},\"image\":{\"@id\":\"https:\\\/\\\/www.amstelprinting.nl\\\/fr\\\/#\\\/schema\\\/logo\\\/image\\\/\"}}]}<\/script>\n<!-- \/ Yoast SEO plugin. -->","yoast_head_json":{"title":"Tapis de sol ext\u00e9rieur | Amstel Printing","robots":{"index":"index","follow":"follow","max-snippet":"max-snippet:-1","max-image-preview":"max-image-preview:large","max-video-preview":"max-video-preview:-1"},"canonical":"https:\/\/www.amstelprinting.nl\/fr\/boutique\/interieur-2\/exterieur\/tapis-de-sol-exterieur\/","og_locale":"fr_FR","og_type":"article","og_title":"Tapis de sol ext\u00e9rieur | Amstel Printing","og_description":"Tapis de sol ext\u00e9rieurs : Durables, \u00e9l\u00e9gants et sur mesure Nos tapis de sol ext\u00e9rieurs constituent un ajout pr\u00e9cieux (promotionnel et hautement fonctionnel) \u00e0 tout espace ext\u00e9rieur. Nos tapis d'ext\u00e9rieur sont fabriqu\u00e9s dans un mat\u00e9riau de haute qualit\u00e9 r\u00e9sistant \u00e0 l'usure. Cela garantit une longue dur\u00e9e de vie, m\u00eame en cas d'utilisation intensive. Gr\u00e2ce \u00e0 leur haute valeur antid\u00e9rapante, ils restent bien en place, quelles que soient les conditions m\u00e9t\u00e9orologiques. Commandez le tapis de sol ext\u00e9rieur avec votre propre impression dans le format ou la forme de votre choix.","og_url":"https:\/\/www.amstelprinting.nl\/fr\/boutique\/interieur-2\/exterieur\/tapis-de-sol-exterieur\/","og_site_name":"Amstel Printing","article_modified_time":"2026-02-18T11:51:49+00:00","og_image":[{"width":700,"height":700,"url":"https:\/\/www.amstelprinting.nl\/wp-content\/uploads\/Outdoor-vloermat-1.jpg","type":"image\/jpeg"}],"twitter_card":"summary_large_image","twitter_misc":{"Dur\u00e9e de lecture estim\u00e9e":"1 minute"},"schema":{"@context":"https:\/\/schema.org","@graph":[{"@type":"WebPage","@id":"https:\/\/www.amstelprinting.nl\/fr\/boutique\/interieur-2\/exterieur\/tapis-de-sol-exterieur\/","url":"https:\/\/www.amstelprinting.nl\/fr\/boutique\/interieur-2\/exterieur\/tapis-de-sol-exterieur\/","name":"Tapis de sol ext\u00e9rieur | Amstel Printing","isPartOf":{"@id":"https:\/\/www.amstelprinting.nl\/fr\/#website"},"primaryImageOfPage":{"@id":"https:\/\/www.amstelprinting.nl\/fr\/boutique\/interieur-2\/exterieur\/tapis-de-sol-exterieur\/#primaryimage"},"image":{"@id":"https:\/\/www.amstelprinting.nl\/fr\/boutique\/interieur-2\/exterieur\/tapis-de-sol-exterieur\/#primaryimage"},"thumbnailUrl":"https:\/\/www.amstelprinting.nl\/wp-content\/uploads\/Outdoor-vloermat-1.jpg","datePublished":"2025-01-23T19:48:47+00:00","dateModified":"2026-02-18T11:51:49+00:00","breadcrumb":{"@id":"https:\/\/www.amstelprinting.nl\/fr\/boutique\/interieur-2\/exterieur\/tapis-de-sol-exterieur\/#breadcrumb"},"inLanguage":"fr-FR","potentialAction":[{"@type":"ReadAction","target":["https:\/\/www.amstelprinting.nl\/fr\/boutique\/interieur-2\/exterieur\/tapis-de-sol-exterieur\/"]}]},{"@type":"ImageObject","inLanguage":"fr-FR","@id":"https:\/\/www.amstelprinting.nl\/fr\/boutique\/interieur-2\/exterieur\/tapis-de-sol-exterieur\/#primaryimage","url":"https:\/\/www.amstelprinting.nl\/wp-content\/uploads\/Outdoor-vloermat-1.jpg","contentUrl":"https:\/\/www.amstelprinting.nl\/wp-content\/uploads\/Outdoor-vloermat-1.jpg","width":700,"height":700},{"@type":"BreadcrumbList","@id":"https:\/\/www.amstelprinting.nl\/fr\/boutique\/interieur-2\/exterieur\/tapis-de-sol-exterieur\/#breadcrumb","itemListElement":[{"@type":"ListItem","position":1,"name":"","item":"https:\/\/www.amstelprinting.nl\/fr\/"},{"@type":"ListItem","position":2,"name":"Amstel Printing","item":"https:\/\/www.amstelprinting.nl\/fr\/boutique\/"},{"@type":"ListItem","position":3,"name":"Int\u00e9rieur","item":"https:\/\/www.amstelprinting.nl\/fr\/categorie\/interieur-2\/"},{"@type":"ListItem","position":4,"name":"Ext\u00e9rieur","item":"https:\/\/www.amstelprinting.nl\/fr\/categorie\/interieur-2\/exterieur\/"},{"@type":"ListItem","position":5,"name":"Tapis de sol ext\u00e9rieur"}]},{"@type":"WebSite","@id":"https:\/\/www.amstelprinting.nl\/fr\/#website","url":"https:\/\/www.amstelprinting.nl\/fr\/","name":"Amstel Printing","description":"Creating Exposure","publisher":{"@id":"https:\/\/www.amstelprinting.nl\/fr\/#organization"},"potentialAction":[{"@type":"SearchAction","target":{"@type":"EntryPoint","urlTemplate":"https:\/\/www.amstelprinting.nl\/fr\/?s={search_term_string}"},"query-input":{"@type":"PropertyValueSpecification","valueRequired":true,"valueName":"search_term_string"}}],"inLanguage":"fr-FR"},{"@type":"Organization","@id":"https:\/\/www.amstelprinting.nl\/fr\/#organization","name":"Amstel Printing","url":"https:\/\/www.amstelprinting.nl\/fr\/","logo":{"@type":"ImageObject","inLanguage":"fr-FR","@id":"https:\/\/www.amstelprinting.nl\/fr\/#\/schema\/logo\/image\/","url":"https:\/\/www.amstelprinting.nl\/wp-content\/uploads\/amstel_printing_logo_clean.png","contentUrl":"https:\/\/www.amstelprinting.nl\/wp-content\/uploads\/amstel_printing_logo_clean.png","width":324,"height":73,"caption":"Amstel Printing"},"image":{"@id":"https:\/\/www.amstelprinting.nl\/fr\/#\/schema\/logo\/image\/"}}]}},"_links":{"self":[{"href":"https:\/\/www.amstelprinting.nl\/fr\/wp-json\/wp\/v2\/product\/15452","targetHints":{"allow":["GET"]}}],"collection":[{"href":"https:\/\/www.amstelprinting.nl\/fr\/wp-json\/wp\/v2\/product"}],"about":[{"href":"https:\/\/www.amstelprinting.nl\/fr\/wp-json\/wp\/v2\/types\/product"}],"wp:featuredmedia":[{"embeddable":true,"href":"https:\/\/www.amstelprinting.nl\/fr\/wp-json\/wp\/v2\/media\/15453"}],"wp:attachment":[{"href":"https:\/\/www.amstelprinting.nl\/fr\/wp-json\/wp\/v2\/media?parent=15452"}],"wp:term":[{"taxonomy":"product_brand","embeddable":true,"href":"https:\/\/www.amstelprinting.nl\/fr\/wp-json\/wp\/v2\/product_brand?post=15452"},{"taxonomy":"product_cat","embeddable":true,"href":"https:\/\/www.amstelprinting.nl\/fr\/wp-json\/wp\/v2\/product_cat?post=15452"},{"taxonomy":"product_tag","embeddable":true,"href":"https:\/\/www.amstelprinting.nl\/fr\/wp-json\/wp\/v2\/product_tag?post=15452"}],"curies":[{"name":"wp","href":"https:\/\/api.w.org\/{rel}","templated":true}]}}