{"id":15462,"date":"2025-01-23T20:48:34","date_gmt":"2025-01-23T19:48:34","guid":{"rendered":"https:\/\/www.amstelprinting.nl\/winkel\/non%20class\u00e9\/vloerzeil\/"},"modified":"2026-02-18T12:51:50","modified_gmt":"2026-02-18T11:51:50","slug":"tapis-de-sol-en-vinyle","status":"publish","type":"product","link":"https:\/\/www.amstelprinting.nl\/fr\/boutique\/interieur-2\/decoration-de-sol\/tapis-de-sol-en-vinyle\/","title":{"rendered":"Tapis de sol en vinyle"},"content":{"rendered":"<h3>Impression de tapis de sol<\/h3>\n<p>Donnez vie \u00e0 vos espaces int\u00e9rieurs avec notre tapis de sol imprim\u00e9 polyvalent. Parfait pour les \u00e9v\u00e9nements, les magasins et les bureaux, ce tapis de sol imprim\u00e9 offre une combinaison de s\u00e9curit\u00e9, de confort et de style. Avec une largeur maximale de 199 cm et la possibilit\u00e9 de d\u00e9coupe sur mesure, il s&rsquo;adapte sans effort \u00e0 tous les environnements. Enti\u00e8rement dot\u00e9 d&rsquo;une impression selon vos souhaits.<\/p>\n<h3>Avantages<\/h3>\n<ul>\n<li>Face et dos pourvus de mat\u00e9riau antid\u00e9rapant<\/li>\n<li>Choisissez votre propre design ou un motif existant<\/li>\n<li>Facile \u00e0 r\u00e9utiliser et \u00e0 d\u00e9placer<\/li>\n<li>Ignifuge, donc adapt\u00e9 aux espaces publics<\/li>\n<li>Prot\u00e8ge le sous-plancher<\/li>\n<li>Propri\u00e9t\u00e9s hydrofuges (nettoyage facile)<\/li>\n<li>Gr\u00e2ce \u00e0 la structure plane, les d\u00e9tails de l&rsquo;impression sont bien visibles<\/li>\n<\/ul>\n<p>&nbsp;<\/p>\n<h3>Mat\u00e9riau<\/h3>\n<p>Nos tapis de sol sont \u00e9quip\u00e9s d&rsquo;une face avant antid\u00e9rapante structur\u00e9e, qui assure une adh\u00e9rence optimale. Le dos en mousse antid\u00e9rapante offre \u00e9galement une stabilit\u00e9 suppl\u00e9mentaire, ce qui permet de marcher dessus en toute s\u00e9curit\u00e9.<\/p>\n<h3>Finition<\/h3>\n<p>Vous pouvez faire imprimer le tapis de sol dans n&rsquo;importe quel format souhait\u00e9. Pour les longueurs \u00e0 partir de 700 cm (format maximum : 1,99 x 7 m\u00e8tres), l&rsquo;impression est \u00e9l\u00e9gamment divis\u00e9e pour s&rsquo;adapter parfaitement \u00e0 votre espace. Optez pour votre propre design ou s\u00e9lectionnez un motif existant qui correspond \u00e0 vos besoins. Le tapis de sol imprim\u00e9 peut \u00eatre facilement d\u00e9coup\u00e9 \u00e0 n&rsquo;importe quel format, mais aussi aux contours de votre design (option : d\u00e9coupe \u00e0 la forme).<\/p>\n<h3>Accessoires<\/h3>\n<p>Pour une fixation rapide et solide, du ruban adh\u00e9sif double-face est disponible, vous permettant d&rsquo;installer le tapis de sol sans effort.<\/p>\n<h3>Utilisation et qualit\u00e9<\/h3>\n<p>Le tapis de sol imprim\u00e9 poss\u00e8de une impression r\u00e9sistante \u00e0 l&rsquo;usure. Bien que la durabilit\u00e9 d\u00e9pende de l&rsquo;intensit\u00e9 du trafic quotidien sur la surface. C&rsquo;est pourquoi nous recommandons son utilisation pour des applications temporaires, comme dans les stands et les salles d&rsquo;exposition. Le tapis de sol est id\u00e9al pour transmettre une promotion de mani\u00e8re frappante.<\/p>\n<h3>Questions fr\u00e9quemment pos\u00e9es sur l&rsquo;impression de tapis de sol<\/h3>\n<p><strong>\u00c0 quelle vitesse ce produit s&rsquo;use-t-il ?<\/strong><br \/>\nCe produit est con\u00e7u pour un usage promotionnel et l&rsquo;usure d\u00e9pend fortement de l&rsquo;intensit\u00e9 de l&rsquo;utilisation. Il est difficile de pr\u00e9voir exactement combien de temps le produit durera.<\/p>\n","protected":false},"excerpt":{"rendered":"<h3>Tapis de sol en vinyle r\u00e9sistant \u00e0 l&rsquo;usure avec couche sup\u00e9rieure antid\u00e9rapante<\/h3>\n<p>Vinyle stable (tapis) dot\u00e9 d&rsquo;une couche antid\u00e9rapante et d&rsquo;une impression int\u00e9grale au choix. Ce tapis de sol est hydrofuge et prot\u00e8ge le sous-plancher. Disponible dans n&rsquo;importe quel format. Configurez votre tapis de sol imprim\u00e9 en quelques \u00e9tapes ci-dessous.<\/p>\n","protected":false},"featured_media":15463,"template":"","meta":{"_et_pb_use_builder":"","_et_pb_old_content":"","_et_gb_content_width":""},"product_brand":[],"product_cat":[424,567,542,417,428],"product_tag":[],"class_list":{"0":"post-15462","1":"product","2":"type-product","3":"status-publish","4":"has-post-thumbnail","6":"product_cat-decoration","7":"product_cat-decoration-de-sol","8":"product_cat-interieur-2","9":"product_cat-parquets-des-marches","10":"product_cat-salon-et-evenement","12":"first","13":"instock","14":"taxable","15":"shipping-taxable","16":"purchasable","17":"product-type-simple"},"yoast_head":"<!-- This site is optimized with the Yoast SEO plugin v27.3 - https:\/\/yoast.com\/product\/yoast-seo-wordpress\/ -->\n<title>Tapis de sol en vinyle | Amstel Printing<\/title>\n<meta name=\"robots\" content=\"index, follow, max-snippet:-1, max-image-preview:large, max-video-preview:-1\" \/>\n<link rel=\"canonical\" href=\"https:\/\/www.amstelprinting.nl\/fr\/boutique\/interieur-2\/decoration-de-sol\/tapis-de-sol-en-vinyle\/\" \/>\n<meta property=\"og:locale\" content=\"fr_FR\" \/>\n<meta property=\"og:type\" content=\"article\" \/>\n<meta property=\"og:title\" content=\"Tapis de sol en vinyle | Amstel Printing\" \/>\n<meta property=\"og:description\" content=\"Tapis de sol en vinyle r\u00e9sistant \u00e0 l&#039;usure avec couche sup\u00e9rieure antid\u00e9rapante Vinyle stable (tapis) dot\u00e9 d&#039;une couche antid\u00e9rapante et d&#039;une impression int\u00e9grale au choix. Ce tapis de sol est hydrofuge et prot\u00e8ge le sous-plancher. Disponible dans n&#039;importe quel format. Configurez votre tapis de sol imprim\u00e9 en quelques \u00e9tapes ci-dessous.\" \/>\n<meta property=\"og:url\" content=\"https:\/\/www.amstelprinting.nl\/fr\/boutique\/interieur-2\/decoration-de-sol\/tapis-de-sol-en-vinyle\/\" \/>\n<meta property=\"og:site_name\" content=\"Amstel Printing\" \/>\n<meta property=\"article:modified_time\" content=\"2026-02-18T11:51:50+00:00\" \/>\n<meta property=\"og:image\" content=\"https:\/\/www.amstelprinting.nl\/wp-content\/uploads\/vloervinyl-bedrukken.png\" \/>\n\t<meta property=\"og:image:width\" content=\"900\" \/>\n\t<meta property=\"og:image:height\" content=\"900\" \/>\n\t<meta property=\"og:image:type\" content=\"image\/png\" \/>\n<meta name=\"twitter:card\" content=\"summary_large_image\" \/>\n<meta name=\"twitter:label1\" content=\"Dur\u00e9e de lecture estim\u00e9e\" \/>\n\t<meta name=\"twitter:data1\" content=\"2 minutes\" \/>\n<script type=\"application\/ld+json\" class=\"yoast-schema-graph\">{\"@context\":\"https:\\\/\\\/schema.org\",\"@graph\":[{\"@type\":\"WebPage\",\"@id\":\"https:\\\/\\\/www.amstelprinting.nl\\\/fr\\\/boutique\\\/interieur-2\\\/decoration-de-sol\\\/tapis-de-sol-en-vinyle\\\/\",\"url\":\"https:\\\/\\\/www.amstelprinting.nl\\\/fr\\\/boutique\\\/interieur-2\\\/decoration-de-sol\\\/tapis-de-sol-en-vinyle\\\/\",\"name\":\"Tapis de sol en vinyle | Amstel Printing\",\"isPartOf\":{\"@id\":\"https:\\\/\\\/www.amstelprinting.nl\\\/fr\\\/#website\"},\"primaryImageOfPage\":{\"@id\":\"https:\\\/\\\/www.amstelprinting.nl\\\/fr\\\/boutique\\\/interieur-2\\\/decoration-de-sol\\\/tapis-de-sol-en-vinyle\\\/#primaryimage\"},\"image\":{\"@id\":\"https:\\\/\\\/www.amstelprinting.nl\\\/fr\\\/boutique\\\/interieur-2\\\/decoration-de-sol\\\/tapis-de-sol-en-vinyle\\\/#primaryimage\"},\"thumbnailUrl\":\"https:\\\/\\\/www.amstelprinting.nl\\\/wp-content\\\/uploads\\\/vloervinyl-bedrukken.png\",\"datePublished\":\"2025-01-23T19:48:34+00:00\",\"dateModified\":\"2026-02-18T11:51:50+00:00\",\"breadcrumb\":{\"@id\":\"https:\\\/\\\/www.amstelprinting.nl\\\/fr\\\/boutique\\\/interieur-2\\\/decoration-de-sol\\\/tapis-de-sol-en-vinyle\\\/#breadcrumb\"},\"inLanguage\":\"fr-FR\",\"potentialAction\":[{\"@type\":\"ReadAction\",\"target\":[\"https:\\\/\\\/www.amstelprinting.nl\\\/fr\\\/boutique\\\/interieur-2\\\/decoration-de-sol\\\/tapis-de-sol-en-vinyle\\\/\"]}]},{\"@type\":\"ImageObject\",\"inLanguage\":\"fr-FR\",\"@id\":\"https:\\\/\\\/www.amstelprinting.nl\\\/fr\\\/boutique\\\/interieur-2\\\/decoration-de-sol\\\/tapis-de-sol-en-vinyle\\\/#primaryimage\",\"url\":\"https:\\\/\\\/www.amstelprinting.nl\\\/wp-content\\\/uploads\\\/vloervinyl-bedrukken.png\",\"contentUrl\":\"https:\\\/\\\/www.amstelprinting.nl\\\/wp-content\\\/uploads\\\/vloervinyl-bedrukken.png\",\"width\":900,\"height\":900},{\"@type\":\"BreadcrumbList\",\"@id\":\"https:\\\/\\\/www.amstelprinting.nl\\\/fr\\\/boutique\\\/interieur-2\\\/decoration-de-sol\\\/tapis-de-sol-en-vinyle\\\/#breadcrumb\",\"itemListElement\":[{\"@type\":\"ListItem\",\"position\":1,\"name\":\"\",\"item\":\"https:\\\/\\\/www.amstelprinting.nl\\\/fr\\\/\"},{\"@type\":\"ListItem\",\"position\":2,\"name\":\"Amstel Printing\",\"item\":\"https:\\\/\\\/www.amstelprinting.nl\\\/fr\\\/boutique\\\/\"},{\"@type\":\"ListItem\",\"position\":3,\"name\":\"Salon et \u00e9v\u00e9nement\",\"item\":\"https:\\\/\\\/www.amstelprinting.nl\\\/fr\\\/categorie\\\/salon-et-evenement\\\/\"},{\"@type\":\"ListItem\",\"position\":4,\"name\":\"D\u00e9coration\",\"item\":\"https:\\\/\\\/www.amstelprinting.nl\\\/fr\\\/categorie\\\/salon-et-evenement\\\/decoration\\\/\"},{\"@type\":\"ListItem\",\"position\":5,\"name\":\"Tapis de sol en vinyle\"}]},{\"@type\":\"WebSite\",\"@id\":\"https:\\\/\\\/www.amstelprinting.nl\\\/fr\\\/#website\",\"url\":\"https:\\\/\\\/www.amstelprinting.nl\\\/fr\\\/\",\"name\":\"Amstel Printing\",\"description\":\"Creating Exposure\",\"publisher\":{\"@id\":\"https:\\\/\\\/www.amstelprinting.nl\\\/fr\\\/#organization\"},\"potentialAction\":[{\"@type\":\"SearchAction\",\"target\":{\"@type\":\"EntryPoint\",\"urlTemplate\":\"https:\\\/\\\/www.amstelprinting.nl\\\/fr\\\/?s={search_term_string}\"},\"query-input\":{\"@type\":\"PropertyValueSpecification\",\"valueRequired\":true,\"valueName\":\"search_term_string\"}}],\"inLanguage\":\"fr-FR\"},{\"@type\":\"Organization\",\"@id\":\"https:\\\/\\\/www.amstelprinting.nl\\\/fr\\\/#organization\",\"name\":\"Amstel Printing\",\"url\":\"https:\\\/\\\/www.amstelprinting.nl\\\/fr\\\/\",\"logo\":{\"@type\":\"ImageObject\",\"inLanguage\":\"fr-FR\",\"@id\":\"https:\\\/\\\/www.amstelprinting.nl\\\/fr\\\/#\\\/schema\\\/logo\\\/image\\\/\",\"url\":\"https:\\\/\\\/www.amstelprinting.nl\\\/wp-content\\\/uploads\\\/amstel_printing_logo_clean.png\",\"contentUrl\":\"https:\\\/\\\/www.amstelprinting.nl\\\/wp-content\\\/uploads\\\/amstel_printing_logo_clean.png\",\"width\":324,\"height\":73,\"caption\":\"Amstel Printing\"},\"image\":{\"@id\":\"https:\\\/\\\/www.amstelprinting.nl\\\/fr\\\/#\\\/schema\\\/logo\\\/image\\\/\"}}]}<\/script>\n<!-- \/ Yoast SEO plugin. -->","yoast_head_json":{"title":"Tapis de sol en vinyle | Amstel Printing","robots":{"index":"index","follow":"follow","max-snippet":"max-snippet:-1","max-image-preview":"max-image-preview:large","max-video-preview":"max-video-preview:-1"},"canonical":"https:\/\/www.amstelprinting.nl\/fr\/boutique\/interieur-2\/decoration-de-sol\/tapis-de-sol-en-vinyle\/","og_locale":"fr_FR","og_type":"article","og_title":"Tapis de sol en vinyle | Amstel Printing","og_description":"Tapis de sol en vinyle r\u00e9sistant \u00e0 l'usure avec couche sup\u00e9rieure antid\u00e9rapante Vinyle stable (tapis) dot\u00e9 d'une couche antid\u00e9rapante et d'une impression int\u00e9grale au choix. Ce tapis de sol est hydrofuge et prot\u00e8ge le sous-plancher. Disponible dans n'importe quel format. Configurez votre tapis de sol imprim\u00e9 en quelques \u00e9tapes ci-dessous.","og_url":"https:\/\/www.amstelprinting.nl\/fr\/boutique\/interieur-2\/decoration-de-sol\/tapis-de-sol-en-vinyle\/","og_site_name":"Amstel Printing","article_modified_time":"2026-02-18T11:51:50+00:00","og_image":[{"width":900,"height":900,"url":"https:\/\/www.amstelprinting.nl\/wp-content\/uploads\/vloervinyl-bedrukken.png","type":"image\/png"}],"twitter_card":"summary_large_image","twitter_misc":{"Dur\u00e9e de lecture estim\u00e9e":"2 minutes"},"schema":{"@context":"https:\/\/schema.org","@graph":[{"@type":"WebPage","@id":"https:\/\/www.amstelprinting.nl\/fr\/boutique\/interieur-2\/decoration-de-sol\/tapis-de-sol-en-vinyle\/","url":"https:\/\/www.amstelprinting.nl\/fr\/boutique\/interieur-2\/decoration-de-sol\/tapis-de-sol-en-vinyle\/","name":"Tapis de sol en vinyle | Amstel Printing","isPartOf":{"@id":"https:\/\/www.amstelprinting.nl\/fr\/#website"},"primaryImageOfPage":{"@id":"https:\/\/www.amstelprinting.nl\/fr\/boutique\/interieur-2\/decoration-de-sol\/tapis-de-sol-en-vinyle\/#primaryimage"},"image":{"@id":"https:\/\/www.amstelprinting.nl\/fr\/boutique\/interieur-2\/decoration-de-sol\/tapis-de-sol-en-vinyle\/#primaryimage"},"thumbnailUrl":"https:\/\/www.amstelprinting.nl\/wp-content\/uploads\/vloervinyl-bedrukken.png","datePublished":"2025-01-23T19:48:34+00:00","dateModified":"2026-02-18T11:51:50+00:00","breadcrumb":{"@id":"https:\/\/www.amstelprinting.nl\/fr\/boutique\/interieur-2\/decoration-de-sol\/tapis-de-sol-en-vinyle\/#breadcrumb"},"inLanguage":"fr-FR","potentialAction":[{"@type":"ReadAction","target":["https:\/\/www.amstelprinting.nl\/fr\/boutique\/interieur-2\/decoration-de-sol\/tapis-de-sol-en-vinyle\/"]}]},{"@type":"ImageObject","inLanguage":"fr-FR","@id":"https:\/\/www.amstelprinting.nl\/fr\/boutique\/interieur-2\/decoration-de-sol\/tapis-de-sol-en-vinyle\/#primaryimage","url":"https:\/\/www.amstelprinting.nl\/wp-content\/uploads\/vloervinyl-bedrukken.png","contentUrl":"https:\/\/www.amstelprinting.nl\/wp-content\/uploads\/vloervinyl-bedrukken.png","width":900,"height":900},{"@type":"BreadcrumbList","@id":"https:\/\/www.amstelprinting.nl\/fr\/boutique\/interieur-2\/decoration-de-sol\/tapis-de-sol-en-vinyle\/#breadcrumb","itemListElement":[{"@type":"ListItem","position":1,"name":"","item":"https:\/\/www.amstelprinting.nl\/fr\/"},{"@type":"ListItem","position":2,"name":"Amstel Printing","item":"https:\/\/www.amstelprinting.nl\/fr\/boutique\/"},{"@type":"ListItem","position":3,"name":"Salon et \u00e9v\u00e9nement","item":"https:\/\/www.amstelprinting.nl\/fr\/categorie\/salon-et-evenement\/"},{"@type":"ListItem","position":4,"name":"D\u00e9coration","item":"https:\/\/www.amstelprinting.nl\/fr\/categorie\/salon-et-evenement\/decoration\/"},{"@type":"ListItem","position":5,"name":"Tapis de sol en vinyle"}]},{"@type":"WebSite","@id":"https:\/\/www.amstelprinting.nl\/fr\/#website","url":"https:\/\/www.amstelprinting.nl\/fr\/","name":"Amstel Printing","description":"Creating Exposure","publisher":{"@id":"https:\/\/www.amstelprinting.nl\/fr\/#organization"},"potentialAction":[{"@type":"SearchAction","target":{"@type":"EntryPoint","urlTemplate":"https:\/\/www.amstelprinting.nl\/fr\/?s={search_term_string}"},"query-input":{"@type":"PropertyValueSpecification","valueRequired":true,"valueName":"search_term_string"}}],"inLanguage":"fr-FR"},{"@type":"Organization","@id":"https:\/\/www.amstelprinting.nl\/fr\/#organization","name":"Amstel Printing","url":"https:\/\/www.amstelprinting.nl\/fr\/","logo":{"@type":"ImageObject","inLanguage":"fr-FR","@id":"https:\/\/www.amstelprinting.nl\/fr\/#\/schema\/logo\/image\/","url":"https:\/\/www.amstelprinting.nl\/wp-content\/uploads\/amstel_printing_logo_clean.png","contentUrl":"https:\/\/www.amstelprinting.nl\/wp-content\/uploads\/amstel_printing_logo_clean.png","width":324,"height":73,"caption":"Amstel Printing"},"image":{"@id":"https:\/\/www.amstelprinting.nl\/fr\/#\/schema\/logo\/image\/"}}]}},"_links":{"self":[{"href":"https:\/\/www.amstelprinting.nl\/fr\/wp-json\/wp\/v2\/product\/15462","targetHints":{"allow":["GET"]}}],"collection":[{"href":"https:\/\/www.amstelprinting.nl\/fr\/wp-json\/wp\/v2\/product"}],"about":[{"href":"https:\/\/www.amstelprinting.nl\/fr\/wp-json\/wp\/v2\/types\/product"}],"wp:featuredmedia":[{"embeddable":true,"href":"https:\/\/www.amstelprinting.nl\/fr\/wp-json\/wp\/v2\/media\/15463"}],"wp:attachment":[{"href":"https:\/\/www.amstelprinting.nl\/fr\/wp-json\/wp\/v2\/media?parent=15462"}],"wp:term":[{"taxonomy":"product_brand","embeddable":true,"href":"https:\/\/www.amstelprinting.nl\/fr\/wp-json\/wp\/v2\/product_brand?post=15462"},{"taxonomy":"product_cat","embeddable":true,"href":"https:\/\/www.amstelprinting.nl\/fr\/wp-json\/wp\/v2\/product_cat?post=15462"},{"taxonomy":"product_tag","embeddable":true,"href":"https:\/\/www.amstelprinting.nl\/fr\/wp-json\/wp\/v2\/product_tag?post=15462"}],"curies":[{"name":"wp","href":"https:\/\/api.w.org\/{rel}","templated":true}]}}