{"id":15482,"date":"2025-01-23T20:47:59","date_gmt":"2025-01-23T19:47:59","guid":{"rendered":"https:\/\/www.amstelprinting.nl\/winkel\/non%20class\u00e9\/magneet\/"},"modified":"2026-02-18T12:51:51","modified_gmt":"2026-02-18T11:51:51","slug":"aimant","status":"publish","type":"product","link":"https:\/\/www.amstelprinting.nl\/fr\/boutique\/interieur-2\/tableau-blanc\/aimant\/","title":{"rendered":"Aimant"},"content":{"rendered":"<h3>Impression d&rsquo;aimants pour tableaux blancs<\/h3>\n<p>Personnalisez votre aimant selon vos envies et profitez d&rsquo;un environnement de travail organis\u00e9 et efficace, \u00e0 la maison ou au bureau. Restez organis\u00e9, restez cr\u00e9atif, avec nos aimants de haute qualit\u00e9.<\/p>\n<h3>Avantages<\/h3>\n<ul>\n<li>Choisissez un aimant inscriptible ou un aimant extra fort<\/li>\n<li>Personnalisez avec votre propre design<\/li>\n<li>Choisissez une dimension ou une forme selon vos souhaits<\/li>\n<\/ul>\n<p>&nbsp;<\/p>\n<h3>Mat\u00e9riaux<\/h3>\n<p>Vous avez le choix entre un aimant inscriptible ou un aimant puissant. Notre aimant inscriptible est plus mince et offre ainsi plus de flexibilit\u00e9 de format. Cet aimant combine la force d&rsquo;un aimant avec la commodit\u00e9 d&rsquo;une surface inscriptible, ce qui le rend parfait pour la planification, les projets cr\u00e9atifs et les fins \u00e9ducatives. Notre aimant extra fort est fabriqu\u00e9 \u00e0 partir d&rsquo;une feuille magn\u00e9tique de 0,85 mm d&rsquo;\u00e9paisseur et offre une prise puissante id\u00e9ale pour maintenir des documents au format A4 standard. Robuste et fiable, cet aimant est parfait pour les situations o\u00f9 la solidit\u00e9 est requise. Bien qu&rsquo;un petit format de moins de 5 x 5 cm ne soit pas possible en raison de l&rsquo;\u00e9paisseur, cet aimant est id\u00e9al pour une utilisation sur des tableaux blancs et des surfaces m\u00e9talliques o\u00f9 la force est essentielle.<\/p>\n<h3>Accessoires<\/h3>\n<p>Ajoutez notre kit de d\u00e9marrage pour tableau blanc \u00e0 votre commande et vous aurez imm\u00e9diatement tous les accessoires essentiels \u00e0 port\u00e9e de main.<\/p>\n","protected":false},"excerpt":{"rendered":"<h3>Dot\u00e9 de votre propre impression. Pour le tableau blanc ou le tableau m\u00e9mo.<\/h3>\n<p>Impression d&rsquo;aimants pour le tableau blanc ou le tableau m\u00e9mo ? Que vous recherchiez un aimant puissant capable de porter sans effort une feuille de papier A4, ou un aimant inscriptible offrant une flexibilit\u00e9 dans les petits formats, nous avons la solution parfaite pour vos besoins.<\/p>\n","protected":false},"featured_media":15483,"template":"","meta":{"_et_pb_use_builder":"","_et_pb_old_content":"","_et_gb_content_width":""},"product_brand":[],"product_cat":[542,618],"product_tag":[],"class_list":{"0":"post-15482","1":"product","2":"type-product","3":"status-publish","4":"has-post-thumbnail","6":"product_cat-interieur-2","7":"product_cat-tableau-blanc","9":"first","10":"instock","11":"taxable","12":"shipping-taxable","13":"purchasable","14":"product-type-simple"},"yoast_head":"<!-- This site is optimized with the Yoast SEO plugin v27.3 - https:\/\/yoast.com\/product\/yoast-seo-wordpress\/ -->\n<title>Commander des aimants ? - Puissants &amp; inscriptibles pour votre organisation<\/title>\n<meta name=\"description\" content=\"Commandez des aimants personnalis\u00e9s de haute qualit\u00e9. \u00c0 commander directement sur mesure pour un usage professionnel. Livraison dans toute l&#039;Europe.\" \/>\n<meta name=\"robots\" content=\"index, follow, max-snippet:-1, max-image-preview:large, max-video-preview:-1\" \/>\n<link rel=\"canonical\" href=\"https:\/\/www.amstelprinting.nl\/fr\/boutique\/interieur-2\/tableau-blanc\/aimant\/\" \/>\n<meta property=\"og:locale\" content=\"fr_FR\" \/>\n<meta property=\"og:type\" content=\"article\" \/>\n<meta property=\"og:title\" content=\"Commander des aimants ? - Puissants &amp; inscriptibles pour votre organisation\" \/>\n<meta property=\"og:description\" content=\"Commandez des aimants personnalis\u00e9s de haute qualit\u00e9. \u00c0 commander directement sur mesure pour un usage professionnel. Livraison dans toute l&#039;Europe.\" \/>\n<meta property=\"og:url\" content=\"https:\/\/www.amstelprinting.nl\/fr\/boutique\/interieur-2\/tableau-blanc\/aimant\/\" \/>\n<meta property=\"og:site_name\" content=\"Amstel Printing\" \/>\n<meta property=\"article:modified_time\" content=\"2026-02-18T11:51:51+00:00\" \/>\n<meta property=\"og:image\" content=\"https:\/\/www.amstelprinting.nl\/wp-content\/uploads\/Whiteboard-magneten.jpg\" \/>\n\t<meta property=\"og:image:width\" content=\"700\" \/>\n\t<meta property=\"og:image:height\" content=\"700\" \/>\n\t<meta property=\"og:image:type\" content=\"image\/jpeg\" \/>\n<meta name=\"twitter:card\" content=\"summary_large_image\" \/>\n<meta name=\"twitter:label1\" content=\"Dur\u00e9e de lecture estim\u00e9e\" \/>\n\t<meta name=\"twitter:data1\" content=\"1 minute\" \/>\n<script type=\"application\/ld+json\" class=\"yoast-schema-graph\">{\"@context\":\"https:\\\/\\\/schema.org\",\"@graph\":[{\"@type\":\"WebPage\",\"@id\":\"https:\\\/\\\/www.amstelprinting.nl\\\/fr\\\/boutique\\\/interieur-2\\\/tableau-blanc\\\/aimant\\\/\",\"url\":\"https:\\\/\\\/www.amstelprinting.nl\\\/fr\\\/boutique\\\/interieur-2\\\/tableau-blanc\\\/aimant\\\/\",\"name\":\"Commander des aimants ? - Puissants & inscriptibles pour votre organisation\",\"isPartOf\":{\"@id\":\"https:\\\/\\\/www.amstelprinting.nl\\\/fr\\\/#website\"},\"primaryImageOfPage\":{\"@id\":\"https:\\\/\\\/www.amstelprinting.nl\\\/fr\\\/boutique\\\/interieur-2\\\/tableau-blanc\\\/aimant\\\/#primaryimage\"},\"image\":{\"@id\":\"https:\\\/\\\/www.amstelprinting.nl\\\/fr\\\/boutique\\\/interieur-2\\\/tableau-blanc\\\/aimant\\\/#primaryimage\"},\"thumbnailUrl\":\"https:\\\/\\\/www.amstelprinting.nl\\\/wp-content\\\/uploads\\\/Whiteboard-magneten.jpg\",\"datePublished\":\"2025-01-23T19:47:59+00:00\",\"dateModified\":\"2026-02-18T11:51:51+00:00\",\"description\":\"Commandez des aimants personnalis\u00e9s de haute qualit\u00e9. \u00c0 commander directement sur mesure pour un usage professionnel. Livraison dans toute l'Europe.\",\"breadcrumb\":{\"@id\":\"https:\\\/\\\/www.amstelprinting.nl\\\/fr\\\/boutique\\\/interieur-2\\\/tableau-blanc\\\/aimant\\\/#breadcrumb\"},\"inLanguage\":\"fr-FR\",\"potentialAction\":[{\"@type\":\"ReadAction\",\"target\":[\"https:\\\/\\\/www.amstelprinting.nl\\\/fr\\\/boutique\\\/interieur-2\\\/tableau-blanc\\\/aimant\\\/\"]}]},{\"@type\":\"ImageObject\",\"inLanguage\":\"fr-FR\",\"@id\":\"https:\\\/\\\/www.amstelprinting.nl\\\/fr\\\/boutique\\\/interieur-2\\\/tableau-blanc\\\/aimant\\\/#primaryimage\",\"url\":\"https:\\\/\\\/www.amstelprinting.nl\\\/wp-content\\\/uploads\\\/Whiteboard-magneten.jpg\",\"contentUrl\":\"https:\\\/\\\/www.amstelprinting.nl\\\/wp-content\\\/uploads\\\/Whiteboard-magneten.jpg\",\"width\":700,\"height\":700},{\"@type\":\"BreadcrumbList\",\"@id\":\"https:\\\/\\\/www.amstelprinting.nl\\\/fr\\\/boutique\\\/interieur-2\\\/tableau-blanc\\\/aimant\\\/#breadcrumb\",\"itemListElement\":[{\"@type\":\"ListItem\",\"position\":1,\"name\":\"\",\"item\":\"https:\\\/\\\/www.amstelprinting.nl\\\/fr\\\/\"},{\"@type\":\"ListItem\",\"position\":2,\"name\":\"Amstel Printing\",\"item\":\"https:\\\/\\\/www.amstelprinting.nl\\\/fr\\\/boutique\\\/\"},{\"@type\":\"ListItem\",\"position\":3,\"name\":\"Int\u00e9rieur\",\"item\":\"https:\\\/\\\/www.amstelprinting.nl\\\/fr\\\/categorie\\\/interieur-2\\\/\"},{\"@type\":\"ListItem\",\"position\":4,\"name\":\"Tableau blanc\",\"item\":\"https:\\\/\\\/www.amstelprinting.nl\\\/fr\\\/categorie\\\/interieur-2\\\/tableau-blanc\\\/\"},{\"@type\":\"ListItem\",\"position\":5,\"name\":\"Aimant\"}]},{\"@type\":\"WebSite\",\"@id\":\"https:\\\/\\\/www.amstelprinting.nl\\\/fr\\\/#website\",\"url\":\"https:\\\/\\\/www.amstelprinting.nl\\\/fr\\\/\",\"name\":\"Amstel Printing\",\"description\":\"Creating Exposure\",\"publisher\":{\"@id\":\"https:\\\/\\\/www.amstelprinting.nl\\\/fr\\\/#organization\"},\"potentialAction\":[{\"@type\":\"SearchAction\",\"target\":{\"@type\":\"EntryPoint\",\"urlTemplate\":\"https:\\\/\\\/www.amstelprinting.nl\\\/fr\\\/?s={search_term_string}\"},\"query-input\":{\"@type\":\"PropertyValueSpecification\",\"valueRequired\":true,\"valueName\":\"search_term_string\"}}],\"inLanguage\":\"fr-FR\"},{\"@type\":\"Organization\",\"@id\":\"https:\\\/\\\/www.amstelprinting.nl\\\/fr\\\/#organization\",\"name\":\"Amstel Printing\",\"url\":\"https:\\\/\\\/www.amstelprinting.nl\\\/fr\\\/\",\"logo\":{\"@type\":\"ImageObject\",\"inLanguage\":\"fr-FR\",\"@id\":\"https:\\\/\\\/www.amstelprinting.nl\\\/fr\\\/#\\\/schema\\\/logo\\\/image\\\/\",\"url\":\"https:\\\/\\\/www.amstelprinting.nl\\\/wp-content\\\/uploads\\\/amstel_printing_logo_clean.png\",\"contentUrl\":\"https:\\\/\\\/www.amstelprinting.nl\\\/wp-content\\\/uploads\\\/amstel_printing_logo_clean.png\",\"width\":324,\"height\":73,\"caption\":\"Amstel Printing\"},\"image\":{\"@id\":\"https:\\\/\\\/www.amstelprinting.nl\\\/fr\\\/#\\\/schema\\\/logo\\\/image\\\/\"}}]}<\/script>\n<!-- \/ Yoast SEO plugin. -->","yoast_head_json":{"title":"Commander des aimants ? - Puissants & inscriptibles pour votre organisation","description":"Commandez des aimants personnalis\u00e9s de haute qualit\u00e9. \u00c0 commander directement sur mesure pour un usage professionnel. Livraison dans toute l'Europe.","robots":{"index":"index","follow":"follow","max-snippet":"max-snippet:-1","max-image-preview":"max-image-preview:large","max-video-preview":"max-video-preview:-1"},"canonical":"https:\/\/www.amstelprinting.nl\/fr\/boutique\/interieur-2\/tableau-blanc\/aimant\/","og_locale":"fr_FR","og_type":"article","og_title":"Commander des aimants ? - Puissants & inscriptibles pour votre organisation","og_description":"Commandez des aimants personnalis\u00e9s de haute qualit\u00e9. \u00c0 commander directement sur mesure pour un usage professionnel. Livraison dans toute l'Europe.","og_url":"https:\/\/www.amstelprinting.nl\/fr\/boutique\/interieur-2\/tableau-blanc\/aimant\/","og_site_name":"Amstel Printing","article_modified_time":"2026-02-18T11:51:51+00:00","og_image":[{"width":700,"height":700,"url":"https:\/\/www.amstelprinting.nl\/wp-content\/uploads\/Whiteboard-magneten.jpg","type":"image\/jpeg"}],"twitter_card":"summary_large_image","twitter_misc":{"Dur\u00e9e de lecture estim\u00e9e":"1 minute"},"schema":{"@context":"https:\/\/schema.org","@graph":[{"@type":"WebPage","@id":"https:\/\/www.amstelprinting.nl\/fr\/boutique\/interieur-2\/tableau-blanc\/aimant\/","url":"https:\/\/www.amstelprinting.nl\/fr\/boutique\/interieur-2\/tableau-blanc\/aimant\/","name":"Commander des aimants ? - Puissants & inscriptibles pour votre organisation","isPartOf":{"@id":"https:\/\/www.amstelprinting.nl\/fr\/#website"},"primaryImageOfPage":{"@id":"https:\/\/www.amstelprinting.nl\/fr\/boutique\/interieur-2\/tableau-blanc\/aimant\/#primaryimage"},"image":{"@id":"https:\/\/www.amstelprinting.nl\/fr\/boutique\/interieur-2\/tableau-blanc\/aimant\/#primaryimage"},"thumbnailUrl":"https:\/\/www.amstelprinting.nl\/wp-content\/uploads\/Whiteboard-magneten.jpg","datePublished":"2025-01-23T19:47:59+00:00","dateModified":"2026-02-18T11:51:51+00:00","description":"Commandez des aimants personnalis\u00e9s de haute qualit\u00e9. \u00c0 commander directement sur mesure pour un usage professionnel. Livraison dans toute l'Europe.","breadcrumb":{"@id":"https:\/\/www.amstelprinting.nl\/fr\/boutique\/interieur-2\/tableau-blanc\/aimant\/#breadcrumb"},"inLanguage":"fr-FR","potentialAction":[{"@type":"ReadAction","target":["https:\/\/www.amstelprinting.nl\/fr\/boutique\/interieur-2\/tableau-blanc\/aimant\/"]}]},{"@type":"ImageObject","inLanguage":"fr-FR","@id":"https:\/\/www.amstelprinting.nl\/fr\/boutique\/interieur-2\/tableau-blanc\/aimant\/#primaryimage","url":"https:\/\/www.amstelprinting.nl\/wp-content\/uploads\/Whiteboard-magneten.jpg","contentUrl":"https:\/\/www.amstelprinting.nl\/wp-content\/uploads\/Whiteboard-magneten.jpg","width":700,"height":700},{"@type":"BreadcrumbList","@id":"https:\/\/www.amstelprinting.nl\/fr\/boutique\/interieur-2\/tableau-blanc\/aimant\/#breadcrumb","itemListElement":[{"@type":"ListItem","position":1,"name":"","item":"https:\/\/www.amstelprinting.nl\/fr\/"},{"@type":"ListItem","position":2,"name":"Amstel Printing","item":"https:\/\/www.amstelprinting.nl\/fr\/boutique\/"},{"@type":"ListItem","position":3,"name":"Int\u00e9rieur","item":"https:\/\/www.amstelprinting.nl\/fr\/categorie\/interieur-2\/"},{"@type":"ListItem","position":4,"name":"Tableau blanc","item":"https:\/\/www.amstelprinting.nl\/fr\/categorie\/interieur-2\/tableau-blanc\/"},{"@type":"ListItem","position":5,"name":"Aimant"}]},{"@type":"WebSite","@id":"https:\/\/www.amstelprinting.nl\/fr\/#website","url":"https:\/\/www.amstelprinting.nl\/fr\/","name":"Amstel Printing","description":"Creating Exposure","publisher":{"@id":"https:\/\/www.amstelprinting.nl\/fr\/#organization"},"potentialAction":[{"@type":"SearchAction","target":{"@type":"EntryPoint","urlTemplate":"https:\/\/www.amstelprinting.nl\/fr\/?s={search_term_string}"},"query-input":{"@type":"PropertyValueSpecification","valueRequired":true,"valueName":"search_term_string"}}],"inLanguage":"fr-FR"},{"@type":"Organization","@id":"https:\/\/www.amstelprinting.nl\/fr\/#organization","name":"Amstel Printing","url":"https:\/\/www.amstelprinting.nl\/fr\/","logo":{"@type":"ImageObject","inLanguage":"fr-FR","@id":"https:\/\/www.amstelprinting.nl\/fr\/#\/schema\/logo\/image\/","url":"https:\/\/www.amstelprinting.nl\/wp-content\/uploads\/amstel_printing_logo_clean.png","contentUrl":"https:\/\/www.amstelprinting.nl\/wp-content\/uploads\/amstel_printing_logo_clean.png","width":324,"height":73,"caption":"Amstel Printing"},"image":{"@id":"https:\/\/www.amstelprinting.nl\/fr\/#\/schema\/logo\/image\/"}}]}},"_links":{"self":[{"href":"https:\/\/www.amstelprinting.nl\/fr\/wp-json\/wp\/v2\/product\/15482","targetHints":{"allow":["GET"]}}],"collection":[{"href":"https:\/\/www.amstelprinting.nl\/fr\/wp-json\/wp\/v2\/product"}],"about":[{"href":"https:\/\/www.amstelprinting.nl\/fr\/wp-json\/wp\/v2\/types\/product"}],"wp:featuredmedia":[{"embeddable":true,"href":"https:\/\/www.amstelprinting.nl\/fr\/wp-json\/wp\/v2\/media\/15483"}],"wp:attachment":[{"href":"https:\/\/www.amstelprinting.nl\/fr\/wp-json\/wp\/v2\/media?parent=15482"}],"wp:term":[{"taxonomy":"product_brand","embeddable":true,"href":"https:\/\/www.amstelprinting.nl\/fr\/wp-json\/wp\/v2\/product_brand?post=15482"},{"taxonomy":"product_cat","embeddable":true,"href":"https:\/\/www.amstelprinting.nl\/fr\/wp-json\/wp\/v2\/product_cat?post=15482"},{"taxonomy":"product_tag","embeddable":true,"href":"https:\/\/www.amstelprinting.nl\/fr\/wp-json\/wp\/v2\/product_tag?post=15482"}],"curies":[{"name":"wp","href":"https:\/\/api.w.org\/{rel}","templated":true}]}}