{"id":15492,"date":"2025-01-23T20:47:50","date_gmt":"2025-01-23T19:47:50","guid":{"rendered":"https:\/\/www.amstelprinting.nl\/winkel\/non%20class\u00e9\/whiteboard-sticker\/"},"modified":"2026-02-18T12:51:51","modified_gmt":"2026-02-18T11:51:51","slug":"sticker-tableau-blanc","status":"publish","type":"product","link":"https:\/\/www.amstelprinting.nl\/fr\/boutique\/interieur-2\/tableau-blanc\/sticker-tableau-blanc\/","title":{"rendered":"Sticker tableau blanc"},"content":{"rendered":"<h3>Stickers tableau blanc : d\u00e9ploiement rapide et \u00e9conomique<\/h3>\n<p>\\nTransformez n&rsquo;importe quelle surface lisse en un tableau blanc interactif et fonctionnel gr\u00e2ce \u00e0 nos stickers tableau blanc de haute qualit\u00e9. Parfait pour les bureaux, les \u00e9coles ou les environnements domestiques. Cette solution de tableau blanc autocollant offre une mani\u00e8re flexible de partager des id\u00e9es (brainstorming), de planifier des t\u00e2ches et de stimuler la cr\u00e9ativit\u00e9.\\n<\/p>\n<h3>Avantages<\/h3>\n<p>\\n<\/p>\n<ul>\\n  <\/p>\n<li>Transforme toute surface lisse en un tableau blanc interactif<\/li>\n<p>\\n  <\/p>\n<li>Vinyle durable avec laminage tableau blanc pour une dur\u00e9e de vie de plus de trois ans<\/li>\n<p>\\n  <\/p>\n<li>Choix parmi divers accessoires<\/li>\n<p>\\n<\/ul>\n<p>\\n&nbsp;\\n<\/p>\n<h3>Mat\u00e9riau<\/h3>\n<p>\\nCe sticker autocollant est fabriqu\u00e9 en vinyle durable, dot\u00e9 d&rsquo;un laminage sp\u00e9cial tableau blanc qui garantit une dur\u00e9e de vie de plus de trois ans. Le sticker tableau blanc peut \u00eatre d\u00e9coup\u00e9 au format de votre choix ou selon les contours de votre design.\\n<\/p>\n<h3>Accessoires<\/h3>\n<p>\\nDe plus, nous proposons une gamme d&rsquo;accessoires qui facilitent encore davantage l&rsquo;installation. Choisissez parmi divers accessoires de fixation adapt\u00e9s \u00e0 votre application sp\u00e9cifique. Vous pourrez ainsi cr\u00e9er en un tour de main un espace de travail fonctionnel o\u00f9 les id\u00e9es prennent vie et les plannings s&rsquo;organisent.<\/p>\n","protected":false},"excerpt":{"rendered":"<h3>Inscriptible avec des feutres effa\u00e7ables. Dot\u00e9 de votre propre impression.<\/h3>\n<p>\\nTransformez n&rsquo;importe quelle surface lisse en un tableau blanc interactif et fonctionnel gr\u00e2ce \u00e0 nos stickers tableau blanc de haute qualit\u00e9. Que ce soit pour les bureaux, les \u00e9coles ou les environnements domestiques, cette solution autocollante offre un moyen flexible de partager des id\u00e9es, de planifier des t\u00e2ches et de stimuler la cr\u00e9ativit\u00e9. Avec un vinyle durable et un laminage sp\u00e9cial tableau blanc, notre sticker garantit une longue dur\u00e9e de vie et une facilit\u00e9 d&rsquo;utilisation, ce qui le rend parfait pour un usage quotidien.<\/p>\n","protected":false},"featured_media":15493,"template":"","meta":{"_et_pb_use_builder":"","_et_pb_old_content":"","_et_gb_content_width":""},"product_brand":[],"product_cat":[312,574,542,618],"product_tag":[],"class_list":{"0":"post-15492","1":"product","2":"type-product","3":"status-publish","4":"has-post-thumbnail","6":"product_cat-autocollants-et-impression","7":"product_cat-grands-autocollants","8":"product_cat-interieur-2","9":"product_cat-tableau-blanc","11":"first","12":"instock","13":"taxable","14":"shipping-taxable","15":"purchasable","16":"product-type-simple"},"yoast_head":"<!-- This site is optimized with the Yoast SEO plugin v27.3 - https:\/\/yoast.com\/product\/yoast-seo-wordpress\/ -->\n<title>Sticker tableau blanc - personnalisable, durable &amp; livraison rapide<\/title>\n<meta name=\"description\" content=\"Commandez nos stickers tableau blanc durables. Utilisables imm\u00e9diatement, enti\u00e8rement sur mesure et accessoires inclus pour un d\u00e9marrage parfait.\" \/>\n<meta name=\"robots\" content=\"index, follow, max-snippet:-1, max-image-preview:large, max-video-preview:-1\" \/>\n<link rel=\"canonical\" href=\"https:\/\/www.amstelprinting.nl\/fr\/boutique\/interieur-2\/tableau-blanc\/sticker-tableau-blanc\/\" \/>\n<meta property=\"og:locale\" content=\"fr_FR\" \/>\n<meta property=\"og:type\" content=\"article\" \/>\n<meta property=\"og:title\" content=\"Sticker tableau blanc - personnalisable, durable &amp; livraison rapide\" \/>\n<meta property=\"og:description\" content=\"Commandez nos stickers tableau blanc durables. Utilisables imm\u00e9diatement, enti\u00e8rement sur mesure et accessoires inclus pour un d\u00e9marrage parfait.\" \/>\n<meta property=\"og:url\" content=\"https:\/\/www.amstelprinting.nl\/fr\/boutique\/interieur-2\/tableau-blanc\/sticker-tableau-blanc\/\" \/>\n<meta property=\"og:site_name\" content=\"Amstel Printing\" \/>\n<meta property=\"article:modified_time\" content=\"2026-02-18T11:51:51+00:00\" \/>\n<meta property=\"og:image\" content=\"https:\/\/www.amstelprinting.nl\/wp-content\/uploads\/Whiteboard-sticker.jpg\" \/>\n\t<meta property=\"og:image:width\" content=\"700\" \/>\n\t<meta property=\"og:image:height\" content=\"700\" \/>\n\t<meta property=\"og:image:type\" content=\"image\/jpeg\" \/>\n<meta name=\"twitter:card\" content=\"summary_large_image\" \/>\n<meta name=\"twitter:label1\" content=\"Dur\u00e9e de lecture estim\u00e9e\" \/>\n\t<meta name=\"twitter:data1\" content=\"1 minute\" \/>\n<script type=\"application\/ld+json\" class=\"yoast-schema-graph\">{\"@context\":\"https:\\\/\\\/schema.org\",\"@graph\":[{\"@type\":\"WebPage\",\"@id\":\"https:\\\/\\\/www.amstelprinting.nl\\\/fr\\\/boutique\\\/interieur-2\\\/tableau-blanc\\\/sticker-tableau-blanc\\\/\",\"url\":\"https:\\\/\\\/www.amstelprinting.nl\\\/fr\\\/boutique\\\/interieur-2\\\/tableau-blanc\\\/sticker-tableau-blanc\\\/\",\"name\":\"Sticker tableau blanc - personnalisable, durable & livraison rapide\",\"isPartOf\":{\"@id\":\"https:\\\/\\\/www.amstelprinting.nl\\\/fr\\\/#website\"},\"primaryImageOfPage\":{\"@id\":\"https:\\\/\\\/www.amstelprinting.nl\\\/fr\\\/boutique\\\/interieur-2\\\/tableau-blanc\\\/sticker-tableau-blanc\\\/#primaryimage\"},\"image\":{\"@id\":\"https:\\\/\\\/www.amstelprinting.nl\\\/fr\\\/boutique\\\/interieur-2\\\/tableau-blanc\\\/sticker-tableau-blanc\\\/#primaryimage\"},\"thumbnailUrl\":\"https:\\\/\\\/www.amstelprinting.nl\\\/wp-content\\\/uploads\\\/Whiteboard-sticker.jpg\",\"datePublished\":\"2025-01-23T19:47:50+00:00\",\"dateModified\":\"2026-02-18T11:51:51+00:00\",\"description\":\"Commandez nos stickers tableau blanc durables. Utilisables imm\u00e9diatement, enti\u00e8rement sur mesure et accessoires inclus pour un d\u00e9marrage parfait.\",\"breadcrumb\":{\"@id\":\"https:\\\/\\\/www.amstelprinting.nl\\\/fr\\\/boutique\\\/interieur-2\\\/tableau-blanc\\\/sticker-tableau-blanc\\\/#breadcrumb\"},\"inLanguage\":\"fr-FR\",\"potentialAction\":[{\"@type\":\"ReadAction\",\"target\":[\"https:\\\/\\\/www.amstelprinting.nl\\\/fr\\\/boutique\\\/interieur-2\\\/tableau-blanc\\\/sticker-tableau-blanc\\\/\"]}]},{\"@type\":\"ImageObject\",\"inLanguage\":\"fr-FR\",\"@id\":\"https:\\\/\\\/www.amstelprinting.nl\\\/fr\\\/boutique\\\/interieur-2\\\/tableau-blanc\\\/sticker-tableau-blanc\\\/#primaryimage\",\"url\":\"https:\\\/\\\/www.amstelprinting.nl\\\/wp-content\\\/uploads\\\/Whiteboard-sticker.jpg\",\"contentUrl\":\"https:\\\/\\\/www.amstelprinting.nl\\\/wp-content\\\/uploads\\\/Whiteboard-sticker.jpg\",\"width\":700,\"height\":700},{\"@type\":\"BreadcrumbList\",\"@id\":\"https:\\\/\\\/www.amstelprinting.nl\\\/fr\\\/boutique\\\/interieur-2\\\/tableau-blanc\\\/sticker-tableau-blanc\\\/#breadcrumb\",\"itemListElement\":[{\"@type\":\"ListItem\",\"position\":1,\"name\":\"\",\"item\":\"https:\\\/\\\/www.amstelprinting.nl\\\/fr\\\/\"},{\"@type\":\"ListItem\",\"position\":2,\"name\":\"Amstel Printing\",\"item\":\"https:\\\/\\\/www.amstelprinting.nl\\\/fr\\\/boutique\\\/\"},{\"@type\":\"ListItem\",\"position\":3,\"name\":\"Int\u00e9rieur\",\"item\":\"https:\\\/\\\/www.amstelprinting.nl\\\/fr\\\/categorie\\\/interieur-2\\\/\"},{\"@type\":\"ListItem\",\"position\":4,\"name\":\"Tableau blanc\",\"item\":\"https:\\\/\\\/www.amstelprinting.nl\\\/fr\\\/categorie\\\/interieur-2\\\/tableau-blanc\\\/\"},{\"@type\":\"ListItem\",\"position\":5,\"name\":\"Sticker tableau blanc\"}]},{\"@type\":\"WebSite\",\"@id\":\"https:\\\/\\\/www.amstelprinting.nl\\\/fr\\\/#website\",\"url\":\"https:\\\/\\\/www.amstelprinting.nl\\\/fr\\\/\",\"name\":\"Amstel Printing\",\"description\":\"Creating Exposure\",\"publisher\":{\"@id\":\"https:\\\/\\\/www.amstelprinting.nl\\\/fr\\\/#organization\"},\"potentialAction\":[{\"@type\":\"SearchAction\",\"target\":{\"@type\":\"EntryPoint\",\"urlTemplate\":\"https:\\\/\\\/www.amstelprinting.nl\\\/fr\\\/?s={search_term_string}\"},\"query-input\":{\"@type\":\"PropertyValueSpecification\",\"valueRequired\":true,\"valueName\":\"search_term_string\"}}],\"inLanguage\":\"fr-FR\"},{\"@type\":\"Organization\",\"@id\":\"https:\\\/\\\/www.amstelprinting.nl\\\/fr\\\/#organization\",\"name\":\"Amstel Printing\",\"url\":\"https:\\\/\\\/www.amstelprinting.nl\\\/fr\\\/\",\"logo\":{\"@type\":\"ImageObject\",\"inLanguage\":\"fr-FR\",\"@id\":\"https:\\\/\\\/www.amstelprinting.nl\\\/fr\\\/#\\\/schema\\\/logo\\\/image\\\/\",\"url\":\"https:\\\/\\\/www.amstelprinting.nl\\\/wp-content\\\/uploads\\\/amstel_printing_logo_clean.png\",\"contentUrl\":\"https:\\\/\\\/www.amstelprinting.nl\\\/wp-content\\\/uploads\\\/amstel_printing_logo_clean.png\",\"width\":324,\"height\":73,\"caption\":\"Amstel Printing\"},\"image\":{\"@id\":\"https:\\\/\\\/www.amstelprinting.nl\\\/fr\\\/#\\\/schema\\\/logo\\\/image\\\/\"}}]}<\/script>\n<!-- \/ Yoast SEO plugin. -->","yoast_head_json":{"title":"Sticker tableau blanc - personnalisable, durable & livraison rapide","description":"Commandez nos stickers tableau blanc durables. Utilisables imm\u00e9diatement, enti\u00e8rement sur mesure et accessoires inclus pour un d\u00e9marrage parfait.","robots":{"index":"index","follow":"follow","max-snippet":"max-snippet:-1","max-image-preview":"max-image-preview:large","max-video-preview":"max-video-preview:-1"},"canonical":"https:\/\/www.amstelprinting.nl\/fr\/boutique\/interieur-2\/tableau-blanc\/sticker-tableau-blanc\/","og_locale":"fr_FR","og_type":"article","og_title":"Sticker tableau blanc - personnalisable, durable & livraison rapide","og_description":"Commandez nos stickers tableau blanc durables. Utilisables imm\u00e9diatement, enti\u00e8rement sur mesure et accessoires inclus pour un d\u00e9marrage parfait.","og_url":"https:\/\/www.amstelprinting.nl\/fr\/boutique\/interieur-2\/tableau-blanc\/sticker-tableau-blanc\/","og_site_name":"Amstel Printing","article_modified_time":"2026-02-18T11:51:51+00:00","og_image":[{"width":700,"height":700,"url":"https:\/\/www.amstelprinting.nl\/wp-content\/uploads\/Whiteboard-sticker.jpg","type":"image\/jpeg"}],"twitter_card":"summary_large_image","twitter_misc":{"Dur\u00e9e de lecture estim\u00e9e":"1 minute"},"schema":{"@context":"https:\/\/schema.org","@graph":[{"@type":"WebPage","@id":"https:\/\/www.amstelprinting.nl\/fr\/boutique\/interieur-2\/tableau-blanc\/sticker-tableau-blanc\/","url":"https:\/\/www.amstelprinting.nl\/fr\/boutique\/interieur-2\/tableau-blanc\/sticker-tableau-blanc\/","name":"Sticker tableau blanc - personnalisable, durable & livraison rapide","isPartOf":{"@id":"https:\/\/www.amstelprinting.nl\/fr\/#website"},"primaryImageOfPage":{"@id":"https:\/\/www.amstelprinting.nl\/fr\/boutique\/interieur-2\/tableau-blanc\/sticker-tableau-blanc\/#primaryimage"},"image":{"@id":"https:\/\/www.amstelprinting.nl\/fr\/boutique\/interieur-2\/tableau-blanc\/sticker-tableau-blanc\/#primaryimage"},"thumbnailUrl":"https:\/\/www.amstelprinting.nl\/wp-content\/uploads\/Whiteboard-sticker.jpg","datePublished":"2025-01-23T19:47:50+00:00","dateModified":"2026-02-18T11:51:51+00:00","description":"Commandez nos stickers tableau blanc durables. Utilisables imm\u00e9diatement, enti\u00e8rement sur mesure et accessoires inclus pour un d\u00e9marrage parfait.","breadcrumb":{"@id":"https:\/\/www.amstelprinting.nl\/fr\/boutique\/interieur-2\/tableau-blanc\/sticker-tableau-blanc\/#breadcrumb"},"inLanguage":"fr-FR","potentialAction":[{"@type":"ReadAction","target":["https:\/\/www.amstelprinting.nl\/fr\/boutique\/interieur-2\/tableau-blanc\/sticker-tableau-blanc\/"]}]},{"@type":"ImageObject","inLanguage":"fr-FR","@id":"https:\/\/www.amstelprinting.nl\/fr\/boutique\/interieur-2\/tableau-blanc\/sticker-tableau-blanc\/#primaryimage","url":"https:\/\/www.amstelprinting.nl\/wp-content\/uploads\/Whiteboard-sticker.jpg","contentUrl":"https:\/\/www.amstelprinting.nl\/wp-content\/uploads\/Whiteboard-sticker.jpg","width":700,"height":700},{"@type":"BreadcrumbList","@id":"https:\/\/www.amstelprinting.nl\/fr\/boutique\/interieur-2\/tableau-blanc\/sticker-tableau-blanc\/#breadcrumb","itemListElement":[{"@type":"ListItem","position":1,"name":"","item":"https:\/\/www.amstelprinting.nl\/fr\/"},{"@type":"ListItem","position":2,"name":"Amstel Printing","item":"https:\/\/www.amstelprinting.nl\/fr\/boutique\/"},{"@type":"ListItem","position":3,"name":"Int\u00e9rieur","item":"https:\/\/www.amstelprinting.nl\/fr\/categorie\/interieur-2\/"},{"@type":"ListItem","position":4,"name":"Tableau blanc","item":"https:\/\/www.amstelprinting.nl\/fr\/categorie\/interieur-2\/tableau-blanc\/"},{"@type":"ListItem","position":5,"name":"Sticker tableau blanc"}]},{"@type":"WebSite","@id":"https:\/\/www.amstelprinting.nl\/fr\/#website","url":"https:\/\/www.amstelprinting.nl\/fr\/","name":"Amstel Printing","description":"Creating Exposure","publisher":{"@id":"https:\/\/www.amstelprinting.nl\/fr\/#organization"},"potentialAction":[{"@type":"SearchAction","target":{"@type":"EntryPoint","urlTemplate":"https:\/\/www.amstelprinting.nl\/fr\/?s={search_term_string}"},"query-input":{"@type":"PropertyValueSpecification","valueRequired":true,"valueName":"search_term_string"}}],"inLanguage":"fr-FR"},{"@type":"Organization","@id":"https:\/\/www.amstelprinting.nl\/fr\/#organization","name":"Amstel Printing","url":"https:\/\/www.amstelprinting.nl\/fr\/","logo":{"@type":"ImageObject","inLanguage":"fr-FR","@id":"https:\/\/www.amstelprinting.nl\/fr\/#\/schema\/logo\/image\/","url":"https:\/\/www.amstelprinting.nl\/wp-content\/uploads\/amstel_printing_logo_clean.png","contentUrl":"https:\/\/www.amstelprinting.nl\/wp-content\/uploads\/amstel_printing_logo_clean.png","width":324,"height":73,"caption":"Amstel Printing"},"image":{"@id":"https:\/\/www.amstelprinting.nl\/fr\/#\/schema\/logo\/image\/"}}]}},"_links":{"self":[{"href":"https:\/\/www.amstelprinting.nl\/fr\/wp-json\/wp\/v2\/product\/15492","targetHints":{"allow":["GET"]}}],"collection":[{"href":"https:\/\/www.amstelprinting.nl\/fr\/wp-json\/wp\/v2\/product"}],"about":[{"href":"https:\/\/www.amstelprinting.nl\/fr\/wp-json\/wp\/v2\/types\/product"}],"wp:featuredmedia":[{"embeddable":true,"href":"https:\/\/www.amstelprinting.nl\/fr\/wp-json\/wp\/v2\/media\/15493"}],"wp:attachment":[{"href":"https:\/\/www.amstelprinting.nl\/fr\/wp-json\/wp\/v2\/media?parent=15492"}],"wp:term":[{"taxonomy":"product_brand","embeddable":true,"href":"https:\/\/www.amstelprinting.nl\/fr\/wp-json\/wp\/v2\/product_brand?post=15492"},{"taxonomy":"product_cat","embeddable":true,"href":"https:\/\/www.amstelprinting.nl\/fr\/wp-json\/wp\/v2\/product_cat?post=15492"},{"taxonomy":"product_tag","embeddable":true,"href":"https:\/\/www.amstelprinting.nl\/fr\/wp-json\/wp\/v2\/product_tag?post=15492"}],"curies":[{"name":"wp","href":"https:\/\/api.w.org\/{rel}","templated":true}]}}