{"id":15503,"date":"2025-01-23T20:47:39","date_gmt":"2025-01-23T19:47:39","guid":{"rendered":"https:\/\/www.amstelprinting.nl\/winkel\/non%20class\u00e9\/dekbedovertrek\/"},"modified":"2026-02-18T12:51:52","modified_gmt":"2026-02-18T11:51:52","slug":"housse-de-couette","status":"publish","type":"product","link":"https:\/\/www.amstelprinting.nl\/fr\/boutique\/interieur-2\/maison-secteur-de-la-restauration\/housse-de-couette\/","title":{"rendered":"Housse de couette"},"content":{"rendered":"<h3>Imprimer une housse de couette<\/h3>\n<p>Faites sensation dans votre int\u00e9rieur avec du linge de lit qui est non seulement fonctionnel mais aussi \u00e9l\u00e9gant. Concevez facilement votre propre housse de couette \u00e0 l&rsquo;aide de nos mod\u00e8les pratiques. Choisissez d\u00e8s aujourd&rsquo;hui la qualit\u00e9 et le confort de nos housses de couette et d\u00e9couvrez par vous-m\u00eame la diff\u00e9rence qu&rsquo;une housse de couette parfaitement sur mesure peut faire.<\/p>\n<h3>Avantages<\/h3>\n<ul>\n<li>Votre impression imprim\u00e9e sur les deux faces<\/li>\n<li>Disponible en deux mat\u00e9riaux de haute qualit\u00e9<\/li>\n<li>Large gamme de formats<\/li>\n<li>Choisissez votre propre design ou un motif existant<\/li>\n<\/ul>\n<p>&nbsp;<\/p>\n<h3>Fabriqu\u00e9 en polyester durable et doux<\/h3>\n<p>Les housses de couette sont fabriqu\u00e9es en polyester de haute qualit\u00e9 qui est doux au toucher, r\u00e9sistant \u00e0 l&rsquo;usure et reste beau pendant longtemps. Gr\u00e2ce \u00e0 une technique d&rsquo;impression innovante utilisant une encre durable \u00e0 base d&rsquo;eau, votre motif est appliqu\u00e9 de mani\u00e8re nette et avec des couleurs r\u00e9sistantes sur la housse de couette. De plus, le polyester est facile d&rsquo;entretien, s\u00e8che rapidement et est pratiquement infroissable.<\/p>\n<h3>Formats<\/h3>\n<p>Nos housses de couette sont disponibles en version junior, une personne, deux personnes et lits-jumeaux, disponibles dans une large gamme de dimensions. Choisissez entre un rabat droit pour une finition classique ou un rabat bouteille pour un look moderne et une facilit\u00e9 d&rsquo;utilisation accrue lors du bordage du lit. Pour un look complet, vous pouvez opter pour des coussins assortis, disponibles en quatre tailles diff\u00e9rentes. Attention : les housses de couette sont livr\u00e9es sans oreillers, que vous pouvez commander s\u00e9par\u00e9ment.<\/p>\n<h3>Finition et design<\/h3>\n<p>Nos housses de couette sont finies avec des fils blancs ou noirs au choix, afin que vous puissiez accorder la finition \u00e0 votre int\u00e9rieur. Pour une touche vraiment personnelle, vous pouvez faire fabriquer votre housse de couette avec votre propre design ou choisir l&rsquo;un de nos motifs existants. Un conseil cr\u00e9atif : envisagez \u00e9galement de donner un motif diff\u00e9rent aux deux faces de la housse de couette pour un aspect encore plus ludique et unique. La cr\u00e9ation de votre housse de couette id\u00e9ale est simple gr\u00e2ce \u00e0 nos mod\u00e8les pratiques, que vous pouvez t\u00e9l\u00e9charger pour faciliter la r\u00e9alisation de votre design.<\/p>\n","protected":false},"excerpt":{"rendered":"<h3>Dot\u00e9 de votre propre impression<\/h3>\n<p>Que vous soyez un h\u00f4telier \u00e0 la recherche de la literie ultime pour une exp\u00e9rience client de luxe ou que vous souhaitiez concevoir votre propre housse de couette, nos housses de couette de haute qualit\u00e9 offrent la solution parfaite. Avec un choix de deux mat\u00e9riaux premium et de nombreuses options sur mesure, vous pouvez trouver une housse de couette qui non seulement embellit votre int\u00e9rieur mais \u00e9l\u00e8ve \u00e9galement votre confort de sommeil \u00e0 un niveau sup\u00e9rieur.<\/p>\n","protected":false},"featured_media":15505,"template":"","meta":{"_et_pb_use_builder":"","_et_pb_old_content":"","_et_gb_content_width":""},"product_brand":[],"product_cat":[542,566],"product_tag":[],"class_list":{"0":"post-15503","1":"product","2":"type-product","3":"status-publish","4":"has-post-thumbnail","6":"product_cat-interieur-2","7":"product_cat-maison-secteur-de-la-restauration","9":"first","10":"instock","11":"taxable","12":"shipping-taxable","13":"purchasable","14":"product-type-simple"},"yoast_head":"<!-- This site is optimized with the Yoast SEO plugin v27.3 - https:\/\/yoast.com\/product\/yoast-seo-wordpress\/ -->\n<title>Housse de couette | Amstel Printing<\/title>\n<meta name=\"robots\" content=\"index, follow, max-snippet:-1, max-image-preview:large, max-video-preview:-1\" \/>\n<link rel=\"canonical\" href=\"https:\/\/www.amstelprinting.nl\/fr\/boutique\/interieur-2\/maison-secteur-de-la-restauration\/housse-de-couette\/\" \/>\n<meta property=\"og:locale\" content=\"fr_FR\" \/>\n<meta property=\"og:type\" content=\"article\" \/>\n<meta property=\"og:title\" content=\"Housse de couette | Amstel Printing\" \/>\n<meta property=\"og:description\" content=\"Dot\u00e9 de votre propre impression Que vous soyez un h\u00f4telier \u00e0 la recherche de la literie ultime pour une exp\u00e9rience client de luxe ou que vous souhaitiez concevoir votre propre housse de couette, nos housses de couette de haute qualit\u00e9 offrent la solution parfaite. Avec un choix de deux mat\u00e9riaux premium et de nombreuses options sur mesure, vous pouvez trouver une housse de couette qui non seulement embellit votre int\u00e9rieur mais \u00e9l\u00e8ve \u00e9galement votre confort de sommeil \u00e0 un niveau sup\u00e9rieur.\" \/>\n<meta property=\"og:url\" content=\"https:\/\/www.amstelprinting.nl\/fr\/boutique\/interieur-2\/maison-secteur-de-la-restauration\/housse-de-couette\/\" \/>\n<meta property=\"og:site_name\" content=\"Amstel Printing\" \/>\n<meta property=\"article:modified_time\" content=\"2026-02-18T11:51:52+00:00\" \/>\n<meta property=\"og:image\" content=\"https:\/\/www.amstelprinting.nl\/wp-content\/uploads\/Dekbedovertrek.jpg\" \/>\n\t<meta property=\"og:image:width\" content=\"700\" \/>\n\t<meta property=\"og:image:height\" content=\"700\" \/>\n\t<meta property=\"og:image:type\" content=\"image\/jpeg\" \/>\n<meta name=\"twitter:card\" content=\"summary_large_image\" \/>\n<meta name=\"twitter:label1\" content=\"Dur\u00e9e de lecture estim\u00e9e\" \/>\n\t<meta name=\"twitter:data1\" content=\"2 minutes\" \/>\n<script type=\"application\/ld+json\" class=\"yoast-schema-graph\">{\"@context\":\"https:\\\/\\\/schema.org\",\"@graph\":[{\"@type\":\"WebPage\",\"@id\":\"https:\\\/\\\/www.amstelprinting.nl\\\/fr\\\/boutique\\\/interieur-2\\\/maison-secteur-de-la-restauration\\\/housse-de-couette\\\/\",\"url\":\"https:\\\/\\\/www.amstelprinting.nl\\\/fr\\\/boutique\\\/interieur-2\\\/maison-secteur-de-la-restauration\\\/housse-de-couette\\\/\",\"name\":\"Housse de couette | Amstel Printing\",\"isPartOf\":{\"@id\":\"https:\\\/\\\/www.amstelprinting.nl\\\/fr\\\/#website\"},\"primaryImageOfPage\":{\"@id\":\"https:\\\/\\\/www.amstelprinting.nl\\\/fr\\\/boutique\\\/interieur-2\\\/maison-secteur-de-la-restauration\\\/housse-de-couette\\\/#primaryimage\"},\"image\":{\"@id\":\"https:\\\/\\\/www.amstelprinting.nl\\\/fr\\\/boutique\\\/interieur-2\\\/maison-secteur-de-la-restauration\\\/housse-de-couette\\\/#primaryimage\"},\"thumbnailUrl\":\"https:\\\/\\\/www.amstelprinting.nl\\\/wp-content\\\/uploads\\\/Dekbedovertrek.jpg\",\"datePublished\":\"2025-01-23T19:47:39+00:00\",\"dateModified\":\"2026-02-18T11:51:52+00:00\",\"breadcrumb\":{\"@id\":\"https:\\\/\\\/www.amstelprinting.nl\\\/fr\\\/boutique\\\/interieur-2\\\/maison-secteur-de-la-restauration\\\/housse-de-couette\\\/#breadcrumb\"},\"inLanguage\":\"fr-FR\",\"potentialAction\":[{\"@type\":\"ReadAction\",\"target\":[\"https:\\\/\\\/www.amstelprinting.nl\\\/fr\\\/boutique\\\/interieur-2\\\/maison-secteur-de-la-restauration\\\/housse-de-couette\\\/\"]}]},{\"@type\":\"ImageObject\",\"inLanguage\":\"fr-FR\",\"@id\":\"https:\\\/\\\/www.amstelprinting.nl\\\/fr\\\/boutique\\\/interieur-2\\\/maison-secteur-de-la-restauration\\\/housse-de-couette\\\/#primaryimage\",\"url\":\"https:\\\/\\\/www.amstelprinting.nl\\\/wp-content\\\/uploads\\\/Dekbedovertrek.jpg\",\"contentUrl\":\"https:\\\/\\\/www.amstelprinting.nl\\\/wp-content\\\/uploads\\\/Dekbedovertrek.jpg\",\"width\":700,\"height\":700},{\"@type\":\"BreadcrumbList\",\"@id\":\"https:\\\/\\\/www.amstelprinting.nl\\\/fr\\\/boutique\\\/interieur-2\\\/maison-secteur-de-la-restauration\\\/housse-de-couette\\\/#breadcrumb\",\"itemListElement\":[{\"@type\":\"ListItem\",\"position\":1,\"name\":\"\",\"item\":\"https:\\\/\\\/www.amstelprinting.nl\\\/fr\\\/\"},{\"@type\":\"ListItem\",\"position\":2,\"name\":\"Amstel Printing\",\"item\":\"https:\\\/\\\/www.amstelprinting.nl\\\/fr\\\/boutique\\\/\"},{\"@type\":\"ListItem\",\"position\":3,\"name\":\"Int\u00e9rieur\",\"item\":\"https:\\\/\\\/www.amstelprinting.nl\\\/fr\\\/categorie\\\/interieur-2\\\/\"},{\"@type\":\"ListItem\",\"position\":4,\"name\":\"Maison &amp; secteur de la restauration\",\"item\":\"https:\\\/\\\/www.amstelprinting.nl\\\/fr\\\/categorie\\\/interieur-2\\\/maison-secteur-de-la-restauration\\\/\"},{\"@type\":\"ListItem\",\"position\":5,\"name\":\"Housse de couette\"}]},{\"@type\":\"WebSite\",\"@id\":\"https:\\\/\\\/www.amstelprinting.nl\\\/fr\\\/#website\",\"url\":\"https:\\\/\\\/www.amstelprinting.nl\\\/fr\\\/\",\"name\":\"Amstel Printing\",\"description\":\"Creating Exposure\",\"publisher\":{\"@id\":\"https:\\\/\\\/www.amstelprinting.nl\\\/fr\\\/#organization\"},\"potentialAction\":[{\"@type\":\"SearchAction\",\"target\":{\"@type\":\"EntryPoint\",\"urlTemplate\":\"https:\\\/\\\/www.amstelprinting.nl\\\/fr\\\/?s={search_term_string}\"},\"query-input\":{\"@type\":\"PropertyValueSpecification\",\"valueRequired\":true,\"valueName\":\"search_term_string\"}}],\"inLanguage\":\"fr-FR\"},{\"@type\":\"Organization\",\"@id\":\"https:\\\/\\\/www.amstelprinting.nl\\\/fr\\\/#organization\",\"name\":\"Amstel Printing\",\"url\":\"https:\\\/\\\/www.amstelprinting.nl\\\/fr\\\/\",\"logo\":{\"@type\":\"ImageObject\",\"inLanguage\":\"fr-FR\",\"@id\":\"https:\\\/\\\/www.amstelprinting.nl\\\/fr\\\/#\\\/schema\\\/logo\\\/image\\\/\",\"url\":\"https:\\\/\\\/www.amstelprinting.nl\\\/wp-content\\\/uploads\\\/amstel_printing_logo_clean.png\",\"contentUrl\":\"https:\\\/\\\/www.amstelprinting.nl\\\/wp-content\\\/uploads\\\/amstel_printing_logo_clean.png\",\"width\":324,\"height\":73,\"caption\":\"Amstel Printing\"},\"image\":{\"@id\":\"https:\\\/\\\/www.amstelprinting.nl\\\/fr\\\/#\\\/schema\\\/logo\\\/image\\\/\"}}]}<\/script>\n<!-- \/ Yoast SEO plugin. -->","yoast_head_json":{"title":"Housse de couette | Amstel Printing","robots":{"index":"index","follow":"follow","max-snippet":"max-snippet:-1","max-image-preview":"max-image-preview:large","max-video-preview":"max-video-preview:-1"},"canonical":"https:\/\/www.amstelprinting.nl\/fr\/boutique\/interieur-2\/maison-secteur-de-la-restauration\/housse-de-couette\/","og_locale":"fr_FR","og_type":"article","og_title":"Housse de couette | Amstel Printing","og_description":"Dot\u00e9 de votre propre impression Que vous soyez un h\u00f4telier \u00e0 la recherche de la literie ultime pour une exp\u00e9rience client de luxe ou que vous souhaitiez concevoir votre propre housse de couette, nos housses de couette de haute qualit\u00e9 offrent la solution parfaite. Avec un choix de deux mat\u00e9riaux premium et de nombreuses options sur mesure, vous pouvez trouver une housse de couette qui non seulement embellit votre int\u00e9rieur mais \u00e9l\u00e8ve \u00e9galement votre confort de sommeil \u00e0 un niveau sup\u00e9rieur.","og_url":"https:\/\/www.amstelprinting.nl\/fr\/boutique\/interieur-2\/maison-secteur-de-la-restauration\/housse-de-couette\/","og_site_name":"Amstel Printing","article_modified_time":"2026-02-18T11:51:52+00:00","og_image":[{"width":700,"height":700,"url":"https:\/\/www.amstelprinting.nl\/wp-content\/uploads\/Dekbedovertrek.jpg","type":"image\/jpeg"}],"twitter_card":"summary_large_image","twitter_misc":{"Dur\u00e9e de lecture estim\u00e9e":"2 minutes"},"schema":{"@context":"https:\/\/schema.org","@graph":[{"@type":"WebPage","@id":"https:\/\/www.amstelprinting.nl\/fr\/boutique\/interieur-2\/maison-secteur-de-la-restauration\/housse-de-couette\/","url":"https:\/\/www.amstelprinting.nl\/fr\/boutique\/interieur-2\/maison-secteur-de-la-restauration\/housse-de-couette\/","name":"Housse de couette | Amstel Printing","isPartOf":{"@id":"https:\/\/www.amstelprinting.nl\/fr\/#website"},"primaryImageOfPage":{"@id":"https:\/\/www.amstelprinting.nl\/fr\/boutique\/interieur-2\/maison-secteur-de-la-restauration\/housse-de-couette\/#primaryimage"},"image":{"@id":"https:\/\/www.amstelprinting.nl\/fr\/boutique\/interieur-2\/maison-secteur-de-la-restauration\/housse-de-couette\/#primaryimage"},"thumbnailUrl":"https:\/\/www.amstelprinting.nl\/wp-content\/uploads\/Dekbedovertrek.jpg","datePublished":"2025-01-23T19:47:39+00:00","dateModified":"2026-02-18T11:51:52+00:00","breadcrumb":{"@id":"https:\/\/www.amstelprinting.nl\/fr\/boutique\/interieur-2\/maison-secteur-de-la-restauration\/housse-de-couette\/#breadcrumb"},"inLanguage":"fr-FR","potentialAction":[{"@type":"ReadAction","target":["https:\/\/www.amstelprinting.nl\/fr\/boutique\/interieur-2\/maison-secteur-de-la-restauration\/housse-de-couette\/"]}]},{"@type":"ImageObject","inLanguage":"fr-FR","@id":"https:\/\/www.amstelprinting.nl\/fr\/boutique\/interieur-2\/maison-secteur-de-la-restauration\/housse-de-couette\/#primaryimage","url":"https:\/\/www.amstelprinting.nl\/wp-content\/uploads\/Dekbedovertrek.jpg","contentUrl":"https:\/\/www.amstelprinting.nl\/wp-content\/uploads\/Dekbedovertrek.jpg","width":700,"height":700},{"@type":"BreadcrumbList","@id":"https:\/\/www.amstelprinting.nl\/fr\/boutique\/interieur-2\/maison-secteur-de-la-restauration\/housse-de-couette\/#breadcrumb","itemListElement":[{"@type":"ListItem","position":1,"name":"","item":"https:\/\/www.amstelprinting.nl\/fr\/"},{"@type":"ListItem","position":2,"name":"Amstel Printing","item":"https:\/\/www.amstelprinting.nl\/fr\/boutique\/"},{"@type":"ListItem","position":3,"name":"Int\u00e9rieur","item":"https:\/\/www.amstelprinting.nl\/fr\/categorie\/interieur-2\/"},{"@type":"ListItem","position":4,"name":"Maison &amp; secteur de la restauration","item":"https:\/\/www.amstelprinting.nl\/fr\/categorie\/interieur-2\/maison-secteur-de-la-restauration\/"},{"@type":"ListItem","position":5,"name":"Housse de couette"}]},{"@type":"WebSite","@id":"https:\/\/www.amstelprinting.nl\/fr\/#website","url":"https:\/\/www.amstelprinting.nl\/fr\/","name":"Amstel Printing","description":"Creating Exposure","publisher":{"@id":"https:\/\/www.amstelprinting.nl\/fr\/#organization"},"potentialAction":[{"@type":"SearchAction","target":{"@type":"EntryPoint","urlTemplate":"https:\/\/www.amstelprinting.nl\/fr\/?s={search_term_string}"},"query-input":{"@type":"PropertyValueSpecification","valueRequired":true,"valueName":"search_term_string"}}],"inLanguage":"fr-FR"},{"@type":"Organization","@id":"https:\/\/www.amstelprinting.nl\/fr\/#organization","name":"Amstel Printing","url":"https:\/\/www.amstelprinting.nl\/fr\/","logo":{"@type":"ImageObject","inLanguage":"fr-FR","@id":"https:\/\/www.amstelprinting.nl\/fr\/#\/schema\/logo\/image\/","url":"https:\/\/www.amstelprinting.nl\/wp-content\/uploads\/amstel_printing_logo_clean.png","contentUrl":"https:\/\/www.amstelprinting.nl\/wp-content\/uploads\/amstel_printing_logo_clean.png","width":324,"height":73,"caption":"Amstel Printing"},"image":{"@id":"https:\/\/www.amstelprinting.nl\/fr\/#\/schema\/logo\/image\/"}}]}},"_links":{"self":[{"href":"https:\/\/www.amstelprinting.nl\/fr\/wp-json\/wp\/v2\/product\/15503","targetHints":{"allow":["GET"]}}],"collection":[{"href":"https:\/\/www.amstelprinting.nl\/fr\/wp-json\/wp\/v2\/product"}],"about":[{"href":"https:\/\/www.amstelprinting.nl\/fr\/wp-json\/wp\/v2\/types\/product"}],"wp:featuredmedia":[{"embeddable":true,"href":"https:\/\/www.amstelprinting.nl\/fr\/wp-json\/wp\/v2\/media\/15505"}],"wp:attachment":[{"href":"https:\/\/www.amstelprinting.nl\/fr\/wp-json\/wp\/v2\/media?parent=15503"}],"wp:term":[{"taxonomy":"product_brand","embeddable":true,"href":"https:\/\/www.amstelprinting.nl\/fr\/wp-json\/wp\/v2\/product_brand?post=15503"},{"taxonomy":"product_cat","embeddable":true,"href":"https:\/\/www.amstelprinting.nl\/fr\/wp-json\/wp\/v2\/product_cat?post=15503"},{"taxonomy":"product_tag","embeddable":true,"href":"https:\/\/www.amstelprinting.nl\/fr\/wp-json\/wp\/v2\/product_tag?post=15503"}],"curies":[{"name":"wp","href":"https:\/\/api.w.org\/{rel}","templated":true}]}}