{"id":15517,"date":"2025-01-23T20:47:35","date_gmt":"2025-01-23T19:47:35","guid":{"rendered":"https:\/\/www.amstelprinting.nl\/winkel\/non%20class\u00e9\/tafelkleed\/"},"modified":"2026-02-18T12:51:53","modified_gmt":"2026-02-18T11:51:53","slug":"nappe","status":"publish","type":"product","link":"https:\/\/www.amstelprinting.nl\/fr\/boutique\/interieur-2\/maison-secteur-de-la-restauration\/nappe\/","title":{"rendered":"Nappe"},"content":{"rendered":"<h3>Impression de nappes<\/h3>\n<p>Que vous profitiez d&rsquo;un pique-nique au parc, d&rsquo;un d\u00eener en terrasse ou d&rsquo;une r\u00e9union chaleureuse \u00e0 l&rsquo;int\u00e9rieur, nos nappes offrent la combinaison parfaite de style, de confort et de durabilit\u00e9. D\u00e9couvrez d\u00e8s aujourd&rsquo;hui la polyvalence et la qualit\u00e9 de notre collection de nappes et compl\u00e9tez votre espace avec un ajout \u00e9l\u00e9gant et fonctionnel.<\/p>\n<h3>Avantages<\/h3>\n<ul>\n<li>Convient pour une utilisation int\u00e9rieure et ext\u00e9rieure, s&rsquo;adaptant \u00e0 divers contextes et occasions<\/li>\n<li>Choix de mat\u00e9riaux de haute qualit\u00e9<\/li>\n<li>Lavable \u00e0 30 degr\u00e9s Celsius<\/li>\n<\/ul>\n<p>&nbsp;<\/p>\n<h3>Mat\u00e9riaux<\/h3>\n<p>Nos nappes sont disponibles en trois mat\u00e9riaux :<\/p>\n<ul>\n<li>ProPES Outdoor : ce polyester unique et l\u00e9ger est hydrofuge et parfait pour une utilisation en ext\u00e9rieur.<\/li>\n<li>Kendal : ce mat\u00e9riau poss\u00e8de un tissage serg\u00e9 et est connu pour sa robustesse et sa durabilit\u00e9.<\/li>\n<li>Pro Cotton Percal : pour ceux qui aiment une sensation de luxe, ce coton finement tiss\u00e9 offre une robustesse suppl\u00e9mentaire.<\/li>\n<\/ul>\n<p>&nbsp;<\/p>\n<h3>Finition<\/h3>\n<p>Compl\u00e9tez votre nappe avec du fil blanc ou noir. Pour un entretien facile, vous pouvez laver nos nappes \u00e0 30 degr\u00e9s et les laisser s\u00e9cher \u00e0 l&rsquo;air libre. L&rsquo;ourlet double assure une finition durable qui dure longtemps, peu importe o\u00f9 vous placez la nappe.<\/p>\n<p>Choisissez votre propre design ou l&rsquo;un de nos motifs existants. Notre imprimante avanc\u00e9e Durst Alphaprinter garantit des couleurs vives et des impressions d&rsquo;une nettet\u00e9 exceptionnelle jusqu&rsquo;\u00e0 600 DPI, en utilisant des encres pigment\u00e9es \u00e9cologiques \u00e0 base d&rsquo;eau.<\/p>\n","protected":false},"excerpt":{"rendered":"<p>Imprimer des nappes avec votre propre photo ou design ? Convient aux espaces int\u00e9rieurs ou ext\u00e9rieurs. Que vous planifiiez une aventure en plein air ou organisiez un d\u00eener relaxant \u00e0 la maison, nos nappes imprim\u00e9es sont le compl\u00e9ment parfait pour chaque table. Vous choisissez vous-m\u00eame le format. Composez votre nappe imprim\u00e9e en quelques \u00e9tapes ci-dessous.<\/p>\n","protected":false},"featured_media":15518,"template":"","meta":{"_et_pb_use_builder":"","_et_pb_old_content":"","_et_gb_content_width":""},"product_brand":[],"product_cat":[542,566],"product_tag":[],"class_list":{"0":"post-15517","1":"product","2":"type-product","3":"status-publish","4":"has-post-thumbnail","6":"product_cat-interieur-2","7":"product_cat-maison-secteur-de-la-restauration","9":"first","10":"instock","11":"taxable","12":"shipping-taxable","13":"purchasable","14":"product-type-simple"},"yoast_head":"<!-- This site is optimized with the Yoast SEO plugin v27.3 - https:\/\/yoast.com\/product\/yoast-seo-wordpress\/ -->\n<title>Nappe | Amstel Printing<\/title>\n<meta name=\"robots\" content=\"index, follow, max-snippet:-1, max-image-preview:large, max-video-preview:-1\" \/>\n<link rel=\"canonical\" href=\"https:\/\/www.amstelprinting.nl\/fr\/boutique\/interieur-2\/maison-secteur-de-la-restauration\/nappe\/\" \/>\n<meta property=\"og:locale\" content=\"fr_FR\" \/>\n<meta property=\"og:type\" content=\"article\" \/>\n<meta property=\"og:title\" content=\"Nappe | Amstel Printing\" \/>\n<meta property=\"og:description\" content=\"Imprimer des nappes avec votre propre photo ou design ? Convient aux espaces int\u00e9rieurs ou ext\u00e9rieurs. Que vous planifiiez une aventure en plein air ou organisiez un d\u00eener relaxant \u00e0 la maison, nos nappes imprim\u00e9es sont le compl\u00e9ment parfait pour chaque table. Vous choisissez vous-m\u00eame le format. Composez votre nappe imprim\u00e9e en quelques \u00e9tapes ci-dessous.\" \/>\n<meta property=\"og:url\" content=\"https:\/\/www.amstelprinting.nl\/fr\/boutique\/interieur-2\/maison-secteur-de-la-restauration\/nappe\/\" \/>\n<meta property=\"og:site_name\" content=\"Amstel Printing\" \/>\n<meta property=\"article:modified_time\" content=\"2026-02-18T11:51:53+00:00\" \/>\n<meta property=\"og:image\" content=\"https:\/\/www.amstelprinting.nl\/wp-content\/uploads\/Tafelkleed.jpg\" \/>\n\t<meta property=\"og:image:width\" content=\"700\" \/>\n\t<meta property=\"og:image:height\" content=\"700\" \/>\n\t<meta property=\"og:image:type\" content=\"image\/jpeg\" \/>\n<meta name=\"twitter:card\" content=\"summary_large_image\" \/>\n<meta name=\"twitter:label1\" content=\"Dur\u00e9e de lecture estim\u00e9e\" \/>\n\t<meta name=\"twitter:data1\" content=\"1 minute\" \/>\n<script type=\"application\/ld+json\" class=\"yoast-schema-graph\">{\"@context\":\"https:\\\/\\\/schema.org\",\"@graph\":[{\"@type\":\"WebPage\",\"@id\":\"https:\\\/\\\/www.amstelprinting.nl\\\/fr\\\/boutique\\\/interieur-2\\\/maison-secteur-de-la-restauration\\\/nappe\\\/\",\"url\":\"https:\\\/\\\/www.amstelprinting.nl\\\/fr\\\/boutique\\\/interieur-2\\\/maison-secteur-de-la-restauration\\\/nappe\\\/\",\"name\":\"Nappe | Amstel Printing\",\"isPartOf\":{\"@id\":\"https:\\\/\\\/www.amstelprinting.nl\\\/fr\\\/#website\"},\"primaryImageOfPage\":{\"@id\":\"https:\\\/\\\/www.amstelprinting.nl\\\/fr\\\/boutique\\\/interieur-2\\\/maison-secteur-de-la-restauration\\\/nappe\\\/#primaryimage\"},\"image\":{\"@id\":\"https:\\\/\\\/www.amstelprinting.nl\\\/fr\\\/boutique\\\/interieur-2\\\/maison-secteur-de-la-restauration\\\/nappe\\\/#primaryimage\"},\"thumbnailUrl\":\"https:\\\/\\\/www.amstelprinting.nl\\\/wp-content\\\/uploads\\\/Tafelkleed.jpg\",\"datePublished\":\"2025-01-23T19:47:35+00:00\",\"dateModified\":\"2026-02-18T11:51:53+00:00\",\"breadcrumb\":{\"@id\":\"https:\\\/\\\/www.amstelprinting.nl\\\/fr\\\/boutique\\\/interieur-2\\\/maison-secteur-de-la-restauration\\\/nappe\\\/#breadcrumb\"},\"inLanguage\":\"fr-FR\",\"potentialAction\":[{\"@type\":\"ReadAction\",\"target\":[\"https:\\\/\\\/www.amstelprinting.nl\\\/fr\\\/boutique\\\/interieur-2\\\/maison-secteur-de-la-restauration\\\/nappe\\\/\"]}]},{\"@type\":\"ImageObject\",\"inLanguage\":\"fr-FR\",\"@id\":\"https:\\\/\\\/www.amstelprinting.nl\\\/fr\\\/boutique\\\/interieur-2\\\/maison-secteur-de-la-restauration\\\/nappe\\\/#primaryimage\",\"url\":\"https:\\\/\\\/www.amstelprinting.nl\\\/wp-content\\\/uploads\\\/Tafelkleed.jpg\",\"contentUrl\":\"https:\\\/\\\/www.amstelprinting.nl\\\/wp-content\\\/uploads\\\/Tafelkleed.jpg\",\"width\":700,\"height\":700},{\"@type\":\"BreadcrumbList\",\"@id\":\"https:\\\/\\\/www.amstelprinting.nl\\\/fr\\\/boutique\\\/interieur-2\\\/maison-secteur-de-la-restauration\\\/nappe\\\/#breadcrumb\",\"itemListElement\":[{\"@type\":\"ListItem\",\"position\":1,\"name\":\"\",\"item\":\"https:\\\/\\\/www.amstelprinting.nl\\\/fr\\\/\"},{\"@type\":\"ListItem\",\"position\":2,\"name\":\"Amstel Printing\",\"item\":\"https:\\\/\\\/www.amstelprinting.nl\\\/fr\\\/boutique\\\/\"},{\"@type\":\"ListItem\",\"position\":3,\"name\":\"Int\u00e9rieur\",\"item\":\"https:\\\/\\\/www.amstelprinting.nl\\\/fr\\\/categorie\\\/interieur-2\\\/\"},{\"@type\":\"ListItem\",\"position\":4,\"name\":\"Maison &amp; secteur de la restauration\",\"item\":\"https:\\\/\\\/www.amstelprinting.nl\\\/fr\\\/categorie\\\/interieur-2\\\/maison-secteur-de-la-restauration\\\/\"},{\"@type\":\"ListItem\",\"position\":5,\"name\":\"Nappe\"}]},{\"@type\":\"WebSite\",\"@id\":\"https:\\\/\\\/www.amstelprinting.nl\\\/fr\\\/#website\",\"url\":\"https:\\\/\\\/www.amstelprinting.nl\\\/fr\\\/\",\"name\":\"Amstel Printing\",\"description\":\"Creating Exposure\",\"publisher\":{\"@id\":\"https:\\\/\\\/www.amstelprinting.nl\\\/fr\\\/#organization\"},\"potentialAction\":[{\"@type\":\"SearchAction\",\"target\":{\"@type\":\"EntryPoint\",\"urlTemplate\":\"https:\\\/\\\/www.amstelprinting.nl\\\/fr\\\/?s={search_term_string}\"},\"query-input\":{\"@type\":\"PropertyValueSpecification\",\"valueRequired\":true,\"valueName\":\"search_term_string\"}}],\"inLanguage\":\"fr-FR\"},{\"@type\":\"Organization\",\"@id\":\"https:\\\/\\\/www.amstelprinting.nl\\\/fr\\\/#organization\",\"name\":\"Amstel Printing\",\"url\":\"https:\\\/\\\/www.amstelprinting.nl\\\/fr\\\/\",\"logo\":{\"@type\":\"ImageObject\",\"inLanguage\":\"fr-FR\",\"@id\":\"https:\\\/\\\/www.amstelprinting.nl\\\/fr\\\/#\\\/schema\\\/logo\\\/image\\\/\",\"url\":\"https:\\\/\\\/www.amstelprinting.nl\\\/wp-content\\\/uploads\\\/amstel_printing_logo_clean.png\",\"contentUrl\":\"https:\\\/\\\/www.amstelprinting.nl\\\/wp-content\\\/uploads\\\/amstel_printing_logo_clean.png\",\"width\":324,\"height\":73,\"caption\":\"Amstel Printing\"},\"image\":{\"@id\":\"https:\\\/\\\/www.amstelprinting.nl\\\/fr\\\/#\\\/schema\\\/logo\\\/image\\\/\"}}]}<\/script>\n<!-- \/ Yoast SEO plugin. -->","yoast_head_json":{"title":"Nappe | Amstel Printing","robots":{"index":"index","follow":"follow","max-snippet":"max-snippet:-1","max-image-preview":"max-image-preview:large","max-video-preview":"max-video-preview:-1"},"canonical":"https:\/\/www.amstelprinting.nl\/fr\/boutique\/interieur-2\/maison-secteur-de-la-restauration\/nappe\/","og_locale":"fr_FR","og_type":"article","og_title":"Nappe | Amstel Printing","og_description":"Imprimer des nappes avec votre propre photo ou design ? Convient aux espaces int\u00e9rieurs ou ext\u00e9rieurs. Que vous planifiiez une aventure en plein air ou organisiez un d\u00eener relaxant \u00e0 la maison, nos nappes imprim\u00e9es sont le compl\u00e9ment parfait pour chaque table. Vous choisissez vous-m\u00eame le format. Composez votre nappe imprim\u00e9e en quelques \u00e9tapes ci-dessous.","og_url":"https:\/\/www.amstelprinting.nl\/fr\/boutique\/interieur-2\/maison-secteur-de-la-restauration\/nappe\/","og_site_name":"Amstel Printing","article_modified_time":"2026-02-18T11:51:53+00:00","og_image":[{"width":700,"height":700,"url":"https:\/\/www.amstelprinting.nl\/wp-content\/uploads\/Tafelkleed.jpg","type":"image\/jpeg"}],"twitter_card":"summary_large_image","twitter_misc":{"Dur\u00e9e de lecture estim\u00e9e":"1 minute"},"schema":{"@context":"https:\/\/schema.org","@graph":[{"@type":"WebPage","@id":"https:\/\/www.amstelprinting.nl\/fr\/boutique\/interieur-2\/maison-secteur-de-la-restauration\/nappe\/","url":"https:\/\/www.amstelprinting.nl\/fr\/boutique\/interieur-2\/maison-secteur-de-la-restauration\/nappe\/","name":"Nappe | Amstel Printing","isPartOf":{"@id":"https:\/\/www.amstelprinting.nl\/fr\/#website"},"primaryImageOfPage":{"@id":"https:\/\/www.amstelprinting.nl\/fr\/boutique\/interieur-2\/maison-secteur-de-la-restauration\/nappe\/#primaryimage"},"image":{"@id":"https:\/\/www.amstelprinting.nl\/fr\/boutique\/interieur-2\/maison-secteur-de-la-restauration\/nappe\/#primaryimage"},"thumbnailUrl":"https:\/\/www.amstelprinting.nl\/wp-content\/uploads\/Tafelkleed.jpg","datePublished":"2025-01-23T19:47:35+00:00","dateModified":"2026-02-18T11:51:53+00:00","breadcrumb":{"@id":"https:\/\/www.amstelprinting.nl\/fr\/boutique\/interieur-2\/maison-secteur-de-la-restauration\/nappe\/#breadcrumb"},"inLanguage":"fr-FR","potentialAction":[{"@type":"ReadAction","target":["https:\/\/www.amstelprinting.nl\/fr\/boutique\/interieur-2\/maison-secteur-de-la-restauration\/nappe\/"]}]},{"@type":"ImageObject","inLanguage":"fr-FR","@id":"https:\/\/www.amstelprinting.nl\/fr\/boutique\/interieur-2\/maison-secteur-de-la-restauration\/nappe\/#primaryimage","url":"https:\/\/www.amstelprinting.nl\/wp-content\/uploads\/Tafelkleed.jpg","contentUrl":"https:\/\/www.amstelprinting.nl\/wp-content\/uploads\/Tafelkleed.jpg","width":700,"height":700},{"@type":"BreadcrumbList","@id":"https:\/\/www.amstelprinting.nl\/fr\/boutique\/interieur-2\/maison-secteur-de-la-restauration\/nappe\/#breadcrumb","itemListElement":[{"@type":"ListItem","position":1,"name":"","item":"https:\/\/www.amstelprinting.nl\/fr\/"},{"@type":"ListItem","position":2,"name":"Amstel Printing","item":"https:\/\/www.amstelprinting.nl\/fr\/boutique\/"},{"@type":"ListItem","position":3,"name":"Int\u00e9rieur","item":"https:\/\/www.amstelprinting.nl\/fr\/categorie\/interieur-2\/"},{"@type":"ListItem","position":4,"name":"Maison &amp; secteur de la restauration","item":"https:\/\/www.amstelprinting.nl\/fr\/categorie\/interieur-2\/maison-secteur-de-la-restauration\/"},{"@type":"ListItem","position":5,"name":"Nappe"}]},{"@type":"WebSite","@id":"https:\/\/www.amstelprinting.nl\/fr\/#website","url":"https:\/\/www.amstelprinting.nl\/fr\/","name":"Amstel Printing","description":"Creating Exposure","publisher":{"@id":"https:\/\/www.amstelprinting.nl\/fr\/#organization"},"potentialAction":[{"@type":"SearchAction","target":{"@type":"EntryPoint","urlTemplate":"https:\/\/www.amstelprinting.nl\/fr\/?s={search_term_string}"},"query-input":{"@type":"PropertyValueSpecification","valueRequired":true,"valueName":"search_term_string"}}],"inLanguage":"fr-FR"},{"@type":"Organization","@id":"https:\/\/www.amstelprinting.nl\/fr\/#organization","name":"Amstel Printing","url":"https:\/\/www.amstelprinting.nl\/fr\/","logo":{"@type":"ImageObject","inLanguage":"fr-FR","@id":"https:\/\/www.amstelprinting.nl\/fr\/#\/schema\/logo\/image\/","url":"https:\/\/www.amstelprinting.nl\/wp-content\/uploads\/amstel_printing_logo_clean.png","contentUrl":"https:\/\/www.amstelprinting.nl\/wp-content\/uploads\/amstel_printing_logo_clean.png","width":324,"height":73,"caption":"Amstel Printing"},"image":{"@id":"https:\/\/www.amstelprinting.nl\/fr\/#\/schema\/logo\/image\/"}}]}},"_links":{"self":[{"href":"https:\/\/www.amstelprinting.nl\/fr\/wp-json\/wp\/v2\/product\/15517","targetHints":{"allow":["GET"]}}],"collection":[{"href":"https:\/\/www.amstelprinting.nl\/fr\/wp-json\/wp\/v2\/product"}],"about":[{"href":"https:\/\/www.amstelprinting.nl\/fr\/wp-json\/wp\/v2\/types\/product"}],"wp:featuredmedia":[{"embeddable":true,"href":"https:\/\/www.amstelprinting.nl\/fr\/wp-json\/wp\/v2\/media\/15518"}],"wp:attachment":[{"href":"https:\/\/www.amstelprinting.nl\/fr\/wp-json\/wp\/v2\/media?parent=15517"}],"wp:term":[{"taxonomy":"product_brand","embeddable":true,"href":"https:\/\/www.amstelprinting.nl\/fr\/wp-json\/wp\/v2\/product_brand?post=15517"},{"taxonomy":"product_cat","embeddable":true,"href":"https:\/\/www.amstelprinting.nl\/fr\/wp-json\/wp\/v2\/product_cat?post=15517"},{"taxonomy":"product_tag","embeddable":true,"href":"https:\/\/www.amstelprinting.nl\/fr\/wp-json\/wp\/v2\/product_tag?post=15517"}],"curies":[{"name":"wp","href":"https:\/\/api.w.org\/{rel}","templated":true}]}}