{"id":15537,"date":"2025-01-23T20:47:14","date_gmt":"2025-01-23T19:47:14","guid":{"rendered":"https:\/\/www.amstelprinting.nl\/winkel\/non%20class\u00e9\/flyers\/"},"modified":"2026-02-10T13:11:11","modified_gmt":"2026-02-10T12:11:11","slug":"flyers","status":"publish","type":"product","link":"https:\/\/www.amstelprinting.nl\/fr\/boutique\/autocollants-et-impression\/impression\/flyers\/","title":{"rendered":"Flyers"},"content":{"rendered":"<h3>Pourquoi imprimer des flyers ?<\/h3>\n<ul>\n<li>Choisissez parmi 12 formats standard<\/li>\n<li>Disponible en 8 types de papier et grammages diff\u00e9rents<\/li>\n<li>\u00c0 commander d\u00e8s une unit\u00e9 (pas de frais de mise en route)<\/li>\n<li>Impression recto ou recto-verso<\/li>\n<li>R\u00e9solution extra haute gr\u00e2ce \u00e0 l&rsquo;HP Indigo 12000<\/li>\n<li>Optez pour un pelliculage mat ou brillant (pour une protection suppl\u00e9mentaire)<\/li>\n<\/ul>\n<p>&nbsp;<\/p>\n<h3>Commander des flyers<\/h3>\n<p>Vous pouvez choisir l&rsquo;impression sur le recto ou sur les deux faces, et vous commandez les flyers dans n&rsquo;importe quel tirage souhait\u00e9. Pour plus de facilit\u00e9, nous proposons \u00e9galement des options de liasses de 100, 250 ou 500 exemplaires.<\/p>\n<p>Faites briller votre message avec des flyers qui se d\u00e9marquent. Avec nos divers mat\u00e9riaux, formats et options d&rsquo;impression, il y a toujours une correspondance parfaite pour vos besoins. Que vous passiez une petite commande ou une grande commande, nous veillons \u00e0 ce que vos flyers soient professionnels et impressionnants.<\/p>\n<h3>Mat\u00e9riaux<\/h3>\n<p>Nos flyers imprim\u00e9s peuvent \u00eatre command\u00e9s en huit mat\u00e9riaux de haute qualit\u00e9 diff\u00e9rents. Ci-dessous, nous expliquons bri\u00e8vement les propri\u00e9t\u00e9s par type de mat\u00e9riau, afin que vous puissiez commander rapidement le bon flyer.<\/p>\n<ul>\n<li><strong>HV Gesatineerde MC (Brillant)<\/strong> : Ce mat\u00e9riau satin\u00e9 sans bois poss\u00e8de une couche de finition brillante, disponible en 135, 170, 250, 300 et 400 gr.\/m\u00b2.<\/li>\n<li><strong>HV Halfmat MC (Silk)<\/strong> : Avec une couche de finition mate, ce mat\u00e9riau sans bois est disponible en 135, 170, 250, 300 et 400 gr.\/m\u00b2.<\/li>\n<li><strong>Carton naturel<\/strong> : Carton naturel sans bois avec une structure lisse, facile \u00e0 \u00e9crire et \u00e0 tamponner, disponible en 300 et 350 gr.\/m\u00b2.<\/li>\n<li><strong>HVO Blanc<\/strong> : Papier blanc Offset sans bois, facile \u00e0 \u00e9crire et \u00e0 tamponner, disponible en 90 et 170 gr.\/m\u00b2.<\/li>\n<li><strong>Biotop Naturel<\/strong> : Papier non couch\u00e9 de couleur cr\u00e8me, facile \u00e0 \u00e9crire et \u00e0 tamponner, disponible en 250 gr.\/m\u00b2.<\/li>\n<li><strong>Carton sulfate<\/strong> : Recto couch\u00e9 avec un fini satin\u00e9, verso non couch\u00e9, disponible en 260 et 300 gr.\/m\u00b2.<\/li>\n<li><strong>Synaps<\/strong> : Mat\u00e9riau synth\u00e9tique, ind\u00e9chirable et r\u00e9sistant \u00e0 l&rsquo;eau, disponible en 300 gr.\/m\u00b2.<\/li>\n<li><strong>YupoBlue<\/strong> : Mat\u00e9riau synth\u00e9tique blanc \u00e9clatant avec une surface mate uniforme, disponible en 319 gr.\/m\u00b2.<\/li>\n<\/ul>\n<p>&nbsp;<\/p>\n<h3>Questions fr\u00e9quemment pos\u00e9es<\/h3>\n<p><strong>Le flyer peut-il \u00e9galement \u00eatre command\u00e9 dans un format diff\u00e9rent ?<\/strong><br \/>\nNon, les flyers sont livr\u00e9s dans des formats fixes. Vous recherchez un autre format, diff\u00e9rent ? Commandez alors via papier affiche 150 gr.\/m\u00b2.<\/p>\n<p><strong>Puis-je bien \u00e9crire sur tous les mat\u00e9riaux ?<\/strong><br \/>\nNon, vous ne pouvez \u00e9crire que sur des types de papier non couch\u00e9s. Ceux-ci incluent le carton sulfate (verso), l&rsquo;offset blanc sans bois, le Biotop Naturel et le carton naturel.<\/p>\n<p><strong>Pourquoi ne puis-je pas choisir un pelliculage pour l&rsquo;offset blanc sans bois, le Biotop Naturel et le carton naturel ?<\/strong><br \/>\nEn raison de la structure de ces mat\u00e9riaux, le pelliculage n&rsquo;est pas possible. De plus, le pelliculage ferait en sorte que vous ne puissiez plus \u00e9crire sur le papier.<\/p>\n<p><strong>Mes imprim\u00e9s sont courb\u00e9s, comment cela se fait-il ?<\/strong><br \/>\nCela peut arriver si vous avez choisi un pelliculage recto uniquement. Le pelliculage a une r\u00e9action diff\u00e9rente de celle du papier, ce qui peut provoquer un gondolement. Nous conseillons donc toujours de pelliculer les deux faces.<\/p>\n<p><strong>Quels types de papier conviennent \u00e9galement pour un usage ext\u00e9rieur ?<\/strong><br \/>\nNos papiers synth\u00e9tiques Synaps et YupoBlue conviennent pour un usage ext\u00e9rieur. Gr\u00e2ce au mat\u00e9riau synth\u00e9tique, le papier reste en bon \u00e9tat, m\u00eame s&rsquo;il est mouill\u00e9. Parfait pour une carte de menu, par exemple. De plus, vous pouvez \u00e9galement utiliser (temporairement) \u00e0 l&rsquo;ext\u00e9rieur des imprim\u00e9s avec un pelliculage recto-verso.<\/p>\n","protected":false},"excerpt":{"rendered":"<h3>Imprimer des flyers rapidement et \u00e0 bas prix. D\u00e8s une unit\u00e9.<\/h3>\n<p>Que vous lanciez un produit, fassiez la promotion d&rsquo;un \u00e9v\u00e9nement ou souhaitiez simplement pr\u00e9senter votre entreprise. Nos flyers offrent le moyen id\u00e9al de transmettre votre message. Avec douze formats diff\u00e9rents, un large choix de mat\u00e9riaux de haute qualit\u00e9 et des options flexibles d&rsquo;impression et de tirage, nous veillons \u00e0 ce que vos flyers fassent toujours impression.<\/p>\n","protected":false},"featured_media":15538,"template":"","meta":{"_et_pb_use_builder":"","_et_pb_old_content":"","_et_gb_content_width":""},"product_brand":[],"product_cat":[312,581],"product_tag":[],"class_list":{"0":"post-15537","1":"product","2":"type-product","3":"status-publish","4":"has-post-thumbnail","6":"product_cat-autocollants-et-impression","7":"product_cat-impression","9":"first","10":"instock","11":"taxable","12":"shipping-taxable","13":"purchasable","14":"product-type-simple"},"yoast_head":"<!-- This site is optimized with the Yoast SEO plugin v27.3 - https:\/\/yoast.com\/product\/yoast-seo-wordpress\/ -->\n<title>Commander des flyers professionnels \u00e0 partir d&#039;une unit\u00e9 - Livraison rapide<\/title>\n<meta name=\"description\" content=\"Commandez des flyers de haute qualit\u00e9 en 12 formats et 8 types de papier \u00e0 partir d&#039;une unit\u00e9. Impression recto ou recto-verso | Id\u00e9al pour une promotion efficace.\" \/>\n<meta name=\"robots\" content=\"index, follow, max-snippet:-1, max-image-preview:large, max-video-preview:-1\" \/>\n<link rel=\"canonical\" href=\"https:\/\/www.amstelprinting.nl\/fr\/boutique\/autocollants-et-impression\/impression\/flyers\/\" \/>\n<meta property=\"og:locale\" content=\"fr_FR\" \/>\n<meta property=\"og:type\" content=\"article\" \/>\n<meta property=\"og:title\" content=\"Commander des flyers professionnels \u00e0 partir d&#039;une unit\u00e9 - Livraison rapide\" \/>\n<meta property=\"og:description\" content=\"Commandez des flyers de haute qualit\u00e9 en 12 formats et 8 types de papier \u00e0 partir d&#039;une unit\u00e9. Impression recto ou recto-verso | Id\u00e9al pour une promotion efficace.\" \/>\n<meta property=\"og:url\" content=\"https:\/\/www.amstelprinting.nl\/fr\/boutique\/autocollants-et-impression\/impression\/flyers\/\" \/>\n<meta property=\"og:site_name\" content=\"Amstel Printing\" \/>\n<meta property=\"article:modified_time\" content=\"2026-02-10T12:11:11+00:00\" \/>\n<meta property=\"og:image\" content=\"https:\/\/www.amstelprinting.nl\/wp-content\/uploads\/Flyers.jpg\" \/>\n\t<meta property=\"og:image:width\" content=\"700\" \/>\n\t<meta property=\"og:image:height\" content=\"700\" \/>\n\t<meta property=\"og:image:type\" content=\"image\/jpeg\" \/>\n<meta name=\"twitter:card\" content=\"summary_large_image\" \/>\n<meta name=\"twitter:label1\" content=\"Dur\u00e9e de lecture estim\u00e9e\" \/>\n\t<meta name=\"twitter:data1\" content=\"3 minutes\" \/>\n<script type=\"application\/ld+json\" class=\"yoast-schema-graph\">{\"@context\":\"https:\\\/\\\/schema.org\",\"@graph\":[{\"@type\":\"WebPage\",\"@id\":\"https:\\\/\\\/www.amstelprinting.nl\\\/fr\\\/boutique\\\/autocollants-et-impression\\\/impression\\\/flyers\\\/\",\"url\":\"https:\\\/\\\/www.amstelprinting.nl\\\/fr\\\/boutique\\\/autocollants-et-impression\\\/impression\\\/flyers\\\/\",\"name\":\"Commander des flyers professionnels \u00e0 partir d'une unit\u00e9 - Livraison rapide\",\"isPartOf\":{\"@id\":\"https:\\\/\\\/www.amstelprinting.nl\\\/fr\\\/#website\"},\"primaryImageOfPage\":{\"@id\":\"https:\\\/\\\/www.amstelprinting.nl\\\/fr\\\/boutique\\\/autocollants-et-impression\\\/impression\\\/flyers\\\/#primaryimage\"},\"image\":{\"@id\":\"https:\\\/\\\/www.amstelprinting.nl\\\/fr\\\/boutique\\\/autocollants-et-impression\\\/impression\\\/flyers\\\/#primaryimage\"},\"thumbnailUrl\":\"https:\\\/\\\/www.amstelprinting.nl\\\/wp-content\\\/uploads\\\/Flyers.jpg\",\"datePublished\":\"2025-01-23T19:47:14+00:00\",\"dateModified\":\"2026-02-10T12:11:11+00:00\",\"description\":\"Commandez des flyers de haute qualit\u00e9 en 12 formats et 8 types de papier \u00e0 partir d'une unit\u00e9. Impression recto ou recto-verso | Id\u00e9al pour une promotion efficace.\",\"breadcrumb\":{\"@id\":\"https:\\\/\\\/www.amstelprinting.nl\\\/fr\\\/boutique\\\/autocollants-et-impression\\\/impression\\\/flyers\\\/#breadcrumb\"},\"inLanguage\":\"fr-FR\",\"potentialAction\":[{\"@type\":\"ReadAction\",\"target\":[\"https:\\\/\\\/www.amstelprinting.nl\\\/fr\\\/boutique\\\/autocollants-et-impression\\\/impression\\\/flyers\\\/\"]}]},{\"@type\":\"ImageObject\",\"inLanguage\":\"fr-FR\",\"@id\":\"https:\\\/\\\/www.amstelprinting.nl\\\/fr\\\/boutique\\\/autocollants-et-impression\\\/impression\\\/flyers\\\/#primaryimage\",\"url\":\"https:\\\/\\\/www.amstelprinting.nl\\\/wp-content\\\/uploads\\\/Flyers.jpg\",\"contentUrl\":\"https:\\\/\\\/www.amstelprinting.nl\\\/wp-content\\\/uploads\\\/Flyers.jpg\",\"width\":700,\"height\":700},{\"@type\":\"BreadcrumbList\",\"@id\":\"https:\\\/\\\/www.amstelprinting.nl\\\/fr\\\/boutique\\\/autocollants-et-impression\\\/impression\\\/flyers\\\/#breadcrumb\",\"itemListElement\":[{\"@type\":\"ListItem\",\"position\":1,\"name\":\"\",\"item\":\"https:\\\/\\\/www.amstelprinting.nl\\\/fr\\\/\"},{\"@type\":\"ListItem\",\"position\":2,\"name\":\"Amstel Printing\",\"item\":\"https:\\\/\\\/www.amstelprinting.nl\\\/fr\\\/boutique\\\/\"},{\"@type\":\"ListItem\",\"position\":3,\"name\":\"Autocollants et impression\",\"item\":\"https:\\\/\\\/www.amstelprinting.nl\\\/fr\\\/categorie\\\/autocollants-et-impression\\\/\"},{\"@type\":\"ListItem\",\"position\":4,\"name\":\"Impression\",\"item\":\"https:\\\/\\\/www.amstelprinting.nl\\\/fr\\\/categorie\\\/autocollants-et-impression\\\/impression\\\/\"},{\"@type\":\"ListItem\",\"position\":5,\"name\":\"Flyers\"}]},{\"@type\":\"WebSite\",\"@id\":\"https:\\\/\\\/www.amstelprinting.nl\\\/fr\\\/#website\",\"url\":\"https:\\\/\\\/www.amstelprinting.nl\\\/fr\\\/\",\"name\":\"Amstel Printing\",\"description\":\"Creating Exposure\",\"publisher\":{\"@id\":\"https:\\\/\\\/www.amstelprinting.nl\\\/fr\\\/#organization\"},\"potentialAction\":[{\"@type\":\"SearchAction\",\"target\":{\"@type\":\"EntryPoint\",\"urlTemplate\":\"https:\\\/\\\/www.amstelprinting.nl\\\/fr\\\/?s={search_term_string}\"},\"query-input\":{\"@type\":\"PropertyValueSpecification\",\"valueRequired\":true,\"valueName\":\"search_term_string\"}}],\"inLanguage\":\"fr-FR\"},{\"@type\":\"Organization\",\"@id\":\"https:\\\/\\\/www.amstelprinting.nl\\\/fr\\\/#organization\",\"name\":\"Amstel Printing\",\"url\":\"https:\\\/\\\/www.amstelprinting.nl\\\/fr\\\/\",\"logo\":{\"@type\":\"ImageObject\",\"inLanguage\":\"fr-FR\",\"@id\":\"https:\\\/\\\/www.amstelprinting.nl\\\/fr\\\/#\\\/schema\\\/logo\\\/image\\\/\",\"url\":\"https:\\\/\\\/www.amstelprinting.nl\\\/wp-content\\\/uploads\\\/amstel_printing_logo_clean.png\",\"contentUrl\":\"https:\\\/\\\/www.amstelprinting.nl\\\/wp-content\\\/uploads\\\/amstel_printing_logo_clean.png\",\"width\":324,\"height\":73,\"caption\":\"Amstel Printing\"},\"image\":{\"@id\":\"https:\\\/\\\/www.amstelprinting.nl\\\/fr\\\/#\\\/schema\\\/logo\\\/image\\\/\"}}]}<\/script>\n<!-- \/ Yoast SEO plugin. -->","yoast_head_json":{"title":"Commander des flyers professionnels \u00e0 partir d'une unit\u00e9 - Livraison rapide","description":"Commandez des flyers de haute qualit\u00e9 en 12 formats et 8 types de papier \u00e0 partir d'une unit\u00e9. Impression recto ou recto-verso | Id\u00e9al pour une promotion efficace.","robots":{"index":"index","follow":"follow","max-snippet":"max-snippet:-1","max-image-preview":"max-image-preview:large","max-video-preview":"max-video-preview:-1"},"canonical":"https:\/\/www.amstelprinting.nl\/fr\/boutique\/autocollants-et-impression\/impression\/flyers\/","og_locale":"fr_FR","og_type":"article","og_title":"Commander des flyers professionnels \u00e0 partir d'une unit\u00e9 - Livraison rapide","og_description":"Commandez des flyers de haute qualit\u00e9 en 12 formats et 8 types de papier \u00e0 partir d'une unit\u00e9. Impression recto ou recto-verso | Id\u00e9al pour une promotion efficace.","og_url":"https:\/\/www.amstelprinting.nl\/fr\/boutique\/autocollants-et-impression\/impression\/flyers\/","og_site_name":"Amstel Printing","article_modified_time":"2026-02-10T12:11:11+00:00","og_image":[{"width":700,"height":700,"url":"https:\/\/www.amstelprinting.nl\/wp-content\/uploads\/Flyers.jpg","type":"image\/jpeg"}],"twitter_card":"summary_large_image","twitter_misc":{"Dur\u00e9e de lecture estim\u00e9e":"3 minutes"},"schema":{"@context":"https:\/\/schema.org","@graph":[{"@type":"WebPage","@id":"https:\/\/www.amstelprinting.nl\/fr\/boutique\/autocollants-et-impression\/impression\/flyers\/","url":"https:\/\/www.amstelprinting.nl\/fr\/boutique\/autocollants-et-impression\/impression\/flyers\/","name":"Commander des flyers professionnels \u00e0 partir d'une unit\u00e9 - Livraison rapide","isPartOf":{"@id":"https:\/\/www.amstelprinting.nl\/fr\/#website"},"primaryImageOfPage":{"@id":"https:\/\/www.amstelprinting.nl\/fr\/boutique\/autocollants-et-impression\/impression\/flyers\/#primaryimage"},"image":{"@id":"https:\/\/www.amstelprinting.nl\/fr\/boutique\/autocollants-et-impression\/impression\/flyers\/#primaryimage"},"thumbnailUrl":"https:\/\/www.amstelprinting.nl\/wp-content\/uploads\/Flyers.jpg","datePublished":"2025-01-23T19:47:14+00:00","dateModified":"2026-02-10T12:11:11+00:00","description":"Commandez des flyers de haute qualit\u00e9 en 12 formats et 8 types de papier \u00e0 partir d'une unit\u00e9. Impression recto ou recto-verso | Id\u00e9al pour une promotion efficace.","breadcrumb":{"@id":"https:\/\/www.amstelprinting.nl\/fr\/boutique\/autocollants-et-impression\/impression\/flyers\/#breadcrumb"},"inLanguage":"fr-FR","potentialAction":[{"@type":"ReadAction","target":["https:\/\/www.amstelprinting.nl\/fr\/boutique\/autocollants-et-impression\/impression\/flyers\/"]}]},{"@type":"ImageObject","inLanguage":"fr-FR","@id":"https:\/\/www.amstelprinting.nl\/fr\/boutique\/autocollants-et-impression\/impression\/flyers\/#primaryimage","url":"https:\/\/www.amstelprinting.nl\/wp-content\/uploads\/Flyers.jpg","contentUrl":"https:\/\/www.amstelprinting.nl\/wp-content\/uploads\/Flyers.jpg","width":700,"height":700},{"@type":"BreadcrumbList","@id":"https:\/\/www.amstelprinting.nl\/fr\/boutique\/autocollants-et-impression\/impression\/flyers\/#breadcrumb","itemListElement":[{"@type":"ListItem","position":1,"name":"","item":"https:\/\/www.amstelprinting.nl\/fr\/"},{"@type":"ListItem","position":2,"name":"Amstel Printing","item":"https:\/\/www.amstelprinting.nl\/fr\/boutique\/"},{"@type":"ListItem","position":3,"name":"Autocollants et impression","item":"https:\/\/www.amstelprinting.nl\/fr\/categorie\/autocollants-et-impression\/"},{"@type":"ListItem","position":4,"name":"Impression","item":"https:\/\/www.amstelprinting.nl\/fr\/categorie\/autocollants-et-impression\/impression\/"},{"@type":"ListItem","position":5,"name":"Flyers"}]},{"@type":"WebSite","@id":"https:\/\/www.amstelprinting.nl\/fr\/#website","url":"https:\/\/www.amstelprinting.nl\/fr\/","name":"Amstel Printing","description":"Creating Exposure","publisher":{"@id":"https:\/\/www.amstelprinting.nl\/fr\/#organization"},"potentialAction":[{"@type":"SearchAction","target":{"@type":"EntryPoint","urlTemplate":"https:\/\/www.amstelprinting.nl\/fr\/?s={search_term_string}"},"query-input":{"@type":"PropertyValueSpecification","valueRequired":true,"valueName":"search_term_string"}}],"inLanguage":"fr-FR"},{"@type":"Organization","@id":"https:\/\/www.amstelprinting.nl\/fr\/#organization","name":"Amstel Printing","url":"https:\/\/www.amstelprinting.nl\/fr\/","logo":{"@type":"ImageObject","inLanguage":"fr-FR","@id":"https:\/\/www.amstelprinting.nl\/fr\/#\/schema\/logo\/image\/","url":"https:\/\/www.amstelprinting.nl\/wp-content\/uploads\/amstel_printing_logo_clean.png","contentUrl":"https:\/\/www.amstelprinting.nl\/wp-content\/uploads\/amstel_printing_logo_clean.png","width":324,"height":73,"caption":"Amstel Printing"},"image":{"@id":"https:\/\/www.amstelprinting.nl\/fr\/#\/schema\/logo\/image\/"}}]}},"_links":{"self":[{"href":"https:\/\/www.amstelprinting.nl\/fr\/wp-json\/wp\/v2\/product\/15537","targetHints":{"allow":["GET"]}}],"collection":[{"href":"https:\/\/www.amstelprinting.nl\/fr\/wp-json\/wp\/v2\/product"}],"about":[{"href":"https:\/\/www.amstelprinting.nl\/fr\/wp-json\/wp\/v2\/types\/product"}],"wp:featuredmedia":[{"embeddable":true,"href":"https:\/\/www.amstelprinting.nl\/fr\/wp-json\/wp\/v2\/media\/15538"}],"wp:attachment":[{"href":"https:\/\/www.amstelprinting.nl\/fr\/wp-json\/wp\/v2\/media?parent=15537"}],"wp:term":[{"taxonomy":"product_brand","embeddable":true,"href":"https:\/\/www.amstelprinting.nl\/fr\/wp-json\/wp\/v2\/product_brand?post=15537"},{"taxonomy":"product_cat","embeddable":true,"href":"https:\/\/www.amstelprinting.nl\/fr\/wp-json\/wp\/v2\/product_cat?post=15537"},{"taxonomy":"product_tag","embeddable":true,"href":"https:\/\/www.amstelprinting.nl\/fr\/wp-json\/wp\/v2\/product_tag?post=15537"}],"curies":[{"name":"wp","href":"https:\/\/api.w.org\/{rel}","templated":true}]}}