{"id":15548,"date":"2025-01-23T20:47:10","date_gmt":"2025-01-23T19:47:10","guid":{"rendered":"https:\/\/www.amstelprinting.nl\/winkel\/non%20class\u00e9\/visitekaartjes\/"},"modified":"2026-02-18T12:51:53","modified_gmt":"2026-02-18T11:51:53","slug":"cartes-de-visite","status":"publish","type":"product","link":"https:\/\/www.amstelprinting.nl\/fr\/boutique\/autocollants-et-impression\/impression\/cartes-de-visite\/","title":{"rendered":"Cartes de visite"},"content":{"rendered":"<h3>Pourquoi imprimer des cartes de visite ?<\/h3>\n<ul>\n<li>Faites une premi\u00e8re impression m\u00e9morable<\/li>\n<li>Format standard de 8,5 x 5,5 cm<\/li>\n<li>\u00c0 commander \u00e0 partir de 25 exemplaires (pas de frais de mise en route)<\/li>\n<li>R\u00e9solution extra \u00e9lev\u00e9e gr\u00e2ce \u00e0 la HP Indigo 12000<\/li>\n<li>Disponible en quatre types de papier<\/li>\n<li>Possibilit\u00e9 de pelliculer votre carte de visite<\/li>\n<\/ul>\n<p>&nbsp;<\/p>\n<h3>Mat\u00e9riaux<\/h3>\n<p>Vous pouvez faire imprimer des cartes de visite sur diff\u00e9rents types de papier et de carton. Vous avez le choix entre les quatre types de mat\u00e9riaux suivants.<\/p>\n<ul>\n<li><strong>MC satin\u00e9 sans bois (Brillant)<\/strong> : Ce mat\u00e9riau satin\u00e9 sans bois poss\u00e8de une couche de finition brillante, disponible en 300 et 400 g\/m\u00b2.<\/li>\n<li><strong>MC demi-mat sans bois (Silk)<\/strong> : Avec une couche de finition mate, ce mat\u00e9riau sans bois est disponible en 300 et 400 g\/m\u00b2.<\/li>\n<li><strong>Carton naturel<\/strong> : Carton naturel sans bois avec une structure lisse, facile \u00e0 \u00e9crire et \u00e0 tamponner, disponible en 300 et 350 g\/m\u00b2.<\/li>\n<li><strong>Carton sulfate<\/strong> : Recto couch\u00e9 avec un \u00e9clat satin\u00e9, verso non couch\u00e9, disponible en 300 g\/m\u00b2.<\/li>\n<\/ul>\n<p>&nbsp;<\/p>\n<h3>Finition des cartes de visite<\/h3>\n<p>De plus, vous avez \u00e9galement l&rsquo;option de pelliculer vos cartes de visite. Nous proposons cette option en trois variantes : pelliculage brillant, pelliculage mat et pelliculage mat Soft Touch. Le pelliculage brillant donne \u00e0 vos cartes une finition \u00e9clatante et les prot\u00e8ge des dommages. Le pelliculage mat offre une finition \u00e9l\u00e9gante, non brillante, et une protection suppl\u00e9mentaire. Le pelliculage mat Soft Touch donne un toucher luxueux et doux qui conf\u00e8re \u00e0 vos cartes un aspect haut de gamme.<\/p>\n<p>Vous pouvez choisir une impression au recto ou sur les deux faces, et vous commandez les cartes de visite dans la quantit\u00e9 de votre choix. Pour plus de commodit\u00e9, des options par lots de 100, 250 ou 500 exemplaires sont \u00e9galement disponibles.<\/p>\n<p>Avec nos cartes de visite, vous ferez toujours une impression inoubliable. Choisissez parmi une large gamme de mat\u00e9riaux et de finitions de haute qualit\u00e9 pour personnaliser vos cartes exactement selon vos souhaits. Commandez d\u00e8s maintenant et d\u00e9couvrez la diff\u00e9rence des cartes de visite professionnelles sur mesure !<\/p>\n<h3>Questions fr\u00e9quemment pos\u00e9es<\/h3>\n<p><strong>Quelle doit \u00eatre la taille minimale des lettres ?<\/strong><br \/>\nNous conseillons une hauteur de lettre minimale de 1 mm. Assurez-vous que votre fichier en tienne compte.<\/p>\n<p><strong>Peut-on \u00e9crire facilement sur tous les mat\u00e9riaux ?<\/strong><br \/>\nNon, l&rsquo;\u00e9criture n&rsquo;est possible que sur les types de papier non couch\u00e9s. Cela concerne le carton sulfate (verso) et le carton naturel.<\/p>\n<p><strong>Pourquoi le pelliculage n&rsquo;est-il pas possible sur le carton naturel ?<\/strong><br \/>\nEn raison de la structure du carton naturel, le pelliculage n&rsquo;est pas applicable et, de plus, cela r\u00e9duirait la possibilit\u00e9 d&rsquo;\u00e9crire sur le papier.<\/p>\n<p><strong>Mon impression est gondol\u00e9e, comment cela se fait-il ?<\/strong><br \/>\nCela peut \u00eatre d\u00fb au choix d&rsquo;un pelliculage simple face. Le pelliculage r\u00e9agit diff\u00e9remment du papier, ce qui peut provoquer un gondolement. Nous recommandons de toujours pelliculer des deux c\u00f4t\u00e9s pour \u00e9viter cela.<\/p>\n","protected":false},"excerpt":{"rendered":"<h3>Cartes de visite en divers types de papier<\/h3>\n<p>Faites une impression m\u00e9morable avec nos cartes de visite de haute qualit\u00e9, propos\u00e9es par d\u00e9faut dans le format pratique de 8,5 cm x 5,5 cm. Choisissez parmi quatre mat\u00e9riaux soigneusement s\u00e9lectionn\u00e9s, ayant chacun des propri\u00e9t\u00e9s uniques pour rendre vos cartes professionnelles et attrayantes.<\/p>\n","protected":false},"featured_media":15550,"template":"","meta":{"_et_pb_use_builder":"","_et_pb_old_content":"","_et_gb_content_width":""},"product_brand":[],"product_cat":[312,581],"product_tag":[],"class_list":{"0":"post-15548","1":"product","2":"type-product","3":"status-publish","4":"has-post-thumbnail","6":"product_cat-autocollants-et-impression","7":"product_cat-impression","9":"first","10":"instock","11":"taxable","12":"shipping-taxable","13":"purchasable","14":"product-type-simple"},"yoast_head":"<!-- This site is optimized with the Yoast SEO plugin v27.3 - https:\/\/yoast.com\/product\/yoast-seo-wordpress\/ -->\n<title>Commander des cartes de visite - Livraison sous 24 heures<\/title>\n<meta name=\"description\" content=\"Commandez vos cartes de visite facilement en ligne et recevez-les d\u00e8s demain ! \u00c0 partir de 25 exemplaires, prix comp\u00e9titifs et pr\u00eates \u00e0 l&#039;emploi.\" \/>\n<meta name=\"robots\" content=\"index, follow, max-snippet:-1, max-image-preview:large, max-video-preview:-1\" \/>\n<link rel=\"canonical\" href=\"https:\/\/www.amstelprinting.nl\/fr\/boutique\/autocollants-et-impression\/impression\/cartes-de-visite\/\" \/>\n<meta property=\"og:locale\" content=\"fr_FR\" \/>\n<meta property=\"og:type\" content=\"article\" \/>\n<meta property=\"og:title\" content=\"Commander des cartes de visite - Livraison sous 24 heures\" \/>\n<meta property=\"og:description\" content=\"Commandez vos cartes de visite facilement en ligne et recevez-les d\u00e8s demain ! \u00c0 partir de 25 exemplaires, prix comp\u00e9titifs et pr\u00eates \u00e0 l&#039;emploi.\" \/>\n<meta property=\"og:url\" content=\"https:\/\/www.amstelprinting.nl\/fr\/boutique\/autocollants-et-impression\/impression\/cartes-de-visite\/\" \/>\n<meta property=\"og:site_name\" content=\"Amstel Printing\" \/>\n<meta property=\"article:modified_time\" content=\"2026-02-18T11:51:53+00:00\" \/>\n<meta property=\"og:image\" content=\"https:\/\/www.amstelprinting.nl\/wp-content\/uploads\/Visitekaartjes.jpg\" \/>\n\t<meta property=\"og:image:width\" content=\"700\" \/>\n\t<meta property=\"og:image:height\" content=\"700\" \/>\n\t<meta property=\"og:image:type\" content=\"image\/jpeg\" \/>\n<meta name=\"twitter:card\" content=\"summary_large_image\" \/>\n<meta name=\"twitter:label1\" content=\"Dur\u00e9e de lecture estim\u00e9e\" \/>\n\t<meta name=\"twitter:data1\" content=\"2 minutes\" \/>\n<script type=\"application\/ld+json\" class=\"yoast-schema-graph\">{\"@context\":\"https:\\\/\\\/schema.org\",\"@graph\":[{\"@type\":\"WebPage\",\"@id\":\"https:\\\/\\\/www.amstelprinting.nl\\\/fr\\\/boutique\\\/autocollants-et-impression\\\/impression\\\/cartes-de-visite\\\/\",\"url\":\"https:\\\/\\\/www.amstelprinting.nl\\\/fr\\\/boutique\\\/autocollants-et-impression\\\/impression\\\/cartes-de-visite\\\/\",\"name\":\"Commander des cartes de visite - Livraison sous 24 heures\",\"isPartOf\":{\"@id\":\"https:\\\/\\\/www.amstelprinting.nl\\\/fr\\\/#website\"},\"primaryImageOfPage\":{\"@id\":\"https:\\\/\\\/www.amstelprinting.nl\\\/fr\\\/boutique\\\/autocollants-et-impression\\\/impression\\\/cartes-de-visite\\\/#primaryimage\"},\"image\":{\"@id\":\"https:\\\/\\\/www.amstelprinting.nl\\\/fr\\\/boutique\\\/autocollants-et-impression\\\/impression\\\/cartes-de-visite\\\/#primaryimage\"},\"thumbnailUrl\":\"https:\\\/\\\/www.amstelprinting.nl\\\/wp-content\\\/uploads\\\/Visitekaartjes.jpg\",\"datePublished\":\"2025-01-23T19:47:10+00:00\",\"dateModified\":\"2026-02-18T11:51:53+00:00\",\"description\":\"Commandez vos cartes de visite facilement en ligne et recevez-les d\u00e8s demain ! \u00c0 partir de 25 exemplaires, prix comp\u00e9titifs et pr\u00eates \u00e0 l'emploi.\",\"breadcrumb\":{\"@id\":\"https:\\\/\\\/www.amstelprinting.nl\\\/fr\\\/boutique\\\/autocollants-et-impression\\\/impression\\\/cartes-de-visite\\\/#breadcrumb\"},\"inLanguage\":\"fr-FR\",\"potentialAction\":[{\"@type\":\"ReadAction\",\"target\":[\"https:\\\/\\\/www.amstelprinting.nl\\\/fr\\\/boutique\\\/autocollants-et-impression\\\/impression\\\/cartes-de-visite\\\/\"]}]},{\"@type\":\"ImageObject\",\"inLanguage\":\"fr-FR\",\"@id\":\"https:\\\/\\\/www.amstelprinting.nl\\\/fr\\\/boutique\\\/autocollants-et-impression\\\/impression\\\/cartes-de-visite\\\/#primaryimage\",\"url\":\"https:\\\/\\\/www.amstelprinting.nl\\\/wp-content\\\/uploads\\\/Visitekaartjes.jpg\",\"contentUrl\":\"https:\\\/\\\/www.amstelprinting.nl\\\/wp-content\\\/uploads\\\/Visitekaartjes.jpg\",\"width\":700,\"height\":700},{\"@type\":\"BreadcrumbList\",\"@id\":\"https:\\\/\\\/www.amstelprinting.nl\\\/fr\\\/boutique\\\/autocollants-et-impression\\\/impression\\\/cartes-de-visite\\\/#breadcrumb\",\"itemListElement\":[{\"@type\":\"ListItem\",\"position\":1,\"name\":\"\",\"item\":\"https:\\\/\\\/www.amstelprinting.nl\\\/fr\\\/\"},{\"@type\":\"ListItem\",\"position\":2,\"name\":\"Amstel Printing\",\"item\":\"https:\\\/\\\/www.amstelprinting.nl\\\/fr\\\/boutique\\\/\"},{\"@type\":\"ListItem\",\"position\":3,\"name\":\"Autocollants et impression\",\"item\":\"https:\\\/\\\/www.amstelprinting.nl\\\/fr\\\/categorie\\\/autocollants-et-impression\\\/\"},{\"@type\":\"ListItem\",\"position\":4,\"name\":\"Impression\",\"item\":\"https:\\\/\\\/www.amstelprinting.nl\\\/fr\\\/categorie\\\/autocollants-et-impression\\\/impression\\\/\"},{\"@type\":\"ListItem\",\"position\":5,\"name\":\"Cartes de visite\"}]},{\"@type\":\"WebSite\",\"@id\":\"https:\\\/\\\/www.amstelprinting.nl\\\/fr\\\/#website\",\"url\":\"https:\\\/\\\/www.amstelprinting.nl\\\/fr\\\/\",\"name\":\"Amstel Printing\",\"description\":\"Creating Exposure\",\"publisher\":{\"@id\":\"https:\\\/\\\/www.amstelprinting.nl\\\/fr\\\/#organization\"},\"potentialAction\":[{\"@type\":\"SearchAction\",\"target\":{\"@type\":\"EntryPoint\",\"urlTemplate\":\"https:\\\/\\\/www.amstelprinting.nl\\\/fr\\\/?s={search_term_string}\"},\"query-input\":{\"@type\":\"PropertyValueSpecification\",\"valueRequired\":true,\"valueName\":\"search_term_string\"}}],\"inLanguage\":\"fr-FR\"},{\"@type\":\"Organization\",\"@id\":\"https:\\\/\\\/www.amstelprinting.nl\\\/fr\\\/#organization\",\"name\":\"Amstel Printing\",\"url\":\"https:\\\/\\\/www.amstelprinting.nl\\\/fr\\\/\",\"logo\":{\"@type\":\"ImageObject\",\"inLanguage\":\"fr-FR\",\"@id\":\"https:\\\/\\\/www.amstelprinting.nl\\\/fr\\\/#\\\/schema\\\/logo\\\/image\\\/\",\"url\":\"https:\\\/\\\/www.amstelprinting.nl\\\/wp-content\\\/uploads\\\/amstel_printing_logo_clean.png\",\"contentUrl\":\"https:\\\/\\\/www.amstelprinting.nl\\\/wp-content\\\/uploads\\\/amstel_printing_logo_clean.png\",\"width\":324,\"height\":73,\"caption\":\"Amstel Printing\"},\"image\":{\"@id\":\"https:\\\/\\\/www.amstelprinting.nl\\\/fr\\\/#\\\/schema\\\/logo\\\/image\\\/\"}}]}<\/script>\n<!-- \/ Yoast SEO plugin. -->","yoast_head_json":{"title":"Commander des cartes de visite - Livraison sous 24 heures","description":"Commandez vos cartes de visite facilement en ligne et recevez-les d\u00e8s demain ! \u00c0 partir de 25 exemplaires, prix comp\u00e9titifs et pr\u00eates \u00e0 l'emploi.","robots":{"index":"index","follow":"follow","max-snippet":"max-snippet:-1","max-image-preview":"max-image-preview:large","max-video-preview":"max-video-preview:-1"},"canonical":"https:\/\/www.amstelprinting.nl\/fr\/boutique\/autocollants-et-impression\/impression\/cartes-de-visite\/","og_locale":"fr_FR","og_type":"article","og_title":"Commander des cartes de visite - Livraison sous 24 heures","og_description":"Commandez vos cartes de visite facilement en ligne et recevez-les d\u00e8s demain ! \u00c0 partir de 25 exemplaires, prix comp\u00e9titifs et pr\u00eates \u00e0 l'emploi.","og_url":"https:\/\/www.amstelprinting.nl\/fr\/boutique\/autocollants-et-impression\/impression\/cartes-de-visite\/","og_site_name":"Amstel Printing","article_modified_time":"2026-02-18T11:51:53+00:00","og_image":[{"width":700,"height":700,"url":"https:\/\/www.amstelprinting.nl\/wp-content\/uploads\/Visitekaartjes.jpg","type":"image\/jpeg"}],"twitter_card":"summary_large_image","twitter_misc":{"Dur\u00e9e de lecture estim\u00e9e":"2 minutes"},"schema":{"@context":"https:\/\/schema.org","@graph":[{"@type":"WebPage","@id":"https:\/\/www.amstelprinting.nl\/fr\/boutique\/autocollants-et-impression\/impression\/cartes-de-visite\/","url":"https:\/\/www.amstelprinting.nl\/fr\/boutique\/autocollants-et-impression\/impression\/cartes-de-visite\/","name":"Commander des cartes de visite - Livraison sous 24 heures","isPartOf":{"@id":"https:\/\/www.amstelprinting.nl\/fr\/#website"},"primaryImageOfPage":{"@id":"https:\/\/www.amstelprinting.nl\/fr\/boutique\/autocollants-et-impression\/impression\/cartes-de-visite\/#primaryimage"},"image":{"@id":"https:\/\/www.amstelprinting.nl\/fr\/boutique\/autocollants-et-impression\/impression\/cartes-de-visite\/#primaryimage"},"thumbnailUrl":"https:\/\/www.amstelprinting.nl\/wp-content\/uploads\/Visitekaartjes.jpg","datePublished":"2025-01-23T19:47:10+00:00","dateModified":"2026-02-18T11:51:53+00:00","description":"Commandez vos cartes de visite facilement en ligne et recevez-les d\u00e8s demain ! \u00c0 partir de 25 exemplaires, prix comp\u00e9titifs et pr\u00eates \u00e0 l'emploi.","breadcrumb":{"@id":"https:\/\/www.amstelprinting.nl\/fr\/boutique\/autocollants-et-impression\/impression\/cartes-de-visite\/#breadcrumb"},"inLanguage":"fr-FR","potentialAction":[{"@type":"ReadAction","target":["https:\/\/www.amstelprinting.nl\/fr\/boutique\/autocollants-et-impression\/impression\/cartes-de-visite\/"]}]},{"@type":"ImageObject","inLanguage":"fr-FR","@id":"https:\/\/www.amstelprinting.nl\/fr\/boutique\/autocollants-et-impression\/impression\/cartes-de-visite\/#primaryimage","url":"https:\/\/www.amstelprinting.nl\/wp-content\/uploads\/Visitekaartjes.jpg","contentUrl":"https:\/\/www.amstelprinting.nl\/wp-content\/uploads\/Visitekaartjes.jpg","width":700,"height":700},{"@type":"BreadcrumbList","@id":"https:\/\/www.amstelprinting.nl\/fr\/boutique\/autocollants-et-impression\/impression\/cartes-de-visite\/#breadcrumb","itemListElement":[{"@type":"ListItem","position":1,"name":"","item":"https:\/\/www.amstelprinting.nl\/fr\/"},{"@type":"ListItem","position":2,"name":"Amstel Printing","item":"https:\/\/www.amstelprinting.nl\/fr\/boutique\/"},{"@type":"ListItem","position":3,"name":"Autocollants et impression","item":"https:\/\/www.amstelprinting.nl\/fr\/categorie\/autocollants-et-impression\/"},{"@type":"ListItem","position":4,"name":"Impression","item":"https:\/\/www.amstelprinting.nl\/fr\/categorie\/autocollants-et-impression\/impression\/"},{"@type":"ListItem","position":5,"name":"Cartes de visite"}]},{"@type":"WebSite","@id":"https:\/\/www.amstelprinting.nl\/fr\/#website","url":"https:\/\/www.amstelprinting.nl\/fr\/","name":"Amstel Printing","description":"Creating Exposure","publisher":{"@id":"https:\/\/www.amstelprinting.nl\/fr\/#organization"},"potentialAction":[{"@type":"SearchAction","target":{"@type":"EntryPoint","urlTemplate":"https:\/\/www.amstelprinting.nl\/fr\/?s={search_term_string}"},"query-input":{"@type":"PropertyValueSpecification","valueRequired":true,"valueName":"search_term_string"}}],"inLanguage":"fr-FR"},{"@type":"Organization","@id":"https:\/\/www.amstelprinting.nl\/fr\/#organization","name":"Amstel Printing","url":"https:\/\/www.amstelprinting.nl\/fr\/","logo":{"@type":"ImageObject","inLanguage":"fr-FR","@id":"https:\/\/www.amstelprinting.nl\/fr\/#\/schema\/logo\/image\/","url":"https:\/\/www.amstelprinting.nl\/wp-content\/uploads\/amstel_printing_logo_clean.png","contentUrl":"https:\/\/www.amstelprinting.nl\/wp-content\/uploads\/amstel_printing_logo_clean.png","width":324,"height":73,"caption":"Amstel Printing"},"image":{"@id":"https:\/\/www.amstelprinting.nl\/fr\/#\/schema\/logo\/image\/"}}]}},"_links":{"self":[{"href":"https:\/\/www.amstelprinting.nl\/fr\/wp-json\/wp\/v2\/product\/15548","targetHints":{"allow":["GET"]}}],"collection":[{"href":"https:\/\/www.amstelprinting.nl\/fr\/wp-json\/wp\/v2\/product"}],"about":[{"href":"https:\/\/www.amstelprinting.nl\/fr\/wp-json\/wp\/v2\/types\/product"}],"wp:featuredmedia":[{"embeddable":true,"href":"https:\/\/www.amstelprinting.nl\/fr\/wp-json\/wp\/v2\/media\/15550"}],"wp:attachment":[{"href":"https:\/\/www.amstelprinting.nl\/fr\/wp-json\/wp\/v2\/media?parent=15548"}],"wp:term":[{"taxonomy":"product_brand","embeddable":true,"href":"https:\/\/www.amstelprinting.nl\/fr\/wp-json\/wp\/v2\/product_brand?post=15548"},{"taxonomy":"product_cat","embeddable":true,"href":"https:\/\/www.amstelprinting.nl\/fr\/wp-json\/wp\/v2\/product_cat?post=15548"},{"taxonomy":"product_tag","embeddable":true,"href":"https:\/\/www.amstelprinting.nl\/fr\/wp-json\/wp\/v2\/product_tag?post=15548"}],"curies":[{"name":"wp","href":"https:\/\/api.w.org\/{rel}","templated":true}]}}