{"id":15563,"date":"2025-01-23T20:47:06","date_gmt":"2025-01-23T19:47:06","guid":{"rendered":"https:\/\/www.amstelprinting.nl\/winkel\/non%20class\u00e9\/ansichtkaarten\/"},"modified":"2026-02-18T12:51:54","modified_gmt":"2026-02-18T11:51:54","slug":"cartes-postales","status":"publish","type":"product","link":"https:\/\/www.amstelprinting.nl\/fr\/boutique\/autocollants-et-impression\/impression\/cartes-postales\/","title":{"rendered":"Cartes postales"},"content":{"rendered":"<h3>Avantages<\/h3>\n<p>\\n<\/p>\n<ul>\\n  <\/p>\n<li>Rendez votre message m\u00e9morable<\/li>\n<p>\\n  <\/p>\n<li>Disponible en diff\u00e9rents formats et types de papier<\/li>\n<p>\\n  <\/p>\n<li>Possibilit\u00e9 de pelliculer votre carte postale<\/li>\n<p>\\n  <\/p>\n<li>Choisissez une carte simple ou pli\u00e9e<\/li>\n<p>\\n<\/ul>\n<p>\\n&nbsp;\\n<\/p>\n<h3>Mat\u00e9riaux<\/h3>\n<p>\\nNous proposons une s\u00e9lection de sept mat\u00e9riaux de haute qualit\u00e9 :\\n<\/p>\n<ul>\\n  <\/p>\n<li><strong>MC satin\u00e9 HV (Brillant)<\/strong> : Ce mat\u00e9riau satin\u00e9 sans bois poss\u00e8de une couche de couchage brillante, disponible en 250, 300 et 400 gr.\/m\u00b2.<\/li>\n<p>\\n  <\/p>\n<li><strong>MC demi-mat HV (Silk)<\/strong> : Avec une couche de couchage mate, ce mat\u00e9riau sans bois est disponible en 250, 300 et 400 gr.\/m\u00b2.<\/li>\n<p>\\n  <\/p>\n<li><strong>Carton naturel<\/strong> : Carton naturel sans bois avec une structure lisse, facile \u00e0 \u00e9crire et \u00e0 tamponner, disponible en 300 et 350 gr.\/m\u00b2.<\/li>\n<p>\\n  <\/p>\n<li><strong>Biotop Naturel<\/strong> : Papier non couch\u00e9 de couleur cr\u00e8me, facile \u00e0 \u00e9crire et \u00e0 tamponner, disponible en 250 gr.\/m\u00b2.<\/li>\n<p>\\n  <\/p>\n<li><strong>Carton sulfate<\/strong> : Recto couch\u00e9 avec un \u00e9clat satin\u00e9, verso non couch\u00e9, disponible en 260 et 300 gr.\/m\u00b2.<\/li>\n<p>\\n  <\/p>\n<li><strong>Synaps<\/strong> : Mat\u00e9riau synth\u00e9tique, ind\u00e9chirable et r\u00e9sistant \u00e0 l&rsquo;eau, disponible en 300 gr.\/m\u00b2.<\/li>\n<p>\\n  <\/p>\n<li><strong>YupoBlue<\/strong> : Mat\u00e9riau synth\u00e9tique blanc \u00e9clatant avec une surface mate uniforme, disponible en 319 gr.\/m\u00b2.<\/li>\n<p>\\n<\/ul>\n<p>\\n&nbsp;\\n\\n<\/p>\n<h3>Finition pelliculage<\/h3>\n<p>\\nDe plus, vous avez la possibilit\u00e9 de faire pelliculer vos cartes postales pour une protection suppl\u00e9mentaire et une finition raffin\u00e9e. Nous proposons trois options de pelliculage : le pelliculage brillant, qui donne \u00e0 vos cartes une finition \u00e9clatante et les prot\u00e8ge des dommages ; le pelliculage mat, qui assure un aspect \u00e9l\u00e9gant et non brillant avec une protection suppl\u00e9mentaire ; et le pelliculage mat soft touch, qui ajoute un toucher luxueux et doux et donne \u00e0 vos cartes une sensation premium.\\n<\/p>\n<h3>Carte simple ou pli\u00e9e<\/h3>\n<p>\\nChoisissez entre une carte simple ou une variante pli\u00e9e et entre une impression sur le recto ou sur les deux faces. Commandez la quantit\u00e9 dont vous avez besoin, avec des options de liasses de 100, 250 ou 500 exemplaires pour plus de commodit\u00e9. Ajoutez si vous le souhaitez des enveloppes blanches pour une pr\u00e9sentation compl\u00e8te et professionnelle.\\n\\nAvec nos cartes postales, vous laissez une impression forte. Faites ressortir votre message avec une finition et une pr\u00e9sentation qui correspondent exactement \u00e0 votre style. Nous garantissons la qualit\u00e9 et l&rsquo;apparence que votre communication m\u00e9rite.\\n<\/p>\n<h3>Questions fr\u00e9quemment pos\u00e9es<\/h3>\n<p>\\n<strong>Quelle doit \u00eatre la taille minimale des lettres ?<\/strong>\\nNous recommandons une hauteur de lettre minimale de 1 mm. Assurez-vous que votre fichier en tient compte.\\n\\n<strong>Peut-on \u00e9crire facilement sur tous les mat\u00e9riaux ?<\/strong>\\nNon, l&rsquo;\u00e9criture n&rsquo;est possible que sur les types de papier non couch\u00e9s. Cela concerne le carton sulfate (verso) et le carton naturel.\\n\\n<strong>Pourquoi le pelliculage n&rsquo;est-il pas possible sur le carton naturel ?<\/strong>\\nEn raison de la structure du carton naturel, le pelliculage n&rsquo;est pas applicable et, de plus, cela r\u00e9duirait la possibilit\u00e9 d&rsquo;\u00e9crire sur le papier.\\n\\n<strong>Mes imprim\u00e9s sont gondol\u00e9s, comment se fait-il ?<\/strong>\\nCela peut \u00eatre le r\u00e9sultat du choix d&rsquo;un pelliculage recto seul. Le pelliculage r\u00e9agit diff\u00e9remment du papier, ce qui peut provoquer un gondolage. Nous recommandons de toujours pelliculer des deux c\u00f4t\u00e9s pour \u00e9viter cela.<\/p>\n","protected":false},"excerpt":{"rendered":"<p>Que vous f\u00eatiez une occasion sp\u00e9ciale, souhaitiez envoyer un message personnel ou promouvoir votre entreprise, nos cartes postales \u00e9conomiques offrent la solution parfaite. Disponibles en neuf formats polyvalents, nos cartes postales sont con\u00e7ues pour transmettre votre message de mani\u00e8re \u00e9l\u00e9gante et professionnelle.<\/p>\n","protected":false},"featured_media":15565,"template":"","meta":{"_et_pb_use_builder":"","_et_pb_old_content":"","_et_gb_content_width":""},"product_brand":[],"product_cat":[312,581],"product_tag":[],"class_list":{"0":"post-15563","1":"product","2":"type-product","3":"status-publish","4":"has-post-thumbnail","6":"product_cat-autocollants-et-impression","7":"product_cat-impression","9":"first","10":"instock","11":"taxable","12":"shipping-taxable","13":"purchasable","14":"product-type-simple"},"yoast_head":"<!-- This site is optimized with the Yoast SEO plugin v27.3 - https:\/\/yoast.com\/product\/yoast-seo-wordpress\/ -->\n<title>Cartes postales Livraison rapide - Impression professionnelle &amp; \u00e9l\u00e9gante<\/title>\n<meta name=\"description\" content=\"Commandez des cartes postales dans divers formats et types de papier de luxe. Choisissez parmi un pelliculage brillant, mat ou soft touch pour un look premium.\" \/>\n<meta name=\"robots\" content=\"index, follow, max-snippet:-1, max-image-preview:large, max-video-preview:-1\" \/>\n<link rel=\"canonical\" href=\"https:\/\/www.amstelprinting.nl\/fr\/boutique\/autocollants-et-impression\/impression\/cartes-postales\/\" \/>\n<meta property=\"og:locale\" content=\"fr_FR\" \/>\n<meta property=\"og:type\" content=\"article\" \/>\n<meta property=\"og:title\" content=\"Cartes postales Livraison rapide - Impression professionnelle &amp; \u00e9l\u00e9gante\" \/>\n<meta property=\"og:description\" content=\"Commandez des cartes postales dans divers formats et types de papier de luxe. Choisissez parmi un pelliculage brillant, mat ou soft touch pour un look premium.\" \/>\n<meta property=\"og:url\" content=\"https:\/\/www.amstelprinting.nl\/fr\/boutique\/autocollants-et-impression\/impression\/cartes-postales\/\" \/>\n<meta property=\"og:site_name\" content=\"Amstel Printing\" \/>\n<meta property=\"article:modified_time\" content=\"2026-02-18T11:51:54+00:00\" \/>\n<meta property=\"og:image\" content=\"https:\/\/www.amstelprinting.nl\/wp-content\/uploads\/Ansichtkaarten.jpg\" \/>\n\t<meta property=\"og:image:width\" content=\"700\" \/>\n\t<meta property=\"og:image:height\" content=\"700\" \/>\n\t<meta property=\"og:image:type\" content=\"image\/jpeg\" \/>\n<meta name=\"twitter:card\" content=\"summary_large_image\" \/>\n<meta name=\"twitter:label1\" content=\"Dur\u00e9e de lecture estim\u00e9e\" \/>\n\t<meta name=\"twitter:data1\" content=\"3 minutes\" \/>\n<script type=\"application\/ld+json\" class=\"yoast-schema-graph\">{\"@context\":\"https:\\\/\\\/schema.org\",\"@graph\":[{\"@type\":\"WebPage\",\"@id\":\"https:\\\/\\\/www.amstelprinting.nl\\\/fr\\\/boutique\\\/autocollants-et-impression\\\/impression\\\/cartes-postales\\\/\",\"url\":\"https:\\\/\\\/www.amstelprinting.nl\\\/fr\\\/boutique\\\/autocollants-et-impression\\\/impression\\\/cartes-postales\\\/\",\"name\":\"Cartes postales Livraison rapide - Impression professionnelle & \u00e9l\u00e9gante\",\"isPartOf\":{\"@id\":\"https:\\\/\\\/www.amstelprinting.nl\\\/fr\\\/#website\"},\"primaryImageOfPage\":{\"@id\":\"https:\\\/\\\/www.amstelprinting.nl\\\/fr\\\/boutique\\\/autocollants-et-impression\\\/impression\\\/cartes-postales\\\/#primaryimage\"},\"image\":{\"@id\":\"https:\\\/\\\/www.amstelprinting.nl\\\/fr\\\/boutique\\\/autocollants-et-impression\\\/impression\\\/cartes-postales\\\/#primaryimage\"},\"thumbnailUrl\":\"https:\\\/\\\/www.amstelprinting.nl\\\/wp-content\\\/uploads\\\/Ansichtkaarten.jpg\",\"datePublished\":\"2025-01-23T19:47:06+00:00\",\"dateModified\":\"2026-02-18T11:51:54+00:00\",\"description\":\"Commandez des cartes postales dans divers formats et types de papier de luxe. Choisissez parmi un pelliculage brillant, mat ou soft touch pour un look premium.\",\"breadcrumb\":{\"@id\":\"https:\\\/\\\/www.amstelprinting.nl\\\/fr\\\/boutique\\\/autocollants-et-impression\\\/impression\\\/cartes-postales\\\/#breadcrumb\"},\"inLanguage\":\"fr-FR\",\"potentialAction\":[{\"@type\":\"ReadAction\",\"target\":[\"https:\\\/\\\/www.amstelprinting.nl\\\/fr\\\/boutique\\\/autocollants-et-impression\\\/impression\\\/cartes-postales\\\/\"]}]},{\"@type\":\"ImageObject\",\"inLanguage\":\"fr-FR\",\"@id\":\"https:\\\/\\\/www.amstelprinting.nl\\\/fr\\\/boutique\\\/autocollants-et-impression\\\/impression\\\/cartes-postales\\\/#primaryimage\",\"url\":\"https:\\\/\\\/www.amstelprinting.nl\\\/wp-content\\\/uploads\\\/Ansichtkaarten.jpg\",\"contentUrl\":\"https:\\\/\\\/www.amstelprinting.nl\\\/wp-content\\\/uploads\\\/Ansichtkaarten.jpg\",\"width\":700,\"height\":700},{\"@type\":\"BreadcrumbList\",\"@id\":\"https:\\\/\\\/www.amstelprinting.nl\\\/fr\\\/boutique\\\/autocollants-et-impression\\\/impression\\\/cartes-postales\\\/#breadcrumb\",\"itemListElement\":[{\"@type\":\"ListItem\",\"position\":1,\"name\":\"\",\"item\":\"https:\\\/\\\/www.amstelprinting.nl\\\/fr\\\/\"},{\"@type\":\"ListItem\",\"position\":2,\"name\":\"Amstel Printing\",\"item\":\"https:\\\/\\\/www.amstelprinting.nl\\\/fr\\\/boutique\\\/\"},{\"@type\":\"ListItem\",\"position\":3,\"name\":\"Autocollants et impression\",\"item\":\"https:\\\/\\\/www.amstelprinting.nl\\\/fr\\\/categorie\\\/autocollants-et-impression\\\/\"},{\"@type\":\"ListItem\",\"position\":4,\"name\":\"Impression\",\"item\":\"https:\\\/\\\/www.amstelprinting.nl\\\/fr\\\/categorie\\\/autocollants-et-impression\\\/impression\\\/\"},{\"@type\":\"ListItem\",\"position\":5,\"name\":\"Cartes postales\"}]},{\"@type\":\"WebSite\",\"@id\":\"https:\\\/\\\/www.amstelprinting.nl\\\/fr\\\/#website\",\"url\":\"https:\\\/\\\/www.amstelprinting.nl\\\/fr\\\/\",\"name\":\"Amstel Printing\",\"description\":\"Creating Exposure\",\"publisher\":{\"@id\":\"https:\\\/\\\/www.amstelprinting.nl\\\/fr\\\/#organization\"},\"potentialAction\":[{\"@type\":\"SearchAction\",\"target\":{\"@type\":\"EntryPoint\",\"urlTemplate\":\"https:\\\/\\\/www.amstelprinting.nl\\\/fr\\\/?s={search_term_string}\"},\"query-input\":{\"@type\":\"PropertyValueSpecification\",\"valueRequired\":true,\"valueName\":\"search_term_string\"}}],\"inLanguage\":\"fr-FR\"},{\"@type\":\"Organization\",\"@id\":\"https:\\\/\\\/www.amstelprinting.nl\\\/fr\\\/#organization\",\"name\":\"Amstel Printing\",\"url\":\"https:\\\/\\\/www.amstelprinting.nl\\\/fr\\\/\",\"logo\":{\"@type\":\"ImageObject\",\"inLanguage\":\"fr-FR\",\"@id\":\"https:\\\/\\\/www.amstelprinting.nl\\\/fr\\\/#\\\/schema\\\/logo\\\/image\\\/\",\"url\":\"https:\\\/\\\/www.amstelprinting.nl\\\/wp-content\\\/uploads\\\/amstel_printing_logo_clean.png\",\"contentUrl\":\"https:\\\/\\\/www.amstelprinting.nl\\\/wp-content\\\/uploads\\\/amstel_printing_logo_clean.png\",\"width\":324,\"height\":73,\"caption\":\"Amstel Printing\"},\"image\":{\"@id\":\"https:\\\/\\\/www.amstelprinting.nl\\\/fr\\\/#\\\/schema\\\/logo\\\/image\\\/\"}}]}<\/script>\n<!-- \/ Yoast SEO plugin. -->","yoast_head_json":{"title":"Cartes postales Livraison rapide - Impression professionnelle & \u00e9l\u00e9gante","description":"Commandez des cartes postales dans divers formats et types de papier de luxe. Choisissez parmi un pelliculage brillant, mat ou soft touch pour un look premium.","robots":{"index":"index","follow":"follow","max-snippet":"max-snippet:-1","max-image-preview":"max-image-preview:large","max-video-preview":"max-video-preview:-1"},"canonical":"https:\/\/www.amstelprinting.nl\/fr\/boutique\/autocollants-et-impression\/impression\/cartes-postales\/","og_locale":"fr_FR","og_type":"article","og_title":"Cartes postales Livraison rapide - Impression professionnelle & \u00e9l\u00e9gante","og_description":"Commandez des cartes postales dans divers formats et types de papier de luxe. Choisissez parmi un pelliculage brillant, mat ou soft touch pour un look premium.","og_url":"https:\/\/www.amstelprinting.nl\/fr\/boutique\/autocollants-et-impression\/impression\/cartes-postales\/","og_site_name":"Amstel Printing","article_modified_time":"2026-02-18T11:51:54+00:00","og_image":[{"width":700,"height":700,"url":"https:\/\/www.amstelprinting.nl\/wp-content\/uploads\/Ansichtkaarten.jpg","type":"image\/jpeg"}],"twitter_card":"summary_large_image","twitter_misc":{"Dur\u00e9e de lecture estim\u00e9e":"3 minutes"},"schema":{"@context":"https:\/\/schema.org","@graph":[{"@type":"WebPage","@id":"https:\/\/www.amstelprinting.nl\/fr\/boutique\/autocollants-et-impression\/impression\/cartes-postales\/","url":"https:\/\/www.amstelprinting.nl\/fr\/boutique\/autocollants-et-impression\/impression\/cartes-postales\/","name":"Cartes postales Livraison rapide - Impression professionnelle & \u00e9l\u00e9gante","isPartOf":{"@id":"https:\/\/www.amstelprinting.nl\/fr\/#website"},"primaryImageOfPage":{"@id":"https:\/\/www.amstelprinting.nl\/fr\/boutique\/autocollants-et-impression\/impression\/cartes-postales\/#primaryimage"},"image":{"@id":"https:\/\/www.amstelprinting.nl\/fr\/boutique\/autocollants-et-impression\/impression\/cartes-postales\/#primaryimage"},"thumbnailUrl":"https:\/\/www.amstelprinting.nl\/wp-content\/uploads\/Ansichtkaarten.jpg","datePublished":"2025-01-23T19:47:06+00:00","dateModified":"2026-02-18T11:51:54+00:00","description":"Commandez des cartes postales dans divers formats et types de papier de luxe. Choisissez parmi un pelliculage brillant, mat ou soft touch pour un look premium.","breadcrumb":{"@id":"https:\/\/www.amstelprinting.nl\/fr\/boutique\/autocollants-et-impression\/impression\/cartes-postales\/#breadcrumb"},"inLanguage":"fr-FR","potentialAction":[{"@type":"ReadAction","target":["https:\/\/www.amstelprinting.nl\/fr\/boutique\/autocollants-et-impression\/impression\/cartes-postales\/"]}]},{"@type":"ImageObject","inLanguage":"fr-FR","@id":"https:\/\/www.amstelprinting.nl\/fr\/boutique\/autocollants-et-impression\/impression\/cartes-postales\/#primaryimage","url":"https:\/\/www.amstelprinting.nl\/wp-content\/uploads\/Ansichtkaarten.jpg","contentUrl":"https:\/\/www.amstelprinting.nl\/wp-content\/uploads\/Ansichtkaarten.jpg","width":700,"height":700},{"@type":"BreadcrumbList","@id":"https:\/\/www.amstelprinting.nl\/fr\/boutique\/autocollants-et-impression\/impression\/cartes-postales\/#breadcrumb","itemListElement":[{"@type":"ListItem","position":1,"name":"","item":"https:\/\/www.amstelprinting.nl\/fr\/"},{"@type":"ListItem","position":2,"name":"Amstel Printing","item":"https:\/\/www.amstelprinting.nl\/fr\/boutique\/"},{"@type":"ListItem","position":3,"name":"Autocollants et impression","item":"https:\/\/www.amstelprinting.nl\/fr\/categorie\/autocollants-et-impression\/"},{"@type":"ListItem","position":4,"name":"Impression","item":"https:\/\/www.amstelprinting.nl\/fr\/categorie\/autocollants-et-impression\/impression\/"},{"@type":"ListItem","position":5,"name":"Cartes postales"}]},{"@type":"WebSite","@id":"https:\/\/www.amstelprinting.nl\/fr\/#website","url":"https:\/\/www.amstelprinting.nl\/fr\/","name":"Amstel Printing","description":"Creating Exposure","publisher":{"@id":"https:\/\/www.amstelprinting.nl\/fr\/#organization"},"potentialAction":[{"@type":"SearchAction","target":{"@type":"EntryPoint","urlTemplate":"https:\/\/www.amstelprinting.nl\/fr\/?s={search_term_string}"},"query-input":{"@type":"PropertyValueSpecification","valueRequired":true,"valueName":"search_term_string"}}],"inLanguage":"fr-FR"},{"@type":"Organization","@id":"https:\/\/www.amstelprinting.nl\/fr\/#organization","name":"Amstel Printing","url":"https:\/\/www.amstelprinting.nl\/fr\/","logo":{"@type":"ImageObject","inLanguage":"fr-FR","@id":"https:\/\/www.amstelprinting.nl\/fr\/#\/schema\/logo\/image\/","url":"https:\/\/www.amstelprinting.nl\/wp-content\/uploads\/amstel_printing_logo_clean.png","contentUrl":"https:\/\/www.amstelprinting.nl\/wp-content\/uploads\/amstel_printing_logo_clean.png","width":324,"height":73,"caption":"Amstel Printing"},"image":{"@id":"https:\/\/www.amstelprinting.nl\/fr\/#\/schema\/logo\/image\/"}}]}},"_links":{"self":[{"href":"https:\/\/www.amstelprinting.nl\/fr\/wp-json\/wp\/v2\/product\/15563","targetHints":{"allow":["GET"]}}],"collection":[{"href":"https:\/\/www.amstelprinting.nl\/fr\/wp-json\/wp\/v2\/product"}],"about":[{"href":"https:\/\/www.amstelprinting.nl\/fr\/wp-json\/wp\/v2\/types\/product"}],"wp:featuredmedia":[{"embeddable":true,"href":"https:\/\/www.amstelprinting.nl\/fr\/wp-json\/wp\/v2\/media\/15565"}],"wp:attachment":[{"href":"https:\/\/www.amstelprinting.nl\/fr\/wp-json\/wp\/v2\/media?parent=15563"}],"wp:term":[{"taxonomy":"product_brand","embeddable":true,"href":"https:\/\/www.amstelprinting.nl\/fr\/wp-json\/wp\/v2\/product_brand?post=15563"},{"taxonomy":"product_cat","embeddable":true,"href":"https:\/\/www.amstelprinting.nl\/fr\/wp-json\/wp\/v2\/product_cat?post=15563"},{"taxonomy":"product_tag","embeddable":true,"href":"https:\/\/www.amstelprinting.nl\/fr\/wp-json\/wp\/v2\/product_tag?post=15563"}],"curies":[{"name":"wp","href":"https:\/\/api.w.org\/{rel}","templated":true}]}}