{"id":15577,"date":"2025-01-23T20:46:43","date_gmt":"2025-01-23T19:46:43","guid":{"rendered":"https:\/\/www.amstelprinting.nl\/winkel\/non%20class\u00e9\/plano-drukvellen\/"},"modified":"2026-02-18T12:51:54","modified_gmt":"2026-02-18T11:51:54","slug":"feuilles-dimpression-plano","status":"publish","type":"product","link":"https:\/\/www.amstelprinting.nl\/fr\/boutique\/autocollants-et-impression\/impression\/feuilles-dimpression-plano\/","title":{"rendered":"Feuilles d&rsquo;impression plano"},"content":{"rendered":"<h3>Commander des feuilles d&rsquo;impression plano<\/h3>\n<p>Avec nos feuilles d&rsquo;impression plano, vous b\u00e9n\u00e9ficiez de la flexibilit\u00e9 et du contr\u00f4le dont vous avez besoin pour achever vos travaux d&rsquo;impression exactement selon vos souhaits. Vous pouvez commander vos feuilles d&rsquo;impression plano dans la quantit\u00e9 dont vous avez besoin. Cela vous donne la flexibilit\u00e9 de commander pr\u00e9cis\u00e9ment le nombre requis par votre projet.<\/p>\n<h3>Avantages<\/h3>\n<ul>\n<li>La libert\u00e9 de traiter vous-m\u00eame votre feuille d&rsquo;impression<\/li>\n<li>Feuille d&rsquo;impression plano non fa\u00e7onn\u00e9e ou option fa\u00e7onn\u00e9e en demi-format<\/li>\n<li>Disponible en neuf types de papier<\/li>\n<li>Imprim\u00e9 avec une couche d&rsquo;encre en quadrichromie<\/li>\n<\/ul>\n<p>&nbsp;<\/p>\n<h3>Mat\u00e9riaux<\/h3>\n<p>Nos feuilles d&rsquo;impression plano sont disponibles dans une s\u00e9lection de neuf mat\u00e9riaux de haute qualit\u00e9, chacun poss\u00e9dant des propri\u00e9t\u00e9s uniques :<\/p>\n<ul>\n<li><strong>MC Satin\u00e9 sans bois (Brillant)<\/strong> : Ce mat\u00e9riau satin\u00e9 sans bois offre une finition brillante qui fait rayonner vos designs. Disponible en grammages de 135, 170, 250, 300 et 400 gr.\/m\u00b2.<\/li>\n<li><strong>MC semi-mat sans bois (Silk)<\/strong> : Pour un aspect mat subtil, ce mat\u00e9riau sans bois est le choix parfait. Disponible en 135, 170, 250, 300 et 400 gr.\/m\u00b2.<\/li>\n<li><strong>Carton naturel<\/strong> : Ce carton lisse sans bois est id\u00e9al pour l&rsquo;\u00e9criture et l&rsquo;encrage, avec un poids de 300 et 350 gr.\/m\u00b2.<\/li>\n<li><strong>HVO Blanc<\/strong> : Ce papier offset sans bois est excellent pour l&rsquo;\u00e9criture et l&rsquo;encrage, disponible en 90 et 170 gr.\/m\u00b2.<\/li>\n<li><strong>Biotop Naturel<\/strong> : Non couch\u00e9 et de couleur cr\u00e8me, ce papier offre un aspect \u00e9l\u00e9gant et se pr\u00eate bien \u00e0 l&rsquo;\u00e9criture et \u00e0 l&rsquo;encrage, avec un poids de 250 gr.\/m\u00b2.<\/li>\n<li><strong>Carton sulfate<\/strong> : Avec une face avant couch\u00e9e pour un bel aspect satin\u00e9 et un dos non couch\u00e9 pour l&rsquo;\u00e9criture et l&rsquo;encrage. Disponible en 260 et 300 gr.\/m\u00b2.<\/li>\n<li><strong>Synaps<\/strong> : Ce mat\u00e9riau synth\u00e9tique est ind\u00e9chirable et r\u00e9sistant \u00e0 l&rsquo;eau, id\u00e9al pour la durabilit\u00e9. Disponible en 300 gr.\/m\u00b2.<\/li>\n<li><strong>YupoBlue<\/strong> : Un mat\u00e9riau synth\u00e9tique d&rsquo;un blanc \u00e9clatant avec une surface mate uniforme pour un rendu des couleurs brillant. Disponible en 319 gr.\/m\u00b2.<\/li>\n<li><strong>Papier blanc compatible laser sans bois<\/strong> : Papier offset sans bois adapt\u00e9 \u00e0 l&rsquo;impression laser, avec un poids de 90 et 100 gr.\/m\u00b2.<\/li>\n<\/ul>\n<p>&nbsp;<\/p>\n<h3>Finitions<\/h3>\n<p>Nos feuilles d&rsquo;impression plano sont disponibles en deux options de finition. Vous pouvez choisir une feuille plano non fa\u00e7onn\u00e9e, d&rsquo;un format de 75 x 53 cm. Alternativement, vous pouvez opter pour l&rsquo;option fa\u00e7onn\u00e9e o\u00f9 la feuille plano est d\u00e9coup\u00e9e au format 37,5 x 53 cm, id\u00e9ale pour des applications sp\u00e9cifiques et plus facile \u00e0 utiliser. Les feuilles sont imprim\u00e9es avec une couche d&rsquo;encre en quadrichromie (veuillez noter : sans blanc). Vous pouvez choisir une impression recto ou recto-verso.<\/p>\n<h3>Foire aux questions<\/h3>\n<p><strong>Quelle doit \u00eatre la taille minimale des lettres ?<\/strong><br \/>\nNous conseillons une hauteur de caract\u00e8re minimale de 1 mm. Assurez-vous que votre fichier respecte cette exigence.<\/p>\n<p><strong>Peut-on \u00e9crire sur tous les mat\u00e9riaux ?<\/strong><br \/>\nL&rsquo;\u00e9criture est exclusivement possible sur les types de papier non couch\u00e9s, tels que le carton sulfate (dos) et le carton naturel.<\/p>\n<p><strong>Pourquoi le pelliculage n&rsquo;est-il pas possible sur le carton naturel ?<\/strong><br \/>\nEn raison de la structure du carton naturel, le pelliculage ne peut pas \u00eatre appliqu\u00e9. De plus, le pelliculage r\u00e9duirait la possibilit\u00e9 d&rsquo;\u00e9crire sur le papier.<\/p>\n<p><strong>Mes impressions sont gondol\u00e9es, comment cela se fait-il ?<\/strong><br \/>\nCe probl\u00e8me peut survenir lors de l&rsquo;utilisation d&rsquo;un pelliculage simple face. Comme le pelliculage et le papier ont des propri\u00e9t\u00e9s diff\u00e9rentes, cela peut provoquer un gondolage. Nous recommandons de toujours pelliculer en recto-verso pour \u00e9viter cet effet.<\/p>\n","protected":false},"excerpt":{"rendered":"<p>Vous recherchez un contr\u00f4le ultime sur la finition de vos impressions ? Nos feuilles d&rsquo;impression plano vous offrent la libert\u00e9 de combiner plusieurs designs sur une seule feuille et de les traiter vous-m\u00eame. Parfait si vous souhaitez apporter vous-m\u00eame la touche finale ou optimiser vos propres projets d&rsquo;impression.<\/p>\n","protected":false},"featured_media":15578,"template":"","meta":{"_et_pb_use_builder":"","_et_pb_old_content":"","_et_gb_content_width":""},"product_brand":[],"product_cat":[312,581],"product_tag":[],"class_list":{"0":"post-15577","1":"product","2":"type-product","3":"status-publish","4":"has-post-thumbnail","6":"product_cat-autocollants-et-impression","7":"product_cat-impression","9":"first","10":"instock","11":"taxable","12":"shipping-taxable","13":"purchasable","14":"product-type-simple"},"yoast_head":"<!-- This site is optimized with the Yoast SEO plugin v27.3 - https:\/\/yoast.com\/product\/yoast-seo-wordpress\/ -->\n<title>Commander des feuilles d&#039;impression plano - livraison rapide et adaptation flexible<\/title>\n<meta name=\"description\" content=\"Commandez vos feuilles d&#039;impression plano facilement et rapidement avec une finition flexible et un choix de 9 types de papier. Livr\u00e9 rapidement, utilisable imm\u00e9diatement.\" \/>\n<meta name=\"robots\" content=\"index, follow, max-snippet:-1, max-image-preview:large, max-video-preview:-1\" \/>\n<link rel=\"canonical\" href=\"https:\/\/www.amstelprinting.nl\/fr\/boutique\/autocollants-et-impression\/impression\/feuilles-dimpression-plano\/\" \/>\n<meta property=\"og:locale\" content=\"fr_FR\" \/>\n<meta property=\"og:type\" content=\"article\" \/>\n<meta property=\"og:title\" content=\"Commander des feuilles d&#039;impression plano - livraison rapide et adaptation flexible\" \/>\n<meta property=\"og:description\" content=\"Commandez vos feuilles d&#039;impression plano facilement et rapidement avec une finition flexible et un choix de 9 types de papier. Livr\u00e9 rapidement, utilisable imm\u00e9diatement.\" \/>\n<meta property=\"og:url\" content=\"https:\/\/www.amstelprinting.nl\/fr\/boutique\/autocollants-et-impression\/impression\/feuilles-dimpression-plano\/\" \/>\n<meta property=\"og:site_name\" content=\"Amstel Printing\" \/>\n<meta property=\"article:modified_time\" content=\"2026-02-18T11:51:54+00:00\" \/>\n<meta property=\"og:image\" content=\"https:\/\/www.amstelprinting.nl\/wp-content\/uploads\/Plano-drukvellen.jpg\" \/>\n\t<meta property=\"og:image:width\" content=\"700\" \/>\n\t<meta property=\"og:image:height\" content=\"700\" \/>\n\t<meta property=\"og:image:type\" content=\"image\/jpeg\" \/>\n<meta name=\"twitter:card\" content=\"summary_large_image\" \/>\n<meta name=\"twitter:label1\" content=\"Dur\u00e9e de lecture estim\u00e9e\" \/>\n\t<meta name=\"twitter:data1\" content=\"3 minutes\" \/>\n<script type=\"application\/ld+json\" class=\"yoast-schema-graph\">{\"@context\":\"https:\\\/\\\/schema.org\",\"@graph\":[{\"@type\":\"WebPage\",\"@id\":\"https:\\\/\\\/www.amstelprinting.nl\\\/fr\\\/boutique\\\/autocollants-et-impression\\\/impression\\\/feuilles-dimpression-plano\\\/\",\"url\":\"https:\\\/\\\/www.amstelprinting.nl\\\/fr\\\/boutique\\\/autocollants-et-impression\\\/impression\\\/feuilles-dimpression-plano\\\/\",\"name\":\"Commander des feuilles d'impression plano - livraison rapide et adaptation flexible\",\"isPartOf\":{\"@id\":\"https:\\\/\\\/www.amstelprinting.nl\\\/fr\\\/#website\"},\"primaryImageOfPage\":{\"@id\":\"https:\\\/\\\/www.amstelprinting.nl\\\/fr\\\/boutique\\\/autocollants-et-impression\\\/impression\\\/feuilles-dimpression-plano\\\/#primaryimage\"},\"image\":{\"@id\":\"https:\\\/\\\/www.amstelprinting.nl\\\/fr\\\/boutique\\\/autocollants-et-impression\\\/impression\\\/feuilles-dimpression-plano\\\/#primaryimage\"},\"thumbnailUrl\":\"https:\\\/\\\/www.amstelprinting.nl\\\/wp-content\\\/uploads\\\/Plano-drukvellen.jpg\",\"datePublished\":\"2025-01-23T19:46:43+00:00\",\"dateModified\":\"2026-02-18T11:51:54+00:00\",\"description\":\"Commandez vos feuilles d'impression plano facilement et rapidement avec une finition flexible et un choix de 9 types de papier. Livr\u00e9 rapidement, utilisable imm\u00e9diatement.\",\"breadcrumb\":{\"@id\":\"https:\\\/\\\/www.amstelprinting.nl\\\/fr\\\/boutique\\\/autocollants-et-impression\\\/impression\\\/feuilles-dimpression-plano\\\/#breadcrumb\"},\"inLanguage\":\"fr-FR\",\"potentialAction\":[{\"@type\":\"ReadAction\",\"target\":[\"https:\\\/\\\/www.amstelprinting.nl\\\/fr\\\/boutique\\\/autocollants-et-impression\\\/impression\\\/feuilles-dimpression-plano\\\/\"]}]},{\"@type\":\"ImageObject\",\"inLanguage\":\"fr-FR\",\"@id\":\"https:\\\/\\\/www.amstelprinting.nl\\\/fr\\\/boutique\\\/autocollants-et-impression\\\/impression\\\/feuilles-dimpression-plano\\\/#primaryimage\",\"url\":\"https:\\\/\\\/www.amstelprinting.nl\\\/wp-content\\\/uploads\\\/Plano-drukvellen.jpg\",\"contentUrl\":\"https:\\\/\\\/www.amstelprinting.nl\\\/wp-content\\\/uploads\\\/Plano-drukvellen.jpg\",\"width\":700,\"height\":700},{\"@type\":\"BreadcrumbList\",\"@id\":\"https:\\\/\\\/www.amstelprinting.nl\\\/fr\\\/boutique\\\/autocollants-et-impression\\\/impression\\\/feuilles-dimpression-plano\\\/#breadcrumb\",\"itemListElement\":[{\"@type\":\"ListItem\",\"position\":1,\"name\":\"\",\"item\":\"https:\\\/\\\/www.amstelprinting.nl\\\/fr\\\/\"},{\"@type\":\"ListItem\",\"position\":2,\"name\":\"Amstel Printing\",\"item\":\"https:\\\/\\\/www.amstelprinting.nl\\\/fr\\\/boutique\\\/\"},{\"@type\":\"ListItem\",\"position\":3,\"name\":\"Autocollants et impression\",\"item\":\"https:\\\/\\\/www.amstelprinting.nl\\\/fr\\\/categorie\\\/autocollants-et-impression\\\/\"},{\"@type\":\"ListItem\",\"position\":4,\"name\":\"Impression\",\"item\":\"https:\\\/\\\/www.amstelprinting.nl\\\/fr\\\/categorie\\\/autocollants-et-impression\\\/impression\\\/\"},{\"@type\":\"ListItem\",\"position\":5,\"name\":\"Feuilles d&rsquo;impression plano\"}]},{\"@type\":\"WebSite\",\"@id\":\"https:\\\/\\\/www.amstelprinting.nl\\\/fr\\\/#website\",\"url\":\"https:\\\/\\\/www.amstelprinting.nl\\\/fr\\\/\",\"name\":\"Amstel Printing\",\"description\":\"Creating Exposure\",\"publisher\":{\"@id\":\"https:\\\/\\\/www.amstelprinting.nl\\\/fr\\\/#organization\"},\"potentialAction\":[{\"@type\":\"SearchAction\",\"target\":{\"@type\":\"EntryPoint\",\"urlTemplate\":\"https:\\\/\\\/www.amstelprinting.nl\\\/fr\\\/?s={search_term_string}\"},\"query-input\":{\"@type\":\"PropertyValueSpecification\",\"valueRequired\":true,\"valueName\":\"search_term_string\"}}],\"inLanguage\":\"fr-FR\"},{\"@type\":\"Organization\",\"@id\":\"https:\\\/\\\/www.amstelprinting.nl\\\/fr\\\/#organization\",\"name\":\"Amstel Printing\",\"url\":\"https:\\\/\\\/www.amstelprinting.nl\\\/fr\\\/\",\"logo\":{\"@type\":\"ImageObject\",\"inLanguage\":\"fr-FR\",\"@id\":\"https:\\\/\\\/www.amstelprinting.nl\\\/fr\\\/#\\\/schema\\\/logo\\\/image\\\/\",\"url\":\"https:\\\/\\\/www.amstelprinting.nl\\\/wp-content\\\/uploads\\\/amstel_printing_logo_clean.png\",\"contentUrl\":\"https:\\\/\\\/www.amstelprinting.nl\\\/wp-content\\\/uploads\\\/amstel_printing_logo_clean.png\",\"width\":324,\"height\":73,\"caption\":\"Amstel Printing\"},\"image\":{\"@id\":\"https:\\\/\\\/www.amstelprinting.nl\\\/fr\\\/#\\\/schema\\\/logo\\\/image\\\/\"}}]}<\/script>\n<!-- \/ Yoast SEO plugin. -->","yoast_head_json":{"title":"Commander des feuilles d'impression plano - livraison rapide et adaptation flexible","description":"Commandez vos feuilles d'impression plano facilement et rapidement avec une finition flexible et un choix de 9 types de papier. Livr\u00e9 rapidement, utilisable imm\u00e9diatement.","robots":{"index":"index","follow":"follow","max-snippet":"max-snippet:-1","max-image-preview":"max-image-preview:large","max-video-preview":"max-video-preview:-1"},"canonical":"https:\/\/www.amstelprinting.nl\/fr\/boutique\/autocollants-et-impression\/impression\/feuilles-dimpression-plano\/","og_locale":"fr_FR","og_type":"article","og_title":"Commander des feuilles d'impression plano - livraison rapide et adaptation flexible","og_description":"Commandez vos feuilles d'impression plano facilement et rapidement avec une finition flexible et un choix de 9 types de papier. Livr\u00e9 rapidement, utilisable imm\u00e9diatement.","og_url":"https:\/\/www.amstelprinting.nl\/fr\/boutique\/autocollants-et-impression\/impression\/feuilles-dimpression-plano\/","og_site_name":"Amstel Printing","article_modified_time":"2026-02-18T11:51:54+00:00","og_image":[{"width":700,"height":700,"url":"https:\/\/www.amstelprinting.nl\/wp-content\/uploads\/Plano-drukvellen.jpg","type":"image\/jpeg"}],"twitter_card":"summary_large_image","twitter_misc":{"Dur\u00e9e de lecture estim\u00e9e":"3 minutes"},"schema":{"@context":"https:\/\/schema.org","@graph":[{"@type":"WebPage","@id":"https:\/\/www.amstelprinting.nl\/fr\/boutique\/autocollants-et-impression\/impression\/feuilles-dimpression-plano\/","url":"https:\/\/www.amstelprinting.nl\/fr\/boutique\/autocollants-et-impression\/impression\/feuilles-dimpression-plano\/","name":"Commander des feuilles d'impression plano - livraison rapide et adaptation flexible","isPartOf":{"@id":"https:\/\/www.amstelprinting.nl\/fr\/#website"},"primaryImageOfPage":{"@id":"https:\/\/www.amstelprinting.nl\/fr\/boutique\/autocollants-et-impression\/impression\/feuilles-dimpression-plano\/#primaryimage"},"image":{"@id":"https:\/\/www.amstelprinting.nl\/fr\/boutique\/autocollants-et-impression\/impression\/feuilles-dimpression-plano\/#primaryimage"},"thumbnailUrl":"https:\/\/www.amstelprinting.nl\/wp-content\/uploads\/Plano-drukvellen.jpg","datePublished":"2025-01-23T19:46:43+00:00","dateModified":"2026-02-18T11:51:54+00:00","description":"Commandez vos feuilles d'impression plano facilement et rapidement avec une finition flexible et un choix de 9 types de papier. Livr\u00e9 rapidement, utilisable imm\u00e9diatement.","breadcrumb":{"@id":"https:\/\/www.amstelprinting.nl\/fr\/boutique\/autocollants-et-impression\/impression\/feuilles-dimpression-plano\/#breadcrumb"},"inLanguage":"fr-FR","potentialAction":[{"@type":"ReadAction","target":["https:\/\/www.amstelprinting.nl\/fr\/boutique\/autocollants-et-impression\/impression\/feuilles-dimpression-plano\/"]}]},{"@type":"ImageObject","inLanguage":"fr-FR","@id":"https:\/\/www.amstelprinting.nl\/fr\/boutique\/autocollants-et-impression\/impression\/feuilles-dimpression-plano\/#primaryimage","url":"https:\/\/www.amstelprinting.nl\/wp-content\/uploads\/Plano-drukvellen.jpg","contentUrl":"https:\/\/www.amstelprinting.nl\/wp-content\/uploads\/Plano-drukvellen.jpg","width":700,"height":700},{"@type":"BreadcrumbList","@id":"https:\/\/www.amstelprinting.nl\/fr\/boutique\/autocollants-et-impression\/impression\/feuilles-dimpression-plano\/#breadcrumb","itemListElement":[{"@type":"ListItem","position":1,"name":"","item":"https:\/\/www.amstelprinting.nl\/fr\/"},{"@type":"ListItem","position":2,"name":"Amstel Printing","item":"https:\/\/www.amstelprinting.nl\/fr\/boutique\/"},{"@type":"ListItem","position":3,"name":"Autocollants et impression","item":"https:\/\/www.amstelprinting.nl\/fr\/categorie\/autocollants-et-impression\/"},{"@type":"ListItem","position":4,"name":"Impression","item":"https:\/\/www.amstelprinting.nl\/fr\/categorie\/autocollants-et-impression\/impression\/"},{"@type":"ListItem","position":5,"name":"Feuilles d&rsquo;impression plano"}]},{"@type":"WebSite","@id":"https:\/\/www.amstelprinting.nl\/fr\/#website","url":"https:\/\/www.amstelprinting.nl\/fr\/","name":"Amstel Printing","description":"Creating Exposure","publisher":{"@id":"https:\/\/www.amstelprinting.nl\/fr\/#organization"},"potentialAction":[{"@type":"SearchAction","target":{"@type":"EntryPoint","urlTemplate":"https:\/\/www.amstelprinting.nl\/fr\/?s={search_term_string}"},"query-input":{"@type":"PropertyValueSpecification","valueRequired":true,"valueName":"search_term_string"}}],"inLanguage":"fr-FR"},{"@type":"Organization","@id":"https:\/\/www.amstelprinting.nl\/fr\/#organization","name":"Amstel Printing","url":"https:\/\/www.amstelprinting.nl\/fr\/","logo":{"@type":"ImageObject","inLanguage":"fr-FR","@id":"https:\/\/www.amstelprinting.nl\/fr\/#\/schema\/logo\/image\/","url":"https:\/\/www.amstelprinting.nl\/wp-content\/uploads\/amstel_printing_logo_clean.png","contentUrl":"https:\/\/www.amstelprinting.nl\/wp-content\/uploads\/amstel_printing_logo_clean.png","width":324,"height":73,"caption":"Amstel Printing"},"image":{"@id":"https:\/\/www.amstelprinting.nl\/fr\/#\/schema\/logo\/image\/"}}]}},"_links":{"self":[{"href":"https:\/\/www.amstelprinting.nl\/fr\/wp-json\/wp\/v2\/product\/15577","targetHints":{"allow":["GET"]}}],"collection":[{"href":"https:\/\/www.amstelprinting.nl\/fr\/wp-json\/wp\/v2\/product"}],"about":[{"href":"https:\/\/www.amstelprinting.nl\/fr\/wp-json\/wp\/v2\/types\/product"}],"wp:featuredmedia":[{"embeddable":true,"href":"https:\/\/www.amstelprinting.nl\/fr\/wp-json\/wp\/v2\/media\/15578"}],"wp:attachment":[{"href":"https:\/\/www.amstelprinting.nl\/fr\/wp-json\/wp\/v2\/media?parent=15577"}],"wp:term":[{"taxonomy":"product_brand","embeddable":true,"href":"https:\/\/www.amstelprinting.nl\/fr\/wp-json\/wp\/v2\/product_brand?post=15577"},{"taxonomy":"product_cat","embeddable":true,"href":"https:\/\/www.amstelprinting.nl\/fr\/wp-json\/wp\/v2\/product_cat?post=15577"},{"taxonomy":"product_tag","embeddable":true,"href":"https:\/\/www.amstelprinting.nl\/fr\/wp-json\/wp\/v2\/product_tag?post=15577"}],"curies":[{"name":"wp","href":"https:\/\/api.w.org\/{rel}","templated":true}]}}