{"id":15588,"date":"2025-01-23T20:46:10","date_gmt":"2025-01-23T19:46:10","guid":{"rendered":"https:\/\/www.amstelprinting.nl\/winkel\/non%20class\u00e9\/brochures\/"},"modified":"2026-02-10T13:11:13","modified_gmt":"2026-02-10T12:11:13","slug":"brochures","status":"publish","type":"product","link":"https:\/\/www.amstelprinting.nl\/fr\/boutique\/autocollants-et-impression\/impression\/brochures\/","title":{"rendered":"Brochures"},"content":{"rendered":"<h3>Commander des brochures rapidement et \u00e0 petit prix<\/h3>\n<p>\\nNos brochures peuvent \u00eatre command\u00e9es en diff\u00e9rents tirages, ce qui vous permet de choisir pr\u00e9cis\u00e9ment la quantit\u00e9 dont vous avez besoin. Transformez votre communication avec nos brochures sur mesure. Avec une gamme de formats, de mat\u00e9riaux et de tirages, nous offrons la solution id\u00e9ale pour vos besoins d&rsquo;impression. Votre prochaine pr\u00e9sentation r\u00e9ussie commence ici.\\n<\/p>\n<h3>Pourquoi imprimer des brochures ?<\/h3>\n<p>\\n<\/p>\n<ul>\\n  <\/p>\n<li>Choisissez parmi 6 formats standard<\/li>\n<p>\\n  <\/p>\n<li>Disponible de 8 \u00e0 64 pages<\/li>\n<p>\\n  <\/p>\n<li>Reliure avec deux agrafes dans le dos<\/li>\n<p>\\n  <\/p>\n<li>Option pour 2 types de papier et 3 grammages<\/li>\n<p>\\n  <\/p>\n<li>Qualit\u00e9 d&rsquo;impression haute r\u00e9solution avec HP Indigo 12000<\/li>\n<p>\\n  <\/p>\n<li>Commandez \u00e0 partir d&rsquo;une pi\u00e8ce, sans frais de mise en route gr\u00e2ce \u00e0 l&rsquo;impression num\u00e9rique<\/li>\n<p>\\n<\/ul>\n<p>\\n&nbsp;\\n<\/p>\n<h3>Formats et mat\u00e9riaux<\/h3>\n<p>\\nNos brochures sont disponibles en six formats diff\u00e9rents, vous donnant la libert\u00e9 de choisir le format qui convient le mieux \u00e0 votre contenu et \u00e0 votre pr\u00e9sentation. Vous pouvez choisir des brochures de 8, 12, 16, 20, 24 ou 28 pages, couverture comprise. Nous proposons trois types de papier premium pour vos brochures :\\n<\/p>\n<ul>\\n  <\/p>\n<li><strong>HV demi-mat MC (Silk)<\/strong> : Ce papier sans bois semi-mat couch\u00e9 machine poss\u00e8de une finition mate \u00e9l\u00e9gante qui assure un look raffin\u00e9. Il est disponible en grammages de 135 g\/m\u00b2, 170 g\/m\u00b2 et 250 g\/m\u00b2. Ce papier est id\u00e9al pour les impressions o\u00f9 un aspect subtil et professionnel est souhait\u00e9, mais il est moins adapt\u00e9 \u00e0 l&rsquo;\u00e9criture et au tamponnage.<\/li>\n<p>\\n  <\/p>\n<li><strong>HV satin\u00e9 MC (Brillant)<\/strong> : Pour une finition frappante et brillante, choisissez notre papier sans bois satin\u00e9 couch\u00e9 machine. Ce mat\u00e9riau poss\u00e8de une couche de finition brillante et est disponible en 135 g\/m\u00b2, 170 g\/m\u00b2 et 250 g\/m\u00b2. Parfait pour cr\u00e9er des brochures vives et remarquables, bien qu&rsquo;il soit \u00e9galement moins adapt\u00e9 \u00e0 l&rsquo;\u00e9criture et au tamponnage.<\/li>\n<p>\\n  <\/p>\n<li><strong>HVO Blanc<\/strong> : Ce papier offset sans bois offre une finition non couch\u00e9e, ce qui le rend excellent pour l&rsquo;\u00e9criture et le tamponnage. Disponible en 170 g\/m\u00b2, ce papier est id\u00e9al pour les brochures n\u00e9cessitant la possibilit\u00e9 de prendre des notes ou d&rsquo;apposer des tampons, tout en conservant un aspect professionnel.<\/li>\n<p>\\n<\/ul>\n<p>\\n&nbsp;\\n<\/p>\n<h3>Questions fr\u00e9quemment pos\u00e9es<\/h3>\n<p>\\n<strong>Des formats personnalis\u00e9s sont-ils \u00e9galement possibles ?<\/strong>\\nMalheureusement, les brochures ne sont disponibles qu&rsquo;en formats fixes. Si vous avez besoin d&rsquo;un autre format personnalis\u00e9, vous pouvez choisir des feuilles d&rsquo;impression plano. Veuillez noter que ces feuilles doivent encore \u00eatre finies apr\u00e8s r\u00e9ception.<\/p>\n","protected":false},"excerpt":{"rendered":"<h3>Imprimer des brochures (magazines). Exactement comme vous le souhaitez.<\/h3>\n<p>\\nQue vous ayez besoin d&rsquo;une pr\u00e9sentation d&rsquo;entreprise, d&rsquo;un catalogue de produits ou d&rsquo;un guide informatif, nos brochures constituent la solution parfaite pour communiquer votre message de mani\u00e8re attrayante et professionnelle. Gr\u00e2ce \u00e0 une vari\u00e9t\u00e9 de formats et de mat\u00e9riaux, vous pouvez cr\u00e9er des brochures qui correspondent exactement \u00e0 vos souhaits et \u00e0 vos besoins.<\/p>\n","protected":false},"featured_media":15590,"template":"","meta":{"_et_pb_use_builder":"","_et_pb_old_content":"","_et_gb_content_width":""},"product_brand":[],"product_cat":[312,581],"product_tag":[],"class_list":{"0":"post-15588","1":"product","2":"type-product","3":"status-publish","4":"has-post-thumbnail","6":"product_cat-autocollants-et-impression","7":"product_cat-impression","9":"first","10":"instock","11":"taxable","12":"shipping-taxable","13":"purchasable","14":"product-type-simple"},"yoast_head":"<!-- This site is optimized with the Yoast SEO plugin v27.3 - https:\/\/yoast.com\/product\/yoast-seo-wordpress\/ -->\n<title>Brochures sur Mesure - Qualit\u00e9 Ultra-Nette &amp; Livraison Rapide<\/title>\n<meta name=\"description\" content=\"Concevez vos brochures parfaites avec divers formats, des types de papier premium et une haute qualit\u00e9 d&#039;impression. Ayez un impact imm\u00e9diat avec votre communication.\" \/>\n<meta name=\"robots\" content=\"index, follow, max-snippet:-1, max-image-preview:large, max-video-preview:-1\" \/>\n<link rel=\"canonical\" href=\"https:\/\/www.amstelprinting.nl\/fr\/boutique\/autocollants-et-impression\/impression\/brochures\/\" \/>\n<meta property=\"og:locale\" content=\"fr_FR\" \/>\n<meta property=\"og:type\" content=\"article\" \/>\n<meta property=\"og:title\" content=\"Brochures sur Mesure - Qualit\u00e9 Ultra-Nette &amp; Livraison Rapide\" \/>\n<meta property=\"og:description\" content=\"Concevez vos brochures parfaites avec divers formats, des types de papier premium et une haute qualit\u00e9 d&#039;impression. Ayez un impact imm\u00e9diat avec votre communication.\" \/>\n<meta property=\"og:url\" content=\"https:\/\/www.amstelprinting.nl\/fr\/boutique\/autocollants-et-impression\/impression\/brochures\/\" \/>\n<meta property=\"og:site_name\" content=\"Amstel Printing\" \/>\n<meta property=\"article:modified_time\" content=\"2026-02-10T12:11:13+00:00\" \/>\n<meta property=\"og:image\" content=\"https:\/\/www.amstelprinting.nl\/wp-content\/uploads\/Brochures.jpg\" \/>\n\t<meta property=\"og:image:width\" content=\"700\" \/>\n\t<meta property=\"og:image:height\" content=\"700\" \/>\n\t<meta property=\"og:image:type\" content=\"image\/jpeg\" \/>\n<meta name=\"twitter:card\" content=\"summary_large_image\" \/>\n<meta name=\"twitter:label1\" content=\"Dur\u00e9e de lecture estim\u00e9e\" \/>\n\t<meta name=\"twitter:data1\" content=\"2 minutes\" \/>\n<script type=\"application\/ld+json\" class=\"yoast-schema-graph\">{\"@context\":\"https:\\\/\\\/schema.org\",\"@graph\":[{\"@type\":\"WebPage\",\"@id\":\"https:\\\/\\\/www.amstelprinting.nl\\\/fr\\\/boutique\\\/autocollants-et-impression\\\/impression\\\/brochures\\\/\",\"url\":\"https:\\\/\\\/www.amstelprinting.nl\\\/fr\\\/boutique\\\/autocollants-et-impression\\\/impression\\\/brochures\\\/\",\"name\":\"Brochures sur Mesure - Qualit\u00e9 Ultra-Nette & Livraison Rapide\",\"isPartOf\":{\"@id\":\"https:\\\/\\\/www.amstelprinting.nl\\\/fr\\\/#website\"},\"primaryImageOfPage\":{\"@id\":\"https:\\\/\\\/www.amstelprinting.nl\\\/fr\\\/boutique\\\/autocollants-et-impression\\\/impression\\\/brochures\\\/#primaryimage\"},\"image\":{\"@id\":\"https:\\\/\\\/www.amstelprinting.nl\\\/fr\\\/boutique\\\/autocollants-et-impression\\\/impression\\\/brochures\\\/#primaryimage\"},\"thumbnailUrl\":\"https:\\\/\\\/www.amstelprinting.nl\\\/wp-content\\\/uploads\\\/Brochures.jpg\",\"datePublished\":\"2025-01-23T19:46:10+00:00\",\"dateModified\":\"2026-02-10T12:11:13+00:00\",\"description\":\"Concevez vos brochures parfaites avec divers formats, des types de papier premium et une haute qualit\u00e9 d'impression. Ayez un impact imm\u00e9diat avec votre communication.\",\"breadcrumb\":{\"@id\":\"https:\\\/\\\/www.amstelprinting.nl\\\/fr\\\/boutique\\\/autocollants-et-impression\\\/impression\\\/brochures\\\/#breadcrumb\"},\"inLanguage\":\"fr-FR\",\"potentialAction\":[{\"@type\":\"ReadAction\",\"target\":[\"https:\\\/\\\/www.amstelprinting.nl\\\/fr\\\/boutique\\\/autocollants-et-impression\\\/impression\\\/brochures\\\/\"]}]},{\"@type\":\"ImageObject\",\"inLanguage\":\"fr-FR\",\"@id\":\"https:\\\/\\\/www.amstelprinting.nl\\\/fr\\\/boutique\\\/autocollants-et-impression\\\/impression\\\/brochures\\\/#primaryimage\",\"url\":\"https:\\\/\\\/www.amstelprinting.nl\\\/wp-content\\\/uploads\\\/Brochures.jpg\",\"contentUrl\":\"https:\\\/\\\/www.amstelprinting.nl\\\/wp-content\\\/uploads\\\/Brochures.jpg\",\"width\":700,\"height\":700},{\"@type\":\"BreadcrumbList\",\"@id\":\"https:\\\/\\\/www.amstelprinting.nl\\\/fr\\\/boutique\\\/autocollants-et-impression\\\/impression\\\/brochures\\\/#breadcrumb\",\"itemListElement\":[{\"@type\":\"ListItem\",\"position\":1,\"name\":\"\",\"item\":\"https:\\\/\\\/www.amstelprinting.nl\\\/fr\\\/\"},{\"@type\":\"ListItem\",\"position\":2,\"name\":\"Amstel Printing\",\"item\":\"https:\\\/\\\/www.amstelprinting.nl\\\/fr\\\/boutique\\\/\"},{\"@type\":\"ListItem\",\"position\":3,\"name\":\"Autocollants et impression\",\"item\":\"https:\\\/\\\/www.amstelprinting.nl\\\/fr\\\/categorie\\\/autocollants-et-impression\\\/\"},{\"@type\":\"ListItem\",\"position\":4,\"name\":\"Impression\",\"item\":\"https:\\\/\\\/www.amstelprinting.nl\\\/fr\\\/categorie\\\/autocollants-et-impression\\\/impression\\\/\"},{\"@type\":\"ListItem\",\"position\":5,\"name\":\"Brochures\"}]},{\"@type\":\"WebSite\",\"@id\":\"https:\\\/\\\/www.amstelprinting.nl\\\/fr\\\/#website\",\"url\":\"https:\\\/\\\/www.amstelprinting.nl\\\/fr\\\/\",\"name\":\"Amstel Printing\",\"description\":\"Creating Exposure\",\"publisher\":{\"@id\":\"https:\\\/\\\/www.amstelprinting.nl\\\/fr\\\/#organization\"},\"potentialAction\":[{\"@type\":\"SearchAction\",\"target\":{\"@type\":\"EntryPoint\",\"urlTemplate\":\"https:\\\/\\\/www.amstelprinting.nl\\\/fr\\\/?s={search_term_string}\"},\"query-input\":{\"@type\":\"PropertyValueSpecification\",\"valueRequired\":true,\"valueName\":\"search_term_string\"}}],\"inLanguage\":\"fr-FR\"},{\"@type\":\"Organization\",\"@id\":\"https:\\\/\\\/www.amstelprinting.nl\\\/fr\\\/#organization\",\"name\":\"Amstel Printing\",\"url\":\"https:\\\/\\\/www.amstelprinting.nl\\\/fr\\\/\",\"logo\":{\"@type\":\"ImageObject\",\"inLanguage\":\"fr-FR\",\"@id\":\"https:\\\/\\\/www.amstelprinting.nl\\\/fr\\\/#\\\/schema\\\/logo\\\/image\\\/\",\"url\":\"https:\\\/\\\/www.amstelprinting.nl\\\/wp-content\\\/uploads\\\/amstel_printing_logo_clean.png\",\"contentUrl\":\"https:\\\/\\\/www.amstelprinting.nl\\\/wp-content\\\/uploads\\\/amstel_printing_logo_clean.png\",\"width\":324,\"height\":73,\"caption\":\"Amstel Printing\"},\"image\":{\"@id\":\"https:\\\/\\\/www.amstelprinting.nl\\\/fr\\\/#\\\/schema\\\/logo\\\/image\\\/\"}}]}<\/script>\n<!-- \/ Yoast SEO plugin. -->","yoast_head_json":{"title":"Brochures sur Mesure - Qualit\u00e9 Ultra-Nette & Livraison Rapide","description":"Concevez vos brochures parfaites avec divers formats, des types de papier premium et une haute qualit\u00e9 d'impression. Ayez un impact imm\u00e9diat avec votre communication.","robots":{"index":"index","follow":"follow","max-snippet":"max-snippet:-1","max-image-preview":"max-image-preview:large","max-video-preview":"max-video-preview:-1"},"canonical":"https:\/\/www.amstelprinting.nl\/fr\/boutique\/autocollants-et-impression\/impression\/brochures\/","og_locale":"fr_FR","og_type":"article","og_title":"Brochures sur Mesure - Qualit\u00e9 Ultra-Nette & Livraison Rapide","og_description":"Concevez vos brochures parfaites avec divers formats, des types de papier premium et une haute qualit\u00e9 d'impression. Ayez un impact imm\u00e9diat avec votre communication.","og_url":"https:\/\/www.amstelprinting.nl\/fr\/boutique\/autocollants-et-impression\/impression\/brochures\/","og_site_name":"Amstel Printing","article_modified_time":"2026-02-10T12:11:13+00:00","og_image":[{"width":700,"height":700,"url":"https:\/\/www.amstelprinting.nl\/wp-content\/uploads\/Brochures.jpg","type":"image\/jpeg"}],"twitter_card":"summary_large_image","twitter_misc":{"Dur\u00e9e de lecture estim\u00e9e":"2 minutes"},"schema":{"@context":"https:\/\/schema.org","@graph":[{"@type":"WebPage","@id":"https:\/\/www.amstelprinting.nl\/fr\/boutique\/autocollants-et-impression\/impression\/brochures\/","url":"https:\/\/www.amstelprinting.nl\/fr\/boutique\/autocollants-et-impression\/impression\/brochures\/","name":"Brochures sur Mesure - Qualit\u00e9 Ultra-Nette & Livraison Rapide","isPartOf":{"@id":"https:\/\/www.amstelprinting.nl\/fr\/#website"},"primaryImageOfPage":{"@id":"https:\/\/www.amstelprinting.nl\/fr\/boutique\/autocollants-et-impression\/impression\/brochures\/#primaryimage"},"image":{"@id":"https:\/\/www.amstelprinting.nl\/fr\/boutique\/autocollants-et-impression\/impression\/brochures\/#primaryimage"},"thumbnailUrl":"https:\/\/www.amstelprinting.nl\/wp-content\/uploads\/Brochures.jpg","datePublished":"2025-01-23T19:46:10+00:00","dateModified":"2026-02-10T12:11:13+00:00","description":"Concevez vos brochures parfaites avec divers formats, des types de papier premium et une haute qualit\u00e9 d'impression. Ayez un impact imm\u00e9diat avec votre communication.","breadcrumb":{"@id":"https:\/\/www.amstelprinting.nl\/fr\/boutique\/autocollants-et-impression\/impression\/brochures\/#breadcrumb"},"inLanguage":"fr-FR","potentialAction":[{"@type":"ReadAction","target":["https:\/\/www.amstelprinting.nl\/fr\/boutique\/autocollants-et-impression\/impression\/brochures\/"]}]},{"@type":"ImageObject","inLanguage":"fr-FR","@id":"https:\/\/www.amstelprinting.nl\/fr\/boutique\/autocollants-et-impression\/impression\/brochures\/#primaryimage","url":"https:\/\/www.amstelprinting.nl\/wp-content\/uploads\/Brochures.jpg","contentUrl":"https:\/\/www.amstelprinting.nl\/wp-content\/uploads\/Brochures.jpg","width":700,"height":700},{"@type":"BreadcrumbList","@id":"https:\/\/www.amstelprinting.nl\/fr\/boutique\/autocollants-et-impression\/impression\/brochures\/#breadcrumb","itemListElement":[{"@type":"ListItem","position":1,"name":"","item":"https:\/\/www.amstelprinting.nl\/fr\/"},{"@type":"ListItem","position":2,"name":"Amstel Printing","item":"https:\/\/www.amstelprinting.nl\/fr\/boutique\/"},{"@type":"ListItem","position":3,"name":"Autocollants et impression","item":"https:\/\/www.amstelprinting.nl\/fr\/categorie\/autocollants-et-impression\/"},{"@type":"ListItem","position":4,"name":"Impression","item":"https:\/\/www.amstelprinting.nl\/fr\/categorie\/autocollants-et-impression\/impression\/"},{"@type":"ListItem","position":5,"name":"Brochures"}]},{"@type":"WebSite","@id":"https:\/\/www.amstelprinting.nl\/fr\/#website","url":"https:\/\/www.amstelprinting.nl\/fr\/","name":"Amstel Printing","description":"Creating Exposure","publisher":{"@id":"https:\/\/www.amstelprinting.nl\/fr\/#organization"},"potentialAction":[{"@type":"SearchAction","target":{"@type":"EntryPoint","urlTemplate":"https:\/\/www.amstelprinting.nl\/fr\/?s={search_term_string}"},"query-input":{"@type":"PropertyValueSpecification","valueRequired":true,"valueName":"search_term_string"}}],"inLanguage":"fr-FR"},{"@type":"Organization","@id":"https:\/\/www.amstelprinting.nl\/fr\/#organization","name":"Amstel Printing","url":"https:\/\/www.amstelprinting.nl\/fr\/","logo":{"@type":"ImageObject","inLanguage":"fr-FR","@id":"https:\/\/www.amstelprinting.nl\/fr\/#\/schema\/logo\/image\/","url":"https:\/\/www.amstelprinting.nl\/wp-content\/uploads\/amstel_printing_logo_clean.png","contentUrl":"https:\/\/www.amstelprinting.nl\/wp-content\/uploads\/amstel_printing_logo_clean.png","width":324,"height":73,"caption":"Amstel Printing"},"image":{"@id":"https:\/\/www.amstelprinting.nl\/fr\/#\/schema\/logo\/image\/"}}]}},"_links":{"self":[{"href":"https:\/\/www.amstelprinting.nl\/fr\/wp-json\/wp\/v2\/product\/15588","targetHints":{"allow":["GET"]}}],"collection":[{"href":"https:\/\/www.amstelprinting.nl\/fr\/wp-json\/wp\/v2\/product"}],"about":[{"href":"https:\/\/www.amstelprinting.nl\/fr\/wp-json\/wp\/v2\/types\/product"}],"wp:featuredmedia":[{"embeddable":true,"href":"https:\/\/www.amstelprinting.nl\/fr\/wp-json\/wp\/v2\/media\/15590"}],"wp:attachment":[{"href":"https:\/\/www.amstelprinting.nl\/fr\/wp-json\/wp\/v2\/media?parent=15588"}],"wp:term":[{"taxonomy":"product_brand","embeddable":true,"href":"https:\/\/www.amstelprinting.nl\/fr\/wp-json\/wp\/v2\/product_brand?post=15588"},{"taxonomy":"product_cat","embeddable":true,"href":"https:\/\/www.amstelprinting.nl\/fr\/wp-json\/wp\/v2\/product_cat?post=15588"},{"taxonomy":"product_tag","embeddable":true,"href":"https:\/\/www.amstelprinting.nl\/fr\/wp-json\/wp\/v2\/product_tag?post=15588"}],"curies":[{"name":"wp","href":"https:\/\/api.w.org\/{rel}","templated":true}]}}