{"id":15603,"date":"2025-01-23T20:45:52","date_gmt":"2025-01-23T19:45:52","guid":{"rendered":"https:\/\/www.amstelprinting.nl\/winkel\/non%20class\u00e9\/folders\/"},"modified":"2026-02-18T12:51:55","modified_gmt":"2026-02-18T11:51:55","slug":"depliants","status":"publish","type":"product","link":"https:\/\/www.amstelprinting.nl\/fr\/boutique\/autocollants-et-impression\/impression\/depliants\/","title":{"rendered":"D\u00e9pliants"},"content":{"rendered":"<h3>Commander des d\u00e9pliants avec votre propre impression<\/h3>\n<p>Faites imprimer vos d\u00e9pliants professionnellement dans la plus haute qualit\u00e9. Choisissez parmi 11 formats standard, 3 types de papier et 4 grammages. D\u00e9terminez vous-m\u00eame le type de pli en choisissant parmi 7 options diff\u00e9rentes. Que vous ayez besoin de 10 exemplaires ou plus : gr\u00e2ce \u00e0 la technique d&rsquo;impression num\u00e9rique, la commande minimale n&rsquo;est que de 10 exemplaires. De plus, aucun frais de mise en route n&rsquo;est factur\u00e9. L&rsquo;impression est en outre d&rsquo;une qualit\u00e9 ultra-nette !<\/p>\n<h3>Mat\u00e9riaux<\/h3>\n<p>Nous proposons une s\u00e9lection de 6 mat\u00e9riaux de haute qualit\u00e9 :<\/p>\n<ul>\n<li><strong>MC Satin\u00e9 sans bois (Brillant)<\/strong> : Ce mat\u00e9riau satin\u00e9 sans bois offre une finition brillante qui fait rayonner vos cr\u00e9ations. Disponible en grammages de 175, 250, 300 et 400 gr\/m\u00b2.<\/li>\n<li><strong>MC Demi-mat sans bois (Silk)<\/strong> : Pour un aspect mat subtil, ce mat\u00e9riau sans bois est le choix parfait. Disponible en 135, 170, 250, 300 et 400 gr\/m\u00b2.<\/li>\n<li><strong>Carton naturel<\/strong> : Ce carton lisse sans bois est id\u00e9al pour l&rsquo;\u00e9criture et le tamponnage, avec un poids de 300 et 350 gr\/m\u00b2.<br \/>\n<strong>Biotop Naturel<\/strong> : Non couch\u00e9 et de couleur cr\u00e8me, ce papier offre un aspect \u00e9l\u00e9gant et permet de bien \u00e9crire et tamponner, avec un poids de 250 gr\/m\u00b2.<\/li>\n<li><strong>Synaps<\/strong> : Ce mat\u00e9riau synth\u00e9tique est ind\u00e9chirable et r\u00e9sistant \u00e0 l&rsquo;eau, id\u00e9al pour la durabilit\u00e9. Disponible en 300 gr\/m\u00b2.<\/li>\n<li><strong>YupoBlue<\/strong> : Un mat\u00e9riau synth\u00e9tique blanc \u00e9clatant avec une surface mate et lisse pour une reproduction \u00e9clatante des couleurs. Disponible en 319 gr\/m\u00b2.<\/li>\n<\/ul>\n<p>&nbsp;<\/p>\n<h3>Finition<\/h3>\n<p>De plus, vous avez la possibilit\u00e9 de faire laminer vos d\u00e9pliants pour une protection suppl\u00e9mentaire et une finition raffin\u00e9e. Nous proposons trois options de laminage : le laminage brillant, qui donne \u00e0 vos cartes une finition \u00e9clatante et les prot\u00e8ge des dommages ; le laminage mat, qui assure un aspect \u00e9l\u00e9gant et non brillant avec une protection suppl\u00e9mentaire ; et le laminage mat soft touch, qui ajoute un toucher doux et luxueux et donne \u00e0 vos d\u00e9pliants une sensation de qualit\u00e9 sup\u00e9rieure.<\/p>\n<h3>Impression recto-verso<\/h3>\n<p>Nos d\u00e9pliants peuvent \u00eatre imprim\u00e9s en recto-verso et vous pouvez choisir le nombre d&rsquo;exemplaires \u00e0 partir de 10 unit\u00e9s. Cela vous offre la flexibilit\u00e9 de commander pr\u00e9cis\u00e9ment le nombre de d\u00e9pliants dont vous avez besoin, qu&rsquo;il s&rsquo;agisse d&rsquo;un petit tirage pour une campagne exclusive ou d&rsquo;un tirage plus important pour un large public.<\/p>\n<h3>Questions fr\u00e9quemment pos\u00e9es<\/h3>\n<p><strong>Est-ce que tous les mat\u00e9riaux peuvent \u00eatre \u00e9crits ?<\/strong><br \/>\nNon, l&rsquo;\u00e9criture n&rsquo;est possible que sur les types de papier non couch\u00e9s. Les types de papier non couch\u00e9s appropri\u00e9s sont le carton sulfate (verso), l&rsquo;offset blanc (HVO), le Biotop Naturel et le Carton naturel.<\/p>\n<p><strong>Pourquoi le laminage n&rsquo;est-il pas possible avec l&rsquo;offset blanc (HVO), le Biotop Naturel et le Carton naturel ?<\/strong><br \/>\nEn raison de la structure de ces mat\u00e9riaux, le laminage n&rsquo;est pas applicable. De plus, le laminage r\u00e9duirait la capacit\u00e9 d&rsquo;\u00e9criture sur le papier.<\/p>\n<p><strong>Pourquoi mon impression est-elle gondol\u00e9e ?<\/strong><br \/>\nCela peut \u00eatre le r\u00e9sultat d&rsquo;un choix de laminage simple face. Le laminage r\u00e9agit diff\u00e9remment du papier, ce qui peut provoquer un gondolement. Nous recommandons de toujours laminer en recto-verso pour \u00e9viter ce probl\u00e8me.<\/p>\n<p><strong>Quels types de papier conviennent \u00e0 un usage ext\u00e9rieur ?<\/strong><br \/>\nNos papiers synth\u00e9tiques, tels que le Synaps et le YupoBlue, sont particuli\u00e8rement adapt\u00e9s \u00e0 un usage ext\u00e9rieur. Ces mat\u00e9riaux sont r\u00e9sistants \u00e0 l&rsquo;eau et conservent leur qualit\u00e9 m\u00eame en cas d&rsquo;exposition \u00e0 l&rsquo;humidit\u00e9. Ils sont id\u00e9aux pour des applications telles que les menus. De plus, vous pouvez \u00e9galement utiliser temporairement \u00e0 l&rsquo;ext\u00e9rieur des imprim\u00e9s avec un laminage recto-verso.<\/p>\n","protected":false},"excerpt":{"rendered":"<h3>Imprimer des d\u00e9pliants rapidement et \u00e0 bas prix<\/h3>\n<p>Faites imprimer vos d\u00e9pliants professionnellement dans la plus haute qualit\u00e9. Choisissez parmi 11 formats standard, 3 types de papier et 4 grammages. D\u00e9terminez vous-m\u00eame le type de pli en choisissant parmi 7 options diff\u00e9rentes. Que vous ayez besoin de 10 exemplaires ou plus : gr\u00e2ce \u00e0 la technique d&rsquo;impression num\u00e9rique, la commande minimale n&rsquo;est que de 10 exemplaires.<\/p>\n","protected":false},"featured_media":15605,"template":"","meta":{"_et_pb_use_builder":"","_et_pb_old_content":"","_et_gb_content_width":""},"product_brand":[],"product_cat":[312,581],"product_tag":[],"class_list":{"0":"post-15603","1":"product","2":"type-product","3":"status-publish","4":"has-post-thumbnail","6":"product_cat-autocollants-et-impression","7":"product_cat-impression","9":"first","10":"instock","11":"taxable","12":"shipping-taxable","13":"purchasable","14":"product-type-simple"},"yoast_head":"<!-- This site is optimized with the Yoast SEO plugin v27.3 - https:\/\/yoast.com\/product\/yoast-seo-wordpress\/ -->\n<title>Commander des d\u00e9pliants professionnels | Livraison rapide &amp; haute qualit\u00e9<\/title>\n<meta name=\"description\" content=\"Concevez et commandez vos d\u00e9pliants sur mesure avec une qualit\u00e9 d&#039;impression ultra-nette \u00e0 partir de 10 exemplaires sans frais de mise en route. Divers formats, types de papier et laminages de luxe.\" \/>\n<meta name=\"robots\" content=\"index, follow, max-snippet:-1, max-image-preview:large, max-video-preview:-1\" \/>\n<link rel=\"canonical\" href=\"https:\/\/www.amstelprinting.nl\/fr\/boutique\/autocollants-et-impression\/impression\/depliants\/\" \/>\n<meta property=\"og:locale\" content=\"fr_FR\" \/>\n<meta property=\"og:type\" content=\"article\" \/>\n<meta property=\"og:title\" content=\"Commander des d\u00e9pliants professionnels | Livraison rapide &amp; haute qualit\u00e9\" \/>\n<meta property=\"og:description\" content=\"Concevez et commandez vos d\u00e9pliants sur mesure avec une qualit\u00e9 d&#039;impression ultra-nette \u00e0 partir de 10 exemplaires sans frais de mise en route. Divers formats, types de papier et laminages de luxe.\" \/>\n<meta property=\"og:url\" content=\"https:\/\/www.amstelprinting.nl\/fr\/boutique\/autocollants-et-impression\/impression\/depliants\/\" \/>\n<meta property=\"og:site_name\" content=\"Amstel Printing\" \/>\n<meta property=\"article:modified_time\" content=\"2026-02-18T11:51:55+00:00\" \/>\n<meta property=\"og:image\" content=\"https:\/\/www.amstelprinting.nl\/wp-content\/uploads\/Folders.jpg\" \/>\n\t<meta property=\"og:image:width\" content=\"700\" \/>\n\t<meta property=\"og:image:height\" content=\"700\" \/>\n\t<meta property=\"og:image:type\" content=\"image\/jpeg\" \/>\n<meta name=\"twitter:card\" content=\"summary_large_image\" \/>\n<meta name=\"twitter:label1\" content=\"Dur\u00e9e de lecture estim\u00e9e\" \/>\n\t<meta name=\"twitter:data1\" content=\"3 minutes\" \/>\n<script type=\"application\/ld+json\" class=\"yoast-schema-graph\">{\"@context\":\"https:\\\/\\\/schema.org\",\"@graph\":[{\"@type\":\"WebPage\",\"@id\":\"https:\\\/\\\/www.amstelprinting.nl\\\/fr\\\/boutique\\\/autocollants-et-impression\\\/impression\\\/depliants\\\/\",\"url\":\"https:\\\/\\\/www.amstelprinting.nl\\\/fr\\\/boutique\\\/autocollants-et-impression\\\/impression\\\/depliants\\\/\",\"name\":\"Commander des d\u00e9pliants professionnels | Livraison rapide & haute qualit\u00e9\",\"isPartOf\":{\"@id\":\"https:\\\/\\\/www.amstelprinting.nl\\\/fr\\\/#website\"},\"primaryImageOfPage\":{\"@id\":\"https:\\\/\\\/www.amstelprinting.nl\\\/fr\\\/boutique\\\/autocollants-et-impression\\\/impression\\\/depliants\\\/#primaryimage\"},\"image\":{\"@id\":\"https:\\\/\\\/www.amstelprinting.nl\\\/fr\\\/boutique\\\/autocollants-et-impression\\\/impression\\\/depliants\\\/#primaryimage\"},\"thumbnailUrl\":\"https:\\\/\\\/www.amstelprinting.nl\\\/wp-content\\\/uploads\\\/Folders.jpg\",\"datePublished\":\"2025-01-23T19:45:52+00:00\",\"dateModified\":\"2026-02-18T11:51:55+00:00\",\"description\":\"Concevez et commandez vos d\u00e9pliants sur mesure avec une qualit\u00e9 d'impression ultra-nette \u00e0 partir de 10 exemplaires sans frais de mise en route. Divers formats, types de papier et laminages de luxe.\",\"breadcrumb\":{\"@id\":\"https:\\\/\\\/www.amstelprinting.nl\\\/fr\\\/boutique\\\/autocollants-et-impression\\\/impression\\\/depliants\\\/#breadcrumb\"},\"inLanguage\":\"fr-FR\",\"potentialAction\":[{\"@type\":\"ReadAction\",\"target\":[\"https:\\\/\\\/www.amstelprinting.nl\\\/fr\\\/boutique\\\/autocollants-et-impression\\\/impression\\\/depliants\\\/\"]}]},{\"@type\":\"ImageObject\",\"inLanguage\":\"fr-FR\",\"@id\":\"https:\\\/\\\/www.amstelprinting.nl\\\/fr\\\/boutique\\\/autocollants-et-impression\\\/impression\\\/depliants\\\/#primaryimage\",\"url\":\"https:\\\/\\\/www.amstelprinting.nl\\\/wp-content\\\/uploads\\\/Folders.jpg\",\"contentUrl\":\"https:\\\/\\\/www.amstelprinting.nl\\\/wp-content\\\/uploads\\\/Folders.jpg\",\"width\":700,\"height\":700},{\"@type\":\"BreadcrumbList\",\"@id\":\"https:\\\/\\\/www.amstelprinting.nl\\\/fr\\\/boutique\\\/autocollants-et-impression\\\/impression\\\/depliants\\\/#breadcrumb\",\"itemListElement\":[{\"@type\":\"ListItem\",\"position\":1,\"name\":\"\",\"item\":\"https:\\\/\\\/www.amstelprinting.nl\\\/fr\\\/\"},{\"@type\":\"ListItem\",\"position\":2,\"name\":\"Amstel Printing\",\"item\":\"https:\\\/\\\/www.amstelprinting.nl\\\/fr\\\/boutique\\\/\"},{\"@type\":\"ListItem\",\"position\":3,\"name\":\"Autocollants et impression\",\"item\":\"https:\\\/\\\/www.amstelprinting.nl\\\/fr\\\/categorie\\\/autocollants-et-impression\\\/\"},{\"@type\":\"ListItem\",\"position\":4,\"name\":\"Impression\",\"item\":\"https:\\\/\\\/www.amstelprinting.nl\\\/fr\\\/categorie\\\/autocollants-et-impression\\\/impression\\\/\"},{\"@type\":\"ListItem\",\"position\":5,\"name\":\"D\u00e9pliants\"}]},{\"@type\":\"WebSite\",\"@id\":\"https:\\\/\\\/www.amstelprinting.nl\\\/fr\\\/#website\",\"url\":\"https:\\\/\\\/www.amstelprinting.nl\\\/fr\\\/\",\"name\":\"Amstel Printing\",\"description\":\"Creating Exposure\",\"publisher\":{\"@id\":\"https:\\\/\\\/www.amstelprinting.nl\\\/fr\\\/#organization\"},\"potentialAction\":[{\"@type\":\"SearchAction\",\"target\":{\"@type\":\"EntryPoint\",\"urlTemplate\":\"https:\\\/\\\/www.amstelprinting.nl\\\/fr\\\/?s={search_term_string}\"},\"query-input\":{\"@type\":\"PropertyValueSpecification\",\"valueRequired\":true,\"valueName\":\"search_term_string\"}}],\"inLanguage\":\"fr-FR\"},{\"@type\":\"Organization\",\"@id\":\"https:\\\/\\\/www.amstelprinting.nl\\\/fr\\\/#organization\",\"name\":\"Amstel Printing\",\"url\":\"https:\\\/\\\/www.amstelprinting.nl\\\/fr\\\/\",\"logo\":{\"@type\":\"ImageObject\",\"inLanguage\":\"fr-FR\",\"@id\":\"https:\\\/\\\/www.amstelprinting.nl\\\/fr\\\/#\\\/schema\\\/logo\\\/image\\\/\",\"url\":\"https:\\\/\\\/www.amstelprinting.nl\\\/wp-content\\\/uploads\\\/amstel_printing_logo_clean.png\",\"contentUrl\":\"https:\\\/\\\/www.amstelprinting.nl\\\/wp-content\\\/uploads\\\/amstel_printing_logo_clean.png\",\"width\":324,\"height\":73,\"caption\":\"Amstel Printing\"},\"image\":{\"@id\":\"https:\\\/\\\/www.amstelprinting.nl\\\/fr\\\/#\\\/schema\\\/logo\\\/image\\\/\"}}]}<\/script>\n<!-- \/ Yoast SEO plugin. -->","yoast_head_json":{"title":"Commander des d\u00e9pliants professionnels | Livraison rapide & haute qualit\u00e9","description":"Concevez et commandez vos d\u00e9pliants sur mesure avec une qualit\u00e9 d'impression ultra-nette \u00e0 partir de 10 exemplaires sans frais de mise en route. Divers formats, types de papier et laminages de luxe.","robots":{"index":"index","follow":"follow","max-snippet":"max-snippet:-1","max-image-preview":"max-image-preview:large","max-video-preview":"max-video-preview:-1"},"canonical":"https:\/\/www.amstelprinting.nl\/fr\/boutique\/autocollants-et-impression\/impression\/depliants\/","og_locale":"fr_FR","og_type":"article","og_title":"Commander des d\u00e9pliants professionnels | Livraison rapide & haute qualit\u00e9","og_description":"Concevez et commandez vos d\u00e9pliants sur mesure avec une qualit\u00e9 d'impression ultra-nette \u00e0 partir de 10 exemplaires sans frais de mise en route. Divers formats, types de papier et laminages de luxe.","og_url":"https:\/\/www.amstelprinting.nl\/fr\/boutique\/autocollants-et-impression\/impression\/depliants\/","og_site_name":"Amstel Printing","article_modified_time":"2026-02-18T11:51:55+00:00","og_image":[{"width":700,"height":700,"url":"https:\/\/www.amstelprinting.nl\/wp-content\/uploads\/Folders.jpg","type":"image\/jpeg"}],"twitter_card":"summary_large_image","twitter_misc":{"Dur\u00e9e de lecture estim\u00e9e":"3 minutes"},"schema":{"@context":"https:\/\/schema.org","@graph":[{"@type":"WebPage","@id":"https:\/\/www.amstelprinting.nl\/fr\/boutique\/autocollants-et-impression\/impression\/depliants\/","url":"https:\/\/www.amstelprinting.nl\/fr\/boutique\/autocollants-et-impression\/impression\/depliants\/","name":"Commander des d\u00e9pliants professionnels | Livraison rapide & haute qualit\u00e9","isPartOf":{"@id":"https:\/\/www.amstelprinting.nl\/fr\/#website"},"primaryImageOfPage":{"@id":"https:\/\/www.amstelprinting.nl\/fr\/boutique\/autocollants-et-impression\/impression\/depliants\/#primaryimage"},"image":{"@id":"https:\/\/www.amstelprinting.nl\/fr\/boutique\/autocollants-et-impression\/impression\/depliants\/#primaryimage"},"thumbnailUrl":"https:\/\/www.amstelprinting.nl\/wp-content\/uploads\/Folders.jpg","datePublished":"2025-01-23T19:45:52+00:00","dateModified":"2026-02-18T11:51:55+00:00","description":"Concevez et commandez vos d\u00e9pliants sur mesure avec une qualit\u00e9 d'impression ultra-nette \u00e0 partir de 10 exemplaires sans frais de mise en route. Divers formats, types de papier et laminages de luxe.","breadcrumb":{"@id":"https:\/\/www.amstelprinting.nl\/fr\/boutique\/autocollants-et-impression\/impression\/depliants\/#breadcrumb"},"inLanguage":"fr-FR","potentialAction":[{"@type":"ReadAction","target":["https:\/\/www.amstelprinting.nl\/fr\/boutique\/autocollants-et-impression\/impression\/depliants\/"]}]},{"@type":"ImageObject","inLanguage":"fr-FR","@id":"https:\/\/www.amstelprinting.nl\/fr\/boutique\/autocollants-et-impression\/impression\/depliants\/#primaryimage","url":"https:\/\/www.amstelprinting.nl\/wp-content\/uploads\/Folders.jpg","contentUrl":"https:\/\/www.amstelprinting.nl\/wp-content\/uploads\/Folders.jpg","width":700,"height":700},{"@type":"BreadcrumbList","@id":"https:\/\/www.amstelprinting.nl\/fr\/boutique\/autocollants-et-impression\/impression\/depliants\/#breadcrumb","itemListElement":[{"@type":"ListItem","position":1,"name":"","item":"https:\/\/www.amstelprinting.nl\/fr\/"},{"@type":"ListItem","position":2,"name":"Amstel Printing","item":"https:\/\/www.amstelprinting.nl\/fr\/boutique\/"},{"@type":"ListItem","position":3,"name":"Autocollants et impression","item":"https:\/\/www.amstelprinting.nl\/fr\/categorie\/autocollants-et-impression\/"},{"@type":"ListItem","position":4,"name":"Impression","item":"https:\/\/www.amstelprinting.nl\/fr\/categorie\/autocollants-et-impression\/impression\/"},{"@type":"ListItem","position":5,"name":"D\u00e9pliants"}]},{"@type":"WebSite","@id":"https:\/\/www.amstelprinting.nl\/fr\/#website","url":"https:\/\/www.amstelprinting.nl\/fr\/","name":"Amstel Printing","description":"Creating Exposure","publisher":{"@id":"https:\/\/www.amstelprinting.nl\/fr\/#organization"},"potentialAction":[{"@type":"SearchAction","target":{"@type":"EntryPoint","urlTemplate":"https:\/\/www.amstelprinting.nl\/fr\/?s={search_term_string}"},"query-input":{"@type":"PropertyValueSpecification","valueRequired":true,"valueName":"search_term_string"}}],"inLanguage":"fr-FR"},{"@type":"Organization","@id":"https:\/\/www.amstelprinting.nl\/fr\/#organization","name":"Amstel Printing","url":"https:\/\/www.amstelprinting.nl\/fr\/","logo":{"@type":"ImageObject","inLanguage":"fr-FR","@id":"https:\/\/www.amstelprinting.nl\/fr\/#\/schema\/logo\/image\/","url":"https:\/\/www.amstelprinting.nl\/wp-content\/uploads\/amstel_printing_logo_clean.png","contentUrl":"https:\/\/www.amstelprinting.nl\/wp-content\/uploads\/amstel_printing_logo_clean.png","width":324,"height":73,"caption":"Amstel Printing"},"image":{"@id":"https:\/\/www.amstelprinting.nl\/fr\/#\/schema\/logo\/image\/"}}]}},"_links":{"self":[{"href":"https:\/\/www.amstelprinting.nl\/fr\/wp-json\/wp\/v2\/product\/15603","targetHints":{"allow":["GET"]}}],"collection":[{"href":"https:\/\/www.amstelprinting.nl\/fr\/wp-json\/wp\/v2\/product"}],"about":[{"href":"https:\/\/www.amstelprinting.nl\/fr\/wp-json\/wp\/v2\/types\/product"}],"wp:featuredmedia":[{"embeddable":true,"href":"https:\/\/www.amstelprinting.nl\/fr\/wp-json\/wp\/v2\/media\/15605"}],"wp:attachment":[{"href":"https:\/\/www.amstelprinting.nl\/fr\/wp-json\/wp\/v2\/media?parent=15603"}],"wp:term":[{"taxonomy":"product_brand","embeddable":true,"href":"https:\/\/www.amstelprinting.nl\/fr\/wp-json\/wp\/v2\/product_brand?post=15603"},{"taxonomy":"product_cat","embeddable":true,"href":"https:\/\/www.amstelprinting.nl\/fr\/wp-json\/wp\/v2\/product_cat?post=15603"},{"taxonomy":"product_tag","embeddable":true,"href":"https:\/\/www.amstelprinting.nl\/fr\/wp-json\/wp\/v2\/product_tag?post=15603"}],"curies":[{"name":"wp","href":"https:\/\/api.w.org\/{rel}","templated":true}]}}