{"id":15618,"date":"2025-01-23T20:45:41","date_gmt":"2025-01-23T19:45:41","guid":{"rendered":"https:\/\/www.amstelprinting.nl\/winkel\/non%20class\u00e9\/menukaarten\/"},"modified":"2026-02-18T12:51:55","modified_gmt":"2026-02-18T11:51:55","slug":"menus","status":"publish","type":"product","link":"https:\/\/www.amstelprinting.nl\/fr\/boutique\/autocollants-et-impression\/impression\/menus\/","title":{"rendered":"Menus"},"content":{"rendered":"<h2>Impression de menus<\/h2>\n<p>Pour la vente \u00e0 emporter, le d\u00eener ou un aper\u00e7u des boissons et des amuse-gueules disponibles. Les menus sont le moyen efficace de s\u00e9duire les clients affam\u00e9s (ou assoiff\u00e9s). Qu&rsquo;il s&rsquo;agisse d&rsquo;attirer les passants dans une rue anim\u00e9e ou de se d\u00e9marquer parmi les menus \u00e0 emporter sur la table de la cuisine, nos menus imprim\u00e9s donneront faim aux clients.<\/p>\n<h3>Formats et mat\u00e9riaux<\/h3>\n<p>Nous proposons des menus en sept formats et vous avez le choix entre une carte avec un pli ou non pli\u00e9e. Vous avez le choix parmi une s\u00e9lection de six mat\u00e9riaux de haute qualit\u00e9 :<\/p>\n<ul>\n<li><strong>MC satin\u00e9 sans bois (Brillant)<\/strong> : Ce mat\u00e9riau satin\u00e9 sans bois offre une finition brillante qui fait rayonner vos designs. Disponible en grammages de 250, 300 et 400 gr.\/m\u00b2.<\/li>\n<li><strong>MC demi-mat sans bois (Silk)<\/strong> : Pour un aspect mat subtil, ce mat\u00e9riau sans bois est le choix parfait. Disponible en 250, 300 et 400 gr.\/m\u00b2.<\/li>\n<li><strong>Carton naturel<\/strong> : Ce carton lisse sans bois est id\u00e9al pour l&rsquo;\u00e9criture et le tamponnage, avec un poids de 300 et 350 gr.\/m\u00b2.<\/li>\n<li><strong>Biotop Naturel<\/strong> : Non couch\u00e9 et de couleur cr\u00e8me, ce papier offre un aspect \u00e9l\u00e9gant et se pr\u00eate bien \u00e0 l&rsquo;\u00e9criture et au tamponnage, avec un poids de 250 gr.\/m\u00b2.<\/li>\n<li><strong>Synaps<\/strong> : Ce mat\u00e9riau synth\u00e9tique est ind\u00e9chirable et r\u00e9sistant \u00e0 l&rsquo;eau, id\u00e9al pour la durabilit\u00e9. Disponible en 300 gr.\/m\u00b2.<\/li>\n<li><strong>YupoBlue<\/strong> : Un mat\u00e9riau synth\u00e9tique blanc \u00e9clatant avec une surface mate uniforme pour un rendu des couleurs brillant. Disponible en 319 gr.\/m\u00b2.<\/li>\n<\/ul>\n<p>&nbsp;<\/p>\n<h3>Pelliculage : pour une protection suppl\u00e9mentaire<\/h3>\n<p>De plus, vous avez la possibilit\u00e9 de faire pelliculer vos menus, ce qui assure une protection suppl\u00e9mentaire et une finition raffin\u00e9e. Nous proposons trois options de pelliculage : Le pelliculage brillant donne \u00e0 vos menus une finition \u00e9clatante et les prot\u00e8ge contre les dommages. Le pelliculage mat offre un aspect \u00e9l\u00e9gant et non brillant et assure une protection suppl\u00e9mentaire contre l&rsquo;usure. Le pelliculage mat soft touch ajoute une texture luxueuse et douce et donne \u00e0 vos menus une sensation premium, tout en restant bien prot\u00e9g\u00e9s contre l&rsquo;usage quotidien.<\/p>\n<h3>Impression recto-verso<\/h3>\n<p>Nos menus sont imprim\u00e9s en recto-verso, afin que vous puissiez utiliser l&rsquo;espace de mani\u00e8re optimale. Vous pouvez choisir le nombre d&rsquo;exemplaires \u00e0 partir de 10 pi\u00e8ces, ce qui vous donne la flexibilit\u00e9 de commander pr\u00e9cis\u00e9ment la quantit\u00e9 dont vous avez besoin, qu&rsquo;il s&rsquo;agisse d&rsquo;une petite quantit\u00e9 pour une occasion sp\u00e9ciale ou d&rsquo;un tirage plus important pour un usage quotidien.<br \/>\nTransformez la pr\u00e9sentation de votre menu avec nos menus sur mesure. Nous sommes ravis de vous aider \u00e0 cr\u00e9er un menu qui impressionne et offre \u00e0 vos invit\u00e9s une exp\u00e9rience inoubliable.<\/p>\n<h3>Questions fr\u00e9quemment pos\u00e9es<\/h3>\n<p><strong>Est-il possible d&rsquo;\u00e9crire sur tous les mat\u00e9riaux ?<\/strong><br \/>\nNon, l&rsquo;\u00e9criture n&rsquo;est possible que sur les types de papier non couch\u00e9s. Les papiers non couch\u00e9s appropri\u00e9s sont le Biotop Naturel et le Carton naturel.<\/p>\n<p><strong>Pourquoi le pelliculage n&rsquo;est-il pas possible avec le Biotop Naturel et le Carton naturel ?<\/strong><br \/>\nEn raison de la structure de ces mat\u00e9riaux, le pelliculage n&rsquo;est pas applicable. De plus, le pelliculage r\u00e9duirait la capacit\u00e9 d&rsquo;\u00e9criture sur le papier.<\/p>\n<p><strong>Pourquoi mon impression est-elle gondol\u00e9e ?<\/strong><br \/>\nCela peut \u00eatre d\u00fb au choix d&rsquo;un pelliculage simple face. Le pelliculage r\u00e9agit diff\u00e9remment du papier, ce qui peut provoquer un gondolement. Nous recommandons de toujours pelliculer en recto-verso pour \u00e9viter ce probl\u00e8me.<\/p>\n<p><strong>Quels types de papier conviennent \u00e0 un usage ext\u00e9rieur ?<\/strong><br \/>\nNos papiers synth\u00e9tiques, tels que Synaps et YupoBlue, sont particuli\u00e8rement adapt\u00e9s \u00e0 un usage ext\u00e9rieur. Ces mat\u00e9riaux sont r\u00e9sistants \u00e0 l&rsquo;eau et conservent leur qualit\u00e9, m\u00eame en cas d&rsquo;exposition \u00e0 l&rsquo;humidit\u00e9. Ils sont id\u00e9aux pour des applications telles que les menus. De plus, vous pouvez \u00e9galement utiliser temporairement \u00e0 l&rsquo;ext\u00e9rieur des impressions avec un pelliculage recto-verso.<\/p>\n","protected":false},"excerpt":{"rendered":"<h3>Impression de menus. Votre design imprim\u00e9 avec une nettet\u00e9 absolue.<\/h3>\n<p>Le moyen id\u00e9al pour pr\u00e9senter votre menu. Que vous dirigiez un restaurant, un caf\u00e9 ou une entreprise de restauration : vous pouvez imprimer des menus bon march\u00e9 chez Amstel Printing. Enti\u00e8rement dans votre propre format. Disponible d\u00e8s 10 pi\u00e8ces. Composez vos menus ci-dessous en quelques \u00e9tapes.<\/p>\n","protected":false},"featured_media":15620,"template":"","meta":{"_et_pb_use_builder":"","_et_pb_old_content":"","_et_gb_content_width":""},"product_brand":[],"product_cat":[312,581],"product_tag":[],"class_list":{"0":"post-15618","1":"product","2":"type-product","3":"status-publish","4":"has-post-thumbnail","6":"product_cat-autocollants-et-impression","7":"product_cat-impression","9":"first","10":"instock","11":"taxable","12":"shipping-taxable","13":"purchasable","14":"product-type-simple"},"yoast_head":"<!-- This site is optimized with the Yoast SEO plugin v27.3 - https:\/\/yoast.com\/product\/yoast-seo-wordpress\/ -->\n<title>Menus sur Mesure \u2013 Livraison Rapide et Qualit\u00e9 Premium<\/title>\n<meta name=\"description\" content=\"Menus sur mesure \u00e0 partir de 10 pi\u00e8ces. Choisissez parmi divers mat\u00e9riaux de haute qualit\u00e9 et profitez d&#039;une livraison rapide. Parfait pour l&#039;horeca, les \u00e9v\u00e9nements et la restauration.\" \/>\n<meta name=\"robots\" content=\"index, follow, max-snippet:-1, max-image-preview:large, max-video-preview:-1\" \/>\n<link rel=\"canonical\" href=\"https:\/\/www.amstelprinting.nl\/fr\/boutique\/autocollants-et-impression\/impression\/menus\/\" \/>\n<meta property=\"og:locale\" content=\"fr_FR\" \/>\n<meta property=\"og:type\" content=\"article\" \/>\n<meta property=\"og:title\" content=\"Menus sur Mesure \u2013 Livraison Rapide et Qualit\u00e9 Premium\" \/>\n<meta property=\"og:description\" content=\"Menus sur mesure \u00e0 partir de 10 pi\u00e8ces. Choisissez parmi divers mat\u00e9riaux de haute qualit\u00e9 et profitez d&#039;une livraison rapide. Parfait pour l&#039;horeca, les \u00e9v\u00e9nements et la restauration.\" \/>\n<meta property=\"og:url\" content=\"https:\/\/www.amstelprinting.nl\/fr\/boutique\/autocollants-et-impression\/impression\/menus\/\" \/>\n<meta property=\"og:site_name\" content=\"Amstel Printing\" \/>\n<meta property=\"article:modified_time\" content=\"2026-02-18T11:51:55+00:00\" \/>\n<meta property=\"og:image\" content=\"https:\/\/www.amstelprinting.nl\/wp-content\/uploads\/menukaarten-bedrukken4.jpg\" \/>\n\t<meta property=\"og:image:width\" content=\"1000\" \/>\n\t<meta property=\"og:image:height\" content=\"759\" \/>\n\t<meta property=\"og:image:type\" content=\"image\/jpeg\" \/>\n<meta name=\"twitter:card\" content=\"summary_large_image\" \/>\n<meta name=\"twitter:label1\" content=\"Dur\u00e9e de lecture estim\u00e9e\" \/>\n\t<meta name=\"twitter:data1\" content=\"3 minutes\" \/>\n<script type=\"application\/ld+json\" class=\"yoast-schema-graph\">{\"@context\":\"https:\\\/\\\/schema.org\",\"@graph\":[{\"@type\":\"WebPage\",\"@id\":\"https:\\\/\\\/www.amstelprinting.nl\\\/fr\\\/boutique\\\/autocollants-et-impression\\\/impression\\\/menus\\\/\",\"url\":\"https:\\\/\\\/www.amstelprinting.nl\\\/fr\\\/boutique\\\/autocollants-et-impression\\\/impression\\\/menus\\\/\",\"name\":\"Menus sur Mesure \u2013 Livraison Rapide et Qualit\u00e9 Premium\",\"isPartOf\":{\"@id\":\"https:\\\/\\\/www.amstelprinting.nl\\\/fr\\\/#website\"},\"primaryImageOfPage\":{\"@id\":\"https:\\\/\\\/www.amstelprinting.nl\\\/fr\\\/boutique\\\/autocollants-et-impression\\\/impression\\\/menus\\\/#primaryimage\"},\"image\":{\"@id\":\"https:\\\/\\\/www.amstelprinting.nl\\\/fr\\\/boutique\\\/autocollants-et-impression\\\/impression\\\/menus\\\/#primaryimage\"},\"thumbnailUrl\":\"https:\\\/\\\/www.amstelprinting.nl\\\/wp-content\\\/uploads\\\/menukaarten-bedrukken4.jpg\",\"datePublished\":\"2025-01-23T19:45:41+00:00\",\"dateModified\":\"2026-02-18T11:51:55+00:00\",\"description\":\"Menus sur mesure \u00e0 partir de 10 pi\u00e8ces. Choisissez parmi divers mat\u00e9riaux de haute qualit\u00e9 et profitez d'une livraison rapide. Parfait pour l'horeca, les \u00e9v\u00e9nements et la restauration.\",\"breadcrumb\":{\"@id\":\"https:\\\/\\\/www.amstelprinting.nl\\\/fr\\\/boutique\\\/autocollants-et-impression\\\/impression\\\/menus\\\/#breadcrumb\"},\"inLanguage\":\"fr-FR\",\"potentialAction\":[{\"@type\":\"ReadAction\",\"target\":[\"https:\\\/\\\/www.amstelprinting.nl\\\/fr\\\/boutique\\\/autocollants-et-impression\\\/impression\\\/menus\\\/\"]}]},{\"@type\":\"ImageObject\",\"inLanguage\":\"fr-FR\",\"@id\":\"https:\\\/\\\/www.amstelprinting.nl\\\/fr\\\/boutique\\\/autocollants-et-impression\\\/impression\\\/menus\\\/#primaryimage\",\"url\":\"https:\\\/\\\/www.amstelprinting.nl\\\/wp-content\\\/uploads\\\/menukaarten-bedrukken4.jpg\",\"contentUrl\":\"https:\\\/\\\/www.amstelprinting.nl\\\/wp-content\\\/uploads\\\/menukaarten-bedrukken4.jpg\",\"width\":1000,\"height\":759},{\"@type\":\"BreadcrumbList\",\"@id\":\"https:\\\/\\\/www.amstelprinting.nl\\\/fr\\\/boutique\\\/autocollants-et-impression\\\/impression\\\/menus\\\/#breadcrumb\",\"itemListElement\":[{\"@type\":\"ListItem\",\"position\":1,\"name\":\"\",\"item\":\"https:\\\/\\\/www.amstelprinting.nl\\\/fr\\\/\"},{\"@type\":\"ListItem\",\"position\":2,\"name\":\"Amstel Printing\",\"item\":\"https:\\\/\\\/www.amstelprinting.nl\\\/fr\\\/boutique\\\/\"},{\"@type\":\"ListItem\",\"position\":3,\"name\":\"Autocollants et impression\",\"item\":\"https:\\\/\\\/www.amstelprinting.nl\\\/fr\\\/categorie\\\/autocollants-et-impression\\\/\"},{\"@type\":\"ListItem\",\"position\":4,\"name\":\"Impression\",\"item\":\"https:\\\/\\\/www.amstelprinting.nl\\\/fr\\\/categorie\\\/autocollants-et-impression\\\/impression\\\/\"},{\"@type\":\"ListItem\",\"position\":5,\"name\":\"Menus\"}]},{\"@type\":\"WebSite\",\"@id\":\"https:\\\/\\\/www.amstelprinting.nl\\\/fr\\\/#website\",\"url\":\"https:\\\/\\\/www.amstelprinting.nl\\\/fr\\\/\",\"name\":\"Amstel Printing\",\"description\":\"Creating Exposure\",\"publisher\":{\"@id\":\"https:\\\/\\\/www.amstelprinting.nl\\\/fr\\\/#organization\"},\"potentialAction\":[{\"@type\":\"SearchAction\",\"target\":{\"@type\":\"EntryPoint\",\"urlTemplate\":\"https:\\\/\\\/www.amstelprinting.nl\\\/fr\\\/?s={search_term_string}\"},\"query-input\":{\"@type\":\"PropertyValueSpecification\",\"valueRequired\":true,\"valueName\":\"search_term_string\"}}],\"inLanguage\":\"fr-FR\"},{\"@type\":\"Organization\",\"@id\":\"https:\\\/\\\/www.amstelprinting.nl\\\/fr\\\/#organization\",\"name\":\"Amstel Printing\",\"url\":\"https:\\\/\\\/www.amstelprinting.nl\\\/fr\\\/\",\"logo\":{\"@type\":\"ImageObject\",\"inLanguage\":\"fr-FR\",\"@id\":\"https:\\\/\\\/www.amstelprinting.nl\\\/fr\\\/#\\\/schema\\\/logo\\\/image\\\/\",\"url\":\"https:\\\/\\\/www.amstelprinting.nl\\\/wp-content\\\/uploads\\\/amstel_printing_logo_clean.png\",\"contentUrl\":\"https:\\\/\\\/www.amstelprinting.nl\\\/wp-content\\\/uploads\\\/amstel_printing_logo_clean.png\",\"width\":324,\"height\":73,\"caption\":\"Amstel Printing\"},\"image\":{\"@id\":\"https:\\\/\\\/www.amstelprinting.nl\\\/fr\\\/#\\\/schema\\\/logo\\\/image\\\/\"}}]}<\/script>\n<!-- \/ Yoast SEO plugin. -->","yoast_head_json":{"title":"Menus sur Mesure \u2013 Livraison Rapide et Qualit\u00e9 Premium","description":"Menus sur mesure \u00e0 partir de 10 pi\u00e8ces. Choisissez parmi divers mat\u00e9riaux de haute qualit\u00e9 et profitez d'une livraison rapide. Parfait pour l'horeca, les \u00e9v\u00e9nements et la restauration.","robots":{"index":"index","follow":"follow","max-snippet":"max-snippet:-1","max-image-preview":"max-image-preview:large","max-video-preview":"max-video-preview:-1"},"canonical":"https:\/\/www.amstelprinting.nl\/fr\/boutique\/autocollants-et-impression\/impression\/menus\/","og_locale":"fr_FR","og_type":"article","og_title":"Menus sur Mesure \u2013 Livraison Rapide et Qualit\u00e9 Premium","og_description":"Menus sur mesure \u00e0 partir de 10 pi\u00e8ces. Choisissez parmi divers mat\u00e9riaux de haute qualit\u00e9 et profitez d'une livraison rapide. Parfait pour l'horeca, les \u00e9v\u00e9nements et la restauration.","og_url":"https:\/\/www.amstelprinting.nl\/fr\/boutique\/autocollants-et-impression\/impression\/menus\/","og_site_name":"Amstel Printing","article_modified_time":"2026-02-18T11:51:55+00:00","og_image":[{"width":1000,"height":759,"url":"https:\/\/www.amstelprinting.nl\/wp-content\/uploads\/menukaarten-bedrukken4.jpg","type":"image\/jpeg"}],"twitter_card":"summary_large_image","twitter_misc":{"Dur\u00e9e de lecture estim\u00e9e":"3 minutes"},"schema":{"@context":"https:\/\/schema.org","@graph":[{"@type":"WebPage","@id":"https:\/\/www.amstelprinting.nl\/fr\/boutique\/autocollants-et-impression\/impression\/menus\/","url":"https:\/\/www.amstelprinting.nl\/fr\/boutique\/autocollants-et-impression\/impression\/menus\/","name":"Menus sur Mesure \u2013 Livraison Rapide et Qualit\u00e9 Premium","isPartOf":{"@id":"https:\/\/www.amstelprinting.nl\/fr\/#website"},"primaryImageOfPage":{"@id":"https:\/\/www.amstelprinting.nl\/fr\/boutique\/autocollants-et-impression\/impression\/menus\/#primaryimage"},"image":{"@id":"https:\/\/www.amstelprinting.nl\/fr\/boutique\/autocollants-et-impression\/impression\/menus\/#primaryimage"},"thumbnailUrl":"https:\/\/www.amstelprinting.nl\/wp-content\/uploads\/menukaarten-bedrukken4.jpg","datePublished":"2025-01-23T19:45:41+00:00","dateModified":"2026-02-18T11:51:55+00:00","description":"Menus sur mesure \u00e0 partir de 10 pi\u00e8ces. Choisissez parmi divers mat\u00e9riaux de haute qualit\u00e9 et profitez d'une livraison rapide. Parfait pour l'horeca, les \u00e9v\u00e9nements et la restauration.","breadcrumb":{"@id":"https:\/\/www.amstelprinting.nl\/fr\/boutique\/autocollants-et-impression\/impression\/menus\/#breadcrumb"},"inLanguage":"fr-FR","potentialAction":[{"@type":"ReadAction","target":["https:\/\/www.amstelprinting.nl\/fr\/boutique\/autocollants-et-impression\/impression\/menus\/"]}]},{"@type":"ImageObject","inLanguage":"fr-FR","@id":"https:\/\/www.amstelprinting.nl\/fr\/boutique\/autocollants-et-impression\/impression\/menus\/#primaryimage","url":"https:\/\/www.amstelprinting.nl\/wp-content\/uploads\/menukaarten-bedrukken4.jpg","contentUrl":"https:\/\/www.amstelprinting.nl\/wp-content\/uploads\/menukaarten-bedrukken4.jpg","width":1000,"height":759},{"@type":"BreadcrumbList","@id":"https:\/\/www.amstelprinting.nl\/fr\/boutique\/autocollants-et-impression\/impression\/menus\/#breadcrumb","itemListElement":[{"@type":"ListItem","position":1,"name":"","item":"https:\/\/www.amstelprinting.nl\/fr\/"},{"@type":"ListItem","position":2,"name":"Amstel Printing","item":"https:\/\/www.amstelprinting.nl\/fr\/boutique\/"},{"@type":"ListItem","position":3,"name":"Autocollants et impression","item":"https:\/\/www.amstelprinting.nl\/fr\/categorie\/autocollants-et-impression\/"},{"@type":"ListItem","position":4,"name":"Impression","item":"https:\/\/www.amstelprinting.nl\/fr\/categorie\/autocollants-et-impression\/impression\/"},{"@type":"ListItem","position":5,"name":"Menus"}]},{"@type":"WebSite","@id":"https:\/\/www.amstelprinting.nl\/fr\/#website","url":"https:\/\/www.amstelprinting.nl\/fr\/","name":"Amstel Printing","description":"Creating Exposure","publisher":{"@id":"https:\/\/www.amstelprinting.nl\/fr\/#organization"},"potentialAction":[{"@type":"SearchAction","target":{"@type":"EntryPoint","urlTemplate":"https:\/\/www.amstelprinting.nl\/fr\/?s={search_term_string}"},"query-input":{"@type":"PropertyValueSpecification","valueRequired":true,"valueName":"search_term_string"}}],"inLanguage":"fr-FR"},{"@type":"Organization","@id":"https:\/\/www.amstelprinting.nl\/fr\/#organization","name":"Amstel Printing","url":"https:\/\/www.amstelprinting.nl\/fr\/","logo":{"@type":"ImageObject","inLanguage":"fr-FR","@id":"https:\/\/www.amstelprinting.nl\/fr\/#\/schema\/logo\/image\/","url":"https:\/\/www.amstelprinting.nl\/wp-content\/uploads\/amstel_printing_logo_clean.png","contentUrl":"https:\/\/www.amstelprinting.nl\/wp-content\/uploads\/amstel_printing_logo_clean.png","width":324,"height":73,"caption":"Amstel Printing"},"image":{"@id":"https:\/\/www.amstelprinting.nl\/fr\/#\/schema\/logo\/image\/"}}]}},"_links":{"self":[{"href":"https:\/\/www.amstelprinting.nl\/fr\/wp-json\/wp\/v2\/product\/15618","targetHints":{"allow":["GET"]}}],"collection":[{"href":"https:\/\/www.amstelprinting.nl\/fr\/wp-json\/wp\/v2\/product"}],"about":[{"href":"https:\/\/www.amstelprinting.nl\/fr\/wp-json\/wp\/v2\/types\/product"}],"wp:featuredmedia":[{"embeddable":true,"href":"https:\/\/www.amstelprinting.nl\/fr\/wp-json\/wp\/v2\/media\/15620"}],"wp:attachment":[{"href":"https:\/\/www.amstelprinting.nl\/fr\/wp-json\/wp\/v2\/media?parent=15618"}],"wp:term":[{"taxonomy":"product_brand","embeddable":true,"href":"https:\/\/www.amstelprinting.nl\/fr\/wp-json\/wp\/v2\/product_brand?post=15618"},{"taxonomy":"product_cat","embeddable":true,"href":"https:\/\/www.amstelprinting.nl\/fr\/wp-json\/wp\/v2\/product_cat?post=15618"},{"taxonomy":"product_tag","embeddable":true,"href":"https:\/\/www.amstelprinting.nl\/fr\/wp-json\/wp\/v2\/product_tag?post=15618"}],"curies":[{"name":"wp","href":"https:\/\/api.w.org\/{rel}","templated":true}]}}