{"id":15632,"date":"2025-01-23T20:45:25","date_gmt":"2025-01-23T19:45:25","guid":{"rendered":"https:\/\/www.amstelprinting.nl\/winkel\/non%20class\u00e9\/kerstkaarten-2\/"},"modified":"2026-02-18T12:51:56","modified_gmt":"2026-02-18T11:51:56","slug":"cartes-de-noel","status":"publish","type":"product","link":"https:\/\/www.amstelprinting.nl\/fr\/boutique\/autocollants-et-impression\/impression\/cartes-de-noel\/","title":{"rendered":"Cartes de No\u00ebl"},"content":{"rendered":"<h3>Impression de cartes de No\u00ebl<\/h3>\n<p>Rendez vos v\u0153ux de No\u00ebl encore plus sp\u00e9ciaux avec nos cartes de No\u00ebl sur mesure. Disponibles dans pas moins de neuf formats, en version pli\u00e9e en un seul pli ou non pli\u00e9e, nous offrons un large choix pour r\u00e9pondre \u00e0 tous vos souhaits.<\/p>\n<h3>Avantages<\/h3>\n<ul>\n<li>Impression recto ou recto-verso<\/li>\n<li>Disponible en diff\u00e9rents formats et types de papier<\/li>\n<li>Option de pelliculage, pour une protection suppl\u00e9mentaire<\/li>\n<\/ul>\n<p>&nbsp;<\/p>\n<h3>Mat\u00e9riaux<\/h3>\n<p>Nos cartes de No\u00ebl sont disponibles en sept mat\u00e9riaux :<\/p>\n<ul>\n<li><strong>MC Satin\u00e9 sans bois (Brillant)<\/strong> : Ce mat\u00e9riau satin\u00e9 sans bois offre une finition brillante qui fait briller vos cr\u00e9ations. Disponible en grammages de 250, 300 et 400 gr.\/m\u00b2.<\/li>\n<li><strong>MC Demi-mat sans bois (Silk)<\/strong> : Pour un aspect mat subtil, ce mat\u00e9riau sans bois est le choix parfait. Disponible en 250, 300 et 400 gr.\/m\u00b2.<\/li>\n<li><strong>Carton naturel<\/strong> : Ce carton lisse sans bois est id\u00e9al pour l&rsquo;\u00e9criture et le tamponnage, avec un poids de 300 et 350 gr.\/m\u00b2.<\/li>\n<li><strong>Biotop Naturel<\/strong> : Non couch\u00e9 et de couleur cr\u00e8me, ce papier offre un aspect \u00e9l\u00e9gant et se pr\u00eate bien \u00e0 l&rsquo;\u00e9criture et au tamponnage, avec un poids de 250 gr.\/m\u00b2.<\/li>\n<li><strong>Carton sulfate<\/strong> : Avec une face avant couch\u00e9e pour une belle brillance satin\u00e9e et un dos non couch\u00e9 pour l&rsquo;\u00e9criture et le tamponnage. Disponible en 260 et 300 gr.\/m\u00b2.<\/li>\n<li><strong>Synaps<\/strong> : Ce mat\u00e9riau synth\u00e9tique est ind\u00e9chirable et r\u00e9sistant \u00e0 l&rsquo;eau, id\u00e9al pour la durabilit\u00e9. Disponible en 300 gr.\/m\u00b2.<\/li>\n<li><strong>YupoBlue<\/strong> : Un mat\u00e9riau synth\u00e9tique d&rsquo;un blanc \u00e9clatant avec une surface mate lisse pour une reproduction des couleurs brillante. Disponible en 319 gr.\/m\u00b2.<\/li>\n<\/ul>\n<p>Vous pouvez choisir l&rsquo;impression au recto ou au recto-verso de vos cartes de No\u00ebl, ce qui vous donne tout l&rsquo;espace n\u00e9cessaire pour transmettre parfaitement votre message.<\/p>\n<h3>Finition (pelliculage)<\/h3>\n<p>De plus, vous avez la possibilit\u00e9 de faire pelliculer vos cartes de No\u00ebl, ce qui assure une protection suppl\u00e9mentaire et une finition raffin\u00e9e. Nous proposons trois options de pelliculage : Le pelliculage brillant donne \u00e0 vos cartes de No\u00ebl une finition \u00e9clatante et les prot\u00e8ge des dommages. Le pelliculage mat offre un aspect \u00e9l\u00e9gant, non brillant, et une protection suppl\u00e9mentaire contre l&rsquo;usure. Le pelliculage mat soft touch ajoute une texture luxueuse et douce et donne \u00e0 vos cartes de No\u00ebl une sensation premium, tout en restant bien prot\u00e9g\u00e9es contre l&rsquo;utilisation quotidienne.<\/p>\n<h3>Options disponibles<\/h3>\n<p>Commandez dans la quantit\u00e9 dont vous avez besoin, avec des options de lots de 100, 250 ou 500 pi\u00e8ces pour plus de commodit\u00e9. Vous pouvez \u00e9galement ajouter des enveloppes en option, disponibles en dix couleurs diff\u00e9rentes, pour une pr\u00e9sentation compl\u00e8te et professionnelle de vos cartes de No\u00ebl.<\/p>\n<p>Faites de vos v\u0153ux de No\u00ebl une exp\u00e9rience sp\u00e9ciale avec nos cartes de No\u00ebl de haute qualit\u00e9 !<\/p>\n<h3>Questions fr\u00e9quemment pos\u00e9es<\/h3>\n<p><strong>Tous les mat\u00e9riaux peuvent-ils \u00eatre \u00e9crits ?<\/strong><br \/>\nNon, l&rsquo;\u00e9criture n&rsquo;est possible que sur les types de papier non couch\u00e9s. Les papiers non couch\u00e9s appropri\u00e9s sont le Biotop Naturel et le Carton Naturel.<\/p>\n<p><strong>Pourquoi le pelliculage n&rsquo;est-il pas possible avec le Biotop Naturel et le Carton Naturel ?<\/strong><br \/>\nEn raison de la structure de ces mat\u00e9riaux, le pelliculage n&rsquo;est pas applicable. De plus, le pelliculage r\u00e9duirait la capacit\u00e9 d&rsquo;\u00e9crire sur le papier.<\/p>\n<p><strong>Pourquoi mon impression est-elle gondol\u00e9e ?<\/strong><br \/>\nCela peut \u00eatre d\u00fb au choix d&rsquo;un pelliculage recto uniquement. Le pelliculage r\u00e9agit diff\u00e9remment du papier, ce qui peut provoquer un gondolement. Nous recommandons de toujours pelliculer des deux c\u00f4t\u00e9s pour \u00e9viter ce probl\u00e8me.<\/p>\n<p><strong>Quels types de papier conviennent \u00e0 un usage ext\u00e9rieur ?<\/strong><br \/>\nNos types de papier synth\u00e9tique, tels que Synaps et YupoBlue, sont particuli\u00e8rement adapt\u00e9s \u00e0 un usage ext\u00e9rieur. Ces mat\u00e9riaux sont r\u00e9sistants \u00e0 l&rsquo;eau et conservent leur qualit\u00e9 m\u00eame en cas d&rsquo;exposition \u00e0 l&rsquo;humidit\u00e9. Ils sont id\u00e9aux pour des applications telles que les menus. De plus, les impressions avec un pelliculage recto-verso peuvent \u00e9galement \u00eatre utilis\u00e9es temporairement \u00e0 l&rsquo;ext\u00e9rieur.<\/p>\n","protected":false},"excerpt":{"rendered":"<p>Rendez vos v\u0153ux de No\u00ebl encore plus sp\u00e9ciaux avec nos cartes de No\u00ebl sur mesure. Disponibles dans pas moins de neuf formats, en version pli\u00e9e en un seul pli ou non pli\u00e9e, nous offrons un large choix pour r\u00e9pondre \u00e0 vos souhaits.<\/p>\n","protected":false},"featured_media":15633,"template":"","meta":{"_et_pb_use_builder":"","_et_pb_old_content":"","_et_gb_content_width":""},"product_brand":[],"product_cat":[312,581],"product_tag":[],"class_list":{"0":"post-15632","1":"product","2":"type-product","3":"status-publish","4":"has-post-thumbnail","6":"product_cat-autocollants-et-impression","7":"product_cat-impression","9":"first","10":"instock","11":"taxable","12":"shipping-taxable","13":"purchasable","14":"product-type-simple"},"yoast_head":"<!-- This site is optimized with the Yoast SEO plugin v27.3 - https:\/\/yoast.com\/product\/yoast-seo-wordpress\/ -->\n<title>Commander des cartes de No\u00ebl avec un aspect personnel - Livraison rapide<\/title>\n<meta name=\"description\" content=\"Commandez d\u00e8s aujourd&#039;hui vos cartes de No\u00ebl professionnelles enti\u00e8rement personnalis\u00e9es avec un choix de 9 formats, divers types de papier et un pelliculage de luxe.\" \/>\n<meta name=\"robots\" content=\"index, follow, max-snippet:-1, max-image-preview:large, max-video-preview:-1\" \/>\n<link rel=\"canonical\" href=\"https:\/\/www.amstelprinting.nl\/fr\/boutique\/autocollants-et-impression\/impression\/cartes-de-noel\/\" \/>\n<meta property=\"og:locale\" content=\"fr_FR\" \/>\n<meta property=\"og:type\" content=\"article\" \/>\n<meta property=\"og:title\" content=\"Commander des cartes de No\u00ebl avec un aspect personnel - Livraison rapide\" \/>\n<meta property=\"og:description\" content=\"Commandez d\u00e8s aujourd&#039;hui vos cartes de No\u00ebl professionnelles enti\u00e8rement personnalis\u00e9es avec un choix de 9 formats, divers types de papier et un pelliculage de luxe.\" \/>\n<meta property=\"og:url\" content=\"https:\/\/www.amstelprinting.nl\/fr\/boutique\/autocollants-et-impression\/impression\/cartes-de-noel\/\" \/>\n<meta property=\"og:site_name\" content=\"Amstel Printing\" \/>\n<meta property=\"article:modified_time\" content=\"2026-02-18T11:51:56+00:00\" \/>\n<meta property=\"og:image\" content=\"https:\/\/www.amstelprinting.nl\/wp-content\/uploads\/Kerstkaarten4.jpg\" \/>\n\t<meta property=\"og:image:width\" content=\"700\" \/>\n\t<meta property=\"og:image:height\" content=\"700\" \/>\n\t<meta property=\"og:image:type\" content=\"image\/jpeg\" \/>\n<meta name=\"twitter:card\" content=\"summary_large_image\" \/>\n<meta name=\"twitter:label1\" content=\"Dur\u00e9e de lecture estim\u00e9e\" \/>\n\t<meta name=\"twitter:data1\" content=\"3 minutes\" \/>\n<script type=\"application\/ld+json\" class=\"yoast-schema-graph\">{\"@context\":\"https:\\\/\\\/schema.org\",\"@graph\":[{\"@type\":\"WebPage\",\"@id\":\"https:\\\/\\\/www.amstelprinting.nl\\\/fr\\\/boutique\\\/autocollants-et-impression\\\/impression\\\/cartes-de-noel\\\/\",\"url\":\"https:\\\/\\\/www.amstelprinting.nl\\\/fr\\\/boutique\\\/autocollants-et-impression\\\/impression\\\/cartes-de-noel\\\/\",\"name\":\"Commander des cartes de No\u00ebl avec un aspect personnel - Livraison rapide\",\"isPartOf\":{\"@id\":\"https:\\\/\\\/www.amstelprinting.nl\\\/fr\\\/#website\"},\"primaryImageOfPage\":{\"@id\":\"https:\\\/\\\/www.amstelprinting.nl\\\/fr\\\/boutique\\\/autocollants-et-impression\\\/impression\\\/cartes-de-noel\\\/#primaryimage\"},\"image\":{\"@id\":\"https:\\\/\\\/www.amstelprinting.nl\\\/fr\\\/boutique\\\/autocollants-et-impression\\\/impression\\\/cartes-de-noel\\\/#primaryimage\"},\"thumbnailUrl\":\"https:\\\/\\\/www.amstelprinting.nl\\\/wp-content\\\/uploads\\\/Kerstkaarten4.jpg\",\"datePublished\":\"2025-01-23T19:45:25+00:00\",\"dateModified\":\"2026-02-18T11:51:56+00:00\",\"description\":\"Commandez d\u00e8s aujourd'hui vos cartes de No\u00ebl professionnelles enti\u00e8rement personnalis\u00e9es avec un choix de 9 formats, divers types de papier et un pelliculage de luxe.\",\"breadcrumb\":{\"@id\":\"https:\\\/\\\/www.amstelprinting.nl\\\/fr\\\/boutique\\\/autocollants-et-impression\\\/impression\\\/cartes-de-noel\\\/#breadcrumb\"},\"inLanguage\":\"fr-FR\",\"potentialAction\":[{\"@type\":\"ReadAction\",\"target\":[\"https:\\\/\\\/www.amstelprinting.nl\\\/fr\\\/boutique\\\/autocollants-et-impression\\\/impression\\\/cartes-de-noel\\\/\"]}]},{\"@type\":\"ImageObject\",\"inLanguage\":\"fr-FR\",\"@id\":\"https:\\\/\\\/www.amstelprinting.nl\\\/fr\\\/boutique\\\/autocollants-et-impression\\\/impression\\\/cartes-de-noel\\\/#primaryimage\",\"url\":\"https:\\\/\\\/www.amstelprinting.nl\\\/wp-content\\\/uploads\\\/Kerstkaarten4.jpg\",\"contentUrl\":\"https:\\\/\\\/www.amstelprinting.nl\\\/wp-content\\\/uploads\\\/Kerstkaarten4.jpg\",\"width\":700,\"height\":700},{\"@type\":\"BreadcrumbList\",\"@id\":\"https:\\\/\\\/www.amstelprinting.nl\\\/fr\\\/boutique\\\/autocollants-et-impression\\\/impression\\\/cartes-de-noel\\\/#breadcrumb\",\"itemListElement\":[{\"@type\":\"ListItem\",\"position\":1,\"name\":\"\",\"item\":\"https:\\\/\\\/www.amstelprinting.nl\\\/fr\\\/\"},{\"@type\":\"ListItem\",\"position\":2,\"name\":\"Amstel Printing\",\"item\":\"https:\\\/\\\/www.amstelprinting.nl\\\/fr\\\/boutique\\\/\"},{\"@type\":\"ListItem\",\"position\":3,\"name\":\"Autocollants et impression\",\"item\":\"https:\\\/\\\/www.amstelprinting.nl\\\/fr\\\/categorie\\\/autocollants-et-impression\\\/\"},{\"@type\":\"ListItem\",\"position\":4,\"name\":\"Impression\",\"item\":\"https:\\\/\\\/www.amstelprinting.nl\\\/fr\\\/categorie\\\/autocollants-et-impression\\\/impression\\\/\"},{\"@type\":\"ListItem\",\"position\":5,\"name\":\"Cartes de No\u00ebl\"}]},{\"@type\":\"WebSite\",\"@id\":\"https:\\\/\\\/www.amstelprinting.nl\\\/fr\\\/#website\",\"url\":\"https:\\\/\\\/www.amstelprinting.nl\\\/fr\\\/\",\"name\":\"Amstel Printing\",\"description\":\"Creating Exposure\",\"publisher\":{\"@id\":\"https:\\\/\\\/www.amstelprinting.nl\\\/fr\\\/#organization\"},\"potentialAction\":[{\"@type\":\"SearchAction\",\"target\":{\"@type\":\"EntryPoint\",\"urlTemplate\":\"https:\\\/\\\/www.amstelprinting.nl\\\/fr\\\/?s={search_term_string}\"},\"query-input\":{\"@type\":\"PropertyValueSpecification\",\"valueRequired\":true,\"valueName\":\"search_term_string\"}}],\"inLanguage\":\"fr-FR\"},{\"@type\":\"Organization\",\"@id\":\"https:\\\/\\\/www.amstelprinting.nl\\\/fr\\\/#organization\",\"name\":\"Amstel Printing\",\"url\":\"https:\\\/\\\/www.amstelprinting.nl\\\/fr\\\/\",\"logo\":{\"@type\":\"ImageObject\",\"inLanguage\":\"fr-FR\",\"@id\":\"https:\\\/\\\/www.amstelprinting.nl\\\/fr\\\/#\\\/schema\\\/logo\\\/image\\\/\",\"url\":\"https:\\\/\\\/www.amstelprinting.nl\\\/wp-content\\\/uploads\\\/amstel_printing_logo_clean.png\",\"contentUrl\":\"https:\\\/\\\/www.amstelprinting.nl\\\/wp-content\\\/uploads\\\/amstel_printing_logo_clean.png\",\"width\":324,\"height\":73,\"caption\":\"Amstel Printing\"},\"image\":{\"@id\":\"https:\\\/\\\/www.amstelprinting.nl\\\/fr\\\/#\\\/schema\\\/logo\\\/image\\\/\"}}]}<\/script>\n<!-- \/ Yoast SEO plugin. -->","yoast_head_json":{"title":"Commander des cartes de No\u00ebl avec un aspect personnel - Livraison rapide","description":"Commandez d\u00e8s aujourd'hui vos cartes de No\u00ebl professionnelles enti\u00e8rement personnalis\u00e9es avec un choix de 9 formats, divers types de papier et un pelliculage de luxe.","robots":{"index":"index","follow":"follow","max-snippet":"max-snippet:-1","max-image-preview":"max-image-preview:large","max-video-preview":"max-video-preview:-1"},"canonical":"https:\/\/www.amstelprinting.nl\/fr\/boutique\/autocollants-et-impression\/impression\/cartes-de-noel\/","og_locale":"fr_FR","og_type":"article","og_title":"Commander des cartes de No\u00ebl avec un aspect personnel - Livraison rapide","og_description":"Commandez d\u00e8s aujourd'hui vos cartes de No\u00ebl professionnelles enti\u00e8rement personnalis\u00e9es avec un choix de 9 formats, divers types de papier et un pelliculage de luxe.","og_url":"https:\/\/www.amstelprinting.nl\/fr\/boutique\/autocollants-et-impression\/impression\/cartes-de-noel\/","og_site_name":"Amstel Printing","article_modified_time":"2026-02-18T11:51:56+00:00","og_image":[{"width":700,"height":700,"url":"https:\/\/www.amstelprinting.nl\/wp-content\/uploads\/Kerstkaarten4.jpg","type":"image\/jpeg"}],"twitter_card":"summary_large_image","twitter_misc":{"Dur\u00e9e de lecture estim\u00e9e":"3 minutes"},"schema":{"@context":"https:\/\/schema.org","@graph":[{"@type":"WebPage","@id":"https:\/\/www.amstelprinting.nl\/fr\/boutique\/autocollants-et-impression\/impression\/cartes-de-noel\/","url":"https:\/\/www.amstelprinting.nl\/fr\/boutique\/autocollants-et-impression\/impression\/cartes-de-noel\/","name":"Commander des cartes de No\u00ebl avec un aspect personnel - Livraison rapide","isPartOf":{"@id":"https:\/\/www.amstelprinting.nl\/fr\/#website"},"primaryImageOfPage":{"@id":"https:\/\/www.amstelprinting.nl\/fr\/boutique\/autocollants-et-impression\/impression\/cartes-de-noel\/#primaryimage"},"image":{"@id":"https:\/\/www.amstelprinting.nl\/fr\/boutique\/autocollants-et-impression\/impression\/cartes-de-noel\/#primaryimage"},"thumbnailUrl":"https:\/\/www.amstelprinting.nl\/wp-content\/uploads\/Kerstkaarten4.jpg","datePublished":"2025-01-23T19:45:25+00:00","dateModified":"2026-02-18T11:51:56+00:00","description":"Commandez d\u00e8s aujourd'hui vos cartes de No\u00ebl professionnelles enti\u00e8rement personnalis\u00e9es avec un choix de 9 formats, divers types de papier et un pelliculage de luxe.","breadcrumb":{"@id":"https:\/\/www.amstelprinting.nl\/fr\/boutique\/autocollants-et-impression\/impression\/cartes-de-noel\/#breadcrumb"},"inLanguage":"fr-FR","potentialAction":[{"@type":"ReadAction","target":["https:\/\/www.amstelprinting.nl\/fr\/boutique\/autocollants-et-impression\/impression\/cartes-de-noel\/"]}]},{"@type":"ImageObject","inLanguage":"fr-FR","@id":"https:\/\/www.amstelprinting.nl\/fr\/boutique\/autocollants-et-impression\/impression\/cartes-de-noel\/#primaryimage","url":"https:\/\/www.amstelprinting.nl\/wp-content\/uploads\/Kerstkaarten4.jpg","contentUrl":"https:\/\/www.amstelprinting.nl\/wp-content\/uploads\/Kerstkaarten4.jpg","width":700,"height":700},{"@type":"BreadcrumbList","@id":"https:\/\/www.amstelprinting.nl\/fr\/boutique\/autocollants-et-impression\/impression\/cartes-de-noel\/#breadcrumb","itemListElement":[{"@type":"ListItem","position":1,"name":"","item":"https:\/\/www.amstelprinting.nl\/fr\/"},{"@type":"ListItem","position":2,"name":"Amstel Printing","item":"https:\/\/www.amstelprinting.nl\/fr\/boutique\/"},{"@type":"ListItem","position":3,"name":"Autocollants et impression","item":"https:\/\/www.amstelprinting.nl\/fr\/categorie\/autocollants-et-impression\/"},{"@type":"ListItem","position":4,"name":"Impression","item":"https:\/\/www.amstelprinting.nl\/fr\/categorie\/autocollants-et-impression\/impression\/"},{"@type":"ListItem","position":5,"name":"Cartes de No\u00ebl"}]},{"@type":"WebSite","@id":"https:\/\/www.amstelprinting.nl\/fr\/#website","url":"https:\/\/www.amstelprinting.nl\/fr\/","name":"Amstel Printing","description":"Creating Exposure","publisher":{"@id":"https:\/\/www.amstelprinting.nl\/fr\/#organization"},"potentialAction":[{"@type":"SearchAction","target":{"@type":"EntryPoint","urlTemplate":"https:\/\/www.amstelprinting.nl\/fr\/?s={search_term_string}"},"query-input":{"@type":"PropertyValueSpecification","valueRequired":true,"valueName":"search_term_string"}}],"inLanguage":"fr-FR"},{"@type":"Organization","@id":"https:\/\/www.amstelprinting.nl\/fr\/#organization","name":"Amstel Printing","url":"https:\/\/www.amstelprinting.nl\/fr\/","logo":{"@type":"ImageObject","inLanguage":"fr-FR","@id":"https:\/\/www.amstelprinting.nl\/fr\/#\/schema\/logo\/image\/","url":"https:\/\/www.amstelprinting.nl\/wp-content\/uploads\/amstel_printing_logo_clean.png","contentUrl":"https:\/\/www.amstelprinting.nl\/wp-content\/uploads\/amstel_printing_logo_clean.png","width":324,"height":73,"caption":"Amstel Printing"},"image":{"@id":"https:\/\/www.amstelprinting.nl\/fr\/#\/schema\/logo\/image\/"}}]}},"_links":{"self":[{"href":"https:\/\/www.amstelprinting.nl\/fr\/wp-json\/wp\/v2\/product\/15632","targetHints":{"allow":["GET"]}}],"collection":[{"href":"https:\/\/www.amstelprinting.nl\/fr\/wp-json\/wp\/v2\/product"}],"about":[{"href":"https:\/\/www.amstelprinting.nl\/fr\/wp-json\/wp\/v2\/types\/product"}],"wp:featuredmedia":[{"embeddable":true,"href":"https:\/\/www.amstelprinting.nl\/fr\/wp-json\/wp\/v2\/media\/15633"}],"wp:attachment":[{"href":"https:\/\/www.amstelprinting.nl\/fr\/wp-json\/wp\/v2\/media?parent=15632"}],"wp:term":[{"taxonomy":"product_brand","embeddable":true,"href":"https:\/\/www.amstelprinting.nl\/fr\/wp-json\/wp\/v2\/product_brand?post=15632"},{"taxonomy":"product_cat","embeddable":true,"href":"https:\/\/www.amstelprinting.nl\/fr\/wp-json\/wp\/v2\/product_cat?post=15632"},{"taxonomy":"product_tag","embeddable":true,"href":"https:\/\/www.amstelprinting.nl\/fr\/wp-json\/wp\/v2\/product_tag?post=15632"}],"curies":[{"name":"wp","href":"https:\/\/api.w.org\/{rel}","templated":true}]}}