{"id":15643,"date":"2025-01-23T20:45:01","date_gmt":"2025-01-23T19:45:01","guid":{"rendered":"https:\/\/www.amstelprinting.nl\/winkel\/non%20class\u00e9\/briefpapier\/"},"modified":"2026-02-18T12:51:56","modified_gmt":"2026-02-18T11:51:56","slug":"papier-a-lettres","status":"publish","type":"product","link":"https:\/\/www.amstelprinting.nl\/fr\/boutique\/autocollants-et-impression\/impression\/papier-a-lettres\/","title":{"rendered":"Papier \u00e0 lettres"},"content":{"rendered":"<h3>Pourquoi imprimer du papier \u00e0 lettres ?<\/h3>\n<p>Que vous recherchiez un design classique ou un aspect moderne, notre papier \u00e0 lettres constitue la base parfaite pour toutes vos communications professionnelles. Les avantages de notre papier \u00e0 lettres :<\/p>\n<ul>\n<li>Choix entre format A4 ou A5<\/li>\n<li>Cr\u00e9ez votre propre identit\u00e9 visuelle unique et professionnelle<\/li>\n<li>Papier \u00e0 lettres blanc HVO<\/li>\n<li>Disponible d\u00e8s 25 exemplaires<\/li>\n<li>Mod\u00e8le pratique pour un processus de conception simple<\/li>\n<\/ul>\n<p>&nbsp;<\/p>\n<h3>Papier \u00e0 lettres blanc HVO<\/h3>\n<p>Le papier bankpost, \u00e9galement appel\u00e9 blanc HVO, est le choix standard pour le papier \u00e0 lettres professionnel. Ce papier non couch\u00e9 est d&rsquo;un blanc \u00e9clatant, ce qui assure un aspect propre et raffin\u00e9. Le papier convient parfaitement \u00e0 l&rsquo;impression laser et \u00e0 l&rsquo;\u00e9criture, et est disponible en deux grammages : 90 g\/m\u00b2 pour une structure l\u00e9g\u00e8re mais solide, et 170 g\/m\u00b2 pour une durabilit\u00e9 accrue et un aspect et un toucher luxueux. Choisissez une impression au recto ou recto-verso.<\/p>\n<h3>Disponible d\u00e8s 25 exemplaires<\/h3>\n<p>Vous pouvez commander le papier \u00e0 lettres dans la quantit\u00e9 dont vous avez besoin, avec une quantit\u00e9 minimale de commande de seulement 25 exemplaires. Pour plus de commodit\u00e9, nous proposons des options de lots de 100, 250 ou 500 exemplaires.<\/p>\n<h3>Concevoir du papier \u00e0 lettres<\/h3>\n<p>La conception de votre papier \u00e0 lettres est simple et rapide. Utilisez nos mod\u00e8les pratiques, disponibles dans la section t\u00e9l\u00e9chargements, et cr\u00e9ez en un tour de main un design qui refl\u00e8te parfaitement votre marque.<\/p>\n<h3>\nQuestions fr\u00e9quemment pos\u00e9es<\/h3>\n<p><strong>Le papier \u00e0 lettres est-il \u00e9galement disponible dans d&rsquo;autres formats ?<\/strong><br \/>\nNon, le papier \u00e0 lettres n&rsquo;est disponible que dans des formats fixes. Vous avez besoin d&rsquo;un autre format personnalis\u00e9 ? Commandez alors via feuille d&rsquo;impression plano. Veuillez noter que celle-ci doit encore \u00eatre fa\u00e7onn\u00e9e.<\/p>\n","protected":false},"excerpt":{"rendered":"<h3>Convient \u00e9galement comme papier \u00e0 factures<\/h3>\n<p>Faites bonne impression avec un papier \u00e0 lettres professionnel qui convient \u00e9galement parfaitement comme papier \u00e0 factures. Disponible en formats A4 et A5. Le papier \u00e0 lettres avec une impression de votre logo ou de votre design assure un aspect professionnel.<\/p>\n","protected":false},"featured_media":15645,"template":"","meta":{"_et_pb_use_builder":"","_et_pb_old_content":"","_et_gb_content_width":""},"product_brand":[],"product_cat":[312,581],"product_tag":[],"class_list":{"0":"post-15643","1":"product","2":"type-product","3":"status-publish","4":"has-post-thumbnail","6":"product_cat-autocollants-et-impression","7":"product_cat-impression","9":"first","10":"instock","11":"taxable","12":"shipping-taxable","13":"purchasable","14":"product-type-simple"},"yoast_head":"<!-- This site is optimized with the Yoast SEO plugin v27.3 - https:\/\/yoast.com\/product\/yoast-seo-wordpress\/ -->\n<title>Commander du papier \u00e0 lettres - Livraison rapide &amp; Haute qualit\u00e9<\/title>\n<meta name=\"description\" content=\"Papier \u00e0 lettres en A4 ou A5, imprim\u00e9 sur du papier blanc HVO de haute qualit\u00e9. Tirages flexibles \u00e0 partir de 25 exemplaires, production rapide en 1 jour ouvr\u00e9.\" \/>\n<meta name=\"robots\" content=\"index, follow, max-snippet:-1, max-image-preview:large, max-video-preview:-1\" \/>\n<link rel=\"canonical\" href=\"https:\/\/www.amstelprinting.nl\/fr\/boutique\/autocollants-et-impression\/impression\/papier-a-lettres\/\" \/>\n<meta property=\"og:locale\" content=\"fr_FR\" \/>\n<meta property=\"og:type\" content=\"article\" \/>\n<meta property=\"og:title\" content=\"Commander du papier \u00e0 lettres - Livraison rapide &amp; Haute qualit\u00e9\" \/>\n<meta property=\"og:description\" content=\"Papier \u00e0 lettres en A4 ou A5, imprim\u00e9 sur du papier blanc HVO de haute qualit\u00e9. Tirages flexibles \u00e0 partir de 25 exemplaires, production rapide en 1 jour ouvr\u00e9.\" \/>\n<meta property=\"og:url\" content=\"https:\/\/www.amstelprinting.nl\/fr\/boutique\/autocollants-et-impression\/impression\/papier-a-lettres\/\" \/>\n<meta property=\"og:site_name\" content=\"Amstel Printing\" \/>\n<meta property=\"article:modified_time\" content=\"2026-02-18T11:51:56+00:00\" \/>\n<meta property=\"og:image\" content=\"https:\/\/www.amstelprinting.nl\/wp-content\/uploads\/Briefpapier.jpg\" \/>\n\t<meta property=\"og:image:width\" content=\"700\" \/>\n\t<meta property=\"og:image:height\" content=\"700\" \/>\n\t<meta property=\"og:image:type\" content=\"image\/jpeg\" \/>\n<meta name=\"twitter:card\" content=\"summary_large_image\" \/>\n<meta name=\"twitter:label1\" content=\"Dur\u00e9e de lecture estim\u00e9e\" \/>\n\t<meta name=\"twitter:data1\" content=\"1 minute\" \/>\n<script type=\"application\/ld+json\" class=\"yoast-schema-graph\">{\"@context\":\"https:\\\/\\\/schema.org\",\"@graph\":[{\"@type\":\"WebPage\",\"@id\":\"https:\\\/\\\/www.amstelprinting.nl\\\/fr\\\/boutique\\\/autocollants-et-impression\\\/impression\\\/papier-a-lettres\\\/\",\"url\":\"https:\\\/\\\/www.amstelprinting.nl\\\/fr\\\/boutique\\\/autocollants-et-impression\\\/impression\\\/papier-a-lettres\\\/\",\"name\":\"Commander du papier \u00e0 lettres - Livraison rapide & Haute qualit\u00e9\",\"isPartOf\":{\"@id\":\"https:\\\/\\\/www.amstelprinting.nl\\\/fr\\\/#website\"},\"primaryImageOfPage\":{\"@id\":\"https:\\\/\\\/www.amstelprinting.nl\\\/fr\\\/boutique\\\/autocollants-et-impression\\\/impression\\\/papier-a-lettres\\\/#primaryimage\"},\"image\":{\"@id\":\"https:\\\/\\\/www.amstelprinting.nl\\\/fr\\\/boutique\\\/autocollants-et-impression\\\/impression\\\/papier-a-lettres\\\/#primaryimage\"},\"thumbnailUrl\":\"https:\\\/\\\/www.amstelprinting.nl\\\/wp-content\\\/uploads\\\/Briefpapier.jpg\",\"datePublished\":\"2025-01-23T19:45:01+00:00\",\"dateModified\":\"2026-02-18T11:51:56+00:00\",\"description\":\"Papier \u00e0 lettres en A4 ou A5, imprim\u00e9 sur du papier blanc HVO de haute qualit\u00e9. Tirages flexibles \u00e0 partir de 25 exemplaires, production rapide en 1 jour ouvr\u00e9.\",\"breadcrumb\":{\"@id\":\"https:\\\/\\\/www.amstelprinting.nl\\\/fr\\\/boutique\\\/autocollants-et-impression\\\/impression\\\/papier-a-lettres\\\/#breadcrumb\"},\"inLanguage\":\"fr-FR\",\"potentialAction\":[{\"@type\":\"ReadAction\",\"target\":[\"https:\\\/\\\/www.amstelprinting.nl\\\/fr\\\/boutique\\\/autocollants-et-impression\\\/impression\\\/papier-a-lettres\\\/\"]}]},{\"@type\":\"ImageObject\",\"inLanguage\":\"fr-FR\",\"@id\":\"https:\\\/\\\/www.amstelprinting.nl\\\/fr\\\/boutique\\\/autocollants-et-impression\\\/impression\\\/papier-a-lettres\\\/#primaryimage\",\"url\":\"https:\\\/\\\/www.amstelprinting.nl\\\/wp-content\\\/uploads\\\/Briefpapier.jpg\",\"contentUrl\":\"https:\\\/\\\/www.amstelprinting.nl\\\/wp-content\\\/uploads\\\/Briefpapier.jpg\",\"width\":700,\"height\":700},{\"@type\":\"BreadcrumbList\",\"@id\":\"https:\\\/\\\/www.amstelprinting.nl\\\/fr\\\/boutique\\\/autocollants-et-impression\\\/impression\\\/papier-a-lettres\\\/#breadcrumb\",\"itemListElement\":[{\"@type\":\"ListItem\",\"position\":1,\"name\":\"\",\"item\":\"https:\\\/\\\/www.amstelprinting.nl\\\/fr\\\/\"},{\"@type\":\"ListItem\",\"position\":2,\"name\":\"Amstel Printing\",\"item\":\"https:\\\/\\\/www.amstelprinting.nl\\\/fr\\\/boutique\\\/\"},{\"@type\":\"ListItem\",\"position\":3,\"name\":\"Autocollants et impression\",\"item\":\"https:\\\/\\\/www.amstelprinting.nl\\\/fr\\\/categorie\\\/autocollants-et-impression\\\/\"},{\"@type\":\"ListItem\",\"position\":4,\"name\":\"Impression\",\"item\":\"https:\\\/\\\/www.amstelprinting.nl\\\/fr\\\/categorie\\\/autocollants-et-impression\\\/impression\\\/\"},{\"@type\":\"ListItem\",\"position\":5,\"name\":\"Papier \u00e0 lettres\"}]},{\"@type\":\"WebSite\",\"@id\":\"https:\\\/\\\/www.amstelprinting.nl\\\/fr\\\/#website\",\"url\":\"https:\\\/\\\/www.amstelprinting.nl\\\/fr\\\/\",\"name\":\"Amstel Printing\",\"description\":\"Creating Exposure\",\"publisher\":{\"@id\":\"https:\\\/\\\/www.amstelprinting.nl\\\/fr\\\/#organization\"},\"potentialAction\":[{\"@type\":\"SearchAction\",\"target\":{\"@type\":\"EntryPoint\",\"urlTemplate\":\"https:\\\/\\\/www.amstelprinting.nl\\\/fr\\\/?s={search_term_string}\"},\"query-input\":{\"@type\":\"PropertyValueSpecification\",\"valueRequired\":true,\"valueName\":\"search_term_string\"}}],\"inLanguage\":\"fr-FR\"},{\"@type\":\"Organization\",\"@id\":\"https:\\\/\\\/www.amstelprinting.nl\\\/fr\\\/#organization\",\"name\":\"Amstel Printing\",\"url\":\"https:\\\/\\\/www.amstelprinting.nl\\\/fr\\\/\",\"logo\":{\"@type\":\"ImageObject\",\"inLanguage\":\"fr-FR\",\"@id\":\"https:\\\/\\\/www.amstelprinting.nl\\\/fr\\\/#\\\/schema\\\/logo\\\/image\\\/\",\"url\":\"https:\\\/\\\/www.amstelprinting.nl\\\/wp-content\\\/uploads\\\/amstel_printing_logo_clean.png\",\"contentUrl\":\"https:\\\/\\\/www.amstelprinting.nl\\\/wp-content\\\/uploads\\\/amstel_printing_logo_clean.png\",\"width\":324,\"height\":73,\"caption\":\"Amstel Printing\"},\"image\":{\"@id\":\"https:\\\/\\\/www.amstelprinting.nl\\\/fr\\\/#\\\/schema\\\/logo\\\/image\\\/\"}}]}<\/script>\n<!-- \/ Yoast SEO plugin. -->","yoast_head_json":{"title":"Commander du papier \u00e0 lettres - Livraison rapide & Haute qualit\u00e9","description":"Papier \u00e0 lettres en A4 ou A5, imprim\u00e9 sur du papier blanc HVO de haute qualit\u00e9. Tirages flexibles \u00e0 partir de 25 exemplaires, production rapide en 1 jour ouvr\u00e9.","robots":{"index":"index","follow":"follow","max-snippet":"max-snippet:-1","max-image-preview":"max-image-preview:large","max-video-preview":"max-video-preview:-1"},"canonical":"https:\/\/www.amstelprinting.nl\/fr\/boutique\/autocollants-et-impression\/impression\/papier-a-lettres\/","og_locale":"fr_FR","og_type":"article","og_title":"Commander du papier \u00e0 lettres - Livraison rapide & Haute qualit\u00e9","og_description":"Papier \u00e0 lettres en A4 ou A5, imprim\u00e9 sur du papier blanc HVO de haute qualit\u00e9. Tirages flexibles \u00e0 partir de 25 exemplaires, production rapide en 1 jour ouvr\u00e9.","og_url":"https:\/\/www.amstelprinting.nl\/fr\/boutique\/autocollants-et-impression\/impression\/papier-a-lettres\/","og_site_name":"Amstel Printing","article_modified_time":"2026-02-18T11:51:56+00:00","og_image":[{"width":700,"height":700,"url":"https:\/\/www.amstelprinting.nl\/wp-content\/uploads\/Briefpapier.jpg","type":"image\/jpeg"}],"twitter_card":"summary_large_image","twitter_misc":{"Dur\u00e9e de lecture estim\u00e9e":"1 minute"},"schema":{"@context":"https:\/\/schema.org","@graph":[{"@type":"WebPage","@id":"https:\/\/www.amstelprinting.nl\/fr\/boutique\/autocollants-et-impression\/impression\/papier-a-lettres\/","url":"https:\/\/www.amstelprinting.nl\/fr\/boutique\/autocollants-et-impression\/impression\/papier-a-lettres\/","name":"Commander du papier \u00e0 lettres - Livraison rapide & Haute qualit\u00e9","isPartOf":{"@id":"https:\/\/www.amstelprinting.nl\/fr\/#website"},"primaryImageOfPage":{"@id":"https:\/\/www.amstelprinting.nl\/fr\/boutique\/autocollants-et-impression\/impression\/papier-a-lettres\/#primaryimage"},"image":{"@id":"https:\/\/www.amstelprinting.nl\/fr\/boutique\/autocollants-et-impression\/impression\/papier-a-lettres\/#primaryimage"},"thumbnailUrl":"https:\/\/www.amstelprinting.nl\/wp-content\/uploads\/Briefpapier.jpg","datePublished":"2025-01-23T19:45:01+00:00","dateModified":"2026-02-18T11:51:56+00:00","description":"Papier \u00e0 lettres en A4 ou A5, imprim\u00e9 sur du papier blanc HVO de haute qualit\u00e9. Tirages flexibles \u00e0 partir de 25 exemplaires, production rapide en 1 jour ouvr\u00e9.","breadcrumb":{"@id":"https:\/\/www.amstelprinting.nl\/fr\/boutique\/autocollants-et-impression\/impression\/papier-a-lettres\/#breadcrumb"},"inLanguage":"fr-FR","potentialAction":[{"@type":"ReadAction","target":["https:\/\/www.amstelprinting.nl\/fr\/boutique\/autocollants-et-impression\/impression\/papier-a-lettres\/"]}]},{"@type":"ImageObject","inLanguage":"fr-FR","@id":"https:\/\/www.amstelprinting.nl\/fr\/boutique\/autocollants-et-impression\/impression\/papier-a-lettres\/#primaryimage","url":"https:\/\/www.amstelprinting.nl\/wp-content\/uploads\/Briefpapier.jpg","contentUrl":"https:\/\/www.amstelprinting.nl\/wp-content\/uploads\/Briefpapier.jpg","width":700,"height":700},{"@type":"BreadcrumbList","@id":"https:\/\/www.amstelprinting.nl\/fr\/boutique\/autocollants-et-impression\/impression\/papier-a-lettres\/#breadcrumb","itemListElement":[{"@type":"ListItem","position":1,"name":"","item":"https:\/\/www.amstelprinting.nl\/fr\/"},{"@type":"ListItem","position":2,"name":"Amstel Printing","item":"https:\/\/www.amstelprinting.nl\/fr\/boutique\/"},{"@type":"ListItem","position":3,"name":"Autocollants et impression","item":"https:\/\/www.amstelprinting.nl\/fr\/categorie\/autocollants-et-impression\/"},{"@type":"ListItem","position":4,"name":"Impression","item":"https:\/\/www.amstelprinting.nl\/fr\/categorie\/autocollants-et-impression\/impression\/"},{"@type":"ListItem","position":5,"name":"Papier \u00e0 lettres"}]},{"@type":"WebSite","@id":"https:\/\/www.amstelprinting.nl\/fr\/#website","url":"https:\/\/www.amstelprinting.nl\/fr\/","name":"Amstel Printing","description":"Creating Exposure","publisher":{"@id":"https:\/\/www.amstelprinting.nl\/fr\/#organization"},"potentialAction":[{"@type":"SearchAction","target":{"@type":"EntryPoint","urlTemplate":"https:\/\/www.amstelprinting.nl\/fr\/?s={search_term_string}"},"query-input":{"@type":"PropertyValueSpecification","valueRequired":true,"valueName":"search_term_string"}}],"inLanguage":"fr-FR"},{"@type":"Organization","@id":"https:\/\/www.amstelprinting.nl\/fr\/#organization","name":"Amstel Printing","url":"https:\/\/www.amstelprinting.nl\/fr\/","logo":{"@type":"ImageObject","inLanguage":"fr-FR","@id":"https:\/\/www.amstelprinting.nl\/fr\/#\/schema\/logo\/image\/","url":"https:\/\/www.amstelprinting.nl\/wp-content\/uploads\/amstel_printing_logo_clean.png","contentUrl":"https:\/\/www.amstelprinting.nl\/wp-content\/uploads\/amstel_printing_logo_clean.png","width":324,"height":73,"caption":"Amstel Printing"},"image":{"@id":"https:\/\/www.amstelprinting.nl\/fr\/#\/schema\/logo\/image\/"}}]}},"_links":{"self":[{"href":"https:\/\/www.amstelprinting.nl\/fr\/wp-json\/wp\/v2\/product\/15643","targetHints":{"allow":["GET"]}}],"collection":[{"href":"https:\/\/www.amstelprinting.nl\/fr\/wp-json\/wp\/v2\/product"}],"about":[{"href":"https:\/\/www.amstelprinting.nl\/fr\/wp-json\/wp\/v2\/types\/product"}],"wp:featuredmedia":[{"embeddable":true,"href":"https:\/\/www.amstelprinting.nl\/fr\/wp-json\/wp\/v2\/media\/15645"}],"wp:attachment":[{"href":"https:\/\/www.amstelprinting.nl\/fr\/wp-json\/wp\/v2\/media?parent=15643"}],"wp:term":[{"taxonomy":"product_brand","embeddable":true,"href":"https:\/\/www.amstelprinting.nl\/fr\/wp-json\/wp\/v2\/product_brand?post=15643"},{"taxonomy":"product_cat","embeddable":true,"href":"https:\/\/www.amstelprinting.nl\/fr\/wp-json\/wp\/v2\/product_cat?post=15643"},{"taxonomy":"product_tag","embeddable":true,"href":"https:\/\/www.amstelprinting.nl\/fr\/wp-json\/wp\/v2\/product_tag?post=15643"}],"curies":[{"name":"wp","href":"https:\/\/api.w.org\/{rel}","templated":true}]}}