{"id":15657,"date":"2025-01-23T20:44:54","date_gmt":"2025-01-23T19:44:54","guid":{"rendered":"https:\/\/www.amstelprinting.nl\/winkel\/non%20class\u00e9\/watervaste-poster\/"},"modified":"2026-02-18T12:51:57","modified_gmt":"2026-02-18T11:51:57","slug":"affiche-resistante-a-leau","status":"publish","type":"product","link":"https:\/\/www.amstelprinting.nl\/fr\/boutique\/publicite-exterieure\/panneaux-de-trottoir\/affiche-resistante-a-leau\/","title":{"rendered":"Affiche r\u00e9sistante \u00e0 l&rsquo;eau"},"content":{"rendered":"<h3>Commander des affiches r\u00e9sistantes \u00e0 l&rsquo;eau<\/h3>\n<p>Comme leur nom l&rsquo;indique, nos affiches r\u00e9sistantes \u00e0 l&rsquo;eau (hydrofuges) supportent bien quelques gouttes de pluie. Nos affiches r\u00e9sistantes \u00e0 l&rsquo;eau sont fabriqu\u00e9es en mat\u00e9riau Synaps. Synaps est compos\u00e9 de polyester et est donc non seulement r\u00e9sistant \u00e0 l&rsquo;eau, mais aussi ultra r\u00e9sistant. Attention : cette affiche imperm\u00e9able est tr\u00e8s rigide et donc difficile \u00e0 plier et \u00e0 rainurer. Apr\u00e8s pliage, ce mat\u00e9riau a tendance \u00e0 rester ouvert.<\/p>\n<h3>Affiches waterproof : durables et hygi\u00e9niques \u00e0 l&rsquo;usage<\/h3>\n<p>Gr\u00e2ce \u00e0 ses propri\u00e9t\u00e9s hydrofuges, l&rsquo;affiche r\u00e9sistante \u00e0 l&rsquo;eau dure beaucoup plus longtemps que les affiches imprim\u00e9es standard. L&rsquo;affiche imperm\u00e9able est \u00e9galement plus hygi\u00e9nique \u00e0 l&rsquo;usage. En effet, vous pouvez facilement essuyer la salet\u00e9 ou les taches.<\/p>\n<h3>Formats<\/h3>\n<p>Nos affiches r\u00e9sistantes \u00e0 l&rsquo;eau sont disponibles dans tous les formats. Vous n&rsquo;\u00eates donc pas limit\u00e9 aux formats d&rsquo;affiche standard. Dans le configurateur de produits, vous choisissez les dimensions souhait\u00e9es.<\/p>\n<h3>Formats standards d&rsquo;affiches imperm\u00e9ables<\/h3>\n<ul>\n<li>Abri (1185 x 1750 mm)<\/li>\n<li>A0 (840 x 1189 mm)<\/li>\n<li>A1 (594 x 840 mm)<\/li>\n<li>A2 (420 x 594 mm)<\/li>\n<li>A3 (297 x 420 mm)<\/li>\n<li>A4 (210 x 297 mm)<\/li>\n<li>B0 (1000 x 1400 mm)<\/li>\n<li>B1 (700 x 1000 mm)<\/li>\n<li>B2 (500 x 700 mm)<\/li>\n<\/ul>\n<p>&nbsp;<\/p>\n<h3>La polyvalence de l&rsquo;impression r\u00e9sistante \u00e0 l&rsquo;eau<\/h3>\n<p>Le mat\u00e9riau Synaps est donc parfait pour une utilisation dans un environnement humide. Ce mat\u00e9riau se pr\u00eate donc aussi parfaitement aux imprim\u00e9s pour l&rsquo;Horeca (menus et flyers).<\/p>\n","protected":false},"excerpt":{"rendered":"<h3>Affiches r\u00e9sistantes \u00e0 l&rsquo;eau pour usage int\u00e9rieur et ext\u00e9rieur.<\/h3>\n","protected":false},"featured_media":15658,"template":"","meta":{"_et_pb_use_builder":"","_et_pb_old_content":"","_et_gb_content_width":""},"product_brand":[],"product_cat":[639,312,527,448],"product_tag":[],"class_list":{"0":"post-15657","1":"product","2":"type-product","3":"status-publish","4":"has-post-thumbnail","6":"product_cat-affiches","7":"product_cat-autocollants-et-impression","8":"product_cat-panneaux-de-trottoir","9":"product_cat-publicite-exterieure","11":"first","12":"instock","13":"taxable","14":"shipping-taxable","15":"purchasable","16":"product-type-simple"},"yoast_head":"<!-- This site is optimized with the Yoast SEO plugin v27.3 - https:\/\/yoast.com\/product\/yoast-seo-wordpress\/ -->\n<title>Affiche r\u00e9sistante \u00e0 l&#039;eau | Amstel Printing<\/title>\n<meta name=\"robots\" content=\"index, follow, max-snippet:-1, max-image-preview:large, max-video-preview:-1\" \/>\n<link rel=\"canonical\" href=\"https:\/\/www.amstelprinting.nl\/fr\/boutique\/publicite-exterieure\/panneaux-de-trottoir\/affiche-resistante-a-leau\/\" \/>\n<meta property=\"og:locale\" content=\"fr_FR\" \/>\n<meta property=\"og:type\" content=\"article\" \/>\n<meta property=\"og:title\" content=\"Affiche r\u00e9sistante \u00e0 l&#039;eau | Amstel Printing\" \/>\n<meta property=\"og:description\" content=\"Affiches r\u00e9sistantes \u00e0 l&#039;eau pour usage int\u00e9rieur et ext\u00e9rieur.\" \/>\n<meta property=\"og:url\" content=\"https:\/\/www.amstelprinting.nl\/fr\/boutique\/publicite-exterieure\/panneaux-de-trottoir\/affiche-resistante-a-leau\/\" \/>\n<meta property=\"og:site_name\" content=\"Amstel Printing\" \/>\n<meta property=\"article:modified_time\" content=\"2026-02-18T11:51:57+00:00\" \/>\n<meta property=\"og:image\" content=\"https:\/\/www.amstelprinting.nl\/wp-content\/uploads\/watervaste-poster-2.jpg\" \/>\n\t<meta property=\"og:image:width\" content=\"700\" \/>\n\t<meta property=\"og:image:height\" content=\"700\" \/>\n\t<meta property=\"og:image:type\" content=\"image\/jpeg\" \/>\n<meta name=\"twitter:card\" content=\"summary_large_image\" \/>\n<meta name=\"twitter:label1\" content=\"Dur\u00e9e de lecture estim\u00e9e\" \/>\n\t<meta name=\"twitter:data1\" content=\"1 minute\" \/>\n<script type=\"application\/ld+json\" class=\"yoast-schema-graph\">{\"@context\":\"https:\\\/\\\/schema.org\",\"@graph\":[{\"@type\":\"WebPage\",\"@id\":\"https:\\\/\\\/www.amstelprinting.nl\\\/fr\\\/boutique\\\/publicite-exterieure\\\/panneaux-de-trottoir\\\/affiche-resistante-a-leau\\\/\",\"url\":\"https:\\\/\\\/www.amstelprinting.nl\\\/fr\\\/boutique\\\/publicite-exterieure\\\/panneaux-de-trottoir\\\/affiche-resistante-a-leau\\\/\",\"name\":\"Affiche r\u00e9sistante \u00e0 l'eau | Amstel Printing\",\"isPartOf\":{\"@id\":\"https:\\\/\\\/www.amstelprinting.nl\\\/fr\\\/#website\"},\"primaryImageOfPage\":{\"@id\":\"https:\\\/\\\/www.amstelprinting.nl\\\/fr\\\/boutique\\\/publicite-exterieure\\\/panneaux-de-trottoir\\\/affiche-resistante-a-leau\\\/#primaryimage\"},\"image\":{\"@id\":\"https:\\\/\\\/www.amstelprinting.nl\\\/fr\\\/boutique\\\/publicite-exterieure\\\/panneaux-de-trottoir\\\/affiche-resistante-a-leau\\\/#primaryimage\"},\"thumbnailUrl\":\"https:\\\/\\\/www.amstelprinting.nl\\\/wp-content\\\/uploads\\\/watervaste-poster-2.jpg\",\"datePublished\":\"2025-01-23T19:44:54+00:00\",\"dateModified\":\"2026-02-18T11:51:57+00:00\",\"breadcrumb\":{\"@id\":\"https:\\\/\\\/www.amstelprinting.nl\\\/fr\\\/boutique\\\/publicite-exterieure\\\/panneaux-de-trottoir\\\/affiche-resistante-a-leau\\\/#breadcrumb\"},\"inLanguage\":\"fr-FR\",\"potentialAction\":[{\"@type\":\"ReadAction\",\"target\":[\"https:\\\/\\\/www.amstelprinting.nl\\\/fr\\\/boutique\\\/publicite-exterieure\\\/panneaux-de-trottoir\\\/affiche-resistante-a-leau\\\/\"]}]},{\"@type\":\"ImageObject\",\"inLanguage\":\"fr-FR\",\"@id\":\"https:\\\/\\\/www.amstelprinting.nl\\\/fr\\\/boutique\\\/publicite-exterieure\\\/panneaux-de-trottoir\\\/affiche-resistante-a-leau\\\/#primaryimage\",\"url\":\"https:\\\/\\\/www.amstelprinting.nl\\\/wp-content\\\/uploads\\\/watervaste-poster-2.jpg\",\"contentUrl\":\"https:\\\/\\\/www.amstelprinting.nl\\\/wp-content\\\/uploads\\\/watervaste-poster-2.jpg\",\"width\":700,\"height\":700},{\"@type\":\"BreadcrumbList\",\"@id\":\"https:\\\/\\\/www.amstelprinting.nl\\\/fr\\\/boutique\\\/publicite-exterieure\\\/panneaux-de-trottoir\\\/affiche-resistante-a-leau\\\/#breadcrumb\",\"itemListElement\":[{\"@type\":\"ListItem\",\"position\":1,\"name\":\"\",\"item\":\"https:\\\/\\\/www.amstelprinting.nl\\\/fr\\\/\"},{\"@type\":\"ListItem\",\"position\":2,\"name\":\"Amstel Printing\",\"item\":\"https:\\\/\\\/www.amstelprinting.nl\\\/fr\\\/boutique\\\/\"},{\"@type\":\"ListItem\",\"position\":3,\"name\":\"Publicit\u00e9 ext\u00e9rieure\",\"item\":\"https:\\\/\\\/www.amstelprinting.nl\\\/fr\\\/categorie\\\/publicite-exterieure\\\/\"},{\"@type\":\"ListItem\",\"position\":4,\"name\":\"Panneaux de trottoir\",\"item\":\"https:\\\/\\\/www.amstelprinting.nl\\\/fr\\\/categorie\\\/publicite-exterieure\\\/panneaux-de-trottoir\\\/\"},{\"@type\":\"ListItem\",\"position\":5,\"name\":\"Affiche r\u00e9sistante \u00e0 l&rsquo;eau\"}]},{\"@type\":\"WebSite\",\"@id\":\"https:\\\/\\\/www.amstelprinting.nl\\\/fr\\\/#website\",\"url\":\"https:\\\/\\\/www.amstelprinting.nl\\\/fr\\\/\",\"name\":\"Amstel Printing\",\"description\":\"Creating Exposure\",\"publisher\":{\"@id\":\"https:\\\/\\\/www.amstelprinting.nl\\\/fr\\\/#organization\"},\"potentialAction\":[{\"@type\":\"SearchAction\",\"target\":{\"@type\":\"EntryPoint\",\"urlTemplate\":\"https:\\\/\\\/www.amstelprinting.nl\\\/fr\\\/?s={search_term_string}\"},\"query-input\":{\"@type\":\"PropertyValueSpecification\",\"valueRequired\":true,\"valueName\":\"search_term_string\"}}],\"inLanguage\":\"fr-FR\"},{\"@type\":\"Organization\",\"@id\":\"https:\\\/\\\/www.amstelprinting.nl\\\/fr\\\/#organization\",\"name\":\"Amstel Printing\",\"url\":\"https:\\\/\\\/www.amstelprinting.nl\\\/fr\\\/\",\"logo\":{\"@type\":\"ImageObject\",\"inLanguage\":\"fr-FR\",\"@id\":\"https:\\\/\\\/www.amstelprinting.nl\\\/fr\\\/#\\\/schema\\\/logo\\\/image\\\/\",\"url\":\"https:\\\/\\\/www.amstelprinting.nl\\\/wp-content\\\/uploads\\\/amstel_printing_logo_clean.png\",\"contentUrl\":\"https:\\\/\\\/www.amstelprinting.nl\\\/wp-content\\\/uploads\\\/amstel_printing_logo_clean.png\",\"width\":324,\"height\":73,\"caption\":\"Amstel Printing\"},\"image\":{\"@id\":\"https:\\\/\\\/www.amstelprinting.nl\\\/fr\\\/#\\\/schema\\\/logo\\\/image\\\/\"}}]}<\/script>\n<!-- \/ Yoast SEO plugin. -->","yoast_head_json":{"title":"Affiche r\u00e9sistante \u00e0 l'eau | Amstel Printing","robots":{"index":"index","follow":"follow","max-snippet":"max-snippet:-1","max-image-preview":"max-image-preview:large","max-video-preview":"max-video-preview:-1"},"canonical":"https:\/\/www.amstelprinting.nl\/fr\/boutique\/publicite-exterieure\/panneaux-de-trottoir\/affiche-resistante-a-leau\/","og_locale":"fr_FR","og_type":"article","og_title":"Affiche r\u00e9sistante \u00e0 l'eau | Amstel Printing","og_description":"Affiches r\u00e9sistantes \u00e0 l'eau pour usage int\u00e9rieur et ext\u00e9rieur.","og_url":"https:\/\/www.amstelprinting.nl\/fr\/boutique\/publicite-exterieure\/panneaux-de-trottoir\/affiche-resistante-a-leau\/","og_site_name":"Amstel Printing","article_modified_time":"2026-02-18T11:51:57+00:00","og_image":[{"width":700,"height":700,"url":"https:\/\/www.amstelprinting.nl\/wp-content\/uploads\/watervaste-poster-2.jpg","type":"image\/jpeg"}],"twitter_card":"summary_large_image","twitter_misc":{"Dur\u00e9e de lecture estim\u00e9e":"1 minute"},"schema":{"@context":"https:\/\/schema.org","@graph":[{"@type":"WebPage","@id":"https:\/\/www.amstelprinting.nl\/fr\/boutique\/publicite-exterieure\/panneaux-de-trottoir\/affiche-resistante-a-leau\/","url":"https:\/\/www.amstelprinting.nl\/fr\/boutique\/publicite-exterieure\/panneaux-de-trottoir\/affiche-resistante-a-leau\/","name":"Affiche r\u00e9sistante \u00e0 l'eau | Amstel Printing","isPartOf":{"@id":"https:\/\/www.amstelprinting.nl\/fr\/#website"},"primaryImageOfPage":{"@id":"https:\/\/www.amstelprinting.nl\/fr\/boutique\/publicite-exterieure\/panneaux-de-trottoir\/affiche-resistante-a-leau\/#primaryimage"},"image":{"@id":"https:\/\/www.amstelprinting.nl\/fr\/boutique\/publicite-exterieure\/panneaux-de-trottoir\/affiche-resistante-a-leau\/#primaryimage"},"thumbnailUrl":"https:\/\/www.amstelprinting.nl\/wp-content\/uploads\/watervaste-poster-2.jpg","datePublished":"2025-01-23T19:44:54+00:00","dateModified":"2026-02-18T11:51:57+00:00","breadcrumb":{"@id":"https:\/\/www.amstelprinting.nl\/fr\/boutique\/publicite-exterieure\/panneaux-de-trottoir\/affiche-resistante-a-leau\/#breadcrumb"},"inLanguage":"fr-FR","potentialAction":[{"@type":"ReadAction","target":["https:\/\/www.amstelprinting.nl\/fr\/boutique\/publicite-exterieure\/panneaux-de-trottoir\/affiche-resistante-a-leau\/"]}]},{"@type":"ImageObject","inLanguage":"fr-FR","@id":"https:\/\/www.amstelprinting.nl\/fr\/boutique\/publicite-exterieure\/panneaux-de-trottoir\/affiche-resistante-a-leau\/#primaryimage","url":"https:\/\/www.amstelprinting.nl\/wp-content\/uploads\/watervaste-poster-2.jpg","contentUrl":"https:\/\/www.amstelprinting.nl\/wp-content\/uploads\/watervaste-poster-2.jpg","width":700,"height":700},{"@type":"BreadcrumbList","@id":"https:\/\/www.amstelprinting.nl\/fr\/boutique\/publicite-exterieure\/panneaux-de-trottoir\/affiche-resistante-a-leau\/#breadcrumb","itemListElement":[{"@type":"ListItem","position":1,"name":"","item":"https:\/\/www.amstelprinting.nl\/fr\/"},{"@type":"ListItem","position":2,"name":"Amstel Printing","item":"https:\/\/www.amstelprinting.nl\/fr\/boutique\/"},{"@type":"ListItem","position":3,"name":"Publicit\u00e9 ext\u00e9rieure","item":"https:\/\/www.amstelprinting.nl\/fr\/categorie\/publicite-exterieure\/"},{"@type":"ListItem","position":4,"name":"Panneaux de trottoir","item":"https:\/\/www.amstelprinting.nl\/fr\/categorie\/publicite-exterieure\/panneaux-de-trottoir\/"},{"@type":"ListItem","position":5,"name":"Affiche r\u00e9sistante \u00e0 l&rsquo;eau"}]},{"@type":"WebSite","@id":"https:\/\/www.amstelprinting.nl\/fr\/#website","url":"https:\/\/www.amstelprinting.nl\/fr\/","name":"Amstel Printing","description":"Creating Exposure","publisher":{"@id":"https:\/\/www.amstelprinting.nl\/fr\/#organization"},"potentialAction":[{"@type":"SearchAction","target":{"@type":"EntryPoint","urlTemplate":"https:\/\/www.amstelprinting.nl\/fr\/?s={search_term_string}"},"query-input":{"@type":"PropertyValueSpecification","valueRequired":true,"valueName":"search_term_string"}}],"inLanguage":"fr-FR"},{"@type":"Organization","@id":"https:\/\/www.amstelprinting.nl\/fr\/#organization","name":"Amstel Printing","url":"https:\/\/www.amstelprinting.nl\/fr\/","logo":{"@type":"ImageObject","inLanguage":"fr-FR","@id":"https:\/\/www.amstelprinting.nl\/fr\/#\/schema\/logo\/image\/","url":"https:\/\/www.amstelprinting.nl\/wp-content\/uploads\/amstel_printing_logo_clean.png","contentUrl":"https:\/\/www.amstelprinting.nl\/wp-content\/uploads\/amstel_printing_logo_clean.png","width":324,"height":73,"caption":"Amstel Printing"},"image":{"@id":"https:\/\/www.amstelprinting.nl\/fr\/#\/schema\/logo\/image\/"}}]}},"_links":{"self":[{"href":"https:\/\/www.amstelprinting.nl\/fr\/wp-json\/wp\/v2\/product\/15657","targetHints":{"allow":["GET"]}}],"collection":[{"href":"https:\/\/www.amstelprinting.nl\/fr\/wp-json\/wp\/v2\/product"}],"about":[{"href":"https:\/\/www.amstelprinting.nl\/fr\/wp-json\/wp\/v2\/types\/product"}],"wp:featuredmedia":[{"embeddable":true,"href":"https:\/\/www.amstelprinting.nl\/fr\/wp-json\/wp\/v2\/media\/15658"}],"wp:attachment":[{"href":"https:\/\/www.amstelprinting.nl\/fr\/wp-json\/wp\/v2\/media?parent=15657"}],"wp:term":[{"taxonomy":"product_brand","embeddable":true,"href":"https:\/\/www.amstelprinting.nl\/fr\/wp-json\/wp\/v2\/product_brand?post=15657"},{"taxonomy":"product_cat","embeddable":true,"href":"https:\/\/www.amstelprinting.nl\/fr\/wp-json\/wp\/v2\/product_cat?post=15657"},{"taxonomy":"product_tag","embeddable":true,"href":"https:\/\/www.amstelprinting.nl\/fr\/wp-json\/wp\/v2\/product_tag?post=15657"}],"curies":[{"name":"wp","href":"https:\/\/api.w.org\/{rel}","templated":true}]}}