{"id":15678,"date":"2025-01-23T20:44:39","date_gmt":"2025-01-23T19:44:39","guid":{"rendered":"https:\/\/www.amstelprinting.nl\/winkel\/non%20class\u00e9\/slagvaste-sticker\/"},"modified":"2026-02-18T12:51:58","modified_gmt":"2026-02-18T11:51:58","slug":"autocollant-resistant-aux-chocs","status":"publish","type":"product","link":"https:\/\/www.amstelprinting.nl\/fr\/boutique\/autocollants-et-impression\/grands-autocollants\/autocollant-resistant-aux-chocs\/","title":{"rendered":"Autocollant r\u00e9sistant aux chocs"},"content":{"rendered":"<h3>Pourquoi commander des autocollants r\u00e9sistants aux chocs<\/h3>\n<ul>\n<li>Pouvoir adh\u00e9sif permanent<\/li>\n<li>Convient \u00e0 pratiquement toutes les surfaces<\/li>\n<li>Impression couleur haute d\u00e9finition<\/li>\n<li>Disponible dans tous les formats ou formes souhait\u00e9s (d\u00e9coupe \u00e0 la forme)<\/li>\n<li>Film PVC de haute qualit\u00e9<\/li>\n<li>Dot\u00e9 du certificat B1 pour la s\u00e9curit\u00e9 incendie<\/li>\n<\/ul>\n<p>&nbsp;<\/p>\n<h3>Inconv\u00e9nients<\/h3>\n<ul>\n<li>Plus difficile \u00e0 retirer en raison de la couche adh\u00e9sive ultra-forte (Ultra High Tack).<\/li>\n<li>Fabriqu\u00e9 en PVC, donc moins durable (\u00e9cologique).<\/li>\n<\/ul>\n<p>&nbsp;<\/p>\n<h3>Lamin\u00e9 brillant<\/h3>\n<p>Avec une couche adh\u00e9sive permanente high-tack, l&rsquo;autocollant r\u00e9sistant aux chocs offre une adh\u00e9rence initiale exceptionnellement forte. D\u00e8s que le film est appliqu\u00e9, il adh\u00e8re imm\u00e9diatement, m\u00eame sur des surfaces difficiles comme le plastique. Cette adh\u00e9rence ultra-forte rend l&rsquo;autocollant r\u00e9sistant aux chocs parfait pour une utilisation sur des surfaces extr\u00eamement rugueuses. L&rsquo;autocollant r\u00e9sistant aux chocs a \u00e9t\u00e9 d\u00e9velopp\u00e9 pour une utilisation tant int\u00e9rieure qu&rsquo;ext\u00e9rieure. De plus, ce film dispose d&rsquo;un certificat d&rsquo;incendie, ce qui le rend apte \u00e0 \u00eatre utilis\u00e9 dans des espaces publics o\u00f9 la s\u00e9curit\u00e9 incendie est une exigence.<\/p>\n<h3>Finition et qualit\u00e9<\/h3>\n<p>Nos autocollants r\u00e9sistants aux chocs sont fabriqu\u00e9s en PVC de haute qualit\u00e9. Le lamin\u00e9 brillant offre une protection optimale et r\u00e9siste ainsi bien aux rayures, aux dommages et \u00e0 la pluie.<\/p>\n<p>Choisissez l&rsquo;option \u00ab d\u00e9coupe \u00e0 la forme \u00bb et nous d\u00e9couperons votre autocollant r\u00e9sistant aux chocs selon les contours de votre design. Ce film a une largeur d&rsquo;impression maximale de 148 cm en une seule pi\u00e8ce, ce qui vous permet d&rsquo;obtenir des r\u00e9sultats professionnels et sans raccords.<\/p>\n<p>Renforcez votre communication et votre design avec nos autocollants r\u00e9sistants aux chocs et d\u00e9couvrez la puissance d&rsquo;un autocollant capable de relever tous les d\u00e9fis. Parfaits pour les applications exigeantes et tous les environnements, ces autocollants offrent une solution fiable.<\/p>\n<h3>Questions fr\u00e9quemment pos\u00e9es<\/h3>\n<p><strong>Quelle est la dur\u00e9e de vie pr\u00e9vue de ce film ?<\/strong><br \/>\nVous pouvez compter sur une dur\u00e9e de vie d&rsquo;environ 5 ans, aussi bien pour les applications int\u00e9rieures qu&rsquo;ext\u00e9rieures. Toutefois, cette dur\u00e9e de vie peut \u00eatre influenc\u00e9e par divers facteurs, tels que l&rsquo;exposition aux rayons UV, les conditions m\u00e9t\u00e9orologiques et le type de surface sur laquelle le film est appliqu\u00e9.<\/p>\n<p><strong>Quelle technique de production est utilis\u00e9e pour ce mat\u00e9riau ?<\/strong><br \/>\nNous utilisons la technique d&rsquo;impression latex, qui offre divers avantages. Cette technique utilise des encres \u00e0 base d&rsquo;eau, qui sont \u00e0 la fois inodores et relativement respectueuses de l&rsquo;environnement. Les encres p\u00e9n\u00e8trent profond\u00e9ment dans le mat\u00e9riau, ce qui se traduit par une haute r\u00e9sistance aux rayures et des performances durables.<\/p>\n","protected":false},"excerpt":{"rendered":"<h3>Film blanc avec un pouvoir adh\u00e9sif extr\u00eamement \u00e9lev\u00e9 pour les surfaces difficiles<\/h3>\n<p>D\u00e9couvrez nos autocollants r\u00e9sistants aux chocs, con\u00e7us pour relever tous les d\u00e9fis. Les autocollants r\u00e9sistants aux chocs sont la solution pour les surfaces difficiles. Avec une dur\u00e9e de vie de 5 ans, ils sont parfaitement adapt\u00e9s \u00e0 une utilisation ext\u00e9rieure prolong\u00e9e. Commandables dans n&rsquo;importe quelle dimension et forme. L&rsquo;adh\u00e9rence extr\u00eamement forte et le lamin\u00e9 brillant prot\u00e8gent au maximum votre impression contre les rayures et l&rsquo;eau.<\/p>\n","protected":false},"featured_media":15680,"template":"","meta":{"_et_pb_use_builder":"","_et_pb_old_content":"","_et_gb_content_width":""},"product_brand":[],"product_cat":[312,574],"product_tag":[],"class_list":{"0":"post-15678","1":"product","2":"type-product","3":"status-publish","4":"has-post-thumbnail","6":"product_cat-autocollants-et-impression","7":"product_cat-grands-autocollants","9":"first","10":"instock","11":"taxable","12":"shipping-taxable","13":"purchasable","14":"product-type-simple"},"yoast_head":"<!-- This site is optimized with the Yoast SEO plugin v27.3 - https:\/\/yoast.com\/product\/yoast-seo-wordpress\/ -->\n<title>Autocollant r\u00e9sistant aux chocs avec adh\u00e9rence ultra-forte | Commandez aujourd&#039;hui<\/title>\n<meta name=\"description\" content=\"Commandez des autocollants r\u00e9sistants aux chocs avec une couche adh\u00e9sive permanente high-tack pour une adh\u00e9rence maximale sur toutes les surfaces. Prot\u00e9g\u00e9s par un lamin\u00e9 brillant et une dur\u00e9e de vie de 5 ans.\" \/>\n<meta name=\"robots\" content=\"index, follow, max-snippet:-1, max-image-preview:large, max-video-preview:-1\" \/>\n<link rel=\"canonical\" href=\"https:\/\/www.amstelprinting.nl\/fr\/boutique\/autocollants-et-impression\/grands-autocollants\/autocollant-resistant-aux-chocs\/\" \/>\n<meta property=\"og:locale\" content=\"fr_FR\" \/>\n<meta property=\"og:type\" content=\"article\" \/>\n<meta property=\"og:title\" content=\"Autocollant r\u00e9sistant aux chocs avec adh\u00e9rence ultra-forte | Commandez aujourd&#039;hui\" \/>\n<meta property=\"og:description\" content=\"Commandez des autocollants r\u00e9sistants aux chocs avec une couche adh\u00e9sive permanente high-tack pour une adh\u00e9rence maximale sur toutes les surfaces. Prot\u00e9g\u00e9s par un lamin\u00e9 brillant et une dur\u00e9e de vie de 5 ans.\" \/>\n<meta property=\"og:url\" content=\"https:\/\/www.amstelprinting.nl\/fr\/boutique\/autocollants-et-impression\/grands-autocollants\/autocollant-resistant-aux-chocs\/\" \/>\n<meta property=\"og:site_name\" content=\"Amstel Printing\" \/>\n<meta property=\"article:modified_time\" content=\"2026-02-18T11:51:58+00:00\" \/>\n<meta property=\"og:image\" content=\"https:\/\/www.amstelprinting.nl\/wp-content\/uploads\/Slagvaste-sticker.jpg\" \/>\n\t<meta property=\"og:image:width\" content=\"700\" \/>\n\t<meta property=\"og:image:height\" content=\"700\" \/>\n\t<meta property=\"og:image:type\" content=\"image\/jpeg\" \/>\n<meta name=\"twitter:card\" content=\"summary_large_image\" \/>\n<meta name=\"twitter:label1\" content=\"Dur\u00e9e de lecture estim\u00e9e\" \/>\n\t<meta name=\"twitter:data1\" content=\"2 minutes\" \/>\n<script type=\"application\/ld+json\" class=\"yoast-schema-graph\">{\"@context\":\"https:\\\/\\\/schema.org\",\"@graph\":[{\"@type\":\"WebPage\",\"@id\":\"https:\\\/\\\/www.amstelprinting.nl\\\/fr\\\/boutique\\\/autocollants-et-impression\\\/grands-autocollants\\\/autocollant-resistant-aux-chocs\\\/\",\"url\":\"https:\\\/\\\/www.amstelprinting.nl\\\/fr\\\/boutique\\\/autocollants-et-impression\\\/grands-autocollants\\\/autocollant-resistant-aux-chocs\\\/\",\"name\":\"Autocollant r\u00e9sistant aux chocs avec adh\u00e9rence ultra-forte | Commandez aujourd'hui\",\"isPartOf\":{\"@id\":\"https:\\\/\\\/www.amstelprinting.nl\\\/fr\\\/#website\"},\"primaryImageOfPage\":{\"@id\":\"https:\\\/\\\/www.amstelprinting.nl\\\/fr\\\/boutique\\\/autocollants-et-impression\\\/grands-autocollants\\\/autocollant-resistant-aux-chocs\\\/#primaryimage\"},\"image\":{\"@id\":\"https:\\\/\\\/www.amstelprinting.nl\\\/fr\\\/boutique\\\/autocollants-et-impression\\\/grands-autocollants\\\/autocollant-resistant-aux-chocs\\\/#primaryimage\"},\"thumbnailUrl\":\"https:\\\/\\\/www.amstelprinting.nl\\\/wp-content\\\/uploads\\\/Slagvaste-sticker.jpg\",\"datePublished\":\"2025-01-23T19:44:39+00:00\",\"dateModified\":\"2026-02-18T11:51:58+00:00\",\"description\":\"Commandez des autocollants r\u00e9sistants aux chocs avec une couche adh\u00e9sive permanente high-tack pour une adh\u00e9rence maximale sur toutes les surfaces. Prot\u00e9g\u00e9s par un lamin\u00e9 brillant et une dur\u00e9e de vie de 5 ans.\",\"breadcrumb\":{\"@id\":\"https:\\\/\\\/www.amstelprinting.nl\\\/fr\\\/boutique\\\/autocollants-et-impression\\\/grands-autocollants\\\/autocollant-resistant-aux-chocs\\\/#breadcrumb\"},\"inLanguage\":\"fr-FR\",\"potentialAction\":[{\"@type\":\"ReadAction\",\"target\":[\"https:\\\/\\\/www.amstelprinting.nl\\\/fr\\\/boutique\\\/autocollants-et-impression\\\/grands-autocollants\\\/autocollant-resistant-aux-chocs\\\/\"]}]},{\"@type\":\"ImageObject\",\"inLanguage\":\"fr-FR\",\"@id\":\"https:\\\/\\\/www.amstelprinting.nl\\\/fr\\\/boutique\\\/autocollants-et-impression\\\/grands-autocollants\\\/autocollant-resistant-aux-chocs\\\/#primaryimage\",\"url\":\"https:\\\/\\\/www.amstelprinting.nl\\\/wp-content\\\/uploads\\\/Slagvaste-sticker.jpg\",\"contentUrl\":\"https:\\\/\\\/www.amstelprinting.nl\\\/wp-content\\\/uploads\\\/Slagvaste-sticker.jpg\",\"width\":700,\"height\":700},{\"@type\":\"BreadcrumbList\",\"@id\":\"https:\\\/\\\/www.amstelprinting.nl\\\/fr\\\/boutique\\\/autocollants-et-impression\\\/grands-autocollants\\\/autocollant-resistant-aux-chocs\\\/#breadcrumb\",\"itemListElement\":[{\"@type\":\"ListItem\",\"position\":1,\"name\":\"\",\"item\":\"https:\\\/\\\/www.amstelprinting.nl\\\/fr\\\/\"},{\"@type\":\"ListItem\",\"position\":2,\"name\":\"Amstel Printing\",\"item\":\"https:\\\/\\\/www.amstelprinting.nl\\\/fr\\\/boutique\\\/\"},{\"@type\":\"ListItem\",\"position\":3,\"name\":\"Autocollants et impression\",\"item\":\"https:\\\/\\\/www.amstelprinting.nl\\\/fr\\\/categorie\\\/autocollants-et-impression\\\/\"},{\"@type\":\"ListItem\",\"position\":4,\"name\":\"Grands autocollants\",\"item\":\"https:\\\/\\\/www.amstelprinting.nl\\\/fr\\\/categorie\\\/autocollants-et-impression\\\/grands-autocollants\\\/\"},{\"@type\":\"ListItem\",\"position\":5,\"name\":\"Autocollant r\u00e9sistant aux chocs\"}]},{\"@type\":\"WebSite\",\"@id\":\"https:\\\/\\\/www.amstelprinting.nl\\\/fr\\\/#website\",\"url\":\"https:\\\/\\\/www.amstelprinting.nl\\\/fr\\\/\",\"name\":\"Amstel Printing\",\"description\":\"Creating Exposure\",\"publisher\":{\"@id\":\"https:\\\/\\\/www.amstelprinting.nl\\\/fr\\\/#organization\"},\"potentialAction\":[{\"@type\":\"SearchAction\",\"target\":{\"@type\":\"EntryPoint\",\"urlTemplate\":\"https:\\\/\\\/www.amstelprinting.nl\\\/fr\\\/?s={search_term_string}\"},\"query-input\":{\"@type\":\"PropertyValueSpecification\",\"valueRequired\":true,\"valueName\":\"search_term_string\"}}],\"inLanguage\":\"fr-FR\"},{\"@type\":\"Organization\",\"@id\":\"https:\\\/\\\/www.amstelprinting.nl\\\/fr\\\/#organization\",\"name\":\"Amstel Printing\",\"url\":\"https:\\\/\\\/www.amstelprinting.nl\\\/fr\\\/\",\"logo\":{\"@type\":\"ImageObject\",\"inLanguage\":\"fr-FR\",\"@id\":\"https:\\\/\\\/www.amstelprinting.nl\\\/fr\\\/#\\\/schema\\\/logo\\\/image\\\/\",\"url\":\"https:\\\/\\\/www.amstelprinting.nl\\\/wp-content\\\/uploads\\\/amstel_printing_logo_clean.png\",\"contentUrl\":\"https:\\\/\\\/www.amstelprinting.nl\\\/wp-content\\\/uploads\\\/amstel_printing_logo_clean.png\",\"width\":324,\"height\":73,\"caption\":\"Amstel Printing\"},\"image\":{\"@id\":\"https:\\\/\\\/www.amstelprinting.nl\\\/fr\\\/#\\\/schema\\\/logo\\\/image\\\/\"}}]}<\/script>\n<!-- \/ Yoast SEO plugin. -->","yoast_head_json":{"title":"Autocollant r\u00e9sistant aux chocs avec adh\u00e9rence ultra-forte | Commandez aujourd'hui","description":"Commandez des autocollants r\u00e9sistants aux chocs avec une couche adh\u00e9sive permanente high-tack pour une adh\u00e9rence maximale sur toutes les surfaces. Prot\u00e9g\u00e9s par un lamin\u00e9 brillant et une dur\u00e9e de vie de 5 ans.","robots":{"index":"index","follow":"follow","max-snippet":"max-snippet:-1","max-image-preview":"max-image-preview:large","max-video-preview":"max-video-preview:-1"},"canonical":"https:\/\/www.amstelprinting.nl\/fr\/boutique\/autocollants-et-impression\/grands-autocollants\/autocollant-resistant-aux-chocs\/","og_locale":"fr_FR","og_type":"article","og_title":"Autocollant r\u00e9sistant aux chocs avec adh\u00e9rence ultra-forte | Commandez aujourd'hui","og_description":"Commandez des autocollants r\u00e9sistants aux chocs avec une couche adh\u00e9sive permanente high-tack pour une adh\u00e9rence maximale sur toutes les surfaces. Prot\u00e9g\u00e9s par un lamin\u00e9 brillant et une dur\u00e9e de vie de 5 ans.","og_url":"https:\/\/www.amstelprinting.nl\/fr\/boutique\/autocollants-et-impression\/grands-autocollants\/autocollant-resistant-aux-chocs\/","og_site_name":"Amstel Printing","article_modified_time":"2026-02-18T11:51:58+00:00","og_image":[{"width":700,"height":700,"url":"https:\/\/www.amstelprinting.nl\/wp-content\/uploads\/Slagvaste-sticker.jpg","type":"image\/jpeg"}],"twitter_card":"summary_large_image","twitter_misc":{"Dur\u00e9e de lecture estim\u00e9e":"2 minutes"},"schema":{"@context":"https:\/\/schema.org","@graph":[{"@type":"WebPage","@id":"https:\/\/www.amstelprinting.nl\/fr\/boutique\/autocollants-et-impression\/grands-autocollants\/autocollant-resistant-aux-chocs\/","url":"https:\/\/www.amstelprinting.nl\/fr\/boutique\/autocollants-et-impression\/grands-autocollants\/autocollant-resistant-aux-chocs\/","name":"Autocollant r\u00e9sistant aux chocs avec adh\u00e9rence ultra-forte | Commandez aujourd'hui","isPartOf":{"@id":"https:\/\/www.amstelprinting.nl\/fr\/#website"},"primaryImageOfPage":{"@id":"https:\/\/www.amstelprinting.nl\/fr\/boutique\/autocollants-et-impression\/grands-autocollants\/autocollant-resistant-aux-chocs\/#primaryimage"},"image":{"@id":"https:\/\/www.amstelprinting.nl\/fr\/boutique\/autocollants-et-impression\/grands-autocollants\/autocollant-resistant-aux-chocs\/#primaryimage"},"thumbnailUrl":"https:\/\/www.amstelprinting.nl\/wp-content\/uploads\/Slagvaste-sticker.jpg","datePublished":"2025-01-23T19:44:39+00:00","dateModified":"2026-02-18T11:51:58+00:00","description":"Commandez des autocollants r\u00e9sistants aux chocs avec une couche adh\u00e9sive permanente high-tack pour une adh\u00e9rence maximale sur toutes les surfaces. Prot\u00e9g\u00e9s par un lamin\u00e9 brillant et une dur\u00e9e de vie de 5 ans.","breadcrumb":{"@id":"https:\/\/www.amstelprinting.nl\/fr\/boutique\/autocollants-et-impression\/grands-autocollants\/autocollant-resistant-aux-chocs\/#breadcrumb"},"inLanguage":"fr-FR","potentialAction":[{"@type":"ReadAction","target":["https:\/\/www.amstelprinting.nl\/fr\/boutique\/autocollants-et-impression\/grands-autocollants\/autocollant-resistant-aux-chocs\/"]}]},{"@type":"ImageObject","inLanguage":"fr-FR","@id":"https:\/\/www.amstelprinting.nl\/fr\/boutique\/autocollants-et-impression\/grands-autocollants\/autocollant-resistant-aux-chocs\/#primaryimage","url":"https:\/\/www.amstelprinting.nl\/wp-content\/uploads\/Slagvaste-sticker.jpg","contentUrl":"https:\/\/www.amstelprinting.nl\/wp-content\/uploads\/Slagvaste-sticker.jpg","width":700,"height":700},{"@type":"BreadcrumbList","@id":"https:\/\/www.amstelprinting.nl\/fr\/boutique\/autocollants-et-impression\/grands-autocollants\/autocollant-resistant-aux-chocs\/#breadcrumb","itemListElement":[{"@type":"ListItem","position":1,"name":"","item":"https:\/\/www.amstelprinting.nl\/fr\/"},{"@type":"ListItem","position":2,"name":"Amstel Printing","item":"https:\/\/www.amstelprinting.nl\/fr\/boutique\/"},{"@type":"ListItem","position":3,"name":"Autocollants et impression","item":"https:\/\/www.amstelprinting.nl\/fr\/categorie\/autocollants-et-impression\/"},{"@type":"ListItem","position":4,"name":"Grands autocollants","item":"https:\/\/www.amstelprinting.nl\/fr\/categorie\/autocollants-et-impression\/grands-autocollants\/"},{"@type":"ListItem","position":5,"name":"Autocollant r\u00e9sistant aux chocs"}]},{"@type":"WebSite","@id":"https:\/\/www.amstelprinting.nl\/fr\/#website","url":"https:\/\/www.amstelprinting.nl\/fr\/","name":"Amstel Printing","description":"Creating Exposure","publisher":{"@id":"https:\/\/www.amstelprinting.nl\/fr\/#organization"},"potentialAction":[{"@type":"SearchAction","target":{"@type":"EntryPoint","urlTemplate":"https:\/\/www.amstelprinting.nl\/fr\/?s={search_term_string}"},"query-input":{"@type":"PropertyValueSpecification","valueRequired":true,"valueName":"search_term_string"}}],"inLanguage":"fr-FR"},{"@type":"Organization","@id":"https:\/\/www.amstelprinting.nl\/fr\/#organization","name":"Amstel Printing","url":"https:\/\/www.amstelprinting.nl\/fr\/","logo":{"@type":"ImageObject","inLanguage":"fr-FR","@id":"https:\/\/www.amstelprinting.nl\/fr\/#\/schema\/logo\/image\/","url":"https:\/\/www.amstelprinting.nl\/wp-content\/uploads\/amstel_printing_logo_clean.png","contentUrl":"https:\/\/www.amstelprinting.nl\/wp-content\/uploads\/amstel_printing_logo_clean.png","width":324,"height":73,"caption":"Amstel Printing"},"image":{"@id":"https:\/\/www.amstelprinting.nl\/fr\/#\/schema\/logo\/image\/"}}]}},"_links":{"self":[{"href":"https:\/\/www.amstelprinting.nl\/fr\/wp-json\/wp\/v2\/product\/15678","targetHints":{"allow":["GET"]}}],"collection":[{"href":"https:\/\/www.amstelprinting.nl\/fr\/wp-json\/wp\/v2\/product"}],"about":[{"href":"https:\/\/www.amstelprinting.nl\/fr\/wp-json\/wp\/v2\/types\/product"}],"wp:featuredmedia":[{"embeddable":true,"href":"https:\/\/www.amstelprinting.nl\/fr\/wp-json\/wp\/v2\/media\/15680"}],"wp:attachment":[{"href":"https:\/\/www.amstelprinting.nl\/fr\/wp-json\/wp\/v2\/media?parent=15678"}],"wp:term":[{"taxonomy":"product_brand","embeddable":true,"href":"https:\/\/www.amstelprinting.nl\/fr\/wp-json\/wp\/v2\/product_brand?post=15678"},{"taxonomy":"product_cat","embeddable":true,"href":"https:\/\/www.amstelprinting.nl\/fr\/wp-json\/wp\/v2\/product_cat?post=15678"},{"taxonomy":"product_tag","embeddable":true,"href":"https:\/\/www.amstelprinting.nl\/fr\/wp-json\/wp\/v2\/product_tag?post=15678"}],"curies":[{"name":"wp","href":"https:\/\/api.w.org\/{rel}","templated":true}]}}