{"id":15693,"date":"2025-01-23T20:44:29","date_gmt":"2025-01-23T19:44:29","guid":{"rendered":"https:\/\/www.amstelprinting.nl\/winkel\/non%20class\u00e9\/magneetsticker-2\/"},"modified":"2026-02-18T12:51:59","modified_gmt":"2026-02-18T11:51:59","slug":"autocollant-magnetique","status":"publish","type":"product","link":"https:\/\/www.amstelprinting.nl\/fr\/boutique\/autocollants-et-impression\/grands-autocollants\/autocollant-magnetique\/","title":{"rendered":"Autocollant magn\u00e9tique"},"content":{"rendered":"<h3>Impression d&rsquo;autocollants magn\u00e9tiques<\/h3>\n<p>Nos autocollants magn\u00e9tiques offrent une excellente combinaison de polyvalence, de durabilit\u00e9 et d&rsquo;impact visuel. Que vous souhaitiez lancer une campagne publicitaire frappante, embellir vos locaux professionnels ou simplement donner une touche personnelle \u00e0 votre int\u00e9rieur, ces autocollants sont le choix id\u00e9al. Utilisez la maquette (voir t\u00e9l\u00e9chargements) pour cr\u00e9er facilement votre design.<\/p>\n<h3>Format et mat\u00e9riau<\/h3>\n<p>Nos autocollants magn\u00e9tiques sont disponibles en deux \u00e9paisseurs : 0,5 mm et 0,85 mm. Si vous souhaitez utiliser l&rsquo;autocollant \u00e0 l&rsquo;int\u00e9rieur, nous recommandons l&rsquo;\u00e9paisseur de 0,5 mm. Pour les v\u00e9hicules et autres applications ext\u00e9rieures, nous proposons nos autocollants magn\u00e9tiques dans une \u00e9paisseur de 0,85 mm. <\/p>\n<h3>Finition<\/h3>\n<p>Chaque autocollant magn\u00e9tique est imprim\u00e9 avec une technique d&rsquo;impression UV 100 % couleur. Cette technologie avanc\u00e9e garantit que votre design est affich\u00e9 avec une clart\u00e9 et des d\u00e9tails impressionnants, et garantit une solidit\u00e9 des couleurs durable, m\u00eame en cas d&rsquo;exposition \u00e0 la lumi\u00e8re directe du soleil et \u00e0 d&rsquo;autres facteurs environnementaux. Nos autocollants magn\u00e9tiques peuvent \u00eatre d\u00e9coup\u00e9s sur mesure selon le format souhait\u00e9 ou les contours de votre design.<\/p>\n<h3>Accessoires<\/h3>\n<p>Pour que l&rsquo;installation de vos autocollants magn\u00e9tiques se d\u00e9roule le plus facilement possible, nous proposons des accessoires pratiques tels que des d\u00e9graissants et des gants en tissu. Le d\u00e9graissant assure une surface propre et sans graisse, de sorte que l&rsquo;adh\u00e9rence de l&rsquo;autocollant magn\u00e9tique soit optimale.<\/p>\n","protected":false},"excerpt":{"rendered":"<h3>D\u00e9terminez vous-m\u00eame le format et la forme. Avec votre propre impression.<\/h3>\n<p>D\u00e9couvrez la polyvalence des autocollants magn\u00e9tiques. Transformez n&rsquo;importe quelle surface m\u00e9tallique telle que les tableaux blancs ou les v\u00e9hicules avec nos autocollants magn\u00e9tiques. Les autocollants magn\u00e9tiques imprim\u00e9s combinent fonctionnalit\u00e9 et promotion en un seul produit puissant. Choisissez une forme rectangulaire ou un autocollant magn\u00e9tique dans une forme totalement personnalis\u00e9e.<\/p>\n","protected":false},"featured_media":15695,"template":"","meta":{"_et_pb_use_builder":"","_et_pb_old_content":"","_et_gb_content_width":""},"product_brand":[],"product_cat":[312,574],"product_tag":[],"class_list":{"0":"post-15693","1":"product","2":"type-product","3":"status-publish","4":"has-post-thumbnail","6":"product_cat-autocollants-et-impression","7":"product_cat-grands-autocollants","9":"first","10":"instock","11":"taxable","12":"shipping-taxable","13":"purchasable","14":"product-type-simple"},"yoast_head":"<!-- This site is optimized with the Yoast SEO plugin v27.3 - https:\/\/yoast.com\/product\/yoast-seo-wordpress\/ -->\n<title>Commander des autocollants magn\u00e9tiques sur mesure - Durable &amp; Flexible<\/title>\n<meta name=\"description\" content=\"Commandez des autocollants magn\u00e9tiques de haute qualit\u00e9 sur mesure, id\u00e9aux pour l&#039;int\u00e9rieur et l&#039;ext\u00e9rieur. Choisissez le format et la forme. Impression couleur nette et configuration en ligne rapide.\" \/>\n<meta name=\"robots\" content=\"index, follow, max-snippet:-1, max-image-preview:large, max-video-preview:-1\" \/>\n<link rel=\"canonical\" href=\"https:\/\/www.amstelprinting.nl\/fr\/boutique\/autocollants-et-impression\/grands-autocollants\/autocollant-magnetique\/\" \/>\n<meta property=\"og:locale\" content=\"fr_FR\" \/>\n<meta property=\"og:type\" content=\"article\" \/>\n<meta property=\"og:title\" content=\"Commander des autocollants magn\u00e9tiques sur mesure - Durable &amp; Flexible\" \/>\n<meta property=\"og:description\" content=\"Commandez des autocollants magn\u00e9tiques de haute qualit\u00e9 sur mesure, id\u00e9aux pour l&#039;int\u00e9rieur et l&#039;ext\u00e9rieur. Choisissez le format et la forme. Impression couleur nette et configuration en ligne rapide.\" \/>\n<meta property=\"og:url\" content=\"https:\/\/www.amstelprinting.nl\/fr\/boutique\/autocollants-et-impression\/grands-autocollants\/autocollant-magnetique\/\" \/>\n<meta property=\"og:site_name\" content=\"Amstel Printing\" \/>\n<meta property=\"article:modified_time\" content=\"2026-02-18T11:51:59+00:00\" \/>\n<meta property=\"og:image\" content=\"https:\/\/www.amstelprinting.nl\/wp-content\/uploads\/Magneetsticker.jpg\" \/>\n\t<meta property=\"og:image:width\" content=\"700\" \/>\n\t<meta property=\"og:image:height\" content=\"700\" \/>\n\t<meta property=\"og:image:type\" content=\"image\/jpeg\" \/>\n<meta name=\"twitter:card\" content=\"summary_large_image\" \/>\n<meta name=\"twitter:label1\" content=\"Dur\u00e9e de lecture estim\u00e9e\" \/>\n\t<meta name=\"twitter:data1\" content=\"1 minute\" \/>\n<script type=\"application\/ld+json\" class=\"yoast-schema-graph\">{\"@context\":\"https:\\\/\\\/schema.org\",\"@graph\":[{\"@type\":\"WebPage\",\"@id\":\"https:\\\/\\\/www.amstelprinting.nl\\\/fr\\\/boutique\\\/autocollants-et-impression\\\/grands-autocollants\\\/autocollant-magnetique\\\/\",\"url\":\"https:\\\/\\\/www.amstelprinting.nl\\\/fr\\\/boutique\\\/autocollants-et-impression\\\/grands-autocollants\\\/autocollant-magnetique\\\/\",\"name\":\"Commander des autocollants magn\u00e9tiques sur mesure - Durable & Flexible\",\"isPartOf\":{\"@id\":\"https:\\\/\\\/www.amstelprinting.nl\\\/fr\\\/#website\"},\"primaryImageOfPage\":{\"@id\":\"https:\\\/\\\/www.amstelprinting.nl\\\/fr\\\/boutique\\\/autocollants-et-impression\\\/grands-autocollants\\\/autocollant-magnetique\\\/#primaryimage\"},\"image\":{\"@id\":\"https:\\\/\\\/www.amstelprinting.nl\\\/fr\\\/boutique\\\/autocollants-et-impression\\\/grands-autocollants\\\/autocollant-magnetique\\\/#primaryimage\"},\"thumbnailUrl\":\"https:\\\/\\\/www.amstelprinting.nl\\\/wp-content\\\/uploads\\\/Magneetsticker.jpg\",\"datePublished\":\"2025-01-23T19:44:29+00:00\",\"dateModified\":\"2026-02-18T11:51:59+00:00\",\"description\":\"Commandez des autocollants magn\u00e9tiques de haute qualit\u00e9 sur mesure, id\u00e9aux pour l'int\u00e9rieur et l'ext\u00e9rieur. Choisissez le format et la forme. Impression couleur nette et configuration en ligne rapide.\",\"breadcrumb\":{\"@id\":\"https:\\\/\\\/www.amstelprinting.nl\\\/fr\\\/boutique\\\/autocollants-et-impression\\\/grands-autocollants\\\/autocollant-magnetique\\\/#breadcrumb\"},\"inLanguage\":\"fr-FR\",\"potentialAction\":[{\"@type\":\"ReadAction\",\"target\":[\"https:\\\/\\\/www.amstelprinting.nl\\\/fr\\\/boutique\\\/autocollants-et-impression\\\/grands-autocollants\\\/autocollant-magnetique\\\/\"]}]},{\"@type\":\"ImageObject\",\"inLanguage\":\"fr-FR\",\"@id\":\"https:\\\/\\\/www.amstelprinting.nl\\\/fr\\\/boutique\\\/autocollants-et-impression\\\/grands-autocollants\\\/autocollant-magnetique\\\/#primaryimage\",\"url\":\"https:\\\/\\\/www.amstelprinting.nl\\\/wp-content\\\/uploads\\\/Magneetsticker.jpg\",\"contentUrl\":\"https:\\\/\\\/www.amstelprinting.nl\\\/wp-content\\\/uploads\\\/Magneetsticker.jpg\",\"width\":700,\"height\":700},{\"@type\":\"BreadcrumbList\",\"@id\":\"https:\\\/\\\/www.amstelprinting.nl\\\/fr\\\/boutique\\\/autocollants-et-impression\\\/grands-autocollants\\\/autocollant-magnetique\\\/#breadcrumb\",\"itemListElement\":[{\"@type\":\"ListItem\",\"position\":1,\"name\":\"\",\"item\":\"https:\\\/\\\/www.amstelprinting.nl\\\/fr\\\/\"},{\"@type\":\"ListItem\",\"position\":2,\"name\":\"Amstel Printing\",\"item\":\"https:\\\/\\\/www.amstelprinting.nl\\\/fr\\\/boutique\\\/\"},{\"@type\":\"ListItem\",\"position\":3,\"name\":\"Autocollants et impression\",\"item\":\"https:\\\/\\\/www.amstelprinting.nl\\\/fr\\\/categorie\\\/autocollants-et-impression\\\/\"},{\"@type\":\"ListItem\",\"position\":4,\"name\":\"Grands autocollants\",\"item\":\"https:\\\/\\\/www.amstelprinting.nl\\\/fr\\\/categorie\\\/autocollants-et-impression\\\/grands-autocollants\\\/\"},{\"@type\":\"ListItem\",\"position\":5,\"name\":\"Autocollant magn\u00e9tique\"}]},{\"@type\":\"WebSite\",\"@id\":\"https:\\\/\\\/www.amstelprinting.nl\\\/fr\\\/#website\",\"url\":\"https:\\\/\\\/www.amstelprinting.nl\\\/fr\\\/\",\"name\":\"Amstel Printing\",\"description\":\"Creating Exposure\",\"publisher\":{\"@id\":\"https:\\\/\\\/www.amstelprinting.nl\\\/fr\\\/#organization\"},\"potentialAction\":[{\"@type\":\"SearchAction\",\"target\":{\"@type\":\"EntryPoint\",\"urlTemplate\":\"https:\\\/\\\/www.amstelprinting.nl\\\/fr\\\/?s={search_term_string}\"},\"query-input\":{\"@type\":\"PropertyValueSpecification\",\"valueRequired\":true,\"valueName\":\"search_term_string\"}}],\"inLanguage\":\"fr-FR\"},{\"@type\":\"Organization\",\"@id\":\"https:\\\/\\\/www.amstelprinting.nl\\\/fr\\\/#organization\",\"name\":\"Amstel Printing\",\"url\":\"https:\\\/\\\/www.amstelprinting.nl\\\/fr\\\/\",\"logo\":{\"@type\":\"ImageObject\",\"inLanguage\":\"fr-FR\",\"@id\":\"https:\\\/\\\/www.amstelprinting.nl\\\/fr\\\/#\\\/schema\\\/logo\\\/image\\\/\",\"url\":\"https:\\\/\\\/www.amstelprinting.nl\\\/wp-content\\\/uploads\\\/amstel_printing_logo_clean.png\",\"contentUrl\":\"https:\\\/\\\/www.amstelprinting.nl\\\/wp-content\\\/uploads\\\/amstel_printing_logo_clean.png\",\"width\":324,\"height\":73,\"caption\":\"Amstel Printing\"},\"image\":{\"@id\":\"https:\\\/\\\/www.amstelprinting.nl\\\/fr\\\/#\\\/schema\\\/logo\\\/image\\\/\"}}]}<\/script>\n<!-- \/ Yoast SEO plugin. -->","yoast_head_json":{"title":"Commander des autocollants magn\u00e9tiques sur mesure - Durable & Flexible","description":"Commandez des autocollants magn\u00e9tiques de haute qualit\u00e9 sur mesure, id\u00e9aux pour l'int\u00e9rieur et l'ext\u00e9rieur. Choisissez le format et la forme. Impression couleur nette et configuration en ligne rapide.","robots":{"index":"index","follow":"follow","max-snippet":"max-snippet:-1","max-image-preview":"max-image-preview:large","max-video-preview":"max-video-preview:-1"},"canonical":"https:\/\/www.amstelprinting.nl\/fr\/boutique\/autocollants-et-impression\/grands-autocollants\/autocollant-magnetique\/","og_locale":"fr_FR","og_type":"article","og_title":"Commander des autocollants magn\u00e9tiques sur mesure - Durable & Flexible","og_description":"Commandez des autocollants magn\u00e9tiques de haute qualit\u00e9 sur mesure, id\u00e9aux pour l'int\u00e9rieur et l'ext\u00e9rieur. Choisissez le format et la forme. Impression couleur nette et configuration en ligne rapide.","og_url":"https:\/\/www.amstelprinting.nl\/fr\/boutique\/autocollants-et-impression\/grands-autocollants\/autocollant-magnetique\/","og_site_name":"Amstel Printing","article_modified_time":"2026-02-18T11:51:59+00:00","og_image":[{"width":700,"height":700,"url":"https:\/\/www.amstelprinting.nl\/wp-content\/uploads\/Magneetsticker.jpg","type":"image\/jpeg"}],"twitter_card":"summary_large_image","twitter_misc":{"Dur\u00e9e de lecture estim\u00e9e":"1 minute"},"schema":{"@context":"https:\/\/schema.org","@graph":[{"@type":"WebPage","@id":"https:\/\/www.amstelprinting.nl\/fr\/boutique\/autocollants-et-impression\/grands-autocollants\/autocollant-magnetique\/","url":"https:\/\/www.amstelprinting.nl\/fr\/boutique\/autocollants-et-impression\/grands-autocollants\/autocollant-magnetique\/","name":"Commander des autocollants magn\u00e9tiques sur mesure - Durable & Flexible","isPartOf":{"@id":"https:\/\/www.amstelprinting.nl\/fr\/#website"},"primaryImageOfPage":{"@id":"https:\/\/www.amstelprinting.nl\/fr\/boutique\/autocollants-et-impression\/grands-autocollants\/autocollant-magnetique\/#primaryimage"},"image":{"@id":"https:\/\/www.amstelprinting.nl\/fr\/boutique\/autocollants-et-impression\/grands-autocollants\/autocollant-magnetique\/#primaryimage"},"thumbnailUrl":"https:\/\/www.amstelprinting.nl\/wp-content\/uploads\/Magneetsticker.jpg","datePublished":"2025-01-23T19:44:29+00:00","dateModified":"2026-02-18T11:51:59+00:00","description":"Commandez des autocollants magn\u00e9tiques de haute qualit\u00e9 sur mesure, id\u00e9aux pour l'int\u00e9rieur et l'ext\u00e9rieur. Choisissez le format et la forme. Impression couleur nette et configuration en ligne rapide.","breadcrumb":{"@id":"https:\/\/www.amstelprinting.nl\/fr\/boutique\/autocollants-et-impression\/grands-autocollants\/autocollant-magnetique\/#breadcrumb"},"inLanguage":"fr-FR","potentialAction":[{"@type":"ReadAction","target":["https:\/\/www.amstelprinting.nl\/fr\/boutique\/autocollants-et-impression\/grands-autocollants\/autocollant-magnetique\/"]}]},{"@type":"ImageObject","inLanguage":"fr-FR","@id":"https:\/\/www.amstelprinting.nl\/fr\/boutique\/autocollants-et-impression\/grands-autocollants\/autocollant-magnetique\/#primaryimage","url":"https:\/\/www.amstelprinting.nl\/wp-content\/uploads\/Magneetsticker.jpg","contentUrl":"https:\/\/www.amstelprinting.nl\/wp-content\/uploads\/Magneetsticker.jpg","width":700,"height":700},{"@type":"BreadcrumbList","@id":"https:\/\/www.amstelprinting.nl\/fr\/boutique\/autocollants-et-impression\/grands-autocollants\/autocollant-magnetique\/#breadcrumb","itemListElement":[{"@type":"ListItem","position":1,"name":"","item":"https:\/\/www.amstelprinting.nl\/fr\/"},{"@type":"ListItem","position":2,"name":"Amstel Printing","item":"https:\/\/www.amstelprinting.nl\/fr\/boutique\/"},{"@type":"ListItem","position":3,"name":"Autocollants et impression","item":"https:\/\/www.amstelprinting.nl\/fr\/categorie\/autocollants-et-impression\/"},{"@type":"ListItem","position":4,"name":"Grands autocollants","item":"https:\/\/www.amstelprinting.nl\/fr\/categorie\/autocollants-et-impression\/grands-autocollants\/"},{"@type":"ListItem","position":5,"name":"Autocollant magn\u00e9tique"}]},{"@type":"WebSite","@id":"https:\/\/www.amstelprinting.nl\/fr\/#website","url":"https:\/\/www.amstelprinting.nl\/fr\/","name":"Amstel Printing","description":"Creating Exposure","publisher":{"@id":"https:\/\/www.amstelprinting.nl\/fr\/#organization"},"potentialAction":[{"@type":"SearchAction","target":{"@type":"EntryPoint","urlTemplate":"https:\/\/www.amstelprinting.nl\/fr\/?s={search_term_string}"},"query-input":{"@type":"PropertyValueSpecification","valueRequired":true,"valueName":"search_term_string"}}],"inLanguage":"fr-FR"},{"@type":"Organization","@id":"https:\/\/www.amstelprinting.nl\/fr\/#organization","name":"Amstel Printing","url":"https:\/\/www.amstelprinting.nl\/fr\/","logo":{"@type":"ImageObject","inLanguage":"fr-FR","@id":"https:\/\/www.amstelprinting.nl\/fr\/#\/schema\/logo\/image\/","url":"https:\/\/www.amstelprinting.nl\/wp-content\/uploads\/amstel_printing_logo_clean.png","contentUrl":"https:\/\/www.amstelprinting.nl\/wp-content\/uploads\/amstel_printing_logo_clean.png","width":324,"height":73,"caption":"Amstel Printing"},"image":{"@id":"https:\/\/www.amstelprinting.nl\/fr\/#\/schema\/logo\/image\/"}}]}},"_links":{"self":[{"href":"https:\/\/www.amstelprinting.nl\/fr\/wp-json\/wp\/v2\/product\/15693","targetHints":{"allow":["GET"]}}],"collection":[{"href":"https:\/\/www.amstelprinting.nl\/fr\/wp-json\/wp\/v2\/product"}],"about":[{"href":"https:\/\/www.amstelprinting.nl\/fr\/wp-json\/wp\/v2\/types\/product"}],"wp:featuredmedia":[{"embeddable":true,"href":"https:\/\/www.amstelprinting.nl\/fr\/wp-json\/wp\/v2\/media\/15695"}],"wp:attachment":[{"href":"https:\/\/www.amstelprinting.nl\/fr\/wp-json\/wp\/v2\/media?parent=15693"}],"wp:term":[{"taxonomy":"product_brand","embeddable":true,"href":"https:\/\/www.amstelprinting.nl\/fr\/wp-json\/wp\/v2\/product_brand?post=15693"},{"taxonomy":"product_cat","embeddable":true,"href":"https:\/\/www.amstelprinting.nl\/fr\/wp-json\/wp\/v2\/product_cat?post=15693"},{"taxonomy":"product_tag","embeddable":true,"href":"https:\/\/www.amstelprinting.nl\/fr\/wp-json\/wp\/v2\/product_tag?post=15693"}],"curies":[{"name":"wp","href":"https:\/\/api.w.org\/{rel}","templated":true}]}}