{"id":15718,"date":"2025-01-23T20:44:19","date_gmt":"2025-01-23T19:44:19","guid":{"rendered":"https:\/\/www.amstelprinting.nl\/winkel\/non%20class\u00e9\/asfaltsticker\/"},"modified":"2026-02-18T12:51:59","modified_gmt":"2026-02-18T11:51:59","slug":"autocollant-pour-asphalte","status":"publish","type":"product","link":"https:\/\/www.amstelprinting.nl\/fr\/boutique\/autocollants-et-impression\/grands-autocollants\/autocollant-pour-asphalte\/","title":{"rendered":"Autocollant pour asphalte"},"content":{"rendered":"<h3>Impression d&rsquo;autocollants pour asphalte<\/h3>\n<p>Notre sticker pour asphalte ext\u00e9rieur offre la solution parfaite pour les applications ext\u00e9rieures temporaires sur des surfaces planes. Avec la valeur antid\u00e9rapante la plus \u00e9lev\u00e9e, il garantit la s\u00e9curit\u00e9, m\u00eame par temps pluvieux. Le sticker pour asphalte a une dur\u00e9e de vie pr\u00e9vue d&rsquo;au moins 3 mois (en fonction des conditions m\u00e9t\u00e9orologiques et de l&rsquo;intensit\u00e9 du trafic). Le sticker pour asphalte peut \u00eatre retir\u00e9 facilement apr\u00e8s usage. Aucun r\u00e9sidu de colle ne subsistera. Le dos en aluminium garantit une excellente opacit\u00e9, m\u00eame sur les surfaces color\u00e9es. L&rsquo;application (adaptation \u00e0 la surface) se fait sans effort et peut \u00eatre r\u00e9alis\u00e9e sans outils ni apport de chaleur (s\u00e8che-cheveux). De plus, le sticker de sol est totalement sans PVC, ce qui en fait un choix respectueux de l&rsquo;environnement.<\/p>\n<h3>Mat\u00e9riau<\/h3>\n<p>Nos autocollants pour asphalte sont fabriqu\u00e9s \u00e0 partir d&rsquo;un film d&rsquo;impression blanc avec un dos en aluminium, ce qui assure une excellente opacit\u00e9 sur les surfaces color\u00e9es. Gr\u00e2ce \u00e0 ses propri\u00e9t\u00e9s antid\u00e9rapantes et r\u00e9sistantes aux rayures, ces stickers sont particuli\u00e8rement adapt\u00e9s \u00e0 diverses surfaces. Pour garantir une performance antid\u00e9rapante optimale, le film n&rsquo;est pas lamin\u00e9. Avec une valeur R de 12, ce sticker r\u00e9pond aux normes antid\u00e9rapantes les plus strictes, ce qui est crucial pour la s\u00e9curit\u00e9 et l&rsquo;efficacit\u00e9 lors d&rsquo;\u00e9v\u00e9nements en ext\u00e9rieur et d&rsquo;autres applications intensives.<\/p>\n<h3>Finition<\/h3>\n<p>Nos autocollants pour asphalte peuvent \u00eatre d\u00e9coup\u00e9s sur mesure au format indiqu\u00e9 ou selon les contours de votre design. Cela vous offre la flexibilit\u00e9 n\u00e9cessaire pour cr\u00e9er un sticker qui s&rsquo;adapte pr\u00e9cis\u00e9ment \u00e0 la surface que vous souhaitez couvrir.<\/p>\n<h3>Accessoires<\/h3>\n<p>Pour rendre l&rsquo;installation de votre autocollant pour asphalte aussi simple que possible, nous proposons une large gamme d&rsquo;accessoires. Ces outils facilitent une application fluide et professionnelle, afin que vous obteniez le meilleur r\u00e9sultat sans probl\u00e8me. Con\u00e7us pour d&rsquo;excellentes performances sur diverses surfaces rugueuses, nos autocollants pour asphalte offrent la combinaison parfaite de durabilit\u00e9 et de visibilit\u00e9 pour n&rsquo;importe quel environnement.<\/p>\n","protected":false},"excerpt":{"rendered":"<h3>Sticker de sol ext\u00e9rieur r\u00e9sistant \u00e0 l&rsquo;usure.<\/h3>\n<p>Transformez les rues, les routes et les parkings avec nos autocollants pour asphalte de haute qualit\u00e9. Con\u00e7us pour des performances optimales et une visibilit\u00e9 durable. Nos autocollants pour asphalte (stickers de rue) sont sp\u00e9cialement con\u00e7us pour bien performer sur les surfaces rugueuses telles que les pav\u00e9s, l&rsquo;asphalte, le b\u00e9ton lisse et le b\u00e9ton brut. Vous d\u00e9terminez vous-m\u00eame le format et la forme.<\/h3>\n","protected":false},"featured_media":15720,"template":"","meta":{"_et_pb_use_builder":"","_et_pb_old_content":"","_et_gb_content_width":""},"product_brand":[],"product_cat":[312,574],"product_tag":[],"class_list":{"0":"post-15718","1":"product","2":"type-product","3":"status-publish","4":"has-post-thumbnail","6":"product_cat-autocollants-et-impression","7":"product_cat-grands-autocollants","9":"first","10":"instock","11":"taxable","12":"shipping-taxable","13":"purchasable","14":"product-type-simple"},"yoast_head":"<!-- This site is optimized with the Yoast SEO plugin v27.3 - https:\/\/yoast.com\/product\/yoast-seo-wordpress\/ -->\n<title>Autocollants pour asphalte avec antid\u00e9rapant | Durable &amp; S\u00e9curis\u00e9 en ext\u00e9rieur<\/title>\n<meta name=\"description\" content=\"Commandez des autocollants pour asphalte r\u00e9sistants \u00e0 l&#039;usure avec la garantie antid\u00e9rapante R12 la plus \u00e9lev\u00e9e. Faciles \u00e0 appliquer et \u00e0 retirer, parfaits pour les campagnes ext\u00e9rieures de longue dur\u00e9e.\" \/>\n<meta name=\"robots\" content=\"index, follow, max-snippet:-1, max-image-preview:large, max-video-preview:-1\" \/>\n<link rel=\"canonical\" href=\"https:\/\/www.amstelprinting.nl\/fr\/boutique\/autocollants-et-impression\/grands-autocollants\/autocollant-pour-asphalte\/\" \/>\n<meta property=\"og:locale\" content=\"fr_FR\" \/>\n<meta property=\"og:type\" content=\"article\" \/>\n<meta property=\"og:title\" content=\"Autocollants pour asphalte avec antid\u00e9rapant | Durable &amp; S\u00e9curis\u00e9 en ext\u00e9rieur\" \/>\n<meta property=\"og:description\" content=\"Commandez des autocollants pour asphalte r\u00e9sistants \u00e0 l&#039;usure avec la garantie antid\u00e9rapante R12 la plus \u00e9lev\u00e9e. Faciles \u00e0 appliquer et \u00e0 retirer, parfaits pour les campagnes ext\u00e9rieures de longue dur\u00e9e.\" \/>\n<meta property=\"og:url\" content=\"https:\/\/www.amstelprinting.nl\/fr\/boutique\/autocollants-et-impression\/grands-autocollants\/autocollant-pour-asphalte\/\" \/>\n<meta property=\"og:site_name\" content=\"Amstel Printing\" \/>\n<meta property=\"article:modified_time\" content=\"2026-02-18T11:51:59+00:00\" \/>\n<meta property=\"og:image\" content=\"https:\/\/www.amstelprinting.nl\/wp-content\/uploads\/asfalt-sticker-bedrukken5.png\" \/>\n\t<meta property=\"og:image:width\" content=\"900\" \/>\n\t<meta property=\"og:image:height\" content=\"900\" \/>\n\t<meta property=\"og:image:type\" content=\"image\/png\" \/>\n<meta name=\"twitter:card\" content=\"summary_large_image\" \/>\n<meta name=\"twitter:label1\" content=\"Dur\u00e9e de lecture estim\u00e9e\" \/>\n\t<meta name=\"twitter:data1\" content=\"2 minutes\" \/>\n<script type=\"application\/ld+json\" class=\"yoast-schema-graph\">{\"@context\":\"https:\\\/\\\/schema.org\",\"@graph\":[{\"@type\":\"WebPage\",\"@id\":\"https:\\\/\\\/www.amstelprinting.nl\\\/fr\\\/boutique\\\/autocollants-et-impression\\\/grands-autocollants\\\/autocollant-pour-asphalte\\\/\",\"url\":\"https:\\\/\\\/www.amstelprinting.nl\\\/fr\\\/boutique\\\/autocollants-et-impression\\\/grands-autocollants\\\/autocollant-pour-asphalte\\\/\",\"name\":\"Autocollants pour asphalte avec antid\u00e9rapant | Durable & S\u00e9curis\u00e9 en ext\u00e9rieur\",\"isPartOf\":{\"@id\":\"https:\\\/\\\/www.amstelprinting.nl\\\/fr\\\/#website\"},\"primaryImageOfPage\":{\"@id\":\"https:\\\/\\\/www.amstelprinting.nl\\\/fr\\\/boutique\\\/autocollants-et-impression\\\/grands-autocollants\\\/autocollant-pour-asphalte\\\/#primaryimage\"},\"image\":{\"@id\":\"https:\\\/\\\/www.amstelprinting.nl\\\/fr\\\/boutique\\\/autocollants-et-impression\\\/grands-autocollants\\\/autocollant-pour-asphalte\\\/#primaryimage\"},\"thumbnailUrl\":\"https:\\\/\\\/www.amstelprinting.nl\\\/wp-content\\\/uploads\\\/asfalt-sticker-bedrukken5.png\",\"datePublished\":\"2025-01-23T19:44:19+00:00\",\"dateModified\":\"2026-02-18T11:51:59+00:00\",\"description\":\"Commandez des autocollants pour asphalte r\u00e9sistants \u00e0 l'usure avec la garantie antid\u00e9rapante R12 la plus \u00e9lev\u00e9e. Faciles \u00e0 appliquer et \u00e0 retirer, parfaits pour les campagnes ext\u00e9rieures de longue dur\u00e9e.\",\"breadcrumb\":{\"@id\":\"https:\\\/\\\/www.amstelprinting.nl\\\/fr\\\/boutique\\\/autocollants-et-impression\\\/grands-autocollants\\\/autocollant-pour-asphalte\\\/#breadcrumb\"},\"inLanguage\":\"fr-FR\",\"potentialAction\":[{\"@type\":\"ReadAction\",\"target\":[\"https:\\\/\\\/www.amstelprinting.nl\\\/fr\\\/boutique\\\/autocollants-et-impression\\\/grands-autocollants\\\/autocollant-pour-asphalte\\\/\"]}]},{\"@type\":\"ImageObject\",\"inLanguage\":\"fr-FR\",\"@id\":\"https:\\\/\\\/www.amstelprinting.nl\\\/fr\\\/boutique\\\/autocollants-et-impression\\\/grands-autocollants\\\/autocollant-pour-asphalte\\\/#primaryimage\",\"url\":\"https:\\\/\\\/www.amstelprinting.nl\\\/wp-content\\\/uploads\\\/asfalt-sticker-bedrukken5.png\",\"contentUrl\":\"https:\\\/\\\/www.amstelprinting.nl\\\/wp-content\\\/uploads\\\/asfalt-sticker-bedrukken5.png\",\"width\":900,\"height\":900},{\"@type\":\"BreadcrumbList\",\"@id\":\"https:\\\/\\\/www.amstelprinting.nl\\\/fr\\\/boutique\\\/autocollants-et-impression\\\/grands-autocollants\\\/autocollant-pour-asphalte\\\/#breadcrumb\",\"itemListElement\":[{\"@type\":\"ListItem\",\"position\":1,\"name\":\"\",\"item\":\"https:\\\/\\\/www.amstelprinting.nl\\\/fr\\\/\"},{\"@type\":\"ListItem\",\"position\":2,\"name\":\"Amstel Printing\",\"item\":\"https:\\\/\\\/www.amstelprinting.nl\\\/fr\\\/boutique\\\/\"},{\"@type\":\"ListItem\",\"position\":3,\"name\":\"Autocollants et impression\",\"item\":\"https:\\\/\\\/www.amstelprinting.nl\\\/fr\\\/categorie\\\/autocollants-et-impression\\\/\"},{\"@type\":\"ListItem\",\"position\":4,\"name\":\"Grands autocollants\",\"item\":\"https:\\\/\\\/www.amstelprinting.nl\\\/fr\\\/categorie\\\/autocollants-et-impression\\\/grands-autocollants\\\/\"},{\"@type\":\"ListItem\",\"position\":5,\"name\":\"Autocollant pour asphalte\"}]},{\"@type\":\"WebSite\",\"@id\":\"https:\\\/\\\/www.amstelprinting.nl\\\/fr\\\/#website\",\"url\":\"https:\\\/\\\/www.amstelprinting.nl\\\/fr\\\/\",\"name\":\"Amstel Printing\",\"description\":\"Creating Exposure\",\"publisher\":{\"@id\":\"https:\\\/\\\/www.amstelprinting.nl\\\/fr\\\/#organization\"},\"potentialAction\":[{\"@type\":\"SearchAction\",\"target\":{\"@type\":\"EntryPoint\",\"urlTemplate\":\"https:\\\/\\\/www.amstelprinting.nl\\\/fr\\\/?s={search_term_string}\"},\"query-input\":{\"@type\":\"PropertyValueSpecification\",\"valueRequired\":true,\"valueName\":\"search_term_string\"}}],\"inLanguage\":\"fr-FR\"},{\"@type\":\"Organization\",\"@id\":\"https:\\\/\\\/www.amstelprinting.nl\\\/fr\\\/#organization\",\"name\":\"Amstel Printing\",\"url\":\"https:\\\/\\\/www.amstelprinting.nl\\\/fr\\\/\",\"logo\":{\"@type\":\"ImageObject\",\"inLanguage\":\"fr-FR\",\"@id\":\"https:\\\/\\\/www.amstelprinting.nl\\\/fr\\\/#\\\/schema\\\/logo\\\/image\\\/\",\"url\":\"https:\\\/\\\/www.amstelprinting.nl\\\/wp-content\\\/uploads\\\/amstel_printing_logo_clean.png\",\"contentUrl\":\"https:\\\/\\\/www.amstelprinting.nl\\\/wp-content\\\/uploads\\\/amstel_printing_logo_clean.png\",\"width\":324,\"height\":73,\"caption\":\"Amstel Printing\"},\"image\":{\"@id\":\"https:\\\/\\\/www.amstelprinting.nl\\\/fr\\\/#\\\/schema\\\/logo\\\/image\\\/\"}}]}<\/script>\n<!-- \/ Yoast SEO plugin. -->","yoast_head_json":{"title":"Autocollants pour asphalte avec antid\u00e9rapant | Durable & S\u00e9curis\u00e9 en ext\u00e9rieur","description":"Commandez des autocollants pour asphalte r\u00e9sistants \u00e0 l'usure avec la garantie antid\u00e9rapante R12 la plus \u00e9lev\u00e9e. Faciles \u00e0 appliquer et \u00e0 retirer, parfaits pour les campagnes ext\u00e9rieures de longue dur\u00e9e.","robots":{"index":"index","follow":"follow","max-snippet":"max-snippet:-1","max-image-preview":"max-image-preview:large","max-video-preview":"max-video-preview:-1"},"canonical":"https:\/\/www.amstelprinting.nl\/fr\/boutique\/autocollants-et-impression\/grands-autocollants\/autocollant-pour-asphalte\/","og_locale":"fr_FR","og_type":"article","og_title":"Autocollants pour asphalte avec antid\u00e9rapant | Durable & S\u00e9curis\u00e9 en ext\u00e9rieur","og_description":"Commandez des autocollants pour asphalte r\u00e9sistants \u00e0 l'usure avec la garantie antid\u00e9rapante R12 la plus \u00e9lev\u00e9e. Faciles \u00e0 appliquer et \u00e0 retirer, parfaits pour les campagnes ext\u00e9rieures de longue dur\u00e9e.","og_url":"https:\/\/www.amstelprinting.nl\/fr\/boutique\/autocollants-et-impression\/grands-autocollants\/autocollant-pour-asphalte\/","og_site_name":"Amstel Printing","article_modified_time":"2026-02-18T11:51:59+00:00","og_image":[{"width":900,"height":900,"url":"https:\/\/www.amstelprinting.nl\/wp-content\/uploads\/asfalt-sticker-bedrukken5.png","type":"image\/png"}],"twitter_card":"summary_large_image","twitter_misc":{"Dur\u00e9e de lecture estim\u00e9e":"2 minutes"},"schema":{"@context":"https:\/\/schema.org","@graph":[{"@type":"WebPage","@id":"https:\/\/www.amstelprinting.nl\/fr\/boutique\/autocollants-et-impression\/grands-autocollants\/autocollant-pour-asphalte\/","url":"https:\/\/www.amstelprinting.nl\/fr\/boutique\/autocollants-et-impression\/grands-autocollants\/autocollant-pour-asphalte\/","name":"Autocollants pour asphalte avec antid\u00e9rapant | Durable & S\u00e9curis\u00e9 en ext\u00e9rieur","isPartOf":{"@id":"https:\/\/www.amstelprinting.nl\/fr\/#website"},"primaryImageOfPage":{"@id":"https:\/\/www.amstelprinting.nl\/fr\/boutique\/autocollants-et-impression\/grands-autocollants\/autocollant-pour-asphalte\/#primaryimage"},"image":{"@id":"https:\/\/www.amstelprinting.nl\/fr\/boutique\/autocollants-et-impression\/grands-autocollants\/autocollant-pour-asphalte\/#primaryimage"},"thumbnailUrl":"https:\/\/www.amstelprinting.nl\/wp-content\/uploads\/asfalt-sticker-bedrukken5.png","datePublished":"2025-01-23T19:44:19+00:00","dateModified":"2026-02-18T11:51:59+00:00","description":"Commandez des autocollants pour asphalte r\u00e9sistants \u00e0 l'usure avec la garantie antid\u00e9rapante R12 la plus \u00e9lev\u00e9e. Faciles \u00e0 appliquer et \u00e0 retirer, parfaits pour les campagnes ext\u00e9rieures de longue dur\u00e9e.","breadcrumb":{"@id":"https:\/\/www.amstelprinting.nl\/fr\/boutique\/autocollants-et-impression\/grands-autocollants\/autocollant-pour-asphalte\/#breadcrumb"},"inLanguage":"fr-FR","potentialAction":[{"@type":"ReadAction","target":["https:\/\/www.amstelprinting.nl\/fr\/boutique\/autocollants-et-impression\/grands-autocollants\/autocollant-pour-asphalte\/"]}]},{"@type":"ImageObject","inLanguage":"fr-FR","@id":"https:\/\/www.amstelprinting.nl\/fr\/boutique\/autocollants-et-impression\/grands-autocollants\/autocollant-pour-asphalte\/#primaryimage","url":"https:\/\/www.amstelprinting.nl\/wp-content\/uploads\/asfalt-sticker-bedrukken5.png","contentUrl":"https:\/\/www.amstelprinting.nl\/wp-content\/uploads\/asfalt-sticker-bedrukken5.png","width":900,"height":900},{"@type":"BreadcrumbList","@id":"https:\/\/www.amstelprinting.nl\/fr\/boutique\/autocollants-et-impression\/grands-autocollants\/autocollant-pour-asphalte\/#breadcrumb","itemListElement":[{"@type":"ListItem","position":1,"name":"","item":"https:\/\/www.amstelprinting.nl\/fr\/"},{"@type":"ListItem","position":2,"name":"Amstel Printing","item":"https:\/\/www.amstelprinting.nl\/fr\/boutique\/"},{"@type":"ListItem","position":3,"name":"Autocollants et impression","item":"https:\/\/www.amstelprinting.nl\/fr\/categorie\/autocollants-et-impression\/"},{"@type":"ListItem","position":4,"name":"Grands autocollants","item":"https:\/\/www.amstelprinting.nl\/fr\/categorie\/autocollants-et-impression\/grands-autocollants\/"},{"@type":"ListItem","position":5,"name":"Autocollant pour asphalte"}]},{"@type":"WebSite","@id":"https:\/\/www.amstelprinting.nl\/fr\/#website","url":"https:\/\/www.amstelprinting.nl\/fr\/","name":"Amstel Printing","description":"Creating Exposure","publisher":{"@id":"https:\/\/www.amstelprinting.nl\/fr\/#organization"},"potentialAction":[{"@type":"SearchAction","target":{"@type":"EntryPoint","urlTemplate":"https:\/\/www.amstelprinting.nl\/fr\/?s={search_term_string}"},"query-input":{"@type":"PropertyValueSpecification","valueRequired":true,"valueName":"search_term_string"}}],"inLanguage":"fr-FR"},{"@type":"Organization","@id":"https:\/\/www.amstelprinting.nl\/fr\/#organization","name":"Amstel Printing","url":"https:\/\/www.amstelprinting.nl\/fr\/","logo":{"@type":"ImageObject","inLanguage":"fr-FR","@id":"https:\/\/www.amstelprinting.nl\/fr\/#\/schema\/logo\/image\/","url":"https:\/\/www.amstelprinting.nl\/wp-content\/uploads\/amstel_printing_logo_clean.png","contentUrl":"https:\/\/www.amstelprinting.nl\/wp-content\/uploads\/amstel_printing_logo_clean.png","width":324,"height":73,"caption":"Amstel Printing"},"image":{"@id":"https:\/\/www.amstelprinting.nl\/fr\/#\/schema\/logo\/image\/"}}]}},"_links":{"self":[{"href":"https:\/\/www.amstelprinting.nl\/fr\/wp-json\/wp\/v2\/product\/15718","targetHints":{"allow":["GET"]}}],"collection":[{"href":"https:\/\/www.amstelprinting.nl\/fr\/wp-json\/wp\/v2\/product"}],"about":[{"href":"https:\/\/www.amstelprinting.nl\/fr\/wp-json\/wp\/v2\/types\/product"}],"wp:featuredmedia":[{"embeddable":true,"href":"https:\/\/www.amstelprinting.nl\/fr\/wp-json\/wp\/v2\/media\/15720"}],"wp:attachment":[{"href":"https:\/\/www.amstelprinting.nl\/fr\/wp-json\/wp\/v2\/media?parent=15718"}],"wp:term":[{"taxonomy":"product_brand","embeddable":true,"href":"https:\/\/www.amstelprinting.nl\/fr\/wp-json\/wp\/v2\/product_brand?post=15718"},{"taxonomy":"product_cat","embeddable":true,"href":"https:\/\/www.amstelprinting.nl\/fr\/wp-json\/wp\/v2\/product_cat?post=15718"},{"taxonomy":"product_tag","embeddable":true,"href":"https:\/\/www.amstelprinting.nl\/fr\/wp-json\/wp\/v2\/product_tag?post=15718"}],"curies":[{"name":"wp","href":"https:\/\/api.w.org\/{rel}","templated":true}]}}