{"id":15733,"date":"2025-01-23T20:44:01","date_gmt":"2025-01-23T19:44:01","guid":{"rendered":"https:\/\/www.amstelprinting.nl\/winkel\/non%20class\u00e9\/stickers-op-rol\/"},"modified":"2026-02-18T12:52:00","modified_gmt":"2026-02-18T11:52:00","slug":"autocollants-en-rouleau","status":"publish","type":"product","link":"https:\/\/www.amstelprinting.nl\/fr\/boutique\/autocollants-et-impression\/petits-autocollants\/autocollants-en-rouleau\/","title":{"rendered":"Autocollants en rouleau"},"content":{"rendered":"<h3>Commander des autocollants en rouleau<\/h3>\n<p>Nos autocollants en rouleau offrent une largeur d&rsquo;impression maximale de 30 cm et une hauteur d&rsquo;impression maximale de 47 cm. Cela vous donne l&rsquo;espace n\u00e9cessaire pour \u00eatre cr\u00e9atif avec vos designs, que vous choisissiez de petits autocollants d\u00e9taill\u00e9s ou de plus grandes d\u00e9clarations visuelles. Ajustez le sens d&rsquo;enroulement du rouleau selon votre pr\u00e9f\u00e9rence avec des options de rotation de 0, 90, 180 ou 270 degr\u00e9s.<\/p>\n<h3>Pourquoi imprimer des autocollants en rouleau ?<\/h3>\n<ul>\n<li>Aucun frais de d\u00e9marrage<\/li>\n<li>Commandez d\u00e8s 1 rouleau (5 m\u00e8tres)<\/li>\n<li>Disponible dans de grands formats jusqu&rsquo;\u00e0 47 x 30 cm<\/li>\n<li>Choix entre 6 mat\u00e9riaux populaires et 3 laminats (protection suppl\u00e9mentaire)<\/li>\n<li>Encres UV : pour une dur\u00e9e de vie plus longue et une meilleure protection<\/li>\n<li>R\u00e9solution nette gr\u00e2ce \u00e0 l&rsquo;imprimante Durst Tau 330<\/li>\n<li>Disponible dans n&rsquo;importe quelle forme souhait\u00e9e (d\u00e9coupe laser)<\/li>\n<li>Compl\u00e9tez votre commande avec un distributeur d&rsquo;\u00e9tiquettes pratique<\/li>\n<\/ul>\n<p>&nbsp;<\/p>\n<h3>Mat\u00e9riaux<\/h3>\n<ul>\n<li><strong>Film blanc (PP) &#8211; Promotionnel<\/strong> : Ce film blanc, sans PVC, est id\u00e9al pour les applications temporaires, tant \u00e0 l&rsquo;int\u00e9rieur qu&rsquo;\u00e0 l&rsquo;ext\u00e9rieur. Parfait pour les autocollants promotionnels qui durent peu de temps mais doivent tout de m\u00eame para\u00eetre professionnels.<\/li>\n<li><strong>Film blanc (PP) &#8211; Permanent<\/strong> : Pour une solution plus durable, ce film blanc sans PVC convient aux applications int\u00e9rieures et ext\u00e9rieures. La couche adh\u00e9sive permanente assure une adh\u00e9rence de longue dur\u00e9e.<\/li>\n<li><strong>Film blanc (PP) &#8211; Adh\u00e9sion forte<\/strong> : Ce film blanc poss\u00e8de une couche adh\u00e9sive extra forte et est id\u00e9al pour les situations o\u00f9 une adh\u00e9rence maximale est requise. Convient aux conditions exigeantes, tant \u00e0 l&rsquo;int\u00e9rieur qu&rsquo;\u00e0 l&rsquo;ext\u00e9rieur.<\/li>\n<li><strong>Papier<\/strong> : Disponible en mat ou brillant avec une couche adh\u00e9sive permanente. Ce papier autocollant certifi\u00e9 FSC offre un aspect \u00e9l\u00e9gant et est id\u00e9al pour les autocollants n\u00e9cessitant une adh\u00e9rence de longue dur\u00e9e.<\/li>\n<li><strong>Film transparent &#8211; Permanent<\/strong> : Ce film transparent, sans PVC, offre une option discr\u00e8te pour les applications int\u00e9rieures et ext\u00e9rieures. Parfait pour les autocollants qui doivent \u00eatre affich\u00e9s de mani\u00e8re subtile.<\/li>\n<li><strong>Film argent\u00e9 (PP) &#8211; Permanent<\/strong> : Ce film argent\u00e9, sans PVC, offre un aspect m\u00e9tallique avec une couche adh\u00e9sive permanente. Id\u00e9al pour une finition luxueuse et convient aux applications int\u00e9rieures et ext\u00e9rieures.<\/li>\n<li><strong>Film transparent durable<\/strong> : Fabriqu\u00e9 \u00e0 partir de plastique recycl\u00e9, ce film offre un choix \u00e9cologique avec une couche adh\u00e9sive permanente. Le mat\u00e9riau est facilement recyclable et constitue une excellente option pour des autocollants durables.<\/li>\n<\/ul>\n<p>&nbsp;<\/p>\n<h3>Finition<\/h3>\n<p>Pour le film transparent, vous avez le choix d&rsquo;afficher l&rsquo;image normalement ou en miroir. De plus, pour ce mat\u00e9riau ainsi que pour le film argent\u00e9, vous pouvez choisir une couche de couleur int\u00e9grale (quadrichromie) ou une couche de couleur int\u00e9grale avec une couche de blanc. En option, vous pouvez choisir un laminat pour tous les mat\u00e9riaux, en brillant, r\u00e9sistant aux UV ou mat.<\/p>\n<p>Choisissez entre r\u00e9gulier, 3 cm, 4 cm ou 5 cm pour d\u00e9terminer la bonne distance entre les autocollants sur le rouleau. Les autocollants en rouleau sont disponibles en formes carr\u00e9es\/rectangulaires ou en formes libres pour r\u00e9pondre \u00e0 vos besoins sp\u00e9cifiques de conception.<\/p>\n<h3>Foire aux questions<\/h3>\n<p><strong>Puis-je t\u00e9l\u00e9charger plusieurs fichiers avec des images diff\u00e9rentes ?<\/strong><br \/>\nPour le moment, il n&rsquo;est malheureusement pas possible de t\u00e9l\u00e9charger plusieurs fichiers. Vous ne pouvez actuellement fournir qu&rsquo;un seul fichier par rouleau.<\/p>\n<p><strong>Des autocollants dor\u00e9s sont-ils \u00e9galement disponibles ?<\/strong><br \/>\nNous ne proposons que du film argent\u00e9 dans notre assortiment. En utilisant la combinaison de couleurs C 20 &#8211; M 25 &#8211; Y 60 &#8211; K 25 lors de l&rsquo;impression, votre autocollant aura un aspect dor\u00e9 avec l&rsquo;\u00e9clat du film argent\u00e9.<\/p>\n<p><strong>Quelle est la taille de police minimale pour mon design ?<\/strong><br \/>\nPour une lisibilit\u00e9 optimale, nous recommandons une hauteur de lettre d&rsquo;au moins 2 mm. Veuillez en tenir compte lors de la cr\u00e9ation de votre fichier.<\/p>\n<p><strong>Comment puis-je retirer mon autocollant ?<\/strong><br \/>\nNos autocollants promotionnels ont une couche adh\u00e9sive amovible, ce qui les rend g\u00e9n\u00e9ralement faciles \u00e0 retirer sans laisser de r\u00e9sidus de colle. Si des r\u00e9sidus subsistent, vous pouvez facilement les enlever avec un nettoyant tout usage ou du liquide vaisselle. Les autocollants \u00e0 adh\u00e9sion permanente ont un pouvoir adh\u00e9sif plus puissant et peuvent \u00eatre plus difficiles \u00e0 retirer. Dans ce cas, vous pouvez utiliser un dissolvant d&rsquo;adh\u00e9sif pour enlever les r\u00e9sidus.<\/p>\n","protected":false},"excerpt":{"rendered":"<h3>Autocollants jusqu&rsquo;\u00e0 30 cm, \u00e9ventuellement avec un distributeur pratique<\/h3>\n<p>D\u00e9couvrez nos autocollants en rouleau, parfaits pour toutes les applications, des promotions temporaires aux autocollants durables. Avec divers mat\u00e9riaux et options de finition, vous cr\u00e9ez sans effort des autocollants qui r\u00e9pondent \u00e0 tous vos souhaits. Donnez \u00e0 vos projets un aspect professionnel et cr\u00e9ez un impact avec nos autocollants en rouleau de haute qualit\u00e9. Commande possible d\u00e8s 1 rouleau.<\/p>\n","protected":false},"featured_media":15735,"template":"","meta":{"_et_pb_use_builder":"","_et_pb_old_content":"","_et_gb_content_width":""},"product_brand":[],"product_cat":[642,312,635],"product_tag":[],"class_list":{"0":"post-15733","1":"product","2":"type-product","3":"status-publish","4":"has-post-thumbnail","6":"product_cat-autocollants-en-rouleau","7":"product_cat-autocollants-et-impression","8":"product_cat-petits-autocollants","10":"first","11":"instock","12":"taxable","13":"shipping-taxable","14":"purchasable","15":"product-type-simple"},"yoast_head":"<!-- This site is optimized with the Yoast SEO plugin v27.3 - https:\/\/yoast.com\/product\/yoast-seo-wordpress\/ -->\n<title>Autocollants en rouleau - Autocollants sur mesure durables de haute qualit\u00e9<\/title>\n<meta name=\"description\" content=\"Commandez vos autocollants en rouleau \u00e0 partir de 1 rouleau avec divers mat\u00e9riaux et laminats. Livraison rapide, parfait pour la promotion et le branding.\" \/>\n<meta name=\"robots\" content=\"index, follow, max-snippet:-1, max-image-preview:large, max-video-preview:-1\" \/>\n<link rel=\"canonical\" href=\"https:\/\/www.amstelprinting.nl\/fr\/boutique\/autocollants-et-impression\/petits-autocollants\/autocollants-en-rouleau\/\" \/>\n<meta property=\"og:locale\" content=\"fr_FR\" \/>\n<meta property=\"og:type\" content=\"article\" \/>\n<meta property=\"og:title\" content=\"Autocollants en rouleau - Autocollants sur mesure durables de haute qualit\u00e9\" \/>\n<meta property=\"og:description\" content=\"Commandez vos autocollants en rouleau \u00e0 partir de 1 rouleau avec divers mat\u00e9riaux et laminats. Livraison rapide, parfait pour la promotion et le branding.\" \/>\n<meta property=\"og:url\" content=\"https:\/\/www.amstelprinting.nl\/fr\/boutique\/autocollants-et-impression\/petits-autocollants\/autocollants-en-rouleau\/\" \/>\n<meta property=\"og:site_name\" content=\"Amstel Printing\" \/>\n<meta property=\"article:modified_time\" content=\"2026-02-18T11:52:00+00:00\" \/>\n<meta property=\"og:image\" content=\"https:\/\/www.amstelprinting.nl\/wp-content\/uploads\/Stickers-op-rol.jpg\" \/>\n\t<meta property=\"og:image:width\" content=\"700\" \/>\n\t<meta property=\"og:image:height\" content=\"700\" \/>\n\t<meta property=\"og:image:type\" content=\"image\/jpeg\" \/>\n<meta name=\"twitter:card\" content=\"summary_large_image\" \/>\n<meta name=\"twitter:label1\" content=\"Dur\u00e9e de lecture estim\u00e9e\" \/>\n\t<meta name=\"twitter:data1\" content=\"4 minutes\" \/>\n<script type=\"application\/ld+json\" class=\"yoast-schema-graph\">{\"@context\":\"https:\\\/\\\/schema.org\",\"@graph\":[{\"@type\":\"WebPage\",\"@id\":\"https:\\\/\\\/www.amstelprinting.nl\\\/fr\\\/boutique\\\/autocollants-et-impression\\\/petits-autocollants\\\/autocollants-en-rouleau\\\/\",\"url\":\"https:\\\/\\\/www.amstelprinting.nl\\\/fr\\\/boutique\\\/autocollants-et-impression\\\/petits-autocollants\\\/autocollants-en-rouleau\\\/\",\"name\":\"Autocollants en rouleau - Autocollants sur mesure durables de haute qualit\u00e9\",\"isPartOf\":{\"@id\":\"https:\\\/\\\/www.amstelprinting.nl\\\/fr\\\/#website\"},\"primaryImageOfPage\":{\"@id\":\"https:\\\/\\\/www.amstelprinting.nl\\\/fr\\\/boutique\\\/autocollants-et-impression\\\/petits-autocollants\\\/autocollants-en-rouleau\\\/#primaryimage\"},\"image\":{\"@id\":\"https:\\\/\\\/www.amstelprinting.nl\\\/fr\\\/boutique\\\/autocollants-et-impression\\\/petits-autocollants\\\/autocollants-en-rouleau\\\/#primaryimage\"},\"thumbnailUrl\":\"https:\\\/\\\/www.amstelprinting.nl\\\/wp-content\\\/uploads\\\/Stickers-op-rol.jpg\",\"datePublished\":\"2025-01-23T19:44:01+00:00\",\"dateModified\":\"2026-02-18T11:52:00+00:00\",\"description\":\"Commandez vos autocollants en rouleau \u00e0 partir de 1 rouleau avec divers mat\u00e9riaux et laminats. Livraison rapide, parfait pour la promotion et le branding.\",\"breadcrumb\":{\"@id\":\"https:\\\/\\\/www.amstelprinting.nl\\\/fr\\\/boutique\\\/autocollants-et-impression\\\/petits-autocollants\\\/autocollants-en-rouleau\\\/#breadcrumb\"},\"inLanguage\":\"fr-FR\",\"potentialAction\":[{\"@type\":\"ReadAction\",\"target\":[\"https:\\\/\\\/www.amstelprinting.nl\\\/fr\\\/boutique\\\/autocollants-et-impression\\\/petits-autocollants\\\/autocollants-en-rouleau\\\/\"]}]},{\"@type\":\"ImageObject\",\"inLanguage\":\"fr-FR\",\"@id\":\"https:\\\/\\\/www.amstelprinting.nl\\\/fr\\\/boutique\\\/autocollants-et-impression\\\/petits-autocollants\\\/autocollants-en-rouleau\\\/#primaryimage\",\"url\":\"https:\\\/\\\/www.amstelprinting.nl\\\/wp-content\\\/uploads\\\/Stickers-op-rol.jpg\",\"contentUrl\":\"https:\\\/\\\/www.amstelprinting.nl\\\/wp-content\\\/uploads\\\/Stickers-op-rol.jpg\",\"width\":700,\"height\":700},{\"@type\":\"BreadcrumbList\",\"@id\":\"https:\\\/\\\/www.amstelprinting.nl\\\/fr\\\/boutique\\\/autocollants-et-impression\\\/petits-autocollants\\\/autocollants-en-rouleau\\\/#breadcrumb\",\"itemListElement\":[{\"@type\":\"ListItem\",\"position\":1,\"name\":\"\",\"item\":\"https:\\\/\\\/www.amstelprinting.nl\\\/fr\\\/\"},{\"@type\":\"ListItem\",\"position\":2,\"name\":\"Amstel Printing\",\"item\":\"https:\\\/\\\/www.amstelprinting.nl\\\/fr\\\/boutique\\\/\"},{\"@type\":\"ListItem\",\"position\":3,\"name\":\"Autocollants et impression\",\"item\":\"https:\\\/\\\/www.amstelprinting.nl\\\/fr\\\/categorie\\\/autocollants-et-impression\\\/\"},{\"@type\":\"ListItem\",\"position\":4,\"name\":\"Petits autocollants\",\"item\":\"https:\\\/\\\/www.amstelprinting.nl\\\/fr\\\/categorie\\\/autocollants-et-impression\\\/petits-autocollants\\\/\"},{\"@type\":\"ListItem\",\"position\":5,\"name\":\"Autocollants en rouleau\"}]},{\"@type\":\"WebSite\",\"@id\":\"https:\\\/\\\/www.amstelprinting.nl\\\/fr\\\/#website\",\"url\":\"https:\\\/\\\/www.amstelprinting.nl\\\/fr\\\/\",\"name\":\"Amstel Printing\",\"description\":\"Creating Exposure\",\"publisher\":{\"@id\":\"https:\\\/\\\/www.amstelprinting.nl\\\/fr\\\/#organization\"},\"potentialAction\":[{\"@type\":\"SearchAction\",\"target\":{\"@type\":\"EntryPoint\",\"urlTemplate\":\"https:\\\/\\\/www.amstelprinting.nl\\\/fr\\\/?s={search_term_string}\"},\"query-input\":{\"@type\":\"PropertyValueSpecification\",\"valueRequired\":true,\"valueName\":\"search_term_string\"}}],\"inLanguage\":\"fr-FR\"},{\"@type\":\"Organization\",\"@id\":\"https:\\\/\\\/www.amstelprinting.nl\\\/fr\\\/#organization\",\"name\":\"Amstel Printing\",\"url\":\"https:\\\/\\\/www.amstelprinting.nl\\\/fr\\\/\",\"logo\":{\"@type\":\"ImageObject\",\"inLanguage\":\"fr-FR\",\"@id\":\"https:\\\/\\\/www.amstelprinting.nl\\\/fr\\\/#\\\/schema\\\/logo\\\/image\\\/\",\"url\":\"https:\\\/\\\/www.amstelprinting.nl\\\/wp-content\\\/uploads\\\/amstel_printing_logo_clean.png\",\"contentUrl\":\"https:\\\/\\\/www.amstelprinting.nl\\\/wp-content\\\/uploads\\\/amstel_printing_logo_clean.png\",\"width\":324,\"height\":73,\"caption\":\"Amstel Printing\"},\"image\":{\"@id\":\"https:\\\/\\\/www.amstelprinting.nl\\\/fr\\\/#\\\/schema\\\/logo\\\/image\\\/\"}}]}<\/script>\n<!-- \/ Yoast SEO plugin. -->","yoast_head_json":{"title":"Autocollants en rouleau - Autocollants sur mesure durables de haute qualit\u00e9","description":"Commandez vos autocollants en rouleau \u00e0 partir de 1 rouleau avec divers mat\u00e9riaux et laminats. Livraison rapide, parfait pour la promotion et le branding.","robots":{"index":"index","follow":"follow","max-snippet":"max-snippet:-1","max-image-preview":"max-image-preview:large","max-video-preview":"max-video-preview:-1"},"canonical":"https:\/\/www.amstelprinting.nl\/fr\/boutique\/autocollants-et-impression\/petits-autocollants\/autocollants-en-rouleau\/","og_locale":"fr_FR","og_type":"article","og_title":"Autocollants en rouleau - Autocollants sur mesure durables de haute qualit\u00e9","og_description":"Commandez vos autocollants en rouleau \u00e0 partir de 1 rouleau avec divers mat\u00e9riaux et laminats. Livraison rapide, parfait pour la promotion et le branding.","og_url":"https:\/\/www.amstelprinting.nl\/fr\/boutique\/autocollants-et-impression\/petits-autocollants\/autocollants-en-rouleau\/","og_site_name":"Amstel Printing","article_modified_time":"2026-02-18T11:52:00+00:00","og_image":[{"width":700,"height":700,"url":"https:\/\/www.amstelprinting.nl\/wp-content\/uploads\/Stickers-op-rol.jpg","type":"image\/jpeg"}],"twitter_card":"summary_large_image","twitter_misc":{"Dur\u00e9e de lecture estim\u00e9e":"4 minutes"},"schema":{"@context":"https:\/\/schema.org","@graph":[{"@type":"WebPage","@id":"https:\/\/www.amstelprinting.nl\/fr\/boutique\/autocollants-et-impression\/petits-autocollants\/autocollants-en-rouleau\/","url":"https:\/\/www.amstelprinting.nl\/fr\/boutique\/autocollants-et-impression\/petits-autocollants\/autocollants-en-rouleau\/","name":"Autocollants en rouleau - Autocollants sur mesure durables de haute qualit\u00e9","isPartOf":{"@id":"https:\/\/www.amstelprinting.nl\/fr\/#website"},"primaryImageOfPage":{"@id":"https:\/\/www.amstelprinting.nl\/fr\/boutique\/autocollants-et-impression\/petits-autocollants\/autocollants-en-rouleau\/#primaryimage"},"image":{"@id":"https:\/\/www.amstelprinting.nl\/fr\/boutique\/autocollants-et-impression\/petits-autocollants\/autocollants-en-rouleau\/#primaryimage"},"thumbnailUrl":"https:\/\/www.amstelprinting.nl\/wp-content\/uploads\/Stickers-op-rol.jpg","datePublished":"2025-01-23T19:44:01+00:00","dateModified":"2026-02-18T11:52:00+00:00","description":"Commandez vos autocollants en rouleau \u00e0 partir de 1 rouleau avec divers mat\u00e9riaux et laminats. Livraison rapide, parfait pour la promotion et le branding.","breadcrumb":{"@id":"https:\/\/www.amstelprinting.nl\/fr\/boutique\/autocollants-et-impression\/petits-autocollants\/autocollants-en-rouleau\/#breadcrumb"},"inLanguage":"fr-FR","potentialAction":[{"@type":"ReadAction","target":["https:\/\/www.amstelprinting.nl\/fr\/boutique\/autocollants-et-impression\/petits-autocollants\/autocollants-en-rouleau\/"]}]},{"@type":"ImageObject","inLanguage":"fr-FR","@id":"https:\/\/www.amstelprinting.nl\/fr\/boutique\/autocollants-et-impression\/petits-autocollants\/autocollants-en-rouleau\/#primaryimage","url":"https:\/\/www.amstelprinting.nl\/wp-content\/uploads\/Stickers-op-rol.jpg","contentUrl":"https:\/\/www.amstelprinting.nl\/wp-content\/uploads\/Stickers-op-rol.jpg","width":700,"height":700},{"@type":"BreadcrumbList","@id":"https:\/\/www.amstelprinting.nl\/fr\/boutique\/autocollants-et-impression\/petits-autocollants\/autocollants-en-rouleau\/#breadcrumb","itemListElement":[{"@type":"ListItem","position":1,"name":"","item":"https:\/\/www.amstelprinting.nl\/fr\/"},{"@type":"ListItem","position":2,"name":"Amstel Printing","item":"https:\/\/www.amstelprinting.nl\/fr\/boutique\/"},{"@type":"ListItem","position":3,"name":"Autocollants et impression","item":"https:\/\/www.amstelprinting.nl\/fr\/categorie\/autocollants-et-impression\/"},{"@type":"ListItem","position":4,"name":"Petits autocollants","item":"https:\/\/www.amstelprinting.nl\/fr\/categorie\/autocollants-et-impression\/petits-autocollants\/"},{"@type":"ListItem","position":5,"name":"Autocollants en rouleau"}]},{"@type":"WebSite","@id":"https:\/\/www.amstelprinting.nl\/fr\/#website","url":"https:\/\/www.amstelprinting.nl\/fr\/","name":"Amstel Printing","description":"Creating Exposure","publisher":{"@id":"https:\/\/www.amstelprinting.nl\/fr\/#organization"},"potentialAction":[{"@type":"SearchAction","target":{"@type":"EntryPoint","urlTemplate":"https:\/\/www.amstelprinting.nl\/fr\/?s={search_term_string}"},"query-input":{"@type":"PropertyValueSpecification","valueRequired":true,"valueName":"search_term_string"}}],"inLanguage":"fr-FR"},{"@type":"Organization","@id":"https:\/\/www.amstelprinting.nl\/fr\/#organization","name":"Amstel Printing","url":"https:\/\/www.amstelprinting.nl\/fr\/","logo":{"@type":"ImageObject","inLanguage":"fr-FR","@id":"https:\/\/www.amstelprinting.nl\/fr\/#\/schema\/logo\/image\/","url":"https:\/\/www.amstelprinting.nl\/wp-content\/uploads\/amstel_printing_logo_clean.png","contentUrl":"https:\/\/www.amstelprinting.nl\/wp-content\/uploads\/amstel_printing_logo_clean.png","width":324,"height":73,"caption":"Amstel Printing"},"image":{"@id":"https:\/\/www.amstelprinting.nl\/fr\/#\/schema\/logo\/image\/"}}]}},"_links":{"self":[{"href":"https:\/\/www.amstelprinting.nl\/fr\/wp-json\/wp\/v2\/product\/15733","targetHints":{"allow":["GET"]}}],"collection":[{"href":"https:\/\/www.amstelprinting.nl\/fr\/wp-json\/wp\/v2\/product"}],"about":[{"href":"https:\/\/www.amstelprinting.nl\/fr\/wp-json\/wp\/v2\/types\/product"}],"wp:featuredmedia":[{"embeddable":true,"href":"https:\/\/www.amstelprinting.nl\/fr\/wp-json\/wp\/v2\/media\/15735"}],"wp:attachment":[{"href":"https:\/\/www.amstelprinting.nl\/fr\/wp-json\/wp\/v2\/media?parent=15733"}],"wp:term":[{"taxonomy":"product_brand","embeddable":true,"href":"https:\/\/www.amstelprinting.nl\/fr\/wp-json\/wp\/v2\/product_brand?post=15733"},{"taxonomy":"product_cat","embeddable":true,"href":"https:\/\/www.amstelprinting.nl\/fr\/wp-json\/wp\/v2\/product_cat?post=15733"},{"taxonomy":"product_tag","embeddable":true,"href":"https:\/\/www.amstelprinting.nl\/fr\/wp-json\/wp\/v2\/product_tag?post=15733"}],"curies":[{"name":"wp","href":"https:\/\/api.w.org\/{rel}","templated":true}]}}