{"id":15748,"date":"2025-01-23T20:43:55","date_gmt":"2025-01-23T19:43:55","guid":{"rendered":"https:\/\/www.amstelprinting.nl\/winkel\/non%20class\u00e9\/etiketten-gestanst\/"},"modified":"2026-02-18T12:52:00","modified_gmt":"2026-02-18T11:52:00","slug":"etiquettes-decoupees","status":"publish","type":"product","link":"https:\/\/www.amstelprinting.nl\/fr\/boutique\/autocollants-et-impression\/petits-autocollants\/etiquettes-decoupees\/","title":{"rendered":"\u00c9tiquettes &#8211; d\u00e9coup\u00e9es"},"content":{"rendered":"<h3>Commander des \u00c9tiquettes D\u00e9coup\u00e9es &#8211; Prix avantageux (\u00e0 partir de 10 000 pi\u00e8ces)<\/h3>\n<p>Utilisez-vous une \u00e9tiqueteuse ? Les \u00e9tiquettes d\u00e9coup\u00e9es sont alors le choix id\u00e9al. La diff\u00e9rence entre la d\u00e9coupe laser et la d\u00e9coupe \u00e0 l&#8217;emporte-pi\u00e8ce ? Avec le laser, nous br\u00fblons les bords des \u00e9tiquettes, ce qui peut entra\u00eener des accumulations de colle sur les bords. Ce n&rsquo;est pas un probl\u00e8me pour une application manuelle, mais les machines peuvent se bloquer \u00e0 cause de cela. La d\u00e9coupe \u00e0 l&#8217;emporte-pi\u00e8ce offre une solution : avec une forme de d\u00e9coupe sur mesure, nous d\u00e9coupons les \u00e9tiquettes sous pression d&rsquo;air, sans accumulations. Nos \u00e9tiquettes d\u00e9coup\u00e9es sont disponibles \u00e0 partir d&rsquo;une quantit\u00e9 minimale de 10 000 pi\u00e8ces.<\/p>\n<h3>Quantit\u00e9 inf\u00e9rieure ?<\/h3>\n<p>Pour les petites commandes, vous pouvez consulter la <a href=\"https:\/\/www.amstelprinting.nl\/fr\/boutique\/autocollants-et-impression\/petits-autocollants\/etiquettes\/\">page produit \u00c9tiquettes<\/a> (la quantit\u00e9 minimale est de 1,5 m\u00b2).<\/p>\n<h3>Avantages<\/h3>\n<ul>\n<li>Ultra haute r\u00e9solution gr\u00e2ce \u00e0 la Durst Tau 330<\/li>\n<li>Disponible en grands formats jusqu&rsquo;\u00e0 47 x 30 cm<\/li>\n<li>Choix parmi 6 mat\u00e9riaux populaires et 3 lamin\u00e9s<\/li>\n<li>Encres UV : meilleure protection et une plus longue dur\u00e9e de vie de votre impression<\/li>\n<li>Disponible en formes rectangulaires et rondes<\/li>\n<li>Commandez d\u00e8s 10 000 pi\u00e8ces<\/li>\n<li>Choix d&rsquo;espacements fixes de 3, 4, 5 ou 6 mm<\/li>\n<li>Commandez de petites quantit\u00e9s d&rsquo;\u00e9tiquettes via <a href=\"https:\/\/www.amstelprinting.nl\/fr\/boutique\/autocollants-et-impression\/petits-autocollants\/etiquettes\/\">\u00c9tiquettes<\/a><\/li>\n<\/ul>\n<p>&nbsp;<\/p>\n<h3>Mat\u00e9riaux<\/h3>\n<ul>\n<li><strong>Film blanc (PP) &#8211; Permanent<\/strong> : Un film sans PVC, adapt\u00e9 aux applications int\u00e9rieures et ext\u00e9rieures.<\/li>\n<li><strong>Papier<\/strong> : Disponible en mat ou brillant avec une couche adh\u00e9sive permanente. Ce papier autocollant, certifi\u00e9 FSC, offre un aspect \u00e9l\u00e9gant et est id\u00e9al pour les applications \u00e0 long terme.<\/li>\n<li><strong>Film transparent durable<\/strong> : Fabriqu\u00e9 en plastique recyclable, avec une couche adh\u00e9sive permanente, parfait pour les applications respectueuses de l&rsquo;environnement.<\/li>\n<li><strong>Film transparent &#8211; Permanent<\/strong> : Ce film sans PVC convient aux applications int\u00e9rieures et ext\u00e9rieures et offre un aspect subtil.<\/li>\n<\/ul>\n<p>&nbsp;<\/p>\n<h3>Finition<\/h3>\n<p>Nos \u00e9tiquettes d\u00e9coup\u00e9es offrent des options polyvalentes pour r\u00e9pondre \u00e0 vos besoins sp\u00e9cifiques. L&rsquo;enroulement du rouleau peut \u00eatre tourn\u00e9 vers l&rsquo;int\u00e9rieur ou l&rsquo;ext\u00e9rieur et peut \u00eatre pivot\u00e9 \u00e0 0, 90, 180 ou 270 degr\u00e9s. Choisissez un film transparent avec la possibilit\u00e9 d&rsquo;un affichage normal ou en miroir. Pour plus de clart\u00e9, vous pouvez choisir une couche de quadrichromie ou quadrichromie avec une couche de blanc.<\/p>\n<p>Prot\u00e9gez vos \u00e9tiquettes avec un lamin\u00e9 brillant, anti-UV ou mat, disponible pour tous les mat\u00e9riaux. Les \u00e9tiquettes sont plac\u00e9es sur le rouleau avec un espacement de 3 cm, ce qui assure une s\u00e9paration facile et un confort d&rsquo;utilisation. De plus, les \u00e9tiquettes sont disponibles en formes carr\u00e9es, rectangulaires ou rondes, adapt\u00e9es \u00e0 vos besoins de conception sp\u00e9cifiques. Choisissez des \u00e9tiquettes d\u00e9coup\u00e9es et d\u00e9couvrez les avantages d&rsquo;un traitement sans faille dans votre \u00e9tiqueteuse.<\/p>\n","protected":false},"excerpt":{"rendered":"<h3>En forme rectangulaire ou ronde, \u00e9conomique d\u00e8s 10 000 pi\u00e8ces.<\/h3>\n<p>Utilisez-vous une \u00e9tiqueteuse ? Les \u00e9tiquettes d\u00e9coup\u00e9es sont alors le choix id\u00e9al. La diff\u00e9rence entre la d\u00e9coupe laser et la d\u00e9coupe \u00e0 l&#8217;emporte-pi\u00e8ce ? Avec le laser, nous br\u00fblons les bords des \u00e9tiquettes, ce qui peut entra\u00eener des accumulations de colle sur les bords. Ce n&rsquo;est pas un probl\u00e8me pour une application manuelle, mais les machines peuvent se bloquer \u00e0 cause de cela. La d\u00e9coupe \u00e0 l&#8217;emporte-pi\u00e8ce offre une solution : avec une forme de d\u00e9coupe sur mesure, nous d\u00e9coupons les \u00e9tiquettes sous pression d&rsquo;air, sans accumulations. Nos \u00e9tiquettes d\u00e9coup\u00e9es sont disponibles \u00e0 partir d&rsquo;une quantit\u00e9 minimale de 10 000 pi\u00e8ces.<\/p>\n","protected":false},"featured_media":15750,"template":"","meta":{"_et_pb_use_builder":"","_et_pb_old_content":"","_et_gb_content_width":""},"product_brand":[],"product_cat":[642,312,635],"product_tag":[],"class_list":{"0":"post-15748","1":"product","2":"type-product","3":"status-publish","4":"has-post-thumbnail","6":"product_cat-autocollants-en-rouleau","7":"product_cat-autocollants-et-impression","8":"product_cat-petits-autocollants","10":"first","11":"instock","12":"taxable","13":"shipping-taxable","14":"purchasable","15":"product-type-simple"},"yoast_head":"<!-- This site is optimized with the Yoast SEO plugin v27.3 - https:\/\/yoast.com\/product\/yoast-seo-wordpress\/ -->\n<title>\u00c9tiquettes d\u00e9coup\u00e9es \u00e0 partir de 10 000 pi\u00e8ces - Durables et de Qualit\u00e9<\/title>\n<meta name=\"description\" content=\"\u00c9tiquettes d\u00e9coup\u00e9es avec pr\u00e9cision. \u00c9vitez les bourrages machine et les accumulations de colle. Choisissez parmi divers mat\u00e9riaux, formats et finitions.\" \/>\n<meta name=\"robots\" content=\"index, follow, max-snippet:-1, max-image-preview:large, max-video-preview:-1\" \/>\n<link rel=\"canonical\" href=\"https:\/\/www.amstelprinting.nl\/fr\/boutique\/autocollants-et-impression\/petits-autocollants\/etiquettes-decoupees\/\" \/>\n<meta property=\"og:locale\" content=\"fr_FR\" \/>\n<meta property=\"og:type\" content=\"article\" \/>\n<meta property=\"og:title\" content=\"\u00c9tiquettes d\u00e9coup\u00e9es \u00e0 partir de 10 000 pi\u00e8ces - Durables et de Qualit\u00e9\" \/>\n<meta property=\"og:description\" content=\"\u00c9tiquettes d\u00e9coup\u00e9es avec pr\u00e9cision. \u00c9vitez les bourrages machine et les accumulations de colle. Choisissez parmi divers mat\u00e9riaux, formats et finitions.\" \/>\n<meta property=\"og:url\" content=\"https:\/\/www.amstelprinting.nl\/fr\/boutique\/autocollants-et-impression\/petits-autocollants\/etiquettes-decoupees\/\" \/>\n<meta property=\"og:site_name\" content=\"Amstel Printing\" \/>\n<meta property=\"article:modified_time\" content=\"2026-02-18T11:52:00+00:00\" \/>\n<meta property=\"og:image\" content=\"https:\/\/www.amstelprinting.nl\/wp-content\/uploads\/Etiketten-gestanst.jpg\" \/>\n\t<meta property=\"og:image:width\" content=\"700\" \/>\n\t<meta property=\"og:image:height\" content=\"700\" \/>\n\t<meta property=\"og:image:type\" content=\"image\/jpeg\" \/>\n<meta name=\"twitter:card\" content=\"summary_large_image\" \/>\n<meta name=\"twitter:label1\" content=\"Dur\u00e9e de lecture estim\u00e9e\" \/>\n\t<meta name=\"twitter:data1\" content=\"2 minutes\" \/>\n<script type=\"application\/ld+json\" class=\"yoast-schema-graph\">{\"@context\":\"https:\\\/\\\/schema.org\",\"@graph\":[{\"@type\":\"WebPage\",\"@id\":\"https:\\\/\\\/www.amstelprinting.nl\\\/fr\\\/boutique\\\/autocollants-et-impression\\\/petits-autocollants\\\/etiquettes-decoupees\\\/\",\"url\":\"https:\\\/\\\/www.amstelprinting.nl\\\/fr\\\/boutique\\\/autocollants-et-impression\\\/petits-autocollants\\\/etiquettes-decoupees\\\/\",\"name\":\"\u00c9tiquettes d\u00e9coup\u00e9es \u00e0 partir de 10 000 pi\u00e8ces - Durables et de Qualit\u00e9\",\"isPartOf\":{\"@id\":\"https:\\\/\\\/www.amstelprinting.nl\\\/fr\\\/#website\"},\"primaryImageOfPage\":{\"@id\":\"https:\\\/\\\/www.amstelprinting.nl\\\/fr\\\/boutique\\\/autocollants-et-impression\\\/petits-autocollants\\\/etiquettes-decoupees\\\/#primaryimage\"},\"image\":{\"@id\":\"https:\\\/\\\/www.amstelprinting.nl\\\/fr\\\/boutique\\\/autocollants-et-impression\\\/petits-autocollants\\\/etiquettes-decoupees\\\/#primaryimage\"},\"thumbnailUrl\":\"https:\\\/\\\/www.amstelprinting.nl\\\/wp-content\\\/uploads\\\/Etiketten-gestanst.jpg\",\"datePublished\":\"2025-01-23T19:43:55+00:00\",\"dateModified\":\"2026-02-18T11:52:00+00:00\",\"description\":\"\u00c9tiquettes d\u00e9coup\u00e9es avec pr\u00e9cision. \u00c9vitez les bourrages machine et les accumulations de colle. Choisissez parmi divers mat\u00e9riaux, formats et finitions.\",\"breadcrumb\":{\"@id\":\"https:\\\/\\\/www.amstelprinting.nl\\\/fr\\\/boutique\\\/autocollants-et-impression\\\/petits-autocollants\\\/etiquettes-decoupees\\\/#breadcrumb\"},\"inLanguage\":\"fr-FR\",\"potentialAction\":[{\"@type\":\"ReadAction\",\"target\":[\"https:\\\/\\\/www.amstelprinting.nl\\\/fr\\\/boutique\\\/autocollants-et-impression\\\/petits-autocollants\\\/etiquettes-decoupees\\\/\"]}]},{\"@type\":\"ImageObject\",\"inLanguage\":\"fr-FR\",\"@id\":\"https:\\\/\\\/www.amstelprinting.nl\\\/fr\\\/boutique\\\/autocollants-et-impression\\\/petits-autocollants\\\/etiquettes-decoupees\\\/#primaryimage\",\"url\":\"https:\\\/\\\/www.amstelprinting.nl\\\/wp-content\\\/uploads\\\/Etiketten-gestanst.jpg\",\"contentUrl\":\"https:\\\/\\\/www.amstelprinting.nl\\\/wp-content\\\/uploads\\\/Etiketten-gestanst.jpg\",\"width\":700,\"height\":700},{\"@type\":\"BreadcrumbList\",\"@id\":\"https:\\\/\\\/www.amstelprinting.nl\\\/fr\\\/boutique\\\/autocollants-et-impression\\\/petits-autocollants\\\/etiquettes-decoupees\\\/#breadcrumb\",\"itemListElement\":[{\"@type\":\"ListItem\",\"position\":1,\"name\":\"\",\"item\":\"https:\\\/\\\/www.amstelprinting.nl\\\/fr\\\/\"},{\"@type\":\"ListItem\",\"position\":2,\"name\":\"Amstel Printing\",\"item\":\"https:\\\/\\\/www.amstelprinting.nl\\\/fr\\\/boutique\\\/\"},{\"@type\":\"ListItem\",\"position\":3,\"name\":\"Autocollants et impression\",\"item\":\"https:\\\/\\\/www.amstelprinting.nl\\\/fr\\\/categorie\\\/autocollants-et-impression\\\/\"},{\"@type\":\"ListItem\",\"position\":4,\"name\":\"Petits autocollants\",\"item\":\"https:\\\/\\\/www.amstelprinting.nl\\\/fr\\\/categorie\\\/autocollants-et-impression\\\/petits-autocollants\\\/\"},{\"@type\":\"ListItem\",\"position\":5,\"name\":\"\u00c9tiquettes &#8211; d\u00e9coup\u00e9es\"}]},{\"@type\":\"WebSite\",\"@id\":\"https:\\\/\\\/www.amstelprinting.nl\\\/fr\\\/#website\",\"url\":\"https:\\\/\\\/www.amstelprinting.nl\\\/fr\\\/\",\"name\":\"Amstel Printing\",\"description\":\"Creating Exposure\",\"publisher\":{\"@id\":\"https:\\\/\\\/www.amstelprinting.nl\\\/fr\\\/#organization\"},\"potentialAction\":[{\"@type\":\"SearchAction\",\"target\":{\"@type\":\"EntryPoint\",\"urlTemplate\":\"https:\\\/\\\/www.amstelprinting.nl\\\/fr\\\/?s={search_term_string}\"},\"query-input\":{\"@type\":\"PropertyValueSpecification\",\"valueRequired\":true,\"valueName\":\"search_term_string\"}}],\"inLanguage\":\"fr-FR\"},{\"@type\":\"Organization\",\"@id\":\"https:\\\/\\\/www.amstelprinting.nl\\\/fr\\\/#organization\",\"name\":\"Amstel Printing\",\"url\":\"https:\\\/\\\/www.amstelprinting.nl\\\/fr\\\/\",\"logo\":{\"@type\":\"ImageObject\",\"inLanguage\":\"fr-FR\",\"@id\":\"https:\\\/\\\/www.amstelprinting.nl\\\/fr\\\/#\\\/schema\\\/logo\\\/image\\\/\",\"url\":\"https:\\\/\\\/www.amstelprinting.nl\\\/wp-content\\\/uploads\\\/amstel_printing_logo_clean.png\",\"contentUrl\":\"https:\\\/\\\/www.amstelprinting.nl\\\/wp-content\\\/uploads\\\/amstel_printing_logo_clean.png\",\"width\":324,\"height\":73,\"caption\":\"Amstel Printing\"},\"image\":{\"@id\":\"https:\\\/\\\/www.amstelprinting.nl\\\/fr\\\/#\\\/schema\\\/logo\\\/image\\\/\"}}]}<\/script>\n<!-- \/ Yoast SEO plugin. -->","yoast_head_json":{"title":"\u00c9tiquettes d\u00e9coup\u00e9es \u00e0 partir de 10 000 pi\u00e8ces - Durables et de Qualit\u00e9","description":"\u00c9tiquettes d\u00e9coup\u00e9es avec pr\u00e9cision. \u00c9vitez les bourrages machine et les accumulations de colle. Choisissez parmi divers mat\u00e9riaux, formats et finitions.","robots":{"index":"index","follow":"follow","max-snippet":"max-snippet:-1","max-image-preview":"max-image-preview:large","max-video-preview":"max-video-preview:-1"},"canonical":"https:\/\/www.amstelprinting.nl\/fr\/boutique\/autocollants-et-impression\/petits-autocollants\/etiquettes-decoupees\/","og_locale":"fr_FR","og_type":"article","og_title":"\u00c9tiquettes d\u00e9coup\u00e9es \u00e0 partir de 10 000 pi\u00e8ces - Durables et de Qualit\u00e9","og_description":"\u00c9tiquettes d\u00e9coup\u00e9es avec pr\u00e9cision. \u00c9vitez les bourrages machine et les accumulations de colle. Choisissez parmi divers mat\u00e9riaux, formats et finitions.","og_url":"https:\/\/www.amstelprinting.nl\/fr\/boutique\/autocollants-et-impression\/petits-autocollants\/etiquettes-decoupees\/","og_site_name":"Amstel Printing","article_modified_time":"2026-02-18T11:52:00+00:00","og_image":[{"width":700,"height":700,"url":"https:\/\/www.amstelprinting.nl\/wp-content\/uploads\/Etiketten-gestanst.jpg","type":"image\/jpeg"}],"twitter_card":"summary_large_image","twitter_misc":{"Dur\u00e9e de lecture estim\u00e9e":"2 minutes"},"schema":{"@context":"https:\/\/schema.org","@graph":[{"@type":"WebPage","@id":"https:\/\/www.amstelprinting.nl\/fr\/boutique\/autocollants-et-impression\/petits-autocollants\/etiquettes-decoupees\/","url":"https:\/\/www.amstelprinting.nl\/fr\/boutique\/autocollants-et-impression\/petits-autocollants\/etiquettes-decoupees\/","name":"\u00c9tiquettes d\u00e9coup\u00e9es \u00e0 partir de 10 000 pi\u00e8ces - Durables et de Qualit\u00e9","isPartOf":{"@id":"https:\/\/www.amstelprinting.nl\/fr\/#website"},"primaryImageOfPage":{"@id":"https:\/\/www.amstelprinting.nl\/fr\/boutique\/autocollants-et-impression\/petits-autocollants\/etiquettes-decoupees\/#primaryimage"},"image":{"@id":"https:\/\/www.amstelprinting.nl\/fr\/boutique\/autocollants-et-impression\/petits-autocollants\/etiquettes-decoupees\/#primaryimage"},"thumbnailUrl":"https:\/\/www.amstelprinting.nl\/wp-content\/uploads\/Etiketten-gestanst.jpg","datePublished":"2025-01-23T19:43:55+00:00","dateModified":"2026-02-18T11:52:00+00:00","description":"\u00c9tiquettes d\u00e9coup\u00e9es avec pr\u00e9cision. \u00c9vitez les bourrages machine et les accumulations de colle. Choisissez parmi divers mat\u00e9riaux, formats et finitions.","breadcrumb":{"@id":"https:\/\/www.amstelprinting.nl\/fr\/boutique\/autocollants-et-impression\/petits-autocollants\/etiquettes-decoupees\/#breadcrumb"},"inLanguage":"fr-FR","potentialAction":[{"@type":"ReadAction","target":["https:\/\/www.amstelprinting.nl\/fr\/boutique\/autocollants-et-impression\/petits-autocollants\/etiquettes-decoupees\/"]}]},{"@type":"ImageObject","inLanguage":"fr-FR","@id":"https:\/\/www.amstelprinting.nl\/fr\/boutique\/autocollants-et-impression\/petits-autocollants\/etiquettes-decoupees\/#primaryimage","url":"https:\/\/www.amstelprinting.nl\/wp-content\/uploads\/Etiketten-gestanst.jpg","contentUrl":"https:\/\/www.amstelprinting.nl\/wp-content\/uploads\/Etiketten-gestanst.jpg","width":700,"height":700},{"@type":"BreadcrumbList","@id":"https:\/\/www.amstelprinting.nl\/fr\/boutique\/autocollants-et-impression\/petits-autocollants\/etiquettes-decoupees\/#breadcrumb","itemListElement":[{"@type":"ListItem","position":1,"name":"","item":"https:\/\/www.amstelprinting.nl\/fr\/"},{"@type":"ListItem","position":2,"name":"Amstel Printing","item":"https:\/\/www.amstelprinting.nl\/fr\/boutique\/"},{"@type":"ListItem","position":3,"name":"Autocollants et impression","item":"https:\/\/www.amstelprinting.nl\/fr\/categorie\/autocollants-et-impression\/"},{"@type":"ListItem","position":4,"name":"Petits autocollants","item":"https:\/\/www.amstelprinting.nl\/fr\/categorie\/autocollants-et-impression\/petits-autocollants\/"},{"@type":"ListItem","position":5,"name":"\u00c9tiquettes &#8211; d\u00e9coup\u00e9es"}]},{"@type":"WebSite","@id":"https:\/\/www.amstelprinting.nl\/fr\/#website","url":"https:\/\/www.amstelprinting.nl\/fr\/","name":"Amstel Printing","description":"Creating Exposure","publisher":{"@id":"https:\/\/www.amstelprinting.nl\/fr\/#organization"},"potentialAction":[{"@type":"SearchAction","target":{"@type":"EntryPoint","urlTemplate":"https:\/\/www.amstelprinting.nl\/fr\/?s={search_term_string}"},"query-input":{"@type":"PropertyValueSpecification","valueRequired":true,"valueName":"search_term_string"}}],"inLanguage":"fr-FR"},{"@type":"Organization","@id":"https:\/\/www.amstelprinting.nl\/fr\/#organization","name":"Amstel Printing","url":"https:\/\/www.amstelprinting.nl\/fr\/","logo":{"@type":"ImageObject","inLanguage":"fr-FR","@id":"https:\/\/www.amstelprinting.nl\/fr\/#\/schema\/logo\/image\/","url":"https:\/\/www.amstelprinting.nl\/wp-content\/uploads\/amstel_printing_logo_clean.png","contentUrl":"https:\/\/www.amstelprinting.nl\/wp-content\/uploads\/amstel_printing_logo_clean.png","width":324,"height":73,"caption":"Amstel Printing"},"image":{"@id":"https:\/\/www.amstelprinting.nl\/fr\/#\/schema\/logo\/image\/"}}]}},"_links":{"self":[{"href":"https:\/\/www.amstelprinting.nl\/fr\/wp-json\/wp\/v2\/product\/15748","targetHints":{"allow":["GET"]}}],"collection":[{"href":"https:\/\/www.amstelprinting.nl\/fr\/wp-json\/wp\/v2\/product"}],"about":[{"href":"https:\/\/www.amstelprinting.nl\/fr\/wp-json\/wp\/v2\/types\/product"}],"wp:featuredmedia":[{"embeddable":true,"href":"https:\/\/www.amstelprinting.nl\/fr\/wp-json\/wp\/v2\/media\/15750"}],"wp:attachment":[{"href":"https:\/\/www.amstelprinting.nl\/fr\/wp-json\/wp\/v2\/media?parent=15748"}],"wp:term":[{"taxonomy":"product_brand","embeddable":true,"href":"https:\/\/www.amstelprinting.nl\/fr\/wp-json\/wp\/v2\/product_brand?post=15748"},{"taxonomy":"product_cat","embeddable":true,"href":"https:\/\/www.amstelprinting.nl\/fr\/wp-json\/wp\/v2\/product_cat?post=15748"},{"taxonomy":"product_tag","embeddable":true,"href":"https:\/\/www.amstelprinting.nl\/fr\/wp-json\/wp\/v2\/product_tag?post=15748"}],"curies":[{"name":"wp","href":"https:\/\/api.w.org\/{rel}","templated":true}]}}