{"id":15763,"date":"2025-01-23T20:43:48","date_gmt":"2025-01-23T19:43:48","guid":{"rendered":"https:\/\/www.amstelprinting.nl\/winkel\/non%20class\u00e9\/etiketten\/"},"modified":"2026-02-18T12:52:01","modified_gmt":"2026-02-18T11:52:01","slug":"etiquettes","status":"publish","type":"product","link":"https:\/\/www.amstelprinting.nl\/fr\/boutique\/autocollants-et-impression\/petits-autocollants\/etiquettes\/","title":{"rendered":"\u00c9tiquettes"},"content":{"rendered":"<h3>Commander des \u00e9tiquettes<\/h3>\n<p>Nos \u00e9tiquettes offrent une excellente qualit\u00e9 gr\u00e2ce \u00e0 la r\u00e9solution ultra \u00e9lev\u00e9e de l&rsquo;imprimante Durst Tau 330. Elles sont disponibles dans de grands formats jusqu&rsquo;\u00e0 97 x 30 cm. Nos \u00e9tiquettes peuvent \u00eatre adapt\u00e9es \u00e0 vos besoins gr\u00e2ce au choix de 6 mat\u00e9riaux populaires et 3 lamin\u00e9s. Les encres UV assurent une protection durable et une dur\u00e9e de vie prolong\u00e9e de votre impression. Gr\u00e2ce \u00e0 la d\u00e9coupe laser, nous pouvons livrer des \u00e9tiquettes dans n&rsquo;importe quelle forme. De plus, aucun frais de mise en route n&rsquo;est factur\u00e9 et vous pouvez commander d\u00e8s 1,5 m\u00b2.<\/p>\n<h3>Pourquoi imprimer des \u00e9tiquettes ?<\/h3>\n<ul>\n<li>R\u00e9solution ultra \u00e9lev\u00e9e gr\u00e2ce \u00e0 la Durst Tau 330<\/li>\n<li>Disponible en grands formats jusqu&rsquo;\u00e0 97 x 30 cm<\/li>\n<li>Choix parmi 6 mat\u00e9riaux populaires et 3 lamin\u00e9s<\/li>\n<li>Les encres UV assurent une meilleure protection et une dur\u00e9e de vie plus longue de votre impression<\/li>\n<li>Disponible dans n&rsquo;importe quelle forme gr\u00e2ce \u00e0 la d\u00e9coupe laser<\/li>\n<li>Aucun frais de mise en route gr\u00e2ce \u00e0 l&rsquo;utilisation de la d\u00e9coupe laser<\/li>\n<li>Commandez d\u00e8s 1,5 m\u00b2<\/li>\n<li>Choix d&rsquo;espacements fixes de 3, 4, 5 ou 6 mm<\/li>\n<li>Commandez des \u00e9tiquettes pr\u00e9d\u00e9coup\u00e9es \u00e0 prix avantageux via \u00c9tiquettes &#8211; pr\u00e9d\u00e9coup\u00e9es<\/li>\n<\/ul>\n<p>&nbsp;<\/p>\n<h3>CONSEIL : \u00c9conomisez avec des \u00e9tiquettes pr\u00e9d\u00e9coup\u00e9es<\/h3>\n<p>Pour une option plus \u00e9conomique, vous pouvez \u00e9galement <a href=\"https:\/\/www.amstelprinting.nl\/fr\/boutique\/autocollants-et-impression\/petits-autocollants\/etiquettes-decoupees\/\">commander des \u00e9tiquettes pr\u00e9d\u00e9coup\u00e9es<\/a>.<\/p>\n<h3>Mat\u00e9riaux<\/h3>\n<p>Le sens d&rsquo;enroulement peut \u00eatre vers l&rsquo;int\u00e9rieur ou vers l&rsquo;ext\u00e9rieur et peut \u00eatre orient\u00e9 \u00e0 0, 90, 180 ou 270 degr\u00e9s. Nous proposons une large gamme de mat\u00e9riaux pour nos \u00e9tiquettes.<\/p>\n<ul>\n<li><strong>Film blanc (PP) &#8211; Promotionnel<\/strong> : Ce film sans PVC est id\u00e9al pour les applications temporaires, tant \u00e0 l&rsquo;int\u00e9rieur qu&rsquo;\u00e0 l&rsquo;ext\u00e9rieur. Parfait pour les autocollants promotionnels qui durent peu de temps mais conservent un aspect professionnel.<\/li>\n<li><strong>Film blanc (PP) &#8211; Permanent<\/strong> : Pour une solution durable, ce film sans PVC est id\u00e9al pour les applications int\u00e9rieures et ext\u00e9rieures. La couche d&rsquo;adh\u00e9sif permanent assure une adh\u00e9rence de longue dur\u00e9e.<\/li>\n<li><strong>Film blanc (PP) &#8211; Adh\u00e9sion forte<\/strong> : Ce film poss\u00e8de une couche de colle extra forte, adapt\u00e9e aux conditions exigeantes, tant \u00e0 l&rsquo;int\u00e9rieur qu&rsquo;\u00e0 l&rsquo;ext\u00e9rieur, o\u00f9 une adh\u00e9rence maximale est requise.<\/li>\n<li><strong>Papier<\/strong> : Choisissez entre mat ou brillant avec une couche d&rsquo;adh\u00e9sif permanent. Notre papier autocollant certifi\u00e9 FSC offre un aspect \u00e9l\u00e9gant et est id\u00e9al pour les autocollants n\u00e9cessitant une adh\u00e9rence prolong\u00e9e.<\/li>\n<li><strong>Film transparent &#8211; Permanent<\/strong> : Ce film sans PVC est parfait pour les autocollants devant \u00eatre affich\u00e9s discr\u00e8tement, adapt\u00e9 aux applications int\u00e9rieures et ext\u00e9rieures.<\/li>\n<li><strong>Film argent (PP) &#8211; Permanent<\/strong> : Ce film argent\u00e9 sans PVC offre un aspect m\u00e9tallique avec une couche d&rsquo;adh\u00e9sif permanent. Id\u00e9al pour une finition luxueuse, adapt\u00e9 aux applications int\u00e9rieures et ext\u00e9rieures.<\/li>\n<li><strong>Film transparent durable<\/strong> : Fabriqu\u00e9 \u00e0 partir de plastique recycl\u00e9, ce film respectueux de l&rsquo;environnement offre une couche d&rsquo;adh\u00e9sif permanent. Le mat\u00e9riau est facilement recyclable, parfait pour des autocollants durables.<\/li>\n<li><strong>Film transparent &#8211; Promotionnel<\/strong> : Ce film sans PVC est id\u00e9al pour les applications temporaires, en int\u00e9rieur comme en ext\u00e9rieur.<\/li>\n<\/ul>\n<p>&nbsp;<\/p>\n<h3>Finition<\/h3>\n<p>Pour le film transparent, vous avez le choix d&rsquo;afficher l&rsquo;image normalement ou en miroir. De plus, pour ce mat\u00e9riau comme pour le film argent, vous pouvez choisir une couche de couleur (quadri) ou une couche de couleur avec une couche de blanc. En option, vous pouvez choisir pour tous les mat\u00e9riaux un lamin\u00e9, brillant, anti-UV ou mat, pour prot\u00e9ger vos \u00e9tiquettes. Choisissez entre 3 cm, 4 cm ou 5 cm pour d\u00e9terminer la bonne distance entre les stickers sur le rouleau. Les autocollants en rouleau sont disponibles en formes carr\u00e9es\/rectangulaires ou en formes libres pour r\u00e9pondre \u00e0 vos besoins sp\u00e9cifiques en mati\u00e8re de design.<\/p>\n<h3>Accessoires<\/h3>\n<p>Pour simplifier l&rsquo;utilisation et le stockage, vous pouvez ajouter la Label Dispenser Box &#8211; S \u00e0 votre commande. Cette bo\u00eete distributrice d&rsquo;\u00e9tiquettes est destin\u00e9e aux autocollants d&rsquo;une largeur comprise entre 1,5 et 5 cm, d&rsquo;une hauteur de 10 cm avec une longueur maximale de rouleau de 25 m\u00e8tres.<\/p>\n<p>Attention : Il peut y avoir un l\u00e9ger \u00e9cart de 1,5 mm maximum au centre de votre fichier. Minimisez cet effet en n&rsquo;ajoutant pas de cadres inutilement fins autour de votre fichier.<\/p>\n<p>Laissez libre cours \u00e0 votre cr\u00e9ativit\u00e9 et d\u00e9couvrez comment nos \u00e9tiquettes en rouleau peuvent transformer vos id\u00e9es en un \u00e9tiquetage attrayant et fonctionnel.<\/p>\n<h3>Questions fr\u00e9quemment pos\u00e9es<\/h3>\n<p><strong>Puis-je t\u00e9l\u00e9charger plusieurs fichiers avec des images diff\u00e9rentes ?<\/strong><br \/>\nMalheureusement, il n&rsquo;est actuellement pas possible de t\u00e9l\u00e9charger plusieurs fichiers par rouleau. Vous ne pouvez fournir qu&rsquo;un seul fichier par rouleau.<\/p>\n<p><strong>Quel est le diam\u00e8tre du mandrin du rouleau ?<\/strong><br \/>\nNous travaillons par d\u00e9faut avec un diam\u00e8tre de mandrin de 7,6 cm.<\/p>\n<p><strong>Puis-je commander des autocollants dor\u00e9s chez vous ?<\/strong><br \/>\nDans notre gamme de produits sp\u00e9ciaux, nous ne proposons que du film argent\u00e9. En imprimant la combinaison de couleurs C 20 &#8211; M 25 &#8211; Y 60 &#8211; K 25 sur le film argent, votre autocollant prendra un aspect dor\u00e9 avec l&rsquo;effet brillant du film argent.<\/p>\n<p><strong>Comment retirer mon autocollant ?<\/strong><br \/>\nLes autocollants promotionnels ont une couche d&rsquo;adh\u00e9sif amovible et peuvent normalement \u00eatre retir\u00e9s facilement sans laisser de r\u00e9sidus de colle. S&rsquo;il reste des r\u00e9sidus de colle, vous pouvez les enlever facilement avec un nettoyant tout usage ou du liquide vaisselle. Les autocollants \u00e0 adh\u00e9sion permanente ont un pouvoir adh\u00e9sif plus \u00e9lev\u00e9 et sont donc plus difficiles \u00e0 retirer. Ces autocollants laissent souvent des r\u00e9sidus de colle que vous pouvez \u00e9liminer avec un dissolvant pour colle.<\/p>\n","protected":false},"excerpt":{"rendered":"<h3>\u00c9tiquettes en rouleau. Dot\u00e9es d&rsquo;une impression ou d&rsquo;un design selon vos souhaits.<\/h3>\n<p>D\u00e9couvrez nos \u00e9tiquettes en rouleau, avec une largeur d&rsquo;impression maximale de 30 cm, nous offrons polyvalence et qualit\u00e9. Nos \u00e9tiquettes sont disponibles dans divers mat\u00e9riaux et finitions.<\/p>\n","protected":false},"featured_media":15765,"template":"","meta":{"_et_pb_use_builder":"","_et_pb_old_content":"","_et_gb_content_width":""},"product_brand":[],"product_cat":[642,312,635],"product_tag":[],"class_list":{"0":"post-15763","1":"product","2":"type-product","3":"status-publish","4":"has-post-thumbnail","6":"product_cat-autocollants-en-rouleau","7":"product_cat-autocollants-et-impression","8":"product_cat-petits-autocollants","10":"first","11":"instock","12":"taxable","13":"shipping-taxable","14":"purchasable","15":"product-type-simple"},"yoast_head":"<!-- This site is optimized with the Yoast SEO plugin v27.3 - https:\/\/yoast.com\/product\/yoast-seo-wordpress\/ -->\n<title>\u00c9tiquettes en Rouleau \u2013 Haute Pr\u00e9cision, Durables &amp; Livraison Rapide<\/title>\n<meta name=\"description\" content=\"\u00c9tiquettes en rouleau avec des d\u00e9tails d&#039;une nettet\u00e9 exceptionnelle, des encres UV durables et une finition parfaite. Id\u00e9al pour le branding et la promotion. Livraison dans toute l&#039;Europe.\" \/>\n<meta name=\"robots\" content=\"index, follow, max-snippet:-1, max-image-preview:large, max-video-preview:-1\" \/>\n<link rel=\"canonical\" href=\"https:\/\/www.amstelprinting.nl\/fr\/boutique\/autocollants-et-impression\/petits-autocollants\/etiquettes\/\" \/>\n<meta property=\"og:locale\" content=\"fr_FR\" \/>\n<meta property=\"og:type\" content=\"article\" \/>\n<meta property=\"og:title\" content=\"\u00c9tiquettes en Rouleau \u2013 Haute Pr\u00e9cision, Durables &amp; Livraison Rapide\" \/>\n<meta property=\"og:description\" content=\"\u00c9tiquettes en rouleau avec des d\u00e9tails d&#039;une nettet\u00e9 exceptionnelle, des encres UV durables et une finition parfaite. Id\u00e9al pour le branding et la promotion. Livraison dans toute l&#039;Europe.\" \/>\n<meta property=\"og:url\" content=\"https:\/\/www.amstelprinting.nl\/fr\/boutique\/autocollants-et-impression\/petits-autocollants\/etiquettes\/\" \/>\n<meta property=\"og:site_name\" content=\"Amstel Printing\" \/>\n<meta property=\"article:modified_time\" content=\"2026-02-18T11:52:01+00:00\" \/>\n<meta property=\"og:image\" content=\"https:\/\/www.amstelprinting.nl\/wp-content\/uploads\/Etiketten.jpg\" \/>\n\t<meta property=\"og:image:width\" content=\"700\" \/>\n\t<meta property=\"og:image:height\" content=\"700\" \/>\n\t<meta property=\"og:image:type\" content=\"image\/jpeg\" \/>\n<meta name=\"twitter:card\" content=\"summary_large_image\" \/>\n<meta name=\"twitter:label1\" content=\"Dur\u00e9e de lecture estim\u00e9e\" \/>\n\t<meta name=\"twitter:data1\" content=\"5 minutes\" \/>\n<script type=\"application\/ld+json\" class=\"yoast-schema-graph\">{\"@context\":\"https:\\\/\\\/schema.org\",\"@graph\":[{\"@type\":\"WebPage\",\"@id\":\"https:\\\/\\\/www.amstelprinting.nl\\\/fr\\\/boutique\\\/autocollants-et-impression\\\/petits-autocollants\\\/etiquettes\\\/\",\"url\":\"https:\\\/\\\/www.amstelprinting.nl\\\/fr\\\/boutique\\\/autocollants-et-impression\\\/petits-autocollants\\\/etiquettes\\\/\",\"name\":\"\u00c9tiquettes en Rouleau \u2013 Haute Pr\u00e9cision, Durables & Livraison Rapide\",\"isPartOf\":{\"@id\":\"https:\\\/\\\/www.amstelprinting.nl\\\/fr\\\/#website\"},\"primaryImageOfPage\":{\"@id\":\"https:\\\/\\\/www.amstelprinting.nl\\\/fr\\\/boutique\\\/autocollants-et-impression\\\/petits-autocollants\\\/etiquettes\\\/#primaryimage\"},\"image\":{\"@id\":\"https:\\\/\\\/www.amstelprinting.nl\\\/fr\\\/boutique\\\/autocollants-et-impression\\\/petits-autocollants\\\/etiquettes\\\/#primaryimage\"},\"thumbnailUrl\":\"https:\\\/\\\/www.amstelprinting.nl\\\/wp-content\\\/uploads\\\/Etiketten.jpg\",\"datePublished\":\"2025-01-23T19:43:48+00:00\",\"dateModified\":\"2026-02-18T11:52:01+00:00\",\"description\":\"\u00c9tiquettes en rouleau avec des d\u00e9tails d'une nettet\u00e9 exceptionnelle, des encres UV durables et une finition parfaite. Id\u00e9al pour le branding et la promotion. Livraison dans toute l'Europe.\",\"breadcrumb\":{\"@id\":\"https:\\\/\\\/www.amstelprinting.nl\\\/fr\\\/boutique\\\/autocollants-et-impression\\\/petits-autocollants\\\/etiquettes\\\/#breadcrumb\"},\"inLanguage\":\"fr-FR\",\"potentialAction\":[{\"@type\":\"ReadAction\",\"target\":[\"https:\\\/\\\/www.amstelprinting.nl\\\/fr\\\/boutique\\\/autocollants-et-impression\\\/petits-autocollants\\\/etiquettes\\\/\"]}]},{\"@type\":\"ImageObject\",\"inLanguage\":\"fr-FR\",\"@id\":\"https:\\\/\\\/www.amstelprinting.nl\\\/fr\\\/boutique\\\/autocollants-et-impression\\\/petits-autocollants\\\/etiquettes\\\/#primaryimage\",\"url\":\"https:\\\/\\\/www.amstelprinting.nl\\\/wp-content\\\/uploads\\\/Etiketten.jpg\",\"contentUrl\":\"https:\\\/\\\/www.amstelprinting.nl\\\/wp-content\\\/uploads\\\/Etiketten.jpg\",\"width\":700,\"height\":700},{\"@type\":\"BreadcrumbList\",\"@id\":\"https:\\\/\\\/www.amstelprinting.nl\\\/fr\\\/boutique\\\/autocollants-et-impression\\\/petits-autocollants\\\/etiquettes\\\/#breadcrumb\",\"itemListElement\":[{\"@type\":\"ListItem\",\"position\":1,\"name\":\"\",\"item\":\"https:\\\/\\\/www.amstelprinting.nl\\\/fr\\\/\"},{\"@type\":\"ListItem\",\"position\":2,\"name\":\"Amstel Printing\",\"item\":\"https:\\\/\\\/www.amstelprinting.nl\\\/fr\\\/boutique\\\/\"},{\"@type\":\"ListItem\",\"position\":3,\"name\":\"Autocollants et impression\",\"item\":\"https:\\\/\\\/www.amstelprinting.nl\\\/fr\\\/categorie\\\/autocollants-et-impression\\\/\"},{\"@type\":\"ListItem\",\"position\":4,\"name\":\"Petits autocollants\",\"item\":\"https:\\\/\\\/www.amstelprinting.nl\\\/fr\\\/categorie\\\/autocollants-et-impression\\\/petits-autocollants\\\/\"},{\"@type\":\"ListItem\",\"position\":5,\"name\":\"\u00c9tiquettes\"}]},{\"@type\":\"WebSite\",\"@id\":\"https:\\\/\\\/www.amstelprinting.nl\\\/fr\\\/#website\",\"url\":\"https:\\\/\\\/www.amstelprinting.nl\\\/fr\\\/\",\"name\":\"Amstel Printing\",\"description\":\"Creating Exposure\",\"publisher\":{\"@id\":\"https:\\\/\\\/www.amstelprinting.nl\\\/fr\\\/#organization\"},\"potentialAction\":[{\"@type\":\"SearchAction\",\"target\":{\"@type\":\"EntryPoint\",\"urlTemplate\":\"https:\\\/\\\/www.amstelprinting.nl\\\/fr\\\/?s={search_term_string}\"},\"query-input\":{\"@type\":\"PropertyValueSpecification\",\"valueRequired\":true,\"valueName\":\"search_term_string\"}}],\"inLanguage\":\"fr-FR\"},{\"@type\":\"Organization\",\"@id\":\"https:\\\/\\\/www.amstelprinting.nl\\\/fr\\\/#organization\",\"name\":\"Amstel Printing\",\"url\":\"https:\\\/\\\/www.amstelprinting.nl\\\/fr\\\/\",\"logo\":{\"@type\":\"ImageObject\",\"inLanguage\":\"fr-FR\",\"@id\":\"https:\\\/\\\/www.amstelprinting.nl\\\/fr\\\/#\\\/schema\\\/logo\\\/image\\\/\",\"url\":\"https:\\\/\\\/www.amstelprinting.nl\\\/wp-content\\\/uploads\\\/amstel_printing_logo_clean.png\",\"contentUrl\":\"https:\\\/\\\/www.amstelprinting.nl\\\/wp-content\\\/uploads\\\/amstel_printing_logo_clean.png\",\"width\":324,\"height\":73,\"caption\":\"Amstel Printing\"},\"image\":{\"@id\":\"https:\\\/\\\/www.amstelprinting.nl\\\/fr\\\/#\\\/schema\\\/logo\\\/image\\\/\"}}]}<\/script>\n<!-- \/ Yoast SEO plugin. -->","yoast_head_json":{"title":"\u00c9tiquettes en Rouleau \u2013 Haute Pr\u00e9cision, Durables & Livraison Rapide","description":"\u00c9tiquettes en rouleau avec des d\u00e9tails d'une nettet\u00e9 exceptionnelle, des encres UV durables et une finition parfaite. Id\u00e9al pour le branding et la promotion. Livraison dans toute l'Europe.","robots":{"index":"index","follow":"follow","max-snippet":"max-snippet:-1","max-image-preview":"max-image-preview:large","max-video-preview":"max-video-preview:-1"},"canonical":"https:\/\/www.amstelprinting.nl\/fr\/boutique\/autocollants-et-impression\/petits-autocollants\/etiquettes\/","og_locale":"fr_FR","og_type":"article","og_title":"\u00c9tiquettes en Rouleau \u2013 Haute Pr\u00e9cision, Durables & Livraison Rapide","og_description":"\u00c9tiquettes en rouleau avec des d\u00e9tails d'une nettet\u00e9 exceptionnelle, des encres UV durables et une finition parfaite. Id\u00e9al pour le branding et la promotion. Livraison dans toute l'Europe.","og_url":"https:\/\/www.amstelprinting.nl\/fr\/boutique\/autocollants-et-impression\/petits-autocollants\/etiquettes\/","og_site_name":"Amstel Printing","article_modified_time":"2026-02-18T11:52:01+00:00","og_image":[{"width":700,"height":700,"url":"https:\/\/www.amstelprinting.nl\/wp-content\/uploads\/Etiketten.jpg","type":"image\/jpeg"}],"twitter_card":"summary_large_image","twitter_misc":{"Dur\u00e9e de lecture estim\u00e9e":"5 minutes"},"schema":{"@context":"https:\/\/schema.org","@graph":[{"@type":"WebPage","@id":"https:\/\/www.amstelprinting.nl\/fr\/boutique\/autocollants-et-impression\/petits-autocollants\/etiquettes\/","url":"https:\/\/www.amstelprinting.nl\/fr\/boutique\/autocollants-et-impression\/petits-autocollants\/etiquettes\/","name":"\u00c9tiquettes en Rouleau \u2013 Haute Pr\u00e9cision, Durables & Livraison Rapide","isPartOf":{"@id":"https:\/\/www.amstelprinting.nl\/fr\/#website"},"primaryImageOfPage":{"@id":"https:\/\/www.amstelprinting.nl\/fr\/boutique\/autocollants-et-impression\/petits-autocollants\/etiquettes\/#primaryimage"},"image":{"@id":"https:\/\/www.amstelprinting.nl\/fr\/boutique\/autocollants-et-impression\/petits-autocollants\/etiquettes\/#primaryimage"},"thumbnailUrl":"https:\/\/www.amstelprinting.nl\/wp-content\/uploads\/Etiketten.jpg","datePublished":"2025-01-23T19:43:48+00:00","dateModified":"2026-02-18T11:52:01+00:00","description":"\u00c9tiquettes en rouleau avec des d\u00e9tails d'une nettet\u00e9 exceptionnelle, des encres UV durables et une finition parfaite. Id\u00e9al pour le branding et la promotion. Livraison dans toute l'Europe.","breadcrumb":{"@id":"https:\/\/www.amstelprinting.nl\/fr\/boutique\/autocollants-et-impression\/petits-autocollants\/etiquettes\/#breadcrumb"},"inLanguage":"fr-FR","potentialAction":[{"@type":"ReadAction","target":["https:\/\/www.amstelprinting.nl\/fr\/boutique\/autocollants-et-impression\/petits-autocollants\/etiquettes\/"]}]},{"@type":"ImageObject","inLanguage":"fr-FR","@id":"https:\/\/www.amstelprinting.nl\/fr\/boutique\/autocollants-et-impression\/petits-autocollants\/etiquettes\/#primaryimage","url":"https:\/\/www.amstelprinting.nl\/wp-content\/uploads\/Etiketten.jpg","contentUrl":"https:\/\/www.amstelprinting.nl\/wp-content\/uploads\/Etiketten.jpg","width":700,"height":700},{"@type":"BreadcrumbList","@id":"https:\/\/www.amstelprinting.nl\/fr\/boutique\/autocollants-et-impression\/petits-autocollants\/etiquettes\/#breadcrumb","itemListElement":[{"@type":"ListItem","position":1,"name":"","item":"https:\/\/www.amstelprinting.nl\/fr\/"},{"@type":"ListItem","position":2,"name":"Amstel Printing","item":"https:\/\/www.amstelprinting.nl\/fr\/boutique\/"},{"@type":"ListItem","position":3,"name":"Autocollants et impression","item":"https:\/\/www.amstelprinting.nl\/fr\/categorie\/autocollants-et-impression\/"},{"@type":"ListItem","position":4,"name":"Petits autocollants","item":"https:\/\/www.amstelprinting.nl\/fr\/categorie\/autocollants-et-impression\/petits-autocollants\/"},{"@type":"ListItem","position":5,"name":"\u00c9tiquettes"}]},{"@type":"WebSite","@id":"https:\/\/www.amstelprinting.nl\/fr\/#website","url":"https:\/\/www.amstelprinting.nl\/fr\/","name":"Amstel Printing","description":"Creating Exposure","publisher":{"@id":"https:\/\/www.amstelprinting.nl\/fr\/#organization"},"potentialAction":[{"@type":"SearchAction","target":{"@type":"EntryPoint","urlTemplate":"https:\/\/www.amstelprinting.nl\/fr\/?s={search_term_string}"},"query-input":{"@type":"PropertyValueSpecification","valueRequired":true,"valueName":"search_term_string"}}],"inLanguage":"fr-FR"},{"@type":"Organization","@id":"https:\/\/www.amstelprinting.nl\/fr\/#organization","name":"Amstel Printing","url":"https:\/\/www.amstelprinting.nl\/fr\/","logo":{"@type":"ImageObject","inLanguage":"fr-FR","@id":"https:\/\/www.amstelprinting.nl\/fr\/#\/schema\/logo\/image\/","url":"https:\/\/www.amstelprinting.nl\/wp-content\/uploads\/amstel_printing_logo_clean.png","contentUrl":"https:\/\/www.amstelprinting.nl\/wp-content\/uploads\/amstel_printing_logo_clean.png","width":324,"height":73,"caption":"Amstel Printing"},"image":{"@id":"https:\/\/www.amstelprinting.nl\/fr\/#\/schema\/logo\/image\/"}}]}},"_links":{"self":[{"href":"https:\/\/www.amstelprinting.nl\/fr\/wp-json\/wp\/v2\/product\/15763","targetHints":{"allow":["GET"]}}],"collection":[{"href":"https:\/\/www.amstelprinting.nl\/fr\/wp-json\/wp\/v2\/product"}],"about":[{"href":"https:\/\/www.amstelprinting.nl\/fr\/wp-json\/wp\/v2\/types\/product"}],"wp:featuredmedia":[{"embeddable":true,"href":"https:\/\/www.amstelprinting.nl\/fr\/wp-json\/wp\/v2\/media\/15765"}],"wp:attachment":[{"href":"https:\/\/www.amstelprinting.nl\/fr\/wp-json\/wp\/v2\/media?parent=15763"}],"wp:term":[{"taxonomy":"product_brand","embeddable":true,"href":"https:\/\/www.amstelprinting.nl\/fr\/wp-json\/wp\/v2\/product_brand?post=15763"},{"taxonomy":"product_cat","embeddable":true,"href":"https:\/\/www.amstelprinting.nl\/fr\/wp-json\/wp\/v2\/product_cat?post=15763"},{"taxonomy":"product_tag","embeddable":true,"href":"https:\/\/www.amstelprinting.nl\/fr\/wp-json\/wp\/v2\/product_tag?post=15763"}],"curies":[{"name":"wp","href":"https:\/\/api.w.org\/{rel}","templated":true}]}}