{"id":15778,"date":"2025-01-23T20:43:38","date_gmt":"2025-01-23T19:43:38","guid":{"rendered":"https:\/\/www.amstelprinting.nl\/winkel\/non%20class\u00e9\/stickervellen\/"},"modified":"2026-02-18T12:52:02","modified_gmt":"2026-02-18T11:52:02","slug":"planches-de-stickers","status":"publish","type":"product","link":"https:\/\/www.amstelprinting.nl\/fr\/boutique\/autocollants-et-impression\/petits-autocollants\/planches-de-stickers\/","title":{"rendered":"Planches de stickers"},"content":{"rendered":"<h3>Type de planche de stickers<\/h3>\n<ul>\n<li><strong>Feuille \u00e0 format fixe<\/strong> : Id\u00e9al si vous souhaitez r\u00e9p\u00e9ter un seul motif sur une feuille. Votre motif est plac\u00e9 de mani\u00e8re optimale sur une feuille standard de 30 x 26 cm, afin de tirer le meilleur parti de l&rsquo;espace et d&rsquo;afficher votre motif de mani\u00e8re efficace.<\/li>\n<li><strong>Feuille \u00e0 format variable<\/strong> : Si vous souhaitez plus de contr\u00f4le sur les dimensions de votre planche de stickers, choisissez notre format variable. Vous pouvez adapter votre motif jusqu&rsquo;\u00e0 un maximum de 25 x 25 cm. Ce type de feuille est livr\u00e9 avec un support l\u00e9g\u00e8rement plus \u00e9pais pour \u00e9viter toute courbure et vous offre la flexibilit\u00e9 de cr\u00e9er le fichier enti\u00e8rement selon vos souhaits.<\/li>\n<\/ul>\n<p>&nbsp;<\/p>\n<h3>Mat\u00e9riaux<\/h3>\n<p>Nos planches de stickers sont disponibles en plusieurs mat\u00e9riaux :<\/p>\n<ul>\n<li><strong>Ultra Destructible<\/strong> : Ce film blanc avec une couche adh\u00e9sive permanente se brise en petits morceaux lorsqu&rsquo;on tente de le retirer. Id\u00e9al pour les \u00e9tiquettes de s\u00e9curit\u00e9 et les applications o\u00f9 le retrait n&rsquo;est pas souhait\u00e9.<\/li>\n<li><strong>Film blanc (PP) &#8211; Promotionnel<\/strong> : Un film blanc, sans PVC, qui convient parfaitement aux applications temporaires int\u00e9rieures et ext\u00e9rieures. Parfait pour des fins promotionnelles o\u00f9 un aspect temporaire mais professionnel est souhait\u00e9.<\/li>\n<li><strong>Film blanc (PP) &#8211; Permanent<\/strong> : Ce film blanc sans PVC offre une adh\u00e9rence durable pour les applications int\u00e9rieures et ext\u00e9rieures. Id\u00e9al pour les \u00e9tiquettes devant durer longtemps.<\/li>\n<li><strong>Film blanc (PP) &#8211; Adh\u00e9rence forte<\/strong> : Avec une couche adh\u00e9sive extra forte, ce film est con\u00e7u pour les situations o\u00f9 une adh\u00e9rence maximale est requise. Convient aux conditions exigeantes, tant \u00e0 l&rsquo;int\u00e9rieur qu&rsquo;\u00e0 l&rsquo;ext\u00e9rieur.<\/li>\n<li><strong>Papier<\/strong> : Disponible en mat ou brillant avec une couche adh\u00e9sive permanente. Ce papier autocollant certifi\u00e9 FSC offre un aspect \u00e9l\u00e9gant et est id\u00e9al pour les applications de longue dur\u00e9e.<\/li>\n<li><strong>Film transparent &#8211; Permanent<\/strong> : Ce film transparent, sans PVC, est parfait pour un affichage subtil et peut \u00eatre utilis\u00e9 tant \u00e0 l&rsquo;int\u00e9rieur qu&rsquo;\u00e0 l&rsquo;ext\u00e9rieur sans nuire \u00e0 l&rsquo;aspect de votre support.<\/li>\n<\/ul>\n<p>&nbsp;<\/p>\n<h3>Finition<\/h3>\n<p>Pour le film transparent, vous pouvez choisir une couche de couleur (quadri) ou une couche de couleur avec une couche de blanc pour plus de clart\u00e9. Prot\u00e9gez vos autocollants avec un laminat optionnel brillant, anti-UV ou mat, disponible tant pour le film blanc que transparent. De plus, les stickers sont disponibles en formes carr\u00e9es\/rectangulaires ou rondes.<\/p>\n<p>Nos planches de stickers sont con\u00e7ues pour vous offrir un maximum de flexibilit\u00e9 et de qualit\u00e9, quels que soient les besoins de votre projet. Commencez d\u00e8s aujourd&rsquo;hui et d\u00e9couvrez comment nos planches de stickers sur mesure propulsent vos id\u00e9es de design au niveau sup\u00e9rieur !<\/p>\n<p>Attention : Il peut arriver que votre produit pr\u00e9sente un l\u00e9ger d\u00e9calage allant jusqu&rsquo;\u00e0 1,5 mm par rapport au centre du fichier. Vous pouvez minimiser cet effet en \u00e9vitant de placer des cadres inutilement fins autour de votre fichier.<\/p>\n<h3>Questions fr\u00e9quemment pos\u00e9es<\/h3>\n<p><strong>Quelle est la diff\u00e9rence entre les planches de stickers et les stickers sur feuille ?<\/strong><br \/>\nLes stickers sur feuille sont livr\u00e9s par d\u00e9faut sur des feuilles de 30 x 26 cm. Avec les planches de stickers, vous avez la flexibilit\u00e9 de d\u00e9terminer vous-m\u00eame le format de votre feuille.<\/p>\n","protected":false},"excerpt":{"rendered":"<h3>Commandez facilement des planches de stickers au format souhait\u00e9<\/h3>\n<p>Donnez vie \u00e0 vos id\u00e9es gr\u00e2ce \u00e0 nos planches de stickers polyvalentes. Avec un large choix de mat\u00e9riaux et d&rsquo;options de finition, vous pouvez adapter vos stickers \u00e0 n&rsquo;importe quelle application, des promotions temporaires \u00e0 l&rsquo;\u00e9tiquetage durable. D\u00e9couvrez comment nos planches de stickers peuvent renforcer vos designs et laissez briller votre cr\u00e9ativit\u00e9 !<\/p>\n","protected":false},"featured_media":15780,"template":"","meta":{"_et_pb_use_builder":"","_et_pb_old_content":"","_et_gb_content_width":""},"product_brand":[],"product_cat":[312,651,635],"product_tag":[],"class_list":{"0":"post-15778","1":"product","2":"type-product","3":"status-publish","4":"has-post-thumbnail","6":"product_cat-autocollants-et-impression","7":"product_cat-feuilles-dautocollants","8":"product_cat-petits-autocollants","10":"first","11":"instock","12":"taxable","13":"shipping-taxable","14":"purchasable","15":"product-type-simple"},"yoast_head":"<!-- This site is optimized with the Yoast SEO plugin v27.3 - https:\/\/yoast.com\/product\/yoast-seo-wordpress\/ -->\n<title>Planches de stickers sur mesure \u2013 Durables &amp; Polyvalentes<\/title>\n<meta name=\"description\" content=\"Des planches de stickers sur mesure de haute qualit\u00e9 dans divers mat\u00e9riaux et formats, parfaits pour la promotion, les \u00e9tiquettes de produits et la s\u00e9curit\u00e9.\" \/>\n<meta name=\"robots\" content=\"index, follow, max-snippet:-1, max-image-preview:large, max-video-preview:-1\" \/>\n<link rel=\"canonical\" href=\"https:\/\/www.amstelprinting.nl\/fr\/boutique\/autocollants-et-impression\/petits-autocollants\/planches-de-stickers\/\" \/>\n<meta property=\"og:locale\" content=\"fr_FR\" \/>\n<meta property=\"og:type\" content=\"article\" \/>\n<meta property=\"og:title\" content=\"Planches de stickers sur mesure \u2013 Durables &amp; Polyvalentes\" \/>\n<meta property=\"og:description\" content=\"Des planches de stickers sur mesure de haute qualit\u00e9 dans divers mat\u00e9riaux et formats, parfaits pour la promotion, les \u00e9tiquettes de produits et la s\u00e9curit\u00e9.\" \/>\n<meta property=\"og:url\" content=\"https:\/\/www.amstelprinting.nl\/fr\/boutique\/autocollants-et-impression\/petits-autocollants\/planches-de-stickers\/\" \/>\n<meta property=\"og:site_name\" content=\"Amstel Printing\" \/>\n<meta property=\"article:modified_time\" content=\"2026-02-18T11:52:02+00:00\" \/>\n<meta property=\"og:image\" content=\"https:\/\/www.amstelprinting.nl\/wp-content\/uploads\/Stickervellen.jpg\" \/>\n\t<meta property=\"og:image:width\" content=\"700\" \/>\n\t<meta property=\"og:image:height\" content=\"700\" \/>\n\t<meta property=\"og:image:type\" content=\"image\/jpeg\" \/>\n<meta name=\"twitter:card\" content=\"summary_large_image\" \/>\n<meta name=\"twitter:label1\" content=\"Dur\u00e9e de lecture estim\u00e9e\" \/>\n\t<meta name=\"twitter:data1\" content=\"3 minutes\" \/>\n<script type=\"application\/ld+json\" class=\"yoast-schema-graph\">{\"@context\":\"https:\\\/\\\/schema.org\",\"@graph\":[{\"@type\":\"WebPage\",\"@id\":\"https:\\\/\\\/www.amstelprinting.nl\\\/fr\\\/boutique\\\/autocollants-et-impression\\\/petits-autocollants\\\/planches-de-stickers\\\/\",\"url\":\"https:\\\/\\\/www.amstelprinting.nl\\\/fr\\\/boutique\\\/autocollants-et-impression\\\/petits-autocollants\\\/planches-de-stickers\\\/\",\"name\":\"Planches de stickers sur mesure \u2013 Durables & Polyvalentes\",\"isPartOf\":{\"@id\":\"https:\\\/\\\/www.amstelprinting.nl\\\/fr\\\/#website\"},\"primaryImageOfPage\":{\"@id\":\"https:\\\/\\\/www.amstelprinting.nl\\\/fr\\\/boutique\\\/autocollants-et-impression\\\/petits-autocollants\\\/planches-de-stickers\\\/#primaryimage\"},\"image\":{\"@id\":\"https:\\\/\\\/www.amstelprinting.nl\\\/fr\\\/boutique\\\/autocollants-et-impression\\\/petits-autocollants\\\/planches-de-stickers\\\/#primaryimage\"},\"thumbnailUrl\":\"https:\\\/\\\/www.amstelprinting.nl\\\/wp-content\\\/uploads\\\/Stickervellen.jpg\",\"datePublished\":\"2025-01-23T19:43:38+00:00\",\"dateModified\":\"2026-02-18T11:52:02+00:00\",\"description\":\"Des planches de stickers sur mesure de haute qualit\u00e9 dans divers mat\u00e9riaux et formats, parfaits pour la promotion, les \u00e9tiquettes de produits et la s\u00e9curit\u00e9.\",\"breadcrumb\":{\"@id\":\"https:\\\/\\\/www.amstelprinting.nl\\\/fr\\\/boutique\\\/autocollants-et-impression\\\/petits-autocollants\\\/planches-de-stickers\\\/#breadcrumb\"},\"inLanguage\":\"fr-FR\",\"potentialAction\":[{\"@type\":\"ReadAction\",\"target\":[\"https:\\\/\\\/www.amstelprinting.nl\\\/fr\\\/boutique\\\/autocollants-et-impression\\\/petits-autocollants\\\/planches-de-stickers\\\/\"]}]},{\"@type\":\"ImageObject\",\"inLanguage\":\"fr-FR\",\"@id\":\"https:\\\/\\\/www.amstelprinting.nl\\\/fr\\\/boutique\\\/autocollants-et-impression\\\/petits-autocollants\\\/planches-de-stickers\\\/#primaryimage\",\"url\":\"https:\\\/\\\/www.amstelprinting.nl\\\/wp-content\\\/uploads\\\/Stickervellen.jpg\",\"contentUrl\":\"https:\\\/\\\/www.amstelprinting.nl\\\/wp-content\\\/uploads\\\/Stickervellen.jpg\",\"width\":700,\"height\":700},{\"@type\":\"BreadcrumbList\",\"@id\":\"https:\\\/\\\/www.amstelprinting.nl\\\/fr\\\/boutique\\\/autocollants-et-impression\\\/petits-autocollants\\\/planches-de-stickers\\\/#breadcrumb\",\"itemListElement\":[{\"@type\":\"ListItem\",\"position\":1,\"name\":\"\",\"item\":\"https:\\\/\\\/www.amstelprinting.nl\\\/fr\\\/\"},{\"@type\":\"ListItem\",\"position\":2,\"name\":\"Amstel Printing\",\"item\":\"https:\\\/\\\/www.amstelprinting.nl\\\/fr\\\/boutique\\\/\"},{\"@type\":\"ListItem\",\"position\":3,\"name\":\"Autocollants et impression\",\"item\":\"https:\\\/\\\/www.amstelprinting.nl\\\/fr\\\/categorie\\\/autocollants-et-impression\\\/\"},{\"@type\":\"ListItem\",\"position\":4,\"name\":\"Petits autocollants\",\"item\":\"https:\\\/\\\/www.amstelprinting.nl\\\/fr\\\/categorie\\\/autocollants-et-impression\\\/petits-autocollants\\\/\"},{\"@type\":\"ListItem\",\"position\":5,\"name\":\"Planches de stickers\"}]},{\"@type\":\"WebSite\",\"@id\":\"https:\\\/\\\/www.amstelprinting.nl\\\/fr\\\/#website\",\"url\":\"https:\\\/\\\/www.amstelprinting.nl\\\/fr\\\/\",\"name\":\"Amstel Printing\",\"description\":\"Creating Exposure\",\"publisher\":{\"@id\":\"https:\\\/\\\/www.amstelprinting.nl\\\/fr\\\/#organization\"},\"potentialAction\":[{\"@type\":\"SearchAction\",\"target\":{\"@type\":\"EntryPoint\",\"urlTemplate\":\"https:\\\/\\\/www.amstelprinting.nl\\\/fr\\\/?s={search_term_string}\"},\"query-input\":{\"@type\":\"PropertyValueSpecification\",\"valueRequired\":true,\"valueName\":\"search_term_string\"}}],\"inLanguage\":\"fr-FR\"},{\"@type\":\"Organization\",\"@id\":\"https:\\\/\\\/www.amstelprinting.nl\\\/fr\\\/#organization\",\"name\":\"Amstel Printing\",\"url\":\"https:\\\/\\\/www.amstelprinting.nl\\\/fr\\\/\",\"logo\":{\"@type\":\"ImageObject\",\"inLanguage\":\"fr-FR\",\"@id\":\"https:\\\/\\\/www.amstelprinting.nl\\\/fr\\\/#\\\/schema\\\/logo\\\/image\\\/\",\"url\":\"https:\\\/\\\/www.amstelprinting.nl\\\/wp-content\\\/uploads\\\/amstel_printing_logo_clean.png\",\"contentUrl\":\"https:\\\/\\\/www.amstelprinting.nl\\\/wp-content\\\/uploads\\\/amstel_printing_logo_clean.png\",\"width\":324,\"height\":73,\"caption\":\"Amstel Printing\"},\"image\":{\"@id\":\"https:\\\/\\\/www.amstelprinting.nl\\\/fr\\\/#\\\/schema\\\/logo\\\/image\\\/\"}}]}<\/script>\n<!-- \/ Yoast SEO plugin. -->","yoast_head_json":{"title":"Planches de stickers sur mesure \u2013 Durables & Polyvalentes","description":"Des planches de stickers sur mesure de haute qualit\u00e9 dans divers mat\u00e9riaux et formats, parfaits pour la promotion, les \u00e9tiquettes de produits et la s\u00e9curit\u00e9.","robots":{"index":"index","follow":"follow","max-snippet":"max-snippet:-1","max-image-preview":"max-image-preview:large","max-video-preview":"max-video-preview:-1"},"canonical":"https:\/\/www.amstelprinting.nl\/fr\/boutique\/autocollants-et-impression\/petits-autocollants\/planches-de-stickers\/","og_locale":"fr_FR","og_type":"article","og_title":"Planches de stickers sur mesure \u2013 Durables & Polyvalentes","og_description":"Des planches de stickers sur mesure de haute qualit\u00e9 dans divers mat\u00e9riaux et formats, parfaits pour la promotion, les \u00e9tiquettes de produits et la s\u00e9curit\u00e9.","og_url":"https:\/\/www.amstelprinting.nl\/fr\/boutique\/autocollants-et-impression\/petits-autocollants\/planches-de-stickers\/","og_site_name":"Amstel Printing","article_modified_time":"2026-02-18T11:52:02+00:00","og_image":[{"width":700,"height":700,"url":"https:\/\/www.amstelprinting.nl\/wp-content\/uploads\/Stickervellen.jpg","type":"image\/jpeg"}],"twitter_card":"summary_large_image","twitter_misc":{"Dur\u00e9e de lecture estim\u00e9e":"3 minutes"},"schema":{"@context":"https:\/\/schema.org","@graph":[{"@type":"WebPage","@id":"https:\/\/www.amstelprinting.nl\/fr\/boutique\/autocollants-et-impression\/petits-autocollants\/planches-de-stickers\/","url":"https:\/\/www.amstelprinting.nl\/fr\/boutique\/autocollants-et-impression\/petits-autocollants\/planches-de-stickers\/","name":"Planches de stickers sur mesure \u2013 Durables & Polyvalentes","isPartOf":{"@id":"https:\/\/www.amstelprinting.nl\/fr\/#website"},"primaryImageOfPage":{"@id":"https:\/\/www.amstelprinting.nl\/fr\/boutique\/autocollants-et-impression\/petits-autocollants\/planches-de-stickers\/#primaryimage"},"image":{"@id":"https:\/\/www.amstelprinting.nl\/fr\/boutique\/autocollants-et-impression\/petits-autocollants\/planches-de-stickers\/#primaryimage"},"thumbnailUrl":"https:\/\/www.amstelprinting.nl\/wp-content\/uploads\/Stickervellen.jpg","datePublished":"2025-01-23T19:43:38+00:00","dateModified":"2026-02-18T11:52:02+00:00","description":"Des planches de stickers sur mesure de haute qualit\u00e9 dans divers mat\u00e9riaux et formats, parfaits pour la promotion, les \u00e9tiquettes de produits et la s\u00e9curit\u00e9.","breadcrumb":{"@id":"https:\/\/www.amstelprinting.nl\/fr\/boutique\/autocollants-et-impression\/petits-autocollants\/planches-de-stickers\/#breadcrumb"},"inLanguage":"fr-FR","potentialAction":[{"@type":"ReadAction","target":["https:\/\/www.amstelprinting.nl\/fr\/boutique\/autocollants-et-impression\/petits-autocollants\/planches-de-stickers\/"]}]},{"@type":"ImageObject","inLanguage":"fr-FR","@id":"https:\/\/www.amstelprinting.nl\/fr\/boutique\/autocollants-et-impression\/petits-autocollants\/planches-de-stickers\/#primaryimage","url":"https:\/\/www.amstelprinting.nl\/wp-content\/uploads\/Stickervellen.jpg","contentUrl":"https:\/\/www.amstelprinting.nl\/wp-content\/uploads\/Stickervellen.jpg","width":700,"height":700},{"@type":"BreadcrumbList","@id":"https:\/\/www.amstelprinting.nl\/fr\/boutique\/autocollants-et-impression\/petits-autocollants\/planches-de-stickers\/#breadcrumb","itemListElement":[{"@type":"ListItem","position":1,"name":"","item":"https:\/\/www.amstelprinting.nl\/fr\/"},{"@type":"ListItem","position":2,"name":"Amstel Printing","item":"https:\/\/www.amstelprinting.nl\/fr\/boutique\/"},{"@type":"ListItem","position":3,"name":"Autocollants et impression","item":"https:\/\/www.amstelprinting.nl\/fr\/categorie\/autocollants-et-impression\/"},{"@type":"ListItem","position":4,"name":"Petits autocollants","item":"https:\/\/www.amstelprinting.nl\/fr\/categorie\/autocollants-et-impression\/petits-autocollants\/"},{"@type":"ListItem","position":5,"name":"Planches de stickers"}]},{"@type":"WebSite","@id":"https:\/\/www.amstelprinting.nl\/fr\/#website","url":"https:\/\/www.amstelprinting.nl\/fr\/","name":"Amstel Printing","description":"Creating Exposure","publisher":{"@id":"https:\/\/www.amstelprinting.nl\/fr\/#organization"},"potentialAction":[{"@type":"SearchAction","target":{"@type":"EntryPoint","urlTemplate":"https:\/\/www.amstelprinting.nl\/fr\/?s={search_term_string}"},"query-input":{"@type":"PropertyValueSpecification","valueRequired":true,"valueName":"search_term_string"}}],"inLanguage":"fr-FR"},{"@type":"Organization","@id":"https:\/\/www.amstelprinting.nl\/fr\/#organization","name":"Amstel Printing","url":"https:\/\/www.amstelprinting.nl\/fr\/","logo":{"@type":"ImageObject","inLanguage":"fr-FR","@id":"https:\/\/www.amstelprinting.nl\/fr\/#\/schema\/logo\/image\/","url":"https:\/\/www.amstelprinting.nl\/wp-content\/uploads\/amstel_printing_logo_clean.png","contentUrl":"https:\/\/www.amstelprinting.nl\/wp-content\/uploads\/amstel_printing_logo_clean.png","width":324,"height":73,"caption":"Amstel Printing"},"image":{"@id":"https:\/\/www.amstelprinting.nl\/fr\/#\/schema\/logo\/image\/"}}]}},"_links":{"self":[{"href":"https:\/\/www.amstelprinting.nl\/fr\/wp-json\/wp\/v2\/product\/15778","targetHints":{"allow":["GET"]}}],"collection":[{"href":"https:\/\/www.amstelprinting.nl\/fr\/wp-json\/wp\/v2\/product"}],"about":[{"href":"https:\/\/www.amstelprinting.nl\/fr\/wp-json\/wp\/v2\/types\/product"}],"wp:featuredmedia":[{"embeddable":true,"href":"https:\/\/www.amstelprinting.nl\/fr\/wp-json\/wp\/v2\/media\/15780"}],"wp:attachment":[{"href":"https:\/\/www.amstelprinting.nl\/fr\/wp-json\/wp\/v2\/media?parent=15778"}],"wp:term":[{"taxonomy":"product_brand","embeddable":true,"href":"https:\/\/www.amstelprinting.nl\/fr\/wp-json\/wp\/v2\/product_brand?post=15778"},{"taxonomy":"product_cat","embeddable":true,"href":"https:\/\/www.amstelprinting.nl\/fr\/wp-json\/wp\/v2\/product_cat?post=15778"},{"taxonomy":"product_tag","embeddable":true,"href":"https:\/\/www.amstelprinting.nl\/fr\/wp-json\/wp\/v2\/product_tag?post=15778"}],"curies":[{"name":"wp","href":"https:\/\/api.w.org\/{rel}","templated":true}]}}