{"id":15793,"date":"2025-01-23T20:40:58","date_gmt":"2025-01-23T19:40:58","guid":{"rendered":"https:\/\/www.amstelprinting.nl\/winkel\/non%20class\u00e9\/stickers\/"},"modified":"2026-02-18T12:52:02","modified_gmt":"2026-02-18T11:52:02","slug":"autocollants","status":"publish","type":"product","link":"https:\/\/www.amstelprinting.nl\/fr\/boutique\/autocollants-et-impression\/petits-autocollants\/autocollants\/","title":{"rendered":"Autocollants"},"content":{"rendered":"<h3>Commander des autocollants &#8211; comment \u00e7a marche ?<\/h3>\n<p>Si vous souhaitez un design \u00e9pur\u00e9 et impeccable, choisissez des autocollants sans bord pelable ; ceux-ci sont livr\u00e9s d\u00e9coup\u00e9s individuellement et sont id\u00e9aux pour les applications n\u00e9cessitant un aspect professionnel. Pour une application plus facile et une finition extra professionnelle, vous pouvez choisir des autocollants avec un bord pelable de 2 mm tout autour ; ce bord permet de d\u00e9coller plus facilement les autocollants de la feuille. De plus, vous pouvez b\u00e9n\u00e9ficier d&rsquo;une pose efficace avec des autocollants en planche. Votre design est plac\u00e9 autant de fois que possible sur une feuille de 26,5 x 33,3 cm, ce qui assure une convivialit\u00e9 maximale et une utilisation \u00e9conomique du mat\u00e9riau.<\/p>\n<h3>Pourquoi faire imprimer des autocollants ?<\/h3>\n<ul>\n<li>Disponible dans des formats allant jusqu&rsquo;\u00e0 30 x 25 cm<\/li>\n<li>Facile \u00e0 retirer gr\u00e2ce \u00e0 l&rsquo;option de bord pelable<\/li>\n<li>Pas de frais de d\u00e9marrage gr\u00e2ce \u00e0 la d\u00e9coupe laser<\/li>\n<li>Choix entre 6 mat\u00e9riaux populaires et 3 lamin\u00e9s<\/li>\n<li>Disponible dans n&rsquo;importe quelle forme gr\u00e2ce \u00e0 la d\u00e9coupe laser<\/li>\n<li>Ultra haute r\u00e9solution gr\u00e2ce \u00e0 l&rsquo;imprimante Durst Tau 330<\/li>\n<li>Encres UV : pour une meilleure protection et une dur\u00e9e de vie plus longue<\/li>\n<\/ul>\n<p>&nbsp;<\/p>\n<h3>Mat\u00e9riaux<\/h3>\n<p>Nous proposons une large gamme de mat\u00e9riaux :<\/p>\n<ul>\n<li><strong>Ultra Destructible<\/strong> : Ce film blanc avec couche adh\u00e9sive permanente se brise en petits morceaux lors des tentatives de retrait, ce qui le rend id\u00e9al pour les \u00e9tiquettes de s\u00e9curit\u00e9 et les applications o\u00f9 le retrait est ind\u00e9sirable.<\/li>\n<li><strong>Film blanc (PP) &#8211; Promotionnel<\/strong> : Un film blanc sans PVC, parfait pour les applications int\u00e9rieures et ext\u00e9rieures temporaires. Id\u00e9al pour les autocollants promotionnels qui doivent avoir un aspect professionnel, mais ne sont utilis\u00e9s que temporairement.<\/li>\n<li><strong>Film blanc (PP) &#8211; Permanent<\/strong> : Ce film blanc sans PVC offre une adh\u00e9rence durable et convient aux applications int\u00e9rieures et ext\u00e9rieures. Parfait pour les \u00e9tiquettes n\u00e9cessitant une longue dur\u00e9e de vie.<\/li>\n<li><strong>Film blanc (PP) &#8211; Forte adh\u00e9rence<\/strong> : Dot\u00e9 d&rsquo;une couche adh\u00e9sive extra forte, ce film est con\u00e7u pour les situations o\u00f9 une adh\u00e9rence maximale est n\u00e9cessaire, m\u00eame dans des conditions exigeantes \u00e0 l&rsquo;int\u00e9rieur comme \u00e0 l&rsquo;ext\u00e9rieur.<\/li>\n<li><strong>Papier<\/strong> : Disponible en mat ou brillant avec une couche adh\u00e9sive permanente, ce papier certifi\u00e9 FSC offre un aspect \u00e9l\u00e9gant pour des applications durables.<\/li>\n<li><strong>Film transparent &#8211; Permanent<\/strong> : Ce film transparent sans PVC est id\u00e9al pour une pr\u00e9sentation subtile et peut \u00eatre utilis\u00e9 aussi bien \u00e0 l&rsquo;int\u00e9rieur qu&rsquo;\u00e0 l&rsquo;ext\u00e9rieur sans alt\u00e9rer l&rsquo;aspect du support.<\/li>\n<\/ul>\n<p>&nbsp;<\/p>\n<h3>Finition<\/h3>\n<p>Pour le film transparent, vous pouvez choisir une couche de quadrichromie ou une quadrichromie avec une couche suppl\u00e9mentaire de blanc pour une luminosit\u00e9 accrue. En option, vous pouvez prot\u00e9ger vos autocollants avec un lamin\u00e9 brillant, anti-UV ou mat, disponible pour les films blancs et transparents. Nos autocollants sont disponibles en formes carr\u00e9es\/rectangulaires ou rondes, et peuvent \u00eatre personnalis\u00e9s selon vos souhaits de conception sp\u00e9cifiques.<\/p>\n<p>Remarque : il se peut que votre produit pr\u00e9sente un l\u00e9ger d\u00e9calage allant jusqu&rsquo;\u00e0 1,5 mm par rapport au centre du fichier. Vous pouvez minimiser cet effet en \u00e9vitant de placer des cadres inutilement fins autour de votre fichier.<\/p>\n<h3>Questions fr\u00e9quemment pos\u00e9es sur l&rsquo;impression d&rsquo;autocollants<\/h3>\n<p><strong>Quels supports conviennent \u00e0 l&rsquo;application de ces autocollants ?<\/strong><br \/>\nCes autocollants adh\u00e8rent mieux aux surfaces planes et lisses.<\/p>\n<p><strong>Quelle est la dur\u00e9e de vie pr\u00e9vue des autocollants ?<\/strong><br \/>\nLes autocollants sont con\u00e7us pour durer environ un an.<\/p>\n","protected":false},"excerpt":{"rendered":"<h3>Impression d&rsquo;autocollants &#8211; Jusqu&rsquo;\u00e0 30 x 25 cm. Livr\u00e9s d\u00e9coup\u00e9s ou en planche.<\/h3>\n<p>Transformez vos id\u00e9es avec nos autocollants polyvalents. Disponibles en formes carr\u00e9es, rectangulaires ou libres. Choisissez parmi 6 mat\u00e9riaux populaires et 3 lamin\u00e9s (pour une protection suppl\u00e9mentaire). Sans frais de d\u00e9marrage et livrables d\u00e8s 1 exemplaire.<\/p>\n","protected":false},"featured_media":15795,"template":"","meta":{"_et_pb_use_builder":"","_et_pb_old_content":"","_et_gb_content_width":""},"product_brand":[],"product_cat":[312,635],"product_tag":[],"class_list":{"0":"post-15793","1":"product","2":"type-product","3":"status-publish","4":"has-post-thumbnail","6":"product_cat-autocollants-et-impression","7":"product_cat-petits-autocollants","9":"first","10":"instock","11":"taxable","12":"shipping-taxable","13":"purchasable","14":"product-type-simple"},"yoast_head":"<!-- This site is optimized with the Yoast SEO plugin v27.3 - https:\/\/yoast.com\/product\/yoast-seo-wordpress\/ -->\n<title>Impression d&#039;autocollants sur mesure - Haute qualit\u00e9 et sans frais de d\u00e9marrage<\/title>\n<meta name=\"description\" content=\"D\u00e9couvrez notre vaste gamme d&#039;autocollants. Votre impression d&#039;une nettet\u00e9 exceptionnelle sur un autocollant au format ou \u00e0 la forme de votre choix. Aucun frais de d\u00e9marrage. D\u00e8s 1 exemplaire !\" \/>\n<meta name=\"robots\" content=\"index, follow, max-snippet:-1, max-image-preview:large, max-video-preview:-1\" \/>\n<link rel=\"canonical\" href=\"https:\/\/www.amstelprinting.nl\/fr\/boutique\/autocollants-et-impression\/petits-autocollants\/autocollants\/\" \/>\n<meta property=\"og:locale\" content=\"fr_FR\" \/>\n<meta property=\"og:type\" content=\"article\" \/>\n<meta property=\"og:title\" content=\"Impression d&#039;autocollants sur mesure - Haute qualit\u00e9 et sans frais de d\u00e9marrage\" \/>\n<meta property=\"og:description\" content=\"D\u00e9couvrez notre vaste gamme d&#039;autocollants. Votre impression d&#039;une nettet\u00e9 exceptionnelle sur un autocollant au format ou \u00e0 la forme de votre choix. Aucun frais de d\u00e9marrage. D\u00e8s 1 exemplaire !\" \/>\n<meta property=\"og:url\" content=\"https:\/\/www.amstelprinting.nl\/fr\/boutique\/autocollants-et-impression\/petits-autocollants\/autocollants\/\" \/>\n<meta property=\"og:site_name\" content=\"Amstel Printing\" \/>\n<meta property=\"article:modified_time\" content=\"2026-02-18T11:52:02+00:00\" \/>\n<meta property=\"og:image\" content=\"https:\/\/www.amstelprinting.nl\/wp-content\/uploads\/Stickers.jpg\" \/>\n\t<meta property=\"og:image:width\" content=\"700\" \/>\n\t<meta property=\"og:image:height\" content=\"700\" \/>\n\t<meta property=\"og:image:type\" content=\"image\/jpeg\" \/>\n<meta name=\"twitter:card\" content=\"summary_large_image\" \/>\n<meta name=\"twitter:label1\" content=\"Dur\u00e9e de lecture estim\u00e9e\" \/>\n\t<meta name=\"twitter:data1\" content=\"3 minutes\" \/>\n<script type=\"application\/ld+json\" class=\"yoast-schema-graph\">{\"@context\":\"https:\\\/\\\/schema.org\",\"@graph\":[{\"@type\":\"WebPage\",\"@id\":\"https:\\\/\\\/www.amstelprinting.nl\\\/fr\\\/boutique\\\/autocollants-et-impression\\\/petits-autocollants\\\/autocollants\\\/\",\"url\":\"https:\\\/\\\/www.amstelprinting.nl\\\/fr\\\/boutique\\\/autocollants-et-impression\\\/petits-autocollants\\\/autocollants\\\/\",\"name\":\"Impression d'autocollants sur mesure - Haute qualit\u00e9 et sans frais de d\u00e9marrage\",\"isPartOf\":{\"@id\":\"https:\\\/\\\/www.amstelprinting.nl\\\/fr\\\/#website\"},\"primaryImageOfPage\":{\"@id\":\"https:\\\/\\\/www.amstelprinting.nl\\\/fr\\\/boutique\\\/autocollants-et-impression\\\/petits-autocollants\\\/autocollants\\\/#primaryimage\"},\"image\":{\"@id\":\"https:\\\/\\\/www.amstelprinting.nl\\\/fr\\\/boutique\\\/autocollants-et-impression\\\/petits-autocollants\\\/autocollants\\\/#primaryimage\"},\"thumbnailUrl\":\"https:\\\/\\\/www.amstelprinting.nl\\\/wp-content\\\/uploads\\\/Stickers.jpg\",\"datePublished\":\"2025-01-23T19:40:58+00:00\",\"dateModified\":\"2026-02-18T11:52:02+00:00\",\"description\":\"D\u00e9couvrez notre vaste gamme d'autocollants. Votre impression d'une nettet\u00e9 exceptionnelle sur un autocollant au format ou \u00e0 la forme de votre choix. Aucun frais de d\u00e9marrage. D\u00e8s 1 exemplaire !\",\"breadcrumb\":{\"@id\":\"https:\\\/\\\/www.amstelprinting.nl\\\/fr\\\/boutique\\\/autocollants-et-impression\\\/petits-autocollants\\\/autocollants\\\/#breadcrumb\"},\"inLanguage\":\"fr-FR\",\"potentialAction\":[{\"@type\":\"ReadAction\",\"target\":[\"https:\\\/\\\/www.amstelprinting.nl\\\/fr\\\/boutique\\\/autocollants-et-impression\\\/petits-autocollants\\\/autocollants\\\/\"]}]},{\"@type\":\"ImageObject\",\"inLanguage\":\"fr-FR\",\"@id\":\"https:\\\/\\\/www.amstelprinting.nl\\\/fr\\\/boutique\\\/autocollants-et-impression\\\/petits-autocollants\\\/autocollants\\\/#primaryimage\",\"url\":\"https:\\\/\\\/www.amstelprinting.nl\\\/wp-content\\\/uploads\\\/Stickers.jpg\",\"contentUrl\":\"https:\\\/\\\/www.amstelprinting.nl\\\/wp-content\\\/uploads\\\/Stickers.jpg\",\"width\":700,\"height\":700},{\"@type\":\"BreadcrumbList\",\"@id\":\"https:\\\/\\\/www.amstelprinting.nl\\\/fr\\\/boutique\\\/autocollants-et-impression\\\/petits-autocollants\\\/autocollants\\\/#breadcrumb\",\"itemListElement\":[{\"@type\":\"ListItem\",\"position\":1,\"name\":\"\",\"item\":\"https:\\\/\\\/www.amstelprinting.nl\\\/fr\\\/\"},{\"@type\":\"ListItem\",\"position\":2,\"name\":\"Amstel Printing\",\"item\":\"https:\\\/\\\/www.amstelprinting.nl\\\/fr\\\/boutique\\\/\"},{\"@type\":\"ListItem\",\"position\":3,\"name\":\"Autocollants et impression\",\"item\":\"https:\\\/\\\/www.amstelprinting.nl\\\/fr\\\/categorie\\\/autocollants-et-impression\\\/\"},{\"@type\":\"ListItem\",\"position\":4,\"name\":\"Petits autocollants\",\"item\":\"https:\\\/\\\/www.amstelprinting.nl\\\/fr\\\/categorie\\\/autocollants-et-impression\\\/petits-autocollants\\\/\"},{\"@type\":\"ListItem\",\"position\":5,\"name\":\"Autocollants\"}]},{\"@type\":\"WebSite\",\"@id\":\"https:\\\/\\\/www.amstelprinting.nl\\\/fr\\\/#website\",\"url\":\"https:\\\/\\\/www.amstelprinting.nl\\\/fr\\\/\",\"name\":\"Amstel Printing\",\"description\":\"Creating Exposure\",\"publisher\":{\"@id\":\"https:\\\/\\\/www.amstelprinting.nl\\\/fr\\\/#organization\"},\"potentialAction\":[{\"@type\":\"SearchAction\",\"target\":{\"@type\":\"EntryPoint\",\"urlTemplate\":\"https:\\\/\\\/www.amstelprinting.nl\\\/fr\\\/?s={search_term_string}\"},\"query-input\":{\"@type\":\"PropertyValueSpecification\",\"valueRequired\":true,\"valueName\":\"search_term_string\"}}],\"inLanguage\":\"fr-FR\"},{\"@type\":\"Organization\",\"@id\":\"https:\\\/\\\/www.amstelprinting.nl\\\/fr\\\/#organization\",\"name\":\"Amstel Printing\",\"url\":\"https:\\\/\\\/www.amstelprinting.nl\\\/fr\\\/\",\"logo\":{\"@type\":\"ImageObject\",\"inLanguage\":\"fr-FR\",\"@id\":\"https:\\\/\\\/www.amstelprinting.nl\\\/fr\\\/#\\\/schema\\\/logo\\\/image\\\/\",\"url\":\"https:\\\/\\\/www.amstelprinting.nl\\\/wp-content\\\/uploads\\\/amstel_printing_logo_clean.png\",\"contentUrl\":\"https:\\\/\\\/www.amstelprinting.nl\\\/wp-content\\\/uploads\\\/amstel_printing_logo_clean.png\",\"width\":324,\"height\":73,\"caption\":\"Amstel Printing\"},\"image\":{\"@id\":\"https:\\\/\\\/www.amstelprinting.nl\\\/fr\\\/#\\\/schema\\\/logo\\\/image\\\/\"}}]}<\/script>\n<!-- \/ Yoast SEO plugin. -->","yoast_head_json":{"title":"Impression d'autocollants sur mesure - Haute qualit\u00e9 et sans frais de d\u00e9marrage","description":"D\u00e9couvrez notre vaste gamme d'autocollants. Votre impression d'une nettet\u00e9 exceptionnelle sur un autocollant au format ou \u00e0 la forme de votre choix. Aucun frais de d\u00e9marrage. D\u00e8s 1 exemplaire !","robots":{"index":"index","follow":"follow","max-snippet":"max-snippet:-1","max-image-preview":"max-image-preview:large","max-video-preview":"max-video-preview:-1"},"canonical":"https:\/\/www.amstelprinting.nl\/fr\/boutique\/autocollants-et-impression\/petits-autocollants\/autocollants\/","og_locale":"fr_FR","og_type":"article","og_title":"Impression d'autocollants sur mesure - Haute qualit\u00e9 et sans frais de d\u00e9marrage","og_description":"D\u00e9couvrez notre vaste gamme d'autocollants. Votre impression d'une nettet\u00e9 exceptionnelle sur un autocollant au format ou \u00e0 la forme de votre choix. Aucun frais de d\u00e9marrage. D\u00e8s 1 exemplaire !","og_url":"https:\/\/www.amstelprinting.nl\/fr\/boutique\/autocollants-et-impression\/petits-autocollants\/autocollants\/","og_site_name":"Amstel Printing","article_modified_time":"2026-02-18T11:52:02+00:00","og_image":[{"width":700,"height":700,"url":"https:\/\/www.amstelprinting.nl\/wp-content\/uploads\/Stickers.jpg","type":"image\/jpeg"}],"twitter_card":"summary_large_image","twitter_misc":{"Dur\u00e9e de lecture estim\u00e9e":"3 minutes"},"schema":{"@context":"https:\/\/schema.org","@graph":[{"@type":"WebPage","@id":"https:\/\/www.amstelprinting.nl\/fr\/boutique\/autocollants-et-impression\/petits-autocollants\/autocollants\/","url":"https:\/\/www.amstelprinting.nl\/fr\/boutique\/autocollants-et-impression\/petits-autocollants\/autocollants\/","name":"Impression d'autocollants sur mesure - Haute qualit\u00e9 et sans frais de d\u00e9marrage","isPartOf":{"@id":"https:\/\/www.amstelprinting.nl\/fr\/#website"},"primaryImageOfPage":{"@id":"https:\/\/www.amstelprinting.nl\/fr\/boutique\/autocollants-et-impression\/petits-autocollants\/autocollants\/#primaryimage"},"image":{"@id":"https:\/\/www.amstelprinting.nl\/fr\/boutique\/autocollants-et-impression\/petits-autocollants\/autocollants\/#primaryimage"},"thumbnailUrl":"https:\/\/www.amstelprinting.nl\/wp-content\/uploads\/Stickers.jpg","datePublished":"2025-01-23T19:40:58+00:00","dateModified":"2026-02-18T11:52:02+00:00","description":"D\u00e9couvrez notre vaste gamme d'autocollants. Votre impression d'une nettet\u00e9 exceptionnelle sur un autocollant au format ou \u00e0 la forme de votre choix. Aucun frais de d\u00e9marrage. D\u00e8s 1 exemplaire !","breadcrumb":{"@id":"https:\/\/www.amstelprinting.nl\/fr\/boutique\/autocollants-et-impression\/petits-autocollants\/autocollants\/#breadcrumb"},"inLanguage":"fr-FR","potentialAction":[{"@type":"ReadAction","target":["https:\/\/www.amstelprinting.nl\/fr\/boutique\/autocollants-et-impression\/petits-autocollants\/autocollants\/"]}]},{"@type":"ImageObject","inLanguage":"fr-FR","@id":"https:\/\/www.amstelprinting.nl\/fr\/boutique\/autocollants-et-impression\/petits-autocollants\/autocollants\/#primaryimage","url":"https:\/\/www.amstelprinting.nl\/wp-content\/uploads\/Stickers.jpg","contentUrl":"https:\/\/www.amstelprinting.nl\/wp-content\/uploads\/Stickers.jpg","width":700,"height":700},{"@type":"BreadcrumbList","@id":"https:\/\/www.amstelprinting.nl\/fr\/boutique\/autocollants-et-impression\/petits-autocollants\/autocollants\/#breadcrumb","itemListElement":[{"@type":"ListItem","position":1,"name":"","item":"https:\/\/www.amstelprinting.nl\/fr\/"},{"@type":"ListItem","position":2,"name":"Amstel Printing","item":"https:\/\/www.amstelprinting.nl\/fr\/boutique\/"},{"@type":"ListItem","position":3,"name":"Autocollants et impression","item":"https:\/\/www.amstelprinting.nl\/fr\/categorie\/autocollants-et-impression\/"},{"@type":"ListItem","position":4,"name":"Petits autocollants","item":"https:\/\/www.amstelprinting.nl\/fr\/categorie\/autocollants-et-impression\/petits-autocollants\/"},{"@type":"ListItem","position":5,"name":"Autocollants"}]},{"@type":"WebSite","@id":"https:\/\/www.amstelprinting.nl\/fr\/#website","url":"https:\/\/www.amstelprinting.nl\/fr\/","name":"Amstel Printing","description":"Creating Exposure","publisher":{"@id":"https:\/\/www.amstelprinting.nl\/fr\/#organization"},"potentialAction":[{"@type":"SearchAction","target":{"@type":"EntryPoint","urlTemplate":"https:\/\/www.amstelprinting.nl\/fr\/?s={search_term_string}"},"query-input":{"@type":"PropertyValueSpecification","valueRequired":true,"valueName":"search_term_string"}}],"inLanguage":"fr-FR"},{"@type":"Organization","@id":"https:\/\/www.amstelprinting.nl\/fr\/#organization","name":"Amstel Printing","url":"https:\/\/www.amstelprinting.nl\/fr\/","logo":{"@type":"ImageObject","inLanguage":"fr-FR","@id":"https:\/\/www.amstelprinting.nl\/fr\/#\/schema\/logo\/image\/","url":"https:\/\/www.amstelprinting.nl\/wp-content\/uploads\/amstel_printing_logo_clean.png","contentUrl":"https:\/\/www.amstelprinting.nl\/wp-content\/uploads\/amstel_printing_logo_clean.png","width":324,"height":73,"caption":"Amstel Printing"},"image":{"@id":"https:\/\/www.amstelprinting.nl\/fr\/#\/schema\/logo\/image\/"}}]}},"_links":{"self":[{"href":"https:\/\/www.amstelprinting.nl\/fr\/wp-json\/wp\/v2\/product\/15793","targetHints":{"allow":["GET"]}}],"collection":[{"href":"https:\/\/www.amstelprinting.nl\/fr\/wp-json\/wp\/v2\/product"}],"about":[{"href":"https:\/\/www.amstelprinting.nl\/fr\/wp-json\/wp\/v2\/types\/product"}],"wp:featuredmedia":[{"embeddable":true,"href":"https:\/\/www.amstelprinting.nl\/fr\/wp-json\/wp\/v2\/media\/15795"}],"wp:attachment":[{"href":"https:\/\/www.amstelprinting.nl\/fr\/wp-json\/wp\/v2\/media?parent=15793"}],"wp:term":[{"taxonomy":"product_brand","embeddable":true,"href":"https:\/\/www.amstelprinting.nl\/fr\/wp-json\/wp\/v2\/product_brand?post=15793"},{"taxonomy":"product_cat","embeddable":true,"href":"https:\/\/www.amstelprinting.nl\/fr\/wp-json\/wp\/v2\/product_cat?post=15793"},{"taxonomy":"product_tag","embeddable":true,"href":"https:\/\/www.amstelprinting.nl\/fr\/wp-json\/wp\/v2\/product_tag?post=15793"}],"curies":[{"name":"wp","href":"https:\/\/api.w.org\/{rel}","templated":true}]}}