{"id":15807,"date":"2025-01-23T20:38:21","date_gmt":"2025-01-23T19:38:21","guid":{"rendered":"https:\/\/www.amstelprinting.nl\/winkel\/non%20class\u00e9\/reclamebord\/"},"modified":"2026-02-18T12:52:03","modified_gmt":"2026-02-18T11:52:03","slug":"panneau-publicitaire","status":"publish","type":"product","link":"https:\/\/www.amstelprinting.nl\/fr\/boutique\/publicite-exterieure\/panneaux-daffichage\/panneau-publicitaire\/","title":{"rendered":"Panneau publicitaire"},"content":{"rendered":"<p>Les panneaux publicitaires mettent votre message en valeur au format maximum. Chez Amstel Printing, vous trouverez un type de panneau publicitaire adapt\u00e9 \u00e0 chaque application.<\/p>\n<h2>Mat\u00e9riau du panneau<\/h2>\n<p>Choisissez parmi l&rsquo;un des cinq types de mat\u00e9riaux diff\u00e9rents. Ci-dessous, nous expliquons bri\u00e8vement les propri\u00e9t\u00e9s par type de mat\u00e9riau.<\/p>\n<p><strong>Forex<\/strong><br \/>\nLe Forex est un panneau l\u00e9ger en PVC expans\u00e9, id\u00e9al pour une utilisation en int\u00e9rieur.<\/p>\n<p><strong>Dibond\u00ae<\/strong><br \/>\nLe Dibond\u00ae est l&rsquo;un des types de panneaux les plus vendus. Le panneau publicitaire Dibond poss\u00e8de un noyau en aluminium et une couche sup\u00e9rieure blanche. Il est ind\u00e9formable, adapt\u00e9 \u00e0 un usage int\u00e9rieur et ext\u00e9rieur.<\/p>\n<p><strong>Easyprint<\/strong><br \/>\nEasyprint est un mat\u00e9riau en plaques l\u00e9ger et robuste fabriqu\u00e9 en polypropyl\u00e8ne.<\/p>\n<p><strong>HPL<\/strong><br \/>\nBesoin d&rsquo;un panneau publicitaire robuste pour des applications intensives ? Choisissez alors un panneau publicitaire en HPL. Le panneau HPL r\u00e9sistant avec un noyau brun et une couche sup\u00e9rieure blanche convient \u00e0 un usage int\u00e9rieur et ext\u00e9rieur.<\/p>\n<p><strong>Plaque alv\u00e9olaire<\/strong><br \/>\nPlaque alv\u00e9olaire en plastique pour un usage int\u00e9rieur et ext\u00e9rieur. La composition flexible de ce mat\u00e9riau le rend parfaitement adapt\u00e9 au pliage du panneau publicitaire.<\/p>\n<p><strong>Akylite<\/strong><br \/>\nL&rsquo;Akylite est r\u00e9put\u00e9 pour ses propri\u00e9t\u00e9s de l\u00e9g\u00e8ret\u00e9 et de robustesse. Un panneau publicitaire en Akylite poss\u00e8de un noyau en nid d&rsquo;abeille et est \u00e9galement sans PVC. Adapt\u00e9 \u00e0 un usage int\u00e9rieur et ext\u00e9rieur.<\/p>\n<p><strong>Sign Again\u00ae<\/strong><br \/>\n\u00c0 la recherche d&rsquo;une variante durable ? Optez pour un mat\u00e9riau circulaire fabriqu\u00e9 \u00e0 partir de banni\u00e8res usag\u00e9es et de d\u00e9chets de d\u00e9coupe. Adapt\u00e9 \u00e0 l&rsquo;int\u00e9rieur comme \u00e0 l&rsquo;ext\u00e9rieur, r\u00e9sistant aux chocs et flexible.<\/p>\n<h3>Impression recto ou recto-verso<\/h3>\n<p>Lors de la commande de votre panneau publicitaire, vous pouvez choisir une impression recto ou recto-verso dans le configurateur. Id\u00e9al si vous souhaitez afficher l&rsquo;impression sur les deux faces du panneau publicitaire. Attention : tous les types de mat\u00e9riaux de plaques (d\u00e9crits ci-dessus) ne sont pas disponibles pour les panneaux publicitaires imprim\u00e9s en recto-verso.<\/p>\n<h3>Foire aux questions<\/h3>\n<p><strong>Pourquoi choisir un rev\u00eatement ?<\/strong><br \/>\nGr\u00e2ce au rev\u00eatement optionnel, une dur\u00e9e de vie maximale est garantie. Le rev\u00eatement permet non seulement d&rsquo;augmenter l&rsquo;intensit\u00e9 des couleurs, mais l&rsquo;impression r\u00e9siste \u00e9galement mieux aux divers facteurs environnementaux.<\/p>\n<p><strong>Quels types de rev\u00eatements sont disponibles ?<\/strong><br \/>\nAmstel Printing fournit des panneaux publicitaires avec un rev\u00eatement mat ou brillant.<\/p>\n<p><strong>Quel effet le type de rev\u00eatement a-t-il sur l&rsquo;impression ?<\/strong><br \/>\nAvec un rev\u00eatement mat, l&rsquo;aspect de l&rsquo;impression est un peu plus terne, mais le texte est plus lisible. L&rsquo;effet d&rsquo;un rev\u00eatement brillant est qu&rsquo;il peut pr\u00e9senter de l\u00e9gers reflets. En revanche, les couleurs sont plus vives et plus puissantes qu&rsquo;avec un rev\u00eatement mat.<\/p>\n<p><strong>Quelle est la diff\u00e9rence d&rsquo;aspect entre un rev\u00eatement brillant et un rev\u00eatement mat ?<\/strong><br \/>\nAvec un rev\u00eatement brillant, vous obtenez des couleurs vives et puissantes, mais la surface pr\u00e9sente un l\u00e9ger reflet. Un rev\u00eatement mat donne une image un peu plus terne, mais les textes sont justement mieux lisibles.<\/p>\n","protected":false},"excerpt":{"rendered":"<h3>Convient pour l&rsquo;int\u00e9rieur et l&rsquo;ext\u00e9rieur<\/h3>\n<p>Mettez en avant le nom de votre entreprise ou vos informations gr\u00e2ce \u00e0 ce panneau publicitaire. Convient pour l&rsquo;int\u00e9rieur et l&rsquo;ext\u00e9rieur. Disponible en diff\u00e9rents formats et finitions. Configurez votre panneau publicitaire selon vos souhaits ci-dessous.<\/p>\n","protected":false},"featured_media":15808,"template":"","meta":{"_et_pb_use_builder":"","_et_pb_old_content":"","_et_gb_content_width":""},"product_brand":[],"product_cat":[469,448],"product_tag":[],"class_list":{"0":"post-15807","1":"product","2":"type-product","3":"status-publish","4":"has-post-thumbnail","6":"product_cat-panneaux-daffichage","7":"product_cat-publicite-exterieure","9":"first","10":"instock","11":"taxable","12":"shipping-taxable","13":"purchasable","14":"product-type-simple"},"yoast_head":"<!-- This site is optimized with the Yoast SEO plugin v27.3 - https:\/\/yoast.com\/product\/yoast-seo-wordpress\/ -->\n<title>Impression de panneaux publicitaires | Amstel Printing<\/title>\n<meta name=\"description\" content=\"Votre panneau publicitaire imprim\u00e9 livr\u00e9 demain ? Commandez avant 21h30. L&#039;impression recto-verso de ce panneau publicitaire est \u00e9galement possible ! Concevez et calculez votre panneau publicitaire ici !\" \/>\n<meta name=\"robots\" content=\"index, follow, max-snippet:-1, max-image-preview:large, max-video-preview:-1\" \/>\n<link rel=\"canonical\" href=\"https:\/\/www.amstelprinting.nl\/fr\/boutique\/publicite-exterieure\/panneaux-daffichage\/panneau-publicitaire\/\" \/>\n<meta property=\"og:locale\" content=\"fr_FR\" \/>\n<meta property=\"og:type\" content=\"article\" \/>\n<meta property=\"og:title\" content=\"Impression de panneaux publicitaires | Amstel Printing\" \/>\n<meta property=\"og:description\" content=\"Votre panneau publicitaire imprim\u00e9 livr\u00e9 demain ? Commandez avant 21h30. L&#039;impression recto-verso de ce panneau publicitaire est \u00e9galement possible ! Concevez et calculez votre panneau publicitaire ici !\" \/>\n<meta property=\"og:url\" content=\"https:\/\/www.amstelprinting.nl\/fr\/boutique\/publicite-exterieure\/panneaux-daffichage\/panneau-publicitaire\/\" \/>\n<meta property=\"og:site_name\" content=\"Amstel Printing\" \/>\n<meta property=\"article:modified_time\" content=\"2026-02-18T11:52:03+00:00\" \/>\n<meta property=\"og:image\" content=\"https:\/\/www.amstelprinting.nl\/wp-content\/uploads\/reclamebord-bedrukken-2.png\" \/>\n\t<meta property=\"og:image:width\" content=\"900\" \/>\n\t<meta property=\"og:image:height\" content=\"900\" \/>\n\t<meta property=\"og:image:type\" content=\"image\/png\" \/>\n<meta name=\"twitter:card\" content=\"summary_large_image\" \/>\n<meta name=\"twitter:label1\" content=\"Dur\u00e9e de lecture estim\u00e9e\" \/>\n\t<meta name=\"twitter:data1\" content=\"3 minutes\" \/>\n<script type=\"application\/ld+json\" class=\"yoast-schema-graph\">{\"@context\":\"https:\\\/\\\/schema.org\",\"@graph\":[{\"@type\":\"WebPage\",\"@id\":\"https:\\\/\\\/www.amstelprinting.nl\\\/fr\\\/boutique\\\/publicite-exterieure\\\/panneaux-daffichage\\\/panneau-publicitaire\\\/\",\"url\":\"https:\\\/\\\/www.amstelprinting.nl\\\/fr\\\/boutique\\\/publicite-exterieure\\\/panneaux-daffichage\\\/panneau-publicitaire\\\/\",\"name\":\"Impression de panneaux publicitaires | Amstel Printing\",\"isPartOf\":{\"@id\":\"https:\\\/\\\/www.amstelprinting.nl\\\/fr\\\/#website\"},\"primaryImageOfPage\":{\"@id\":\"https:\\\/\\\/www.amstelprinting.nl\\\/fr\\\/boutique\\\/publicite-exterieure\\\/panneaux-daffichage\\\/panneau-publicitaire\\\/#primaryimage\"},\"image\":{\"@id\":\"https:\\\/\\\/www.amstelprinting.nl\\\/fr\\\/boutique\\\/publicite-exterieure\\\/panneaux-daffichage\\\/panneau-publicitaire\\\/#primaryimage\"},\"thumbnailUrl\":\"https:\\\/\\\/www.amstelprinting.nl\\\/wp-content\\\/uploads\\\/reclamebord-bedrukken-2.png\",\"datePublished\":\"2025-01-23T19:38:21+00:00\",\"dateModified\":\"2026-02-18T11:52:03+00:00\",\"description\":\"Votre panneau publicitaire imprim\u00e9 livr\u00e9 demain ? Commandez avant 21h30. L'impression recto-verso de ce panneau publicitaire est \u00e9galement possible ! Concevez et calculez votre panneau publicitaire ici !\",\"breadcrumb\":{\"@id\":\"https:\\\/\\\/www.amstelprinting.nl\\\/fr\\\/boutique\\\/publicite-exterieure\\\/panneaux-daffichage\\\/panneau-publicitaire\\\/#breadcrumb\"},\"inLanguage\":\"fr-FR\",\"potentialAction\":[{\"@type\":\"ReadAction\",\"target\":[\"https:\\\/\\\/www.amstelprinting.nl\\\/fr\\\/boutique\\\/publicite-exterieure\\\/panneaux-daffichage\\\/panneau-publicitaire\\\/\"]}]},{\"@type\":\"ImageObject\",\"inLanguage\":\"fr-FR\",\"@id\":\"https:\\\/\\\/www.amstelprinting.nl\\\/fr\\\/boutique\\\/publicite-exterieure\\\/panneaux-daffichage\\\/panneau-publicitaire\\\/#primaryimage\",\"url\":\"https:\\\/\\\/www.amstelprinting.nl\\\/wp-content\\\/uploads\\\/reclamebord-bedrukken-2.png\",\"contentUrl\":\"https:\\\/\\\/www.amstelprinting.nl\\\/wp-content\\\/uploads\\\/reclamebord-bedrukken-2.png\",\"width\":900,\"height\":900},{\"@type\":\"BreadcrumbList\",\"@id\":\"https:\\\/\\\/www.amstelprinting.nl\\\/fr\\\/boutique\\\/publicite-exterieure\\\/panneaux-daffichage\\\/panneau-publicitaire\\\/#breadcrumb\",\"itemListElement\":[{\"@type\":\"ListItem\",\"position\":1,\"name\":\"\",\"item\":\"https:\\\/\\\/www.amstelprinting.nl\\\/fr\\\/\"},{\"@type\":\"ListItem\",\"position\":2,\"name\":\"Amstel Printing\",\"item\":\"https:\\\/\\\/www.amstelprinting.nl\\\/fr\\\/boutique\\\/\"},{\"@type\":\"ListItem\",\"position\":3,\"name\":\"Publicit\u00e9 ext\u00e9rieure\",\"item\":\"https:\\\/\\\/www.amstelprinting.nl\\\/fr\\\/categorie\\\/publicite-exterieure\\\/\"},{\"@type\":\"ListItem\",\"position\":4,\"name\":\"Panneaux d'affichage\",\"item\":\"https:\\\/\\\/www.amstelprinting.nl\\\/fr\\\/categorie\\\/publicite-exterieure\\\/panneaux-daffichage\\\/\"},{\"@type\":\"ListItem\",\"position\":5,\"name\":\"Panneau publicitaire\"}]},{\"@type\":\"WebSite\",\"@id\":\"https:\\\/\\\/www.amstelprinting.nl\\\/fr\\\/#website\",\"url\":\"https:\\\/\\\/www.amstelprinting.nl\\\/fr\\\/\",\"name\":\"Amstel Printing\",\"description\":\"Creating Exposure\",\"publisher\":{\"@id\":\"https:\\\/\\\/www.amstelprinting.nl\\\/fr\\\/#organization\"},\"potentialAction\":[{\"@type\":\"SearchAction\",\"target\":{\"@type\":\"EntryPoint\",\"urlTemplate\":\"https:\\\/\\\/www.amstelprinting.nl\\\/fr\\\/?s={search_term_string}\"},\"query-input\":{\"@type\":\"PropertyValueSpecification\",\"valueRequired\":true,\"valueName\":\"search_term_string\"}}],\"inLanguage\":\"fr-FR\"},{\"@type\":\"Organization\",\"@id\":\"https:\\\/\\\/www.amstelprinting.nl\\\/fr\\\/#organization\",\"name\":\"Amstel Printing\",\"url\":\"https:\\\/\\\/www.amstelprinting.nl\\\/fr\\\/\",\"logo\":{\"@type\":\"ImageObject\",\"inLanguage\":\"fr-FR\",\"@id\":\"https:\\\/\\\/www.amstelprinting.nl\\\/fr\\\/#\\\/schema\\\/logo\\\/image\\\/\",\"url\":\"https:\\\/\\\/www.amstelprinting.nl\\\/wp-content\\\/uploads\\\/amstel_printing_logo_clean.png\",\"contentUrl\":\"https:\\\/\\\/www.amstelprinting.nl\\\/wp-content\\\/uploads\\\/amstel_printing_logo_clean.png\",\"width\":324,\"height\":73,\"caption\":\"Amstel Printing\"},\"image\":{\"@id\":\"https:\\\/\\\/www.amstelprinting.nl\\\/fr\\\/#\\\/schema\\\/logo\\\/image\\\/\"}}]}<\/script>\n<!-- \/ Yoast SEO plugin. -->","yoast_head_json":{"title":"Impression de panneaux publicitaires | Amstel Printing","description":"Votre panneau publicitaire imprim\u00e9 livr\u00e9 demain ? Commandez avant 21h30. L'impression recto-verso de ce panneau publicitaire est \u00e9galement possible ! Concevez et calculez votre panneau publicitaire ici !","robots":{"index":"index","follow":"follow","max-snippet":"max-snippet:-1","max-image-preview":"max-image-preview:large","max-video-preview":"max-video-preview:-1"},"canonical":"https:\/\/www.amstelprinting.nl\/fr\/boutique\/publicite-exterieure\/panneaux-daffichage\/panneau-publicitaire\/","og_locale":"fr_FR","og_type":"article","og_title":"Impression de panneaux publicitaires | Amstel Printing","og_description":"Votre panneau publicitaire imprim\u00e9 livr\u00e9 demain ? Commandez avant 21h30. L'impression recto-verso de ce panneau publicitaire est \u00e9galement possible ! Concevez et calculez votre panneau publicitaire ici !","og_url":"https:\/\/www.amstelprinting.nl\/fr\/boutique\/publicite-exterieure\/panneaux-daffichage\/panneau-publicitaire\/","og_site_name":"Amstel Printing","article_modified_time":"2026-02-18T11:52:03+00:00","og_image":[{"width":900,"height":900,"url":"https:\/\/www.amstelprinting.nl\/wp-content\/uploads\/reclamebord-bedrukken-2.png","type":"image\/png"}],"twitter_card":"summary_large_image","twitter_misc":{"Dur\u00e9e de lecture estim\u00e9e":"3 minutes"},"schema":{"@context":"https:\/\/schema.org","@graph":[{"@type":"WebPage","@id":"https:\/\/www.amstelprinting.nl\/fr\/boutique\/publicite-exterieure\/panneaux-daffichage\/panneau-publicitaire\/","url":"https:\/\/www.amstelprinting.nl\/fr\/boutique\/publicite-exterieure\/panneaux-daffichage\/panneau-publicitaire\/","name":"Impression de panneaux publicitaires | Amstel Printing","isPartOf":{"@id":"https:\/\/www.amstelprinting.nl\/fr\/#website"},"primaryImageOfPage":{"@id":"https:\/\/www.amstelprinting.nl\/fr\/boutique\/publicite-exterieure\/panneaux-daffichage\/panneau-publicitaire\/#primaryimage"},"image":{"@id":"https:\/\/www.amstelprinting.nl\/fr\/boutique\/publicite-exterieure\/panneaux-daffichage\/panneau-publicitaire\/#primaryimage"},"thumbnailUrl":"https:\/\/www.amstelprinting.nl\/wp-content\/uploads\/reclamebord-bedrukken-2.png","datePublished":"2025-01-23T19:38:21+00:00","dateModified":"2026-02-18T11:52:03+00:00","description":"Votre panneau publicitaire imprim\u00e9 livr\u00e9 demain ? Commandez avant 21h30. L'impression recto-verso de ce panneau publicitaire est \u00e9galement possible ! Concevez et calculez votre panneau publicitaire ici !","breadcrumb":{"@id":"https:\/\/www.amstelprinting.nl\/fr\/boutique\/publicite-exterieure\/panneaux-daffichage\/panneau-publicitaire\/#breadcrumb"},"inLanguage":"fr-FR","potentialAction":[{"@type":"ReadAction","target":["https:\/\/www.amstelprinting.nl\/fr\/boutique\/publicite-exterieure\/panneaux-daffichage\/panneau-publicitaire\/"]}]},{"@type":"ImageObject","inLanguage":"fr-FR","@id":"https:\/\/www.amstelprinting.nl\/fr\/boutique\/publicite-exterieure\/panneaux-daffichage\/panneau-publicitaire\/#primaryimage","url":"https:\/\/www.amstelprinting.nl\/wp-content\/uploads\/reclamebord-bedrukken-2.png","contentUrl":"https:\/\/www.amstelprinting.nl\/wp-content\/uploads\/reclamebord-bedrukken-2.png","width":900,"height":900},{"@type":"BreadcrumbList","@id":"https:\/\/www.amstelprinting.nl\/fr\/boutique\/publicite-exterieure\/panneaux-daffichage\/panneau-publicitaire\/#breadcrumb","itemListElement":[{"@type":"ListItem","position":1,"name":"","item":"https:\/\/www.amstelprinting.nl\/fr\/"},{"@type":"ListItem","position":2,"name":"Amstel Printing","item":"https:\/\/www.amstelprinting.nl\/fr\/boutique\/"},{"@type":"ListItem","position":3,"name":"Publicit\u00e9 ext\u00e9rieure","item":"https:\/\/www.amstelprinting.nl\/fr\/categorie\/publicite-exterieure\/"},{"@type":"ListItem","position":4,"name":"Panneaux d'affichage","item":"https:\/\/www.amstelprinting.nl\/fr\/categorie\/publicite-exterieure\/panneaux-daffichage\/"},{"@type":"ListItem","position":5,"name":"Panneau publicitaire"}]},{"@type":"WebSite","@id":"https:\/\/www.amstelprinting.nl\/fr\/#website","url":"https:\/\/www.amstelprinting.nl\/fr\/","name":"Amstel Printing","description":"Creating Exposure","publisher":{"@id":"https:\/\/www.amstelprinting.nl\/fr\/#organization"},"potentialAction":[{"@type":"SearchAction","target":{"@type":"EntryPoint","urlTemplate":"https:\/\/www.amstelprinting.nl\/fr\/?s={search_term_string}"},"query-input":{"@type":"PropertyValueSpecification","valueRequired":true,"valueName":"search_term_string"}}],"inLanguage":"fr-FR"},{"@type":"Organization","@id":"https:\/\/www.amstelprinting.nl\/fr\/#organization","name":"Amstel Printing","url":"https:\/\/www.amstelprinting.nl\/fr\/","logo":{"@type":"ImageObject","inLanguage":"fr-FR","@id":"https:\/\/www.amstelprinting.nl\/fr\/#\/schema\/logo\/image\/","url":"https:\/\/www.amstelprinting.nl\/wp-content\/uploads\/amstel_printing_logo_clean.png","contentUrl":"https:\/\/www.amstelprinting.nl\/wp-content\/uploads\/amstel_printing_logo_clean.png","width":324,"height":73,"caption":"Amstel Printing"},"image":{"@id":"https:\/\/www.amstelprinting.nl\/fr\/#\/schema\/logo\/image\/"}}]}},"_links":{"self":[{"href":"https:\/\/www.amstelprinting.nl\/fr\/wp-json\/wp\/v2\/product\/15807","targetHints":{"allow":["GET"]}}],"collection":[{"href":"https:\/\/www.amstelprinting.nl\/fr\/wp-json\/wp\/v2\/product"}],"about":[{"href":"https:\/\/www.amstelprinting.nl\/fr\/wp-json\/wp\/v2\/types\/product"}],"wp:featuredmedia":[{"embeddable":true,"href":"https:\/\/www.amstelprinting.nl\/fr\/wp-json\/wp\/v2\/media\/15808"}],"wp:attachment":[{"href":"https:\/\/www.amstelprinting.nl\/fr\/wp-json\/wp\/v2\/media?parent=15807"}],"wp:term":[{"taxonomy":"product_brand","embeddable":true,"href":"https:\/\/www.amstelprinting.nl\/fr\/wp-json\/wp\/v2\/product_brand?post=15807"},{"taxonomy":"product_cat","embeddable":true,"href":"https:\/\/www.amstelprinting.nl\/fr\/wp-json\/wp\/v2\/product_cat?post=15807"},{"taxonomy":"product_tag","embeddable":true,"href":"https:\/\/www.amstelprinting.nl\/fr\/wp-json\/wp\/v2\/product_tag?post=15807"}],"curies":[{"name":"wp","href":"https:\/\/api.w.org\/{rel}","templated":true}]}}