{"id":15872,"date":"2025-01-21T20:06:51","date_gmt":"2025-01-21T19:06:51","guid":{"rendered":"https:\/\/www.amstelprinting.nl\/winkel\/non%20class\u00e9\/reclamebord-met-beschermlak\/"},"modified":"2026-02-18T12:52:03","modified_gmt":"2026-02-18T11:52:03","slug":"panneau-publicitaire-avec-vernis-de-protection","status":"publish","type":"product","link":"https:\/\/www.amstelprinting.nl\/fr\/boutique\/publicite-exterieure\/panneaux-daffichage\/panneau-publicitaire-avec-vernis-de-protection\/","title":{"rendered":"Panneau publicitaire avec vernis de protection"},"content":{"rendered":"<h3>Impression de panneaux publicitaires<\/h3>\n<p>Les panneaux publicitaires ont de nombreuses applications et sont souvent utilis\u00e9s (imprim\u00e9s avec un logo d&rsquo;entreprise ou un message) comme moyen promotionnel pour les b\u00e2timents d&rsquo;entreprise, les \u00e9v\u00e9nements, les fa\u00e7ades de magasins, les bureaux, mais aussi pour une utilisation le long des autoroutes, sur les chantiers de construction et dans les espaces publics.<\/p>\n<h3>Mat\u00e9riau &amp; Qualit\u00e9<\/h3>\n<p>Le panneau publicitaire est disponible en trois types de mat\u00e9riaux Dibond\u00ae diff\u00e9rents. Dibond\u00ae est un panneau sandwich haut de gamme avec un noyau noir qui convient \u00e0 une utilisation int\u00e9rieure et ext\u00e9rieure. Ci-dessous, nous expliquons bri\u00e8vement les propri\u00e9t\u00e9s par type de plaque Dibond\u00ae.<\/p>\n<p><strong>Dibond\u00ae Digital (3mm)<\/strong><br \/>\nNotre option standard, id\u00e9ale pour les impressions num\u00e9riques de haute qualit\u00e9. Ce mat\u00e9riau de 3 mm d&rsquo;\u00e9paisseur allie robustesse et structure l\u00e9g\u00e8re, convenant \u00e0 une utilisation int\u00e9rieure et ext\u00e9rieure.<\/p>\n<p><strong>Dibond\u00ae Budget (6mm)<\/strong><br \/>\nL&rsquo;option \u00e9conomique avec une \u00e9paisseur de 6 mm, offrant une solidit\u00e9 suppl\u00e9mentaire sans compromis sur la qualit\u00e9. Id\u00e9al pour les grands panneaux publicitaires n\u00e9cessitant un support suppl\u00e9mentaire.<\/p>\n<p><strong>Dibond\u00ae Premium (3mm)<\/strong><br \/>\nCette variante haut de gamme (premium) offre la m\u00eame \u00e9paisseur que la variante num\u00e9rique, mais est extra durable gr\u00e2ce \u00e0 une finition premium, adapt\u00e9e aux applications les plus exigeantes.<\/p>\n<h3>Dimensions<\/h3>\n<p>Nos panneaux publicitaires sont disponibles en plusieurs dimensions standards. Si votre panneau publicitaire imprim\u00e9 doit r\u00e9pondre \u00e0 une dimension sp\u00e9cifique, cela est bien s\u00fbr \u00e9galement possible. Dans ce cas, indiquez la dimension souhait\u00e9e lors de la premi\u00e8re \u00e9tape du configurateur de produit.<\/p>\n<h3>Vernis de protection<\/h3>\n<p>Tous les panneaux publicitaires sur cette page produit sont dot\u00e9s d&rsquo;une couche de vernis protecteur qui non seulement prolonge la dur\u00e9e de vie, mais conserve \u00e9galement les couleurs \u00e9clatantes plus longtemps. De plus, le vernis de protection offre une protection contre les rayures et les intemp\u00e9ries. Vous recherchez une alternative plus \u00e9conomique sans vernis de protection ? Consultez ici notre <strong>panneau publicitaire standard<\/strong>.<\/p>\n<h3>Questions fr\u00e9quemment pos\u00e9es<\/h3>\n<p><strong>Pourquoi choisir un rev\u00eatement ?<\/strong><br \/>\nLe rev\u00eatement optionnel garantit une dur\u00e9e de vie maximale. Gr\u00e2ce au rev\u00eatement, l&rsquo;intensit\u00e9 des couleurs est non seulement augment\u00e9e, mais l&rsquo;impression r\u00e9siste \u00e9galement plus longtemps aux divers facteurs environnementaux.<\/p>\n<p><strong>Quels types de rev\u00eatements sont disponibles ?<\/strong><br \/>\nAmstel Printing livre des panneaux publicitaires avec un rev\u00eatement mat ou brillant.<\/p>\n<p><strong>Quel effet le type de rev\u00eatement a-t-il sur l&rsquo;impression ?<\/strong><br \/>\nAvec un rev\u00eatement mat, l&rsquo;aspect de l&rsquo;impression est l\u00e9g\u00e8rement plus terne, mais le texte est plus facile \u00e0 lire. L&rsquo;effet d&rsquo;un rev\u00eatement brillant est qu&rsquo;il peut briller l\u00e9g\u00e8rement. En revanche, les couleurs sont plus vives et plus puissantes qu&rsquo;avec un rev\u00eatement mat.<\/p>\n<p><strong>Quelle est la diff\u00e9rence d&rsquo;aspect entre un rev\u00eatement brillant et mat ?<\/strong><br \/>\nAvec un rev\u00eatement brillant, vous obtenez des couleurs vives et puissantes, mais avec un reflet minimal. Un rev\u00eatement mat donne une image l\u00e9g\u00e8rement plus terne, mais les textes sont en revanche plus faciles \u00e0 lire.<\/p>\n","protected":false},"excerpt":{"rendered":"<h3>Dot\u00e9 d&rsquo;un rev\u00eatement protecteur<\/h3>\n<p>Promouvez votre entreprise ou \u00e9v\u00e9nement avec nos panneaux publicitaires de haute qualit\u00e9, finis avec un vernis de protection pour une durabilit\u00e9 accrue. Nos panneaux publicitaires peuvent \u00e9galement \u00eatre imprim\u00e9s recto-verso. Choisissez ci-dessous dans le configurateur la qualit\u00e9 et la finition qui vous conviennent.<\/p>\n","protected":false},"featured_media":15873,"template":"","meta":{"_et_pb_use_builder":"","_et_pb_old_content":"","_et_gb_content_width":""},"product_brand":[],"product_cat":[469,448],"product_tag":[],"class_list":{"0":"post-15872","1":"product","2":"type-product","3":"status-publish","4":"has-post-thumbnail","6":"product_cat-panneaux-daffichage","7":"product_cat-publicite-exterieure","9":"first","10":"instock","11":"taxable","12":"shipping-taxable","13":"purchasable","14":"product-type-simple"},"yoast_head":"<!-- This site is optimized with the Yoast SEO plugin v27.3 - https:\/\/yoast.com\/product\/yoast-seo-wordpress\/ -->\n<title>Concevez votre propre Panneau publicitaire avec vernis de protection | Amstel Printing<\/title>\n<meta name=\"description\" content=\"Vous voulez que votre impression reste belle plus longtemps ? Choisissez le Panneau publicitaire avec vernis de protection. Faites imprimer ce panneau publicitaire avec une impression d&#039;une nettet\u00e9 exceptionnelle selon vos souhaits. Commandez ici !\" \/>\n<meta name=\"robots\" content=\"index, follow, max-snippet:-1, max-image-preview:large, max-video-preview:-1\" \/>\n<link rel=\"canonical\" href=\"https:\/\/www.amstelprinting.nl\/fr\/boutique\/publicite-exterieure\/panneaux-daffichage\/panneau-publicitaire-avec-vernis-de-protection\/\" \/>\n<meta property=\"og:locale\" content=\"fr_FR\" \/>\n<meta property=\"og:type\" content=\"article\" \/>\n<meta property=\"og:title\" content=\"Concevez votre propre Panneau publicitaire avec vernis de protection | Amstel Printing\" \/>\n<meta property=\"og:description\" content=\"Vous voulez que votre impression reste belle plus longtemps ? Choisissez le Panneau publicitaire avec vernis de protection. Faites imprimer ce panneau publicitaire avec une impression d&#039;une nettet\u00e9 exceptionnelle selon vos souhaits. Commandez ici !\" \/>\n<meta property=\"og:url\" content=\"https:\/\/www.amstelprinting.nl\/fr\/boutique\/publicite-exterieure\/panneaux-daffichage\/panneau-publicitaire-avec-vernis-de-protection\/\" \/>\n<meta property=\"og:site_name\" content=\"Amstel Printing\" \/>\n<meta property=\"article:modified_time\" content=\"2026-02-18T11:52:03+00:00\" \/>\n<meta property=\"og:image\" content=\"https:\/\/www.amstelprinting.nl\/wp-content\/uploads\/reclamebord-bedrukken-optimized.jpg\" \/>\n\t<meta property=\"og:image:width\" content=\"900\" \/>\n\t<meta property=\"og:image:height\" content=\"900\" \/>\n\t<meta property=\"og:image:type\" content=\"image\/jpeg\" \/>\n<meta name=\"twitter:card\" content=\"summary_large_image\" \/>\n<meta name=\"twitter:label1\" content=\"Dur\u00e9e de lecture estim\u00e9e\" \/>\n\t<meta name=\"twitter:data1\" content=\"3 minutes\" \/>\n<script type=\"application\/ld+json\" class=\"yoast-schema-graph\">{\"@context\":\"https:\\\/\\\/schema.org\",\"@graph\":[{\"@type\":\"WebPage\",\"@id\":\"https:\\\/\\\/www.amstelprinting.nl\\\/fr\\\/boutique\\\/publicite-exterieure\\\/panneaux-daffichage\\\/panneau-publicitaire-avec-vernis-de-protection\\\/\",\"url\":\"https:\\\/\\\/www.amstelprinting.nl\\\/fr\\\/boutique\\\/publicite-exterieure\\\/panneaux-daffichage\\\/panneau-publicitaire-avec-vernis-de-protection\\\/\",\"name\":\"Concevez votre propre Panneau publicitaire avec vernis de protection | Amstel Printing\",\"isPartOf\":{\"@id\":\"https:\\\/\\\/www.amstelprinting.nl\\\/fr\\\/#website\"},\"primaryImageOfPage\":{\"@id\":\"https:\\\/\\\/www.amstelprinting.nl\\\/fr\\\/boutique\\\/publicite-exterieure\\\/panneaux-daffichage\\\/panneau-publicitaire-avec-vernis-de-protection\\\/#primaryimage\"},\"image\":{\"@id\":\"https:\\\/\\\/www.amstelprinting.nl\\\/fr\\\/boutique\\\/publicite-exterieure\\\/panneaux-daffichage\\\/panneau-publicitaire-avec-vernis-de-protection\\\/#primaryimage\"},\"thumbnailUrl\":\"https:\\\/\\\/www.amstelprinting.nl\\\/wp-content\\\/uploads\\\/reclamebord-bedrukken-optimized.jpg\",\"datePublished\":\"2025-01-21T19:06:51+00:00\",\"dateModified\":\"2026-02-18T11:52:03+00:00\",\"description\":\"Vous voulez que votre impression reste belle plus longtemps ? Choisissez le Panneau publicitaire avec vernis de protection. Faites imprimer ce panneau publicitaire avec une impression d'une nettet\u00e9 exceptionnelle selon vos souhaits. Commandez ici !\",\"breadcrumb\":{\"@id\":\"https:\\\/\\\/www.amstelprinting.nl\\\/fr\\\/boutique\\\/publicite-exterieure\\\/panneaux-daffichage\\\/panneau-publicitaire-avec-vernis-de-protection\\\/#breadcrumb\"},\"inLanguage\":\"fr-FR\",\"potentialAction\":[{\"@type\":\"ReadAction\",\"target\":[\"https:\\\/\\\/www.amstelprinting.nl\\\/fr\\\/boutique\\\/publicite-exterieure\\\/panneaux-daffichage\\\/panneau-publicitaire-avec-vernis-de-protection\\\/\"]}]},{\"@type\":\"ImageObject\",\"inLanguage\":\"fr-FR\",\"@id\":\"https:\\\/\\\/www.amstelprinting.nl\\\/fr\\\/boutique\\\/publicite-exterieure\\\/panneaux-daffichage\\\/panneau-publicitaire-avec-vernis-de-protection\\\/#primaryimage\",\"url\":\"https:\\\/\\\/www.amstelprinting.nl\\\/wp-content\\\/uploads\\\/reclamebord-bedrukken-optimized.jpg\",\"contentUrl\":\"https:\\\/\\\/www.amstelprinting.nl\\\/wp-content\\\/uploads\\\/reclamebord-bedrukken-optimized.jpg\",\"width\":900,\"height\":900,\"caption\":\"reclamebord-bedrukken.png\"},{\"@type\":\"BreadcrumbList\",\"@id\":\"https:\\\/\\\/www.amstelprinting.nl\\\/fr\\\/boutique\\\/publicite-exterieure\\\/panneaux-daffichage\\\/panneau-publicitaire-avec-vernis-de-protection\\\/#breadcrumb\",\"itemListElement\":[{\"@type\":\"ListItem\",\"position\":1,\"name\":\"\",\"item\":\"https:\\\/\\\/www.amstelprinting.nl\\\/fr\\\/\"},{\"@type\":\"ListItem\",\"position\":2,\"name\":\"Amstel Printing\",\"item\":\"https:\\\/\\\/www.amstelprinting.nl\\\/fr\\\/boutique\\\/\"},{\"@type\":\"ListItem\",\"position\":3,\"name\":\"Publicit\u00e9 ext\u00e9rieure\",\"item\":\"https:\\\/\\\/www.amstelprinting.nl\\\/fr\\\/categorie\\\/publicite-exterieure\\\/\"},{\"@type\":\"ListItem\",\"position\":4,\"name\":\"Panneaux d'affichage\",\"item\":\"https:\\\/\\\/www.amstelprinting.nl\\\/fr\\\/categorie\\\/publicite-exterieure\\\/panneaux-daffichage\\\/\"},{\"@type\":\"ListItem\",\"position\":5,\"name\":\"Panneau publicitaire avec vernis de protection\"}]},{\"@type\":\"WebSite\",\"@id\":\"https:\\\/\\\/www.amstelprinting.nl\\\/fr\\\/#website\",\"url\":\"https:\\\/\\\/www.amstelprinting.nl\\\/fr\\\/\",\"name\":\"Amstel Printing\",\"description\":\"Creating Exposure\",\"publisher\":{\"@id\":\"https:\\\/\\\/www.amstelprinting.nl\\\/fr\\\/#organization\"},\"potentialAction\":[{\"@type\":\"SearchAction\",\"target\":{\"@type\":\"EntryPoint\",\"urlTemplate\":\"https:\\\/\\\/www.amstelprinting.nl\\\/fr\\\/?s={search_term_string}\"},\"query-input\":{\"@type\":\"PropertyValueSpecification\",\"valueRequired\":true,\"valueName\":\"search_term_string\"}}],\"inLanguage\":\"fr-FR\"},{\"@type\":\"Organization\",\"@id\":\"https:\\\/\\\/www.amstelprinting.nl\\\/fr\\\/#organization\",\"name\":\"Amstel Printing\",\"url\":\"https:\\\/\\\/www.amstelprinting.nl\\\/fr\\\/\",\"logo\":{\"@type\":\"ImageObject\",\"inLanguage\":\"fr-FR\",\"@id\":\"https:\\\/\\\/www.amstelprinting.nl\\\/fr\\\/#\\\/schema\\\/logo\\\/image\\\/\",\"url\":\"https:\\\/\\\/www.amstelprinting.nl\\\/wp-content\\\/uploads\\\/amstel_printing_logo_clean.png\",\"contentUrl\":\"https:\\\/\\\/www.amstelprinting.nl\\\/wp-content\\\/uploads\\\/amstel_printing_logo_clean.png\",\"width\":324,\"height\":73,\"caption\":\"Amstel Printing\"},\"image\":{\"@id\":\"https:\\\/\\\/www.amstelprinting.nl\\\/fr\\\/#\\\/schema\\\/logo\\\/image\\\/\"}}]}<\/script>\n<!-- \/ Yoast SEO plugin. -->","yoast_head_json":{"title":"Concevez votre propre Panneau publicitaire avec vernis de protection | Amstel Printing","description":"Vous voulez que votre impression reste belle plus longtemps ? Choisissez le Panneau publicitaire avec vernis de protection. Faites imprimer ce panneau publicitaire avec une impression d'une nettet\u00e9 exceptionnelle selon vos souhaits. Commandez ici !","robots":{"index":"index","follow":"follow","max-snippet":"max-snippet:-1","max-image-preview":"max-image-preview:large","max-video-preview":"max-video-preview:-1"},"canonical":"https:\/\/www.amstelprinting.nl\/fr\/boutique\/publicite-exterieure\/panneaux-daffichage\/panneau-publicitaire-avec-vernis-de-protection\/","og_locale":"fr_FR","og_type":"article","og_title":"Concevez votre propre Panneau publicitaire avec vernis de protection | Amstel Printing","og_description":"Vous voulez que votre impression reste belle plus longtemps ? Choisissez le Panneau publicitaire avec vernis de protection. Faites imprimer ce panneau publicitaire avec une impression d'une nettet\u00e9 exceptionnelle selon vos souhaits. Commandez ici !","og_url":"https:\/\/www.amstelprinting.nl\/fr\/boutique\/publicite-exterieure\/panneaux-daffichage\/panneau-publicitaire-avec-vernis-de-protection\/","og_site_name":"Amstel Printing","article_modified_time":"2026-02-18T11:52:03+00:00","og_image":[{"width":900,"height":900,"url":"https:\/\/www.amstelprinting.nl\/wp-content\/uploads\/reclamebord-bedrukken-optimized.jpg","type":"image\/jpeg"}],"twitter_card":"summary_large_image","twitter_misc":{"Dur\u00e9e de lecture estim\u00e9e":"3 minutes"},"schema":{"@context":"https:\/\/schema.org","@graph":[{"@type":"WebPage","@id":"https:\/\/www.amstelprinting.nl\/fr\/boutique\/publicite-exterieure\/panneaux-daffichage\/panneau-publicitaire-avec-vernis-de-protection\/","url":"https:\/\/www.amstelprinting.nl\/fr\/boutique\/publicite-exterieure\/panneaux-daffichage\/panneau-publicitaire-avec-vernis-de-protection\/","name":"Concevez votre propre Panneau publicitaire avec vernis de protection | Amstel Printing","isPartOf":{"@id":"https:\/\/www.amstelprinting.nl\/fr\/#website"},"primaryImageOfPage":{"@id":"https:\/\/www.amstelprinting.nl\/fr\/boutique\/publicite-exterieure\/panneaux-daffichage\/panneau-publicitaire-avec-vernis-de-protection\/#primaryimage"},"image":{"@id":"https:\/\/www.amstelprinting.nl\/fr\/boutique\/publicite-exterieure\/panneaux-daffichage\/panneau-publicitaire-avec-vernis-de-protection\/#primaryimage"},"thumbnailUrl":"https:\/\/www.amstelprinting.nl\/wp-content\/uploads\/reclamebord-bedrukken-optimized.jpg","datePublished":"2025-01-21T19:06:51+00:00","dateModified":"2026-02-18T11:52:03+00:00","description":"Vous voulez que votre impression reste belle plus longtemps ? Choisissez le Panneau publicitaire avec vernis de protection. Faites imprimer ce panneau publicitaire avec une impression d'une nettet\u00e9 exceptionnelle selon vos souhaits. Commandez ici !","breadcrumb":{"@id":"https:\/\/www.amstelprinting.nl\/fr\/boutique\/publicite-exterieure\/panneaux-daffichage\/panneau-publicitaire-avec-vernis-de-protection\/#breadcrumb"},"inLanguage":"fr-FR","potentialAction":[{"@type":"ReadAction","target":["https:\/\/www.amstelprinting.nl\/fr\/boutique\/publicite-exterieure\/panneaux-daffichage\/panneau-publicitaire-avec-vernis-de-protection\/"]}]},{"@type":"ImageObject","inLanguage":"fr-FR","@id":"https:\/\/www.amstelprinting.nl\/fr\/boutique\/publicite-exterieure\/panneaux-daffichage\/panneau-publicitaire-avec-vernis-de-protection\/#primaryimage","url":"https:\/\/www.amstelprinting.nl\/wp-content\/uploads\/reclamebord-bedrukken-optimized.jpg","contentUrl":"https:\/\/www.amstelprinting.nl\/wp-content\/uploads\/reclamebord-bedrukken-optimized.jpg","width":900,"height":900,"caption":"reclamebord-bedrukken.png"},{"@type":"BreadcrumbList","@id":"https:\/\/www.amstelprinting.nl\/fr\/boutique\/publicite-exterieure\/panneaux-daffichage\/panneau-publicitaire-avec-vernis-de-protection\/#breadcrumb","itemListElement":[{"@type":"ListItem","position":1,"name":"","item":"https:\/\/www.amstelprinting.nl\/fr\/"},{"@type":"ListItem","position":2,"name":"Amstel Printing","item":"https:\/\/www.amstelprinting.nl\/fr\/boutique\/"},{"@type":"ListItem","position":3,"name":"Publicit\u00e9 ext\u00e9rieure","item":"https:\/\/www.amstelprinting.nl\/fr\/categorie\/publicite-exterieure\/"},{"@type":"ListItem","position":4,"name":"Panneaux d'affichage","item":"https:\/\/www.amstelprinting.nl\/fr\/categorie\/publicite-exterieure\/panneaux-daffichage\/"},{"@type":"ListItem","position":5,"name":"Panneau publicitaire avec vernis de protection"}]},{"@type":"WebSite","@id":"https:\/\/www.amstelprinting.nl\/fr\/#website","url":"https:\/\/www.amstelprinting.nl\/fr\/","name":"Amstel Printing","description":"Creating Exposure","publisher":{"@id":"https:\/\/www.amstelprinting.nl\/fr\/#organization"},"potentialAction":[{"@type":"SearchAction","target":{"@type":"EntryPoint","urlTemplate":"https:\/\/www.amstelprinting.nl\/fr\/?s={search_term_string}"},"query-input":{"@type":"PropertyValueSpecification","valueRequired":true,"valueName":"search_term_string"}}],"inLanguage":"fr-FR"},{"@type":"Organization","@id":"https:\/\/www.amstelprinting.nl\/fr\/#organization","name":"Amstel Printing","url":"https:\/\/www.amstelprinting.nl\/fr\/","logo":{"@type":"ImageObject","inLanguage":"fr-FR","@id":"https:\/\/www.amstelprinting.nl\/fr\/#\/schema\/logo\/image\/","url":"https:\/\/www.amstelprinting.nl\/wp-content\/uploads\/amstel_printing_logo_clean.png","contentUrl":"https:\/\/www.amstelprinting.nl\/wp-content\/uploads\/amstel_printing_logo_clean.png","width":324,"height":73,"caption":"Amstel Printing"},"image":{"@id":"https:\/\/www.amstelprinting.nl\/fr\/#\/schema\/logo\/image\/"}}]}},"_links":{"self":[{"href":"https:\/\/www.amstelprinting.nl\/fr\/wp-json\/wp\/v2\/product\/15872","targetHints":{"allow":["GET"]}}],"collection":[{"href":"https:\/\/www.amstelprinting.nl\/fr\/wp-json\/wp\/v2\/product"}],"about":[{"href":"https:\/\/www.amstelprinting.nl\/fr\/wp-json\/wp\/v2\/types\/product"}],"wp:featuredmedia":[{"embeddable":true,"href":"https:\/\/www.amstelprinting.nl\/fr\/wp-json\/wp\/v2\/media\/15873"}],"wp:attachment":[{"href":"https:\/\/www.amstelprinting.nl\/fr\/wp-json\/wp\/v2\/media?parent=15872"}],"wp:term":[{"taxonomy":"product_brand","embeddable":true,"href":"https:\/\/www.amstelprinting.nl\/fr\/wp-json\/wp\/v2\/product_brand?post=15872"},{"taxonomy":"product_cat","embeddable":true,"href":"https:\/\/www.amstelprinting.nl\/fr\/wp-json\/wp\/v2\/product_cat?post=15872"},{"taxonomy":"product_tag","embeddable":true,"href":"https:\/\/www.amstelprinting.nl\/fr\/wp-json\/wp\/v2\/product_tag?post=15872"}],"curies":[{"name":"wp","href":"https:\/\/api.w.org\/{rel}","templated":true}]}}