{"id":15883,"date":"2025-01-21T19:57:31","date_gmt":"2025-01-21T18:57:31","guid":{"rendered":"https:\/\/www.amstelprinting.nl\/winkel\/non%20class\u00e9\/bewegwijzering\/"},"modified":"2026-02-18T12:52:04","modified_gmt":"2026-02-18T11:52:04","slug":"signalisation","status":"publish","type":"product","link":"https:\/\/www.amstelprinting.nl\/fr\/boutique\/publicite-exterieure\/construction-et-amp-propriete\/signalisation\/","title":{"rendered":"Signalisation"},"content":{"rendered":"<h3><strong>Commander une signalisation<\/strong><\/h3>\n<p>\u00c0 la recherche d&rsquo;une signalisation professionnelle et \u00e9l\u00e9gante ? Notre panneau de signalisation se compose d&rsquo;un panneau publicitaire en Dibond imprim\u00e9, solidement ins\u00e9r\u00e9 dans un cadre en aluminium robuste.<\/p>\n<h3>Mat\u00e9riau<\/h3>\n<p><strong>Panneau<\/strong> &#8211; Le panneau de signalisation est fabriqu\u00e9 en mat\u00e9riau Dibond\u00ae premium de 3 mm d&rsquo;\u00e9paisseur. Le Dibond est un mat\u00e9riau composite solide et l\u00e9ger compos\u00e9 de deux couches d&rsquo;aluminium avec une \u00e2me en poly\u00e9thyl\u00e8ne. Cela garantit une finition durable et professionnelle.<\/p>\n<p><strong>Cadre en aluminium<\/strong> &#8211; Le panneau Dibond est solidement ins\u00e9r\u00e9 dans un cadre en aluminium robuste (7 mm de diam\u00e8tre) qui assure non seulement une solidit\u00e9 accrue, mais offre \u00e9galement un aspect moderne et \u00e9pur\u00e9. Le cadre est r\u00e9sistant \u00e0 la rouille et convient donc \u00e0 toutes les conditions m\u00e9t\u00e9orologiques.<\/p>\n<h2>Utilisation ext\u00e9rieure<\/h2>\n<p>Le panneau Dibond ainsi que le cadre en aluminium r\u00e9sistent \u00e0 toutes sortes d&rsquo;intemp\u00e9ries (pluie, vent et rayons UV). Ainsi, votre signalisation conservera un bel aspect pendant des ann\u00e9es.<\/p>\n<h3>Formats<\/h3>\n<p>La signalisation peut \u00eatre command\u00e9e en kit dans les formats standards suivants :<\/p>\n<ul>\n<li>100 x 100<\/li>\n<li>150 x 75<\/li>\n<li>120 x 80<\/li>\n<li>75 x 150<\/li>\n<li>80 x 120<\/li>\n<\/ul>\n<p>&nbsp;<\/p>\n<h3>Impression<\/h3>\n<p>Le panneau Dibond peut \u00eatre imprim\u00e9 en recto ou recto-verso (en couleur sur toute la surface). Votre nom d&rsquo;entreprise a chang\u00e9 ? Pas d&rsquo;inqui\u00e9tude, vous pouvez \u00e9galement commander le panneau Dibond s\u00e9par\u00e9ment chez nous.<\/p>\n<h3>Installation<\/h3>\n<p>La signalisation est livr\u00e9e sous forme de kit, ce qui vous permet de r\u00e9aliser l&rsquo;installation vous-m\u00eame facilement. Vous ancrez le cadre en aluminium dans le sol \u00e0 l&rsquo;aide d&rsquo;un sac de b\u00e9ton rapide (non fourni).<\/p>\n","protected":false},"excerpt":{"rendered":"<h3>Signalisation avec panneau Dibond dans un magnifique cadre robuste en aluminium.<\/h3>\n<p>\u00c0 la recherche d&rsquo;une signalisation professionnelle et \u00e9l\u00e9gante ? Notre panneau de signalisation se compose d&rsquo;un panneau publicitaire en Dibond imprim\u00e9, solidement ins\u00e9r\u00e9 dans un cadre en aluminium robuste. Composez ci-dessous votre panneau de signalisation imprim\u00e9.<\/p>\n","protected":false},"featured_media":15885,"template":"","meta":{"_et_pb_use_builder":"","_et_pb_old_content":"","_et_gb_content_width":""},"product_brand":[],"product_cat":[454,469,448],"product_tag":[],"class_list":{"0":"post-15883","1":"product","2":"type-product","3":"status-publish","4":"has-post-thumbnail","6":"product_cat-construction-et-amp-propriete","7":"product_cat-panneaux-daffichage","8":"product_cat-publicite-exterieure","10":"first","11":"instock","12":"taxable","13":"shipping-taxable","14":"purchasable","15":"product-type-simple"},"yoast_head":"<!-- This site is optimized with the Yoast SEO plugin v27.3 - https:\/\/yoast.com\/product\/yoast-seo-wordpress\/ -->\n<title>Signalisation Professionnelle. Avec votre propre impression<\/title>\n<meta name=\"description\" content=\"Commandez facilement votre signalisation. Le panneau de signalisation se compose d&#039;un panneau publicitaire imprim\u00e9 dans un cadre en aluminium robuste. Configurez &amp; calculez !\" \/>\n<meta name=\"robots\" content=\"index, follow, max-snippet:-1, max-image-preview:large, max-video-preview:-1\" \/>\n<link rel=\"canonical\" href=\"https:\/\/www.amstelprinting.nl\/fr\/boutique\/publicite-exterieure\/construction-et-amp-propriete\/signalisation\/\" \/>\n<meta property=\"og:locale\" content=\"fr_FR\" \/>\n<meta property=\"og:type\" content=\"article\" \/>\n<meta property=\"og:title\" content=\"Signalisation Professionnelle. Avec votre propre impression\" \/>\n<meta property=\"og:description\" content=\"Commandez facilement votre signalisation. Le panneau de signalisation se compose d&#039;un panneau publicitaire imprim\u00e9 dans un cadre en aluminium robuste. Configurez &amp; calculez !\" \/>\n<meta property=\"og:url\" content=\"https:\/\/www.amstelprinting.nl\/fr\/boutique\/publicite-exterieure\/construction-et-amp-propriete\/signalisation\/\" \/>\n<meta property=\"og:site_name\" content=\"Amstel Printing\" \/>\n<meta property=\"article:modified_time\" content=\"2026-02-18T11:52:04+00:00\" \/>\n<meta property=\"og:image\" content=\"https:\/\/www.amstelprinting.nl\/wp-content\/uploads\/Bewegwijzering-bedrukken-optimized.jpg\" \/>\n\t<meta property=\"og:image:width\" content=\"700\" \/>\n\t<meta property=\"og:image:height\" content=\"700\" \/>\n\t<meta property=\"og:image:type\" content=\"image\/jpeg\" \/>\n<meta name=\"twitter:card\" content=\"summary_large_image\" \/>\n<meta name=\"twitter:label1\" content=\"Dur\u00e9e de lecture estim\u00e9e\" \/>\n\t<meta name=\"twitter:data1\" content=\"1 minute\" \/>\n<script type=\"application\/ld+json\" class=\"yoast-schema-graph\">{\"@context\":\"https:\\\/\\\/schema.org\",\"@graph\":[{\"@type\":\"WebPage\",\"@id\":\"https:\\\/\\\/www.amstelprinting.nl\\\/fr\\\/boutique\\\/publicite-exterieure\\\/construction-et-amp-propriete\\\/signalisation\\\/\",\"url\":\"https:\\\/\\\/www.amstelprinting.nl\\\/fr\\\/boutique\\\/publicite-exterieure\\\/construction-et-amp-propriete\\\/signalisation\\\/\",\"name\":\"Signalisation Professionnelle. Avec votre propre impression\",\"isPartOf\":{\"@id\":\"https:\\\/\\\/www.amstelprinting.nl\\\/fr\\\/#website\"},\"primaryImageOfPage\":{\"@id\":\"https:\\\/\\\/www.amstelprinting.nl\\\/fr\\\/boutique\\\/publicite-exterieure\\\/construction-et-amp-propriete\\\/signalisation\\\/#primaryimage\"},\"image\":{\"@id\":\"https:\\\/\\\/www.amstelprinting.nl\\\/fr\\\/boutique\\\/publicite-exterieure\\\/construction-et-amp-propriete\\\/signalisation\\\/#primaryimage\"},\"thumbnailUrl\":\"https:\\\/\\\/www.amstelprinting.nl\\\/wp-content\\\/uploads\\\/Bewegwijzering-bedrukken-optimized.jpg\",\"datePublished\":\"2025-01-21T18:57:31+00:00\",\"dateModified\":\"2026-02-18T11:52:04+00:00\",\"description\":\"Commandez facilement votre signalisation. Le panneau de signalisation se compose d'un panneau publicitaire imprim\u00e9 dans un cadre en aluminium robuste. Configurez & calculez !\",\"breadcrumb\":{\"@id\":\"https:\\\/\\\/www.amstelprinting.nl\\\/fr\\\/boutique\\\/publicite-exterieure\\\/construction-et-amp-propriete\\\/signalisation\\\/#breadcrumb\"},\"inLanguage\":\"fr-FR\",\"potentialAction\":[{\"@type\":\"ReadAction\",\"target\":[\"https:\\\/\\\/www.amstelprinting.nl\\\/fr\\\/boutique\\\/publicite-exterieure\\\/construction-et-amp-propriete\\\/signalisation\\\/\"]}]},{\"@type\":\"ImageObject\",\"inLanguage\":\"fr-FR\",\"@id\":\"https:\\\/\\\/www.amstelprinting.nl\\\/fr\\\/boutique\\\/publicite-exterieure\\\/construction-et-amp-propriete\\\/signalisation\\\/#primaryimage\",\"url\":\"https:\\\/\\\/www.amstelprinting.nl\\\/wp-content\\\/uploads\\\/Bewegwijzering-bedrukken-optimized.jpg\",\"contentUrl\":\"https:\\\/\\\/www.amstelprinting.nl\\\/wp-content\\\/uploads\\\/Bewegwijzering-bedrukken-optimized.jpg\",\"width\":700,\"height\":700,\"caption\":\"Bewegwijzering-bedrukken.png\"},{\"@type\":\"BreadcrumbList\",\"@id\":\"https:\\\/\\\/www.amstelprinting.nl\\\/fr\\\/boutique\\\/publicite-exterieure\\\/construction-et-amp-propriete\\\/signalisation\\\/#breadcrumb\",\"itemListElement\":[{\"@type\":\"ListItem\",\"position\":1,\"name\":\"\",\"item\":\"https:\\\/\\\/www.amstelprinting.nl\\\/fr\\\/\"},{\"@type\":\"ListItem\",\"position\":2,\"name\":\"Amstel Printing\",\"item\":\"https:\\\/\\\/www.amstelprinting.nl\\\/fr\\\/boutique\\\/\"},{\"@type\":\"ListItem\",\"position\":3,\"name\":\"Publicit\u00e9 ext\u00e9rieure\",\"item\":\"https:\\\/\\\/www.amstelprinting.nl\\\/fr\\\/categorie\\\/publicite-exterieure\\\/\"},{\"@type\":\"ListItem\",\"position\":4,\"name\":\"Construction et amp; propri\u00e9t\u00e9\",\"item\":\"https:\\\/\\\/www.amstelprinting.nl\\\/fr\\\/categorie\\\/publicite-exterieure\\\/construction-et-amp-propriete\\\/\"},{\"@type\":\"ListItem\",\"position\":5,\"name\":\"Signalisation\"}]},{\"@type\":\"WebSite\",\"@id\":\"https:\\\/\\\/www.amstelprinting.nl\\\/fr\\\/#website\",\"url\":\"https:\\\/\\\/www.amstelprinting.nl\\\/fr\\\/\",\"name\":\"Amstel Printing\",\"description\":\"Creating Exposure\",\"publisher\":{\"@id\":\"https:\\\/\\\/www.amstelprinting.nl\\\/fr\\\/#organization\"},\"potentialAction\":[{\"@type\":\"SearchAction\",\"target\":{\"@type\":\"EntryPoint\",\"urlTemplate\":\"https:\\\/\\\/www.amstelprinting.nl\\\/fr\\\/?s={search_term_string}\"},\"query-input\":{\"@type\":\"PropertyValueSpecification\",\"valueRequired\":true,\"valueName\":\"search_term_string\"}}],\"inLanguage\":\"fr-FR\"},{\"@type\":\"Organization\",\"@id\":\"https:\\\/\\\/www.amstelprinting.nl\\\/fr\\\/#organization\",\"name\":\"Amstel Printing\",\"url\":\"https:\\\/\\\/www.amstelprinting.nl\\\/fr\\\/\",\"logo\":{\"@type\":\"ImageObject\",\"inLanguage\":\"fr-FR\",\"@id\":\"https:\\\/\\\/www.amstelprinting.nl\\\/fr\\\/#\\\/schema\\\/logo\\\/image\\\/\",\"url\":\"https:\\\/\\\/www.amstelprinting.nl\\\/wp-content\\\/uploads\\\/amstel_printing_logo_clean.png\",\"contentUrl\":\"https:\\\/\\\/www.amstelprinting.nl\\\/wp-content\\\/uploads\\\/amstel_printing_logo_clean.png\",\"width\":324,\"height\":73,\"caption\":\"Amstel Printing\"},\"image\":{\"@id\":\"https:\\\/\\\/www.amstelprinting.nl\\\/fr\\\/#\\\/schema\\\/logo\\\/image\\\/\"}}]}<\/script>\n<!-- \/ Yoast SEO plugin. -->","yoast_head_json":{"title":"Signalisation Professionnelle. Avec votre propre impression","description":"Commandez facilement votre signalisation. Le panneau de signalisation se compose d'un panneau publicitaire imprim\u00e9 dans un cadre en aluminium robuste. Configurez & calculez !","robots":{"index":"index","follow":"follow","max-snippet":"max-snippet:-1","max-image-preview":"max-image-preview:large","max-video-preview":"max-video-preview:-1"},"canonical":"https:\/\/www.amstelprinting.nl\/fr\/boutique\/publicite-exterieure\/construction-et-amp-propriete\/signalisation\/","og_locale":"fr_FR","og_type":"article","og_title":"Signalisation Professionnelle. Avec votre propre impression","og_description":"Commandez facilement votre signalisation. Le panneau de signalisation se compose d'un panneau publicitaire imprim\u00e9 dans un cadre en aluminium robuste. Configurez & calculez !","og_url":"https:\/\/www.amstelprinting.nl\/fr\/boutique\/publicite-exterieure\/construction-et-amp-propriete\/signalisation\/","og_site_name":"Amstel Printing","article_modified_time":"2026-02-18T11:52:04+00:00","og_image":[{"width":700,"height":700,"url":"https:\/\/www.amstelprinting.nl\/wp-content\/uploads\/Bewegwijzering-bedrukken-optimized.jpg","type":"image\/jpeg"}],"twitter_card":"summary_large_image","twitter_misc":{"Dur\u00e9e de lecture estim\u00e9e":"1 minute"},"schema":{"@context":"https:\/\/schema.org","@graph":[{"@type":"WebPage","@id":"https:\/\/www.amstelprinting.nl\/fr\/boutique\/publicite-exterieure\/construction-et-amp-propriete\/signalisation\/","url":"https:\/\/www.amstelprinting.nl\/fr\/boutique\/publicite-exterieure\/construction-et-amp-propriete\/signalisation\/","name":"Signalisation Professionnelle. Avec votre propre impression","isPartOf":{"@id":"https:\/\/www.amstelprinting.nl\/fr\/#website"},"primaryImageOfPage":{"@id":"https:\/\/www.amstelprinting.nl\/fr\/boutique\/publicite-exterieure\/construction-et-amp-propriete\/signalisation\/#primaryimage"},"image":{"@id":"https:\/\/www.amstelprinting.nl\/fr\/boutique\/publicite-exterieure\/construction-et-amp-propriete\/signalisation\/#primaryimage"},"thumbnailUrl":"https:\/\/www.amstelprinting.nl\/wp-content\/uploads\/Bewegwijzering-bedrukken-optimized.jpg","datePublished":"2025-01-21T18:57:31+00:00","dateModified":"2026-02-18T11:52:04+00:00","description":"Commandez facilement votre signalisation. Le panneau de signalisation se compose d'un panneau publicitaire imprim\u00e9 dans un cadre en aluminium robuste. Configurez & calculez !","breadcrumb":{"@id":"https:\/\/www.amstelprinting.nl\/fr\/boutique\/publicite-exterieure\/construction-et-amp-propriete\/signalisation\/#breadcrumb"},"inLanguage":"fr-FR","potentialAction":[{"@type":"ReadAction","target":["https:\/\/www.amstelprinting.nl\/fr\/boutique\/publicite-exterieure\/construction-et-amp-propriete\/signalisation\/"]}]},{"@type":"ImageObject","inLanguage":"fr-FR","@id":"https:\/\/www.amstelprinting.nl\/fr\/boutique\/publicite-exterieure\/construction-et-amp-propriete\/signalisation\/#primaryimage","url":"https:\/\/www.amstelprinting.nl\/wp-content\/uploads\/Bewegwijzering-bedrukken-optimized.jpg","contentUrl":"https:\/\/www.amstelprinting.nl\/wp-content\/uploads\/Bewegwijzering-bedrukken-optimized.jpg","width":700,"height":700,"caption":"Bewegwijzering-bedrukken.png"},{"@type":"BreadcrumbList","@id":"https:\/\/www.amstelprinting.nl\/fr\/boutique\/publicite-exterieure\/construction-et-amp-propriete\/signalisation\/#breadcrumb","itemListElement":[{"@type":"ListItem","position":1,"name":"","item":"https:\/\/www.amstelprinting.nl\/fr\/"},{"@type":"ListItem","position":2,"name":"Amstel Printing","item":"https:\/\/www.amstelprinting.nl\/fr\/boutique\/"},{"@type":"ListItem","position":3,"name":"Publicit\u00e9 ext\u00e9rieure","item":"https:\/\/www.amstelprinting.nl\/fr\/categorie\/publicite-exterieure\/"},{"@type":"ListItem","position":4,"name":"Construction et amp; propri\u00e9t\u00e9","item":"https:\/\/www.amstelprinting.nl\/fr\/categorie\/publicite-exterieure\/construction-et-amp-propriete\/"},{"@type":"ListItem","position":5,"name":"Signalisation"}]},{"@type":"WebSite","@id":"https:\/\/www.amstelprinting.nl\/fr\/#website","url":"https:\/\/www.amstelprinting.nl\/fr\/","name":"Amstel Printing","description":"Creating Exposure","publisher":{"@id":"https:\/\/www.amstelprinting.nl\/fr\/#organization"},"potentialAction":[{"@type":"SearchAction","target":{"@type":"EntryPoint","urlTemplate":"https:\/\/www.amstelprinting.nl\/fr\/?s={search_term_string}"},"query-input":{"@type":"PropertyValueSpecification","valueRequired":true,"valueName":"search_term_string"}}],"inLanguage":"fr-FR"},{"@type":"Organization","@id":"https:\/\/www.amstelprinting.nl\/fr\/#organization","name":"Amstel Printing","url":"https:\/\/www.amstelprinting.nl\/fr\/","logo":{"@type":"ImageObject","inLanguage":"fr-FR","@id":"https:\/\/www.amstelprinting.nl\/fr\/#\/schema\/logo\/image\/","url":"https:\/\/www.amstelprinting.nl\/wp-content\/uploads\/amstel_printing_logo_clean.png","contentUrl":"https:\/\/www.amstelprinting.nl\/wp-content\/uploads\/amstel_printing_logo_clean.png","width":324,"height":73,"caption":"Amstel Printing"},"image":{"@id":"https:\/\/www.amstelprinting.nl\/fr\/#\/schema\/logo\/image\/"}}]}},"_links":{"self":[{"href":"https:\/\/www.amstelprinting.nl\/fr\/wp-json\/wp\/v2\/product\/15883","targetHints":{"allow":["GET"]}}],"collection":[{"href":"https:\/\/www.amstelprinting.nl\/fr\/wp-json\/wp\/v2\/product"}],"about":[{"href":"https:\/\/www.amstelprinting.nl\/fr\/wp-json\/wp\/v2\/types\/product"}],"wp:featuredmedia":[{"embeddable":true,"href":"https:\/\/www.amstelprinting.nl\/fr\/wp-json\/wp\/v2\/media\/15885"}],"wp:attachment":[{"href":"https:\/\/www.amstelprinting.nl\/fr\/wp-json\/wp\/v2\/media?parent=15883"}],"wp:term":[{"taxonomy":"product_brand","embeddable":true,"href":"https:\/\/www.amstelprinting.nl\/fr\/wp-json\/wp\/v2\/product_brand?post=15883"},{"taxonomy":"product_cat","embeddable":true,"href":"https:\/\/www.amstelprinting.nl\/fr\/wp-json\/wp\/v2\/product_cat?post=15883"},{"taxonomy":"product_tag","embeddable":true,"href":"https:\/\/www.amstelprinting.nl\/fr\/wp-json\/wp\/v2\/product_tag?post=15883"}],"curies":[{"name":"wp","href":"https:\/\/api.w.org\/{rel}","templated":true}]}}