{"id":15897,"date":"2025-01-21T19:53:22","date_gmt":"2025-01-21T18:53:22","guid":{"rendered":"https:\/\/www.amstelprinting.nl\/winkel\/non%20class\u00e9\/makelaarsbordsticker\/"},"modified":"2026-02-18T12:52:05","modified_gmt":"2026-02-18T11:52:05","slug":"autocollant-pour-panneau-immobilier","status":"publish","type":"product","link":"https:\/\/www.amstelprinting.nl\/fr\/boutique\/publicite-exterieure\/construction-et-amp-propriete\/autocollant-pour-panneau-immobilier\/","title":{"rendered":"Autocollant pour panneau immobilier"},"content":{"rendered":"<h2>Commander des autocollants pour panneaux immobiliers : comment \u00e7a marche ?<\/h2>\n<p>Nos autocollants pour panneaux immobiliers sont fabriqu\u00e9s \u00e0 partir d&rsquo;un film monom\u00e8re adh\u00e9sif et r\u00e9sistant \u00e0 l&rsquo;eau. Ils sont disponibles en quatre langues pour les logements \u00e0 vendre et \u00e0 louer, avec quatre \u00e0 six autocollants par langue, tous con\u00e7us pour attirer l&rsquo;attention sur le panneau immobilier. Ces autocollants sont le moyen id\u00e9al pour les agents immobiliers de se d\u00e9marquer davantage.<\/p>\n<h2>Quatre variantes diff\u00e9rentes<\/h2>\n<p>Que ce soit pour l&rsquo;int\u00e9rieur ou l&rsquo;ext\u00e9rieur, un autocollant pour panneau immobilier peut \u00eatre utilis\u00e9 partout et communique efficacement avec des textes tels que \u00ab \u00c0 vendre \u00bb, \u00ab Vendu \u00bb, \u00ab \u00c0 louer \u00bb et \u00ab Lou\u00e9 \u00bb. Ces autocollants ont une dimension de 10 x 40 cm, une finition mate avec une structure l\u00e9g\u00e8re, et sont imprim\u00e9s avec une impression latex.<\/p>\n<h2>Designs standards d&rsquo;autocollants immobiliers ;<\/h2>\n<ul>\n<li>Maison ouverte<\/li>\n<li>Lou\u00e9<\/li>\n<li>Vendu<\/li>\n<li>\u00c0 Vendre \/ \u00c0 Louer<\/li>\n<li>A Vendre<\/li>\n<li>Rented out<\/li>\n<\/ul>\n<p>&nbsp;<\/p>\n<h2>R\u00e9utilisable<\/h2>\n<p>Le vinyle autocollant poss\u00e8de une couche adh\u00e9sive amovible, de sorte que la couche sous-jacente ne soit pas endommag\u00e9e et qu&rsquo;aucun r\u00e9sidu de colle ne subsiste. Cela permet d&rsquo;utiliser le panneau immobilier \u00e0 plusieurs reprises.<\/p>\n","protected":false},"excerpt":{"rendered":"<h3>Autocollants immobiliers : autocollants lou\u00e9 et vendu<\/h3>\n<p>Vous allez bient\u00f4t mettre une maison en vente ou en location ? Utilisez l&rsquo;autocollant pour panneau immobilier. Nos autocollants pour panneaux immobiliers sont fabriqu\u00e9s \u00e0 partir d&rsquo;un film monom\u00e8re autocollant et imperm\u00e9able et sont d\u00e9j\u00e0 commandables \u00e0 partir de 1 pi\u00e8ce.<\/p>\n<p>Nous avons d\u00e9j\u00e0 pr\u00e9par\u00e9 le design pour vous, avec un choix de pas moins de quatre langues diff\u00e9rentes, tant pour les habitations \u00e0 l&rsquo;achat qu&rsquo;\u00e0 la location. Selon la langue, quatre \u00e0 six autocollants sont disponibles.<\/p>\n<p>L&rsquo;autocollant pour panneau immobilier attire davantage l&rsquo;attention des passants. Un moyen \u00e9conomique et efficace de se faire remarquer !<\/p>\n","protected":false},"featured_media":15898,"template":"","meta":{"_et_pb_use_builder":"","_et_pb_old_content":"","_et_gb_content_width":""},"product_brand":[],"product_cat":[454,469,448],"product_tag":[],"class_list":{"0":"post-15897","1":"product","2":"type-product","3":"status-publish","4":"has-post-thumbnail","6":"product_cat-construction-et-amp-propriete","7":"product_cat-panneaux-daffichage","8":"product_cat-publicite-exterieure","10":"first","11":"instock","12":"taxable","13":"shipping-taxable","14":"purchasable","15":"product-type-simple"},"yoast_head":"<!-- This site is optimized with the Yoast SEO plugin v27.3 - https:\/\/yoast.com\/product\/yoast-seo-wordpress\/ -->\n<title>Autocollant pour panneau immobilier Impression | \u00c0 Vendre, Vendu, \u00c0 Louer etc.<\/title>\n<meta name=\"description\" content=\"Commander un autocollant pour panneau immobilier ? Choisissez un design standard comme \u00c0 Vendre, Lou\u00e9, Vendu etc. L&#039;autocollant immobilier est r\u00e9sistant \u00e0 l&#039;eau et peut \u00eatre command\u00e9 \u00e0 partir de 1 pi\u00e8ce !\" \/>\n<meta name=\"robots\" content=\"index, follow, max-snippet:-1, max-image-preview:large, max-video-preview:-1\" \/>\n<link rel=\"canonical\" href=\"https:\/\/www.amstelprinting.nl\/fr\/boutique\/publicite-exterieure\/construction-et-amp-propriete\/autocollant-pour-panneau-immobilier\/\" \/>\n<meta property=\"og:locale\" content=\"fr_FR\" \/>\n<meta property=\"og:type\" content=\"article\" \/>\n<meta property=\"og:title\" content=\"Autocollant pour panneau immobilier Impression | \u00c0 Vendre, Vendu, \u00c0 Louer etc.\" \/>\n<meta property=\"og:description\" content=\"Commander un autocollant pour panneau immobilier ? Choisissez un design standard comme \u00c0 Vendre, Lou\u00e9, Vendu etc. L&#039;autocollant immobilier est r\u00e9sistant \u00e0 l&#039;eau et peut \u00eatre command\u00e9 \u00e0 partir de 1 pi\u00e8ce !\" \/>\n<meta property=\"og:url\" content=\"https:\/\/www.amstelprinting.nl\/fr\/boutique\/publicite-exterieure\/construction-et-amp-propriete\/autocollant-pour-panneau-immobilier\/\" \/>\n<meta property=\"og:site_name\" content=\"Amstel Printing\" \/>\n<meta property=\"article:modified_time\" content=\"2026-02-18T11:52:05+00:00\" \/>\n<meta property=\"og:image\" content=\"https:\/\/www.amstelprinting.nl\/wp-content\/uploads\/Makelaarsbordsticker2-optimized.jpg\" \/>\n\t<meta property=\"og:image:width\" content=\"700\" \/>\n\t<meta property=\"og:image:height\" content=\"700\" \/>\n\t<meta property=\"og:image:type\" content=\"image\/jpeg\" \/>\n<meta name=\"twitter:card\" content=\"summary_large_image\" \/>\n<meta name=\"twitter:label1\" content=\"Dur\u00e9e de lecture estim\u00e9e\" \/>\n\t<meta name=\"twitter:data1\" content=\"1 minute\" \/>\n<script type=\"application\/ld+json\" class=\"yoast-schema-graph\">{\"@context\":\"https:\\\/\\\/schema.org\",\"@graph\":[{\"@type\":\"WebPage\",\"@id\":\"https:\\\/\\\/www.amstelprinting.nl\\\/fr\\\/boutique\\\/publicite-exterieure\\\/construction-et-amp-propriete\\\/autocollant-pour-panneau-immobilier\\\/\",\"url\":\"https:\\\/\\\/www.amstelprinting.nl\\\/fr\\\/boutique\\\/publicite-exterieure\\\/construction-et-amp-propriete\\\/autocollant-pour-panneau-immobilier\\\/\",\"name\":\"Autocollant pour panneau immobilier Impression | \u00c0 Vendre, Vendu, \u00c0 Louer etc.\",\"isPartOf\":{\"@id\":\"https:\\\/\\\/www.amstelprinting.nl\\\/fr\\\/#website\"},\"primaryImageOfPage\":{\"@id\":\"https:\\\/\\\/www.amstelprinting.nl\\\/fr\\\/boutique\\\/publicite-exterieure\\\/construction-et-amp-propriete\\\/autocollant-pour-panneau-immobilier\\\/#primaryimage\"},\"image\":{\"@id\":\"https:\\\/\\\/www.amstelprinting.nl\\\/fr\\\/boutique\\\/publicite-exterieure\\\/construction-et-amp-propriete\\\/autocollant-pour-panneau-immobilier\\\/#primaryimage\"},\"thumbnailUrl\":\"https:\\\/\\\/www.amstelprinting.nl\\\/wp-content\\\/uploads\\\/Makelaarsbordsticker2-optimized.jpg\",\"datePublished\":\"2025-01-21T18:53:22+00:00\",\"dateModified\":\"2026-02-18T11:52:05+00:00\",\"description\":\"Commander un autocollant pour panneau immobilier ? Choisissez un design standard comme \u00c0 Vendre, Lou\u00e9, Vendu etc. L'autocollant immobilier est r\u00e9sistant \u00e0 l'eau et peut \u00eatre command\u00e9 \u00e0 partir de 1 pi\u00e8ce !\",\"breadcrumb\":{\"@id\":\"https:\\\/\\\/www.amstelprinting.nl\\\/fr\\\/boutique\\\/publicite-exterieure\\\/construction-et-amp-propriete\\\/autocollant-pour-panneau-immobilier\\\/#breadcrumb\"},\"inLanguage\":\"fr-FR\",\"potentialAction\":[{\"@type\":\"ReadAction\",\"target\":[\"https:\\\/\\\/www.amstelprinting.nl\\\/fr\\\/boutique\\\/publicite-exterieure\\\/construction-et-amp-propriete\\\/autocollant-pour-panneau-immobilier\\\/\"]}]},{\"@type\":\"ImageObject\",\"inLanguage\":\"fr-FR\",\"@id\":\"https:\\\/\\\/www.amstelprinting.nl\\\/fr\\\/boutique\\\/publicite-exterieure\\\/construction-et-amp-propriete\\\/autocollant-pour-panneau-immobilier\\\/#primaryimage\",\"url\":\"https:\\\/\\\/www.amstelprinting.nl\\\/wp-content\\\/uploads\\\/Makelaarsbordsticker2-optimized.jpg\",\"contentUrl\":\"https:\\\/\\\/www.amstelprinting.nl\\\/wp-content\\\/uploads\\\/Makelaarsbordsticker2-optimized.jpg\",\"width\":700,\"height\":700,\"caption\":\"Makelaarsbordsticker2.jpg\"},{\"@type\":\"BreadcrumbList\",\"@id\":\"https:\\\/\\\/www.amstelprinting.nl\\\/fr\\\/boutique\\\/publicite-exterieure\\\/construction-et-amp-propriete\\\/autocollant-pour-panneau-immobilier\\\/#breadcrumb\",\"itemListElement\":[{\"@type\":\"ListItem\",\"position\":1,\"name\":\"\",\"item\":\"https:\\\/\\\/www.amstelprinting.nl\\\/fr\\\/\"},{\"@type\":\"ListItem\",\"position\":2,\"name\":\"Amstel Printing\",\"item\":\"https:\\\/\\\/www.amstelprinting.nl\\\/fr\\\/boutique\\\/\"},{\"@type\":\"ListItem\",\"position\":3,\"name\":\"Publicit\u00e9 ext\u00e9rieure\",\"item\":\"https:\\\/\\\/www.amstelprinting.nl\\\/fr\\\/categorie\\\/publicite-exterieure\\\/\"},{\"@type\":\"ListItem\",\"position\":4,\"name\":\"Construction et amp; propri\u00e9t\u00e9\",\"item\":\"https:\\\/\\\/www.amstelprinting.nl\\\/fr\\\/categorie\\\/publicite-exterieure\\\/construction-et-amp-propriete\\\/\"},{\"@type\":\"ListItem\",\"position\":5,\"name\":\"Autocollant pour panneau immobilier\"}]},{\"@type\":\"WebSite\",\"@id\":\"https:\\\/\\\/www.amstelprinting.nl\\\/fr\\\/#website\",\"url\":\"https:\\\/\\\/www.amstelprinting.nl\\\/fr\\\/\",\"name\":\"Amstel Printing\",\"description\":\"Creating Exposure\",\"publisher\":{\"@id\":\"https:\\\/\\\/www.amstelprinting.nl\\\/fr\\\/#organization\"},\"potentialAction\":[{\"@type\":\"SearchAction\",\"target\":{\"@type\":\"EntryPoint\",\"urlTemplate\":\"https:\\\/\\\/www.amstelprinting.nl\\\/fr\\\/?s={search_term_string}\"},\"query-input\":{\"@type\":\"PropertyValueSpecification\",\"valueRequired\":true,\"valueName\":\"search_term_string\"}}],\"inLanguage\":\"fr-FR\"},{\"@type\":\"Organization\",\"@id\":\"https:\\\/\\\/www.amstelprinting.nl\\\/fr\\\/#organization\",\"name\":\"Amstel Printing\",\"url\":\"https:\\\/\\\/www.amstelprinting.nl\\\/fr\\\/\",\"logo\":{\"@type\":\"ImageObject\",\"inLanguage\":\"fr-FR\",\"@id\":\"https:\\\/\\\/www.amstelprinting.nl\\\/fr\\\/#\\\/schema\\\/logo\\\/image\\\/\",\"url\":\"https:\\\/\\\/www.amstelprinting.nl\\\/wp-content\\\/uploads\\\/amstel_printing_logo_clean.png\",\"contentUrl\":\"https:\\\/\\\/www.amstelprinting.nl\\\/wp-content\\\/uploads\\\/amstel_printing_logo_clean.png\",\"width\":324,\"height\":73,\"caption\":\"Amstel Printing\"},\"image\":{\"@id\":\"https:\\\/\\\/www.amstelprinting.nl\\\/fr\\\/#\\\/schema\\\/logo\\\/image\\\/\"}}]}<\/script>\n<!-- \/ Yoast SEO plugin. -->","yoast_head_json":{"title":"Autocollant pour panneau immobilier Impression | \u00c0 Vendre, Vendu, \u00c0 Louer etc.","description":"Commander un autocollant pour panneau immobilier ? Choisissez un design standard comme \u00c0 Vendre, Lou\u00e9, Vendu etc. L'autocollant immobilier est r\u00e9sistant \u00e0 l'eau et peut \u00eatre command\u00e9 \u00e0 partir de 1 pi\u00e8ce !","robots":{"index":"index","follow":"follow","max-snippet":"max-snippet:-1","max-image-preview":"max-image-preview:large","max-video-preview":"max-video-preview:-1"},"canonical":"https:\/\/www.amstelprinting.nl\/fr\/boutique\/publicite-exterieure\/construction-et-amp-propriete\/autocollant-pour-panneau-immobilier\/","og_locale":"fr_FR","og_type":"article","og_title":"Autocollant pour panneau immobilier Impression | \u00c0 Vendre, Vendu, \u00c0 Louer etc.","og_description":"Commander un autocollant pour panneau immobilier ? Choisissez un design standard comme \u00c0 Vendre, Lou\u00e9, Vendu etc. L'autocollant immobilier est r\u00e9sistant \u00e0 l'eau et peut \u00eatre command\u00e9 \u00e0 partir de 1 pi\u00e8ce !","og_url":"https:\/\/www.amstelprinting.nl\/fr\/boutique\/publicite-exterieure\/construction-et-amp-propriete\/autocollant-pour-panneau-immobilier\/","og_site_name":"Amstel Printing","article_modified_time":"2026-02-18T11:52:05+00:00","og_image":[{"width":700,"height":700,"url":"https:\/\/www.amstelprinting.nl\/wp-content\/uploads\/Makelaarsbordsticker2-optimized.jpg","type":"image\/jpeg"}],"twitter_card":"summary_large_image","twitter_misc":{"Dur\u00e9e de lecture estim\u00e9e":"1 minute"},"schema":{"@context":"https:\/\/schema.org","@graph":[{"@type":"WebPage","@id":"https:\/\/www.amstelprinting.nl\/fr\/boutique\/publicite-exterieure\/construction-et-amp-propriete\/autocollant-pour-panneau-immobilier\/","url":"https:\/\/www.amstelprinting.nl\/fr\/boutique\/publicite-exterieure\/construction-et-amp-propriete\/autocollant-pour-panneau-immobilier\/","name":"Autocollant pour panneau immobilier Impression | \u00c0 Vendre, Vendu, \u00c0 Louer etc.","isPartOf":{"@id":"https:\/\/www.amstelprinting.nl\/fr\/#website"},"primaryImageOfPage":{"@id":"https:\/\/www.amstelprinting.nl\/fr\/boutique\/publicite-exterieure\/construction-et-amp-propriete\/autocollant-pour-panneau-immobilier\/#primaryimage"},"image":{"@id":"https:\/\/www.amstelprinting.nl\/fr\/boutique\/publicite-exterieure\/construction-et-amp-propriete\/autocollant-pour-panneau-immobilier\/#primaryimage"},"thumbnailUrl":"https:\/\/www.amstelprinting.nl\/wp-content\/uploads\/Makelaarsbordsticker2-optimized.jpg","datePublished":"2025-01-21T18:53:22+00:00","dateModified":"2026-02-18T11:52:05+00:00","description":"Commander un autocollant pour panneau immobilier ? Choisissez un design standard comme \u00c0 Vendre, Lou\u00e9, Vendu etc. L'autocollant immobilier est r\u00e9sistant \u00e0 l'eau et peut \u00eatre command\u00e9 \u00e0 partir de 1 pi\u00e8ce !","breadcrumb":{"@id":"https:\/\/www.amstelprinting.nl\/fr\/boutique\/publicite-exterieure\/construction-et-amp-propriete\/autocollant-pour-panneau-immobilier\/#breadcrumb"},"inLanguage":"fr-FR","potentialAction":[{"@type":"ReadAction","target":["https:\/\/www.amstelprinting.nl\/fr\/boutique\/publicite-exterieure\/construction-et-amp-propriete\/autocollant-pour-panneau-immobilier\/"]}]},{"@type":"ImageObject","inLanguage":"fr-FR","@id":"https:\/\/www.amstelprinting.nl\/fr\/boutique\/publicite-exterieure\/construction-et-amp-propriete\/autocollant-pour-panneau-immobilier\/#primaryimage","url":"https:\/\/www.amstelprinting.nl\/wp-content\/uploads\/Makelaarsbordsticker2-optimized.jpg","contentUrl":"https:\/\/www.amstelprinting.nl\/wp-content\/uploads\/Makelaarsbordsticker2-optimized.jpg","width":700,"height":700,"caption":"Makelaarsbordsticker2.jpg"},{"@type":"BreadcrumbList","@id":"https:\/\/www.amstelprinting.nl\/fr\/boutique\/publicite-exterieure\/construction-et-amp-propriete\/autocollant-pour-panneau-immobilier\/#breadcrumb","itemListElement":[{"@type":"ListItem","position":1,"name":"","item":"https:\/\/www.amstelprinting.nl\/fr\/"},{"@type":"ListItem","position":2,"name":"Amstel Printing","item":"https:\/\/www.amstelprinting.nl\/fr\/boutique\/"},{"@type":"ListItem","position":3,"name":"Publicit\u00e9 ext\u00e9rieure","item":"https:\/\/www.amstelprinting.nl\/fr\/categorie\/publicite-exterieure\/"},{"@type":"ListItem","position":4,"name":"Construction et amp; propri\u00e9t\u00e9","item":"https:\/\/www.amstelprinting.nl\/fr\/categorie\/publicite-exterieure\/construction-et-amp-propriete\/"},{"@type":"ListItem","position":5,"name":"Autocollant pour panneau immobilier"}]},{"@type":"WebSite","@id":"https:\/\/www.amstelprinting.nl\/fr\/#website","url":"https:\/\/www.amstelprinting.nl\/fr\/","name":"Amstel Printing","description":"Creating Exposure","publisher":{"@id":"https:\/\/www.amstelprinting.nl\/fr\/#organization"},"potentialAction":[{"@type":"SearchAction","target":{"@type":"EntryPoint","urlTemplate":"https:\/\/www.amstelprinting.nl\/fr\/?s={search_term_string}"},"query-input":{"@type":"PropertyValueSpecification","valueRequired":true,"valueName":"search_term_string"}}],"inLanguage":"fr-FR"},{"@type":"Organization","@id":"https:\/\/www.amstelprinting.nl\/fr\/#organization","name":"Amstel Printing","url":"https:\/\/www.amstelprinting.nl\/fr\/","logo":{"@type":"ImageObject","inLanguage":"fr-FR","@id":"https:\/\/www.amstelprinting.nl\/fr\/#\/schema\/logo\/image\/","url":"https:\/\/www.amstelprinting.nl\/wp-content\/uploads\/amstel_printing_logo_clean.png","contentUrl":"https:\/\/www.amstelprinting.nl\/wp-content\/uploads\/amstel_printing_logo_clean.png","width":324,"height":73,"caption":"Amstel Printing"},"image":{"@id":"https:\/\/www.amstelprinting.nl\/fr\/#\/schema\/logo\/image\/"}}]}},"_links":{"self":[{"href":"https:\/\/www.amstelprinting.nl\/fr\/wp-json\/wp\/v2\/product\/15897","targetHints":{"allow":["GET"]}}],"collection":[{"href":"https:\/\/www.amstelprinting.nl\/fr\/wp-json\/wp\/v2\/product"}],"about":[{"href":"https:\/\/www.amstelprinting.nl\/fr\/wp-json\/wp\/v2\/types\/product"}],"wp:featuredmedia":[{"embeddable":true,"href":"https:\/\/www.amstelprinting.nl\/fr\/wp-json\/wp\/v2\/media\/15898"}],"wp:attachment":[{"href":"https:\/\/www.amstelprinting.nl\/fr\/wp-json\/wp\/v2\/media?parent=15897"}],"wp:term":[{"taxonomy":"product_brand","embeddable":true,"href":"https:\/\/www.amstelprinting.nl\/fr\/wp-json\/wp\/v2\/product_brand?post=15897"},{"taxonomy":"product_cat","embeddable":true,"href":"https:\/\/www.amstelprinting.nl\/fr\/wp-json\/wp\/v2\/product_cat?post=15897"},{"taxonomy":"product_tag","embeddable":true,"href":"https:\/\/www.amstelprinting.nl\/fr\/wp-json\/wp\/v2\/product_tag?post=15897"}],"curies":[{"name":"wp","href":"https:\/\/api.w.org\/{rel}","templated":true}]}}