{"id":15907,"date":"2025-01-21T19:46:17","date_gmt":"2025-01-21T18:46:17","guid":{"rendered":"https:\/\/www.amstelprinting.nl\/winkel\/non%20class\u00e9\/sportveldbord\/"},"modified":"2026-02-18T12:52:05","modified_gmt":"2026-02-18T11:52:05","slug":"panneau-de-terrain-de-sport","status":"publish","type":"product","link":"https:\/\/www.amstelprinting.nl\/fr\/boutique\/publicite-exterieure\/panneaux-daffichage\/panneau-de-terrain-de-sport\/","title":{"rendered":"Panneau de terrain de sport"},"content":{"rendered":"<h2>Impression de panneaux de terrain de sport<\/h2>\n<p>Les panneaux de terrain de sport sont \u00e9galement appel\u00e9s panneaux de pr\u00e9sentation, panneaux ext\u00e9rieurs ou panneaux de football. Un panneau de terrain de sport imprim\u00e9 est un moyen de promotion tr\u00e8s populaire et extr\u00eamement efficace. Chez Amstel Printing, vous pouvez composer et commander tr\u00e8s avantageusement et facilement votre panneau de terrain de sport imprim\u00e9.<\/p>\n<h2><\/h2>\n<h2>Mat\u00e9riau<\/h2>\n<p>Nos panneaux de terrain de sport sont disponibles en deux qualit\u00e9s diff\u00e9rentes ;<\/p>\n<p><strong>Dibond<\/strong><\/p>\n<ul>\n<li>Mat\u00e9riau : aluminium et poly\u00e9thyl\u00e8ne<\/li>\n<li>Panneau sandwich relativement l\u00e9ger<\/li>\n<li>R\u00e9sistant aux rayures et aux intemp\u00e9ries<\/li>\n<li>Convient pour un usage int\u00e9rieur et ext\u00e9rieur<\/li>\n<li>Impression recto uniquement<\/li>\n<\/ul>\n<p>&nbsp;<\/p>\n<p><strong>HPL<\/strong><\/p>\n<ul>\n<li>Mat\u00e9riau : couche sup\u00e9rieure en r\u00e9sine synth\u00e9tique avec un noyau de couches de papier compress\u00e9<\/li>\n<li>Qualit\u00e9 plus lourde (8,5 kg\/m2 &#8211; 25% plus lourd que le Dibond)<\/li>\n<li>R\u00e9sistant aux rayures et aux intemp\u00e9ries<\/li>\n<li>Convient pour un usage int\u00e9rieur et ext\u00e9rieur<\/li>\n<li>Impression recto et recto-verso possible<\/li>\n<\/ul>\n<p>&nbsp;<\/p>\n<h2>Finition<\/h2>\n<div>Choisissez la finition de votre choix. Selon le mat\u00e9riau choisi (Dibond ou HPL), diff\u00e9rentes finitions peuvent \u00eatre s\u00e9lectionn\u00e9es.<\/div>\n<p><strong>Dibond<\/strong><\/p>\n<ul>\n<li>pas de rev\u00eatement<\/li>\n<li>rev\u00eatement protecteur mat<\/li>\n<li>rev\u00eatement protecteur brillant<\/li>\n<\/ul>\n<p><strong>HPL<\/strong><br \/>\nUn panneau de terrain de sport en HPL peut \u00eatre fini avec un film brillant ou mat. Attention : avec le HPL, la plaque peut se d\u00e9former si un seul c\u00f4t\u00e9 est muni d&rsquo;un film.<\/p>\n<h2><\/h2>\n<h2>Fixation du panneau de terrain de sport<\/h2>\n<p>Pour fixer le panneau de terrain de sport, vous pouvez choisir de faire percer des trous dans le panneau. Le diam\u00e8tre minimal du trou est de 5 mm. Si vous souhaitez des trous plus grands, vous pouvez nous l&rsquo;indiquer dans la configuration. Vous n&rsquo;avez pas besoin d&rsquo;indiquer les trous dans le fichier, nous le ferons pour vous.<\/p>\n","protected":false},"excerpt":{"rendered":"<div>\n<p>Laissez une impression sportive et faites la promotion de votre entreprise avec un panneau de terrain de sport imprim\u00e9. Id\u00e9al pour la promotion le long des terrains de hockey et de football.<\/p>\n<p>&nbsp;<\/p>\n<\/div>\n","protected":false},"featured_media":15908,"template":"","meta":{"_et_pb_use_builder":"","_et_pb_old_content":"","_et_gb_content_width":""},"product_brand":[],"product_cat":[469,448],"product_tag":[],"class_list":{"0":"post-15907","1":"product","2":"type-product","3":"status-publish","4":"has-post-thumbnail","6":"product_cat-panneaux-daffichage","7":"product_cat-publicite-exterieure","9":"first","10":"instock","11":"taxable","12":"shipping-taxable","13":"purchasable","14":"product-type-simple"},"yoast_head":"<!-- This site is optimized with the Yoast SEO plugin v27.3 - https:\/\/yoast.com\/product\/yoast-seo-wordpress\/ -->\n<title>Panneau de terrain de sport Conception &amp; Impression | Amstel Printing - Rapide et pas cher !<\/title>\n<meta name=\"description\" content=\"Panneaux de terrain de sport : un magnifique panneau publicitaire pour le terrain de sport. Calculez imm\u00e9diatement le prix d&#039;un panneau de terrain de sport avec l&#039;impression de votre choix. Commencez \u00e0 concevoir ici !\" \/>\n<meta name=\"robots\" content=\"index, follow, max-snippet:-1, max-image-preview:large, max-video-preview:-1\" \/>\n<link rel=\"canonical\" href=\"https:\/\/www.amstelprinting.nl\/fr\/boutique\/publicite-exterieure\/panneaux-daffichage\/panneau-de-terrain-de-sport\/\" \/>\n<meta property=\"og:locale\" content=\"fr_FR\" \/>\n<meta property=\"og:type\" content=\"article\" \/>\n<meta property=\"og:title\" content=\"Panneau de terrain de sport Conception &amp; Impression | Amstel Printing - Rapide et pas cher !\" \/>\n<meta property=\"og:description\" content=\"Panneaux de terrain de sport : un magnifique panneau publicitaire pour le terrain de sport. Calculez imm\u00e9diatement le prix d&#039;un panneau de terrain de sport avec l&#039;impression de votre choix. Commencez \u00e0 concevoir ici !\" \/>\n<meta property=\"og:url\" content=\"https:\/\/www.amstelprinting.nl\/fr\/boutique\/publicite-exterieure\/panneaux-daffichage\/panneau-de-terrain-de-sport\/\" \/>\n<meta property=\"og:site_name\" content=\"Amstel Printing\" \/>\n<meta property=\"article:modified_time\" content=\"2026-02-18T11:52:05+00:00\" \/>\n<meta property=\"og:image\" content=\"https:\/\/www.amstelprinting.nl\/wp-content\/uploads\/Sportveldbord-optimized.jpg\" \/>\n\t<meta property=\"og:image:width\" content=\"700\" \/>\n\t<meta property=\"og:image:height\" content=\"700\" \/>\n\t<meta property=\"og:image:type\" content=\"image\/jpeg\" \/>\n<meta name=\"twitter:card\" content=\"summary_large_image\" \/>\n<meta name=\"twitter:label1\" content=\"Dur\u00e9e de lecture estim\u00e9e\" \/>\n\t<meta name=\"twitter:data1\" content=\"2 minutes\" \/>\n<script type=\"application\/ld+json\" class=\"yoast-schema-graph\">{\"@context\":\"https:\\\/\\\/schema.org\",\"@graph\":[{\"@type\":\"WebPage\",\"@id\":\"https:\\\/\\\/www.amstelprinting.nl\\\/fr\\\/boutique\\\/publicite-exterieure\\\/panneaux-daffichage\\\/panneau-de-terrain-de-sport\\\/\",\"url\":\"https:\\\/\\\/www.amstelprinting.nl\\\/fr\\\/boutique\\\/publicite-exterieure\\\/panneaux-daffichage\\\/panneau-de-terrain-de-sport\\\/\",\"name\":\"Panneau de terrain de sport Conception & Impression | Amstel Printing - Rapide et pas cher !\",\"isPartOf\":{\"@id\":\"https:\\\/\\\/www.amstelprinting.nl\\\/fr\\\/#website\"},\"primaryImageOfPage\":{\"@id\":\"https:\\\/\\\/www.amstelprinting.nl\\\/fr\\\/boutique\\\/publicite-exterieure\\\/panneaux-daffichage\\\/panneau-de-terrain-de-sport\\\/#primaryimage\"},\"image\":{\"@id\":\"https:\\\/\\\/www.amstelprinting.nl\\\/fr\\\/boutique\\\/publicite-exterieure\\\/panneaux-daffichage\\\/panneau-de-terrain-de-sport\\\/#primaryimage\"},\"thumbnailUrl\":\"https:\\\/\\\/www.amstelprinting.nl\\\/wp-content\\\/uploads\\\/Sportveldbord-optimized.jpg\",\"datePublished\":\"2025-01-21T18:46:17+00:00\",\"dateModified\":\"2026-02-18T11:52:05+00:00\",\"description\":\"Panneaux de terrain de sport : un magnifique panneau publicitaire pour le terrain de sport. Calculez imm\u00e9diatement le prix d'un panneau de terrain de sport avec l'impression de votre choix. Commencez \u00e0 concevoir ici !\",\"breadcrumb\":{\"@id\":\"https:\\\/\\\/www.amstelprinting.nl\\\/fr\\\/boutique\\\/publicite-exterieure\\\/panneaux-daffichage\\\/panneau-de-terrain-de-sport\\\/#breadcrumb\"},\"inLanguage\":\"fr-FR\",\"potentialAction\":[{\"@type\":\"ReadAction\",\"target\":[\"https:\\\/\\\/www.amstelprinting.nl\\\/fr\\\/boutique\\\/publicite-exterieure\\\/panneaux-daffichage\\\/panneau-de-terrain-de-sport\\\/\"]}]},{\"@type\":\"ImageObject\",\"inLanguage\":\"fr-FR\",\"@id\":\"https:\\\/\\\/www.amstelprinting.nl\\\/fr\\\/boutique\\\/publicite-exterieure\\\/panneaux-daffichage\\\/panneau-de-terrain-de-sport\\\/#primaryimage\",\"url\":\"https:\\\/\\\/www.amstelprinting.nl\\\/wp-content\\\/uploads\\\/Sportveldbord-optimized.jpg\",\"contentUrl\":\"https:\\\/\\\/www.amstelprinting.nl\\\/wp-content\\\/uploads\\\/Sportveldbord-optimized.jpg\",\"width\":700,\"height\":700,\"caption\":\"Sportveldbord.png\"},{\"@type\":\"BreadcrumbList\",\"@id\":\"https:\\\/\\\/www.amstelprinting.nl\\\/fr\\\/boutique\\\/publicite-exterieure\\\/panneaux-daffichage\\\/panneau-de-terrain-de-sport\\\/#breadcrumb\",\"itemListElement\":[{\"@type\":\"ListItem\",\"position\":1,\"name\":\"\",\"item\":\"https:\\\/\\\/www.amstelprinting.nl\\\/fr\\\/\"},{\"@type\":\"ListItem\",\"position\":2,\"name\":\"Amstel Printing\",\"item\":\"https:\\\/\\\/www.amstelprinting.nl\\\/fr\\\/boutique\\\/\"},{\"@type\":\"ListItem\",\"position\":3,\"name\":\"Publicit\u00e9 ext\u00e9rieure\",\"item\":\"https:\\\/\\\/www.amstelprinting.nl\\\/fr\\\/categorie\\\/publicite-exterieure\\\/\"},{\"@type\":\"ListItem\",\"position\":4,\"name\":\"Panneaux d'affichage\",\"item\":\"https:\\\/\\\/www.amstelprinting.nl\\\/fr\\\/categorie\\\/publicite-exterieure\\\/panneaux-daffichage\\\/\"},{\"@type\":\"ListItem\",\"position\":5,\"name\":\"Panneau de terrain de sport\"}]},{\"@type\":\"WebSite\",\"@id\":\"https:\\\/\\\/www.amstelprinting.nl\\\/fr\\\/#website\",\"url\":\"https:\\\/\\\/www.amstelprinting.nl\\\/fr\\\/\",\"name\":\"Amstel Printing\",\"description\":\"Creating Exposure\",\"publisher\":{\"@id\":\"https:\\\/\\\/www.amstelprinting.nl\\\/fr\\\/#organization\"},\"potentialAction\":[{\"@type\":\"SearchAction\",\"target\":{\"@type\":\"EntryPoint\",\"urlTemplate\":\"https:\\\/\\\/www.amstelprinting.nl\\\/fr\\\/?s={search_term_string}\"},\"query-input\":{\"@type\":\"PropertyValueSpecification\",\"valueRequired\":true,\"valueName\":\"search_term_string\"}}],\"inLanguage\":\"fr-FR\"},{\"@type\":\"Organization\",\"@id\":\"https:\\\/\\\/www.amstelprinting.nl\\\/fr\\\/#organization\",\"name\":\"Amstel Printing\",\"url\":\"https:\\\/\\\/www.amstelprinting.nl\\\/fr\\\/\",\"logo\":{\"@type\":\"ImageObject\",\"inLanguage\":\"fr-FR\",\"@id\":\"https:\\\/\\\/www.amstelprinting.nl\\\/fr\\\/#\\\/schema\\\/logo\\\/image\\\/\",\"url\":\"https:\\\/\\\/www.amstelprinting.nl\\\/wp-content\\\/uploads\\\/amstel_printing_logo_clean.png\",\"contentUrl\":\"https:\\\/\\\/www.amstelprinting.nl\\\/wp-content\\\/uploads\\\/amstel_printing_logo_clean.png\",\"width\":324,\"height\":73,\"caption\":\"Amstel Printing\"},\"image\":{\"@id\":\"https:\\\/\\\/www.amstelprinting.nl\\\/fr\\\/#\\\/schema\\\/logo\\\/image\\\/\"}}]}<\/script>\n<!-- \/ Yoast SEO plugin. -->","yoast_head_json":{"title":"Panneau de terrain de sport Conception & Impression | Amstel Printing - Rapide et pas cher !","description":"Panneaux de terrain de sport : un magnifique panneau publicitaire pour le terrain de sport. Calculez imm\u00e9diatement le prix d'un panneau de terrain de sport avec l'impression de votre choix. Commencez \u00e0 concevoir ici !","robots":{"index":"index","follow":"follow","max-snippet":"max-snippet:-1","max-image-preview":"max-image-preview:large","max-video-preview":"max-video-preview:-1"},"canonical":"https:\/\/www.amstelprinting.nl\/fr\/boutique\/publicite-exterieure\/panneaux-daffichage\/panneau-de-terrain-de-sport\/","og_locale":"fr_FR","og_type":"article","og_title":"Panneau de terrain de sport Conception & Impression | Amstel Printing - Rapide et pas cher !","og_description":"Panneaux de terrain de sport : un magnifique panneau publicitaire pour le terrain de sport. Calculez imm\u00e9diatement le prix d'un panneau de terrain de sport avec l'impression de votre choix. Commencez \u00e0 concevoir ici !","og_url":"https:\/\/www.amstelprinting.nl\/fr\/boutique\/publicite-exterieure\/panneaux-daffichage\/panneau-de-terrain-de-sport\/","og_site_name":"Amstel Printing","article_modified_time":"2026-02-18T11:52:05+00:00","og_image":[{"width":700,"height":700,"url":"https:\/\/www.amstelprinting.nl\/wp-content\/uploads\/Sportveldbord-optimized.jpg","type":"image\/jpeg"}],"twitter_card":"summary_large_image","twitter_misc":{"Dur\u00e9e de lecture estim\u00e9e":"2 minutes"},"schema":{"@context":"https:\/\/schema.org","@graph":[{"@type":"WebPage","@id":"https:\/\/www.amstelprinting.nl\/fr\/boutique\/publicite-exterieure\/panneaux-daffichage\/panneau-de-terrain-de-sport\/","url":"https:\/\/www.amstelprinting.nl\/fr\/boutique\/publicite-exterieure\/panneaux-daffichage\/panneau-de-terrain-de-sport\/","name":"Panneau de terrain de sport Conception & Impression | Amstel Printing - Rapide et pas cher !","isPartOf":{"@id":"https:\/\/www.amstelprinting.nl\/fr\/#website"},"primaryImageOfPage":{"@id":"https:\/\/www.amstelprinting.nl\/fr\/boutique\/publicite-exterieure\/panneaux-daffichage\/panneau-de-terrain-de-sport\/#primaryimage"},"image":{"@id":"https:\/\/www.amstelprinting.nl\/fr\/boutique\/publicite-exterieure\/panneaux-daffichage\/panneau-de-terrain-de-sport\/#primaryimage"},"thumbnailUrl":"https:\/\/www.amstelprinting.nl\/wp-content\/uploads\/Sportveldbord-optimized.jpg","datePublished":"2025-01-21T18:46:17+00:00","dateModified":"2026-02-18T11:52:05+00:00","description":"Panneaux de terrain de sport : un magnifique panneau publicitaire pour le terrain de sport. Calculez imm\u00e9diatement le prix d'un panneau de terrain de sport avec l'impression de votre choix. Commencez \u00e0 concevoir ici !","breadcrumb":{"@id":"https:\/\/www.amstelprinting.nl\/fr\/boutique\/publicite-exterieure\/panneaux-daffichage\/panneau-de-terrain-de-sport\/#breadcrumb"},"inLanguage":"fr-FR","potentialAction":[{"@type":"ReadAction","target":["https:\/\/www.amstelprinting.nl\/fr\/boutique\/publicite-exterieure\/panneaux-daffichage\/panneau-de-terrain-de-sport\/"]}]},{"@type":"ImageObject","inLanguage":"fr-FR","@id":"https:\/\/www.amstelprinting.nl\/fr\/boutique\/publicite-exterieure\/panneaux-daffichage\/panneau-de-terrain-de-sport\/#primaryimage","url":"https:\/\/www.amstelprinting.nl\/wp-content\/uploads\/Sportveldbord-optimized.jpg","contentUrl":"https:\/\/www.amstelprinting.nl\/wp-content\/uploads\/Sportveldbord-optimized.jpg","width":700,"height":700,"caption":"Sportveldbord.png"},{"@type":"BreadcrumbList","@id":"https:\/\/www.amstelprinting.nl\/fr\/boutique\/publicite-exterieure\/panneaux-daffichage\/panneau-de-terrain-de-sport\/#breadcrumb","itemListElement":[{"@type":"ListItem","position":1,"name":"","item":"https:\/\/www.amstelprinting.nl\/fr\/"},{"@type":"ListItem","position":2,"name":"Amstel Printing","item":"https:\/\/www.amstelprinting.nl\/fr\/boutique\/"},{"@type":"ListItem","position":3,"name":"Publicit\u00e9 ext\u00e9rieure","item":"https:\/\/www.amstelprinting.nl\/fr\/categorie\/publicite-exterieure\/"},{"@type":"ListItem","position":4,"name":"Panneaux d'affichage","item":"https:\/\/www.amstelprinting.nl\/fr\/categorie\/publicite-exterieure\/panneaux-daffichage\/"},{"@type":"ListItem","position":5,"name":"Panneau de terrain de sport"}]},{"@type":"WebSite","@id":"https:\/\/www.amstelprinting.nl\/fr\/#website","url":"https:\/\/www.amstelprinting.nl\/fr\/","name":"Amstel Printing","description":"Creating Exposure","publisher":{"@id":"https:\/\/www.amstelprinting.nl\/fr\/#organization"},"potentialAction":[{"@type":"SearchAction","target":{"@type":"EntryPoint","urlTemplate":"https:\/\/www.amstelprinting.nl\/fr\/?s={search_term_string}"},"query-input":{"@type":"PropertyValueSpecification","valueRequired":true,"valueName":"search_term_string"}}],"inLanguage":"fr-FR"},{"@type":"Organization","@id":"https:\/\/www.amstelprinting.nl\/fr\/#organization","name":"Amstel Printing","url":"https:\/\/www.amstelprinting.nl\/fr\/","logo":{"@type":"ImageObject","inLanguage":"fr-FR","@id":"https:\/\/www.amstelprinting.nl\/fr\/#\/schema\/logo\/image\/","url":"https:\/\/www.amstelprinting.nl\/wp-content\/uploads\/amstel_printing_logo_clean.png","contentUrl":"https:\/\/www.amstelprinting.nl\/wp-content\/uploads\/amstel_printing_logo_clean.png","width":324,"height":73,"caption":"Amstel Printing"},"image":{"@id":"https:\/\/www.amstelprinting.nl\/fr\/#\/schema\/logo\/image\/"}}]}},"_links":{"self":[{"href":"https:\/\/www.amstelprinting.nl\/fr\/wp-json\/wp\/v2\/product\/15907","targetHints":{"allow":["GET"]}}],"collection":[{"href":"https:\/\/www.amstelprinting.nl\/fr\/wp-json\/wp\/v2\/product"}],"about":[{"href":"https:\/\/www.amstelprinting.nl\/fr\/wp-json\/wp\/v2\/types\/product"}],"wp:featuredmedia":[{"embeddable":true,"href":"https:\/\/www.amstelprinting.nl\/fr\/wp-json\/wp\/v2\/media\/15908"}],"wp:attachment":[{"href":"https:\/\/www.amstelprinting.nl\/fr\/wp-json\/wp\/v2\/media?parent=15907"}],"wp:term":[{"taxonomy":"product_brand","embeddable":true,"href":"https:\/\/www.amstelprinting.nl\/fr\/wp-json\/wp\/v2\/product_brand?post=15907"},{"taxonomy":"product_cat","embeddable":true,"href":"https:\/\/www.amstelprinting.nl\/fr\/wp-json\/wp\/v2\/product_cat?post=15907"},{"taxonomy":"product_tag","embeddable":true,"href":"https:\/\/www.amstelprinting.nl\/fr\/wp-json\/wp\/v2\/product_tag?post=15907"}],"curies":[{"name":"wp","href":"https:\/\/api.w.org\/{rel}","templated":true}]}}