{"id":9392,"date":"2025-08-01T14:08:01","date_gmt":"2025-08-01T12:08:01","guid":{"rendered":"https:\/\/www.amstelprinting.nl\/winkel\/non%20class\u00e9\/dranghekdoek\/"},"modified":"2026-02-18T12:49:11","modified_gmt":"2026-02-18T11:49:11","slug":"housse-de-barriere-de-securite","status":"publish","type":"product","link":"https:\/\/www.amstelprinting.nl\/fr\/boutique\/publicite-exterieure\/construction-et-amp-propriete\/housse-de-barriere-de-securite\/","title":{"rendered":"Housse de barri\u00e8re de s\u00e9curit\u00e9"},"content":{"rendered":"<h3>Commander une housse de barri\u00e8re<\/h3>\n<p>Transformez la barri\u00e8re de s\u00e9curit\u00e9 vide en un magnifique support publicitaire de grande envergure ! Choisissez une impression recto ou recto-verso. Nos housses de barri\u00e8re sont particuli\u00e8rement abordables gr\u00e2ce aux formats standard (adapt\u00e9s \u00e0 la plupart des barri\u00e8res). Les housses de barri\u00e8re sont l&rsquo;outil promotionnel id\u00e9al pour les barri\u00e8res lors de concerts, festivals et de nombreux \u00e9v\u00e9nements. Avec une impression d&rsquo;une nettet\u00e9 exceptionnelle, vous informez les visiteurs de mani\u00e8re \u00e9l\u00e9gante et professionnelle.<\/p>\n<h3>Mat\u00e9riaux<\/h3>\n<p>Faites votre choix parmi trois mat\u00e9riaux de haute qualit\u00e9 :<\/p>\n<ul>\n<li><strong>Banner 510<\/strong> : b\u00e2che PVC avec une finition brillante, adapt\u00e9e \u00e0 une utilisation int\u00e9rieure et ext\u00e9rieure.<\/li>\n<li><strong>ProPES Outdoor<\/strong> : toile textile en polyester l\u00e9g\u00e8re avec un rev\u00eatement d\u00e9perlant, id\u00e9ale pour une utilisation prolong\u00e9e en ext\u00e9rieur.<\/li>\n<li><strong>ProPES FR<\/strong> : toile textile en polyester avec un rev\u00eatement ignifuge pour une s\u00e9curit\u00e9 maximale dans diverses conditions. Remarque : les toiles ProPES (variantes Outdoor et FR) sont pliables et l\u00e9g\u00e8res, ce qui simplifie consid\u00e9rablement le transport et le montage.<\/li>\n<\/ul>\n<p>&nbsp;<\/p>\n<h3>Impression recto ou recto-verso<\/h3>\n<p>Nos housses de barri\u00e8re sont disponibles en versions recto et recto-verso. L&rsquo;option recto est dot\u00e9e d&rsquo;\u0153illets tous les 30 cm pour une fixation ais\u00e9e. Avec la b\u00e2che recto-verso, votre message devient visible des deux c\u00f4t\u00e9s de la barri\u00e8re en pla\u00e7ant les \u0153illets uniquement sur les c\u00f4t\u00e9s gauche et droit. Gr\u00e2ce aux d\u00e9coupes sur les deux c\u00f4t\u00e9s, la barri\u00e8re reste facile \u00e0 d\u00e9placer.<\/p>\n<h3>Accessoires<\/h3>\n<p>Compl\u00e9tez votre housse de barri\u00e8re avec des accessoires tels que des serre-c\u00e2bles blancs ou noirs et des tendeurs avec crochets.<br \/>\nOptez pour la qualit\u00e9, la flexibilit\u00e9 et l&rsquo;impact avec nos housses de barri\u00e8re, con\u00e7ues pour faire ressortir votre message en toute occasion.<\/p>\n<h3>Foire aux questions sur l&rsquo;impression de housses de barri\u00e8re<\/h3>\n<p><strong>Comment dois-je fournir mes fichiers ?<\/strong><br \/>\nSous la rubrique \u00ab t\u00e9l\u00e9chargements \u00bb de cette page, vous trouverez diff\u00e9rents mod\u00e8les pour la mise en page de votre fichier.<\/p>\n<p><strong>La housse de barri\u00e8re peut-elle \u00e9galement \u00eatre command\u00e9e dans un format diff\u00e9rent ?<\/strong><br \/>\nSi vous avez besoin d&rsquo;une taille personnalis\u00e9e, elle peut \u00eatre command\u00e9e via les pages de mat\u00e9riaux mesh ou banner 510, o\u00f9 vous pouvez choisir n&rsquo;importe quel format et finition.<\/p>\n","protected":false},"excerpt":{"rendered":"<p>Guidez votre groupe cible dans la bonne direction et attirez l&rsquo;attention sur votre message ! D\u00e9couvrez nos housses de barri\u00e8re polyvalentes. Con\u00e7ues pour d\u00e9limiter les lieux de mani\u00e8re professionnelle. Choisissez parmi diff\u00e9rents formats, tels que le petit avec une largeur de 230 cm \u00e0 235 cm, ou le moyen avec une largeur de 250 cm, afin que votre b\u00e2che s&rsquo;adapte parfaitement \u00e0 votre barri\u00e8re. Livr\u00e9 d\u00e8s 1 jour ouvrable !<\/p>\n","protected":false},"featured_media":9393,"template":"","meta":{"_et_pb_use_builder":"","_et_pb_old_content":"","_et_gb_content_width":""},"product_brand":[],"product_cat":[472,454,448,428,407],"product_tag":[],"class_list":{"0":"post-9392","1":"product","2":"type-product","3":"status-publish","4":"has-post-thumbnail","6":"product_cat-bannieres","7":"product_cat-construction-et-amp-propriete","8":"product_cat-publicite-exterieure","9":"product_cat-salon-et-evenement","10":"product_cat-tissus-de-fete","12":"first","13":"instock","14":"taxable","15":"shipping-taxable","16":"purchasable","17":"product-type-simple"},"yoast_head":"<!-- This site is optimized with the Yoast SEO plugin v27.3 - https:\/\/yoast.com\/product\/yoast-seo-wordpress\/ -->\n<title>Housse de barri\u00e8re pour le contr\u00f4le de foule lors d&#039;\u00e9v\u00e9nements et de festivals.<\/title>\n<meta name=\"description\" content=\"Commandez une housse de barri\u00e8re chez Amstel Printing pour une d\u00e9limitation professionnelle lors d&#039;\u00e9v\u00e9nements, festivals et salons. Promouvez vos produits et services efficacement !\" \/>\n<meta name=\"robots\" content=\"index, follow, max-snippet:-1, max-image-preview:large, max-video-preview:-1\" \/>\n<link rel=\"canonical\" href=\"https:\/\/www.amstelprinting.nl\/fr\/boutique\/publicite-exterieure\/construction-et-amp-propriete\/housse-de-barriere-de-securite\/\" \/>\n<meta property=\"og:locale\" content=\"fr_FR\" \/>\n<meta property=\"og:type\" content=\"article\" \/>\n<meta property=\"og:title\" content=\"Housse de barri\u00e8re pour le contr\u00f4le de foule lors d&#039;\u00e9v\u00e9nements et de festivals.\" \/>\n<meta property=\"og:description\" content=\"Commandez une housse de barri\u00e8re chez Amstel Printing pour une d\u00e9limitation professionnelle lors d&#039;\u00e9v\u00e9nements, festivals et salons. Promouvez vos produits et services efficacement !\" \/>\n<meta property=\"og:url\" content=\"https:\/\/www.amstelprinting.nl\/fr\/boutique\/publicite-exterieure\/construction-et-amp-propriete\/housse-de-barriere-de-securite\/\" \/>\n<meta property=\"og:site_name\" content=\"Amstel Printing\" \/>\n<meta property=\"article:modified_time\" content=\"2026-02-18T11:49:11+00:00\" \/>\n<meta property=\"og:image\" content=\"https:\/\/www.amstelprinting.nl\/wp-content\/uploads\/dranghekdoek-bedrukken.png\" \/>\n\t<meta property=\"og:image:width\" content=\"900\" \/>\n\t<meta property=\"og:image:height\" content=\"900\" \/>\n\t<meta property=\"og:image:type\" content=\"image\/png\" \/>\n<meta name=\"twitter:card\" content=\"summary_large_image\" \/>\n<meta name=\"twitter:label1\" content=\"Dur\u00e9e de lecture estim\u00e9e\" \/>\n\t<meta name=\"twitter:data1\" content=\"2 minutes\" \/>\n<script type=\"application\/ld+json\" class=\"yoast-schema-graph\">{\"@context\":\"https:\\\/\\\/schema.org\",\"@graph\":[{\"@type\":\"WebPage\",\"@id\":\"https:\\\/\\\/www.amstelprinting.nl\\\/fr\\\/boutique\\\/publicite-exterieure\\\/construction-et-amp-propriete\\\/housse-de-barriere-de-securite\\\/\",\"url\":\"https:\\\/\\\/www.amstelprinting.nl\\\/fr\\\/boutique\\\/publicite-exterieure\\\/construction-et-amp-propriete\\\/housse-de-barriere-de-securite\\\/\",\"name\":\"Housse de barri\u00e8re pour le contr\u00f4le de foule lors d'\u00e9v\u00e9nements et de festivals.\",\"isPartOf\":{\"@id\":\"https:\\\/\\\/www.amstelprinting.nl\\\/fr\\\/#website\"},\"primaryImageOfPage\":{\"@id\":\"https:\\\/\\\/www.amstelprinting.nl\\\/fr\\\/boutique\\\/publicite-exterieure\\\/construction-et-amp-propriete\\\/housse-de-barriere-de-securite\\\/#primaryimage\"},\"image\":{\"@id\":\"https:\\\/\\\/www.amstelprinting.nl\\\/fr\\\/boutique\\\/publicite-exterieure\\\/construction-et-amp-propriete\\\/housse-de-barriere-de-securite\\\/#primaryimage\"},\"thumbnailUrl\":\"https:\\\/\\\/www.amstelprinting.nl\\\/wp-content\\\/uploads\\\/dranghekdoek-bedrukken.png\",\"datePublished\":\"2025-08-01T12:08:01+00:00\",\"dateModified\":\"2026-02-18T11:49:11+00:00\",\"description\":\"Commandez une housse de barri\u00e8re chez Amstel Printing pour une d\u00e9limitation professionnelle lors d'\u00e9v\u00e9nements, festivals et salons. Promouvez vos produits et services efficacement !\",\"breadcrumb\":{\"@id\":\"https:\\\/\\\/www.amstelprinting.nl\\\/fr\\\/boutique\\\/publicite-exterieure\\\/construction-et-amp-propriete\\\/housse-de-barriere-de-securite\\\/#breadcrumb\"},\"inLanguage\":\"fr-FR\",\"potentialAction\":[{\"@type\":\"ReadAction\",\"target\":[\"https:\\\/\\\/www.amstelprinting.nl\\\/fr\\\/boutique\\\/publicite-exterieure\\\/construction-et-amp-propriete\\\/housse-de-barriere-de-securite\\\/\"]}]},{\"@type\":\"ImageObject\",\"inLanguage\":\"fr-FR\",\"@id\":\"https:\\\/\\\/www.amstelprinting.nl\\\/fr\\\/boutique\\\/publicite-exterieure\\\/construction-et-amp-propriete\\\/housse-de-barriere-de-securite\\\/#primaryimage\",\"url\":\"https:\\\/\\\/www.amstelprinting.nl\\\/wp-content\\\/uploads\\\/dranghekdoek-bedrukken.png\",\"contentUrl\":\"https:\\\/\\\/www.amstelprinting.nl\\\/wp-content\\\/uploads\\\/dranghekdoek-bedrukken.png\",\"width\":900,\"height\":900},{\"@type\":\"BreadcrumbList\",\"@id\":\"https:\\\/\\\/www.amstelprinting.nl\\\/fr\\\/boutique\\\/publicite-exterieure\\\/construction-et-amp-propriete\\\/housse-de-barriere-de-securite\\\/#breadcrumb\",\"itemListElement\":[{\"@type\":\"ListItem\",\"position\":1,\"name\":\"\",\"item\":\"https:\\\/\\\/www.amstelprinting.nl\\\/fr\\\/\"},{\"@type\":\"ListItem\",\"position\":2,\"name\":\"Amstel Printing\",\"item\":\"https:\\\/\\\/www.amstelprinting.nl\\\/fr\\\/boutique\\\/\"},{\"@type\":\"ListItem\",\"position\":3,\"name\":\"Publicit\u00e9 ext\u00e9rieure\",\"item\":\"https:\\\/\\\/www.amstelprinting.nl\\\/fr\\\/categorie\\\/publicite-exterieure\\\/\"},{\"@type\":\"ListItem\",\"position\":4,\"name\":\"Housse de barri\u00e8re de s\u00e9curit\u00e9\"}]},{\"@type\":\"WebSite\",\"@id\":\"https:\\\/\\\/www.amstelprinting.nl\\\/fr\\\/#website\",\"url\":\"https:\\\/\\\/www.amstelprinting.nl\\\/fr\\\/\",\"name\":\"Amstel Printing\",\"description\":\"Creating Exposure\",\"publisher\":{\"@id\":\"https:\\\/\\\/www.amstelprinting.nl\\\/fr\\\/#organization\"},\"potentialAction\":[{\"@type\":\"SearchAction\",\"target\":{\"@type\":\"EntryPoint\",\"urlTemplate\":\"https:\\\/\\\/www.amstelprinting.nl\\\/fr\\\/?s={search_term_string}\"},\"query-input\":{\"@type\":\"PropertyValueSpecification\",\"valueRequired\":true,\"valueName\":\"search_term_string\"}}],\"inLanguage\":\"fr-FR\"},{\"@type\":\"Organization\",\"@id\":\"https:\\\/\\\/www.amstelprinting.nl\\\/fr\\\/#organization\",\"name\":\"Amstel Printing\",\"url\":\"https:\\\/\\\/www.amstelprinting.nl\\\/fr\\\/\",\"logo\":{\"@type\":\"ImageObject\",\"inLanguage\":\"fr-FR\",\"@id\":\"https:\\\/\\\/www.amstelprinting.nl\\\/fr\\\/#\\\/schema\\\/logo\\\/image\\\/\",\"url\":\"https:\\\/\\\/www.amstelprinting.nl\\\/wp-content\\\/uploads\\\/amstel_printing_logo_clean.png\",\"contentUrl\":\"https:\\\/\\\/www.amstelprinting.nl\\\/wp-content\\\/uploads\\\/amstel_printing_logo_clean.png\",\"width\":324,\"height\":73,\"caption\":\"Amstel Printing\"},\"image\":{\"@id\":\"https:\\\/\\\/www.amstelprinting.nl\\\/fr\\\/#\\\/schema\\\/logo\\\/image\\\/\"}}]}<\/script>\n<!-- \/ Yoast SEO plugin. -->","yoast_head_json":{"title":"Housse de barri\u00e8re pour le contr\u00f4le de foule lors d'\u00e9v\u00e9nements et de festivals.","description":"Commandez une housse de barri\u00e8re chez Amstel Printing pour une d\u00e9limitation professionnelle lors d'\u00e9v\u00e9nements, festivals et salons. Promouvez vos produits et services efficacement !","robots":{"index":"index","follow":"follow","max-snippet":"max-snippet:-1","max-image-preview":"max-image-preview:large","max-video-preview":"max-video-preview:-1"},"canonical":"https:\/\/www.amstelprinting.nl\/fr\/boutique\/publicite-exterieure\/construction-et-amp-propriete\/housse-de-barriere-de-securite\/","og_locale":"fr_FR","og_type":"article","og_title":"Housse de barri\u00e8re pour le contr\u00f4le de foule lors d'\u00e9v\u00e9nements et de festivals.","og_description":"Commandez une housse de barri\u00e8re chez Amstel Printing pour une d\u00e9limitation professionnelle lors d'\u00e9v\u00e9nements, festivals et salons. Promouvez vos produits et services efficacement !","og_url":"https:\/\/www.amstelprinting.nl\/fr\/boutique\/publicite-exterieure\/construction-et-amp-propriete\/housse-de-barriere-de-securite\/","og_site_name":"Amstel Printing","article_modified_time":"2026-02-18T11:49:11+00:00","og_image":[{"width":900,"height":900,"url":"https:\/\/www.amstelprinting.nl\/wp-content\/uploads\/dranghekdoek-bedrukken.png","type":"image\/png"}],"twitter_card":"summary_large_image","twitter_misc":{"Dur\u00e9e de lecture estim\u00e9e":"2 minutes"},"schema":{"@context":"https:\/\/schema.org","@graph":[{"@type":"WebPage","@id":"https:\/\/www.amstelprinting.nl\/fr\/boutique\/publicite-exterieure\/construction-et-amp-propriete\/housse-de-barriere-de-securite\/","url":"https:\/\/www.amstelprinting.nl\/fr\/boutique\/publicite-exterieure\/construction-et-amp-propriete\/housse-de-barriere-de-securite\/","name":"Housse de barri\u00e8re pour le contr\u00f4le de foule lors d'\u00e9v\u00e9nements et de festivals.","isPartOf":{"@id":"https:\/\/www.amstelprinting.nl\/fr\/#website"},"primaryImageOfPage":{"@id":"https:\/\/www.amstelprinting.nl\/fr\/boutique\/publicite-exterieure\/construction-et-amp-propriete\/housse-de-barriere-de-securite\/#primaryimage"},"image":{"@id":"https:\/\/www.amstelprinting.nl\/fr\/boutique\/publicite-exterieure\/construction-et-amp-propriete\/housse-de-barriere-de-securite\/#primaryimage"},"thumbnailUrl":"https:\/\/www.amstelprinting.nl\/wp-content\/uploads\/dranghekdoek-bedrukken.png","datePublished":"2025-08-01T12:08:01+00:00","dateModified":"2026-02-18T11:49:11+00:00","description":"Commandez une housse de barri\u00e8re chez Amstel Printing pour une d\u00e9limitation professionnelle lors d'\u00e9v\u00e9nements, festivals et salons. Promouvez vos produits et services efficacement !","breadcrumb":{"@id":"https:\/\/www.amstelprinting.nl\/fr\/boutique\/publicite-exterieure\/construction-et-amp-propriete\/housse-de-barriere-de-securite\/#breadcrumb"},"inLanguage":"fr-FR","potentialAction":[{"@type":"ReadAction","target":["https:\/\/www.amstelprinting.nl\/fr\/boutique\/publicite-exterieure\/construction-et-amp-propriete\/housse-de-barriere-de-securite\/"]}]},{"@type":"ImageObject","inLanguage":"fr-FR","@id":"https:\/\/www.amstelprinting.nl\/fr\/boutique\/publicite-exterieure\/construction-et-amp-propriete\/housse-de-barriere-de-securite\/#primaryimage","url":"https:\/\/www.amstelprinting.nl\/wp-content\/uploads\/dranghekdoek-bedrukken.png","contentUrl":"https:\/\/www.amstelprinting.nl\/wp-content\/uploads\/dranghekdoek-bedrukken.png","width":900,"height":900},{"@type":"BreadcrumbList","@id":"https:\/\/www.amstelprinting.nl\/fr\/boutique\/publicite-exterieure\/construction-et-amp-propriete\/housse-de-barriere-de-securite\/#breadcrumb","itemListElement":[{"@type":"ListItem","position":1,"name":"","item":"https:\/\/www.amstelprinting.nl\/fr\/"},{"@type":"ListItem","position":2,"name":"Amstel Printing","item":"https:\/\/www.amstelprinting.nl\/fr\/boutique\/"},{"@type":"ListItem","position":3,"name":"Publicit\u00e9 ext\u00e9rieure","item":"https:\/\/www.amstelprinting.nl\/fr\/categorie\/publicite-exterieure\/"},{"@type":"ListItem","position":4,"name":"Housse de barri\u00e8re de s\u00e9curit\u00e9"}]},{"@type":"WebSite","@id":"https:\/\/www.amstelprinting.nl\/fr\/#website","url":"https:\/\/www.amstelprinting.nl\/fr\/","name":"Amstel Printing","description":"Creating Exposure","publisher":{"@id":"https:\/\/www.amstelprinting.nl\/fr\/#organization"},"potentialAction":[{"@type":"SearchAction","target":{"@type":"EntryPoint","urlTemplate":"https:\/\/www.amstelprinting.nl\/fr\/?s={search_term_string}"},"query-input":{"@type":"PropertyValueSpecification","valueRequired":true,"valueName":"search_term_string"}}],"inLanguage":"fr-FR"},{"@type":"Organization","@id":"https:\/\/www.amstelprinting.nl\/fr\/#organization","name":"Amstel Printing","url":"https:\/\/www.amstelprinting.nl\/fr\/","logo":{"@type":"ImageObject","inLanguage":"fr-FR","@id":"https:\/\/www.amstelprinting.nl\/fr\/#\/schema\/logo\/image\/","url":"https:\/\/www.amstelprinting.nl\/wp-content\/uploads\/amstel_printing_logo_clean.png","contentUrl":"https:\/\/www.amstelprinting.nl\/wp-content\/uploads\/amstel_printing_logo_clean.png","width":324,"height":73,"caption":"Amstel Printing"},"image":{"@id":"https:\/\/www.amstelprinting.nl\/fr\/#\/schema\/logo\/image\/"}}]}},"_links":{"self":[{"href":"https:\/\/www.amstelprinting.nl\/fr\/wp-json\/wp\/v2\/product\/9392","targetHints":{"allow":["GET"]}}],"collection":[{"href":"https:\/\/www.amstelprinting.nl\/fr\/wp-json\/wp\/v2\/product"}],"about":[{"href":"https:\/\/www.amstelprinting.nl\/fr\/wp-json\/wp\/v2\/types\/product"}],"wp:featuredmedia":[{"embeddable":true,"href":"https:\/\/www.amstelprinting.nl\/fr\/wp-json\/wp\/v2\/media\/9393"}],"wp:attachment":[{"href":"https:\/\/www.amstelprinting.nl\/fr\/wp-json\/wp\/v2\/media?parent=9392"}],"wp:term":[{"taxonomy":"product_brand","embeddable":true,"href":"https:\/\/www.amstelprinting.nl\/fr\/wp-json\/wp\/v2\/product_brand?post=9392"},{"taxonomy":"product_cat","embeddable":true,"href":"https:\/\/www.amstelprinting.nl\/fr\/wp-json\/wp\/v2\/product_cat?post=9392"},{"taxonomy":"product_tag","embeddable":true,"href":"https:\/\/www.amstelprinting.nl\/fr\/wp-json\/wp\/v2\/product_tag?post=9392"}],"curies":[{"name":"wp","href":"https:\/\/api.w.org\/{rel}","templated":true}]}}