{"id":9428,"date":"2025-07-15T12:53:35","date_gmt":"2025-07-15T10:53:35","guid":{"rendered":"https:\/\/www.amstelprinting.nl\/winkel\/non%20class\u00e9\/beursbalie-kidney\/"},"modified":"2026-02-18T12:49:13","modified_gmt":"2026-02-18T11:49:13","slug":"comptoir-dexposition-kidney","status":"publish","type":"product","link":"https:\/\/www.amstelprinting.nl\/fr\/boutique\/salon-et-evenement\/murs-dexposition\/comptoir-dexposition-kidney\/","title":{"rendered":"Comptoir d&rsquo;exposition Kidney"},"content":{"rendered":"<h2>Les avantages du Comptoir d&rsquo;exposition Kidney<\/h2>\n<ul>\n<li>Plateau sup\u00e9rieur et inf\u00e9rieur robuste en MDF stratifi\u00e9 de 16 mm<\/li>\n<li>Corps enroulable pour un transport facile et un montage rapide<\/li>\n<li>Montage rapide et sans outils gr\u00e2ce au syst\u00e8me velcro<\/li>\n<li>Conception l\u00e9g\u00e8re pour un transport sans effort<\/li>\n<li>Panneaux d&rsquo;impression interchangeables pour une apparence flexible<\/li>\n<li>Livr\u00e9 dans un sac de transport rembourr\u00e9 pour une protection optimale<\/li>\n<\/ul>\n<p>&nbsp;<\/p>\n<h2>Confort d&rsquo;utilisation et design combin\u00e9s<\/h2>\n<p>Le comptoir en forme de haricot (kidney) dispose d&rsquo;une structure \u00e0 lamelles robuste que vous pouvez monter et d\u00e9monter en quelques minutes. Le syst\u00e8me velcro intelligent vous permet de ne pas avoir besoin d&rsquo;outils, ce qui vous permet d&rsquo;\u00eatre pr\u00eat rapidement pour votre pr\u00e9sentation. Apr\u00e8s utilisation, enroulez simplement le comptoir et emportez-le de mani\u00e8re compacte.<\/p>\n<h2>Possibilit\u00e9s d&rsquo;impression adapt\u00e9es \u00e0 vos besoins<\/h2>\n<p>Vous choisissez vous-m\u00eame le mat\u00e9riau d&rsquo;impression qui convient le mieux \u00e0 votre application :<\/p>\n<ul>\n<li><strong>PVC Flexible<\/strong> (0,4 mm d&rsquo;\u00e9paisseur) \u2013 l\u00e9ger, blanc mat et facile \u00e0 changer, id\u00e9al pour une utilisation fr\u00e9quente<\/li>\n<li><strong>Blackback Soft<\/strong> \u2013 pliable, inodore et dot\u00e9 d&rsquo;une couche occultante contre le passage de la lumi\u00e8re<\/li>\n<\/ul>\n<p>&nbsp;<\/p>\n<p>Les deux options sont ignifuges et adapt\u00e9es \u00e0 une utilisation dans les espaces publics. Vos impressions sont livr\u00e9es dans un tube solide, afin qu&rsquo;elles restent toujours en parfait \u00e9tat.<\/p>\n<p>Astuce : En choisissant le PVC Flexible, vous recevez du velcro autocollant \u00e0 fixer vous-m\u00eame au dos de l&rsquo;impression.<\/p>\n<h2>Compl\u00e9tez avec des accessoires<\/h2>\n<p>Woulez-vous compl\u00e9ter votre comptoir d&rsquo;exposition ? Choisissez un porte-brochure pratique au format A4 ou A5, parfait pour pr\u00e9senter des flyers et des brochures de mani\u00e8re ordonn\u00e9e.<\/p>\n<h2>Applications<\/h2>\n<p>Le Comptoir d&rsquo;exposition Kidney est id\u00e9al pour :<\/p>\n<ul>\n<li>Foires et pr\u00e9sentations professionnelles<\/li>\n<li>Promotions en magasin et lancements de produits<\/li>\n<\/ul>\n<p>&nbsp;<\/p>\n<h2>\u00c9v\u00e9nements et journ\u00e9es portes ouvertes<\/h2>\n<p>Avec le comptoir d&rsquo;exposition Kidney, vous disposez d&rsquo;une solution compacte, l\u00e9g\u00e8re et repr\u00e9sentative qui vous permet de vous pr\u00e9senter rapidement et professionnellement. Contactez-nous pour un conseil ou un devis.<\/p>\n","protected":false},"excerpt":{"rendered":"<h2>Comptoir d&rsquo;exposition Kidney \u2013 compact, l\u00e9ger et professionnel<\/h2>\n<p>Vous cherchez un comptoir d&rsquo;exposition compact et facile \u00e0 transporter qui fait impression ? Le comptoir d&rsquo;exposition Kidney vous offre une solution \u00e9l\u00e9gante et robuste pour vos pr\u00e9sentations, promotions et \u00e9v\u00e9nements. Gr\u00e2ce \u00e0 sa conception bien pens\u00e9e et ses mat\u00e9riaux durables, vous \u00eates assur\u00e9 d&rsquo;une apparence professionnelle sur chaque salon.<\/p>\n","protected":false},"featured_media":9430,"template":"","meta":{"_et_pb_use_builder":"","_et_pb_old_content":"","_et_gb_content_width":""},"product_brand":[],"product_cat":[424,413,387,380,428,437],"product_tag":[],"class_list":{"0":"post-9428","1":"product","2":"type-product","3":"status-publish","4":"has-post-thumbnail","6":"product_cat-decoration","7":"product_cat-murs-dexposition","8":"product_cat-presentation","9":"product_cat-publicite-interieure","10":"product_cat-salon-et-evenement","11":"product_cat-vente-au-detail","13":"first","14":"instock","15":"taxable","16":"shipping-taxable","17":"purchasable","18":"product-type-simple"},"yoast_head":"<!-- This site is optimized with the Yoast SEO plugin v27.3 - https:\/\/yoast.com\/product\/yoast-seo-wordpress\/ -->\n<title>Comptoir d&#039;exposition Kidney | Amstel Printing<\/title>\n<meta name=\"robots\" content=\"index, follow, max-snippet:-1, max-image-preview:large, max-video-preview:-1\" \/>\n<link rel=\"canonical\" href=\"https:\/\/www.amstelprinting.nl\/fr\/boutique\/salon-et-evenement\/murs-dexposition\/comptoir-dexposition-kidney\/\" \/>\n<meta property=\"og:locale\" content=\"fr_FR\" \/>\n<meta property=\"og:type\" content=\"article\" \/>\n<meta property=\"og:title\" content=\"Comptoir d&#039;exposition Kidney | Amstel Printing\" \/>\n<meta property=\"og:description\" content=\"Comptoir d&#039;exposition Kidney \u2013 compact, l\u00e9ger et professionnel Vous cherchez un comptoir d&#039;exposition compact et facile \u00e0 transporter qui fait impression ? Le comptoir d&#039;exposition Kidney vous offre une solution \u00e9l\u00e9gante et robuste pour vos pr\u00e9sentations, promotions et \u00e9v\u00e9nements. Gr\u00e2ce \u00e0 sa conception bien pens\u00e9e et ses mat\u00e9riaux durables, vous \u00eates assur\u00e9 d&#039;une apparence professionnelle sur chaque salon.\" \/>\n<meta property=\"og:url\" content=\"https:\/\/www.amstelprinting.nl\/fr\/boutique\/salon-et-evenement\/murs-dexposition\/comptoir-dexposition-kidney\/\" \/>\n<meta property=\"og:site_name\" content=\"Amstel Printing\" \/>\n<meta property=\"article:modified_time\" content=\"2026-02-18T11:49:13+00:00\" \/>\n<meta property=\"og:image\" content=\"https:\/\/www.amstelprinting.nl\/wp-content\/uploads\/Beursbalie-Kidney.jpg\" \/>\n\t<meta property=\"og:image:width\" content=\"700\" \/>\n\t<meta property=\"og:image:height\" content=\"700\" \/>\n\t<meta property=\"og:image:type\" content=\"image\/jpeg\" \/>\n<meta name=\"twitter:card\" content=\"summary_large_image\" \/>\n<meta name=\"twitter:label1\" content=\"Dur\u00e9e de lecture estim\u00e9e\" \/>\n\t<meta name=\"twitter:data1\" content=\"2 minutes\" \/>\n<script type=\"application\/ld+json\" class=\"yoast-schema-graph\">{\"@context\":\"https:\\\/\\\/schema.org\",\"@graph\":[{\"@type\":\"WebPage\",\"@id\":\"https:\\\/\\\/www.amstelprinting.nl\\\/fr\\\/boutique\\\/salon-et-evenement\\\/murs-dexposition\\\/comptoir-dexposition-kidney\\\/\",\"url\":\"https:\\\/\\\/www.amstelprinting.nl\\\/fr\\\/boutique\\\/salon-et-evenement\\\/murs-dexposition\\\/comptoir-dexposition-kidney\\\/\",\"name\":\"Comptoir d'exposition Kidney | Amstel Printing\",\"isPartOf\":{\"@id\":\"https:\\\/\\\/www.amstelprinting.nl\\\/fr\\\/#website\"},\"primaryImageOfPage\":{\"@id\":\"https:\\\/\\\/www.amstelprinting.nl\\\/fr\\\/boutique\\\/salon-et-evenement\\\/murs-dexposition\\\/comptoir-dexposition-kidney\\\/#primaryimage\"},\"image\":{\"@id\":\"https:\\\/\\\/www.amstelprinting.nl\\\/fr\\\/boutique\\\/salon-et-evenement\\\/murs-dexposition\\\/comptoir-dexposition-kidney\\\/#primaryimage\"},\"thumbnailUrl\":\"https:\\\/\\\/www.amstelprinting.nl\\\/wp-content\\\/uploads\\\/Beursbalie-Kidney.jpg\",\"datePublished\":\"2025-07-15T10:53:35+00:00\",\"dateModified\":\"2026-02-18T11:49:13+00:00\",\"breadcrumb\":{\"@id\":\"https:\\\/\\\/www.amstelprinting.nl\\\/fr\\\/boutique\\\/salon-et-evenement\\\/murs-dexposition\\\/comptoir-dexposition-kidney\\\/#breadcrumb\"},\"inLanguage\":\"fr-FR\",\"potentialAction\":[{\"@type\":\"ReadAction\",\"target\":[\"https:\\\/\\\/www.amstelprinting.nl\\\/fr\\\/boutique\\\/salon-et-evenement\\\/murs-dexposition\\\/comptoir-dexposition-kidney\\\/\"]}]},{\"@type\":\"ImageObject\",\"inLanguage\":\"fr-FR\",\"@id\":\"https:\\\/\\\/www.amstelprinting.nl\\\/fr\\\/boutique\\\/salon-et-evenement\\\/murs-dexposition\\\/comptoir-dexposition-kidney\\\/#primaryimage\",\"url\":\"https:\\\/\\\/www.amstelprinting.nl\\\/wp-content\\\/uploads\\\/Beursbalie-Kidney.jpg\",\"contentUrl\":\"https:\\\/\\\/www.amstelprinting.nl\\\/wp-content\\\/uploads\\\/Beursbalie-Kidney.jpg\",\"width\":700,\"height\":700},{\"@type\":\"BreadcrumbList\",\"@id\":\"https:\\\/\\\/www.amstelprinting.nl\\\/fr\\\/boutique\\\/salon-et-evenement\\\/murs-dexposition\\\/comptoir-dexposition-kidney\\\/#breadcrumb\",\"itemListElement\":[{\"@type\":\"ListItem\",\"position\":1,\"name\":\"\",\"item\":\"https:\\\/\\\/www.amstelprinting.nl\\\/fr\\\/\"},{\"@type\":\"ListItem\",\"position\":2,\"name\":\"Amstel Printing\",\"item\":\"https:\\\/\\\/www.amstelprinting.nl\\\/fr\\\/boutique\\\/\"},{\"@type\":\"ListItem\",\"position\":3,\"name\":\"Salon et \u00e9v\u00e9nement\",\"item\":\"https:\\\/\\\/www.amstelprinting.nl\\\/fr\\\/categorie\\\/salon-et-evenement\\\/\"},{\"@type\":\"ListItem\",\"position\":4,\"name\":\"Comptoir d&rsquo;exposition Kidney\"}]},{\"@type\":\"WebSite\",\"@id\":\"https:\\\/\\\/www.amstelprinting.nl\\\/fr\\\/#website\",\"url\":\"https:\\\/\\\/www.amstelprinting.nl\\\/fr\\\/\",\"name\":\"Amstel Printing\",\"description\":\"Creating Exposure\",\"publisher\":{\"@id\":\"https:\\\/\\\/www.amstelprinting.nl\\\/fr\\\/#organization\"},\"potentialAction\":[{\"@type\":\"SearchAction\",\"target\":{\"@type\":\"EntryPoint\",\"urlTemplate\":\"https:\\\/\\\/www.amstelprinting.nl\\\/fr\\\/?s={search_term_string}\"},\"query-input\":{\"@type\":\"PropertyValueSpecification\",\"valueRequired\":true,\"valueName\":\"search_term_string\"}}],\"inLanguage\":\"fr-FR\"},{\"@type\":\"Organization\",\"@id\":\"https:\\\/\\\/www.amstelprinting.nl\\\/fr\\\/#organization\",\"name\":\"Amstel Printing\",\"url\":\"https:\\\/\\\/www.amstelprinting.nl\\\/fr\\\/\",\"logo\":{\"@type\":\"ImageObject\",\"inLanguage\":\"fr-FR\",\"@id\":\"https:\\\/\\\/www.amstelprinting.nl\\\/fr\\\/#\\\/schema\\\/logo\\\/image\\\/\",\"url\":\"https:\\\/\\\/www.amstelprinting.nl\\\/wp-content\\\/uploads\\\/amstel_printing_logo_clean.png\",\"contentUrl\":\"https:\\\/\\\/www.amstelprinting.nl\\\/wp-content\\\/uploads\\\/amstel_printing_logo_clean.png\",\"width\":324,\"height\":73,\"caption\":\"Amstel Printing\"},\"image\":{\"@id\":\"https:\\\/\\\/www.amstelprinting.nl\\\/fr\\\/#\\\/schema\\\/logo\\\/image\\\/\"}}]}<\/script>\n<!-- \/ Yoast SEO plugin. -->","yoast_head_json":{"title":"Comptoir d'exposition Kidney | Amstel Printing","robots":{"index":"index","follow":"follow","max-snippet":"max-snippet:-1","max-image-preview":"max-image-preview:large","max-video-preview":"max-video-preview:-1"},"canonical":"https:\/\/www.amstelprinting.nl\/fr\/boutique\/salon-et-evenement\/murs-dexposition\/comptoir-dexposition-kidney\/","og_locale":"fr_FR","og_type":"article","og_title":"Comptoir d'exposition Kidney | Amstel Printing","og_description":"Comptoir d'exposition Kidney \u2013 compact, l\u00e9ger et professionnel Vous cherchez un comptoir d'exposition compact et facile \u00e0 transporter qui fait impression ? Le comptoir d'exposition Kidney vous offre une solution \u00e9l\u00e9gante et robuste pour vos pr\u00e9sentations, promotions et \u00e9v\u00e9nements. Gr\u00e2ce \u00e0 sa conception bien pens\u00e9e et ses mat\u00e9riaux durables, vous \u00eates assur\u00e9 d'une apparence professionnelle sur chaque salon.","og_url":"https:\/\/www.amstelprinting.nl\/fr\/boutique\/salon-et-evenement\/murs-dexposition\/comptoir-dexposition-kidney\/","og_site_name":"Amstel Printing","article_modified_time":"2026-02-18T11:49:13+00:00","og_image":[{"width":700,"height":700,"url":"https:\/\/www.amstelprinting.nl\/wp-content\/uploads\/Beursbalie-Kidney.jpg","type":"image\/jpeg"}],"twitter_card":"summary_large_image","twitter_misc":{"Dur\u00e9e de lecture estim\u00e9e":"2 minutes"},"schema":{"@context":"https:\/\/schema.org","@graph":[{"@type":"WebPage","@id":"https:\/\/www.amstelprinting.nl\/fr\/boutique\/salon-et-evenement\/murs-dexposition\/comptoir-dexposition-kidney\/","url":"https:\/\/www.amstelprinting.nl\/fr\/boutique\/salon-et-evenement\/murs-dexposition\/comptoir-dexposition-kidney\/","name":"Comptoir d'exposition Kidney | Amstel Printing","isPartOf":{"@id":"https:\/\/www.amstelprinting.nl\/fr\/#website"},"primaryImageOfPage":{"@id":"https:\/\/www.amstelprinting.nl\/fr\/boutique\/salon-et-evenement\/murs-dexposition\/comptoir-dexposition-kidney\/#primaryimage"},"image":{"@id":"https:\/\/www.amstelprinting.nl\/fr\/boutique\/salon-et-evenement\/murs-dexposition\/comptoir-dexposition-kidney\/#primaryimage"},"thumbnailUrl":"https:\/\/www.amstelprinting.nl\/wp-content\/uploads\/Beursbalie-Kidney.jpg","datePublished":"2025-07-15T10:53:35+00:00","dateModified":"2026-02-18T11:49:13+00:00","breadcrumb":{"@id":"https:\/\/www.amstelprinting.nl\/fr\/boutique\/salon-et-evenement\/murs-dexposition\/comptoir-dexposition-kidney\/#breadcrumb"},"inLanguage":"fr-FR","potentialAction":[{"@type":"ReadAction","target":["https:\/\/www.amstelprinting.nl\/fr\/boutique\/salon-et-evenement\/murs-dexposition\/comptoir-dexposition-kidney\/"]}]},{"@type":"ImageObject","inLanguage":"fr-FR","@id":"https:\/\/www.amstelprinting.nl\/fr\/boutique\/salon-et-evenement\/murs-dexposition\/comptoir-dexposition-kidney\/#primaryimage","url":"https:\/\/www.amstelprinting.nl\/wp-content\/uploads\/Beursbalie-Kidney.jpg","contentUrl":"https:\/\/www.amstelprinting.nl\/wp-content\/uploads\/Beursbalie-Kidney.jpg","width":700,"height":700},{"@type":"BreadcrumbList","@id":"https:\/\/www.amstelprinting.nl\/fr\/boutique\/salon-et-evenement\/murs-dexposition\/comptoir-dexposition-kidney\/#breadcrumb","itemListElement":[{"@type":"ListItem","position":1,"name":"","item":"https:\/\/www.amstelprinting.nl\/fr\/"},{"@type":"ListItem","position":2,"name":"Amstel Printing","item":"https:\/\/www.amstelprinting.nl\/fr\/boutique\/"},{"@type":"ListItem","position":3,"name":"Salon et \u00e9v\u00e9nement","item":"https:\/\/www.amstelprinting.nl\/fr\/categorie\/salon-et-evenement\/"},{"@type":"ListItem","position":4,"name":"Comptoir d&rsquo;exposition Kidney"}]},{"@type":"WebSite","@id":"https:\/\/www.amstelprinting.nl\/fr\/#website","url":"https:\/\/www.amstelprinting.nl\/fr\/","name":"Amstel Printing","description":"Creating Exposure","publisher":{"@id":"https:\/\/www.amstelprinting.nl\/fr\/#organization"},"potentialAction":[{"@type":"SearchAction","target":{"@type":"EntryPoint","urlTemplate":"https:\/\/www.amstelprinting.nl\/fr\/?s={search_term_string}"},"query-input":{"@type":"PropertyValueSpecification","valueRequired":true,"valueName":"search_term_string"}}],"inLanguage":"fr-FR"},{"@type":"Organization","@id":"https:\/\/www.amstelprinting.nl\/fr\/#organization","name":"Amstel Printing","url":"https:\/\/www.amstelprinting.nl\/fr\/","logo":{"@type":"ImageObject","inLanguage":"fr-FR","@id":"https:\/\/www.amstelprinting.nl\/fr\/#\/schema\/logo\/image\/","url":"https:\/\/www.amstelprinting.nl\/wp-content\/uploads\/amstel_printing_logo_clean.png","contentUrl":"https:\/\/www.amstelprinting.nl\/wp-content\/uploads\/amstel_printing_logo_clean.png","width":324,"height":73,"caption":"Amstel Printing"},"image":{"@id":"https:\/\/www.amstelprinting.nl\/fr\/#\/schema\/logo\/image\/"}}]}},"_links":{"self":[{"href":"https:\/\/www.amstelprinting.nl\/fr\/wp-json\/wp\/v2\/product\/9428","targetHints":{"allow":["GET"]}}],"collection":[{"href":"https:\/\/www.amstelprinting.nl\/fr\/wp-json\/wp\/v2\/product"}],"about":[{"href":"https:\/\/www.amstelprinting.nl\/fr\/wp-json\/wp\/v2\/types\/product"}],"wp:featuredmedia":[{"embeddable":true,"href":"https:\/\/www.amstelprinting.nl\/fr\/wp-json\/wp\/v2\/media\/9430"}],"wp:attachment":[{"href":"https:\/\/www.amstelprinting.nl\/fr\/wp-json\/wp\/v2\/media?parent=9428"}],"wp:term":[{"taxonomy":"product_brand","embeddable":true,"href":"https:\/\/www.amstelprinting.nl\/fr\/wp-json\/wp\/v2\/product_brand?post=9428"},{"taxonomy":"product_cat","embeddable":true,"href":"https:\/\/www.amstelprinting.nl\/fr\/wp-json\/wp\/v2\/product_cat?post=9428"},{"taxonomy":"product_tag","embeddable":true,"href":"https:\/\/www.amstelprinting.nl\/fr\/wp-json\/wp\/v2\/product_tag?post=9428"}],"curies":[{"name":"wp","href":"https:\/\/api.w.org\/{rel}","templated":true}]}}