{"id":9473,"date":"2025-07-15T12:53:16","date_gmt":"2025-07-15T10:53:16","guid":{"rendered":"https:\/\/www.amstelprinting.nl\/winkel\/non%20class\u00e9\/dibond-xl\/"},"modified":"2026-02-10T13:11:43","modified_gmt":"2026-02-10T12:11:43","slug":"dibond-xl","status":"publish","type":"product","link":"https:\/\/www.amstelprinting.nl\/fr\/boutique\/materiels\/plaque\/dibond-xl\/","title":{"rendered":"Dibond XL"},"content":{"rendered":"<h2>Les avantages du Dibond XL<\/h2>\n<ul>\n<li>Format extra large : jusqu&rsquo;\u00e0 400 \u00d7 196 cm d&rsquo;un seul tenant<\/li>\n<li>L\u00e9ger, mais extr\u00eamement solide gr\u00e2ce \u00e0 sa construction en sandwich<\/li>\n<li>Durable et r\u00e9sistant aux intemp\u00e9ries \u2013 adapt\u00e9 \u00e0 un usage ext\u00e9rieur<\/li>\n<li>Ignifuge, donc utilisable dans les espaces publics<\/li>\n<li>La couche de protection sup\u00e9rieure \u00e9vite les rayures et les dommages dus aux chocs<\/li>\n<\/ul>\n<p>&nbsp;<\/p>\n<h2>Qu&rsquo;est-ce qui rend le Dibond XL sp\u00e9cial ?<\/h2>\n<p>Le Dibond XL se compose de deux fines couches d&rsquo;aluminium avec un noyau en plastique, ce qui conf\u00e8re au mat\u00e9riau une combinaison unique de solidit\u00e9 et de flexibilit\u00e9. Il ne fait que 3 mm d&rsquo;\u00e9paisseur, mais offre une r\u00e9sistance structurelle suffisante pour les grandes applications \u2013 et ce, sans peser lourd.<\/p>\n<p>Grand avantage : la surface d&rsquo;impression est totalement sans soudure. Cela garantit un aspect propre et professionnel, sans interruptions ou joints g\u00eanants.<\/p>\n<h2>Durabilit\u00e9 &amp; qualit\u00e9<\/h2>\n<p>Le Dibond XL r\u00e9siste aux variations des conditions m\u00e9t\u00e9orologiques et pr\u00e9sente un faible taux de dilatation. Cela signifie : pas de d\u00e9formation en cas de changements de temp\u00e9rature ou d&rsquo;humidit\u00e9. Parfait pour des applications ext\u00e9rieures de longue dur\u00e9e.<br \/>\nAttention : en raison de la composition du mat\u00e9riau, le panneau est difficile \u00e0 recycler. Cependant, il dure longtemps et n\u00e9cessite peu d&rsquo;entretien.<\/p>\n<h2>Applications les plus courantes<\/h2>\n<ul>\n<li>Enseignes de fa\u00e7ade et panneaux ext\u00e9rieurs<\/li>\n<li>Panneaux de chantier<\/li>\n<li>Murs d&rsquo;exposition et de pr\u00e9sentation<\/li>\n<li>Signal\u00e9tique et visuels XL<\/li>\n<\/ul>\n<h2><\/h2>\n<h2>Conseils de montage pratiques<\/h2>\n<p>Pour des formats de cette taille, le montage est un point d&rsquo;attention important. Nous conseillons :<\/p>\n<ul>\n<li>Travaillez \u00e0 plusieurs personnes lors de la pose<\/li>\n<li>Pr\u00e9voyez des trous de per\u00e7age un peu plus larges pour une marge de man\u0153uvre suppl\u00e9mentaire lors des variations de temp\u00e9rature<\/li>\n<li>Utilisez au moins deux plaques de suspension pour les largeurs \u00e0 partir de 80 cm<\/li>\n<li>Pr\u00eat \u00e0 voir les choses en grand avec le Dibond XL ?<\/li>\n<\/ul>\n<p>&nbsp;<\/p>\n<p>Optez pour une visibilit\u00e9 maximale, un minimum de joints et une qualit\u00e9 durable. Demandez un devis imm\u00e9diatement ou commandez facilement en ligne.<\/p>\n<p>Souhaitez-vous cr\u00e9er une combinaison avec d&rsquo;autres signal\u00e9tiques ou d\u00e9sirez-vous des conseils sur les solutions de montage sur site ? Nous serons ravis de vous conseiller.<\/p>\n","protected":false},"excerpt":{"rendered":"<h2>Dibond XL \u2013 Panneau grand format au look professionnel<\/h2>\n<p>Vous recherchez un panneau robuste et l\u00e9ger pour des impressions grand format sans joints visibles ? Le Dibond XL est LA solution pour les applications o\u00f9 le format, la durabilit\u00e9 et la qualit\u00e9 d&rsquo;impression sont essentiels. Id\u00e9al pour les enseignes de fa\u00e7ade, les projets de construction, la publicit\u00e9 ext\u00e9rieure ou les pr\u00e9sentations grand format.<\/p>\n","protected":false},"featured_media":9475,"template":"","meta":{"_et_pb_use_builder":"","_et_pb_old_content":"","_et_gb_content_width":""},"product_brand":[],"product_cat":[454,553,542,614,413,469,596,560,458,448,428,407],"product_tag":[],"class_list":{"0":"post-9473","1":"product","2":"type-product","3":"status-publish","4":"has-post-thumbnail","6":"product_cat-construction-et-amp-propriete","7":"product_cat-exterieur","8":"product_cat-interieur-2","9":"product_cat-materiels","10":"product_cat-murs-dexposition","11":"product_cat-panneaux-daffichage","12":"product_cat-plaque","13":"product_cat-produits-photo","14":"product_cat-publicite-de-facade","15":"product_cat-publicite-exterieure","16":"product_cat-salon-et-evenement","17":"product_cat-tissus-de-fete","19":"first","20":"instock","21":"taxable","22":"shipping-taxable","23":"purchasable","24":"product-type-simple"},"yoast_head":"<!-- This site is optimized with the Yoast SEO plugin v27.3 - https:\/\/yoast.com\/product\/yoast-seo-wordpress\/ -->\n<title>Dibond XL | Amstel Printing<\/title>\n<meta name=\"robots\" content=\"index, follow, max-snippet:-1, max-image-preview:large, max-video-preview:-1\" \/>\n<link rel=\"canonical\" href=\"https:\/\/www.amstelprinting.nl\/fr\/boutique\/materiels\/plaque\/dibond-xl\/\" \/>\n<meta property=\"og:locale\" content=\"fr_FR\" \/>\n<meta property=\"og:type\" content=\"article\" \/>\n<meta property=\"og:title\" content=\"Dibond XL | Amstel Printing\" \/>\n<meta property=\"og:description\" content=\"Dibond XL \u2013 Panneau grand format au look professionnel Vous recherchez un panneau robuste et l\u00e9ger pour des impressions grand format sans joints visibles ? Le Dibond XL est LA solution pour les applications o\u00f9 le format, la durabilit\u00e9 et la qualit\u00e9 d&#039;impression sont essentiels. Id\u00e9al pour les enseignes de fa\u00e7ade, les projets de construction, la publicit\u00e9 ext\u00e9rieure ou les pr\u00e9sentations grand format.\" \/>\n<meta property=\"og:url\" content=\"https:\/\/www.amstelprinting.nl\/fr\/boutique\/materiels\/plaque\/dibond-xl\/\" \/>\n<meta property=\"og:site_name\" content=\"Amstel Printing\" \/>\n<meta property=\"article:modified_time\" content=\"2026-02-10T12:11:43+00:00\" \/>\n<meta property=\"og:image\" content=\"https:\/\/www.amstelprinting.nl\/wp-content\/uploads\/Dibond-XL.jpg\" \/>\n\t<meta property=\"og:image:width\" content=\"700\" \/>\n\t<meta property=\"og:image:height\" content=\"700\" \/>\n\t<meta property=\"og:image:type\" content=\"image\/jpeg\" \/>\n<meta name=\"twitter:card\" content=\"summary_large_image\" \/>\n<meta name=\"twitter:label1\" content=\"Dur\u00e9e de lecture estim\u00e9e\" \/>\n\t<meta name=\"twitter:data1\" content=\"2 minutes\" \/>\n<script type=\"application\/ld+json\" class=\"yoast-schema-graph\">{\"@context\":\"https:\\\/\\\/schema.org\",\"@graph\":[{\"@type\":\"WebPage\",\"@id\":\"https:\\\/\\\/www.amstelprinting.nl\\\/fr\\\/boutique\\\/materiels\\\/plaque\\\/dibond-xl\\\/\",\"url\":\"https:\\\/\\\/www.amstelprinting.nl\\\/fr\\\/boutique\\\/materiels\\\/plaque\\\/dibond-xl\\\/\",\"name\":\"Dibond XL | Amstel Printing\",\"isPartOf\":{\"@id\":\"https:\\\/\\\/www.amstelprinting.nl\\\/fr\\\/#website\"},\"primaryImageOfPage\":{\"@id\":\"https:\\\/\\\/www.amstelprinting.nl\\\/fr\\\/boutique\\\/materiels\\\/plaque\\\/dibond-xl\\\/#primaryimage\"},\"image\":{\"@id\":\"https:\\\/\\\/www.amstelprinting.nl\\\/fr\\\/boutique\\\/materiels\\\/plaque\\\/dibond-xl\\\/#primaryimage\"},\"thumbnailUrl\":\"https:\\\/\\\/www.amstelprinting.nl\\\/wp-content\\\/uploads\\\/Dibond-XL.jpg\",\"datePublished\":\"2025-07-15T10:53:16+00:00\",\"dateModified\":\"2026-02-10T12:11:43+00:00\",\"breadcrumb\":{\"@id\":\"https:\\\/\\\/www.amstelprinting.nl\\\/fr\\\/boutique\\\/materiels\\\/plaque\\\/dibond-xl\\\/#breadcrumb\"},\"inLanguage\":\"fr-FR\",\"potentialAction\":[{\"@type\":\"ReadAction\",\"target\":[\"https:\\\/\\\/www.amstelprinting.nl\\\/fr\\\/boutique\\\/materiels\\\/plaque\\\/dibond-xl\\\/\"]}]},{\"@type\":\"ImageObject\",\"inLanguage\":\"fr-FR\",\"@id\":\"https:\\\/\\\/www.amstelprinting.nl\\\/fr\\\/boutique\\\/materiels\\\/plaque\\\/dibond-xl\\\/#primaryimage\",\"url\":\"https:\\\/\\\/www.amstelprinting.nl\\\/wp-content\\\/uploads\\\/Dibond-XL.jpg\",\"contentUrl\":\"https:\\\/\\\/www.amstelprinting.nl\\\/wp-content\\\/uploads\\\/Dibond-XL.jpg\",\"width\":700,\"height\":700},{\"@type\":\"BreadcrumbList\",\"@id\":\"https:\\\/\\\/www.amstelprinting.nl\\\/fr\\\/boutique\\\/materiels\\\/plaque\\\/dibond-xl\\\/#breadcrumb\",\"itemListElement\":[{\"@type\":\"ListItem\",\"position\":1,\"name\":\"\",\"item\":\"https:\\\/\\\/www.amstelprinting.nl\\\/fr\\\/\"},{\"@type\":\"ListItem\",\"position\":2,\"name\":\"Amstel Printing\",\"item\":\"https:\\\/\\\/www.amstelprinting.nl\\\/fr\\\/boutique\\\/\"},{\"@type\":\"ListItem\",\"position\":3,\"name\":\"Publicit\u00e9 ext\u00e9rieure\",\"item\":\"https:\\\/\\\/www.amstelprinting.nl\\\/fr\\\/categorie\\\/publicite-exterieure\\\/\"},{\"@type\":\"ListItem\",\"position\":4,\"name\":\"Dibond XL\"}]},{\"@type\":\"WebSite\",\"@id\":\"https:\\\/\\\/www.amstelprinting.nl\\\/fr\\\/#website\",\"url\":\"https:\\\/\\\/www.amstelprinting.nl\\\/fr\\\/\",\"name\":\"Amstel Printing\",\"description\":\"Creating Exposure\",\"publisher\":{\"@id\":\"https:\\\/\\\/www.amstelprinting.nl\\\/fr\\\/#organization\"},\"potentialAction\":[{\"@type\":\"SearchAction\",\"target\":{\"@type\":\"EntryPoint\",\"urlTemplate\":\"https:\\\/\\\/www.amstelprinting.nl\\\/fr\\\/?s={search_term_string}\"},\"query-input\":{\"@type\":\"PropertyValueSpecification\",\"valueRequired\":true,\"valueName\":\"search_term_string\"}}],\"inLanguage\":\"fr-FR\"},{\"@type\":\"Organization\",\"@id\":\"https:\\\/\\\/www.amstelprinting.nl\\\/fr\\\/#organization\",\"name\":\"Amstel Printing\",\"url\":\"https:\\\/\\\/www.amstelprinting.nl\\\/fr\\\/\",\"logo\":{\"@type\":\"ImageObject\",\"inLanguage\":\"fr-FR\",\"@id\":\"https:\\\/\\\/www.amstelprinting.nl\\\/fr\\\/#\\\/schema\\\/logo\\\/image\\\/\",\"url\":\"https:\\\/\\\/www.amstelprinting.nl\\\/wp-content\\\/uploads\\\/amstel_printing_logo_clean.png\",\"contentUrl\":\"https:\\\/\\\/www.amstelprinting.nl\\\/wp-content\\\/uploads\\\/amstel_printing_logo_clean.png\",\"width\":324,\"height\":73,\"caption\":\"Amstel Printing\"},\"image\":{\"@id\":\"https:\\\/\\\/www.amstelprinting.nl\\\/fr\\\/#\\\/schema\\\/logo\\\/image\\\/\"}}]}<\/script>\n<!-- \/ Yoast SEO plugin. -->","yoast_head_json":{"title":"Dibond XL | Amstel Printing","robots":{"index":"index","follow":"follow","max-snippet":"max-snippet:-1","max-image-preview":"max-image-preview:large","max-video-preview":"max-video-preview:-1"},"canonical":"https:\/\/www.amstelprinting.nl\/fr\/boutique\/materiels\/plaque\/dibond-xl\/","og_locale":"fr_FR","og_type":"article","og_title":"Dibond XL | Amstel Printing","og_description":"Dibond XL \u2013 Panneau grand format au look professionnel Vous recherchez un panneau robuste et l\u00e9ger pour des impressions grand format sans joints visibles ? Le Dibond XL est LA solution pour les applications o\u00f9 le format, la durabilit\u00e9 et la qualit\u00e9 d'impression sont essentiels. Id\u00e9al pour les enseignes de fa\u00e7ade, les projets de construction, la publicit\u00e9 ext\u00e9rieure ou les pr\u00e9sentations grand format.","og_url":"https:\/\/www.amstelprinting.nl\/fr\/boutique\/materiels\/plaque\/dibond-xl\/","og_site_name":"Amstel Printing","article_modified_time":"2026-02-10T12:11:43+00:00","og_image":[{"width":700,"height":700,"url":"https:\/\/www.amstelprinting.nl\/wp-content\/uploads\/Dibond-XL.jpg","type":"image\/jpeg"}],"twitter_card":"summary_large_image","twitter_misc":{"Dur\u00e9e de lecture estim\u00e9e":"2 minutes"},"schema":{"@context":"https:\/\/schema.org","@graph":[{"@type":"WebPage","@id":"https:\/\/www.amstelprinting.nl\/fr\/boutique\/materiels\/plaque\/dibond-xl\/","url":"https:\/\/www.amstelprinting.nl\/fr\/boutique\/materiels\/plaque\/dibond-xl\/","name":"Dibond XL | Amstel Printing","isPartOf":{"@id":"https:\/\/www.amstelprinting.nl\/fr\/#website"},"primaryImageOfPage":{"@id":"https:\/\/www.amstelprinting.nl\/fr\/boutique\/materiels\/plaque\/dibond-xl\/#primaryimage"},"image":{"@id":"https:\/\/www.amstelprinting.nl\/fr\/boutique\/materiels\/plaque\/dibond-xl\/#primaryimage"},"thumbnailUrl":"https:\/\/www.amstelprinting.nl\/wp-content\/uploads\/Dibond-XL.jpg","datePublished":"2025-07-15T10:53:16+00:00","dateModified":"2026-02-10T12:11:43+00:00","breadcrumb":{"@id":"https:\/\/www.amstelprinting.nl\/fr\/boutique\/materiels\/plaque\/dibond-xl\/#breadcrumb"},"inLanguage":"fr-FR","potentialAction":[{"@type":"ReadAction","target":["https:\/\/www.amstelprinting.nl\/fr\/boutique\/materiels\/plaque\/dibond-xl\/"]}]},{"@type":"ImageObject","inLanguage":"fr-FR","@id":"https:\/\/www.amstelprinting.nl\/fr\/boutique\/materiels\/plaque\/dibond-xl\/#primaryimage","url":"https:\/\/www.amstelprinting.nl\/wp-content\/uploads\/Dibond-XL.jpg","contentUrl":"https:\/\/www.amstelprinting.nl\/wp-content\/uploads\/Dibond-XL.jpg","width":700,"height":700},{"@type":"BreadcrumbList","@id":"https:\/\/www.amstelprinting.nl\/fr\/boutique\/materiels\/plaque\/dibond-xl\/#breadcrumb","itemListElement":[{"@type":"ListItem","position":1,"name":"","item":"https:\/\/www.amstelprinting.nl\/fr\/"},{"@type":"ListItem","position":2,"name":"Amstel Printing","item":"https:\/\/www.amstelprinting.nl\/fr\/boutique\/"},{"@type":"ListItem","position":3,"name":"Publicit\u00e9 ext\u00e9rieure","item":"https:\/\/www.amstelprinting.nl\/fr\/categorie\/publicite-exterieure\/"},{"@type":"ListItem","position":4,"name":"Dibond XL"}]},{"@type":"WebSite","@id":"https:\/\/www.amstelprinting.nl\/fr\/#website","url":"https:\/\/www.amstelprinting.nl\/fr\/","name":"Amstel Printing","description":"Creating Exposure","publisher":{"@id":"https:\/\/www.amstelprinting.nl\/fr\/#organization"},"potentialAction":[{"@type":"SearchAction","target":{"@type":"EntryPoint","urlTemplate":"https:\/\/www.amstelprinting.nl\/fr\/?s={search_term_string}"},"query-input":{"@type":"PropertyValueSpecification","valueRequired":true,"valueName":"search_term_string"}}],"inLanguage":"fr-FR"},{"@type":"Organization","@id":"https:\/\/www.amstelprinting.nl\/fr\/#organization","name":"Amstel Printing","url":"https:\/\/www.amstelprinting.nl\/fr\/","logo":{"@type":"ImageObject","inLanguage":"fr-FR","@id":"https:\/\/www.amstelprinting.nl\/fr\/#\/schema\/logo\/image\/","url":"https:\/\/www.amstelprinting.nl\/wp-content\/uploads\/amstel_printing_logo_clean.png","contentUrl":"https:\/\/www.amstelprinting.nl\/wp-content\/uploads\/amstel_printing_logo_clean.png","width":324,"height":73,"caption":"Amstel Printing"},"image":{"@id":"https:\/\/www.amstelprinting.nl\/fr\/#\/schema\/logo\/image\/"}}]}},"_links":{"self":[{"href":"https:\/\/www.amstelprinting.nl\/fr\/wp-json\/wp\/v2\/product\/9473","targetHints":{"allow":["GET"]}}],"collection":[{"href":"https:\/\/www.amstelprinting.nl\/fr\/wp-json\/wp\/v2\/product"}],"about":[{"href":"https:\/\/www.amstelprinting.nl\/fr\/wp-json\/wp\/v2\/types\/product"}],"wp:featuredmedia":[{"embeddable":true,"href":"https:\/\/www.amstelprinting.nl\/fr\/wp-json\/wp\/v2\/media\/9475"}],"wp:attachment":[{"href":"https:\/\/www.amstelprinting.nl\/fr\/wp-json\/wp\/v2\/media?parent=9473"}],"wp:term":[{"taxonomy":"product_brand","embeddable":true,"href":"https:\/\/www.amstelprinting.nl\/fr\/wp-json\/wp\/v2\/product_brand?post=9473"},{"taxonomy":"product_cat","embeddable":true,"href":"https:\/\/www.amstelprinting.nl\/fr\/wp-json\/wp\/v2\/product_cat?post=9473"},{"taxonomy":"product_tag","embeddable":true,"href":"https:\/\/www.amstelprinting.nl\/fr\/wp-json\/wp\/v2\/product_tag?post=9473"}],"curies":[{"name":"wp","href":"https:\/\/api.w.org\/{rel}","templated":true}]}}