{"id":9488,"date":"2025-07-15T12:52:49","date_gmt":"2025-07-15T10:52:49","guid":{"rendered":"https:\/\/www.amstelprinting.nl\/winkel\/non%20class\u00e9\/sign-again-2\/"},"modified":"2026-02-18T12:49:15","modified_gmt":"2026-02-18T11:49:15","slug":"sign-again","status":"publish","type":"product","link":"https:\/\/www.amstelprinting.nl\/fr\/boutique\/interieur-2\/exterieur\/sign-again\/","title":{"rendered":"Sign Again\u00ae"},"content":{"rendered":"<h2>Les avantages de Sign Again en un coup d&rsquo;\u0153il<\/h2>\n<p>\\n<\/p>\n<ul>\\n  <\/p>\n<li>Fabriqu\u00e9 \u00e0 partir de mat\u00e9riau de banni\u00e8re 100 % recycl\u00e9 (Banner 510)<\/li>\n<p>\\n  <\/p>\n<li>Robuste, r\u00e9sistant aux chocs et l\u00e9g\u00e8rement flexible<\/li>\n<p>\\n  <\/p>\n<li>Ignifuge (B1) \u2013 adapt\u00e9 aux espaces publics<\/li>\n<p>\\n  <\/p>\n<li>Disponible aussi bien non trait\u00e9 qu&rsquo;avec un rev\u00eatement blanc<\/li>\n<p>\\n  <\/p>\n<li>R\u00e9utilisable et enti\u00e8rement recyclable<\/li>\n<p>\\n<\/ul>\n<p>\\n&nbsp;\\n<\/p>\n<h2>Circulaire et polyvalent<\/h2>\n<p>\\nSign Again offre une solution circulaire dans le secteur de la communication visuelle. Gr\u00e2ce \u00e0 sa robustesse, sa r\u00e9sistance aux rayures et sa flexibilit\u00e9, il convient parfaitement \u00e0 des applications telles que :\\n<\/p>\n<ul>\\n  <\/p>\n<li>Murs d&rsquo;exposition et pr\u00e9sentoirs<\/li>\n<p>\\n  <\/p>\n<li>Signal\u00e9tique<\/li>\n<p>\\n  <\/p>\n<li>D\u00e9coration de festival<\/li>\n<p>\\n  <\/p>\n<li>Applications int\u00e9rieures (telles que carrelage mural ou d\u00e9coration de sol)<\/li>\n<p>\\n  <\/p>\n<li>Le mat\u00e9riau \u00e9tant \u00e9galement disponible dans de plus grands formats, vous gagnez en plus du temps lors du montage.<\/li>\n<p>\\n<\/ul>\n<p>\\n&nbsp;\\n<\/p>\n<h2>Sp\u00e9cifications techniques<\/h2>\n<p>\\n<\/p>\n<ul>\\n  <\/p>\n<li>\u00c9paisseur : 2 mm ou 4 mm<\/li>\n<p>\\n  <\/p>\n<li>Format d&rsquo;impression maximal : 136 \u00d7 116 cm par plaque<\/li>\n<p>\\n  <\/p>\n<li>Impression : recto, avec ou sans rev\u00eatement<\/li>\n<p>\\n  <\/p>\n<li>Choix entre un aspect recycl\u00e9 naturel ou une surface enduite d&rsquo;un blanc pur<\/li>\n<p>\\n  <\/p>\n<li>Le rev\u00eatement assure une impression plus uniforme, tout en pr\u00e9servant en grande partie le caract\u00e8re du mat\u00e9riau recycl\u00e9.<\/li>\n<p>\\n  <\/p>\n<li>Produire durablement sans concessions<\/li>\n<p>\\n<\/ul>\n<p>\\n&nbsp;\\n<\/p>\n<h2>Pr\u00e9sentation de Sign Again\u00ae<\/h2>\n<p>\\nDe nombreux mat\u00e9riaux du secteur de l&rsquo;impression finissent dans la d\u00e9charge apr\u00e8s usage. Sign Again \u00e9vite cela en retraitant les r\u00e9sidus pour en faire un mat\u00e9riau en plaques de haute qualit\u00e9. De cette fa\u00e7on, vous participez activement \u00e0 la r\u00e9duction de l&rsquo;utilisation des mati\u00e8res premi\u00e8res et des \u00e9missions de CO\u2082.\\nGr\u00e2ce \u00e0 l&rsquo;approche circulaire, l&rsquo;impression reste accessible, fiable et responsable \u2013 aujourd&rsquo;hui et \u00e0 l&rsquo;avenir.\\n<\/p>\n<h2>Conseil pratique<\/h2>\n<p>\\nPour les commandes avec des trous de per\u00e7age, des r\u00e9sidus de mat\u00e9riau peuvent parfois rester dans le trou. Vous pouvez les enlever facilement avec une l\u00e9g\u00e8re pression.\\n<\/p>\n<h2>\u00cates-vous pr\u00eat pour une solution d&rsquo;impression tourn\u00e9e vers l&rsquo;avenir ?<\/h2>\n<p>\\nChoisissez Sign Again \u2013 circulaire, solide et professionnel. Demandez un devis ou commandez directement en ligne.<\/p>\n","protected":false},"excerpt":{"rendered":"<h2>Sign Again \u2013 Mat\u00e9riau en plaques circulaire issu de d\u00e9chets d&rsquo;impression recycl\u00e9s<\/h2>\n<p>\\n\u00c0 la recherche d&rsquo;un mat\u00e9riau en plaques durable avec un aspect professionnel ? Sign Again est le premier mat\u00e9riau de plaque d&rsquo;impression enti\u00e8rement recycl\u00e9, issu de flux de r\u00e9sidus tels que les banni\u00e8res usag\u00e9es et les chutes de d\u00e9coupe. Une solution intelligente et respectueuse de l&rsquo;environnement pour toutes vos applications int\u00e9rieures et ext\u00e9rieures.<\/p>\n","protected":false},"featured_media":9490,"template":"","meta":{"_et_pb_use_builder":"","_et_pb_old_content":"","_et_gb_content_width":""},"product_brand":[],"product_cat":[629,454,567,625,553,392,542,469,387,458,448,443,428,437],"product_tag":[],"class_list":{"0":"post-9488","1":"product","2":"type-product","3":"status-publish","4":"has-post-thumbnail","6":"product_cat-bureau","7":"product_cat-construction-et-amp-propriete","8":"product_cat-decoration-de-sol","9":"product_cat-decoration-murale","10":"product_cat-exterieur","11":"product_cat-hospitalite","12":"product_cat-interieur-2","13":"product_cat-panneaux-daffichage","14":"product_cat-presentation","15":"product_cat-publicite-de-facade","16":"product_cat-publicite-exterieure","17":"product_cat-publicite-murale","18":"product_cat-salon-et-evenement","19":"product_cat-vente-au-detail","21":"first","22":"instock","23":"taxable","24":"shipping-taxable","25":"purchasable","26":"product-type-simple"},"yoast_head":"<!-- This site is optimized with the Yoast SEO plugin v27.3 - https:\/\/yoast.com\/product\/yoast-seo-wordpress\/ -->\n<title>Sign Again\u00ae | Amstel Printing<\/title>\n<meta name=\"robots\" content=\"index, follow, max-snippet:-1, max-image-preview:large, max-video-preview:-1\" \/>\n<link rel=\"canonical\" href=\"https:\/\/www.amstelprinting.nl\/fr\/boutique\/interieur-2\/exterieur\/sign-again\/\" \/>\n<meta property=\"og:locale\" content=\"fr_FR\" \/>\n<meta property=\"og:type\" content=\"article\" \/>\n<meta property=\"og:title\" content=\"Sign Again\u00ae | Amstel Printing\" \/>\n<meta property=\"og:description\" content=\"Sign Again \u2013 Mat\u00e9riau en plaques circulaire issu de d\u00e9chets d&#039;impression recycl\u00e9sn\u00c0 la recherche d&#039;un mat\u00e9riau en plaques durable avec un aspect professionnel ? Sign Again est le premier mat\u00e9riau de plaque d&#039;impression enti\u00e8rement recycl\u00e9, issu de flux de r\u00e9sidus tels que les banni\u00e8res usag\u00e9es et les chutes de d\u00e9coupe. Une solution intelligente et respectueuse de l&#039;environnement pour toutes vos applications int\u00e9rieures et ext\u00e9rieures.\" \/>\n<meta property=\"og:url\" content=\"https:\/\/www.amstelprinting.nl\/fr\/boutique\/interieur-2\/exterieur\/sign-again\/\" \/>\n<meta property=\"og:site_name\" content=\"Amstel Printing\" \/>\n<meta property=\"article:modified_time\" content=\"2026-02-18T11:49:15+00:00\" \/>\n<meta property=\"og:image\" content=\"https:\/\/www.amstelprinting.nl\/wp-content\/uploads\/Sign-Again.jpg\" \/>\n\t<meta property=\"og:image:width\" content=\"700\" \/>\n\t<meta property=\"og:image:height\" content=\"700\" \/>\n\t<meta property=\"og:image:type\" content=\"image\/jpeg\" \/>\n<meta name=\"twitter:card\" content=\"summary_large_image\" \/>\n<meta name=\"twitter:label1\" content=\"Dur\u00e9e de lecture estim\u00e9e\" \/>\n\t<meta name=\"twitter:data1\" content=\"2 minutes\" \/>\n<script type=\"application\/ld+json\" class=\"yoast-schema-graph\">{\"@context\":\"https:\\\/\\\/schema.org\",\"@graph\":[{\"@type\":\"WebPage\",\"@id\":\"https:\\\/\\\/www.amstelprinting.nl\\\/fr\\\/boutique\\\/interieur-2\\\/exterieur\\\/sign-again\\\/\",\"url\":\"https:\\\/\\\/www.amstelprinting.nl\\\/fr\\\/boutique\\\/interieur-2\\\/exterieur\\\/sign-again\\\/\",\"name\":\"Sign Again\u00ae | Amstel Printing\",\"isPartOf\":{\"@id\":\"https:\\\/\\\/www.amstelprinting.nl\\\/fr\\\/#website\"},\"primaryImageOfPage\":{\"@id\":\"https:\\\/\\\/www.amstelprinting.nl\\\/fr\\\/boutique\\\/interieur-2\\\/exterieur\\\/sign-again\\\/#primaryimage\"},\"image\":{\"@id\":\"https:\\\/\\\/www.amstelprinting.nl\\\/fr\\\/boutique\\\/interieur-2\\\/exterieur\\\/sign-again\\\/#primaryimage\"},\"thumbnailUrl\":\"https:\\\/\\\/www.amstelprinting.nl\\\/wp-content\\\/uploads\\\/Sign-Again.jpg\",\"datePublished\":\"2025-07-15T10:52:49+00:00\",\"dateModified\":\"2026-02-18T11:49:15+00:00\",\"breadcrumb\":{\"@id\":\"https:\\\/\\\/www.amstelprinting.nl\\\/fr\\\/boutique\\\/interieur-2\\\/exterieur\\\/sign-again\\\/#breadcrumb\"},\"inLanguage\":\"fr-FR\",\"potentialAction\":[{\"@type\":\"ReadAction\",\"target\":[\"https:\\\/\\\/www.amstelprinting.nl\\\/fr\\\/boutique\\\/interieur-2\\\/exterieur\\\/sign-again\\\/\"]}]},{\"@type\":\"ImageObject\",\"inLanguage\":\"fr-FR\",\"@id\":\"https:\\\/\\\/www.amstelprinting.nl\\\/fr\\\/boutique\\\/interieur-2\\\/exterieur\\\/sign-again\\\/#primaryimage\",\"url\":\"https:\\\/\\\/www.amstelprinting.nl\\\/wp-content\\\/uploads\\\/Sign-Again.jpg\",\"contentUrl\":\"https:\\\/\\\/www.amstelprinting.nl\\\/wp-content\\\/uploads\\\/Sign-Again.jpg\",\"width\":700,\"height\":700},{\"@type\":\"BreadcrumbList\",\"@id\":\"https:\\\/\\\/www.amstelprinting.nl\\\/fr\\\/boutique\\\/interieur-2\\\/exterieur\\\/sign-again\\\/#breadcrumb\",\"itemListElement\":[{\"@type\":\"ListItem\",\"position\":1,\"name\":\"\",\"item\":\"https:\\\/\\\/www.amstelprinting.nl\\\/fr\\\/\"},{\"@type\":\"ListItem\",\"position\":2,\"name\":\"Amstel Printing\",\"item\":\"https:\\\/\\\/www.amstelprinting.nl\\\/fr\\\/boutique\\\/\"},{\"@type\":\"ListItem\",\"position\":3,\"name\":\"Int\u00e9rieur\",\"item\":\"https:\\\/\\\/www.amstelprinting.nl\\\/fr\\\/categorie\\\/interieur-2\\\/\"},{\"@type\":\"ListItem\",\"position\":4,\"name\":\"Sign Again\u00ae\"}]},{\"@type\":\"WebSite\",\"@id\":\"https:\\\/\\\/www.amstelprinting.nl\\\/fr\\\/#website\",\"url\":\"https:\\\/\\\/www.amstelprinting.nl\\\/fr\\\/\",\"name\":\"Amstel Printing\",\"description\":\"Creating Exposure\",\"publisher\":{\"@id\":\"https:\\\/\\\/www.amstelprinting.nl\\\/fr\\\/#organization\"},\"potentialAction\":[{\"@type\":\"SearchAction\",\"target\":{\"@type\":\"EntryPoint\",\"urlTemplate\":\"https:\\\/\\\/www.amstelprinting.nl\\\/fr\\\/?s={search_term_string}\"},\"query-input\":{\"@type\":\"PropertyValueSpecification\",\"valueRequired\":true,\"valueName\":\"search_term_string\"}}],\"inLanguage\":\"fr-FR\"},{\"@type\":\"Organization\",\"@id\":\"https:\\\/\\\/www.amstelprinting.nl\\\/fr\\\/#organization\",\"name\":\"Amstel Printing\",\"url\":\"https:\\\/\\\/www.amstelprinting.nl\\\/fr\\\/\",\"logo\":{\"@type\":\"ImageObject\",\"inLanguage\":\"fr-FR\",\"@id\":\"https:\\\/\\\/www.amstelprinting.nl\\\/fr\\\/#\\\/schema\\\/logo\\\/image\\\/\",\"url\":\"https:\\\/\\\/www.amstelprinting.nl\\\/wp-content\\\/uploads\\\/amstel_printing_logo_clean.png\",\"contentUrl\":\"https:\\\/\\\/www.amstelprinting.nl\\\/wp-content\\\/uploads\\\/amstel_printing_logo_clean.png\",\"width\":324,\"height\":73,\"caption\":\"Amstel Printing\"},\"image\":{\"@id\":\"https:\\\/\\\/www.amstelprinting.nl\\\/fr\\\/#\\\/schema\\\/logo\\\/image\\\/\"}}]}<\/script>\n<!-- \/ Yoast SEO plugin. -->","yoast_head_json":{"title":"Sign Again\u00ae | Amstel Printing","robots":{"index":"index","follow":"follow","max-snippet":"max-snippet:-1","max-image-preview":"max-image-preview:large","max-video-preview":"max-video-preview:-1"},"canonical":"https:\/\/www.amstelprinting.nl\/fr\/boutique\/interieur-2\/exterieur\/sign-again\/","og_locale":"fr_FR","og_type":"article","og_title":"Sign Again\u00ae | Amstel Printing","og_description":"Sign Again \u2013 Mat\u00e9riau en plaques circulaire issu de d\u00e9chets d'impression recycl\u00e9sn\u00c0 la recherche d'un mat\u00e9riau en plaques durable avec un aspect professionnel ? Sign Again est le premier mat\u00e9riau de plaque d'impression enti\u00e8rement recycl\u00e9, issu de flux de r\u00e9sidus tels que les banni\u00e8res usag\u00e9es et les chutes de d\u00e9coupe. Une solution intelligente et respectueuse de l'environnement pour toutes vos applications int\u00e9rieures et ext\u00e9rieures.","og_url":"https:\/\/www.amstelprinting.nl\/fr\/boutique\/interieur-2\/exterieur\/sign-again\/","og_site_name":"Amstel Printing","article_modified_time":"2026-02-18T11:49:15+00:00","og_image":[{"width":700,"height":700,"url":"https:\/\/www.amstelprinting.nl\/wp-content\/uploads\/Sign-Again.jpg","type":"image\/jpeg"}],"twitter_card":"summary_large_image","twitter_misc":{"Dur\u00e9e de lecture estim\u00e9e":"2 minutes"},"schema":{"@context":"https:\/\/schema.org","@graph":[{"@type":"WebPage","@id":"https:\/\/www.amstelprinting.nl\/fr\/boutique\/interieur-2\/exterieur\/sign-again\/","url":"https:\/\/www.amstelprinting.nl\/fr\/boutique\/interieur-2\/exterieur\/sign-again\/","name":"Sign Again\u00ae | Amstel Printing","isPartOf":{"@id":"https:\/\/www.amstelprinting.nl\/fr\/#website"},"primaryImageOfPage":{"@id":"https:\/\/www.amstelprinting.nl\/fr\/boutique\/interieur-2\/exterieur\/sign-again\/#primaryimage"},"image":{"@id":"https:\/\/www.amstelprinting.nl\/fr\/boutique\/interieur-2\/exterieur\/sign-again\/#primaryimage"},"thumbnailUrl":"https:\/\/www.amstelprinting.nl\/wp-content\/uploads\/Sign-Again.jpg","datePublished":"2025-07-15T10:52:49+00:00","dateModified":"2026-02-18T11:49:15+00:00","breadcrumb":{"@id":"https:\/\/www.amstelprinting.nl\/fr\/boutique\/interieur-2\/exterieur\/sign-again\/#breadcrumb"},"inLanguage":"fr-FR","potentialAction":[{"@type":"ReadAction","target":["https:\/\/www.amstelprinting.nl\/fr\/boutique\/interieur-2\/exterieur\/sign-again\/"]}]},{"@type":"ImageObject","inLanguage":"fr-FR","@id":"https:\/\/www.amstelprinting.nl\/fr\/boutique\/interieur-2\/exterieur\/sign-again\/#primaryimage","url":"https:\/\/www.amstelprinting.nl\/wp-content\/uploads\/Sign-Again.jpg","contentUrl":"https:\/\/www.amstelprinting.nl\/wp-content\/uploads\/Sign-Again.jpg","width":700,"height":700},{"@type":"BreadcrumbList","@id":"https:\/\/www.amstelprinting.nl\/fr\/boutique\/interieur-2\/exterieur\/sign-again\/#breadcrumb","itemListElement":[{"@type":"ListItem","position":1,"name":"","item":"https:\/\/www.amstelprinting.nl\/fr\/"},{"@type":"ListItem","position":2,"name":"Amstel Printing","item":"https:\/\/www.amstelprinting.nl\/fr\/boutique\/"},{"@type":"ListItem","position":3,"name":"Int\u00e9rieur","item":"https:\/\/www.amstelprinting.nl\/fr\/categorie\/interieur-2\/"},{"@type":"ListItem","position":4,"name":"Sign Again\u00ae"}]},{"@type":"WebSite","@id":"https:\/\/www.amstelprinting.nl\/fr\/#website","url":"https:\/\/www.amstelprinting.nl\/fr\/","name":"Amstel Printing","description":"Creating Exposure","publisher":{"@id":"https:\/\/www.amstelprinting.nl\/fr\/#organization"},"potentialAction":[{"@type":"SearchAction","target":{"@type":"EntryPoint","urlTemplate":"https:\/\/www.amstelprinting.nl\/fr\/?s={search_term_string}"},"query-input":{"@type":"PropertyValueSpecification","valueRequired":true,"valueName":"search_term_string"}}],"inLanguage":"fr-FR"},{"@type":"Organization","@id":"https:\/\/www.amstelprinting.nl\/fr\/#organization","name":"Amstel Printing","url":"https:\/\/www.amstelprinting.nl\/fr\/","logo":{"@type":"ImageObject","inLanguage":"fr-FR","@id":"https:\/\/www.amstelprinting.nl\/fr\/#\/schema\/logo\/image\/","url":"https:\/\/www.amstelprinting.nl\/wp-content\/uploads\/amstel_printing_logo_clean.png","contentUrl":"https:\/\/www.amstelprinting.nl\/wp-content\/uploads\/amstel_printing_logo_clean.png","width":324,"height":73,"caption":"Amstel Printing"},"image":{"@id":"https:\/\/www.amstelprinting.nl\/fr\/#\/schema\/logo\/image\/"}}]}},"_links":{"self":[{"href":"https:\/\/www.amstelprinting.nl\/fr\/wp-json\/wp\/v2\/product\/9488","targetHints":{"allow":["GET"]}}],"collection":[{"href":"https:\/\/www.amstelprinting.nl\/fr\/wp-json\/wp\/v2\/product"}],"about":[{"href":"https:\/\/www.amstelprinting.nl\/fr\/wp-json\/wp\/v2\/types\/product"}],"wp:featuredmedia":[{"embeddable":true,"href":"https:\/\/www.amstelprinting.nl\/fr\/wp-json\/wp\/v2\/media\/9490"}],"wp:attachment":[{"href":"https:\/\/www.amstelprinting.nl\/fr\/wp-json\/wp\/v2\/media?parent=9488"}],"wp:term":[{"taxonomy":"product_brand","embeddable":true,"href":"https:\/\/www.amstelprinting.nl\/fr\/wp-json\/wp\/v2\/product_brand?post=9488"},{"taxonomy":"product_cat","embeddable":true,"href":"https:\/\/www.amstelprinting.nl\/fr\/wp-json\/wp\/v2\/product_cat?post=9488"},{"taxonomy":"product_tag","embeddable":true,"href":"https:\/\/www.amstelprinting.nl\/fr\/wp-json\/wp\/v2\/product_tag?post=9488"}],"curies":[{"name":"wp","href":"https:\/\/api.w.org\/{rel}","templated":true}]}}