{"id":9517,"date":"2025-07-15T12:51:59","date_gmt":"2025-07-15T10:51:59","guid":{"rendered":"https:\/\/www.amstelprinting.nl\/winkel\/non%20class\u00e9\/ijskrabber\/"},"modified":"2026-02-18T12:49:16","modified_gmt":"2026-02-18T11:49:16","slug":"grattoir-a-glace","status":"publish","type":"product","link":"https:\/\/www.amstelprinting.nl\/fr\/boutique\/salon-et-evenement\/decoration\/grattoir-a-glace\/","title":{"rendered":"Grattoir \u00e0 glace"},"content":{"rendered":"<h2>Un outil promotionnel durable et \u00e9l\u00e9gant<\/h2>\n<p>Le grattoir \u00e0 glace est fabriqu\u00e9 en polystyr\u00e8ne : un plastique robuste et l\u00e9ger avec une surface lisse. Ce mat\u00e9riau est 100 % recyclable et offre une excellente qualit\u00e9 d&rsquo;impression. Parfait pour les campagnes saisonni\u00e8res, les cadeaux d&rsquo;affaires ou les promotions hivernales.<\/p>\n<h2>Enti\u00e8rement personnalisable selon vos souhaits<\/h2>\n<p>Que vous souhaitiez imprimer un logo \u00e9pur\u00e9, un design color\u00e9 ou une illustration hivernale \u2013 nos grattoirs \u00e0 glace sont faciles \u00e0 personnaliser. Choisissez une impression recto ou recto-verso et donnez au grattoir \u00e0 glace exactement l&rsquo;apparence qui convient \u00e0 votre marque.<br \/>\nVous voulez commencer rapidement ? Nous mettons \u00e0 disposition des mod\u00e8les de conception gratuits sous l&rsquo;onglet T\u00e9l\u00e9chargements. Cela vous permet de t\u00e9l\u00e9charger un fichier pr\u00eat \u00e0 l&rsquo;impression en quelques minutes seulement.<\/p>\n<h2>Commander des grattoirs \u00e0 glace en quelques \u00e9tapes<\/h2>\n<ul>\n<li>Choisissez la quantit\u00e9 souhait\u00e9e \u2013 disponible d\u00e8s <strong>une pi\u00e8ce<\/strong><\/li>\n<li>T\u00e9l\u00e9chargez <strong>votre design<\/strong> ou utilisez nos mod\u00e8les<\/li>\n<li>Nous assurons une <strong>finition de haute qualit\u00e9<\/strong> et une <strong>livraison<\/strong> rapide<\/li>\n<\/ul>\n<p><strong>Pr\u00eat \u00e0 offrir un accueil chaleureux en hiver \u00e0 vos clients, employ\u00e9s ou partenaires ?<\/strong><\/p>\n<p>Demandez un devis sans engagement ou commandez directement \u2013 et faites briller votre marque, m\u00eame les jours les plus froids de l&rsquo;ann\u00e9e.<\/p>\n","protected":false},"excerpt":{"rendered":"<p><strong>Grattoirs \u00e0 glace personnalis\u00e9s \u2013 Indispensables lors des matins froids<\/strong><br \/>\nPare-brise glac\u00e9 ? Avec un grattoir \u00e0 glace personnalis\u00e9, retirez la neige et la glace en un clin d&rsquo;\u0153il. Enti\u00e8rement aux couleurs de votre entreprise. Cet accessoire d&rsquo;hiver compact et robuste n&rsquo;est pas seulement fonctionnel, c&rsquo;est aussi un puissant outil promotionnel durant les mois d&rsquo;hiver. Commandez d\u00e8s aujourd&rsquo;hui des grattoirs \u00e0 glace imprim\u00e9s avec votre logo, votre design ou votre message.<\/p>\n","protected":false},"featured_media":9518,"template":"","meta":{"_et_pb_use_builder":"","_et_pb_old_content":"","_et_gb_content_width":""},"product_brand":[],"product_cat":[312,424,581,428],"product_tag":[],"class_list":{"0":"post-9517","1":"product","2":"type-product","3":"status-publish","4":"has-post-thumbnail","6":"product_cat-autocollants-et-impression","7":"product_cat-decoration","8":"product_cat-impression","9":"product_cat-salon-et-evenement","11":"first","12":"instock","13":"taxable","14":"shipping-taxable","15":"purchasable","16":"product-type-simple"},"yoast_head":"<!-- This site is optimized with the Yoast SEO plugin v27.3 - https:\/\/yoast.com\/product\/yoast-seo-wordpress\/ -->\n<title>Grattoir \u00e0 glace | Amstel Printing<\/title>\n<meta name=\"robots\" content=\"index, follow, max-snippet:-1, max-image-preview:large, max-video-preview:-1\" \/>\n<link rel=\"canonical\" href=\"https:\/\/www.amstelprinting.nl\/fr\/boutique\/salon-et-evenement\/decoration\/grattoir-a-glace\/\" \/>\n<meta property=\"og:locale\" content=\"fr_FR\" \/>\n<meta property=\"og:type\" content=\"article\" \/>\n<meta property=\"og:title\" content=\"Grattoir \u00e0 glace | Amstel Printing\" \/>\n<meta property=\"og:description\" content=\"Grattoirs \u00e0 glace personnalis\u00e9s \u2013 Indispensables lors des matins froids Pare-brise glac\u00e9 ? Avec un grattoir \u00e0 glace personnalis\u00e9, retirez la neige et la glace en un clin d&#039;\u0153il. Enti\u00e8rement aux couleurs de votre entreprise. Cet accessoire d&#039;hiver compact et robuste n&#039;est pas seulement fonctionnel, c&#039;est aussi un puissant outil promotionnel durant les mois d&#039;hiver. Commandez d\u00e8s aujourd&#039;hui des grattoirs \u00e0 glace imprim\u00e9s avec votre logo, votre design ou votre message.\" \/>\n<meta property=\"og:url\" content=\"https:\/\/www.amstelprinting.nl\/fr\/boutique\/salon-et-evenement\/decoration\/grattoir-a-glace\/\" \/>\n<meta property=\"og:site_name\" content=\"Amstel Printing\" \/>\n<meta property=\"article:modified_time\" content=\"2026-02-18T11:49:16+00:00\" \/>\n<meta property=\"og:image\" content=\"https:\/\/www.amstelprinting.nl\/wp-content\/uploads\/IJskrabber.jpg\" \/>\n\t<meta property=\"og:image:width\" content=\"700\" \/>\n\t<meta property=\"og:image:height\" content=\"700\" \/>\n\t<meta property=\"og:image:type\" content=\"image\/jpeg\" \/>\n<meta name=\"twitter:card\" content=\"summary_large_image\" \/>\n<meta name=\"twitter:label1\" content=\"Dur\u00e9e de lecture estim\u00e9e\" \/>\n\t<meta name=\"twitter:data1\" content=\"1 minute\" \/>\n<script type=\"application\/ld+json\" class=\"yoast-schema-graph\">{\"@context\":\"https:\\\/\\\/schema.org\",\"@graph\":[{\"@type\":\"WebPage\",\"@id\":\"https:\\\/\\\/www.amstelprinting.nl\\\/fr\\\/boutique\\\/salon-et-evenement\\\/decoration\\\/grattoir-a-glace\\\/\",\"url\":\"https:\\\/\\\/www.amstelprinting.nl\\\/fr\\\/boutique\\\/salon-et-evenement\\\/decoration\\\/grattoir-a-glace\\\/\",\"name\":\"Grattoir \u00e0 glace | Amstel Printing\",\"isPartOf\":{\"@id\":\"https:\\\/\\\/www.amstelprinting.nl\\\/fr\\\/#website\"},\"primaryImageOfPage\":{\"@id\":\"https:\\\/\\\/www.amstelprinting.nl\\\/fr\\\/boutique\\\/salon-et-evenement\\\/decoration\\\/grattoir-a-glace\\\/#primaryimage\"},\"image\":{\"@id\":\"https:\\\/\\\/www.amstelprinting.nl\\\/fr\\\/boutique\\\/salon-et-evenement\\\/decoration\\\/grattoir-a-glace\\\/#primaryimage\"},\"thumbnailUrl\":\"https:\\\/\\\/www.amstelprinting.nl\\\/wp-content\\\/uploads\\\/IJskrabber.jpg\",\"datePublished\":\"2025-07-15T10:51:59+00:00\",\"dateModified\":\"2026-02-18T11:49:16+00:00\",\"breadcrumb\":{\"@id\":\"https:\\\/\\\/www.amstelprinting.nl\\\/fr\\\/boutique\\\/salon-et-evenement\\\/decoration\\\/grattoir-a-glace\\\/#breadcrumb\"},\"inLanguage\":\"fr-FR\",\"potentialAction\":[{\"@type\":\"ReadAction\",\"target\":[\"https:\\\/\\\/www.amstelprinting.nl\\\/fr\\\/boutique\\\/salon-et-evenement\\\/decoration\\\/grattoir-a-glace\\\/\"]}]},{\"@type\":\"ImageObject\",\"inLanguage\":\"fr-FR\",\"@id\":\"https:\\\/\\\/www.amstelprinting.nl\\\/fr\\\/boutique\\\/salon-et-evenement\\\/decoration\\\/grattoir-a-glace\\\/#primaryimage\",\"url\":\"https:\\\/\\\/www.amstelprinting.nl\\\/wp-content\\\/uploads\\\/IJskrabber.jpg\",\"contentUrl\":\"https:\\\/\\\/www.amstelprinting.nl\\\/wp-content\\\/uploads\\\/IJskrabber.jpg\",\"width\":700,\"height\":700},{\"@type\":\"BreadcrumbList\",\"@id\":\"https:\\\/\\\/www.amstelprinting.nl\\\/fr\\\/boutique\\\/salon-et-evenement\\\/decoration\\\/grattoir-a-glace\\\/#breadcrumb\",\"itemListElement\":[{\"@type\":\"ListItem\",\"position\":1,\"name\":\"\",\"item\":\"https:\\\/\\\/www.amstelprinting.nl\\\/fr\\\/\"},{\"@type\":\"ListItem\",\"position\":2,\"name\":\"Amstel Printing\",\"item\":\"https:\\\/\\\/www.amstelprinting.nl\\\/fr\\\/boutique\\\/\"},{\"@type\":\"ListItem\",\"position\":3,\"name\":\"Salon et \u00e9v\u00e9nement\",\"item\":\"https:\\\/\\\/www.amstelprinting.nl\\\/fr\\\/categorie\\\/salon-et-evenement\\\/\"},{\"@type\":\"ListItem\",\"position\":4,\"name\":\"Grattoir \u00e0 glace\"}]},{\"@type\":\"WebSite\",\"@id\":\"https:\\\/\\\/www.amstelprinting.nl\\\/fr\\\/#website\",\"url\":\"https:\\\/\\\/www.amstelprinting.nl\\\/fr\\\/\",\"name\":\"Amstel Printing\",\"description\":\"Creating Exposure\",\"publisher\":{\"@id\":\"https:\\\/\\\/www.amstelprinting.nl\\\/fr\\\/#organization\"},\"potentialAction\":[{\"@type\":\"SearchAction\",\"target\":{\"@type\":\"EntryPoint\",\"urlTemplate\":\"https:\\\/\\\/www.amstelprinting.nl\\\/fr\\\/?s={search_term_string}\"},\"query-input\":{\"@type\":\"PropertyValueSpecification\",\"valueRequired\":true,\"valueName\":\"search_term_string\"}}],\"inLanguage\":\"fr-FR\"},{\"@type\":\"Organization\",\"@id\":\"https:\\\/\\\/www.amstelprinting.nl\\\/fr\\\/#organization\",\"name\":\"Amstel Printing\",\"url\":\"https:\\\/\\\/www.amstelprinting.nl\\\/fr\\\/\",\"logo\":{\"@type\":\"ImageObject\",\"inLanguage\":\"fr-FR\",\"@id\":\"https:\\\/\\\/www.amstelprinting.nl\\\/fr\\\/#\\\/schema\\\/logo\\\/image\\\/\",\"url\":\"https:\\\/\\\/www.amstelprinting.nl\\\/wp-content\\\/uploads\\\/amstel_printing_logo_clean.png\",\"contentUrl\":\"https:\\\/\\\/www.amstelprinting.nl\\\/wp-content\\\/uploads\\\/amstel_printing_logo_clean.png\",\"width\":324,\"height\":73,\"caption\":\"Amstel Printing\"},\"image\":{\"@id\":\"https:\\\/\\\/www.amstelprinting.nl\\\/fr\\\/#\\\/schema\\\/logo\\\/image\\\/\"}}]}<\/script>\n<!-- \/ Yoast SEO plugin. -->","yoast_head_json":{"title":"Grattoir \u00e0 glace | Amstel Printing","robots":{"index":"index","follow":"follow","max-snippet":"max-snippet:-1","max-image-preview":"max-image-preview:large","max-video-preview":"max-video-preview:-1"},"canonical":"https:\/\/www.amstelprinting.nl\/fr\/boutique\/salon-et-evenement\/decoration\/grattoir-a-glace\/","og_locale":"fr_FR","og_type":"article","og_title":"Grattoir \u00e0 glace | Amstel Printing","og_description":"Grattoirs \u00e0 glace personnalis\u00e9s \u2013 Indispensables lors des matins froids Pare-brise glac\u00e9 ? Avec un grattoir \u00e0 glace personnalis\u00e9, retirez la neige et la glace en un clin d'\u0153il. Enti\u00e8rement aux couleurs de votre entreprise. Cet accessoire d'hiver compact et robuste n'est pas seulement fonctionnel, c'est aussi un puissant outil promotionnel durant les mois d'hiver. Commandez d\u00e8s aujourd'hui des grattoirs \u00e0 glace imprim\u00e9s avec votre logo, votre design ou votre message.","og_url":"https:\/\/www.amstelprinting.nl\/fr\/boutique\/salon-et-evenement\/decoration\/grattoir-a-glace\/","og_site_name":"Amstel Printing","article_modified_time":"2026-02-18T11:49:16+00:00","og_image":[{"width":700,"height":700,"url":"https:\/\/www.amstelprinting.nl\/wp-content\/uploads\/IJskrabber.jpg","type":"image\/jpeg"}],"twitter_card":"summary_large_image","twitter_misc":{"Dur\u00e9e de lecture estim\u00e9e":"1 minute"},"schema":{"@context":"https:\/\/schema.org","@graph":[{"@type":"WebPage","@id":"https:\/\/www.amstelprinting.nl\/fr\/boutique\/salon-et-evenement\/decoration\/grattoir-a-glace\/","url":"https:\/\/www.amstelprinting.nl\/fr\/boutique\/salon-et-evenement\/decoration\/grattoir-a-glace\/","name":"Grattoir \u00e0 glace | Amstel Printing","isPartOf":{"@id":"https:\/\/www.amstelprinting.nl\/fr\/#website"},"primaryImageOfPage":{"@id":"https:\/\/www.amstelprinting.nl\/fr\/boutique\/salon-et-evenement\/decoration\/grattoir-a-glace\/#primaryimage"},"image":{"@id":"https:\/\/www.amstelprinting.nl\/fr\/boutique\/salon-et-evenement\/decoration\/grattoir-a-glace\/#primaryimage"},"thumbnailUrl":"https:\/\/www.amstelprinting.nl\/wp-content\/uploads\/IJskrabber.jpg","datePublished":"2025-07-15T10:51:59+00:00","dateModified":"2026-02-18T11:49:16+00:00","breadcrumb":{"@id":"https:\/\/www.amstelprinting.nl\/fr\/boutique\/salon-et-evenement\/decoration\/grattoir-a-glace\/#breadcrumb"},"inLanguage":"fr-FR","potentialAction":[{"@type":"ReadAction","target":["https:\/\/www.amstelprinting.nl\/fr\/boutique\/salon-et-evenement\/decoration\/grattoir-a-glace\/"]}]},{"@type":"ImageObject","inLanguage":"fr-FR","@id":"https:\/\/www.amstelprinting.nl\/fr\/boutique\/salon-et-evenement\/decoration\/grattoir-a-glace\/#primaryimage","url":"https:\/\/www.amstelprinting.nl\/wp-content\/uploads\/IJskrabber.jpg","contentUrl":"https:\/\/www.amstelprinting.nl\/wp-content\/uploads\/IJskrabber.jpg","width":700,"height":700},{"@type":"BreadcrumbList","@id":"https:\/\/www.amstelprinting.nl\/fr\/boutique\/salon-et-evenement\/decoration\/grattoir-a-glace\/#breadcrumb","itemListElement":[{"@type":"ListItem","position":1,"name":"","item":"https:\/\/www.amstelprinting.nl\/fr\/"},{"@type":"ListItem","position":2,"name":"Amstel Printing","item":"https:\/\/www.amstelprinting.nl\/fr\/boutique\/"},{"@type":"ListItem","position":3,"name":"Salon et \u00e9v\u00e9nement","item":"https:\/\/www.amstelprinting.nl\/fr\/categorie\/salon-et-evenement\/"},{"@type":"ListItem","position":4,"name":"Grattoir \u00e0 glace"}]},{"@type":"WebSite","@id":"https:\/\/www.amstelprinting.nl\/fr\/#website","url":"https:\/\/www.amstelprinting.nl\/fr\/","name":"Amstel Printing","description":"Creating Exposure","publisher":{"@id":"https:\/\/www.amstelprinting.nl\/fr\/#organization"},"potentialAction":[{"@type":"SearchAction","target":{"@type":"EntryPoint","urlTemplate":"https:\/\/www.amstelprinting.nl\/fr\/?s={search_term_string}"},"query-input":{"@type":"PropertyValueSpecification","valueRequired":true,"valueName":"search_term_string"}}],"inLanguage":"fr-FR"},{"@type":"Organization","@id":"https:\/\/www.amstelprinting.nl\/fr\/#organization","name":"Amstel Printing","url":"https:\/\/www.amstelprinting.nl\/fr\/","logo":{"@type":"ImageObject","inLanguage":"fr-FR","@id":"https:\/\/www.amstelprinting.nl\/fr\/#\/schema\/logo\/image\/","url":"https:\/\/www.amstelprinting.nl\/wp-content\/uploads\/amstel_printing_logo_clean.png","contentUrl":"https:\/\/www.amstelprinting.nl\/wp-content\/uploads\/amstel_printing_logo_clean.png","width":324,"height":73,"caption":"Amstel Printing"},"image":{"@id":"https:\/\/www.amstelprinting.nl\/fr\/#\/schema\/logo\/image\/"}}]}},"_links":{"self":[{"href":"https:\/\/www.amstelprinting.nl\/fr\/wp-json\/wp\/v2\/product\/9517","targetHints":{"allow":["GET"]}}],"collection":[{"href":"https:\/\/www.amstelprinting.nl\/fr\/wp-json\/wp\/v2\/product"}],"about":[{"href":"https:\/\/www.amstelprinting.nl\/fr\/wp-json\/wp\/v2\/types\/product"}],"wp:featuredmedia":[{"embeddable":true,"href":"https:\/\/www.amstelprinting.nl\/fr\/wp-json\/wp\/v2\/media\/9518"}],"wp:attachment":[{"href":"https:\/\/www.amstelprinting.nl\/fr\/wp-json\/wp\/v2\/media?parent=9517"}],"wp:term":[{"taxonomy":"product_brand","embeddable":true,"href":"https:\/\/www.amstelprinting.nl\/fr\/wp-json\/wp\/v2\/product_brand?post=9517"},{"taxonomy":"product_cat","embeddable":true,"href":"https:\/\/www.amstelprinting.nl\/fr\/wp-json\/wp\/v2\/product_cat?post=9517"},{"taxonomy":"product_tag","embeddable":true,"href":"https:\/\/www.amstelprinting.nl\/fr\/wp-json\/wp\/v2\/product_tag?post=9517"}],"curies":[{"name":"wp","href":"https:\/\/api.w.org\/{rel}","templated":true}]}}