{"id":9528,"date":"2025-07-15T12:51:09","date_gmt":"2025-07-15T10:51:09","guid":{"rendered":"https:\/\/www.amstelprinting.nl\/winkel\/non%20class\u00e9\/keuringsstickers\/"},"modified":"2026-02-18T12:49:17","modified_gmt":"2026-02-18T11:49:17","slug":"etiquettes-de-controle","status":"publish","type":"product","link":"https:\/\/www.amstelprinting.nl\/fr\/boutique\/autocollants-et-impression\/petits-autocollants\/etiquettes-de-controle\/","title":{"rendered":"\u00c9tiquettes de contr\u00f4le"},"content":{"rendered":"<h2>Livraison rapide et service clair<\/h2>\n<p>Commandez-vous un jour ouvrable avant 21h30 ? Vous recevrez alors les \u00e9tiquettes sous 4 jours ouvrables.<\/p>\n<p>&nbsp;<\/p>\n<h2>Qualit\u00e9 sup\u00e9rieure<\/h2>\n<ul>\n<li>Imprim\u00e9 sur film blanc autocollant \u2013 disponible en diam\u00e8tres de 2, 3 ou 4 cm.<\/li>\n<li>Dot\u00e9 d&rsquo;un laminage brillant ou UV pour prot\u00e9ger contre les rayures, la salet\u00e9 et la lumi\u00e8re du soleil.<\/li>\n<li>Vos \u00e9tiquettes sont livr\u00e9es sur des planches de 30 \u00d7 26 cm \u2013 pratiques \u00e0 l&#8217;emploi et faciles \u00e0 stocker.<\/li>\n<\/ul>\n<p>&nbsp;<\/p>\n<h2>Imprimer des \u00e9tiquettes de contr\u00f4le : les avantages<\/h2>\n<ul>\n<li>Impression nette &#8211; Texte bien lisible et cercles de date clairs.<\/li>\n<li>Livraison pratique &#8211; \u00c9tiquettes sur planche : utilisation rapide et efficace.<\/li>\n<li>Mod\u00e8les pr\u00eats \u00e0 l&#8217;emploi &#8211; Commencez imm\u00e9diatement avec nos mod\u00e8les gratuits.<\/li>\n<\/ul>\n<p>&nbsp;<\/p>\n<h2>Concevoir soi-m\u00eame ou utiliser un mod\u00e8le<\/h2>\n<ul>\n<li>Vous pouvez fournir votre propre design ou utiliser nos mod\u00e8les gratuits.<\/li>\n<li>Attention : pr\u00e9voyez un fond perdu d&rsquo;au moins 1,5 mm pour \u00e9viter tout d\u00e9calage lors de la d\u00e9coupe.<\/li>\n<\/ul>\n","protected":false},"excerpt":{"rendered":"<p><strong>\u00c9tiquettes de contr\u00f4le avec impression ultra-nette<\/strong><br \/>\nDot\u00e9es d&rsquo;une haute r\u00e9solution pour une lisibilit\u00e9 optimale.<\/p>\n<p><strong>Livraison pratique sur des planches claires<\/strong><br \/>\nPratiques \u00e0 l&rsquo;utilisation, faciles \u00e0 traiter.<\/p>\n<p><strong>Nous vous accompagnons avec des mod\u00e8les pr\u00eats \u00e0 l&#8217;emploi<\/strong><br \/>\nIncluant les symboles officiels et les \u00e9l\u00e9ments de contr\u00f4le \u2013 directement applicables dans votre design.<\/p>\n<p><strong>Toujours une vue d&rsquo;ensemble sur le statut de contr\u00f4le de votre \u00e9quipement<\/strong><br \/>\nAvec nos \u00e9tiquettes de contr\u00f4le, vous montrez imm\u00e9diatement que vos machines, outils ou installations ont \u00e9t\u00e9 contr\u00f4l\u00e9s et peuvent \u00eatre utilis\u00e9s en toute s\u00e9curit\u00e9. Qu&rsquo;il s&rsquo;agisse d&rsquo;un extincteur, d&rsquo;une bo\u00eete \u00e0 outils, d&rsquo;un ascenseur ou d&rsquo;un \u00e9quipement m\u00e9dical : avec une \u00e9tiquette de contr\u00f4le claire, vous r\u00e9pondez aux exigences et d\u00e9gagez du professionnalisme.<\/p>\n","protected":false},"featured_media":9530,"template":"","meta":{"_et_pb_use_builder":"","_et_pb_old_content":"","_et_gb_content_width":""},"product_brand":[],"product_cat":[312,651,635],"product_tag":[],"class_list":{"0":"post-9528","1":"product","2":"type-product","3":"status-publish","4":"has-post-thumbnail","6":"product_cat-autocollants-et-impression","7":"product_cat-feuilles-dautocollants","8":"product_cat-petits-autocollants","10":"first","11":"instock","12":"taxable","13":"shipping-taxable","14":"purchasable","15":"product-type-simple"},"yoast_head":"<!-- This site is optimized with the Yoast SEO plugin v27.3 - https:\/\/yoast.com\/product\/yoast-seo-wordpress\/ -->\n<title>\u00c9tiquettes de contr\u00f4le | Amstel Printing<\/title>\n<meta name=\"robots\" content=\"index, follow, max-snippet:-1, max-image-preview:large, max-video-preview:-1\" \/>\n<link rel=\"canonical\" href=\"https:\/\/www.amstelprinting.nl\/fr\/boutique\/autocollants-et-impression\/petits-autocollants\/etiquettes-de-controle\/\" \/>\n<meta property=\"og:locale\" content=\"fr_FR\" \/>\n<meta property=\"og:type\" content=\"article\" \/>\n<meta property=\"og:title\" content=\"\u00c9tiquettes de contr\u00f4le | Amstel Printing\" \/>\n<meta property=\"og:description\" content=\"\u00c9tiquettes de contr\u00f4le avec impression ultra-nette Dot\u00e9es d&#039;une haute r\u00e9solution pour une lisibilit\u00e9 optimale. Livraison pratique sur des planches claires Pratiques \u00e0 l&#039;utilisation, faciles \u00e0 traiter. Nous vous accompagnons avec des mod\u00e8les pr\u00eats \u00e0 l&#039;emploi Incluant les symboles officiels et les \u00e9l\u00e9ments de contr\u00f4le \u2013 directement applicables dans votre design. Toujours une vue d&#039;ensemble sur le statut de contr\u00f4le de votre \u00e9quipement Avec nos \u00e9tiquettes de contr\u00f4le, vous montrez imm\u00e9diatement que vos machines, outils ou installations ont \u00e9t\u00e9 contr\u00f4l\u00e9s et peuvent \u00eatre utilis\u00e9s en toute s\u00e9curit\u00e9. Qu&#039;il s&#039;agisse d&#039;un extincteur, d&#039;une bo\u00eete \u00e0 outils, d&#039;un ascenseur ou d&#039;un \u00e9quipement m\u00e9dical : avec une \u00e9tiquette de contr\u00f4le claire, vous r\u00e9pondez aux exigences et d\u00e9gagez du professionnalisme.\" \/>\n<meta property=\"og:url\" content=\"https:\/\/www.amstelprinting.nl\/fr\/boutique\/autocollants-et-impression\/petits-autocollants\/etiquettes-de-controle\/\" \/>\n<meta property=\"og:site_name\" content=\"Amstel Printing\" \/>\n<meta property=\"article:modified_time\" content=\"2026-02-18T11:49:17+00:00\" \/>\n<meta property=\"og:image\" content=\"https:\/\/www.amstelprinting.nl\/wp-content\/uploads\/Keuringsstickers.png\" \/>\n\t<meta property=\"og:image:width\" content=\"650\" \/>\n\t<meta property=\"og:image:height\" content=\"650\" \/>\n\t<meta property=\"og:image:type\" content=\"image\/png\" \/>\n<meta name=\"twitter:card\" content=\"summary_large_image\" \/>\n<meta name=\"twitter:label1\" content=\"Dur\u00e9e de lecture estim\u00e9e\" \/>\n\t<meta name=\"twitter:data1\" content=\"1 minute\" \/>\n<script type=\"application\/ld+json\" class=\"yoast-schema-graph\">{\"@context\":\"https:\\\/\\\/schema.org\",\"@graph\":[{\"@type\":\"WebPage\",\"@id\":\"https:\\\/\\\/www.amstelprinting.nl\\\/fr\\\/boutique\\\/autocollants-et-impression\\\/petits-autocollants\\\/etiquettes-de-controle\\\/\",\"url\":\"https:\\\/\\\/www.amstelprinting.nl\\\/fr\\\/boutique\\\/autocollants-et-impression\\\/petits-autocollants\\\/etiquettes-de-controle\\\/\",\"name\":\"\u00c9tiquettes de contr\u00f4le | Amstel Printing\",\"isPartOf\":{\"@id\":\"https:\\\/\\\/www.amstelprinting.nl\\\/fr\\\/#website\"},\"primaryImageOfPage\":{\"@id\":\"https:\\\/\\\/www.amstelprinting.nl\\\/fr\\\/boutique\\\/autocollants-et-impression\\\/petits-autocollants\\\/etiquettes-de-controle\\\/#primaryimage\"},\"image\":{\"@id\":\"https:\\\/\\\/www.amstelprinting.nl\\\/fr\\\/boutique\\\/autocollants-et-impression\\\/petits-autocollants\\\/etiquettes-de-controle\\\/#primaryimage\"},\"thumbnailUrl\":\"https:\\\/\\\/www.amstelprinting.nl\\\/wp-content\\\/uploads\\\/Keuringsstickers.png\",\"datePublished\":\"2025-07-15T10:51:09+00:00\",\"dateModified\":\"2026-02-18T11:49:17+00:00\",\"breadcrumb\":{\"@id\":\"https:\\\/\\\/www.amstelprinting.nl\\\/fr\\\/boutique\\\/autocollants-et-impression\\\/petits-autocollants\\\/etiquettes-de-controle\\\/#breadcrumb\"},\"inLanguage\":\"fr-FR\",\"potentialAction\":[{\"@type\":\"ReadAction\",\"target\":[\"https:\\\/\\\/www.amstelprinting.nl\\\/fr\\\/boutique\\\/autocollants-et-impression\\\/petits-autocollants\\\/etiquettes-de-controle\\\/\"]}]},{\"@type\":\"ImageObject\",\"inLanguage\":\"fr-FR\",\"@id\":\"https:\\\/\\\/www.amstelprinting.nl\\\/fr\\\/boutique\\\/autocollants-et-impression\\\/petits-autocollants\\\/etiquettes-de-controle\\\/#primaryimage\",\"url\":\"https:\\\/\\\/www.amstelprinting.nl\\\/wp-content\\\/uploads\\\/Keuringsstickers.png\",\"contentUrl\":\"https:\\\/\\\/www.amstelprinting.nl\\\/wp-content\\\/uploads\\\/Keuringsstickers.png\",\"width\":650,\"height\":650},{\"@type\":\"BreadcrumbList\",\"@id\":\"https:\\\/\\\/www.amstelprinting.nl\\\/fr\\\/boutique\\\/autocollants-et-impression\\\/petits-autocollants\\\/etiquettes-de-controle\\\/#breadcrumb\",\"itemListElement\":[{\"@type\":\"ListItem\",\"position\":1,\"name\":\"\",\"item\":\"https:\\\/\\\/www.amstelprinting.nl\\\/fr\\\/\"},{\"@type\":\"ListItem\",\"position\":2,\"name\":\"Amstel Printing\",\"item\":\"https:\\\/\\\/www.amstelprinting.nl\\\/fr\\\/boutique\\\/\"},{\"@type\":\"ListItem\",\"position\":3,\"name\":\"Autocollants et impression\",\"item\":\"https:\\\/\\\/www.amstelprinting.nl\\\/fr\\\/categorie\\\/autocollants-et-impression\\\/\"},{\"@type\":\"ListItem\",\"position\":4,\"name\":\"\u00c9tiquettes de contr\u00f4le\"}]},{\"@type\":\"WebSite\",\"@id\":\"https:\\\/\\\/www.amstelprinting.nl\\\/fr\\\/#website\",\"url\":\"https:\\\/\\\/www.amstelprinting.nl\\\/fr\\\/\",\"name\":\"Amstel Printing\",\"description\":\"Creating Exposure\",\"publisher\":{\"@id\":\"https:\\\/\\\/www.amstelprinting.nl\\\/fr\\\/#organization\"},\"potentialAction\":[{\"@type\":\"SearchAction\",\"target\":{\"@type\":\"EntryPoint\",\"urlTemplate\":\"https:\\\/\\\/www.amstelprinting.nl\\\/fr\\\/?s={search_term_string}\"},\"query-input\":{\"@type\":\"PropertyValueSpecification\",\"valueRequired\":true,\"valueName\":\"search_term_string\"}}],\"inLanguage\":\"fr-FR\"},{\"@type\":\"Organization\",\"@id\":\"https:\\\/\\\/www.amstelprinting.nl\\\/fr\\\/#organization\",\"name\":\"Amstel Printing\",\"url\":\"https:\\\/\\\/www.amstelprinting.nl\\\/fr\\\/\",\"logo\":{\"@type\":\"ImageObject\",\"inLanguage\":\"fr-FR\",\"@id\":\"https:\\\/\\\/www.amstelprinting.nl\\\/fr\\\/#\\\/schema\\\/logo\\\/image\\\/\",\"url\":\"https:\\\/\\\/www.amstelprinting.nl\\\/wp-content\\\/uploads\\\/amstel_printing_logo_clean.png\",\"contentUrl\":\"https:\\\/\\\/www.amstelprinting.nl\\\/wp-content\\\/uploads\\\/amstel_printing_logo_clean.png\",\"width\":324,\"height\":73,\"caption\":\"Amstel Printing\"},\"image\":{\"@id\":\"https:\\\/\\\/www.amstelprinting.nl\\\/fr\\\/#\\\/schema\\\/logo\\\/image\\\/\"}}]}<\/script>\n<!-- \/ Yoast SEO plugin. -->","yoast_head_json":{"title":"\u00c9tiquettes de contr\u00f4le | Amstel Printing","robots":{"index":"index","follow":"follow","max-snippet":"max-snippet:-1","max-image-preview":"max-image-preview:large","max-video-preview":"max-video-preview:-1"},"canonical":"https:\/\/www.amstelprinting.nl\/fr\/boutique\/autocollants-et-impression\/petits-autocollants\/etiquettes-de-controle\/","og_locale":"fr_FR","og_type":"article","og_title":"\u00c9tiquettes de contr\u00f4le | Amstel Printing","og_description":"\u00c9tiquettes de contr\u00f4le avec impression ultra-nette Dot\u00e9es d'une haute r\u00e9solution pour une lisibilit\u00e9 optimale. Livraison pratique sur des planches claires Pratiques \u00e0 l'utilisation, faciles \u00e0 traiter. Nous vous accompagnons avec des mod\u00e8les pr\u00eats \u00e0 l'emploi Incluant les symboles officiels et les \u00e9l\u00e9ments de contr\u00f4le \u2013 directement applicables dans votre design. Toujours une vue d'ensemble sur le statut de contr\u00f4le de votre \u00e9quipement Avec nos \u00e9tiquettes de contr\u00f4le, vous montrez imm\u00e9diatement que vos machines, outils ou installations ont \u00e9t\u00e9 contr\u00f4l\u00e9s et peuvent \u00eatre utilis\u00e9s en toute s\u00e9curit\u00e9. Qu'il s'agisse d'un extincteur, d'une bo\u00eete \u00e0 outils, d'un ascenseur ou d'un \u00e9quipement m\u00e9dical : avec une \u00e9tiquette de contr\u00f4le claire, vous r\u00e9pondez aux exigences et d\u00e9gagez du professionnalisme.","og_url":"https:\/\/www.amstelprinting.nl\/fr\/boutique\/autocollants-et-impression\/petits-autocollants\/etiquettes-de-controle\/","og_site_name":"Amstel Printing","article_modified_time":"2026-02-18T11:49:17+00:00","og_image":[{"width":650,"height":650,"url":"https:\/\/www.amstelprinting.nl\/wp-content\/uploads\/Keuringsstickers.png","type":"image\/png"}],"twitter_card":"summary_large_image","twitter_misc":{"Dur\u00e9e de lecture estim\u00e9e":"1 minute"},"schema":{"@context":"https:\/\/schema.org","@graph":[{"@type":"WebPage","@id":"https:\/\/www.amstelprinting.nl\/fr\/boutique\/autocollants-et-impression\/petits-autocollants\/etiquettes-de-controle\/","url":"https:\/\/www.amstelprinting.nl\/fr\/boutique\/autocollants-et-impression\/petits-autocollants\/etiquettes-de-controle\/","name":"\u00c9tiquettes de contr\u00f4le | Amstel Printing","isPartOf":{"@id":"https:\/\/www.amstelprinting.nl\/fr\/#website"},"primaryImageOfPage":{"@id":"https:\/\/www.amstelprinting.nl\/fr\/boutique\/autocollants-et-impression\/petits-autocollants\/etiquettes-de-controle\/#primaryimage"},"image":{"@id":"https:\/\/www.amstelprinting.nl\/fr\/boutique\/autocollants-et-impression\/petits-autocollants\/etiquettes-de-controle\/#primaryimage"},"thumbnailUrl":"https:\/\/www.amstelprinting.nl\/wp-content\/uploads\/Keuringsstickers.png","datePublished":"2025-07-15T10:51:09+00:00","dateModified":"2026-02-18T11:49:17+00:00","breadcrumb":{"@id":"https:\/\/www.amstelprinting.nl\/fr\/boutique\/autocollants-et-impression\/petits-autocollants\/etiquettes-de-controle\/#breadcrumb"},"inLanguage":"fr-FR","potentialAction":[{"@type":"ReadAction","target":["https:\/\/www.amstelprinting.nl\/fr\/boutique\/autocollants-et-impression\/petits-autocollants\/etiquettes-de-controle\/"]}]},{"@type":"ImageObject","inLanguage":"fr-FR","@id":"https:\/\/www.amstelprinting.nl\/fr\/boutique\/autocollants-et-impression\/petits-autocollants\/etiquettes-de-controle\/#primaryimage","url":"https:\/\/www.amstelprinting.nl\/wp-content\/uploads\/Keuringsstickers.png","contentUrl":"https:\/\/www.amstelprinting.nl\/wp-content\/uploads\/Keuringsstickers.png","width":650,"height":650},{"@type":"BreadcrumbList","@id":"https:\/\/www.amstelprinting.nl\/fr\/boutique\/autocollants-et-impression\/petits-autocollants\/etiquettes-de-controle\/#breadcrumb","itemListElement":[{"@type":"ListItem","position":1,"name":"","item":"https:\/\/www.amstelprinting.nl\/fr\/"},{"@type":"ListItem","position":2,"name":"Amstel Printing","item":"https:\/\/www.amstelprinting.nl\/fr\/boutique\/"},{"@type":"ListItem","position":3,"name":"Autocollants et impression","item":"https:\/\/www.amstelprinting.nl\/fr\/categorie\/autocollants-et-impression\/"},{"@type":"ListItem","position":4,"name":"\u00c9tiquettes de contr\u00f4le"}]},{"@type":"WebSite","@id":"https:\/\/www.amstelprinting.nl\/fr\/#website","url":"https:\/\/www.amstelprinting.nl\/fr\/","name":"Amstel Printing","description":"Creating Exposure","publisher":{"@id":"https:\/\/www.amstelprinting.nl\/fr\/#organization"},"potentialAction":[{"@type":"SearchAction","target":{"@type":"EntryPoint","urlTemplate":"https:\/\/www.amstelprinting.nl\/fr\/?s={search_term_string}"},"query-input":{"@type":"PropertyValueSpecification","valueRequired":true,"valueName":"search_term_string"}}],"inLanguage":"fr-FR"},{"@type":"Organization","@id":"https:\/\/www.amstelprinting.nl\/fr\/#organization","name":"Amstel Printing","url":"https:\/\/www.amstelprinting.nl\/fr\/","logo":{"@type":"ImageObject","inLanguage":"fr-FR","@id":"https:\/\/www.amstelprinting.nl\/fr\/#\/schema\/logo\/image\/","url":"https:\/\/www.amstelprinting.nl\/wp-content\/uploads\/amstel_printing_logo_clean.png","contentUrl":"https:\/\/www.amstelprinting.nl\/wp-content\/uploads\/amstel_printing_logo_clean.png","width":324,"height":73,"caption":"Amstel Printing"},"image":{"@id":"https:\/\/www.amstelprinting.nl\/fr\/#\/schema\/logo\/image\/"}}]}},"_links":{"self":[{"href":"https:\/\/www.amstelprinting.nl\/fr\/wp-json\/wp\/v2\/product\/9528","targetHints":{"allow":["GET"]}}],"collection":[{"href":"https:\/\/www.amstelprinting.nl\/fr\/wp-json\/wp\/v2\/product"}],"about":[{"href":"https:\/\/www.amstelprinting.nl\/fr\/wp-json\/wp\/v2\/types\/product"}],"wp:featuredmedia":[{"embeddable":true,"href":"https:\/\/www.amstelprinting.nl\/fr\/wp-json\/wp\/v2\/media\/9530"}],"wp:attachment":[{"href":"https:\/\/www.amstelprinting.nl\/fr\/wp-json\/wp\/v2\/media?parent=9528"}],"wp:term":[{"taxonomy":"product_brand","embeddable":true,"href":"https:\/\/www.amstelprinting.nl\/fr\/wp-json\/wp\/v2\/product_brand?post=9528"},{"taxonomy":"product_cat","embeddable":true,"href":"https:\/\/www.amstelprinting.nl\/fr\/wp-json\/wp\/v2\/product_cat?post=9528"},{"taxonomy":"product_tag","embeddable":true,"href":"https:\/\/www.amstelprinting.nl\/fr\/wp-json\/wp\/v2\/product_tag?post=9528"}],"curies":[{"name":"wp","href":"https:\/\/api.w.org\/{rel}","templated":true}]}}