{"id":27466,"date":"2023-03-17T18:03:47","date_gmt":"2023-03-17T17:03:47","guid":{"rendered":"https:\/\/www.amstelprinting.nl\/dichiarazione-di-esclusione-di-responsabilita\/"},"modified":"2026-03-05T11:16:44","modified_gmt":"2026-03-05T10:16:44","slug":"dichiarazione-di-esclusione-di-responsabilita","status":"publish","type":"page","link":"https:\/\/www.amstelprinting.nl\/it\/dichiarazione-di-esclusione-di-responsabilita\/","title":{"rendered":"Dichiarazione di esclusione di responsabilit\u00e0"},"content":{"rendered":"<p>[et_pb_section fb_built=&#8221;1&#8243; _builder_version=&#8221;4.16&#8243; global_colors_info=&#8221;{}&#8221;][et_pb_row _builder_version=&#8221;4.16&#8243; background_size=&#8221;initial&#8221; background_position=&#8221;top_left&#8221; background_repeat=&#8221;repeat&#8221; global_colors_info=&#8221;{}&#8221;][et_pb_column type=&#8221;4_4&#8243; _builder_version=&#8221;4.16&#8243; custom_padding=&#8221;|||&#8221; global_colors_info=&#8221;{}&#8221; custom_padding__hover=&#8221;|||&#8221;][et_pb_text _builder_version=&#8221;4.27.5&#8243; background_size=&#8221;initial&#8221; background_position=&#8221;top_left&#8221; background_repeat=&#8221;repeat&#8221; hover_enabled=&#8221;0&#8243; global_colors_info=&#8221;{}&#8221; sticky_enabled=&#8221;0&#8243;]<\/p>\n<h2 data-start=\"224\" data-end=\"260\">Dichiarazione di esclusione di responsabilit\u00e0 di Amstel Printing<\/h2>\n<p data-start=\"262\" data-end=\"477\">In questa pagina troverete la dichiarazione di esclusione di responsabilit\u00e0 di <strong data-start=\"303\" data-end=\"324\">amstelprinting.com, amstelprinting.nl, amstelprinting.de, amstelprinting.fr<\/strong>, <strong>amstelprinting.it<\/strong> e <strong>amstelprinting.es<\/strong>, come fornita da <strong data-start=\"357\" data-end=\"376\">Amstel Printing<\/strong>. In questa dichiarazione indichiamo a quali condizioni e riserve mettiamo a disposizione le informazioni presenti sul nostro sito web.<\/p>\n<h3 data-start=\"479\" data-end=\"505\">Propriet\u00e0 intellettuale<\/h3>\n<p data-start=\"506\" data-end=\"665\">Tutti i diritti di propriet\u00e0 intellettuale relativi a questo sito web e alle informazioni in esso pubblicate appartengono ad Amstel Printing, salvo diversa indicazione.<\/p>\n<p data-start=\"667\" data-end=\"951\">L\u2019utilizzo delle informazioni presenti su questo sito web \u00e8 consentito gratuitamente, a condizione che tali informazioni non vengano copiate, distribuite o utilizzate in altro modo improprio. Il riutilizzo delle informazioni di questo sito web \u00e8 consentito solo nella misura prevista dalla normativa imperativa.<\/p>\n<p data-start=\"953\" data-end=\"1158\">Senza previa autorizzazione scritta di Amstel Printing, non \u00e8 consentito copiare, distribuire o utilizzare in altro modo testi, immagini o altri materiali presenti su questo sito web.<\/p>\n<h3 data-start=\"1160\" data-end=\"1190\">Nessuna garanzia di accuratezza<\/h3>\n<p data-start=\"1191\" data-end=\"1453\">Ci impegniamo a presentare le informazioni sul nostro sito web nel modo pi\u00f9 completo, corretto e aggiornato possibile. Per quanto riguarda i prezzi e le informazioni presenti su questo sito web, ci sforziamo di fornire una rappresentazione il pi\u00f9 possibile fedele alla realt\u00e0 e ai prezzi previsti.<\/p>\n<p data-start=\"1455\" data-end=\"1631\">Errori evidenti o inesattezze, come errori di programmazione o di battitura, non costituiscono mai motivo per rivendicare o presumere un accordo con Amstel Printing.<\/p>\n<p data-start=\"1633\" data-end=\"1797\">Nonostante i nostri sforzi, \u00e8 possibile che alcune informazioni presenti su questo sito web siano incomplete o inesatte. Amstel Printing non pu\u00f2 accettare alcuna responsabilit\u00e0 al riguardo.<\/p>\n<p data-start=\"1799\" data-end=\"2088\">Le informazioni e\/o i prodotti presenti su questo sito web sono forniti senza alcuna garanzia e senza alcuna pretesa di accuratezza o completezza. Ci riserviamo il diritto di modificare, eliminare o ripubblicare i contenuti del sito web senza preavviso.<\/p>\n<p data-start=\"2090\" data-end=\"2206\">Amstel Printing non accetta alcuna responsabilit\u00e0 per il contenuto dei siti web a cui si fa riferimento tramite collegamenti ipertestuali.<\/p>\n<h3 data-start=\"2208\" data-end=\"2223\">Modifiche<\/h3>\n<p data-start=\"2224\" data-end=\"2374\">Amstel Printing si riserva il diritto di modificare la presente dichiarazione di esclusione di responsabilit\u00e0. La versione pi\u00f9 recente della dichiarazione \u00e8 sempre disponibile su questa pagina.<\/p>\n<p>[\/et_pb_text][\/et_pb_column][\/et_pb_row][\/et_pb_section]<\/p>\n","protected":false},"excerpt":{"rendered":"<p>Dichiarazione di esclusione di responsabilit\u00e0 di&#8230;<\/p>\n","protected":false},"author":1,"featured_media":0,"parent":0,"menu_order":0,"comment_status":"closed","ping_status":"closed","template":"","meta":{"_et_pb_use_builder":"on","_et_pb_old_content":"","_et_gb_content_width":"","footnotes":""},"categories":[],"class_list":["post-27466","page","type-page","status-publish","hentry"],"yoast_head":"<!-- This site is optimized with the Yoast SEO plugin v27.3 - https:\/\/yoast.com\/product\/yoast-seo-wordpress\/ -->\n<title>Dichiarazione di esclusione di responsabilit\u00e0 | Amstel Printing<\/title>\n<meta name=\"robots\" content=\"index, follow, max-snippet:-1, max-image-preview:large, max-video-preview:-1\" \/>\n<link rel=\"canonical\" href=\"https:\/\/www.amstelprinting.nl\/it\/dichiarazione-di-esclusione-di-responsabilita\/\" \/>\n<meta property=\"og:locale\" content=\"it_IT\" \/>\n<meta property=\"og:type\" content=\"article\" \/>\n<meta property=\"og:title\" content=\"Dichiarazione di esclusione di responsabilit\u00e0 | Amstel Printing\" \/>\n<meta property=\"og:description\" content=\"Dichiarazione di esclusione di responsabilit\u00e0 di...\" \/>\n<meta property=\"og:url\" content=\"https:\/\/www.amstelprinting.nl\/it\/dichiarazione-di-esclusione-di-responsabilita\/\" \/>\n<meta property=\"og:site_name\" content=\"Amstel Printing\" \/>\n<meta property=\"article:modified_time\" content=\"2026-03-05T10:16:44+00:00\" \/>\n<meta property=\"og:image\" content=\"https:\/\/www.amstelprinting.nl\/wp-content\/uploads\/amstel_printing_logo_clean.png\" \/>\n\t<meta property=\"og:image:width\" content=\"324\" \/>\n\t<meta property=\"og:image:height\" content=\"73\" \/>\n\t<meta property=\"og:image:type\" content=\"image\/png\" \/>\n<meta name=\"twitter:card\" content=\"summary_large_image\" \/>\n<meta name=\"twitter:label1\" content=\"Tempo di lettura stimato\" \/>\n\t<meta name=\"twitter:data1\" content=\"2 minuti\" \/>\n<script type=\"application\/ld+json\" class=\"yoast-schema-graph\">{\"@context\":\"https:\\\/\\\/schema.org\",\"@graph\":[{\"@type\":\"WebPage\",\"@id\":\"https:\\\/\\\/www.amstelprinting.nl\\\/it\\\/dichiarazione-di-esclusione-di-responsabilita\\\/\",\"url\":\"https:\\\/\\\/www.amstelprinting.nl\\\/it\\\/dichiarazione-di-esclusione-di-responsabilita\\\/\",\"name\":\"Dichiarazione di esclusione di responsabilit\u00e0 | Amstel Printing\",\"isPartOf\":{\"@id\":\"https:\\\/\\\/www.amstelprinting.nl\\\/it\\\/#website\"},\"datePublished\":\"2023-03-17T17:03:47+00:00\",\"dateModified\":\"2026-03-05T10:16:44+00:00\",\"breadcrumb\":{\"@id\":\"https:\\\/\\\/www.amstelprinting.nl\\\/it\\\/dichiarazione-di-esclusione-di-responsabilita\\\/#breadcrumb\"},\"inLanguage\":\"it-IT\",\"potentialAction\":[{\"@type\":\"ReadAction\",\"target\":[\"https:\\\/\\\/www.amstelprinting.nl\\\/it\\\/dichiarazione-di-esclusione-di-responsabilita\\\/\"]}]},{\"@type\":\"BreadcrumbList\",\"@id\":\"https:\\\/\\\/www.amstelprinting.nl\\\/it\\\/dichiarazione-di-esclusione-di-responsabilita\\\/#breadcrumb\",\"itemListElement\":[{\"@type\":\"ListItem\",\"position\":1,\"name\":\"\",\"item\":\"https:\\\/\\\/www.amstelprinting.nl\\\/it\\\/\"},{\"@type\":\"ListItem\",\"position\":2,\"name\":\"Dichiarazione di esclusione di responsabilit\u00e0\"}]},{\"@type\":\"WebSite\",\"@id\":\"https:\\\/\\\/www.amstelprinting.nl\\\/it\\\/#website\",\"url\":\"https:\\\/\\\/www.amstelprinting.nl\\\/it\\\/\",\"name\":\"Amstel Printing\",\"description\":\"Creating Exposure\",\"publisher\":{\"@id\":\"https:\\\/\\\/www.amstelprinting.nl\\\/it\\\/#organization\"},\"potentialAction\":[{\"@type\":\"SearchAction\",\"target\":{\"@type\":\"EntryPoint\",\"urlTemplate\":\"https:\\\/\\\/www.amstelprinting.nl\\\/it\\\/?s={search_term_string}\"},\"query-input\":{\"@type\":\"PropertyValueSpecification\",\"valueRequired\":true,\"valueName\":\"search_term_string\"}}],\"inLanguage\":\"it-IT\"},{\"@type\":\"Organization\",\"@id\":\"https:\\\/\\\/www.amstelprinting.nl\\\/it\\\/#organization\",\"name\":\"Amstel Printing\",\"url\":\"https:\\\/\\\/www.amstelprinting.nl\\\/it\\\/\",\"logo\":{\"@type\":\"ImageObject\",\"inLanguage\":\"it-IT\",\"@id\":\"https:\\\/\\\/www.amstelprinting.nl\\\/it\\\/#\\\/schema\\\/logo\\\/image\\\/\",\"url\":\"https:\\\/\\\/www.amstelprinting.nl\\\/wp-content\\\/uploads\\\/amstel_printing_logo_clean.png\",\"contentUrl\":\"https:\\\/\\\/www.amstelprinting.nl\\\/wp-content\\\/uploads\\\/amstel_printing_logo_clean.png\",\"width\":324,\"height\":73,\"caption\":\"Amstel Printing\"},\"image\":{\"@id\":\"https:\\\/\\\/www.amstelprinting.nl\\\/it\\\/#\\\/schema\\\/logo\\\/image\\\/\"}}]}<\/script>\n<!-- \/ Yoast SEO plugin. -->","yoast_head_json":{"title":"Dichiarazione di esclusione di responsabilit\u00e0 | Amstel Printing","robots":{"index":"index","follow":"follow","max-snippet":"max-snippet:-1","max-image-preview":"max-image-preview:large","max-video-preview":"max-video-preview:-1"},"canonical":"https:\/\/www.amstelprinting.nl\/it\/dichiarazione-di-esclusione-di-responsabilita\/","og_locale":"it_IT","og_type":"article","og_title":"Dichiarazione di esclusione di responsabilit\u00e0 | Amstel Printing","og_description":"Dichiarazione di esclusione di responsabilit\u00e0 di...","og_url":"https:\/\/www.amstelprinting.nl\/it\/dichiarazione-di-esclusione-di-responsabilita\/","og_site_name":"Amstel Printing","article_modified_time":"2026-03-05T10:16:44+00:00","og_image":[{"width":324,"height":73,"url":"https:\/\/www.amstelprinting.nl\/wp-content\/uploads\/amstel_printing_logo_clean.png","type":"image\/png"}],"twitter_card":"summary_large_image","twitter_misc":{"Tempo di lettura stimato":"2 minuti"},"schema":{"@context":"https:\/\/schema.org","@graph":[{"@type":"WebPage","@id":"https:\/\/www.amstelprinting.nl\/it\/dichiarazione-di-esclusione-di-responsabilita\/","url":"https:\/\/www.amstelprinting.nl\/it\/dichiarazione-di-esclusione-di-responsabilita\/","name":"Dichiarazione di esclusione di responsabilit\u00e0 | Amstel Printing","isPartOf":{"@id":"https:\/\/www.amstelprinting.nl\/it\/#website"},"datePublished":"2023-03-17T17:03:47+00:00","dateModified":"2026-03-05T10:16:44+00:00","breadcrumb":{"@id":"https:\/\/www.amstelprinting.nl\/it\/dichiarazione-di-esclusione-di-responsabilita\/#breadcrumb"},"inLanguage":"it-IT","potentialAction":[{"@type":"ReadAction","target":["https:\/\/www.amstelprinting.nl\/it\/dichiarazione-di-esclusione-di-responsabilita\/"]}]},{"@type":"BreadcrumbList","@id":"https:\/\/www.amstelprinting.nl\/it\/dichiarazione-di-esclusione-di-responsabilita\/#breadcrumb","itemListElement":[{"@type":"ListItem","position":1,"name":"","item":"https:\/\/www.amstelprinting.nl\/it\/"},{"@type":"ListItem","position":2,"name":"Dichiarazione di esclusione di responsabilit\u00e0"}]},{"@type":"WebSite","@id":"https:\/\/www.amstelprinting.nl\/it\/#website","url":"https:\/\/www.amstelprinting.nl\/it\/","name":"Amstel Printing","description":"Creating Exposure","publisher":{"@id":"https:\/\/www.amstelprinting.nl\/it\/#organization"},"potentialAction":[{"@type":"SearchAction","target":{"@type":"EntryPoint","urlTemplate":"https:\/\/www.amstelprinting.nl\/it\/?s={search_term_string}"},"query-input":{"@type":"PropertyValueSpecification","valueRequired":true,"valueName":"search_term_string"}}],"inLanguage":"it-IT"},{"@type":"Organization","@id":"https:\/\/www.amstelprinting.nl\/it\/#organization","name":"Amstel Printing","url":"https:\/\/www.amstelprinting.nl\/it\/","logo":{"@type":"ImageObject","inLanguage":"it-IT","@id":"https:\/\/www.amstelprinting.nl\/it\/#\/schema\/logo\/image\/","url":"https:\/\/www.amstelprinting.nl\/wp-content\/uploads\/amstel_printing_logo_clean.png","contentUrl":"https:\/\/www.amstelprinting.nl\/wp-content\/uploads\/amstel_printing_logo_clean.png","width":324,"height":73,"caption":"Amstel Printing"},"image":{"@id":"https:\/\/www.amstelprinting.nl\/it\/#\/schema\/logo\/image\/"}}]}},"_links":{"self":[{"href":"https:\/\/www.amstelprinting.nl\/it\/wp-json\/wp\/v2\/pages\/27466","targetHints":{"allow":["GET"]}}],"collection":[{"href":"https:\/\/www.amstelprinting.nl\/it\/wp-json\/wp\/v2\/pages"}],"about":[{"href":"https:\/\/www.amstelprinting.nl\/it\/wp-json\/wp\/v2\/types\/page"}],"author":[{"embeddable":true,"href":"https:\/\/www.amstelprinting.nl\/it\/wp-json\/wp\/v2\/users\/1"}],"replies":[{"embeddable":true,"href":"https:\/\/www.amstelprinting.nl\/it\/wp-json\/wp\/v2\/comments?post=27466"}],"version-history":[{"count":3,"href":"https:\/\/www.amstelprinting.nl\/it\/wp-json\/wp\/v2\/pages\/27466\/revisions"}],"predecessor-version":[{"id":27494,"href":"https:\/\/www.amstelprinting.nl\/it\/wp-json\/wp\/v2\/pages\/27466\/revisions\/27494"}],"wp:attachment":[{"href":"https:\/\/www.amstelprinting.nl\/it\/wp-json\/wp\/v2\/media?parent=27466"}],"wp:term":[{"taxonomy":"category","embeddable":true,"href":"https:\/\/www.amstelprinting.nl\/it\/wp-json\/wp\/v2\/categories?post=27466"}],"curies":[{"name":"wp","href":"https:\/\/api.w.org\/{rel}","templated":true}]}}