{"id":13536,"date":"2025-02-03T13:44:01","date_gmt":"2025-02-03T12:44:01","guid":{"rendered":"https:\/\/www.amstelprinting.nl\/winkel\/senza-categoria\/vloerbeschermer\/"},"modified":"2026-02-18T12:37:38","modified_gmt":"2026-02-18T11:37:38","slug":"protezione-per-pavimenti","status":"publish","type":"product","link":"https:\/\/www.amstelprinting.nl\/it\/negozio\/interno\/decorazione-del-pavimento\/protezione-per-pavimenti\/","title":{"rendered":"Protezione per pavimenti"},"content":{"rendered":"<h3>Caratteristiche<\/h3>\n<ul>\n<li>Materiale 100% riciclato e riciclabile<\/li>\n<li>Scelta tra un aspetto lucido o opaco<\/li>\n<li>Strato superiore antiscivolo per maggiore sicurezza e stabilit\u00e0<\/li>\n<li>Idrorepellente, rendendo la protezione per pavimenti facile da pulire<\/li>\n<li>Facile da spostare e riutilizzare<\/li>\n<li>Ignifugo, adatto all&#8217;uso in spazi pubblici<\/li>\n<li>Disponibile in qualsiasi forma desiderata<\/li>\n<li>Durevole e versatile<\/li>\n<\/ul>\n<p>&nbsp;<\/p>\n<h3>Protezioni per pavimenti: una scelta sostenibile per il pavimento e l&#8217;ambiente<\/h3>\n<p>La nostra protezione per pavimenti non offre solo protezione, ma \u00e8 anche una scelta ecologica. Il materiale Sign Again (il primo materiale in lastre riciclato al 100%) lo rende una soluzione innovativa e sostenibile. Lo strato superiore duro con antiscivolo garantisce una base sicura e stabile, mentre la propriet\u00e0 idrorepellente assicura che sia possibile pulire facilmente la protezione per pavimenti.<\/p>\n<h3>Rivestimento bianco standard<\/h3>\n<p>La protezione per pavimenti viene fornita di serie con un rivestimento bianco che conferisce alla stampa un aspetto pulito e uniforme. Si prega di notare che, trattandosi di materiale riciclato, potrebbero essere visibili lievi tracce del processo di riciclaggio, il che sottolinea l&#8217;aspetto unico del prodotto. Che sia per la casa, l&#8217;ufficio o uno spazio pubblico, questa protezione per pavimenti offre una scelta pratica e responsabile per la protezione del pavimento.<\/p>\n","protected":false},"excerpt":{"rendered":"<h3>Mantiene i pavimenti belli e privi di graffi.<\/h3>\n<p>La nostra protezione per pavimenti \u00e8 la soluzione ideale per proteggere il tuo pavimento. Realizzata in materiale Sign Again riciclato e riciclabile al 100%. Questa protezione per pavimenti \u00e8 dotata di uno strato superiore antiscivolo. Grazie alla propriet\u00e0 idrorepellente, la protezione per pavimenti si pulisce rapidamente. Disponibile in varie forme. Pu\u00f2 essere ordinata con finitura lucida o opaca.<\/p>\n","protected":false},"featured_media":13537,"template":"","meta":{"_et_pb_use_builder":"","_et_pb_old_content":"","_et_gb_content_width":""},"product_brand":[],"product_cat":[568,544,378,441],"product_tag":[],"class_list":{"0":"post-13536","1":"product","2":"type-product","3":"status-publish","4":"has-post-thumbnail","6":"product_cat-decorazione-del-pavimento","7":"product_cat-interno","8":"product_cat-pubblicita-interna","9":"product_cat-vedere-al-dettaglio","11":"first","12":"instock","13":"taxable","14":"shipping-taxable","15":"purchasable","16":"product-type-simple"},"yoast_head":"<!-- This site is optimized with the Yoast SEO plugin v27.3 - https:\/\/yoast.com\/product\/yoast-seo-wordpress\/ -->\n<title>Protezione per pavimenti | Amstel Printing<\/title>\n<meta name=\"description\" content=\"Proteggi il tuo pavimento con la nostra protezione per pavimenti durevole realizzata al 100% in materiale riciclato. Scelta tra finitura lucida o opaca, con strato superiore antiscivolo per la sicurezza. Idrorepellente, facile da pulire, ignifugo e adatto a spazi pubblici. Disponibile in qualsiasi forma desiderata.\" \/>\n<meta name=\"robots\" content=\"index, follow, max-snippet:-1, max-image-preview:large, max-video-preview:-1\" \/>\n<link rel=\"canonical\" href=\"https:\/\/www.amstelprinting.nl\/it\/negozio\/interno\/decorazione-del-pavimento\/protezione-per-pavimenti\/\" \/>\n<meta property=\"og:locale\" content=\"it_IT\" \/>\n<meta property=\"og:type\" content=\"article\" \/>\n<meta property=\"og:title\" content=\"Protezione per pavimenti | Amstel Printing\" \/>\n<meta property=\"og:description\" content=\"Proteggi il tuo pavimento con la nostra protezione per pavimenti durevole realizzata al 100% in materiale riciclato. Scelta tra finitura lucida o opaca, con strato superiore antiscivolo per la sicurezza. Idrorepellente, facile da pulire, ignifugo e adatto a spazi pubblici. Disponibile in qualsiasi forma desiderata.\" \/>\n<meta property=\"og:url\" content=\"https:\/\/www.amstelprinting.nl\/it\/negozio\/interno\/decorazione-del-pavimento\/protezione-per-pavimenti\/\" \/>\n<meta property=\"og:site_name\" content=\"Amstel Printing\" \/>\n<meta property=\"article:modified_time\" content=\"2026-02-18T11:37:38+00:00\" \/>\n<meta property=\"og:image\" content=\"https:\/\/www.amstelprinting.nl\/wp-content\/uploads\/vloerbeschermer-bedrukken.jpg\" \/>\n\t<meta property=\"og:image:width\" content=\"700\" \/>\n\t<meta property=\"og:image:height\" content=\"467\" \/>\n\t<meta property=\"og:image:type\" content=\"image\/jpeg\" \/>\n<meta name=\"twitter:card\" content=\"summary_large_image\" \/>\n<meta name=\"twitter:label1\" content=\"Tempo di lettura stimato\" \/>\n\t<meta name=\"twitter:data1\" content=\"1 minuto\" \/>\n<script type=\"application\/ld+json\" class=\"yoast-schema-graph\">{\"@context\":\"https:\\\/\\\/schema.org\",\"@graph\":[{\"@type\":\"WebPage\",\"@id\":\"https:\\\/\\\/www.amstelprinting.nl\\\/it\\\/negozio\\\/interno\\\/decorazione-del-pavimento\\\/protezione-per-pavimenti\\\/\",\"url\":\"https:\\\/\\\/www.amstelprinting.nl\\\/it\\\/negozio\\\/interno\\\/decorazione-del-pavimento\\\/protezione-per-pavimenti\\\/\",\"name\":\"Protezione per pavimenti | Amstel Printing\",\"isPartOf\":{\"@id\":\"https:\\\/\\\/www.amstelprinting.nl\\\/it\\\/#website\"},\"primaryImageOfPage\":{\"@id\":\"https:\\\/\\\/www.amstelprinting.nl\\\/it\\\/negozio\\\/interno\\\/decorazione-del-pavimento\\\/protezione-per-pavimenti\\\/#primaryimage\"},\"image\":{\"@id\":\"https:\\\/\\\/www.amstelprinting.nl\\\/it\\\/negozio\\\/interno\\\/decorazione-del-pavimento\\\/protezione-per-pavimenti\\\/#primaryimage\"},\"thumbnailUrl\":\"https:\\\/\\\/www.amstelprinting.nl\\\/wp-content\\\/uploads\\\/vloerbeschermer-bedrukken.jpg\",\"datePublished\":\"2025-02-03T12:44:01+00:00\",\"dateModified\":\"2026-02-18T11:37:38+00:00\",\"description\":\"Proteggi il tuo pavimento con la nostra protezione per pavimenti durevole realizzata al 100% in materiale riciclato. Scelta tra finitura lucida o opaca, con strato superiore antiscivolo per la sicurezza. Idrorepellente, facile da pulire, ignifugo e adatto a spazi pubblici. Disponibile in qualsiasi forma desiderata.\",\"breadcrumb\":{\"@id\":\"https:\\\/\\\/www.amstelprinting.nl\\\/it\\\/negozio\\\/interno\\\/decorazione-del-pavimento\\\/protezione-per-pavimenti\\\/#breadcrumb\"},\"inLanguage\":\"it-IT\",\"potentialAction\":[{\"@type\":\"ReadAction\",\"target\":[\"https:\\\/\\\/www.amstelprinting.nl\\\/it\\\/negozio\\\/interno\\\/decorazione-del-pavimento\\\/protezione-per-pavimenti\\\/\"]}]},{\"@type\":\"ImageObject\",\"inLanguage\":\"it-IT\",\"@id\":\"https:\\\/\\\/www.amstelprinting.nl\\\/it\\\/negozio\\\/interno\\\/decorazione-del-pavimento\\\/protezione-per-pavimenti\\\/#primaryimage\",\"url\":\"https:\\\/\\\/www.amstelprinting.nl\\\/wp-content\\\/uploads\\\/vloerbeschermer-bedrukken.jpg\",\"contentUrl\":\"https:\\\/\\\/www.amstelprinting.nl\\\/wp-content\\\/uploads\\\/vloerbeschermer-bedrukken.jpg\",\"width\":700,\"height\":467},{\"@type\":\"BreadcrumbList\",\"@id\":\"https:\\\/\\\/www.amstelprinting.nl\\\/it\\\/negozio\\\/interno\\\/decorazione-del-pavimento\\\/protezione-per-pavimenti\\\/#breadcrumb\",\"itemListElement\":[{\"@type\":\"ListItem\",\"position\":1,\"name\":\"\",\"item\":\"https:\\\/\\\/www.amstelprinting.nl\\\/it\\\/\"},{\"@type\":\"ListItem\",\"position\":2,\"name\":\"Amstel Printing\",\"item\":\"https:\\\/\\\/www.amstelprinting.nl\\\/it\\\/negozio\\\/\"},{\"@type\":\"ListItem\",\"position\":3,\"name\":\"Interno\",\"item\":\"https:\\\/\\\/www.amstelprinting.nl\\\/it\\\/categoria\\\/interno\\\/\"},{\"@type\":\"ListItem\",\"position\":4,\"name\":\"Decorazione del pavimento\",\"item\":\"https:\\\/\\\/www.amstelprinting.nl\\\/it\\\/categoria\\\/interno\\\/decorazione-del-pavimento\\\/\"},{\"@type\":\"ListItem\",\"position\":5,\"name\":\"Protezione per pavimenti\"}]},{\"@type\":\"WebSite\",\"@id\":\"https:\\\/\\\/www.amstelprinting.nl\\\/it\\\/#website\",\"url\":\"https:\\\/\\\/www.amstelprinting.nl\\\/it\\\/\",\"name\":\"Amstel Printing\",\"description\":\"Creating Exposure\",\"publisher\":{\"@id\":\"https:\\\/\\\/www.amstelprinting.nl\\\/it\\\/#organization\"},\"potentialAction\":[{\"@type\":\"SearchAction\",\"target\":{\"@type\":\"EntryPoint\",\"urlTemplate\":\"https:\\\/\\\/www.amstelprinting.nl\\\/it\\\/?s={search_term_string}\"},\"query-input\":{\"@type\":\"PropertyValueSpecification\",\"valueRequired\":true,\"valueName\":\"search_term_string\"}}],\"inLanguage\":\"it-IT\"},{\"@type\":\"Organization\",\"@id\":\"https:\\\/\\\/www.amstelprinting.nl\\\/it\\\/#organization\",\"name\":\"Amstel Printing\",\"url\":\"https:\\\/\\\/www.amstelprinting.nl\\\/it\\\/\",\"logo\":{\"@type\":\"ImageObject\",\"inLanguage\":\"it-IT\",\"@id\":\"https:\\\/\\\/www.amstelprinting.nl\\\/it\\\/#\\\/schema\\\/logo\\\/image\\\/\",\"url\":\"https:\\\/\\\/www.amstelprinting.nl\\\/wp-content\\\/uploads\\\/amstel_printing_logo_clean.png\",\"contentUrl\":\"https:\\\/\\\/www.amstelprinting.nl\\\/wp-content\\\/uploads\\\/amstel_printing_logo_clean.png\",\"width\":324,\"height\":73,\"caption\":\"Amstel Printing\"},\"image\":{\"@id\":\"https:\\\/\\\/www.amstelprinting.nl\\\/it\\\/#\\\/schema\\\/logo\\\/image\\\/\"}}]}<\/script>\n<!-- \/ Yoast SEO plugin. -->","yoast_head_json":{"title":"Protezione per pavimenti | Amstel Printing","description":"Proteggi il tuo pavimento con la nostra protezione per pavimenti durevole realizzata al 100% in materiale riciclato. Scelta tra finitura lucida o opaca, con strato superiore antiscivolo per la sicurezza. Idrorepellente, facile da pulire, ignifugo e adatto a spazi pubblici. Disponibile in qualsiasi forma desiderata.","robots":{"index":"index","follow":"follow","max-snippet":"max-snippet:-1","max-image-preview":"max-image-preview:large","max-video-preview":"max-video-preview:-1"},"canonical":"https:\/\/www.amstelprinting.nl\/it\/negozio\/interno\/decorazione-del-pavimento\/protezione-per-pavimenti\/","og_locale":"it_IT","og_type":"article","og_title":"Protezione per pavimenti | Amstel Printing","og_description":"Proteggi il tuo pavimento con la nostra protezione per pavimenti durevole realizzata al 100% in materiale riciclato. Scelta tra finitura lucida o opaca, con strato superiore antiscivolo per la sicurezza. Idrorepellente, facile da pulire, ignifugo e adatto a spazi pubblici. Disponibile in qualsiasi forma desiderata.","og_url":"https:\/\/www.amstelprinting.nl\/it\/negozio\/interno\/decorazione-del-pavimento\/protezione-per-pavimenti\/","og_site_name":"Amstel Printing","article_modified_time":"2026-02-18T11:37:38+00:00","og_image":[{"width":700,"height":467,"url":"https:\/\/www.amstelprinting.nl\/wp-content\/uploads\/vloerbeschermer-bedrukken.jpg","type":"image\/jpeg"}],"twitter_card":"summary_large_image","twitter_misc":{"Tempo di lettura stimato":"1 minuto"},"schema":{"@context":"https:\/\/schema.org","@graph":[{"@type":"WebPage","@id":"https:\/\/www.amstelprinting.nl\/it\/negozio\/interno\/decorazione-del-pavimento\/protezione-per-pavimenti\/","url":"https:\/\/www.amstelprinting.nl\/it\/negozio\/interno\/decorazione-del-pavimento\/protezione-per-pavimenti\/","name":"Protezione per pavimenti | Amstel Printing","isPartOf":{"@id":"https:\/\/www.amstelprinting.nl\/it\/#website"},"primaryImageOfPage":{"@id":"https:\/\/www.amstelprinting.nl\/it\/negozio\/interno\/decorazione-del-pavimento\/protezione-per-pavimenti\/#primaryimage"},"image":{"@id":"https:\/\/www.amstelprinting.nl\/it\/negozio\/interno\/decorazione-del-pavimento\/protezione-per-pavimenti\/#primaryimage"},"thumbnailUrl":"https:\/\/www.amstelprinting.nl\/wp-content\/uploads\/vloerbeschermer-bedrukken.jpg","datePublished":"2025-02-03T12:44:01+00:00","dateModified":"2026-02-18T11:37:38+00:00","description":"Proteggi il tuo pavimento con la nostra protezione per pavimenti durevole realizzata al 100% in materiale riciclato. Scelta tra finitura lucida o opaca, con strato superiore antiscivolo per la sicurezza. Idrorepellente, facile da pulire, ignifugo e adatto a spazi pubblici. Disponibile in qualsiasi forma desiderata.","breadcrumb":{"@id":"https:\/\/www.amstelprinting.nl\/it\/negozio\/interno\/decorazione-del-pavimento\/protezione-per-pavimenti\/#breadcrumb"},"inLanguage":"it-IT","potentialAction":[{"@type":"ReadAction","target":["https:\/\/www.amstelprinting.nl\/it\/negozio\/interno\/decorazione-del-pavimento\/protezione-per-pavimenti\/"]}]},{"@type":"ImageObject","inLanguage":"it-IT","@id":"https:\/\/www.amstelprinting.nl\/it\/negozio\/interno\/decorazione-del-pavimento\/protezione-per-pavimenti\/#primaryimage","url":"https:\/\/www.amstelprinting.nl\/wp-content\/uploads\/vloerbeschermer-bedrukken.jpg","contentUrl":"https:\/\/www.amstelprinting.nl\/wp-content\/uploads\/vloerbeschermer-bedrukken.jpg","width":700,"height":467},{"@type":"BreadcrumbList","@id":"https:\/\/www.amstelprinting.nl\/it\/negozio\/interno\/decorazione-del-pavimento\/protezione-per-pavimenti\/#breadcrumb","itemListElement":[{"@type":"ListItem","position":1,"name":"","item":"https:\/\/www.amstelprinting.nl\/it\/"},{"@type":"ListItem","position":2,"name":"Amstel Printing","item":"https:\/\/www.amstelprinting.nl\/it\/negozio\/"},{"@type":"ListItem","position":3,"name":"Interno","item":"https:\/\/www.amstelprinting.nl\/it\/categoria\/interno\/"},{"@type":"ListItem","position":4,"name":"Decorazione del pavimento","item":"https:\/\/www.amstelprinting.nl\/it\/categoria\/interno\/decorazione-del-pavimento\/"},{"@type":"ListItem","position":5,"name":"Protezione per pavimenti"}]},{"@type":"WebSite","@id":"https:\/\/www.amstelprinting.nl\/it\/#website","url":"https:\/\/www.amstelprinting.nl\/it\/","name":"Amstel Printing","description":"Creating Exposure","publisher":{"@id":"https:\/\/www.amstelprinting.nl\/it\/#organization"},"potentialAction":[{"@type":"SearchAction","target":{"@type":"EntryPoint","urlTemplate":"https:\/\/www.amstelprinting.nl\/it\/?s={search_term_string}"},"query-input":{"@type":"PropertyValueSpecification","valueRequired":true,"valueName":"search_term_string"}}],"inLanguage":"it-IT"},{"@type":"Organization","@id":"https:\/\/www.amstelprinting.nl\/it\/#organization","name":"Amstel Printing","url":"https:\/\/www.amstelprinting.nl\/it\/","logo":{"@type":"ImageObject","inLanguage":"it-IT","@id":"https:\/\/www.amstelprinting.nl\/it\/#\/schema\/logo\/image\/","url":"https:\/\/www.amstelprinting.nl\/wp-content\/uploads\/amstel_printing_logo_clean.png","contentUrl":"https:\/\/www.amstelprinting.nl\/wp-content\/uploads\/amstel_printing_logo_clean.png","width":324,"height":73,"caption":"Amstel Printing"},"image":{"@id":"https:\/\/www.amstelprinting.nl\/it\/#\/schema\/logo\/image\/"}}]}},"_links":{"self":[{"href":"https:\/\/www.amstelprinting.nl\/it\/wp-json\/wp\/v2\/product\/13536","targetHints":{"allow":["GET"]}}],"collection":[{"href":"https:\/\/www.amstelprinting.nl\/it\/wp-json\/wp\/v2\/product"}],"about":[{"href":"https:\/\/www.amstelprinting.nl\/it\/wp-json\/wp\/v2\/types\/product"}],"wp:featuredmedia":[{"embeddable":true,"href":"https:\/\/www.amstelprinting.nl\/it\/wp-json\/wp\/v2\/media\/13537"}],"wp:attachment":[{"href":"https:\/\/www.amstelprinting.nl\/it\/wp-json\/wp\/v2\/media?parent=13536"}],"wp:term":[{"taxonomy":"product_brand","embeddable":true,"href":"https:\/\/www.amstelprinting.nl\/it\/wp-json\/wp\/v2\/product_brand?post=13536"},{"taxonomy":"product_cat","embeddable":true,"href":"https:\/\/www.amstelprinting.nl\/it\/wp-json\/wp\/v2\/product_cat?post=13536"},{"taxonomy":"product_tag","embeddable":true,"href":"https:\/\/www.amstelprinting.nl\/it\/wp-json\/wp\/v2\/product_tag?post=13536"}],"curies":[{"name":"wp","href":"https:\/\/api.w.org\/{rel}","templated":true}]}}