{"id":13546,"date":"2025-02-03T13:35:59","date_gmt":"2025-02-03T12:35:59","guid":{"rendered":"https:\/\/www.amstelprinting.nl\/winkel\/senza-categoria\/vrijstaand-textielframe\/"},"modified":"2026-02-18T12:37:39","modified_gmt":"2026-02-18T11:37:39","slug":"cornice-in-tessuto-autoportante","status":"publish","type":"product","link":"https:\/\/www.amstelprinting.nl\/it\/negozio\/borsa-di-studio-evento\/pareti-espositive\/cornice-in-tessuto-autoportante\/","title":{"rendered":"Cornice in tessuto autoportante"},"content":{"rendered":"<h3>Ordina la cornice in tessuto autoportante<\/h3>\n<p>Dai vita al tuo messaggio con la cornice in tessuto autoportante. La soluzione ideale per ogni presentazione o evento. Questa cornice in alluminio elegante e multifunzionale ti offre la possibilit\u00e0 di presentare il tuo marchio in modo professionale. Con una gamma di materiali di alta qualit\u00e0 e opzioni personalizzate (colore e spessore della cornice), puoi comporre la cornice in tessuto autoportante completamente secondo i tuoi desideri. Desideri un altro design in futuro? In tal caso, puoi semplicemente ordinare una stampa separata.<\/p>\n<h3>Vantaggi<\/h3>\n<ul>\n<li>Scelta tra cornice in alluminio argento, bianca o nera<\/li>\n<li>Risultato senza cuciture e teso (fissaggio tramite profilo in silicone)<\/li>\n<li>Disponibile in sette materiali di tessuto<\/li>\n<li>Design proprio o motivo esistente<\/li>\n<li>Dotata di stampa bifacciale (2 teli)<\/li>\n<li>Accessori inclusi<\/li>\n<li>Facile da montare (e smontare)<\/li>\n<\/ul>\n<p>&nbsp;<\/p>\n<h3>Formati e materiali<\/h3>\n<p>Scegli tra diversi colori per la cornice: alluminio argento, bianco o nero. Inoltre, le cornici sono realizzate interamente su misura, cos\u00ec potrai determinare tu stesso il formato. Hai la scelta tra uno spessore della cornice di 44 mm o 80 mm, per una maggiore stabilit\u00e0. Le nostre cornici in tessuto sono disponibili con diversi materiali di tela di alta qualit\u00e0, ognuno con propriet\u00e0 uniche:<\/p>\n<ul>\n<li><strong>Dekostof<\/strong>: Questo tessuto in poliestere flessibile ha una struttura fine e un aspetto d&#8217;impatto, perfetto per un look professionale.<\/li>\n<li><strong>Dekostof Blockout<\/strong>: Poliestere oscurante con retro nero e certificazione B1, ideale per applicazioni in cui il controllo della luce \u00e8 importante.<\/li>\n<li><strong>Structex<\/strong>: Questo tessuto strutturato in poliestere di alta qualit\u00e0 ha un aspetto simile al cotone, offrendo un&#8217;estetica lussuosa.<\/li>\n<li><strong>Velours<\/strong>: Poliestere di alta qualit\u00e0 a pelo corto che garantisce un aspetto vellutato, perfetto per una presentazione elegante.<\/li>\n<li><strong>Blackback Soft<\/strong>: Tessuto block-out in poliestere con retro nero e certificazione B1, ideale per l&#8217;uso in vari ambienti.<\/li>\n<li><strong>Blackback XL<\/strong>: Questo tessuto \u00e8 perfetto per applicazioni di grande formato e offre gli stessi vantaggi del Blackback Soft, con retro nero e certificazione B1.<\/li>\n<li><strong>Decotex UV<\/strong>: Questo tessuto in poliestere flessibile \u00e8 perfetto per il grande formato e offre un aspetto d&#8217;impatto, ideale per l&#8217;uso esterno.<\/li>\n<\/ul>\n<p>&nbsp;<\/p>\n<h3>Stampa monofacciale o bifacciale<\/h3>\n<p>Le nostre cornici in tessuto possono essere stampate sia su uno che su entrambi i lati, garantendo la massima visibilit\u00e0. Puoi scegliere un design personalizzato che si adatti perfettamente al tuo marchio o utilizzare un motivo esistente.<\/p>\n<h3>Accessori<\/h3>\n<p>Completa la tua cornice in tessuto autoportante con un pratico strumento e-lock, che garantisce un facile montaggio e smontaggio del telo.<\/p>\n<p>Con la nostra cornice in tessuto autoportante, avrai una soluzione versatile ed elegante che porter\u00e0 la tua presentazione a un livello superiore. Sia che tu scelga un design unico o un motivo esistente, questa cornice assicura che il tuo messaggio si distingua e colpisca. Grazie ai materiali di alta qualit\u00e0 e alle opzioni di personalizzazione, puoi adattarla perfettamente alle tue esigenze.<\/p>\n","protected":false},"excerpt":{"rendered":"<h3>Parete espositiva completa per una fiera o un evento<\/h3>\n<p>Una splendida cornice in tessuto (autoportante) che pu\u00f2 essere composta interamente secondo i tuoi desideri. Puoi ordinare la cornice in tre diversi colori (bianco, nero o argento). Il tuo design viene stampato in alta definizione ed \u00e8 visibile su entrambi i lati della cornice. Puoi anche scegliere tu stesso il formato! Componi la cornice in tessuto autoportante in pochi passaggi qui sotto.<\/p>\n","protected":false},"featured_media":13547,"template":"","meta":{"_et_pb_use_builder":"","_et_pb_old_content":"","_et_gb_content_width":""},"product_brand":[],"product_cat":[430,412],"product_tag":[],"class_list":{"0":"post-13546","1":"product","2":"type-product","3":"status-publish","4":"has-post-thumbnail","6":"product_cat-borsa-di-studio-evento","7":"product_cat-pareti-espositive","9":"first","10":"instock","11":"featured","12":"taxable","13":"shipping-taxable","14":"purchasable","15":"product-type-simple"},"yoast_head":"<!-- This site is optimized with the Yoast SEO plugin v27.3 - https:\/\/yoast.com\/product\/yoast-seo-wordpress\/ -->\n<title>Cornice in tessuto autoportante - Parete espositiva flessibile su misura<\/title>\n<meta name=\"description\" content=\"Una presentazione d&#039;impatto con la nostra cornice in tessuto autoportante completamente personalizzabile. Vari colori e materiali di alta qualit\u00e0, disponibile anche per stampe bifacciali.\" \/>\n<meta name=\"robots\" content=\"index, follow, max-snippet:-1, max-image-preview:large, max-video-preview:-1\" \/>\n<link rel=\"canonical\" href=\"https:\/\/www.amstelprinting.nl\/it\/negozio\/borsa-di-studio-evento\/pareti-espositive\/cornice-in-tessuto-autoportante\/\" \/>\n<meta property=\"og:locale\" content=\"it_IT\" \/>\n<meta property=\"og:type\" content=\"article\" \/>\n<meta property=\"og:title\" content=\"Cornice in tessuto autoportante - Parete espositiva flessibile su misura\" \/>\n<meta property=\"og:description\" content=\"Una presentazione d&#039;impatto con la nostra cornice in tessuto autoportante completamente personalizzabile. Vari colori e materiali di alta qualit\u00e0, disponibile anche per stampe bifacciali.\" \/>\n<meta property=\"og:url\" content=\"https:\/\/www.amstelprinting.nl\/it\/negozio\/borsa-di-studio-evento\/pareti-espositive\/cornice-in-tessuto-autoportante\/\" \/>\n<meta property=\"og:site_name\" content=\"Amstel Printing\" \/>\n<meta property=\"article:modified_time\" content=\"2026-02-18T11:37:39+00:00\" \/>\n<meta property=\"og:image\" content=\"https:\/\/www.amstelprinting.nl\/wp-content\/uploads\/vrijstaand-textielframe-bedrukken2.png\" \/>\n\t<meta property=\"og:image:width\" content=\"900\" \/>\n\t<meta property=\"og:image:height\" content=\"900\" \/>\n\t<meta property=\"og:image:type\" content=\"image\/png\" \/>\n<meta name=\"twitter:card\" content=\"summary_large_image\" \/>\n<meta name=\"twitter:label1\" content=\"Tempo di lettura stimato\" \/>\n\t<meta name=\"twitter:data1\" content=\"2 minuti\" \/>\n<script type=\"application\/ld+json\" class=\"yoast-schema-graph\">{\"@context\":\"https:\\\/\\\/schema.org\",\"@graph\":[{\"@type\":\"WebPage\",\"@id\":\"https:\\\/\\\/www.amstelprinting.nl\\\/it\\\/negozio\\\/borsa-di-studio-evento\\\/pareti-espositive\\\/cornice-in-tessuto-autoportante\\\/\",\"url\":\"https:\\\/\\\/www.amstelprinting.nl\\\/it\\\/negozio\\\/borsa-di-studio-evento\\\/pareti-espositive\\\/cornice-in-tessuto-autoportante\\\/\",\"name\":\"Cornice in tessuto autoportante - Parete espositiva flessibile su misura\",\"isPartOf\":{\"@id\":\"https:\\\/\\\/www.amstelprinting.nl\\\/it\\\/#website\"},\"primaryImageOfPage\":{\"@id\":\"https:\\\/\\\/www.amstelprinting.nl\\\/it\\\/negozio\\\/borsa-di-studio-evento\\\/pareti-espositive\\\/cornice-in-tessuto-autoportante\\\/#primaryimage\"},\"image\":{\"@id\":\"https:\\\/\\\/www.amstelprinting.nl\\\/it\\\/negozio\\\/borsa-di-studio-evento\\\/pareti-espositive\\\/cornice-in-tessuto-autoportante\\\/#primaryimage\"},\"thumbnailUrl\":\"https:\\\/\\\/www.amstelprinting.nl\\\/wp-content\\\/uploads\\\/vrijstaand-textielframe-bedrukken2.png\",\"datePublished\":\"2025-02-03T12:35:59+00:00\",\"dateModified\":\"2026-02-18T11:37:39+00:00\",\"description\":\"Una presentazione d'impatto con la nostra cornice in tessuto autoportante completamente personalizzabile. Vari colori e materiali di alta qualit\u00e0, disponibile anche per stampe bifacciali.\",\"breadcrumb\":{\"@id\":\"https:\\\/\\\/www.amstelprinting.nl\\\/it\\\/negozio\\\/borsa-di-studio-evento\\\/pareti-espositive\\\/cornice-in-tessuto-autoportante\\\/#breadcrumb\"},\"inLanguage\":\"it-IT\",\"potentialAction\":[{\"@type\":\"ReadAction\",\"target\":[\"https:\\\/\\\/www.amstelprinting.nl\\\/it\\\/negozio\\\/borsa-di-studio-evento\\\/pareti-espositive\\\/cornice-in-tessuto-autoportante\\\/\"]}]},{\"@type\":\"ImageObject\",\"inLanguage\":\"it-IT\",\"@id\":\"https:\\\/\\\/www.amstelprinting.nl\\\/it\\\/negozio\\\/borsa-di-studio-evento\\\/pareti-espositive\\\/cornice-in-tessuto-autoportante\\\/#primaryimage\",\"url\":\"https:\\\/\\\/www.amstelprinting.nl\\\/wp-content\\\/uploads\\\/vrijstaand-textielframe-bedrukken2.png\",\"contentUrl\":\"https:\\\/\\\/www.amstelprinting.nl\\\/wp-content\\\/uploads\\\/vrijstaand-textielframe-bedrukken2.png\",\"width\":900,\"height\":900},{\"@type\":\"BreadcrumbList\",\"@id\":\"https:\\\/\\\/www.amstelprinting.nl\\\/it\\\/negozio\\\/borsa-di-studio-evento\\\/pareti-espositive\\\/cornice-in-tessuto-autoportante\\\/#breadcrumb\",\"itemListElement\":[{\"@type\":\"ListItem\",\"position\":1,\"name\":\"\",\"item\":\"https:\\\/\\\/www.amstelprinting.nl\\\/it\\\/\"},{\"@type\":\"ListItem\",\"position\":2,\"name\":\"Amstel Printing\",\"item\":\"https:\\\/\\\/www.amstelprinting.nl\\\/it\\\/negozio\\\/\"},{\"@type\":\"ListItem\",\"position\":3,\"name\":\"Borsa di studio evento\",\"item\":\"https:\\\/\\\/www.amstelprinting.nl\\\/it\\\/categoria\\\/borsa-di-studio-evento\\\/\"},{\"@type\":\"ListItem\",\"position\":4,\"name\":\"Pareti espositive\",\"item\":\"https:\\\/\\\/www.amstelprinting.nl\\\/it\\\/categoria\\\/borsa-di-studio-evento\\\/pareti-espositive\\\/\"},{\"@type\":\"ListItem\",\"position\":5,\"name\":\"Cornice in tessuto autoportante\"}]},{\"@type\":\"WebSite\",\"@id\":\"https:\\\/\\\/www.amstelprinting.nl\\\/it\\\/#website\",\"url\":\"https:\\\/\\\/www.amstelprinting.nl\\\/it\\\/\",\"name\":\"Amstel Printing\",\"description\":\"Creating Exposure\",\"publisher\":{\"@id\":\"https:\\\/\\\/www.amstelprinting.nl\\\/it\\\/#organization\"},\"potentialAction\":[{\"@type\":\"SearchAction\",\"target\":{\"@type\":\"EntryPoint\",\"urlTemplate\":\"https:\\\/\\\/www.amstelprinting.nl\\\/it\\\/?s={search_term_string}\"},\"query-input\":{\"@type\":\"PropertyValueSpecification\",\"valueRequired\":true,\"valueName\":\"search_term_string\"}}],\"inLanguage\":\"it-IT\"},{\"@type\":\"Organization\",\"@id\":\"https:\\\/\\\/www.amstelprinting.nl\\\/it\\\/#organization\",\"name\":\"Amstel Printing\",\"url\":\"https:\\\/\\\/www.amstelprinting.nl\\\/it\\\/\",\"logo\":{\"@type\":\"ImageObject\",\"inLanguage\":\"it-IT\",\"@id\":\"https:\\\/\\\/www.amstelprinting.nl\\\/it\\\/#\\\/schema\\\/logo\\\/image\\\/\",\"url\":\"https:\\\/\\\/www.amstelprinting.nl\\\/wp-content\\\/uploads\\\/amstel_printing_logo_clean.png\",\"contentUrl\":\"https:\\\/\\\/www.amstelprinting.nl\\\/wp-content\\\/uploads\\\/amstel_printing_logo_clean.png\",\"width\":324,\"height\":73,\"caption\":\"Amstel Printing\"},\"image\":{\"@id\":\"https:\\\/\\\/www.amstelprinting.nl\\\/it\\\/#\\\/schema\\\/logo\\\/image\\\/\"}}]}<\/script>\n<!-- \/ Yoast SEO plugin. -->","yoast_head_json":{"title":"Cornice in tessuto autoportante - Parete espositiva flessibile su misura","description":"Una presentazione d'impatto con la nostra cornice in tessuto autoportante completamente personalizzabile. Vari colori e materiali di alta qualit\u00e0, disponibile anche per stampe bifacciali.","robots":{"index":"index","follow":"follow","max-snippet":"max-snippet:-1","max-image-preview":"max-image-preview:large","max-video-preview":"max-video-preview:-1"},"canonical":"https:\/\/www.amstelprinting.nl\/it\/negozio\/borsa-di-studio-evento\/pareti-espositive\/cornice-in-tessuto-autoportante\/","og_locale":"it_IT","og_type":"article","og_title":"Cornice in tessuto autoportante - Parete espositiva flessibile su misura","og_description":"Una presentazione d'impatto con la nostra cornice in tessuto autoportante completamente personalizzabile. Vari colori e materiali di alta qualit\u00e0, disponibile anche per stampe bifacciali.","og_url":"https:\/\/www.amstelprinting.nl\/it\/negozio\/borsa-di-studio-evento\/pareti-espositive\/cornice-in-tessuto-autoportante\/","og_site_name":"Amstel Printing","article_modified_time":"2026-02-18T11:37:39+00:00","og_image":[{"width":900,"height":900,"url":"https:\/\/www.amstelprinting.nl\/wp-content\/uploads\/vrijstaand-textielframe-bedrukken2.png","type":"image\/png"}],"twitter_card":"summary_large_image","twitter_misc":{"Tempo di lettura stimato":"2 minuti"},"schema":{"@context":"https:\/\/schema.org","@graph":[{"@type":"WebPage","@id":"https:\/\/www.amstelprinting.nl\/it\/negozio\/borsa-di-studio-evento\/pareti-espositive\/cornice-in-tessuto-autoportante\/","url":"https:\/\/www.amstelprinting.nl\/it\/negozio\/borsa-di-studio-evento\/pareti-espositive\/cornice-in-tessuto-autoportante\/","name":"Cornice in tessuto autoportante - Parete espositiva flessibile su misura","isPartOf":{"@id":"https:\/\/www.amstelprinting.nl\/it\/#website"},"primaryImageOfPage":{"@id":"https:\/\/www.amstelprinting.nl\/it\/negozio\/borsa-di-studio-evento\/pareti-espositive\/cornice-in-tessuto-autoportante\/#primaryimage"},"image":{"@id":"https:\/\/www.amstelprinting.nl\/it\/negozio\/borsa-di-studio-evento\/pareti-espositive\/cornice-in-tessuto-autoportante\/#primaryimage"},"thumbnailUrl":"https:\/\/www.amstelprinting.nl\/wp-content\/uploads\/vrijstaand-textielframe-bedrukken2.png","datePublished":"2025-02-03T12:35:59+00:00","dateModified":"2026-02-18T11:37:39+00:00","description":"Una presentazione d'impatto con la nostra cornice in tessuto autoportante completamente personalizzabile. Vari colori e materiali di alta qualit\u00e0, disponibile anche per stampe bifacciali.","breadcrumb":{"@id":"https:\/\/www.amstelprinting.nl\/it\/negozio\/borsa-di-studio-evento\/pareti-espositive\/cornice-in-tessuto-autoportante\/#breadcrumb"},"inLanguage":"it-IT","potentialAction":[{"@type":"ReadAction","target":["https:\/\/www.amstelprinting.nl\/it\/negozio\/borsa-di-studio-evento\/pareti-espositive\/cornice-in-tessuto-autoportante\/"]}]},{"@type":"ImageObject","inLanguage":"it-IT","@id":"https:\/\/www.amstelprinting.nl\/it\/negozio\/borsa-di-studio-evento\/pareti-espositive\/cornice-in-tessuto-autoportante\/#primaryimage","url":"https:\/\/www.amstelprinting.nl\/wp-content\/uploads\/vrijstaand-textielframe-bedrukken2.png","contentUrl":"https:\/\/www.amstelprinting.nl\/wp-content\/uploads\/vrijstaand-textielframe-bedrukken2.png","width":900,"height":900},{"@type":"BreadcrumbList","@id":"https:\/\/www.amstelprinting.nl\/it\/negozio\/borsa-di-studio-evento\/pareti-espositive\/cornice-in-tessuto-autoportante\/#breadcrumb","itemListElement":[{"@type":"ListItem","position":1,"name":"","item":"https:\/\/www.amstelprinting.nl\/it\/"},{"@type":"ListItem","position":2,"name":"Amstel Printing","item":"https:\/\/www.amstelprinting.nl\/it\/negozio\/"},{"@type":"ListItem","position":3,"name":"Borsa di studio evento","item":"https:\/\/www.amstelprinting.nl\/it\/categoria\/borsa-di-studio-evento\/"},{"@type":"ListItem","position":4,"name":"Pareti espositive","item":"https:\/\/www.amstelprinting.nl\/it\/categoria\/borsa-di-studio-evento\/pareti-espositive\/"},{"@type":"ListItem","position":5,"name":"Cornice in tessuto autoportante"}]},{"@type":"WebSite","@id":"https:\/\/www.amstelprinting.nl\/it\/#website","url":"https:\/\/www.amstelprinting.nl\/it\/","name":"Amstel Printing","description":"Creating Exposure","publisher":{"@id":"https:\/\/www.amstelprinting.nl\/it\/#organization"},"potentialAction":[{"@type":"SearchAction","target":{"@type":"EntryPoint","urlTemplate":"https:\/\/www.amstelprinting.nl\/it\/?s={search_term_string}"},"query-input":{"@type":"PropertyValueSpecification","valueRequired":true,"valueName":"search_term_string"}}],"inLanguage":"it-IT"},{"@type":"Organization","@id":"https:\/\/www.amstelprinting.nl\/it\/#organization","name":"Amstel Printing","url":"https:\/\/www.amstelprinting.nl\/it\/","logo":{"@type":"ImageObject","inLanguage":"it-IT","@id":"https:\/\/www.amstelprinting.nl\/it\/#\/schema\/logo\/image\/","url":"https:\/\/www.amstelprinting.nl\/wp-content\/uploads\/amstel_printing_logo_clean.png","contentUrl":"https:\/\/www.amstelprinting.nl\/wp-content\/uploads\/amstel_printing_logo_clean.png","width":324,"height":73,"caption":"Amstel Printing"},"image":{"@id":"https:\/\/www.amstelprinting.nl\/it\/#\/schema\/logo\/image\/"}}]}},"_links":{"self":[{"href":"https:\/\/www.amstelprinting.nl\/it\/wp-json\/wp\/v2\/product\/13546","targetHints":{"allow":["GET"]}}],"collection":[{"href":"https:\/\/www.amstelprinting.nl\/it\/wp-json\/wp\/v2\/product"}],"about":[{"href":"https:\/\/www.amstelprinting.nl\/it\/wp-json\/wp\/v2\/types\/product"}],"wp:featuredmedia":[{"embeddable":true,"href":"https:\/\/www.amstelprinting.nl\/it\/wp-json\/wp\/v2\/media\/13547"}],"wp:attachment":[{"href":"https:\/\/www.amstelprinting.nl\/it\/wp-json\/wp\/v2\/media?parent=13546"}],"wp:term":[{"taxonomy":"product_brand","embeddable":true,"href":"https:\/\/www.amstelprinting.nl\/it\/wp-json\/wp\/v2\/product_brand?post=13546"},{"taxonomy":"product_cat","embeddable":true,"href":"https:\/\/www.amstelprinting.nl\/it\/wp-json\/wp\/v2\/product_cat?post=13546"},{"taxonomy":"product_tag","embeddable":true,"href":"https:\/\/www.amstelprinting.nl\/it\/wp-json\/wp\/v2\/product_tag?post=13546"}],"curies":[{"name":"wp","href":"https:\/\/api.w.org\/{rel}","templated":true}]}}