{"id":13556,"date":"2025-02-03T13:35:37","date_gmt":"2025-02-03T12:35:37","guid":{"rendered":"https:\/\/www.amstelprinting.nl\/winkel\/senza-categoria\/rechte-pop-up-wand\/"},"modified":"2026-02-18T12:37:40","modified_gmt":"2026-02-18T11:37:40","slug":"parete-pop-up-dritta","status":"publish","type":"product","link":"https:\/\/www.amstelprinting.nl\/it\/negozio\/borsa-di-studio-evento\/pareti-espositive\/parete-pop-up-dritta\/","title":{"rendered":"Parete pop-up dritta"},"content":{"rendered":"<h3>Stampa pareti espositive<\/h3>\n<p>Fai risplendere il tuo marchio o messaggio in ogni fiera con la nostra parete pop-up dritta. Progettata per il massimo impatto e la grande facilit\u00e0 d&#8217;uso. Grazie al design intuitivo, la nostra parete pop-up si monta e si smonta senza sforzo. Scegli tra un set completo con telo e struttura, oppure ordina solo il telo. Crea il tuo design o scegli tra uno dei modelli esistenti.<\/p>\n<h3>Vantaggi nell&#8217;ordinare una parete espositiva<\/h3>\n<ul>\n<li>Consegnata completa di borsa trolley<\/li>\n<li>Il tuo design verr\u00e0 stampato con la massima nitidezza<\/li>\n<li>Scelta tra due formati e due materiali<\/li>\n<li>Prodotto entro 1 giorno lavorativo<\/li>\n<\/ul>\n<p>&nbsp;<\/p>\n<h3>Stampa sul fronte e sui lati<\/h3>\n<p>Nota: il retro della parete espositiva rimane non stampato.<\/p>\n<h3>Formati delle pareti espositive<\/h3>\n<p>Puoi scegliere tra due formati: Medium (M) e Large (L). La taglia M ha una stampa totale di 294 cm x 225 cm, con una dimensione visibile di 224 cm x 30 cm x 225 cm. La taglia L ha una stampa totale di 367 cm x 225 cm, con una dimensione visibile di 297 cm x 30 cm x 225 cm.<\/p>\n<h3>Materiali<\/h3>\n<p>La nostra parete pop-up dritta \u00e8 disponibile in due tipi di materiali: Dekostof e Blackback Soft. Dekostof \u00e8 un tessuto in poliestere flessibile con una struttura fine e colori vivaci. In un ambiente (fortemente) illuminato, pu\u00f2 succedere che la struttura traspaia attraverso il telo. Blackback Soft offre quindi una soluzione. Si tratta di un telo in poliestere oscurante (block-out) con il retro nero. \u00c8 inodore, pieghevole e dispone inoltre di un certificato B1 per la sicurezza antincendio. Rifinisci la tua parete pop-up dritta con filo bianco o nero.<\/p>\n<h3>Accessori per la parete espositiva<\/h3>\n<p>La parete pop-up dritta viene fornita con una pratica borsa trolley con ruote (vedi foto). Con questa puoi riporre ordinatamente l&#8217;intera parete espositiva (incluso il telo) e trasportarla al tuo prossimo evento o fiera. Inoltre, sono disponibili diversi accessori, tra cui l&#8217;illuminazione a LED per una visibilit\u00e0 ottimale.<\/p>\n<p>Scegli la qualit\u00e0 e la facilit\u00e0 d&#8217;uso. Ordina oggi stesso la tua parete pop-up dritta e rendi la tua prossima fiera o evento un successo. Inizia subito a creare il tuo design grazie ai nostri modelli facili da usare, disponibili nella sezione download.<\/p>\n","protected":false},"excerpt":{"rendered":"<h3>Indispensabile per una fiera di successo<\/h3>\n<p>Parete pop-up dritta: questa parete espositiva ha un aspetto elegante e moderno ed \u00e8 estremamente adatta per allestimenti diritti. Scegli il materiale Dekostof o Blackback Soft (per evitare la trasparenza). Pu\u00f2 essere riposta nella borsa trolley inclusa. Nota: l&#8217;aspetto visivo copre il fronte e i lati sinistro e destro. Il retro rimane non stampato (!).<\/p>\n","protected":false},"featured_media":25264,"template":"","meta":{"_et_pb_use_builder":"","_et_pb_old_content":"","_et_gb_content_width":""},"product_brand":[],"product_cat":[430,412],"product_tag":[],"class_list":{"0":"post-13556","1":"product","2":"type-product","3":"status-publish","4":"has-post-thumbnail","6":"product_cat-borsa-di-studio-evento","7":"product_cat-pareti-espositive","9":"first","10":"instock","11":"featured","12":"taxable","13":"shipping-taxable","14":"purchasable","15":"product-type-simple"},"yoast_head":"<!-- This site is optimized with the Yoast SEO plugin v27.3 - https:\/\/yoast.com\/product\/yoast-seo-wordpress\/ -->\n<title>Parete Pop-up Dritta Professionale - Pareti Espositive Rapide e Nitide<\/title>\n<meta name=\"description\" content=\"Ordina la tua parete pop-up dritta con stampa full-color nitidissima e consegna rapida in 1 giorno lavorativo. Fai colpo in ogni evento.\" \/>\n<meta name=\"robots\" content=\"index, follow, max-snippet:-1, max-image-preview:large, max-video-preview:-1\" \/>\n<link rel=\"canonical\" href=\"https:\/\/www.amstelprinting.nl\/it\/negozio\/borsa-di-studio-evento\/pareti-espositive\/parete-pop-up-dritta\/\" \/>\n<meta property=\"og:locale\" content=\"it_IT\" \/>\n<meta property=\"og:type\" content=\"article\" \/>\n<meta property=\"og:title\" content=\"Parete Pop-up Dritta Professionale - Pareti Espositive Rapide e Nitide\" \/>\n<meta property=\"og:description\" content=\"Ordina la tua parete pop-up dritta con stampa full-color nitidissima e consegna rapida in 1 giorno lavorativo. Fai colpo in ogni evento.\" \/>\n<meta property=\"og:url\" content=\"https:\/\/www.amstelprinting.nl\/it\/negozio\/borsa-di-studio-evento\/pareti-espositive\/parete-pop-up-dritta\/\" \/>\n<meta property=\"og:site_name\" content=\"Amstel Printing\" \/>\n<meta property=\"article:modified_time\" content=\"2026-02-18T11:37:40+00:00\" \/>\n<meta property=\"og:image\" content=\"https:\/\/www.amstelprinting.nl\/wp-content\/uploads\/rechte-pop-up-wand-bedrukken.webp\" \/>\n\t<meta property=\"og:image:width\" content=\"900\" \/>\n\t<meta property=\"og:image:height\" content=\"900\" \/>\n\t<meta property=\"og:image:type\" content=\"image\/webp\" \/>\n<meta name=\"twitter:card\" content=\"summary_large_image\" \/>\n<meta name=\"twitter:label1\" content=\"Tempo di lettura stimato\" \/>\n\t<meta name=\"twitter:data1\" content=\"2 minuti\" \/>\n<script type=\"application\/ld+json\" class=\"yoast-schema-graph\">{\"@context\":\"https:\\\/\\\/schema.org\",\"@graph\":[{\"@type\":\"WebPage\",\"@id\":\"https:\\\/\\\/www.amstelprinting.nl\\\/it\\\/negozio\\\/borsa-di-studio-evento\\\/pareti-espositive\\\/parete-pop-up-dritta\\\/\",\"url\":\"https:\\\/\\\/www.amstelprinting.nl\\\/it\\\/negozio\\\/borsa-di-studio-evento\\\/pareti-espositive\\\/parete-pop-up-dritta\\\/\",\"name\":\"Parete Pop-up Dritta Professionale - Pareti Espositive Rapide e Nitide\",\"isPartOf\":{\"@id\":\"https:\\\/\\\/www.amstelprinting.nl\\\/it\\\/#website\"},\"primaryImageOfPage\":{\"@id\":\"https:\\\/\\\/www.amstelprinting.nl\\\/it\\\/negozio\\\/borsa-di-studio-evento\\\/pareti-espositive\\\/parete-pop-up-dritta\\\/#primaryimage\"},\"image\":{\"@id\":\"https:\\\/\\\/www.amstelprinting.nl\\\/it\\\/negozio\\\/borsa-di-studio-evento\\\/pareti-espositive\\\/parete-pop-up-dritta\\\/#primaryimage\"},\"thumbnailUrl\":\"https:\\\/\\\/www.amstelprinting.nl\\\/wp-content\\\/uploads\\\/rechte-pop-up-wand-bedrukken.webp\",\"datePublished\":\"2025-02-03T12:35:37+00:00\",\"dateModified\":\"2026-02-18T11:37:40+00:00\",\"description\":\"Ordina la tua parete pop-up dritta con stampa full-color nitidissima e consegna rapida in 1 giorno lavorativo. Fai colpo in ogni evento.\",\"breadcrumb\":{\"@id\":\"https:\\\/\\\/www.amstelprinting.nl\\\/it\\\/negozio\\\/borsa-di-studio-evento\\\/pareti-espositive\\\/parete-pop-up-dritta\\\/#breadcrumb\"},\"inLanguage\":\"it-IT\",\"potentialAction\":[{\"@type\":\"ReadAction\",\"target\":[\"https:\\\/\\\/www.amstelprinting.nl\\\/it\\\/negozio\\\/borsa-di-studio-evento\\\/pareti-espositive\\\/parete-pop-up-dritta\\\/\"]}]},{\"@type\":\"ImageObject\",\"inLanguage\":\"it-IT\",\"@id\":\"https:\\\/\\\/www.amstelprinting.nl\\\/it\\\/negozio\\\/borsa-di-studio-evento\\\/pareti-espositive\\\/parete-pop-up-dritta\\\/#primaryimage\",\"url\":\"https:\\\/\\\/www.amstelprinting.nl\\\/wp-content\\\/uploads\\\/rechte-pop-up-wand-bedrukken.webp\",\"contentUrl\":\"https:\\\/\\\/www.amstelprinting.nl\\\/wp-content\\\/uploads\\\/rechte-pop-up-wand-bedrukken.webp\",\"width\":900,\"height\":900},{\"@type\":\"BreadcrumbList\",\"@id\":\"https:\\\/\\\/www.amstelprinting.nl\\\/it\\\/negozio\\\/borsa-di-studio-evento\\\/pareti-espositive\\\/parete-pop-up-dritta\\\/#breadcrumb\",\"itemListElement\":[{\"@type\":\"ListItem\",\"position\":1,\"name\":\"\",\"item\":\"https:\\\/\\\/www.amstelprinting.nl\\\/it\\\/\"},{\"@type\":\"ListItem\",\"position\":2,\"name\":\"Amstel Printing\",\"item\":\"https:\\\/\\\/www.amstelprinting.nl\\\/it\\\/negozio\\\/\"},{\"@type\":\"ListItem\",\"position\":3,\"name\":\"Borsa di studio evento\",\"item\":\"https:\\\/\\\/www.amstelprinting.nl\\\/it\\\/categoria\\\/borsa-di-studio-evento\\\/\"},{\"@type\":\"ListItem\",\"position\":4,\"name\":\"Pareti espositive\",\"item\":\"https:\\\/\\\/www.amstelprinting.nl\\\/it\\\/categoria\\\/borsa-di-studio-evento\\\/pareti-espositive\\\/\"},{\"@type\":\"ListItem\",\"position\":5,\"name\":\"Parete pop-up dritta\"}]},{\"@type\":\"WebSite\",\"@id\":\"https:\\\/\\\/www.amstelprinting.nl\\\/it\\\/#website\",\"url\":\"https:\\\/\\\/www.amstelprinting.nl\\\/it\\\/\",\"name\":\"Amstel Printing\",\"description\":\"Creating Exposure\",\"publisher\":{\"@id\":\"https:\\\/\\\/www.amstelprinting.nl\\\/it\\\/#organization\"},\"potentialAction\":[{\"@type\":\"SearchAction\",\"target\":{\"@type\":\"EntryPoint\",\"urlTemplate\":\"https:\\\/\\\/www.amstelprinting.nl\\\/it\\\/?s={search_term_string}\"},\"query-input\":{\"@type\":\"PropertyValueSpecification\",\"valueRequired\":true,\"valueName\":\"search_term_string\"}}],\"inLanguage\":\"it-IT\"},{\"@type\":\"Organization\",\"@id\":\"https:\\\/\\\/www.amstelprinting.nl\\\/it\\\/#organization\",\"name\":\"Amstel Printing\",\"url\":\"https:\\\/\\\/www.amstelprinting.nl\\\/it\\\/\",\"logo\":{\"@type\":\"ImageObject\",\"inLanguage\":\"it-IT\",\"@id\":\"https:\\\/\\\/www.amstelprinting.nl\\\/it\\\/#\\\/schema\\\/logo\\\/image\\\/\",\"url\":\"https:\\\/\\\/www.amstelprinting.nl\\\/wp-content\\\/uploads\\\/amstel_printing_logo_clean.png\",\"contentUrl\":\"https:\\\/\\\/www.amstelprinting.nl\\\/wp-content\\\/uploads\\\/amstel_printing_logo_clean.png\",\"width\":324,\"height\":73,\"caption\":\"Amstel Printing\"},\"image\":{\"@id\":\"https:\\\/\\\/www.amstelprinting.nl\\\/it\\\/#\\\/schema\\\/logo\\\/image\\\/\"}}]}<\/script>\n<!-- \/ Yoast SEO plugin. -->","yoast_head_json":{"title":"Parete Pop-up Dritta Professionale - Pareti Espositive Rapide e Nitide","description":"Ordina la tua parete pop-up dritta con stampa full-color nitidissima e consegna rapida in 1 giorno lavorativo. Fai colpo in ogni evento.","robots":{"index":"index","follow":"follow","max-snippet":"max-snippet:-1","max-image-preview":"max-image-preview:large","max-video-preview":"max-video-preview:-1"},"canonical":"https:\/\/www.amstelprinting.nl\/it\/negozio\/borsa-di-studio-evento\/pareti-espositive\/parete-pop-up-dritta\/","og_locale":"it_IT","og_type":"article","og_title":"Parete Pop-up Dritta Professionale - Pareti Espositive Rapide e Nitide","og_description":"Ordina la tua parete pop-up dritta con stampa full-color nitidissima e consegna rapida in 1 giorno lavorativo. Fai colpo in ogni evento.","og_url":"https:\/\/www.amstelprinting.nl\/it\/negozio\/borsa-di-studio-evento\/pareti-espositive\/parete-pop-up-dritta\/","og_site_name":"Amstel Printing","article_modified_time":"2026-02-18T11:37:40+00:00","og_image":[{"width":900,"height":900,"url":"https:\/\/www.amstelprinting.nl\/wp-content\/uploads\/rechte-pop-up-wand-bedrukken.webp","type":"image\/webp"}],"twitter_card":"summary_large_image","twitter_misc":{"Tempo di lettura stimato":"2 minuti"},"schema":{"@context":"https:\/\/schema.org","@graph":[{"@type":"WebPage","@id":"https:\/\/www.amstelprinting.nl\/it\/negozio\/borsa-di-studio-evento\/pareti-espositive\/parete-pop-up-dritta\/","url":"https:\/\/www.amstelprinting.nl\/it\/negozio\/borsa-di-studio-evento\/pareti-espositive\/parete-pop-up-dritta\/","name":"Parete Pop-up Dritta Professionale - Pareti Espositive Rapide e Nitide","isPartOf":{"@id":"https:\/\/www.amstelprinting.nl\/it\/#website"},"primaryImageOfPage":{"@id":"https:\/\/www.amstelprinting.nl\/it\/negozio\/borsa-di-studio-evento\/pareti-espositive\/parete-pop-up-dritta\/#primaryimage"},"image":{"@id":"https:\/\/www.amstelprinting.nl\/it\/negozio\/borsa-di-studio-evento\/pareti-espositive\/parete-pop-up-dritta\/#primaryimage"},"thumbnailUrl":"https:\/\/www.amstelprinting.nl\/wp-content\/uploads\/rechte-pop-up-wand-bedrukken.webp","datePublished":"2025-02-03T12:35:37+00:00","dateModified":"2026-02-18T11:37:40+00:00","description":"Ordina la tua parete pop-up dritta con stampa full-color nitidissima e consegna rapida in 1 giorno lavorativo. Fai colpo in ogni evento.","breadcrumb":{"@id":"https:\/\/www.amstelprinting.nl\/it\/negozio\/borsa-di-studio-evento\/pareti-espositive\/parete-pop-up-dritta\/#breadcrumb"},"inLanguage":"it-IT","potentialAction":[{"@type":"ReadAction","target":["https:\/\/www.amstelprinting.nl\/it\/negozio\/borsa-di-studio-evento\/pareti-espositive\/parete-pop-up-dritta\/"]}]},{"@type":"ImageObject","inLanguage":"it-IT","@id":"https:\/\/www.amstelprinting.nl\/it\/negozio\/borsa-di-studio-evento\/pareti-espositive\/parete-pop-up-dritta\/#primaryimage","url":"https:\/\/www.amstelprinting.nl\/wp-content\/uploads\/rechte-pop-up-wand-bedrukken.webp","contentUrl":"https:\/\/www.amstelprinting.nl\/wp-content\/uploads\/rechte-pop-up-wand-bedrukken.webp","width":900,"height":900},{"@type":"BreadcrumbList","@id":"https:\/\/www.amstelprinting.nl\/it\/negozio\/borsa-di-studio-evento\/pareti-espositive\/parete-pop-up-dritta\/#breadcrumb","itemListElement":[{"@type":"ListItem","position":1,"name":"","item":"https:\/\/www.amstelprinting.nl\/it\/"},{"@type":"ListItem","position":2,"name":"Amstel Printing","item":"https:\/\/www.amstelprinting.nl\/it\/negozio\/"},{"@type":"ListItem","position":3,"name":"Borsa di studio evento","item":"https:\/\/www.amstelprinting.nl\/it\/categoria\/borsa-di-studio-evento\/"},{"@type":"ListItem","position":4,"name":"Pareti espositive","item":"https:\/\/www.amstelprinting.nl\/it\/categoria\/borsa-di-studio-evento\/pareti-espositive\/"},{"@type":"ListItem","position":5,"name":"Parete pop-up dritta"}]},{"@type":"WebSite","@id":"https:\/\/www.amstelprinting.nl\/it\/#website","url":"https:\/\/www.amstelprinting.nl\/it\/","name":"Amstel Printing","description":"Creating Exposure","publisher":{"@id":"https:\/\/www.amstelprinting.nl\/it\/#organization"},"potentialAction":[{"@type":"SearchAction","target":{"@type":"EntryPoint","urlTemplate":"https:\/\/www.amstelprinting.nl\/it\/?s={search_term_string}"},"query-input":{"@type":"PropertyValueSpecification","valueRequired":true,"valueName":"search_term_string"}}],"inLanguage":"it-IT"},{"@type":"Organization","@id":"https:\/\/www.amstelprinting.nl\/it\/#organization","name":"Amstel Printing","url":"https:\/\/www.amstelprinting.nl\/it\/","logo":{"@type":"ImageObject","inLanguage":"it-IT","@id":"https:\/\/www.amstelprinting.nl\/it\/#\/schema\/logo\/image\/","url":"https:\/\/www.amstelprinting.nl\/wp-content\/uploads\/amstel_printing_logo_clean.png","contentUrl":"https:\/\/www.amstelprinting.nl\/wp-content\/uploads\/amstel_printing_logo_clean.png","width":324,"height":73,"caption":"Amstel Printing"},"image":{"@id":"https:\/\/www.amstelprinting.nl\/it\/#\/schema\/logo\/image\/"}}]}},"_links":{"self":[{"href":"https:\/\/www.amstelprinting.nl\/it\/wp-json\/wp\/v2\/product\/13556","targetHints":{"allow":["GET"]}}],"collection":[{"href":"https:\/\/www.amstelprinting.nl\/it\/wp-json\/wp\/v2\/product"}],"about":[{"href":"https:\/\/www.amstelprinting.nl\/it\/wp-json\/wp\/v2\/types\/product"}],"wp:featuredmedia":[{"embeddable":true,"href":"https:\/\/www.amstelprinting.nl\/it\/wp-json\/wp\/v2\/media\/25264"}],"wp:attachment":[{"href":"https:\/\/www.amstelprinting.nl\/it\/wp-json\/wp\/v2\/media?parent=13556"}],"wp:term":[{"taxonomy":"product_brand","embeddable":true,"href":"https:\/\/www.amstelprinting.nl\/it\/wp-json\/wp\/v2\/product_brand?post=13556"},{"taxonomy":"product_cat","embeddable":true,"href":"https:\/\/www.amstelprinting.nl\/it\/wp-json\/wp\/v2\/product_cat?post=13556"},{"taxonomy":"product_tag","embeddable":true,"href":"https:\/\/www.amstelprinting.nl\/it\/wp-json\/wp\/v2\/product_tag?post=13556"}],"curies":[{"name":"wp","href":"https:\/\/api.w.org\/{rel}","templated":true}]}}