{"id":13566,"date":"2025-02-02T12:36:34","date_gmt":"2025-02-02T11:36:34","guid":{"rendered":"https:\/\/www.amstelprinting.nl\/winkel\/senza-categoria\/outdoor-roll-up-banner\/"},"modified":"2026-02-18T12:37:42","modified_gmt":"2026-02-18T11:37:42","slug":"banner-roll-up-da-esterno","status":"publish","type":"product","link":"https:\/\/www.amstelprinting.nl\/it\/negozio\/borsa-di-studio-evento\/arrotolare-gli-striscioni\/banner-roll-up-da-esterno\/","title":{"rendered":"Banner roll-up da esterno"},"content":{"rendered":"<h3>Banner Roll-up Bifacciale da Esterno<\/h3>\n<p>Questo banner roll-up \u00e8 perfetto per promozioni, fiere o eventi all&#8217;aperto. Grazie alle stampe bifacciali nitidissime, \u00e8 possibile mostrare contemporaneamente due stampe diverse. Ideale per situazioni in cui le persone camminano attorno al banner.<\/p>\n<h3>Composizione<\/h3>\n<p>Il banner roll-up da esterno \u00e8 composto da due teli che possono essere facilmente fissati all&#8217;asta con una striscia adesiva. Il prodotto \u00e8 disponibile come set completo, stampa singola o solo cassetta.<\/p>\n<h3>Montaggio del Banner Roll-up da Esterno<\/h3>\n<p>La cassetta ha un peso maggiore ed \u00e8 dotata di piedini pi\u00f9 lunghi e incavi, che permettono di fissarla saldamente al terreno con i picchetti inclusi. In questo modo il banner rimane stabile e il messaggio del cliente \u00e8 sempre ben visibile. Il montaggio consiste semplicemente nel posizionarlo e tirare verso l&#8217;alto entrambi i banner dalla cassetta. Non sono necessari attrezzi.<\/p>\n<h3>Materiali del Banner Roll-up da Esterno<\/h3>\n<p>Puoi scegliere tra due materiali di alta qualit\u00e0: Banner 510 o Banner Bianco e Nero, entrambi disponibili in larghezze di 85 cm o 100 cm. Il banner roll-up da esterno viene fornito con una pratica borsa per il trasporto, cos\u00ec puoi riporlo e portarlo con te in modo facile e compatto.<\/p>\n<h3>Differenza tra Banner 510 e Banner Bianco e Nero<\/h3>\n<p><strong>Banner 510<\/strong> &#8211; L&#8217;opzione pi\u00f9 ordinata per il banner roll-up da esterno. Telo in PVC con aspetto lucido per interno ed esterno. Qualit\u00e0 100% europea e certificazione B1 (materiale ignifugo).<\/p>\n<p><strong>Banner Bianco e Nero<\/strong> &#8211; Telo in PVC blockout con retro nero. Il retro nero crea un effetto oscurante (quindi blocca la luce). Il banner bianco e nero, come il Banner 510, \u00e8 adatto sia per l&#8217;uso interno che esterno. \u00c8 inoltre dotato di certificato B1 (materiale ignifugo).<\/p>\n<p>Puoi leggere ulteriori informazioni sull&#8217;uso esterno dei banner roll-up nella nostra <a href=\"https:\/\/www.amstelprinting.nl\/it\/base-di-conoscenza\/\">guida sulla scelta corretta di un banner per uso interno o esterno.<\/a><\/p>\n<p>Ulteriori informazioni sull&#8217;uso dei <a href=\"https:\/\/www.amstelprinting.nl\/it\/base-di-conoscenza\/outdoor-vs-indoor-roll-up-banner-keuze-evenement\/\">banner roll-up in diverse condizioni meteorologiche sono disponibili in questo articolo<\/a>.<\/p>\n","protected":false},"excerpt":{"rendered":"<h3>Banner Roll-up per uso esterno. Stampa bifacciale.<\/h3>\n<p>Sistema banner roll-up da esterno, adatto per (come suggerisce il nome) l&#8217;uso esterno. Si tratta di una cassetta pi\u00f9 pesante dotata di piedini pi\u00f9 lunghi. Questo banner roll-up da esterno pu\u00f2 inoltre essere ancorato al terreno (per una maggiore stabilit\u00e0) utilizzando i picchetti forniti. Il banner roll-up da esterno viene fornito con una borsa per il trasporto per un trasporto compatto e una conservazione al riparo dalla polvere.<\/p>\n","protected":false},"featured_media":13567,"template":"","meta":{"_et_pb_use_builder":"","_et_pb_old_content":"","_et_gb_content_width":""},"product_brand":[],"product_cat":[404,430,389,378],"product_tag":[],"class_list":{"0":"post-13566","1":"product","2":"type-product","3":"status-publish","4":"has-post-thumbnail","6":"product_cat-arrotolare-gli-striscioni","7":"product_cat-borsa-di-studio-evento","8":"product_cat-presentazione","9":"product_cat-pubblicita-interna","11":"first","12":"instock","13":"taxable","14":"shipping-taxable","15":"purchasable","16":"product-type-simple"},"yoast_head":"<!-- This site is optimized with the Yoast SEO plugin v27.3 - https:\/\/yoast.com\/product\/yoast-seo-wordpress\/ -->\n<title>Banner Roll-up da Esterno Robusto - Bifacciale e Resistente al Vento<\/title>\n<meta name=\"description\" content=\"Ordina ora e ricevi domani il tuo banner roll-up da esterno. Stampa bifacciale, extra pesante e stabile. Ideale per eventi e promozioni all&#039;aperto.\" \/>\n<meta name=\"robots\" content=\"index, follow, max-snippet:-1, max-image-preview:large, max-video-preview:-1\" \/>\n<link rel=\"canonical\" href=\"https:\/\/www.amstelprinting.nl\/it\/negozio\/borsa-di-studio-evento\/arrotolare-gli-striscioni\/banner-roll-up-da-esterno\/\" \/>\n<meta property=\"og:locale\" content=\"it_IT\" \/>\n<meta property=\"og:type\" content=\"article\" \/>\n<meta property=\"og:title\" content=\"Banner Roll-up da Esterno Robusto - Bifacciale e Resistente al Vento\" \/>\n<meta property=\"og:description\" content=\"Ordina ora e ricevi domani il tuo banner roll-up da esterno. Stampa bifacciale, extra pesante e stabile. Ideale per eventi e promozioni all&#039;aperto.\" \/>\n<meta property=\"og:url\" content=\"https:\/\/www.amstelprinting.nl\/it\/negozio\/borsa-di-studio-evento\/arrotolare-gli-striscioni\/banner-roll-up-da-esterno\/\" \/>\n<meta property=\"og:site_name\" content=\"Amstel Printing\" \/>\n<meta property=\"article:modified_time\" content=\"2026-02-18T11:37:42+00:00\" \/>\n<meta property=\"og:image\" content=\"https:\/\/www.amstelprinting.nl\/wp-content\/uploads\/outdoor-roll-up-banner-bedrukken.png\" \/>\n\t<meta property=\"og:image:width\" content=\"700\" \/>\n\t<meta property=\"og:image:height\" content=\"700\" \/>\n\t<meta property=\"og:image:type\" content=\"image\/png\" \/>\n<meta name=\"twitter:card\" content=\"summary_large_image\" \/>\n<meta name=\"twitter:label1\" content=\"Tempo di lettura stimato\" \/>\n\t<meta name=\"twitter:data1\" content=\"2 minuti\" \/>\n<script type=\"application\/ld+json\" class=\"yoast-schema-graph\">{\"@context\":\"https:\\\/\\\/schema.org\",\"@graph\":[{\"@type\":\"WebPage\",\"@id\":\"https:\\\/\\\/www.amstelprinting.nl\\\/it\\\/negozio\\\/borsa-di-studio-evento\\\/arrotolare-gli-striscioni\\\/banner-roll-up-da-esterno\\\/\",\"url\":\"https:\\\/\\\/www.amstelprinting.nl\\\/it\\\/negozio\\\/borsa-di-studio-evento\\\/arrotolare-gli-striscioni\\\/banner-roll-up-da-esterno\\\/\",\"name\":\"Banner Roll-up da Esterno Robusto - Bifacciale e Resistente al Vento\",\"isPartOf\":{\"@id\":\"https:\\\/\\\/www.amstelprinting.nl\\\/it\\\/#website\"},\"primaryImageOfPage\":{\"@id\":\"https:\\\/\\\/www.amstelprinting.nl\\\/it\\\/negozio\\\/borsa-di-studio-evento\\\/arrotolare-gli-striscioni\\\/banner-roll-up-da-esterno\\\/#primaryimage\"},\"image\":{\"@id\":\"https:\\\/\\\/www.amstelprinting.nl\\\/it\\\/negozio\\\/borsa-di-studio-evento\\\/arrotolare-gli-striscioni\\\/banner-roll-up-da-esterno\\\/#primaryimage\"},\"thumbnailUrl\":\"https:\\\/\\\/www.amstelprinting.nl\\\/wp-content\\\/uploads\\\/outdoor-roll-up-banner-bedrukken.png\",\"datePublished\":\"2025-02-02T11:36:34+00:00\",\"dateModified\":\"2026-02-18T11:37:42+00:00\",\"description\":\"Ordina ora e ricevi domani il tuo banner roll-up da esterno. Stampa bifacciale, extra pesante e stabile. Ideale per eventi e promozioni all'aperto.\",\"breadcrumb\":{\"@id\":\"https:\\\/\\\/www.amstelprinting.nl\\\/it\\\/negozio\\\/borsa-di-studio-evento\\\/arrotolare-gli-striscioni\\\/banner-roll-up-da-esterno\\\/#breadcrumb\"},\"inLanguage\":\"it-IT\",\"potentialAction\":[{\"@type\":\"ReadAction\",\"target\":[\"https:\\\/\\\/www.amstelprinting.nl\\\/it\\\/negozio\\\/borsa-di-studio-evento\\\/arrotolare-gli-striscioni\\\/banner-roll-up-da-esterno\\\/\"]}]},{\"@type\":\"ImageObject\",\"inLanguage\":\"it-IT\",\"@id\":\"https:\\\/\\\/www.amstelprinting.nl\\\/it\\\/negozio\\\/borsa-di-studio-evento\\\/arrotolare-gli-striscioni\\\/banner-roll-up-da-esterno\\\/#primaryimage\",\"url\":\"https:\\\/\\\/www.amstelprinting.nl\\\/wp-content\\\/uploads\\\/outdoor-roll-up-banner-bedrukken.png\",\"contentUrl\":\"https:\\\/\\\/www.amstelprinting.nl\\\/wp-content\\\/uploads\\\/outdoor-roll-up-banner-bedrukken.png\",\"width\":700,\"height\":700},{\"@type\":\"BreadcrumbList\",\"@id\":\"https:\\\/\\\/www.amstelprinting.nl\\\/it\\\/negozio\\\/borsa-di-studio-evento\\\/arrotolare-gli-striscioni\\\/banner-roll-up-da-esterno\\\/#breadcrumb\",\"itemListElement\":[{\"@type\":\"ListItem\",\"position\":1,\"name\":\"\",\"item\":\"https:\\\/\\\/www.amstelprinting.nl\\\/it\\\/\"},{\"@type\":\"ListItem\",\"position\":2,\"name\":\"Amstel Printing\",\"item\":\"https:\\\/\\\/www.amstelprinting.nl\\\/it\\\/negozio\\\/\"},{\"@type\":\"ListItem\",\"position\":3,\"name\":\"Borsa di studio evento\",\"item\":\"https:\\\/\\\/www.amstelprinting.nl\\\/it\\\/categoria\\\/borsa-di-studio-evento\\\/\"},{\"@type\":\"ListItem\",\"position\":4,\"name\":\"Arrotolare gli striscioni\",\"item\":\"https:\\\/\\\/www.amstelprinting.nl\\\/it\\\/categoria\\\/borsa-di-studio-evento\\\/arrotolare-gli-striscioni\\\/\"},{\"@type\":\"ListItem\",\"position\":5,\"name\":\"Banner roll-up da esterno\"}]},{\"@type\":\"WebSite\",\"@id\":\"https:\\\/\\\/www.amstelprinting.nl\\\/it\\\/#website\",\"url\":\"https:\\\/\\\/www.amstelprinting.nl\\\/it\\\/\",\"name\":\"Amstel Printing\",\"description\":\"Creating Exposure\",\"publisher\":{\"@id\":\"https:\\\/\\\/www.amstelprinting.nl\\\/it\\\/#organization\"},\"potentialAction\":[{\"@type\":\"SearchAction\",\"target\":{\"@type\":\"EntryPoint\",\"urlTemplate\":\"https:\\\/\\\/www.amstelprinting.nl\\\/it\\\/?s={search_term_string}\"},\"query-input\":{\"@type\":\"PropertyValueSpecification\",\"valueRequired\":true,\"valueName\":\"search_term_string\"}}],\"inLanguage\":\"it-IT\"},{\"@type\":\"Organization\",\"@id\":\"https:\\\/\\\/www.amstelprinting.nl\\\/it\\\/#organization\",\"name\":\"Amstel Printing\",\"url\":\"https:\\\/\\\/www.amstelprinting.nl\\\/it\\\/\",\"logo\":{\"@type\":\"ImageObject\",\"inLanguage\":\"it-IT\",\"@id\":\"https:\\\/\\\/www.amstelprinting.nl\\\/it\\\/#\\\/schema\\\/logo\\\/image\\\/\",\"url\":\"https:\\\/\\\/www.amstelprinting.nl\\\/wp-content\\\/uploads\\\/amstel_printing_logo_clean.png\",\"contentUrl\":\"https:\\\/\\\/www.amstelprinting.nl\\\/wp-content\\\/uploads\\\/amstel_printing_logo_clean.png\",\"width\":324,\"height\":73,\"caption\":\"Amstel Printing\"},\"image\":{\"@id\":\"https:\\\/\\\/www.amstelprinting.nl\\\/it\\\/#\\\/schema\\\/logo\\\/image\\\/\"}}]}<\/script>\n<!-- \/ Yoast SEO plugin. -->","yoast_head_json":{"title":"Banner Roll-up da Esterno Robusto - Bifacciale e Resistente al Vento","description":"Ordina ora e ricevi domani il tuo banner roll-up da esterno. Stampa bifacciale, extra pesante e stabile. Ideale per eventi e promozioni all'aperto.","robots":{"index":"index","follow":"follow","max-snippet":"max-snippet:-1","max-image-preview":"max-image-preview:large","max-video-preview":"max-video-preview:-1"},"canonical":"https:\/\/www.amstelprinting.nl\/it\/negozio\/borsa-di-studio-evento\/arrotolare-gli-striscioni\/banner-roll-up-da-esterno\/","og_locale":"it_IT","og_type":"article","og_title":"Banner Roll-up da Esterno Robusto - Bifacciale e Resistente al Vento","og_description":"Ordina ora e ricevi domani il tuo banner roll-up da esterno. Stampa bifacciale, extra pesante e stabile. Ideale per eventi e promozioni all'aperto.","og_url":"https:\/\/www.amstelprinting.nl\/it\/negozio\/borsa-di-studio-evento\/arrotolare-gli-striscioni\/banner-roll-up-da-esterno\/","og_site_name":"Amstel Printing","article_modified_time":"2026-02-18T11:37:42+00:00","og_image":[{"width":700,"height":700,"url":"https:\/\/www.amstelprinting.nl\/wp-content\/uploads\/outdoor-roll-up-banner-bedrukken.png","type":"image\/png"}],"twitter_card":"summary_large_image","twitter_misc":{"Tempo di lettura stimato":"2 minuti"},"schema":{"@context":"https:\/\/schema.org","@graph":[{"@type":"WebPage","@id":"https:\/\/www.amstelprinting.nl\/it\/negozio\/borsa-di-studio-evento\/arrotolare-gli-striscioni\/banner-roll-up-da-esterno\/","url":"https:\/\/www.amstelprinting.nl\/it\/negozio\/borsa-di-studio-evento\/arrotolare-gli-striscioni\/banner-roll-up-da-esterno\/","name":"Banner Roll-up da Esterno Robusto - Bifacciale e Resistente al Vento","isPartOf":{"@id":"https:\/\/www.amstelprinting.nl\/it\/#website"},"primaryImageOfPage":{"@id":"https:\/\/www.amstelprinting.nl\/it\/negozio\/borsa-di-studio-evento\/arrotolare-gli-striscioni\/banner-roll-up-da-esterno\/#primaryimage"},"image":{"@id":"https:\/\/www.amstelprinting.nl\/it\/negozio\/borsa-di-studio-evento\/arrotolare-gli-striscioni\/banner-roll-up-da-esterno\/#primaryimage"},"thumbnailUrl":"https:\/\/www.amstelprinting.nl\/wp-content\/uploads\/outdoor-roll-up-banner-bedrukken.png","datePublished":"2025-02-02T11:36:34+00:00","dateModified":"2026-02-18T11:37:42+00:00","description":"Ordina ora e ricevi domani il tuo banner roll-up da esterno. Stampa bifacciale, extra pesante e stabile. Ideale per eventi e promozioni all'aperto.","breadcrumb":{"@id":"https:\/\/www.amstelprinting.nl\/it\/negozio\/borsa-di-studio-evento\/arrotolare-gli-striscioni\/banner-roll-up-da-esterno\/#breadcrumb"},"inLanguage":"it-IT","potentialAction":[{"@type":"ReadAction","target":["https:\/\/www.amstelprinting.nl\/it\/negozio\/borsa-di-studio-evento\/arrotolare-gli-striscioni\/banner-roll-up-da-esterno\/"]}]},{"@type":"ImageObject","inLanguage":"it-IT","@id":"https:\/\/www.amstelprinting.nl\/it\/negozio\/borsa-di-studio-evento\/arrotolare-gli-striscioni\/banner-roll-up-da-esterno\/#primaryimage","url":"https:\/\/www.amstelprinting.nl\/wp-content\/uploads\/outdoor-roll-up-banner-bedrukken.png","contentUrl":"https:\/\/www.amstelprinting.nl\/wp-content\/uploads\/outdoor-roll-up-banner-bedrukken.png","width":700,"height":700},{"@type":"BreadcrumbList","@id":"https:\/\/www.amstelprinting.nl\/it\/negozio\/borsa-di-studio-evento\/arrotolare-gli-striscioni\/banner-roll-up-da-esterno\/#breadcrumb","itemListElement":[{"@type":"ListItem","position":1,"name":"","item":"https:\/\/www.amstelprinting.nl\/it\/"},{"@type":"ListItem","position":2,"name":"Amstel Printing","item":"https:\/\/www.amstelprinting.nl\/it\/negozio\/"},{"@type":"ListItem","position":3,"name":"Borsa di studio evento","item":"https:\/\/www.amstelprinting.nl\/it\/categoria\/borsa-di-studio-evento\/"},{"@type":"ListItem","position":4,"name":"Arrotolare gli striscioni","item":"https:\/\/www.amstelprinting.nl\/it\/categoria\/borsa-di-studio-evento\/arrotolare-gli-striscioni\/"},{"@type":"ListItem","position":5,"name":"Banner roll-up da esterno"}]},{"@type":"WebSite","@id":"https:\/\/www.amstelprinting.nl\/it\/#website","url":"https:\/\/www.amstelprinting.nl\/it\/","name":"Amstel Printing","description":"Creating Exposure","publisher":{"@id":"https:\/\/www.amstelprinting.nl\/it\/#organization"},"potentialAction":[{"@type":"SearchAction","target":{"@type":"EntryPoint","urlTemplate":"https:\/\/www.amstelprinting.nl\/it\/?s={search_term_string}"},"query-input":{"@type":"PropertyValueSpecification","valueRequired":true,"valueName":"search_term_string"}}],"inLanguage":"it-IT"},{"@type":"Organization","@id":"https:\/\/www.amstelprinting.nl\/it\/#organization","name":"Amstel Printing","url":"https:\/\/www.amstelprinting.nl\/it\/","logo":{"@type":"ImageObject","inLanguage":"it-IT","@id":"https:\/\/www.amstelprinting.nl\/it\/#\/schema\/logo\/image\/","url":"https:\/\/www.amstelprinting.nl\/wp-content\/uploads\/amstel_printing_logo_clean.png","contentUrl":"https:\/\/www.amstelprinting.nl\/wp-content\/uploads\/amstel_printing_logo_clean.png","width":324,"height":73,"caption":"Amstel Printing"},"image":{"@id":"https:\/\/www.amstelprinting.nl\/it\/#\/schema\/logo\/image\/"}}]}},"_links":{"self":[{"href":"https:\/\/www.amstelprinting.nl\/it\/wp-json\/wp\/v2\/product\/13566","targetHints":{"allow":["GET"]}}],"collection":[{"href":"https:\/\/www.amstelprinting.nl\/it\/wp-json\/wp\/v2\/product"}],"about":[{"href":"https:\/\/www.amstelprinting.nl\/it\/wp-json\/wp\/v2\/types\/product"}],"wp:featuredmedia":[{"embeddable":true,"href":"https:\/\/www.amstelprinting.nl\/it\/wp-json\/wp\/v2\/media\/13567"}],"wp:attachment":[{"href":"https:\/\/www.amstelprinting.nl\/it\/wp-json\/wp\/v2\/media?parent=13566"}],"wp:term":[{"taxonomy":"product_brand","embeddable":true,"href":"https:\/\/www.amstelprinting.nl\/it\/wp-json\/wp\/v2\/product_brand?post=13566"},{"taxonomy":"product_cat","embeddable":true,"href":"https:\/\/www.amstelprinting.nl\/it\/wp-json\/wp\/v2\/product_cat?post=13566"},{"taxonomy":"product_tag","embeddable":true,"href":"https:\/\/www.amstelprinting.nl\/it\/wp-json\/wp\/v2\/product_tag?post=13566"}],"curies":[{"name":"wp","href":"https:\/\/api.w.org\/{rel}","templated":true}]}}