{"id":13621,"date":"2025-01-24T12:27:04","date_gmt":"2025-01-24T11:27:04","guid":{"rendered":"https:\/\/www.amstelprinting.nl\/winkel\/senza-categoria\/bouwhekdoek-eigen-formaat\/"},"modified":"2026-02-18T12:37:46","modified_gmt":"2026-02-18T11:37:46","slug":"telo-per-recinzione-da-cantiere-formato-personalizzato","status":"publish","type":"product","link":"https:\/\/www.amstelprinting.nl\/it\/negozio\/pubblicita-esterna\/costruzione-e-proprieta\/telo-per-recinzione-da-cantiere-formato-personalizzato\/","title":{"rendered":"Telo per recinzione da cantiere &#8211; formato personalizzato"},"content":{"rendered":"<h3>Scegli il materiale giusto<\/h3>\n<p>I nostri teli per recinzione da cantiere sono disponibili in sei diversi materiali:<\/p>\n<ul>\n<li><strong>Banner 510<\/strong>: telo in PVC dall&#8217;aspetto lucido, adatto per uso interno ed esterno.<\/li>\n<li><strong>Telo mesh<\/strong>: telo in PVC traspirante con struttura a rete, ideale per zone molto ventilate.<\/li>\n<li><strong>ProPES Outdoor<\/strong>: tessuto leggero in poliestere con rivestimento idrorepellente, perfetto per un uso esterno prolungato.<\/li>\n<li><strong>ProPES FR<\/strong>: tessuto in poliestere con rivestimento ignifugo, garantisce sicurezza in ogni situazione.<\/li>\n<li><strong>Flag<\/strong>: tessuto in poliestere ad alta trasparenza, ideale per applicazioni temporanee con una durata fino a quattro mesi.<\/li>\n<li><strong>Flag PET<\/strong>: opzione ecologica realizzata al 100% con bottiglie in PET riciclate.<\/li>\n<\/ul>\n<p>&nbsp;<\/p>\n<h3>Materiale di fissaggio per teli da cantiere<\/h3>\n<p>Per fissare il telo da cantiere in modo corretto (e con stile), \u00e8 possibile ordinare materiale di fissaggio opzionale.<\/p>\n<h3>Domande frequenti sui teli per recinzione da cantiere in formato personalizzato<\/h3>\n<p><strong>Come viene imballato il telo da cantiere su misura?<\/strong><br \/>\nI teli per recinzione da cantiere vengono imballati in rotoli. Per proteggere il materiale, il telo viene arrotolato in pluriball e carta kraft.<\/p>\n<p><strong>Quale materiale dura di pi\u00f9?<br \/>\n<\/strong>Tutti i nostri materiali sono progettati per l&#8217;uso esterno. Se hai bisogno di un materiale resistente al vento, ti consigliamo il Telo mesh. Si tratta di un materiale perforato che permette al vento di passare facilmente.<\/p>\n<p><strong>Qual \u00e8 il modo migliore per pulire un telo da cantiere?<\/strong><br \/>\nIl modo migliore per pulire il telo da cantiere \u00e8 con acqua tiepida e un panno in microfibra. Si sconsiglia l&#8217;uso di detergenti, poich\u00e9 potrebbero danneggiare l&#8217;inchiostro.<\/p>\n","protected":false},"excerpt":{"rendered":"<p>Scopri i nostri versatili teli per recinzione da cantiere, perfetti per delimitare aree e trasmettere il tuo messaggio in modo efficace. Ideali per cantieri o eventi, questi teli offrono un&#8217;eccellente combinazione di funzionalit\u00e0 e impatto visivo. Scegli una larghezza tra 330 e 340 cm e un&#8217;altezza tra 170 e 178 cm. Il telo per recinzione \u00e8 dotato di occhielli ogni 50 cm per un facile fissaggio e stabilit\u00e0.<\/p>\n","protected":false},"featured_media":13622,"template":"","meta":{"_et_pb_use_builder":"","_et_pb_old_content":"","_et_gb_content_width":""},"product_brand":[],"product_cat":[473,453,447],"product_tag":[],"class_list":{"0":"post-13621","1":"product","2":"type-product","3":"status-publish","4":"has-post-thumbnail","6":"product_cat-banner","7":"product_cat-costruzione-e-proprieta","8":"product_cat-pubblicita-esterna","10":"first","11":"instock","12":"taxable","13":"shipping-taxable","14":"purchasable","15":"product-type-simple"},"yoast_head":"<!-- This site is optimized with the Yoast SEO plugin v27.3 - https:\/\/yoast.com\/product\/yoast-seo-wordpress\/ -->\n<title>Telo per recinzione da cantiere - formato personalizzato | Amstel Printing<\/title>\n<meta name=\"robots\" content=\"index, follow, max-snippet:-1, max-image-preview:large, max-video-preview:-1\" \/>\n<link rel=\"canonical\" href=\"https:\/\/www.amstelprinting.nl\/it\/negozio\/pubblicita-esterna\/costruzione-e-proprieta\/telo-per-recinzione-da-cantiere-formato-personalizzato\/\" \/>\n<meta property=\"og:locale\" content=\"it_IT\" \/>\n<meta property=\"og:type\" content=\"article\" \/>\n<meta property=\"og:title\" content=\"Telo per recinzione da cantiere - formato personalizzato | Amstel Printing\" \/>\n<meta property=\"og:description\" content=\"Scopri i nostri versatili teli per recinzione da cantiere, perfetti per delimitare aree e trasmettere il tuo messaggio in modo efficace. Ideali per cantieri o eventi, questi teli offrono un&#039;eccellente combinazione di funzionalit\u00e0 e impatto visivo. Scegli una larghezza tra 330 e 340 cm e un&#039;altezza tra 170 e 178 cm. Il telo per recinzione \u00e8 dotato di occhielli ogni 50 cm per un facile fissaggio e stabilit\u00e0.\" \/>\n<meta property=\"og:url\" content=\"https:\/\/www.amstelprinting.nl\/it\/negozio\/pubblicita-esterna\/costruzione-e-proprieta\/telo-per-recinzione-da-cantiere-formato-personalizzato\/\" \/>\n<meta property=\"og:site_name\" content=\"Amstel Printing\" \/>\n<meta property=\"article:modified_time\" content=\"2026-02-18T11:37:46+00:00\" \/>\n<meta property=\"og:image\" content=\"https:\/\/www.amstelprinting.nl\/wp-content\/uploads\/bouwhekdoek-bedrukken-3.png\" \/>\n\t<meta property=\"og:image:width\" content=\"900\" \/>\n\t<meta property=\"og:image:height\" content=\"900\" \/>\n\t<meta property=\"og:image:type\" content=\"image\/png\" \/>\n<meta name=\"twitter:card\" content=\"summary_large_image\" \/>\n<meta name=\"twitter:label1\" content=\"Tempo di lettura stimato\" \/>\n\t<meta name=\"twitter:data1\" content=\"1 minuto\" \/>\n<script type=\"application\/ld+json\" class=\"yoast-schema-graph\">{\"@context\":\"https:\\\/\\\/schema.org\",\"@graph\":[{\"@type\":\"WebPage\",\"@id\":\"https:\\\/\\\/www.amstelprinting.nl\\\/it\\\/negozio\\\/pubblicita-esterna\\\/costruzione-e-proprieta\\\/telo-per-recinzione-da-cantiere-formato-personalizzato\\\/\",\"url\":\"https:\\\/\\\/www.amstelprinting.nl\\\/it\\\/negozio\\\/pubblicita-esterna\\\/costruzione-e-proprieta\\\/telo-per-recinzione-da-cantiere-formato-personalizzato\\\/\",\"name\":\"Telo per recinzione da cantiere - formato personalizzato | Amstel Printing\",\"isPartOf\":{\"@id\":\"https:\\\/\\\/www.amstelprinting.nl\\\/it\\\/#website\"},\"primaryImageOfPage\":{\"@id\":\"https:\\\/\\\/www.amstelprinting.nl\\\/it\\\/negozio\\\/pubblicita-esterna\\\/costruzione-e-proprieta\\\/telo-per-recinzione-da-cantiere-formato-personalizzato\\\/#primaryimage\"},\"image\":{\"@id\":\"https:\\\/\\\/www.amstelprinting.nl\\\/it\\\/negozio\\\/pubblicita-esterna\\\/costruzione-e-proprieta\\\/telo-per-recinzione-da-cantiere-formato-personalizzato\\\/#primaryimage\"},\"thumbnailUrl\":\"https:\\\/\\\/www.amstelprinting.nl\\\/wp-content\\\/uploads\\\/bouwhekdoek-bedrukken-3.png\",\"datePublished\":\"2025-01-24T11:27:04+00:00\",\"dateModified\":\"2026-02-18T11:37:46+00:00\",\"breadcrumb\":{\"@id\":\"https:\\\/\\\/www.amstelprinting.nl\\\/it\\\/negozio\\\/pubblicita-esterna\\\/costruzione-e-proprieta\\\/telo-per-recinzione-da-cantiere-formato-personalizzato\\\/#breadcrumb\"},\"inLanguage\":\"it-IT\",\"potentialAction\":[{\"@type\":\"ReadAction\",\"target\":[\"https:\\\/\\\/www.amstelprinting.nl\\\/it\\\/negozio\\\/pubblicita-esterna\\\/costruzione-e-proprieta\\\/telo-per-recinzione-da-cantiere-formato-personalizzato\\\/\"]}]},{\"@type\":\"ImageObject\",\"inLanguage\":\"it-IT\",\"@id\":\"https:\\\/\\\/www.amstelprinting.nl\\\/it\\\/negozio\\\/pubblicita-esterna\\\/costruzione-e-proprieta\\\/telo-per-recinzione-da-cantiere-formato-personalizzato\\\/#primaryimage\",\"url\":\"https:\\\/\\\/www.amstelprinting.nl\\\/wp-content\\\/uploads\\\/bouwhekdoek-bedrukken-3.png\",\"contentUrl\":\"https:\\\/\\\/www.amstelprinting.nl\\\/wp-content\\\/uploads\\\/bouwhekdoek-bedrukken-3.png\",\"width\":900,\"height\":900},{\"@type\":\"BreadcrumbList\",\"@id\":\"https:\\\/\\\/www.amstelprinting.nl\\\/it\\\/negozio\\\/pubblicita-esterna\\\/costruzione-e-proprieta\\\/telo-per-recinzione-da-cantiere-formato-personalizzato\\\/#breadcrumb\",\"itemListElement\":[{\"@type\":\"ListItem\",\"position\":1,\"name\":\"\",\"item\":\"https:\\\/\\\/www.amstelprinting.nl\\\/it\\\/\"},{\"@type\":\"ListItem\",\"position\":2,\"name\":\"Amstel Printing\",\"item\":\"https:\\\/\\\/www.amstelprinting.nl\\\/it\\\/negozio\\\/\"},{\"@type\":\"ListItem\",\"position\":3,\"name\":\"Pubblicit\u00e0 esterna\",\"item\":\"https:\\\/\\\/www.amstelprinting.nl\\\/it\\\/categoria\\\/pubblicita-esterna\\\/\"},{\"@type\":\"ListItem\",\"position\":4,\"name\":\"Costruzione e; propriet\u00e0\",\"item\":\"https:\\\/\\\/www.amstelprinting.nl\\\/it\\\/categoria\\\/pubblicita-esterna\\\/costruzione-e-proprieta\\\/\"},{\"@type\":\"ListItem\",\"position\":5,\"name\":\"Telo per recinzione da cantiere &#8211; formato personalizzato\"}]},{\"@type\":\"WebSite\",\"@id\":\"https:\\\/\\\/www.amstelprinting.nl\\\/it\\\/#website\",\"url\":\"https:\\\/\\\/www.amstelprinting.nl\\\/it\\\/\",\"name\":\"Amstel Printing\",\"description\":\"Creating Exposure\",\"publisher\":{\"@id\":\"https:\\\/\\\/www.amstelprinting.nl\\\/it\\\/#organization\"},\"potentialAction\":[{\"@type\":\"SearchAction\",\"target\":{\"@type\":\"EntryPoint\",\"urlTemplate\":\"https:\\\/\\\/www.amstelprinting.nl\\\/it\\\/?s={search_term_string}\"},\"query-input\":{\"@type\":\"PropertyValueSpecification\",\"valueRequired\":true,\"valueName\":\"search_term_string\"}}],\"inLanguage\":\"it-IT\"},{\"@type\":\"Organization\",\"@id\":\"https:\\\/\\\/www.amstelprinting.nl\\\/it\\\/#organization\",\"name\":\"Amstel Printing\",\"url\":\"https:\\\/\\\/www.amstelprinting.nl\\\/it\\\/\",\"logo\":{\"@type\":\"ImageObject\",\"inLanguage\":\"it-IT\",\"@id\":\"https:\\\/\\\/www.amstelprinting.nl\\\/it\\\/#\\\/schema\\\/logo\\\/image\\\/\",\"url\":\"https:\\\/\\\/www.amstelprinting.nl\\\/wp-content\\\/uploads\\\/amstel_printing_logo_clean.png\",\"contentUrl\":\"https:\\\/\\\/www.amstelprinting.nl\\\/wp-content\\\/uploads\\\/amstel_printing_logo_clean.png\",\"width\":324,\"height\":73,\"caption\":\"Amstel Printing\"},\"image\":{\"@id\":\"https:\\\/\\\/www.amstelprinting.nl\\\/it\\\/#\\\/schema\\\/logo\\\/image\\\/\"}}]}<\/script>\n<!-- \/ Yoast SEO plugin. -->","yoast_head_json":{"title":"Telo per recinzione da cantiere - formato personalizzato | Amstel Printing","robots":{"index":"index","follow":"follow","max-snippet":"max-snippet:-1","max-image-preview":"max-image-preview:large","max-video-preview":"max-video-preview:-1"},"canonical":"https:\/\/www.amstelprinting.nl\/it\/negozio\/pubblicita-esterna\/costruzione-e-proprieta\/telo-per-recinzione-da-cantiere-formato-personalizzato\/","og_locale":"it_IT","og_type":"article","og_title":"Telo per recinzione da cantiere - formato personalizzato | Amstel Printing","og_description":"Scopri i nostri versatili teli per recinzione da cantiere, perfetti per delimitare aree e trasmettere il tuo messaggio in modo efficace. Ideali per cantieri o eventi, questi teli offrono un'eccellente combinazione di funzionalit\u00e0 e impatto visivo. Scegli una larghezza tra 330 e 340 cm e un'altezza tra 170 e 178 cm. Il telo per recinzione \u00e8 dotato di occhielli ogni 50 cm per un facile fissaggio e stabilit\u00e0.","og_url":"https:\/\/www.amstelprinting.nl\/it\/negozio\/pubblicita-esterna\/costruzione-e-proprieta\/telo-per-recinzione-da-cantiere-formato-personalizzato\/","og_site_name":"Amstel Printing","article_modified_time":"2026-02-18T11:37:46+00:00","og_image":[{"width":900,"height":900,"url":"https:\/\/www.amstelprinting.nl\/wp-content\/uploads\/bouwhekdoek-bedrukken-3.png","type":"image\/png"}],"twitter_card":"summary_large_image","twitter_misc":{"Tempo di lettura stimato":"1 minuto"},"schema":{"@context":"https:\/\/schema.org","@graph":[{"@type":"WebPage","@id":"https:\/\/www.amstelprinting.nl\/it\/negozio\/pubblicita-esterna\/costruzione-e-proprieta\/telo-per-recinzione-da-cantiere-formato-personalizzato\/","url":"https:\/\/www.amstelprinting.nl\/it\/negozio\/pubblicita-esterna\/costruzione-e-proprieta\/telo-per-recinzione-da-cantiere-formato-personalizzato\/","name":"Telo per recinzione da cantiere - formato personalizzato | Amstel Printing","isPartOf":{"@id":"https:\/\/www.amstelprinting.nl\/it\/#website"},"primaryImageOfPage":{"@id":"https:\/\/www.amstelprinting.nl\/it\/negozio\/pubblicita-esterna\/costruzione-e-proprieta\/telo-per-recinzione-da-cantiere-formato-personalizzato\/#primaryimage"},"image":{"@id":"https:\/\/www.amstelprinting.nl\/it\/negozio\/pubblicita-esterna\/costruzione-e-proprieta\/telo-per-recinzione-da-cantiere-formato-personalizzato\/#primaryimage"},"thumbnailUrl":"https:\/\/www.amstelprinting.nl\/wp-content\/uploads\/bouwhekdoek-bedrukken-3.png","datePublished":"2025-01-24T11:27:04+00:00","dateModified":"2026-02-18T11:37:46+00:00","breadcrumb":{"@id":"https:\/\/www.amstelprinting.nl\/it\/negozio\/pubblicita-esterna\/costruzione-e-proprieta\/telo-per-recinzione-da-cantiere-formato-personalizzato\/#breadcrumb"},"inLanguage":"it-IT","potentialAction":[{"@type":"ReadAction","target":["https:\/\/www.amstelprinting.nl\/it\/negozio\/pubblicita-esterna\/costruzione-e-proprieta\/telo-per-recinzione-da-cantiere-formato-personalizzato\/"]}]},{"@type":"ImageObject","inLanguage":"it-IT","@id":"https:\/\/www.amstelprinting.nl\/it\/negozio\/pubblicita-esterna\/costruzione-e-proprieta\/telo-per-recinzione-da-cantiere-formato-personalizzato\/#primaryimage","url":"https:\/\/www.amstelprinting.nl\/wp-content\/uploads\/bouwhekdoek-bedrukken-3.png","contentUrl":"https:\/\/www.amstelprinting.nl\/wp-content\/uploads\/bouwhekdoek-bedrukken-3.png","width":900,"height":900},{"@type":"BreadcrumbList","@id":"https:\/\/www.amstelprinting.nl\/it\/negozio\/pubblicita-esterna\/costruzione-e-proprieta\/telo-per-recinzione-da-cantiere-formato-personalizzato\/#breadcrumb","itemListElement":[{"@type":"ListItem","position":1,"name":"","item":"https:\/\/www.amstelprinting.nl\/it\/"},{"@type":"ListItem","position":2,"name":"Amstel Printing","item":"https:\/\/www.amstelprinting.nl\/it\/negozio\/"},{"@type":"ListItem","position":3,"name":"Pubblicit\u00e0 esterna","item":"https:\/\/www.amstelprinting.nl\/it\/categoria\/pubblicita-esterna\/"},{"@type":"ListItem","position":4,"name":"Costruzione e; propriet\u00e0","item":"https:\/\/www.amstelprinting.nl\/it\/categoria\/pubblicita-esterna\/costruzione-e-proprieta\/"},{"@type":"ListItem","position":5,"name":"Telo per recinzione da cantiere &#8211; formato personalizzato"}]},{"@type":"WebSite","@id":"https:\/\/www.amstelprinting.nl\/it\/#website","url":"https:\/\/www.amstelprinting.nl\/it\/","name":"Amstel Printing","description":"Creating Exposure","publisher":{"@id":"https:\/\/www.amstelprinting.nl\/it\/#organization"},"potentialAction":[{"@type":"SearchAction","target":{"@type":"EntryPoint","urlTemplate":"https:\/\/www.amstelprinting.nl\/it\/?s={search_term_string}"},"query-input":{"@type":"PropertyValueSpecification","valueRequired":true,"valueName":"search_term_string"}}],"inLanguage":"it-IT"},{"@type":"Organization","@id":"https:\/\/www.amstelprinting.nl\/it\/#organization","name":"Amstel Printing","url":"https:\/\/www.amstelprinting.nl\/it\/","logo":{"@type":"ImageObject","inLanguage":"it-IT","@id":"https:\/\/www.amstelprinting.nl\/it\/#\/schema\/logo\/image\/","url":"https:\/\/www.amstelprinting.nl\/wp-content\/uploads\/amstel_printing_logo_clean.png","contentUrl":"https:\/\/www.amstelprinting.nl\/wp-content\/uploads\/amstel_printing_logo_clean.png","width":324,"height":73,"caption":"Amstel Printing"},"image":{"@id":"https:\/\/www.amstelprinting.nl\/it\/#\/schema\/logo\/image\/"}}]}},"_links":{"self":[{"href":"https:\/\/www.amstelprinting.nl\/it\/wp-json\/wp\/v2\/product\/13621","targetHints":{"allow":["GET"]}}],"collection":[{"href":"https:\/\/www.amstelprinting.nl\/it\/wp-json\/wp\/v2\/product"}],"about":[{"href":"https:\/\/www.amstelprinting.nl\/it\/wp-json\/wp\/v2\/types\/product"}],"wp:featuredmedia":[{"embeddable":true,"href":"https:\/\/www.amstelprinting.nl\/it\/wp-json\/wp\/v2\/media\/13622"}],"wp:attachment":[{"href":"https:\/\/www.amstelprinting.nl\/it\/wp-json\/wp\/v2\/media?parent=13621"}],"wp:term":[{"taxonomy":"product_brand","embeddable":true,"href":"https:\/\/www.amstelprinting.nl\/it\/wp-json\/wp\/v2\/product_brand?post=13621"},{"taxonomy":"product_cat","embeddable":true,"href":"https:\/\/www.amstelprinting.nl\/it\/wp-json\/wp\/v2\/product_cat?post=13621"},{"taxonomy":"product_tag","embeddable":true,"href":"https:\/\/www.amstelprinting.nl\/it\/wp-json\/wp\/v2\/product_tag?post=13621"}],"curies":[{"name":"wp","href":"https:\/\/api.w.org\/{rel}","templated":true}]}}