{"id":13706,"date":"2025-01-24T11:34:57","date_gmt":"2025-01-24T10:34:57","guid":{"rendered":"https:\/\/www.amstelprinting.nl\/winkel\/senza-categoria\/raamstickers\/"},"modified":"2026-02-18T12:37:56","modified_gmt":"2026-02-18T11:37:56","slug":"adesivi-per-vetrine","status":"publish","type":"product","link":"https:\/\/www.amstelprinting.nl\/it\/negozio\/pubblicita-esterna\/pubblicita-di-facciata\/adesivi-per-vetrine\/","title":{"rendered":"Adesivi per vetrine"},"content":{"rendered":"<h3>Ordinare adesivi per vetrine<\/h3>\n<p>I nostri adesivi per vetrine sono disponibili in vari stili per soddisfare tutte le tue esigenze:<\/p>\n<ul>\n<li><strong>Bianco<\/strong>: Per una presentazione chiara e d&#8217;impatto.<\/li>\n<li><strong>Trasparente<\/strong>: Per un look sottile ed elegante.<\/li>\n<li><strong>Ultra trasparente<\/strong>: Per una finitura quasi invisibile che comunica comunque il tuo messaggio.<\/li>\n<li><strong>Effetto sabbiato (etched glass)<\/strong>: Per una finitura opaca di lusso che offre privacy.<\/li>\n<li><strong>One way vision<\/strong>: Per la privacy all&#8217;interno mentre continui a guardare fuori.<\/li>\n<\/ul>\n<p>&nbsp;<\/p>\n<h3>Applicazione semplice<\/h3>\n<p>L&#8217;applicazione dei nostri adesivi per vetrine \u00e8 semplicissima grazie alla qualit\u00e0 delle pellicole facili da usare. Puoi ottenere un aspetto professionale rapidamente e senza fatica.<\/p>\n<h3>Accessori<\/h3>\n<p>Per rendere l&#8217;applicazione e la rifinitura dei tuoi adesivi per vetrine ancora pi\u00f9 facile, offriamo vari accessori. Questi ti aiutano a ottenere un risultato perfetto e assicurano che i tuoi adesivi abbiano un aspetto professionale.<\/p>\n<h3>Domande frequenti sugli adesivi per vetrine<\/h3>\n<p><strong>Quando devo specchiare il file?<\/strong><br \/>\nSpecchia il design se desideri applicare un adesivo trasparente all&#8217;interno della finestra e l&#8217;immagine deve essere leggibile dall&#8217;esterno.<\/p>\n<p><strong>Posso ordinare anche adesivi bifacciali?<\/strong><br \/>\nPurtroppo non \u00e8 (ancora) possibile.<\/p>\n<p><strong>Come si applica l&#8217;adesivo per vetrine?<\/strong><br \/>\nAssicurati che la superficie sia pulita e priva di grasso. Se lo strato adesivo \u00e8 adatto all&#8217;applicazione a umido della pellicola, inumidire sia la superficie che lo strato adesivo con liquido di applicazione prima di posizionare la pellicola. Fissare saldamente la pellicola e spatolare lentamente e uniformemente l&#8217;umidit\u00e0 da sotto l&#8217;adesivo. Se l&#8217;applicazione a umido non \u00e8 possibile, posizionare l&#8217;adesivo dall&#8217;alto e procedere gradualmente verso il basso. Prestare attenzione, poich\u00e9 con l&#8217;applicazione a secco il riposizionamento \u00e8 difficile e lisciare le bolle d&#8217;aria sulla superficie \u00e8 pi\u00f9 complesso.<\/p>\n<p>Rimuovi facilmente la pellicola protettiva posizionando la pellicola con il lato stampato contro la finestra bagnata. Quando si utilizza Lintec, usare la pellicola protettiva come protezione extra tra la pellicola e la spatola per evitare danni alla stampa e per poter esercitare una pressione extra durante la spatolatura.<\/p>\n","protected":false},"excerpt":{"rendered":"<p><span style=\"font-weight: 400;\">Dai facilmente un nuovo look alle tue finestre con i nostri adesivi per vetrine di alta qualit\u00e0. Realizzati con pellicole di qualit\u00e0 di 3M\u2122, Orajet\u00ae e Avery Dennison, questi adesivi offrono vantaggi sia estetici che pratici. A seconda delle tue esigenze specifiche, sia per applicazioni interne che esterne, puoi scegliere tra diverse qualit\u00e0 e finiture.<\/span><\/p>\n","protected":false},"featured_media":13707,"template":"","meta":{"_et_pb_use_builder":"","_et_pb_old_content":"","_et_gb_content_width":""},"product_brand":[],"product_cat":[314,575,459,447],"product_tag":[],"class_list":{"0":"post-13706","1":"product","2":"type-product","3":"status-publish","4":"has-post-thumbnail","6":"product_cat-adesivi-e-stampa","7":"product_cat-adesivi-grandi","8":"product_cat-pubblicita-di-facciata","9":"product_cat-pubblicita-esterna","11":"first","12":"instock","13":"taxable","14":"shipping-taxable","15":"purchasable","16":"product-type-simple"},"yoast_head":"<!-- This site is optimized with the Yoast SEO plugin v27.3 - https:\/\/yoast.com\/product\/yoast-seo-wordpress\/ -->\n<title>Adesivi per vetrine su misura - Consegna rapida e professionali<\/title>\n<meta name=\"description\" content=\"Adesivi per vetrine su misura. Scegli tra vari materiali ed effetti, ordina oggi e ricevi domani. Facili da applicare e adatti per interni ed esterni.\" \/>\n<meta name=\"robots\" content=\"index, follow, max-snippet:-1, max-image-preview:large, max-video-preview:-1\" \/>\n<link rel=\"canonical\" href=\"https:\/\/www.amstelprinting.nl\/it\/negozio\/pubblicita-esterna\/pubblicita-di-facciata\/adesivi-per-vetrine\/\" \/>\n<meta property=\"og:locale\" content=\"it_IT\" \/>\n<meta property=\"og:type\" content=\"article\" \/>\n<meta property=\"og:title\" content=\"Adesivi per vetrine su misura - Consegna rapida e professionali\" \/>\n<meta property=\"og:description\" content=\"Adesivi per vetrine su misura. Scegli tra vari materiali ed effetti, ordina oggi e ricevi domani. Facili da applicare e adatti per interni ed esterni.\" \/>\n<meta property=\"og:url\" content=\"https:\/\/www.amstelprinting.nl\/it\/negozio\/pubblicita-esterna\/pubblicita-di-facciata\/adesivi-per-vetrine\/\" \/>\n<meta property=\"og:site_name\" content=\"Amstel Printing\" \/>\n<meta property=\"article:modified_time\" content=\"2026-02-18T11:37:56+00:00\" \/>\n<meta property=\"og:image\" content=\"https:\/\/www.amstelprinting.nl\/wp-content\/uploads\/raamsticker-bedrukken-2.png\" \/>\n\t<meta property=\"og:image:width\" content=\"900\" \/>\n\t<meta property=\"og:image:height\" content=\"900\" \/>\n\t<meta property=\"og:image:type\" content=\"image\/png\" \/>\n<meta name=\"twitter:card\" content=\"summary_large_image\" \/>\n<meta name=\"twitter:label1\" content=\"Tempo di lettura stimato\" \/>\n\t<meta name=\"twitter:data1\" content=\"2 minuti\" \/>\n<script type=\"application\/ld+json\" class=\"yoast-schema-graph\">{\"@context\":\"https:\\\/\\\/schema.org\",\"@graph\":[{\"@type\":\"WebPage\",\"@id\":\"https:\\\/\\\/www.amstelprinting.nl\\\/it\\\/negozio\\\/pubblicita-esterna\\\/pubblicita-di-facciata\\\/adesivi-per-vetrine\\\/\",\"url\":\"https:\\\/\\\/www.amstelprinting.nl\\\/it\\\/negozio\\\/pubblicita-esterna\\\/pubblicita-di-facciata\\\/adesivi-per-vetrine\\\/\",\"name\":\"Adesivi per vetrine su misura - Consegna rapida e professionali\",\"isPartOf\":{\"@id\":\"https:\\\/\\\/www.amstelprinting.nl\\\/it\\\/#website\"},\"primaryImageOfPage\":{\"@id\":\"https:\\\/\\\/www.amstelprinting.nl\\\/it\\\/negozio\\\/pubblicita-esterna\\\/pubblicita-di-facciata\\\/adesivi-per-vetrine\\\/#primaryimage\"},\"image\":{\"@id\":\"https:\\\/\\\/www.amstelprinting.nl\\\/it\\\/negozio\\\/pubblicita-esterna\\\/pubblicita-di-facciata\\\/adesivi-per-vetrine\\\/#primaryimage\"},\"thumbnailUrl\":\"https:\\\/\\\/www.amstelprinting.nl\\\/wp-content\\\/uploads\\\/raamsticker-bedrukken-2.png\",\"datePublished\":\"2025-01-24T10:34:57+00:00\",\"dateModified\":\"2026-02-18T11:37:56+00:00\",\"description\":\"Adesivi per vetrine su misura. Scegli tra vari materiali ed effetti, ordina oggi e ricevi domani. Facili da applicare e adatti per interni ed esterni.\",\"breadcrumb\":{\"@id\":\"https:\\\/\\\/www.amstelprinting.nl\\\/it\\\/negozio\\\/pubblicita-esterna\\\/pubblicita-di-facciata\\\/adesivi-per-vetrine\\\/#breadcrumb\"},\"inLanguage\":\"it-IT\",\"potentialAction\":[{\"@type\":\"ReadAction\",\"target\":[\"https:\\\/\\\/www.amstelprinting.nl\\\/it\\\/negozio\\\/pubblicita-esterna\\\/pubblicita-di-facciata\\\/adesivi-per-vetrine\\\/\"]}]},{\"@type\":\"ImageObject\",\"inLanguage\":\"it-IT\",\"@id\":\"https:\\\/\\\/www.amstelprinting.nl\\\/it\\\/negozio\\\/pubblicita-esterna\\\/pubblicita-di-facciata\\\/adesivi-per-vetrine\\\/#primaryimage\",\"url\":\"https:\\\/\\\/www.amstelprinting.nl\\\/wp-content\\\/uploads\\\/raamsticker-bedrukken-2.png\",\"contentUrl\":\"https:\\\/\\\/www.amstelprinting.nl\\\/wp-content\\\/uploads\\\/raamsticker-bedrukken-2.png\",\"width\":900,\"height\":900},{\"@type\":\"BreadcrumbList\",\"@id\":\"https:\\\/\\\/www.amstelprinting.nl\\\/it\\\/negozio\\\/pubblicita-esterna\\\/pubblicita-di-facciata\\\/adesivi-per-vetrine\\\/#breadcrumb\",\"itemListElement\":[{\"@type\":\"ListItem\",\"position\":1,\"name\":\"\",\"item\":\"https:\\\/\\\/www.amstelprinting.nl\\\/it\\\/\"},{\"@type\":\"ListItem\",\"position\":2,\"name\":\"Amstel Printing\",\"item\":\"https:\\\/\\\/www.amstelprinting.nl\\\/it\\\/negozio\\\/\"},{\"@type\":\"ListItem\",\"position\":3,\"name\":\"Pubblicit\u00e0 esterna\",\"item\":\"https:\\\/\\\/www.amstelprinting.nl\\\/it\\\/categoria\\\/pubblicita-esterna\\\/\"},{\"@type\":\"ListItem\",\"position\":4,\"name\":\"Pubblicit\u00e0 di facciata\",\"item\":\"https:\\\/\\\/www.amstelprinting.nl\\\/it\\\/categoria\\\/pubblicita-esterna\\\/pubblicita-di-facciata\\\/\"},{\"@type\":\"ListItem\",\"position\":5,\"name\":\"Adesivi per vetrine\"}]},{\"@type\":\"WebSite\",\"@id\":\"https:\\\/\\\/www.amstelprinting.nl\\\/it\\\/#website\",\"url\":\"https:\\\/\\\/www.amstelprinting.nl\\\/it\\\/\",\"name\":\"Amstel Printing\",\"description\":\"Creating Exposure\",\"publisher\":{\"@id\":\"https:\\\/\\\/www.amstelprinting.nl\\\/it\\\/#organization\"},\"potentialAction\":[{\"@type\":\"SearchAction\",\"target\":{\"@type\":\"EntryPoint\",\"urlTemplate\":\"https:\\\/\\\/www.amstelprinting.nl\\\/it\\\/?s={search_term_string}\"},\"query-input\":{\"@type\":\"PropertyValueSpecification\",\"valueRequired\":true,\"valueName\":\"search_term_string\"}}],\"inLanguage\":\"it-IT\"},{\"@type\":\"Organization\",\"@id\":\"https:\\\/\\\/www.amstelprinting.nl\\\/it\\\/#organization\",\"name\":\"Amstel Printing\",\"url\":\"https:\\\/\\\/www.amstelprinting.nl\\\/it\\\/\",\"logo\":{\"@type\":\"ImageObject\",\"inLanguage\":\"it-IT\",\"@id\":\"https:\\\/\\\/www.amstelprinting.nl\\\/it\\\/#\\\/schema\\\/logo\\\/image\\\/\",\"url\":\"https:\\\/\\\/www.amstelprinting.nl\\\/wp-content\\\/uploads\\\/amstel_printing_logo_clean.png\",\"contentUrl\":\"https:\\\/\\\/www.amstelprinting.nl\\\/wp-content\\\/uploads\\\/amstel_printing_logo_clean.png\",\"width\":324,\"height\":73,\"caption\":\"Amstel Printing\"},\"image\":{\"@id\":\"https:\\\/\\\/www.amstelprinting.nl\\\/it\\\/#\\\/schema\\\/logo\\\/image\\\/\"}}]}<\/script>\n<!-- \/ Yoast SEO plugin. -->","yoast_head_json":{"title":"Adesivi per vetrine su misura - Consegna rapida e professionali","description":"Adesivi per vetrine su misura. Scegli tra vari materiali ed effetti, ordina oggi e ricevi domani. Facili da applicare e adatti per interni ed esterni.","robots":{"index":"index","follow":"follow","max-snippet":"max-snippet:-1","max-image-preview":"max-image-preview:large","max-video-preview":"max-video-preview:-1"},"canonical":"https:\/\/www.amstelprinting.nl\/it\/negozio\/pubblicita-esterna\/pubblicita-di-facciata\/adesivi-per-vetrine\/","og_locale":"it_IT","og_type":"article","og_title":"Adesivi per vetrine su misura - Consegna rapida e professionali","og_description":"Adesivi per vetrine su misura. Scegli tra vari materiali ed effetti, ordina oggi e ricevi domani. Facili da applicare e adatti per interni ed esterni.","og_url":"https:\/\/www.amstelprinting.nl\/it\/negozio\/pubblicita-esterna\/pubblicita-di-facciata\/adesivi-per-vetrine\/","og_site_name":"Amstel Printing","article_modified_time":"2026-02-18T11:37:56+00:00","og_image":[{"width":900,"height":900,"url":"https:\/\/www.amstelprinting.nl\/wp-content\/uploads\/raamsticker-bedrukken-2.png","type":"image\/png"}],"twitter_card":"summary_large_image","twitter_misc":{"Tempo di lettura stimato":"2 minuti"},"schema":{"@context":"https:\/\/schema.org","@graph":[{"@type":"WebPage","@id":"https:\/\/www.amstelprinting.nl\/it\/negozio\/pubblicita-esterna\/pubblicita-di-facciata\/adesivi-per-vetrine\/","url":"https:\/\/www.amstelprinting.nl\/it\/negozio\/pubblicita-esterna\/pubblicita-di-facciata\/adesivi-per-vetrine\/","name":"Adesivi per vetrine su misura - Consegna rapida e professionali","isPartOf":{"@id":"https:\/\/www.amstelprinting.nl\/it\/#website"},"primaryImageOfPage":{"@id":"https:\/\/www.amstelprinting.nl\/it\/negozio\/pubblicita-esterna\/pubblicita-di-facciata\/adesivi-per-vetrine\/#primaryimage"},"image":{"@id":"https:\/\/www.amstelprinting.nl\/it\/negozio\/pubblicita-esterna\/pubblicita-di-facciata\/adesivi-per-vetrine\/#primaryimage"},"thumbnailUrl":"https:\/\/www.amstelprinting.nl\/wp-content\/uploads\/raamsticker-bedrukken-2.png","datePublished":"2025-01-24T10:34:57+00:00","dateModified":"2026-02-18T11:37:56+00:00","description":"Adesivi per vetrine su misura. Scegli tra vari materiali ed effetti, ordina oggi e ricevi domani. Facili da applicare e adatti per interni ed esterni.","breadcrumb":{"@id":"https:\/\/www.amstelprinting.nl\/it\/negozio\/pubblicita-esterna\/pubblicita-di-facciata\/adesivi-per-vetrine\/#breadcrumb"},"inLanguage":"it-IT","potentialAction":[{"@type":"ReadAction","target":["https:\/\/www.amstelprinting.nl\/it\/negozio\/pubblicita-esterna\/pubblicita-di-facciata\/adesivi-per-vetrine\/"]}]},{"@type":"ImageObject","inLanguage":"it-IT","@id":"https:\/\/www.amstelprinting.nl\/it\/negozio\/pubblicita-esterna\/pubblicita-di-facciata\/adesivi-per-vetrine\/#primaryimage","url":"https:\/\/www.amstelprinting.nl\/wp-content\/uploads\/raamsticker-bedrukken-2.png","contentUrl":"https:\/\/www.amstelprinting.nl\/wp-content\/uploads\/raamsticker-bedrukken-2.png","width":900,"height":900},{"@type":"BreadcrumbList","@id":"https:\/\/www.amstelprinting.nl\/it\/negozio\/pubblicita-esterna\/pubblicita-di-facciata\/adesivi-per-vetrine\/#breadcrumb","itemListElement":[{"@type":"ListItem","position":1,"name":"","item":"https:\/\/www.amstelprinting.nl\/it\/"},{"@type":"ListItem","position":2,"name":"Amstel Printing","item":"https:\/\/www.amstelprinting.nl\/it\/negozio\/"},{"@type":"ListItem","position":3,"name":"Pubblicit\u00e0 esterna","item":"https:\/\/www.amstelprinting.nl\/it\/categoria\/pubblicita-esterna\/"},{"@type":"ListItem","position":4,"name":"Pubblicit\u00e0 di facciata","item":"https:\/\/www.amstelprinting.nl\/it\/categoria\/pubblicita-esterna\/pubblicita-di-facciata\/"},{"@type":"ListItem","position":5,"name":"Adesivi per vetrine"}]},{"@type":"WebSite","@id":"https:\/\/www.amstelprinting.nl\/it\/#website","url":"https:\/\/www.amstelprinting.nl\/it\/","name":"Amstel Printing","description":"Creating Exposure","publisher":{"@id":"https:\/\/www.amstelprinting.nl\/it\/#organization"},"potentialAction":[{"@type":"SearchAction","target":{"@type":"EntryPoint","urlTemplate":"https:\/\/www.amstelprinting.nl\/it\/?s={search_term_string}"},"query-input":{"@type":"PropertyValueSpecification","valueRequired":true,"valueName":"search_term_string"}}],"inLanguage":"it-IT"},{"@type":"Organization","@id":"https:\/\/www.amstelprinting.nl\/it\/#organization","name":"Amstel Printing","url":"https:\/\/www.amstelprinting.nl\/it\/","logo":{"@type":"ImageObject","inLanguage":"it-IT","@id":"https:\/\/www.amstelprinting.nl\/it\/#\/schema\/logo\/image\/","url":"https:\/\/www.amstelprinting.nl\/wp-content\/uploads\/amstel_printing_logo_clean.png","contentUrl":"https:\/\/www.amstelprinting.nl\/wp-content\/uploads\/amstel_printing_logo_clean.png","width":324,"height":73,"caption":"Amstel Printing"},"image":{"@id":"https:\/\/www.amstelprinting.nl\/it\/#\/schema\/logo\/image\/"}}]}},"_links":{"self":[{"href":"https:\/\/www.amstelprinting.nl\/it\/wp-json\/wp\/v2\/product\/13706","targetHints":{"allow":["GET"]}}],"collection":[{"href":"https:\/\/www.amstelprinting.nl\/it\/wp-json\/wp\/v2\/product"}],"about":[{"href":"https:\/\/www.amstelprinting.nl\/it\/wp-json\/wp\/v2\/types\/product"}],"wp:featuredmedia":[{"embeddable":true,"href":"https:\/\/www.amstelprinting.nl\/it\/wp-json\/wp\/v2\/media\/13707"}],"wp:attachment":[{"href":"https:\/\/www.amstelprinting.nl\/it\/wp-json\/wp\/v2\/media?parent=13706"}],"wp:term":[{"taxonomy":"product_brand","embeddable":true,"href":"https:\/\/www.amstelprinting.nl\/it\/wp-json\/wp\/v2\/product_brand?post=13706"},{"taxonomy":"product_cat","embeddable":true,"href":"https:\/\/www.amstelprinting.nl\/it\/wp-json\/wp\/v2\/product_cat?post=13706"},{"taxonomy":"product_tag","embeddable":true,"href":"https:\/\/www.amstelprinting.nl\/it\/wp-json\/wp\/v2\/product_tag?post=13706"}],"curies":[{"name":"wp","href":"https:\/\/api.w.org\/{rel}","templated":true}]}}