{"id":13746,"date":"2025-01-24T11:34:32","date_gmt":"2025-01-24T10:34:32","guid":{"rendered":"https:\/\/www.amstelprinting.nl\/winkel\/senza-categoria\/kioskvlag\/"},"modified":"2026-02-18T12:38:03","modified_gmt":"2026-02-18T11:38:03","slug":"bandiera-per-chiosco","status":"publish","type":"product","link":"https:\/\/www.amstelprinting.nl\/it\/negozio\/tutte-le-bandiere\/bandiere-di-facciata\/bandiera-per-chiosco\/","title":{"rendered":"Bandiera per chiosco"},"content":{"rendered":"<h3>Scegli il materiale giusto<\/h3>\n<p>La bandiera per chiosco pu\u00f2 essere stampata sia solo fronte che fronte-retro. Per la stampa solo fronte viene utilizzato il materiale Longlife. Questo tessuto extra resistente ha una struttura speciale che riduce lo sfilacciamento, garantendo una maggiore durata. Sul retro della bandiera per chiosco il design \u00e8 visibile in modo speculare. Per la stampa fronte-retro si utilizza il Banner 610. Si tratta di un materiale con funzione oscurante (blockout), che impedisce alla stampa di trasparire dall&#8217;altro lato. Si prega di notare che con questo tipo di stampa pu\u00f2 capitare che i due lati non siano perfettamente identici.<\/p>\n<h3>Formati della bandiera per chiosco<\/h3>\n<p>La bandiera per chiosco \u00e8 disponibile in tre formati:<\/p>\n<ul>\n<li>50 x 100 x 150 cm<\/li>\n<li>68 x 68 x 136 cm<\/li>\n<li>75 x 75 x 150 cm<\/li>\n<\/ul>\n<p>&nbsp;<\/p>\n<h3>Finiture della bandiera per chiosco<\/h3>\n<p>La bandiera pu\u00f2 essere rifinita con fettuccia, corda e asola sul lato sinistro o destro della bandiera. Inoltre, \u00e8 possibile ordinare opzionalmente diversi accessori (come aste da facciata e supporti in vari colori).<\/p>\n<h3>Domande frequenti sulle bandiere per chiosco<\/h3>\n<p><strong>Come posso mantenere al meglio la qualit\u00e0 della bandiera?<\/strong><br \/>\n\u00c8 consigliabile ritirare la bandiera la sera e in caso di forte vento. Arrotolate la bandiera o conservatela distesa, ma non piegata(!). In questo modo si riduce il rischio di danni e la bandiera durer\u00e0 pi\u00f9 a lungo.<\/p>\n<p><strong>Sapevate che \u00e8 possibile lavare le bandiere anche in lavatrice?<\/strong><br \/>\n\u00c8 possibile lavare le bandiere a una temperatura massima di 30 gradi Celsius. Utilizzate esclusivamente un detersivo per capi delicati.<\/p>\n<p><strong>Qual \u00e8 la differenza tra Banner 610 e Longlife?<\/strong><br \/>\nBanner 610 \u00e8 un telo in PVC di qualit\u00e0 molto elevata e robusta. \u00c8 un materiale durevole su cui le stampe risaltano in modo eccellente. Questo telo ha un aspetto opaco e pu\u00f2 essere stampato su entrambi i lati. Flag Longlife \u00e8 un robusto telo in poliestere con una trama grossolana. Il materiale \u00e8 leggermente perforato e quindi difficilmente si sfilaccia. Questo telo viene stampato esclusivamente solo fronte. A causa della struttura, la stampa trapassa sul retro del materiale, rendendo visibile circa il 90%-95% della stampa in modo speculare.<\/p>\n","protected":false},"excerpt":{"rendered":"<p>Una bandiera per chiosco \u00e8 perfetta come insegna accattivante per il vostro negozio, ufficio o bancarella del mercato. Con una bandiera stampata fronte-retro attirerete sicuramente l&#8217;attenzione dei potenziali clienti. Scegliete tra 3 diversi formati e ordinate opzionalmente l&#8217;asta da facciata e il supporto. Economica e consegnata entro 3 giorni lavorativi. Componete qui sotto la vostra bandiera per chiosco.<\/p>\n","protected":false},"featured_media":13747,"template":"","meta":{"_et_pb_use_builder":"","_et_pb_old_content":"","_et_gb_content_width":""},"product_brand":[],"product_cat":[875,883,459,447],"product_tag":[],"class_list":{"0":"post-13746","1":"product","2":"type-product","3":"status-publish","4":"has-post-thumbnail","6":"product_cat-tutte-le-bandiere","7":"product_cat-bandiere-di-facciata","8":"product_cat-pubblicita-di-facciata","9":"product_cat-pubblicita-esterna","11":"first","12":"instock","13":"taxable","14":"shipping-taxable","15":"purchasable","16":"product-type-simple"},"yoast_head":"<!-- This site is optimized with the Yoast SEO plugin v27.3 - https:\/\/yoast.com\/product\/yoast-seo-wordpress\/ -->\n<title>Acquistare bandiere per chiosco? Bandiere convenienti, resistenti e a consegna rapida<\/title>\n<meta name=\"description\" content=\"Distinguetevi con una bandiera per chiosco professionale per il vostro negozio o ufficio. Scegliete tra materiali e formati resistenti. Consegna rapida entro 3 giorni lavorativi.\" \/>\n<meta name=\"robots\" content=\"index, follow, max-snippet:-1, max-image-preview:large, max-video-preview:-1\" \/>\n<link rel=\"canonical\" href=\"https:\/\/www.amstelprinting.nl\/it\/negozio\/tutte-le-bandiere\/bandiere-di-facciata\/bandiera-per-chiosco\/\" \/>\n<meta property=\"og:locale\" content=\"it_IT\" \/>\n<meta property=\"og:type\" content=\"article\" \/>\n<meta property=\"og:title\" content=\"Acquistare bandiere per chiosco? Bandiere convenienti, resistenti e a consegna rapida\" \/>\n<meta property=\"og:description\" content=\"Distinguetevi con una bandiera per chiosco professionale per il vostro negozio o ufficio. Scegliete tra materiali e formati resistenti. Consegna rapida entro 3 giorni lavorativi.\" \/>\n<meta property=\"og:url\" content=\"https:\/\/www.amstelprinting.nl\/it\/negozio\/tutte-le-bandiere\/bandiere-di-facciata\/bandiera-per-chiosco\/\" \/>\n<meta property=\"og:site_name\" content=\"Amstel Printing\" \/>\n<meta property=\"article:modified_time\" content=\"2026-02-18T11:38:03+00:00\" \/>\n<meta property=\"og:image\" content=\"https:\/\/www.amstelprinting.nl\/wp-content\/uploads\/kioskvlag-bedrukken-2.png\" \/>\n\t<meta property=\"og:image:width\" content=\"900\" \/>\n\t<meta property=\"og:image:height\" content=\"900\" \/>\n\t<meta property=\"og:image:type\" content=\"image\/png\" \/>\n<meta name=\"twitter:card\" content=\"summary_large_image\" \/>\n<meta name=\"twitter:label1\" content=\"Tempo di lettura stimato\" \/>\n\t<meta name=\"twitter:data1\" content=\"2 minuti\" \/>\n<script type=\"application\/ld+json\" class=\"yoast-schema-graph\">{\"@context\":\"https:\\\/\\\/schema.org\",\"@graph\":[{\"@type\":\"WebPage\",\"@id\":\"https:\\\/\\\/www.amstelprinting.nl\\\/it\\\/negozio\\\/tutte-le-bandiere\\\/bandiere-di-facciata\\\/bandiera-per-chiosco\\\/\",\"url\":\"https:\\\/\\\/www.amstelprinting.nl\\\/it\\\/negozio\\\/tutte-le-bandiere\\\/bandiere-di-facciata\\\/bandiera-per-chiosco\\\/\",\"name\":\"Acquistare bandiere per chiosco? Bandiere convenienti, resistenti e a consegna rapida\",\"isPartOf\":{\"@id\":\"https:\\\/\\\/www.amstelprinting.nl\\\/it\\\/#website\"},\"primaryImageOfPage\":{\"@id\":\"https:\\\/\\\/www.amstelprinting.nl\\\/it\\\/negozio\\\/tutte-le-bandiere\\\/bandiere-di-facciata\\\/bandiera-per-chiosco\\\/#primaryimage\"},\"image\":{\"@id\":\"https:\\\/\\\/www.amstelprinting.nl\\\/it\\\/negozio\\\/tutte-le-bandiere\\\/bandiere-di-facciata\\\/bandiera-per-chiosco\\\/#primaryimage\"},\"thumbnailUrl\":\"https:\\\/\\\/www.amstelprinting.nl\\\/wp-content\\\/uploads\\\/kioskvlag-bedrukken-2.png\",\"datePublished\":\"2025-01-24T10:34:32+00:00\",\"dateModified\":\"2026-02-18T11:38:03+00:00\",\"description\":\"Distinguetevi con una bandiera per chiosco professionale per il vostro negozio o ufficio. Scegliete tra materiali e formati resistenti. Consegna rapida entro 3 giorni lavorativi.\",\"breadcrumb\":{\"@id\":\"https:\\\/\\\/www.amstelprinting.nl\\\/it\\\/negozio\\\/tutte-le-bandiere\\\/bandiere-di-facciata\\\/bandiera-per-chiosco\\\/#breadcrumb\"},\"inLanguage\":\"it-IT\",\"potentialAction\":[{\"@type\":\"ReadAction\",\"target\":[\"https:\\\/\\\/www.amstelprinting.nl\\\/it\\\/negozio\\\/tutte-le-bandiere\\\/bandiere-di-facciata\\\/bandiera-per-chiosco\\\/\"]}]},{\"@type\":\"ImageObject\",\"inLanguage\":\"it-IT\",\"@id\":\"https:\\\/\\\/www.amstelprinting.nl\\\/it\\\/negozio\\\/tutte-le-bandiere\\\/bandiere-di-facciata\\\/bandiera-per-chiosco\\\/#primaryimage\",\"url\":\"https:\\\/\\\/www.amstelprinting.nl\\\/wp-content\\\/uploads\\\/kioskvlag-bedrukken-2.png\",\"contentUrl\":\"https:\\\/\\\/www.amstelprinting.nl\\\/wp-content\\\/uploads\\\/kioskvlag-bedrukken-2.png\",\"width\":900,\"height\":900},{\"@type\":\"BreadcrumbList\",\"@id\":\"https:\\\/\\\/www.amstelprinting.nl\\\/it\\\/negozio\\\/tutte-le-bandiere\\\/bandiere-di-facciata\\\/bandiera-per-chiosco\\\/#breadcrumb\",\"itemListElement\":[{\"@type\":\"ListItem\",\"position\":1,\"name\":\"\",\"item\":\"https:\\\/\\\/www.amstelprinting.nl\\\/it\\\/\"},{\"@type\":\"ListItem\",\"position\":2,\"name\":\"Amstel Printing\",\"item\":\"https:\\\/\\\/www.amstelprinting.nl\\\/it\\\/negozio\\\/\"},{\"@type\":\"ListItem\",\"position\":3,\"name\":\"Pubblicit\u00e0 esterna\",\"item\":\"https:\\\/\\\/www.amstelprinting.nl\\\/it\\\/categoria\\\/pubblicita-esterna\\\/\"},{\"@type\":\"ListItem\",\"position\":4,\"name\":\"Pubblicit\u00e0 di facciata\",\"item\":\"https:\\\/\\\/www.amstelprinting.nl\\\/it\\\/categoria\\\/pubblicita-esterna\\\/pubblicita-di-facciata\\\/\"},{\"@type\":\"ListItem\",\"position\":5,\"name\":\"Bandiera per chiosco\"}]},{\"@type\":\"WebSite\",\"@id\":\"https:\\\/\\\/www.amstelprinting.nl\\\/it\\\/#website\",\"url\":\"https:\\\/\\\/www.amstelprinting.nl\\\/it\\\/\",\"name\":\"Amstel Printing\",\"description\":\"Creating Exposure\",\"publisher\":{\"@id\":\"https:\\\/\\\/www.amstelprinting.nl\\\/it\\\/#organization\"},\"potentialAction\":[{\"@type\":\"SearchAction\",\"target\":{\"@type\":\"EntryPoint\",\"urlTemplate\":\"https:\\\/\\\/www.amstelprinting.nl\\\/it\\\/?s={search_term_string}\"},\"query-input\":{\"@type\":\"PropertyValueSpecification\",\"valueRequired\":true,\"valueName\":\"search_term_string\"}}],\"inLanguage\":\"it-IT\"},{\"@type\":\"Organization\",\"@id\":\"https:\\\/\\\/www.amstelprinting.nl\\\/it\\\/#organization\",\"name\":\"Amstel Printing\",\"url\":\"https:\\\/\\\/www.amstelprinting.nl\\\/it\\\/\",\"logo\":{\"@type\":\"ImageObject\",\"inLanguage\":\"it-IT\",\"@id\":\"https:\\\/\\\/www.amstelprinting.nl\\\/it\\\/#\\\/schema\\\/logo\\\/image\\\/\",\"url\":\"https:\\\/\\\/www.amstelprinting.nl\\\/wp-content\\\/uploads\\\/amstel_printing_logo_clean.png\",\"contentUrl\":\"https:\\\/\\\/www.amstelprinting.nl\\\/wp-content\\\/uploads\\\/amstel_printing_logo_clean.png\",\"width\":324,\"height\":73,\"caption\":\"Amstel Printing\"},\"image\":{\"@id\":\"https:\\\/\\\/www.amstelprinting.nl\\\/it\\\/#\\\/schema\\\/logo\\\/image\\\/\"}}]}<\/script>\n<!-- \/ Yoast SEO plugin. -->","yoast_head_json":{"title":"Acquistare bandiere per chiosco? Bandiere convenienti, resistenti e a consegna rapida","description":"Distinguetevi con una bandiera per chiosco professionale per il vostro negozio o ufficio. Scegliete tra materiali e formati resistenti. Consegna rapida entro 3 giorni lavorativi.","robots":{"index":"index","follow":"follow","max-snippet":"max-snippet:-1","max-image-preview":"max-image-preview:large","max-video-preview":"max-video-preview:-1"},"canonical":"https:\/\/www.amstelprinting.nl\/it\/negozio\/tutte-le-bandiere\/bandiere-di-facciata\/bandiera-per-chiosco\/","og_locale":"it_IT","og_type":"article","og_title":"Acquistare bandiere per chiosco? Bandiere convenienti, resistenti e a consegna rapida","og_description":"Distinguetevi con una bandiera per chiosco professionale per il vostro negozio o ufficio. Scegliete tra materiali e formati resistenti. Consegna rapida entro 3 giorni lavorativi.","og_url":"https:\/\/www.amstelprinting.nl\/it\/negozio\/tutte-le-bandiere\/bandiere-di-facciata\/bandiera-per-chiosco\/","og_site_name":"Amstel Printing","article_modified_time":"2026-02-18T11:38:03+00:00","og_image":[{"width":900,"height":900,"url":"https:\/\/www.amstelprinting.nl\/wp-content\/uploads\/kioskvlag-bedrukken-2.png","type":"image\/png"}],"twitter_card":"summary_large_image","twitter_misc":{"Tempo di lettura stimato":"2 minuti"},"schema":{"@context":"https:\/\/schema.org","@graph":[{"@type":"WebPage","@id":"https:\/\/www.amstelprinting.nl\/it\/negozio\/tutte-le-bandiere\/bandiere-di-facciata\/bandiera-per-chiosco\/","url":"https:\/\/www.amstelprinting.nl\/it\/negozio\/tutte-le-bandiere\/bandiere-di-facciata\/bandiera-per-chiosco\/","name":"Acquistare bandiere per chiosco? Bandiere convenienti, resistenti e a consegna rapida","isPartOf":{"@id":"https:\/\/www.amstelprinting.nl\/it\/#website"},"primaryImageOfPage":{"@id":"https:\/\/www.amstelprinting.nl\/it\/negozio\/tutte-le-bandiere\/bandiere-di-facciata\/bandiera-per-chiosco\/#primaryimage"},"image":{"@id":"https:\/\/www.amstelprinting.nl\/it\/negozio\/tutte-le-bandiere\/bandiere-di-facciata\/bandiera-per-chiosco\/#primaryimage"},"thumbnailUrl":"https:\/\/www.amstelprinting.nl\/wp-content\/uploads\/kioskvlag-bedrukken-2.png","datePublished":"2025-01-24T10:34:32+00:00","dateModified":"2026-02-18T11:38:03+00:00","description":"Distinguetevi con una bandiera per chiosco professionale per il vostro negozio o ufficio. Scegliete tra materiali e formati resistenti. Consegna rapida entro 3 giorni lavorativi.","breadcrumb":{"@id":"https:\/\/www.amstelprinting.nl\/it\/negozio\/tutte-le-bandiere\/bandiere-di-facciata\/bandiera-per-chiosco\/#breadcrumb"},"inLanguage":"it-IT","potentialAction":[{"@type":"ReadAction","target":["https:\/\/www.amstelprinting.nl\/it\/negozio\/tutte-le-bandiere\/bandiere-di-facciata\/bandiera-per-chiosco\/"]}]},{"@type":"ImageObject","inLanguage":"it-IT","@id":"https:\/\/www.amstelprinting.nl\/it\/negozio\/tutte-le-bandiere\/bandiere-di-facciata\/bandiera-per-chiosco\/#primaryimage","url":"https:\/\/www.amstelprinting.nl\/wp-content\/uploads\/kioskvlag-bedrukken-2.png","contentUrl":"https:\/\/www.amstelprinting.nl\/wp-content\/uploads\/kioskvlag-bedrukken-2.png","width":900,"height":900},{"@type":"BreadcrumbList","@id":"https:\/\/www.amstelprinting.nl\/it\/negozio\/tutte-le-bandiere\/bandiere-di-facciata\/bandiera-per-chiosco\/#breadcrumb","itemListElement":[{"@type":"ListItem","position":1,"name":"","item":"https:\/\/www.amstelprinting.nl\/it\/"},{"@type":"ListItem","position":2,"name":"Amstel Printing","item":"https:\/\/www.amstelprinting.nl\/it\/negozio\/"},{"@type":"ListItem","position":3,"name":"Pubblicit\u00e0 esterna","item":"https:\/\/www.amstelprinting.nl\/it\/categoria\/pubblicita-esterna\/"},{"@type":"ListItem","position":4,"name":"Pubblicit\u00e0 di facciata","item":"https:\/\/www.amstelprinting.nl\/it\/categoria\/pubblicita-esterna\/pubblicita-di-facciata\/"},{"@type":"ListItem","position":5,"name":"Bandiera per chiosco"}]},{"@type":"WebSite","@id":"https:\/\/www.amstelprinting.nl\/it\/#website","url":"https:\/\/www.amstelprinting.nl\/it\/","name":"Amstel Printing","description":"Creating Exposure","publisher":{"@id":"https:\/\/www.amstelprinting.nl\/it\/#organization"},"potentialAction":[{"@type":"SearchAction","target":{"@type":"EntryPoint","urlTemplate":"https:\/\/www.amstelprinting.nl\/it\/?s={search_term_string}"},"query-input":{"@type":"PropertyValueSpecification","valueRequired":true,"valueName":"search_term_string"}}],"inLanguage":"it-IT"},{"@type":"Organization","@id":"https:\/\/www.amstelprinting.nl\/it\/#organization","name":"Amstel Printing","url":"https:\/\/www.amstelprinting.nl\/it\/","logo":{"@type":"ImageObject","inLanguage":"it-IT","@id":"https:\/\/www.amstelprinting.nl\/it\/#\/schema\/logo\/image\/","url":"https:\/\/www.amstelprinting.nl\/wp-content\/uploads\/amstel_printing_logo_clean.png","contentUrl":"https:\/\/www.amstelprinting.nl\/wp-content\/uploads\/amstel_printing_logo_clean.png","width":324,"height":73,"caption":"Amstel Printing"},"image":{"@id":"https:\/\/www.amstelprinting.nl\/it\/#\/schema\/logo\/image\/"}}]}},"_links":{"self":[{"href":"https:\/\/www.amstelprinting.nl\/it\/wp-json\/wp\/v2\/product\/13746","targetHints":{"allow":["GET"]}}],"collection":[{"href":"https:\/\/www.amstelprinting.nl\/it\/wp-json\/wp\/v2\/product"}],"about":[{"href":"https:\/\/www.amstelprinting.nl\/it\/wp-json\/wp\/v2\/types\/product"}],"wp:featuredmedia":[{"embeddable":true,"href":"https:\/\/www.amstelprinting.nl\/it\/wp-json\/wp\/v2\/media\/13747"}],"wp:attachment":[{"href":"https:\/\/www.amstelprinting.nl\/it\/wp-json\/wp\/v2\/media?parent=13746"}],"wp:term":[{"taxonomy":"product_brand","embeddable":true,"href":"https:\/\/www.amstelprinting.nl\/it\/wp-json\/wp\/v2\/product_brand?post=13746"},{"taxonomy":"product_cat","embeddable":true,"href":"https:\/\/www.amstelprinting.nl\/it\/wp-json\/wp\/v2\/product_cat?post=13746"},{"taxonomy":"product_tag","embeddable":true,"href":"https:\/\/www.amstelprinting.nl\/it\/wp-json\/wp\/v2\/product_tag?post=13746"}],"curies":[{"name":"wp","href":"https:\/\/api.w.org\/{rel}","templated":true}]}}