{"id":13776,"date":"2025-01-24T11:34:12","date_gmt":"2025-01-24T10:34:12","guid":{"rendered":"https:\/\/www.amstelprinting.nl\/winkel\/senza-categoria\/lichtbak\/"},"modified":"2026-02-18T12:38:07","modified_gmt":"2026-02-18T11:38:07","slug":"insegna-luminosa","status":"publish","type":"product","link":"https:\/\/www.amstelprinting.nl\/it\/negozio\/pubblicita-esterna\/pubblicita-al-neon\/insegna-luminosa\/","title":{"rendered":"Insegna luminosa"},"content":{"rendered":"<h3>Materiale e finiture<\/h3>\n<p>Il telaio dell&#8217;insegna luminosa \u00e8 realizzato in alluminio con una finitura argento. Il collegamento del cavo pu\u00f2 essere posizionato sul lato sinistro, centrale o destro del telaio. L&#8217;apertura del telaio \u00e8 personalizzabile e pu\u00f2 trovarsi sul lato sinistro, destro, superiore o inferiore.<\/p>\n<p>La lastra dell&#8217;insegna luminosa \u00e8 prodotta in Plexiglas opale, che garantisce una distribuzione uniforme della luce. Inoltre, la stampa \u00e8 dotata di una stampa full color al 200%, che si traduce in colori vivaci in caso di retroilluminazione. Grazie al doppio strato di inchiostro, i colori rimangono ben visibili anche quando l&#8217;illuminazione a LED \u00e8 spenta. La lastra pu\u00f2 essere prodotta in dimensioni fino a un massimo di 3 x 2 metri (in un unico pezzo).<\/p>\n<p>Il telaio \u00e8 integrato con una piastra posteriore in Dibond\u00ae. Su questa piastra vengono montate le strisce LED, in modo che la luce sia distribuita uniformemente dal retro. Ci\u00f2 si traduce in una visualizzazione della stampa forte e accattivante.<\/p>\n<p>Questa insegna luminosa \u00e8 progettata per applicazioni esterne ed \u00e8 completamente impermeabile. Per una maggiore sicurezza, sono stati praticati dei piccoli fori nella parte inferiore per drenare l&#8217;eventuale acqua penetrata.<\/p>\n<h3>Montaggio<\/h3>\n<p>Durante il montaggio, occorre tenere conto del sistema di apertura singola del telaio. La lastra viene fatta scorrere nel telaio attraverso questa apertura. Al momento dell&#8217;ordine, \u00e8 possibile indicare su quale lato si desidera questa apertura.<\/p>\n<p>Il profilo del telaio \u00e8 combinato con una piastra posteriore in Dibond\u00ae per garantire la stabilit\u00e0. Per garantire che la lastra rimanga saldamente in posizione durante condizioni meteorologiche avverse, viene fornito di serie un profilo di sospensione in Plexiglas. Questo profilo deve essere montato autonomamente sulla parte superiore della lastra con la colla in dotazione.<\/p>\n","protected":false},"excerpt":{"rendered":"<p>Un modo accattivante per far risplendere il tuo messaggio giorno e notte. Le nostre insegne luminose combinano un design elegante con un&#8217;illuminazione a LED avanzata, perfetta sia per interni che per esterni. Con un robusto telaio in alluminio e una lastra in Plexiglas opale stampata su misura, le nostre insegne luminose offrono la massima visibilit\u00e0 e impatto, indipendentemente dall&#8217;ora del giorno. Dotate di due anni di garanzia sul telaio e sull&#8217;illuminazione a LED. Componi la tua insegna luminosa in pochi passaggi!<\/p>\n","protected":false},"featured_media":13777,"template":"","meta":{"_et_pb_use_builder":"","_et_pb_old_content":"","_et_gb_content_width":""},"product_brand":[],"product_cat":[465,447],"product_tag":[],"class_list":{"0":"post-13776","1":"product","2":"type-product","3":"status-publish","4":"has-post-thumbnail","6":"product_cat-pubblicita-al-neon","7":"product_cat-pubblicita-esterna","9":"first","10":"instock","11":"taxable","12":"shipping-taxable","13":"purchasable","14":"product-type-simple"},"yoast_head":"<!-- This site is optimized with the Yoast SEO plugin v27.3 - https:\/\/yoast.com\/product\/yoast-seo-wordpress\/ -->\n<title>Insegna luminosa con illuminazione a LED - Pubblicit\u00e0 esterna durevole e luminosa<\/title>\n<meta name=\"description\" content=\"Insegna luminosa con illuminazione a LED e lastra in Plexiglas opale. Configurala ora e metti il tuo messaggio sotto i riflettori con forza, giorno e notte.\" \/>\n<meta name=\"robots\" content=\"index, follow, max-snippet:-1, max-image-preview:large, max-video-preview:-1\" \/>\n<link rel=\"canonical\" href=\"https:\/\/www.amstelprinting.nl\/it\/negozio\/pubblicita-esterna\/pubblicita-al-neon\/insegna-luminosa\/\" \/>\n<meta property=\"og:locale\" content=\"it_IT\" \/>\n<meta property=\"og:type\" content=\"article\" \/>\n<meta property=\"og:title\" content=\"Insegna luminosa con illuminazione a LED - Pubblicit\u00e0 esterna durevole e luminosa\" \/>\n<meta property=\"og:description\" content=\"Insegna luminosa con illuminazione a LED e lastra in Plexiglas opale. Configurala ora e metti il tuo messaggio sotto i riflettori con forza, giorno e notte.\" \/>\n<meta property=\"og:url\" content=\"https:\/\/www.amstelprinting.nl\/it\/negozio\/pubblicita-esterna\/pubblicita-al-neon\/insegna-luminosa\/\" \/>\n<meta property=\"og:site_name\" content=\"Amstel Printing\" \/>\n<meta property=\"article:modified_time\" content=\"2026-02-18T11:38:07+00:00\" \/>\n<meta property=\"og:image\" content=\"https:\/\/www.amstelprinting.nl\/wp-content\/uploads\/Lichtbak-bedrukken1.png\" \/>\n\t<meta property=\"og:image:width\" content=\"700\" \/>\n\t<meta property=\"og:image:height\" content=\"700\" \/>\n\t<meta property=\"og:image:type\" content=\"image\/png\" \/>\n<meta name=\"twitter:card\" content=\"summary_large_image\" \/>\n<meta name=\"twitter:label1\" content=\"Tempo di lettura stimato\" \/>\n\t<meta name=\"twitter:data1\" content=\"1 minuto\" \/>\n<script type=\"application\/ld+json\" class=\"yoast-schema-graph\">{\"@context\":\"https:\\\/\\\/schema.org\",\"@graph\":[{\"@type\":\"WebPage\",\"@id\":\"https:\\\/\\\/www.amstelprinting.nl\\\/it\\\/negozio\\\/pubblicita-esterna\\\/pubblicita-al-neon\\\/insegna-luminosa\\\/\",\"url\":\"https:\\\/\\\/www.amstelprinting.nl\\\/it\\\/negozio\\\/pubblicita-esterna\\\/pubblicita-al-neon\\\/insegna-luminosa\\\/\",\"name\":\"Insegna luminosa con illuminazione a LED - Pubblicit\u00e0 esterna durevole e luminosa\",\"isPartOf\":{\"@id\":\"https:\\\/\\\/www.amstelprinting.nl\\\/it\\\/#website\"},\"primaryImageOfPage\":{\"@id\":\"https:\\\/\\\/www.amstelprinting.nl\\\/it\\\/negozio\\\/pubblicita-esterna\\\/pubblicita-al-neon\\\/insegna-luminosa\\\/#primaryimage\"},\"image\":{\"@id\":\"https:\\\/\\\/www.amstelprinting.nl\\\/it\\\/negozio\\\/pubblicita-esterna\\\/pubblicita-al-neon\\\/insegna-luminosa\\\/#primaryimage\"},\"thumbnailUrl\":\"https:\\\/\\\/www.amstelprinting.nl\\\/wp-content\\\/uploads\\\/Lichtbak-bedrukken1.png\",\"datePublished\":\"2025-01-24T10:34:12+00:00\",\"dateModified\":\"2026-02-18T11:38:07+00:00\",\"description\":\"Insegna luminosa con illuminazione a LED e lastra in Plexiglas opale. Configurala ora e metti il tuo messaggio sotto i riflettori con forza, giorno e notte.\",\"breadcrumb\":{\"@id\":\"https:\\\/\\\/www.amstelprinting.nl\\\/it\\\/negozio\\\/pubblicita-esterna\\\/pubblicita-al-neon\\\/insegna-luminosa\\\/#breadcrumb\"},\"inLanguage\":\"it-IT\",\"potentialAction\":[{\"@type\":\"ReadAction\",\"target\":[\"https:\\\/\\\/www.amstelprinting.nl\\\/it\\\/negozio\\\/pubblicita-esterna\\\/pubblicita-al-neon\\\/insegna-luminosa\\\/\"]}]},{\"@type\":\"ImageObject\",\"inLanguage\":\"it-IT\",\"@id\":\"https:\\\/\\\/www.amstelprinting.nl\\\/it\\\/negozio\\\/pubblicita-esterna\\\/pubblicita-al-neon\\\/insegna-luminosa\\\/#primaryimage\",\"url\":\"https:\\\/\\\/www.amstelprinting.nl\\\/wp-content\\\/uploads\\\/Lichtbak-bedrukken1.png\",\"contentUrl\":\"https:\\\/\\\/www.amstelprinting.nl\\\/wp-content\\\/uploads\\\/Lichtbak-bedrukken1.png\",\"width\":700,\"height\":700},{\"@type\":\"BreadcrumbList\",\"@id\":\"https:\\\/\\\/www.amstelprinting.nl\\\/it\\\/negozio\\\/pubblicita-esterna\\\/pubblicita-al-neon\\\/insegna-luminosa\\\/#breadcrumb\",\"itemListElement\":[{\"@type\":\"ListItem\",\"position\":1,\"name\":\"\",\"item\":\"https:\\\/\\\/www.amstelprinting.nl\\\/it\\\/\"},{\"@type\":\"ListItem\",\"position\":2,\"name\":\"Amstel Printing\",\"item\":\"https:\\\/\\\/www.amstelprinting.nl\\\/it\\\/negozio\\\/\"},{\"@type\":\"ListItem\",\"position\":3,\"name\":\"Pubblicit\u00e0 esterna\",\"item\":\"https:\\\/\\\/www.amstelprinting.nl\\\/it\\\/categoria\\\/pubblicita-esterna\\\/\"},{\"@type\":\"ListItem\",\"position\":4,\"name\":\"Pubblicit\u00e0 al neon\",\"item\":\"https:\\\/\\\/www.amstelprinting.nl\\\/it\\\/categoria\\\/pubblicita-esterna\\\/pubblicita-al-neon\\\/\"},{\"@type\":\"ListItem\",\"position\":5,\"name\":\"Insegna luminosa\"}]},{\"@type\":\"WebSite\",\"@id\":\"https:\\\/\\\/www.amstelprinting.nl\\\/it\\\/#website\",\"url\":\"https:\\\/\\\/www.amstelprinting.nl\\\/it\\\/\",\"name\":\"Amstel Printing\",\"description\":\"Creating Exposure\",\"publisher\":{\"@id\":\"https:\\\/\\\/www.amstelprinting.nl\\\/it\\\/#organization\"},\"potentialAction\":[{\"@type\":\"SearchAction\",\"target\":{\"@type\":\"EntryPoint\",\"urlTemplate\":\"https:\\\/\\\/www.amstelprinting.nl\\\/it\\\/?s={search_term_string}\"},\"query-input\":{\"@type\":\"PropertyValueSpecification\",\"valueRequired\":true,\"valueName\":\"search_term_string\"}}],\"inLanguage\":\"it-IT\"},{\"@type\":\"Organization\",\"@id\":\"https:\\\/\\\/www.amstelprinting.nl\\\/it\\\/#organization\",\"name\":\"Amstel Printing\",\"url\":\"https:\\\/\\\/www.amstelprinting.nl\\\/it\\\/\",\"logo\":{\"@type\":\"ImageObject\",\"inLanguage\":\"it-IT\",\"@id\":\"https:\\\/\\\/www.amstelprinting.nl\\\/it\\\/#\\\/schema\\\/logo\\\/image\\\/\",\"url\":\"https:\\\/\\\/www.amstelprinting.nl\\\/wp-content\\\/uploads\\\/amstel_printing_logo_clean.png\",\"contentUrl\":\"https:\\\/\\\/www.amstelprinting.nl\\\/wp-content\\\/uploads\\\/amstel_printing_logo_clean.png\",\"width\":324,\"height\":73,\"caption\":\"Amstel Printing\"},\"image\":{\"@id\":\"https:\\\/\\\/www.amstelprinting.nl\\\/it\\\/#\\\/schema\\\/logo\\\/image\\\/\"}}]}<\/script>\n<!-- \/ Yoast SEO plugin. -->","yoast_head_json":{"title":"Insegna luminosa con illuminazione a LED - Pubblicit\u00e0 esterna durevole e luminosa","description":"Insegna luminosa con illuminazione a LED e lastra in Plexiglas opale. Configurala ora e metti il tuo messaggio sotto i riflettori con forza, giorno e notte.","robots":{"index":"index","follow":"follow","max-snippet":"max-snippet:-1","max-image-preview":"max-image-preview:large","max-video-preview":"max-video-preview:-1"},"canonical":"https:\/\/www.amstelprinting.nl\/it\/negozio\/pubblicita-esterna\/pubblicita-al-neon\/insegna-luminosa\/","og_locale":"it_IT","og_type":"article","og_title":"Insegna luminosa con illuminazione a LED - Pubblicit\u00e0 esterna durevole e luminosa","og_description":"Insegna luminosa con illuminazione a LED e lastra in Plexiglas opale. Configurala ora e metti il tuo messaggio sotto i riflettori con forza, giorno e notte.","og_url":"https:\/\/www.amstelprinting.nl\/it\/negozio\/pubblicita-esterna\/pubblicita-al-neon\/insegna-luminosa\/","og_site_name":"Amstel Printing","article_modified_time":"2026-02-18T11:38:07+00:00","og_image":[{"width":700,"height":700,"url":"https:\/\/www.amstelprinting.nl\/wp-content\/uploads\/Lichtbak-bedrukken1.png","type":"image\/png"}],"twitter_card":"summary_large_image","twitter_misc":{"Tempo di lettura stimato":"1 minuto"},"schema":{"@context":"https:\/\/schema.org","@graph":[{"@type":"WebPage","@id":"https:\/\/www.amstelprinting.nl\/it\/negozio\/pubblicita-esterna\/pubblicita-al-neon\/insegna-luminosa\/","url":"https:\/\/www.amstelprinting.nl\/it\/negozio\/pubblicita-esterna\/pubblicita-al-neon\/insegna-luminosa\/","name":"Insegna luminosa con illuminazione a LED - Pubblicit\u00e0 esterna durevole e luminosa","isPartOf":{"@id":"https:\/\/www.amstelprinting.nl\/it\/#website"},"primaryImageOfPage":{"@id":"https:\/\/www.amstelprinting.nl\/it\/negozio\/pubblicita-esterna\/pubblicita-al-neon\/insegna-luminosa\/#primaryimage"},"image":{"@id":"https:\/\/www.amstelprinting.nl\/it\/negozio\/pubblicita-esterna\/pubblicita-al-neon\/insegna-luminosa\/#primaryimage"},"thumbnailUrl":"https:\/\/www.amstelprinting.nl\/wp-content\/uploads\/Lichtbak-bedrukken1.png","datePublished":"2025-01-24T10:34:12+00:00","dateModified":"2026-02-18T11:38:07+00:00","description":"Insegna luminosa con illuminazione a LED e lastra in Plexiglas opale. Configurala ora e metti il tuo messaggio sotto i riflettori con forza, giorno e notte.","breadcrumb":{"@id":"https:\/\/www.amstelprinting.nl\/it\/negozio\/pubblicita-esterna\/pubblicita-al-neon\/insegna-luminosa\/#breadcrumb"},"inLanguage":"it-IT","potentialAction":[{"@type":"ReadAction","target":["https:\/\/www.amstelprinting.nl\/it\/negozio\/pubblicita-esterna\/pubblicita-al-neon\/insegna-luminosa\/"]}]},{"@type":"ImageObject","inLanguage":"it-IT","@id":"https:\/\/www.amstelprinting.nl\/it\/negozio\/pubblicita-esterna\/pubblicita-al-neon\/insegna-luminosa\/#primaryimage","url":"https:\/\/www.amstelprinting.nl\/wp-content\/uploads\/Lichtbak-bedrukken1.png","contentUrl":"https:\/\/www.amstelprinting.nl\/wp-content\/uploads\/Lichtbak-bedrukken1.png","width":700,"height":700},{"@type":"BreadcrumbList","@id":"https:\/\/www.amstelprinting.nl\/it\/negozio\/pubblicita-esterna\/pubblicita-al-neon\/insegna-luminosa\/#breadcrumb","itemListElement":[{"@type":"ListItem","position":1,"name":"","item":"https:\/\/www.amstelprinting.nl\/it\/"},{"@type":"ListItem","position":2,"name":"Amstel Printing","item":"https:\/\/www.amstelprinting.nl\/it\/negozio\/"},{"@type":"ListItem","position":3,"name":"Pubblicit\u00e0 esterna","item":"https:\/\/www.amstelprinting.nl\/it\/categoria\/pubblicita-esterna\/"},{"@type":"ListItem","position":4,"name":"Pubblicit\u00e0 al neon","item":"https:\/\/www.amstelprinting.nl\/it\/categoria\/pubblicita-esterna\/pubblicita-al-neon\/"},{"@type":"ListItem","position":5,"name":"Insegna luminosa"}]},{"@type":"WebSite","@id":"https:\/\/www.amstelprinting.nl\/it\/#website","url":"https:\/\/www.amstelprinting.nl\/it\/","name":"Amstel Printing","description":"Creating Exposure","publisher":{"@id":"https:\/\/www.amstelprinting.nl\/it\/#organization"},"potentialAction":[{"@type":"SearchAction","target":{"@type":"EntryPoint","urlTemplate":"https:\/\/www.amstelprinting.nl\/it\/?s={search_term_string}"},"query-input":{"@type":"PropertyValueSpecification","valueRequired":true,"valueName":"search_term_string"}}],"inLanguage":"it-IT"},{"@type":"Organization","@id":"https:\/\/www.amstelprinting.nl\/it\/#organization","name":"Amstel Printing","url":"https:\/\/www.amstelprinting.nl\/it\/","logo":{"@type":"ImageObject","inLanguage":"it-IT","@id":"https:\/\/www.amstelprinting.nl\/it\/#\/schema\/logo\/image\/","url":"https:\/\/www.amstelprinting.nl\/wp-content\/uploads\/amstel_printing_logo_clean.png","contentUrl":"https:\/\/www.amstelprinting.nl\/wp-content\/uploads\/amstel_printing_logo_clean.png","width":324,"height":73,"caption":"Amstel Printing"},"image":{"@id":"https:\/\/www.amstelprinting.nl\/it\/#\/schema\/logo\/image\/"}}]}},"_links":{"self":[{"href":"https:\/\/www.amstelprinting.nl\/it\/wp-json\/wp\/v2\/product\/13776","targetHints":{"allow":["GET"]}}],"collection":[{"href":"https:\/\/www.amstelprinting.nl\/it\/wp-json\/wp\/v2\/product"}],"about":[{"href":"https:\/\/www.amstelprinting.nl\/it\/wp-json\/wp\/v2\/types\/product"}],"wp:featuredmedia":[{"embeddable":true,"href":"https:\/\/www.amstelprinting.nl\/it\/wp-json\/wp\/v2\/media\/13777"}],"wp:attachment":[{"href":"https:\/\/www.amstelprinting.nl\/it\/wp-json\/wp\/v2\/media?parent=13776"}],"wp:term":[{"taxonomy":"product_brand","embeddable":true,"href":"https:\/\/www.amstelprinting.nl\/it\/wp-json\/wp\/v2\/product_brand?post=13776"},{"taxonomy":"product_cat","embeddable":true,"href":"https:\/\/www.amstelprinting.nl\/it\/wp-json\/wp\/v2\/product_cat?post=13776"},{"taxonomy":"product_tag","embeddable":true,"href":"https:\/\/www.amstelprinting.nl\/it\/wp-json\/wp\/v2\/product_tag?post=13776"}],"curies":[{"name":"wp","href":"https:\/\/api.w.org\/{rel}","templated":true}]}}