{"id":13806,"date":"2025-01-24T11:33:58","date_gmt":"2025-01-24T10:33:58","guid":{"rendered":"https:\/\/www.amstelprinting.nl\/winkel\/senza-categoria\/spandoek-vast-formaat\/"},"modified":"2026-02-18T12:38:11","modified_gmt":"2026-02-18T11:38:11","slug":"striscione-formato-fisso","status":"publish","type":"product","link":"https:\/\/www.amstelprinting.nl\/it\/negozio\/pubblicita-esterna\/banner\/striscione-formato-fisso\/","title":{"rendered":"Striscione &#8211; formato fisso"},"content":{"rendered":"<h3>Materiali<\/h3>\n<p>I nostri striscioni sono disponibili in Banner 510 e Tessuto Mesh. Banner 510 \u00e8 un telo in PVC con finitura lucida, ideale per stampe vivaci e adatto all&#8217;uso esterno grazie alle sue propriet\u00e0 idrorepellenti. Il Tessuto Mesh \u00e8 un telo in PVC traspirante con una struttura a rete, perfetto per zone molto ventose.<\/p>\n<h3>Finiture<\/h3>\n<p>Gli striscioni standard possono essere rifiniti con orli o con orli e occhielli per un fissaggio semplice. Scegli gli orli lungo i bordi per una maggiore robustezza e durata, mentre gli occhielli semplificano l&#8217;installazione. Sia che tu voglia trasmettere un messaggio promozionale o annunciare un evento, i nostri striscioni offrono la combinazione perfetta di qualit\u00e0, funzionalit\u00e0 e versatilit\u00e0.<\/p>\n<h3>Domande frequenti<\/h3>\n<p><strong>Come viene imballato uno striscione?<\/strong><br \/>\nGli striscioni vengono imballati in rotoli. Per proteggere il materiale, il telo viene arrotolato in pluriball e carta kraft.<\/p>\n<p><strong>Quando viene diviso un telo?<\/strong><br \/>\nQuesto \u00e8 determinato dalla larghezza massima di stampa, che varia a seconda del materiale. Nelle specifiche \u00e8 possibile trovare la larghezza massima di stampa per ogni materiale. Importante da sapere: puoi facilmente fornire l&#8217;intera superficie in un unico file. Suddivideremo il file secondo i tuoi desideri.<\/p>\n<p><strong>Esiste un formato massimo?<\/strong><br \/>\nNon esitare riguardo al formato: grazie a una speciale tecnica di saldatura, possiamo unire per te anche i teli pi\u00f9 grandi. Puoi ordinare e fornire l&#8217;intera superficie in un unico file. Ci assicureremo poi che il file venga suddiviso come desideri.<\/p>\n<p><strong>Questo prodotto \u00e8 resistente al vento?<\/strong><br \/>\nI materiali sono progettati per resistere alle raffiche di vento. Se hai bisogno di un materiale altamente resistente al vento, ti consigliamo il Tessuto Mesh. Si tratta di un materiale perforato che permette al vento di passare facilmente.<\/p>\n<p><strong>Qual \u00e8 il modo migliore per pulire uno striscione?<\/strong><br \/>\nIl modo migliore per pulire lo striscione \u00e8 con acqua tiepida e un panno in microfibra. Si sconsiglia l&#8217;uso di detergenti, poich\u00e9 potrebbero danneggiare l&#8217;inchiostro.<\/p>\n","protected":false},"excerpt":{"rendered":"<p>Fai risplendere il tuo messaggio in modo grande e chiaro con i nostri versatili striscioni. Gli striscioni stampati sono perfetti per ogni occasione e ambiente. Gli striscioni su questa pagina prodotto sono extra convenienti grazie ai formati fissi. Componi qui sotto il tuo striscione con stampa personalizzata. Puoi contare su una stampa e un prezzo nitidissimi!<\/p>\n","protected":false},"featured_media":25294,"template":"","meta":{"_et_pb_use_builder":"","_et_pb_old_content":"","_et_gb_content_width":""},"product_brand":[],"product_cat":[473,447],"product_tag":[],"class_list":{"0":"post-13806","1":"product","2":"type-product","3":"status-publish","4":"has-post-thumbnail","6":"product_cat-banner","7":"product_cat-pubblicita-esterna","9":"first","10":"instock","11":"featured","12":"taxable","13":"shipping-taxable","14":"purchasable","15":"product-type-simple"},"yoast_head":"<!-- This site is optimized with the Yoast SEO plugin v27.3 - https:\/\/yoast.com\/product\/yoast-seo-wordpress\/ -->\n<title>Striscione - formato fisso | Amstel Printing<\/title>\n<meta name=\"robots\" content=\"index, follow, max-snippet:-1, max-image-preview:large, max-video-preview:-1\" \/>\n<link rel=\"canonical\" href=\"https:\/\/www.amstelprinting.nl\/it\/negozio\/pubblicita-esterna\/banner\/striscione-formato-fisso\/\" \/>\n<meta property=\"og:locale\" content=\"it_IT\" \/>\n<meta property=\"og:type\" content=\"article\" \/>\n<meta property=\"og:title\" content=\"Striscione - formato fisso | Amstel Printing\" \/>\n<meta property=\"og:description\" content=\"Fai risplendere il tuo messaggio in modo grande e chiaro con i nostri versatili striscioni. Gli striscioni stampati sono perfetti per ogni occasione e ambiente. Gli striscioni su questa pagina prodotto sono extra convenienti grazie ai formati fissi. Componi qui sotto il tuo striscione con stampa personalizzata. Puoi contare su una stampa e un prezzo nitidissimi!\" \/>\n<meta property=\"og:url\" content=\"https:\/\/www.amstelprinting.nl\/it\/negozio\/pubblicita-esterna\/banner\/striscione-formato-fisso\/\" \/>\n<meta property=\"og:site_name\" content=\"Amstel Printing\" \/>\n<meta property=\"article:modified_time\" content=\"2026-02-18T11:38:11+00:00\" \/>\n<meta property=\"og:image\" content=\"https:\/\/www.amstelprinting.nl\/wp-content\/uploads\/spandoek-bedrukken-4.webp\" \/>\n\t<meta property=\"og:image:width\" content=\"900\" \/>\n\t<meta property=\"og:image:height\" content=\"900\" \/>\n\t<meta property=\"og:image:type\" content=\"image\/webp\" \/>\n<meta name=\"twitter:card\" content=\"summary_large_image\" \/>\n<meta name=\"twitter:label1\" content=\"Tempo di lettura stimato\" \/>\n\t<meta name=\"twitter:data1\" content=\"2 minuti\" \/>\n<script type=\"application\/ld+json\" class=\"yoast-schema-graph\">{\"@context\":\"https:\\\/\\\/schema.org\",\"@graph\":[{\"@type\":\"WebPage\",\"@id\":\"https:\\\/\\\/www.amstelprinting.nl\\\/it\\\/negozio\\\/pubblicita-esterna\\\/banner\\\/striscione-formato-fisso\\\/\",\"url\":\"https:\\\/\\\/www.amstelprinting.nl\\\/it\\\/negozio\\\/pubblicita-esterna\\\/banner\\\/striscione-formato-fisso\\\/\",\"name\":\"Striscione - formato fisso | Amstel Printing\",\"isPartOf\":{\"@id\":\"https:\\\/\\\/www.amstelprinting.nl\\\/it\\\/#website\"},\"primaryImageOfPage\":{\"@id\":\"https:\\\/\\\/www.amstelprinting.nl\\\/it\\\/negozio\\\/pubblicita-esterna\\\/banner\\\/striscione-formato-fisso\\\/#primaryimage\"},\"image\":{\"@id\":\"https:\\\/\\\/www.amstelprinting.nl\\\/it\\\/negozio\\\/pubblicita-esterna\\\/banner\\\/striscione-formato-fisso\\\/#primaryimage\"},\"thumbnailUrl\":\"https:\\\/\\\/www.amstelprinting.nl\\\/wp-content\\\/uploads\\\/spandoek-bedrukken-4.webp\",\"datePublished\":\"2025-01-24T10:33:58+00:00\",\"dateModified\":\"2026-02-18T11:38:11+00:00\",\"breadcrumb\":{\"@id\":\"https:\\\/\\\/www.amstelprinting.nl\\\/it\\\/negozio\\\/pubblicita-esterna\\\/banner\\\/striscione-formato-fisso\\\/#breadcrumb\"},\"inLanguage\":\"it-IT\",\"potentialAction\":[{\"@type\":\"ReadAction\",\"target\":[\"https:\\\/\\\/www.amstelprinting.nl\\\/it\\\/negozio\\\/pubblicita-esterna\\\/banner\\\/striscione-formato-fisso\\\/\"]}]},{\"@type\":\"ImageObject\",\"inLanguage\":\"it-IT\",\"@id\":\"https:\\\/\\\/www.amstelprinting.nl\\\/it\\\/negozio\\\/pubblicita-esterna\\\/banner\\\/striscione-formato-fisso\\\/#primaryimage\",\"url\":\"https:\\\/\\\/www.amstelprinting.nl\\\/wp-content\\\/uploads\\\/spandoek-bedrukken-4.webp\",\"contentUrl\":\"https:\\\/\\\/www.amstelprinting.nl\\\/wp-content\\\/uploads\\\/spandoek-bedrukken-4.webp\",\"width\":900,\"height\":900},{\"@type\":\"BreadcrumbList\",\"@id\":\"https:\\\/\\\/www.amstelprinting.nl\\\/it\\\/negozio\\\/pubblicita-esterna\\\/banner\\\/striscione-formato-fisso\\\/#breadcrumb\",\"itemListElement\":[{\"@type\":\"ListItem\",\"position\":1,\"name\":\"\",\"item\":\"https:\\\/\\\/www.amstelprinting.nl\\\/it\\\/\"},{\"@type\":\"ListItem\",\"position\":2,\"name\":\"Amstel Printing\",\"item\":\"https:\\\/\\\/www.amstelprinting.nl\\\/it\\\/negozio\\\/\"},{\"@type\":\"ListItem\",\"position\":3,\"name\":\"Pubblicit\u00e0 esterna\",\"item\":\"https:\\\/\\\/www.amstelprinting.nl\\\/it\\\/categoria\\\/pubblicita-esterna\\\/\"},{\"@type\":\"ListItem\",\"position\":4,\"name\":\"Banner\",\"item\":\"https:\\\/\\\/www.amstelprinting.nl\\\/it\\\/categoria\\\/pubblicita-esterna\\\/banner\\\/\"},{\"@type\":\"ListItem\",\"position\":5,\"name\":\"Striscione &#8211; formato fisso\"}]},{\"@type\":\"WebSite\",\"@id\":\"https:\\\/\\\/www.amstelprinting.nl\\\/it\\\/#website\",\"url\":\"https:\\\/\\\/www.amstelprinting.nl\\\/it\\\/\",\"name\":\"Amstel Printing\",\"description\":\"Creating Exposure\",\"publisher\":{\"@id\":\"https:\\\/\\\/www.amstelprinting.nl\\\/it\\\/#organization\"},\"potentialAction\":[{\"@type\":\"SearchAction\",\"target\":{\"@type\":\"EntryPoint\",\"urlTemplate\":\"https:\\\/\\\/www.amstelprinting.nl\\\/it\\\/?s={search_term_string}\"},\"query-input\":{\"@type\":\"PropertyValueSpecification\",\"valueRequired\":true,\"valueName\":\"search_term_string\"}}],\"inLanguage\":\"it-IT\"},{\"@type\":\"Organization\",\"@id\":\"https:\\\/\\\/www.amstelprinting.nl\\\/it\\\/#organization\",\"name\":\"Amstel Printing\",\"url\":\"https:\\\/\\\/www.amstelprinting.nl\\\/it\\\/\",\"logo\":{\"@type\":\"ImageObject\",\"inLanguage\":\"it-IT\",\"@id\":\"https:\\\/\\\/www.amstelprinting.nl\\\/it\\\/#\\\/schema\\\/logo\\\/image\\\/\",\"url\":\"https:\\\/\\\/www.amstelprinting.nl\\\/wp-content\\\/uploads\\\/amstel_printing_logo_clean.png\",\"contentUrl\":\"https:\\\/\\\/www.amstelprinting.nl\\\/wp-content\\\/uploads\\\/amstel_printing_logo_clean.png\",\"width\":324,\"height\":73,\"caption\":\"Amstel Printing\"},\"image\":{\"@id\":\"https:\\\/\\\/www.amstelprinting.nl\\\/it\\\/#\\\/schema\\\/logo\\\/image\\\/\"}}]}<\/script>\n<!-- \/ Yoast SEO plugin. -->","yoast_head_json":{"title":"Striscione - formato fisso | Amstel Printing","robots":{"index":"index","follow":"follow","max-snippet":"max-snippet:-1","max-image-preview":"max-image-preview:large","max-video-preview":"max-video-preview:-1"},"canonical":"https:\/\/www.amstelprinting.nl\/it\/negozio\/pubblicita-esterna\/banner\/striscione-formato-fisso\/","og_locale":"it_IT","og_type":"article","og_title":"Striscione - formato fisso | Amstel Printing","og_description":"Fai risplendere il tuo messaggio in modo grande e chiaro con i nostri versatili striscioni. Gli striscioni stampati sono perfetti per ogni occasione e ambiente. Gli striscioni su questa pagina prodotto sono extra convenienti grazie ai formati fissi. Componi qui sotto il tuo striscione con stampa personalizzata. Puoi contare su una stampa e un prezzo nitidissimi!","og_url":"https:\/\/www.amstelprinting.nl\/it\/negozio\/pubblicita-esterna\/banner\/striscione-formato-fisso\/","og_site_name":"Amstel Printing","article_modified_time":"2026-02-18T11:38:11+00:00","og_image":[{"width":900,"height":900,"url":"https:\/\/www.amstelprinting.nl\/wp-content\/uploads\/spandoek-bedrukken-4.webp","type":"image\/webp"}],"twitter_card":"summary_large_image","twitter_misc":{"Tempo di lettura stimato":"2 minuti"},"schema":{"@context":"https:\/\/schema.org","@graph":[{"@type":"WebPage","@id":"https:\/\/www.amstelprinting.nl\/it\/negozio\/pubblicita-esterna\/banner\/striscione-formato-fisso\/","url":"https:\/\/www.amstelprinting.nl\/it\/negozio\/pubblicita-esterna\/banner\/striscione-formato-fisso\/","name":"Striscione - formato fisso | Amstel Printing","isPartOf":{"@id":"https:\/\/www.amstelprinting.nl\/it\/#website"},"primaryImageOfPage":{"@id":"https:\/\/www.amstelprinting.nl\/it\/negozio\/pubblicita-esterna\/banner\/striscione-formato-fisso\/#primaryimage"},"image":{"@id":"https:\/\/www.amstelprinting.nl\/it\/negozio\/pubblicita-esterna\/banner\/striscione-formato-fisso\/#primaryimage"},"thumbnailUrl":"https:\/\/www.amstelprinting.nl\/wp-content\/uploads\/spandoek-bedrukken-4.webp","datePublished":"2025-01-24T10:33:58+00:00","dateModified":"2026-02-18T11:38:11+00:00","breadcrumb":{"@id":"https:\/\/www.amstelprinting.nl\/it\/negozio\/pubblicita-esterna\/banner\/striscione-formato-fisso\/#breadcrumb"},"inLanguage":"it-IT","potentialAction":[{"@type":"ReadAction","target":["https:\/\/www.amstelprinting.nl\/it\/negozio\/pubblicita-esterna\/banner\/striscione-formato-fisso\/"]}]},{"@type":"ImageObject","inLanguage":"it-IT","@id":"https:\/\/www.amstelprinting.nl\/it\/negozio\/pubblicita-esterna\/banner\/striscione-formato-fisso\/#primaryimage","url":"https:\/\/www.amstelprinting.nl\/wp-content\/uploads\/spandoek-bedrukken-4.webp","contentUrl":"https:\/\/www.amstelprinting.nl\/wp-content\/uploads\/spandoek-bedrukken-4.webp","width":900,"height":900},{"@type":"BreadcrumbList","@id":"https:\/\/www.amstelprinting.nl\/it\/negozio\/pubblicita-esterna\/banner\/striscione-formato-fisso\/#breadcrumb","itemListElement":[{"@type":"ListItem","position":1,"name":"","item":"https:\/\/www.amstelprinting.nl\/it\/"},{"@type":"ListItem","position":2,"name":"Amstel Printing","item":"https:\/\/www.amstelprinting.nl\/it\/negozio\/"},{"@type":"ListItem","position":3,"name":"Pubblicit\u00e0 esterna","item":"https:\/\/www.amstelprinting.nl\/it\/categoria\/pubblicita-esterna\/"},{"@type":"ListItem","position":4,"name":"Banner","item":"https:\/\/www.amstelprinting.nl\/it\/categoria\/pubblicita-esterna\/banner\/"},{"@type":"ListItem","position":5,"name":"Striscione &#8211; formato fisso"}]},{"@type":"WebSite","@id":"https:\/\/www.amstelprinting.nl\/it\/#website","url":"https:\/\/www.amstelprinting.nl\/it\/","name":"Amstel Printing","description":"Creating Exposure","publisher":{"@id":"https:\/\/www.amstelprinting.nl\/it\/#organization"},"potentialAction":[{"@type":"SearchAction","target":{"@type":"EntryPoint","urlTemplate":"https:\/\/www.amstelprinting.nl\/it\/?s={search_term_string}"},"query-input":{"@type":"PropertyValueSpecification","valueRequired":true,"valueName":"search_term_string"}}],"inLanguage":"it-IT"},{"@type":"Organization","@id":"https:\/\/www.amstelprinting.nl\/it\/#organization","name":"Amstel Printing","url":"https:\/\/www.amstelprinting.nl\/it\/","logo":{"@type":"ImageObject","inLanguage":"it-IT","@id":"https:\/\/www.amstelprinting.nl\/it\/#\/schema\/logo\/image\/","url":"https:\/\/www.amstelprinting.nl\/wp-content\/uploads\/amstel_printing_logo_clean.png","contentUrl":"https:\/\/www.amstelprinting.nl\/wp-content\/uploads\/amstel_printing_logo_clean.png","width":324,"height":73,"caption":"Amstel Printing"},"image":{"@id":"https:\/\/www.amstelprinting.nl\/it\/#\/schema\/logo\/image\/"}}]}},"_links":{"self":[{"href":"https:\/\/www.amstelprinting.nl\/it\/wp-json\/wp\/v2\/product\/13806","targetHints":{"allow":["GET"]}}],"collection":[{"href":"https:\/\/www.amstelprinting.nl\/it\/wp-json\/wp\/v2\/product"}],"about":[{"href":"https:\/\/www.amstelprinting.nl\/it\/wp-json\/wp\/v2\/types\/product"}],"wp:featuredmedia":[{"embeddable":true,"href":"https:\/\/www.amstelprinting.nl\/it\/wp-json\/wp\/v2\/media\/25294"}],"wp:attachment":[{"href":"https:\/\/www.amstelprinting.nl\/it\/wp-json\/wp\/v2\/media?parent=13806"}],"wp:term":[{"taxonomy":"product_brand","embeddable":true,"href":"https:\/\/www.amstelprinting.nl\/it\/wp-json\/wp\/v2\/product_brand?post=13806"},{"taxonomy":"product_cat","embeddable":true,"href":"https:\/\/www.amstelprinting.nl\/it\/wp-json\/wp\/v2\/product_cat?post=13806"},{"taxonomy":"product_tag","embeddable":true,"href":"https:\/\/www.amstelprinting.nl\/it\/wp-json\/wp\/v2\/product_tag?post=13806"}],"curies":[{"name":"wp","href":"https:\/\/api.w.org\/{rel}","templated":true}]}}