{"id":13836,"date":"2025-01-24T11:33:28","date_gmt":"2025-01-24T10:33:28","guid":{"rendered":"https:\/\/www.amstelprinting.nl\/winkel\/senza-categoria\/xl-doek\/"},"modified":"2026-02-18T12:38:14","modified_gmt":"2026-02-18T11:38:14","slug":"telo-xl","status":"publish","type":"product","link":"https:\/\/www.amstelprinting.nl\/it\/negozio\/pubblicita-esterna\/banner\/telo-xl\/","title":{"rendered":"Telo XL"},"content":{"rendered":"<h3>Stampa di teli extra large<\/h3>\n<p>Un telo XL \u00e8 la soluzione ideale per dimensioni importanti (estremamente grandi). Che si tratti di rivestimenti di facciate, eventi o impianti sportivi di grandi dimensioni: questi teli giganti attirano garantitamente l&#8217;attenzione con stampe nitidissime e colori vivaci. Il telo XL pu\u00f2 essere prodotto in pi\u00f9 di 8 diversi tipi di tessuto in qualsiasi finitura a scelta. L&#8217;unicit\u00e0 del telo XL \u00e8 che non si \u00e8 vincolati a formati fissi. I teli pi\u00f9 grandi di 500 cm vengono uniti tra loro durante la produzione.<\/p>\n<h3>Materiali: teli XL per ogni occasione<\/h3>\n<p>Con noi decidete voi stessi il formato che meglio si adatta al vostro progetto, supportati da una scelta di otto materiali diversi.<\/p>\n<ul>\n<li><strong>Banner 510<\/strong>: telo in PVC dall&#8217;aspetto lucido, adatto per uso interno ed esterno.<\/li>\n<li><strong>Banner 610 (anche fronte-retro)<\/strong>: telo in PVC oscurante (block-out) adatto per interni ed esterni.<\/li>\n<li><strong>Telo Mesh<\/strong>: telo in PVC traspirante con struttura a rete, ideale per zone molto ventose.<\/li>\n<li><strong>ProPES Outdoor<\/strong>: tessuto in poliestere leggero con rivestimento idrorepellente, perfetto per un uso esterno prolungato.<\/li>\n<li><strong>ProPES FR<\/strong>: tessuto in poliestere con rivestimento ignifugo, garantisce sicurezza in ogni situazione.<\/li>\n<li><strong>Flag<\/strong>: telo in poliestere ad alta trasparenza, ideale per applicazioni temporanee con una durata fino a quattro mesi.<\/li>\n<li><strong>Dekostof<\/strong>: per una resa robusta e non trasparente.<\/li>\n<li><strong>Banner Bianco e Nero<\/strong>: telo PVC block-out con retro nero, adatto per interni ed esterni.<\/li>\n<\/ul>\n<p>&nbsp;<\/p>\n<h3>Scegli la finitura giusta<\/h3>\n<p>Offriamo una vasta gamma di opzioni di finitura per il tuo telo XL come orli, occhielli e asole. Questo ti assicura un prodotto che si adatta perfettamente alle tue esigenze e applicazioni specifiche.<\/p>\n<h3>Spedizione<\/h3>\n<p>Il tuo telo XL viene imballato e consegnato con cura, pronto a presentare il tuo messaggio in modo chiaro e potente. Per dimensioni superiori a 5 x 5 metri, i teli vengono prodotti in pi\u00f9 parti. Durante il processo di produzione, queste vengono unite nuovamente e spedite ripiegate. Per ProPES Outdoor e ProPES FR, per dimensioni superiori a 304 x 304 cm, i pezzi vengono analogamente uniti. La larghezza massima (in un unico pezzo) o l&#8217;altezza \u00e8 quindi di 600 cm.<\/p>\n<h3>Domande frequenti sulla stampa di teli XL<\/h3>\n<p><strong>Come viene imballato questo prodotto?<\/strong><br \/>\nImballiamo questo prodotto in rotoli fino a 500 cm. Per proteggere il materiale, lo avvolgiamo in pluriball e carta kraft.<\/p>\n<p><strong>Come vengono uniti i diversi pezzi tra loro?<\/strong><br \/>\nLe nostre stampanti possono stampare fino a cinque metri di larghezza. Hai bisogno di un telo pi\u00f9 grande? Nessun problema! I singoli pezzi vengono termosaldati tra loro. Buono a sapersi: ordini semplicemente l&#8217;intera superficie e la consegni in un unico file. Ci occuperemo noi di suddividere il file.<\/p>\n","protected":false},"excerpt":{"rendered":"<p>Per stampe estremamente grandi: comunica il tuo messaggio in modo grandioso con i nostri teli XL. Che si tratti di pubblicizzare la tua azienda, promuovere un evento o delimitare un&#8217;area speciale, i nostri teli XL offrono la soluzione perfetta per una comunicazione visiva di grande impatto. Ordinabile completamente su misura. Dotato di stampe nitidissime in una finitura a scelta. Consegnato gi\u00e0 entro 1 giorno lavorativo. Componi qui sotto il tuo telo XL.<\/p>\n","protected":false},"featured_media":13837,"template":"","meta":{"_et_pb_use_builder":"","_et_pb_old_content":"","_et_gb_content_width":""},"product_brand":[],"product_cat":[473,430,411,447],"product_tag":[],"class_list":{"0":"post-13836","1":"product","2":"type-product","3":"status-publish","4":"has-post-thumbnail","6":"product_cat-banner","7":"product_cat-borsa-di-studio-evento","8":"product_cat-panni-del-festival","9":"product_cat-pubblicita-esterna","11":"first","12":"instock","13":"taxable","14":"shipping-taxable","15":"purchasable","16":"product-type-simple"},"yoast_head":"<!-- This site is optimized with the Yoast SEO plugin v27.3 - https:\/\/yoast.com\/product\/yoast-seo-wordpress\/ -->\n<title>Telo XL per festival ed eventi - Amstel Printing<\/title>\n<meta name=\"description\" content=\"Stampe nitidissime e colori vivaci su un telo XL di Amstel Printing. | Oltre 8 tipi di teli per eventi, rivestimenti di facciate e impianti sportivi. Ordina ora!\" \/>\n<meta name=\"robots\" content=\"index, follow, max-snippet:-1, max-image-preview:large, max-video-preview:-1\" \/>\n<link rel=\"canonical\" href=\"https:\/\/www.amstelprinting.nl\/it\/negozio\/pubblicita-esterna\/banner\/telo-xl\/\" \/>\n<meta property=\"og:locale\" content=\"it_IT\" \/>\n<meta property=\"og:type\" content=\"article\" \/>\n<meta property=\"og:title\" content=\"Telo XL per festival ed eventi - Amstel Printing\" \/>\n<meta property=\"og:description\" content=\"Stampe nitidissime e colori vivaci su un telo XL di Amstel Printing. | Oltre 8 tipi di teli per eventi, rivestimenti di facciate e impianti sportivi. Ordina ora!\" \/>\n<meta property=\"og:url\" content=\"https:\/\/www.amstelprinting.nl\/it\/negozio\/pubblicita-esterna\/banner\/telo-xl\/\" \/>\n<meta property=\"og:site_name\" content=\"Amstel Printing\" \/>\n<meta property=\"article:modified_time\" content=\"2026-02-18T11:38:14+00:00\" \/>\n<meta property=\"og:image\" content=\"https:\/\/www.amstelprinting.nl\/wp-content\/uploads\/xl-doek-bedrukken-1.png\" \/>\n\t<meta property=\"og:image:width\" content=\"900\" \/>\n\t<meta property=\"og:image:height\" content=\"900\" \/>\n\t<meta property=\"og:image:type\" content=\"image\/png\" \/>\n<meta name=\"twitter:card\" content=\"summary_large_image\" \/>\n<meta name=\"twitter:label1\" content=\"Tempo di lettura stimato\" \/>\n\t<meta name=\"twitter:data1\" content=\"2 minuti\" \/>\n<script type=\"application\/ld+json\" class=\"yoast-schema-graph\">{\"@context\":\"https:\\\/\\\/schema.org\",\"@graph\":[{\"@type\":\"WebPage\",\"@id\":\"https:\\\/\\\/www.amstelprinting.nl\\\/it\\\/negozio\\\/pubblicita-esterna\\\/banner\\\/telo-xl\\\/\",\"url\":\"https:\\\/\\\/www.amstelprinting.nl\\\/it\\\/negozio\\\/pubblicita-esterna\\\/banner\\\/telo-xl\\\/\",\"name\":\"Telo XL per festival ed eventi - Amstel Printing\",\"isPartOf\":{\"@id\":\"https:\\\/\\\/www.amstelprinting.nl\\\/it\\\/#website\"},\"primaryImageOfPage\":{\"@id\":\"https:\\\/\\\/www.amstelprinting.nl\\\/it\\\/negozio\\\/pubblicita-esterna\\\/banner\\\/telo-xl\\\/#primaryimage\"},\"image\":{\"@id\":\"https:\\\/\\\/www.amstelprinting.nl\\\/it\\\/negozio\\\/pubblicita-esterna\\\/banner\\\/telo-xl\\\/#primaryimage\"},\"thumbnailUrl\":\"https:\\\/\\\/www.amstelprinting.nl\\\/wp-content\\\/uploads\\\/xl-doek-bedrukken-1.png\",\"datePublished\":\"2025-01-24T10:33:28+00:00\",\"dateModified\":\"2026-02-18T11:38:14+00:00\",\"description\":\"Stampe nitidissime e colori vivaci su un telo XL di Amstel Printing. | Oltre 8 tipi di teli per eventi, rivestimenti di facciate e impianti sportivi. Ordina ora!\",\"breadcrumb\":{\"@id\":\"https:\\\/\\\/www.amstelprinting.nl\\\/it\\\/negozio\\\/pubblicita-esterna\\\/banner\\\/telo-xl\\\/#breadcrumb\"},\"inLanguage\":\"it-IT\",\"potentialAction\":[{\"@type\":\"ReadAction\",\"target\":[\"https:\\\/\\\/www.amstelprinting.nl\\\/it\\\/negozio\\\/pubblicita-esterna\\\/banner\\\/telo-xl\\\/\"]}]},{\"@type\":\"ImageObject\",\"inLanguage\":\"it-IT\",\"@id\":\"https:\\\/\\\/www.amstelprinting.nl\\\/it\\\/negozio\\\/pubblicita-esterna\\\/banner\\\/telo-xl\\\/#primaryimage\",\"url\":\"https:\\\/\\\/www.amstelprinting.nl\\\/wp-content\\\/uploads\\\/xl-doek-bedrukken-1.png\",\"contentUrl\":\"https:\\\/\\\/www.amstelprinting.nl\\\/wp-content\\\/uploads\\\/xl-doek-bedrukken-1.png\",\"width\":900,\"height\":900},{\"@type\":\"BreadcrumbList\",\"@id\":\"https:\\\/\\\/www.amstelprinting.nl\\\/it\\\/negozio\\\/pubblicita-esterna\\\/banner\\\/telo-xl\\\/#breadcrumb\",\"itemListElement\":[{\"@type\":\"ListItem\",\"position\":1,\"name\":\"\",\"item\":\"https:\\\/\\\/www.amstelprinting.nl\\\/it\\\/\"},{\"@type\":\"ListItem\",\"position\":2,\"name\":\"Amstel Printing\",\"item\":\"https:\\\/\\\/www.amstelprinting.nl\\\/it\\\/negozio\\\/\"},{\"@type\":\"ListItem\",\"position\":3,\"name\":\"Pubblicit\u00e0 esterna\",\"item\":\"https:\\\/\\\/www.amstelprinting.nl\\\/it\\\/categoria\\\/pubblicita-esterna\\\/\"},{\"@type\":\"ListItem\",\"position\":4,\"name\":\"Banner\",\"item\":\"https:\\\/\\\/www.amstelprinting.nl\\\/it\\\/categoria\\\/pubblicita-esterna\\\/banner\\\/\"},{\"@type\":\"ListItem\",\"position\":5,\"name\":\"Telo XL\"}]},{\"@type\":\"WebSite\",\"@id\":\"https:\\\/\\\/www.amstelprinting.nl\\\/it\\\/#website\",\"url\":\"https:\\\/\\\/www.amstelprinting.nl\\\/it\\\/\",\"name\":\"Amstel Printing\",\"description\":\"Creating Exposure\",\"publisher\":{\"@id\":\"https:\\\/\\\/www.amstelprinting.nl\\\/it\\\/#organization\"},\"potentialAction\":[{\"@type\":\"SearchAction\",\"target\":{\"@type\":\"EntryPoint\",\"urlTemplate\":\"https:\\\/\\\/www.amstelprinting.nl\\\/it\\\/?s={search_term_string}\"},\"query-input\":{\"@type\":\"PropertyValueSpecification\",\"valueRequired\":true,\"valueName\":\"search_term_string\"}}],\"inLanguage\":\"it-IT\"},{\"@type\":\"Organization\",\"@id\":\"https:\\\/\\\/www.amstelprinting.nl\\\/it\\\/#organization\",\"name\":\"Amstel Printing\",\"url\":\"https:\\\/\\\/www.amstelprinting.nl\\\/it\\\/\",\"logo\":{\"@type\":\"ImageObject\",\"inLanguage\":\"it-IT\",\"@id\":\"https:\\\/\\\/www.amstelprinting.nl\\\/it\\\/#\\\/schema\\\/logo\\\/image\\\/\",\"url\":\"https:\\\/\\\/www.amstelprinting.nl\\\/wp-content\\\/uploads\\\/amstel_printing_logo_clean.png\",\"contentUrl\":\"https:\\\/\\\/www.amstelprinting.nl\\\/wp-content\\\/uploads\\\/amstel_printing_logo_clean.png\",\"width\":324,\"height\":73,\"caption\":\"Amstel Printing\"},\"image\":{\"@id\":\"https:\\\/\\\/www.amstelprinting.nl\\\/it\\\/#\\\/schema\\\/logo\\\/image\\\/\"}}]}<\/script>\n<!-- \/ Yoast SEO plugin. -->","yoast_head_json":{"title":"Telo XL per festival ed eventi - Amstel Printing","description":"Stampe nitidissime e colori vivaci su un telo XL di Amstel Printing. | Oltre 8 tipi di teli per eventi, rivestimenti di facciate e impianti sportivi. Ordina ora!","robots":{"index":"index","follow":"follow","max-snippet":"max-snippet:-1","max-image-preview":"max-image-preview:large","max-video-preview":"max-video-preview:-1"},"canonical":"https:\/\/www.amstelprinting.nl\/it\/negozio\/pubblicita-esterna\/banner\/telo-xl\/","og_locale":"it_IT","og_type":"article","og_title":"Telo XL per festival ed eventi - Amstel Printing","og_description":"Stampe nitidissime e colori vivaci su un telo XL di Amstel Printing. | Oltre 8 tipi di teli per eventi, rivestimenti di facciate e impianti sportivi. Ordina ora!","og_url":"https:\/\/www.amstelprinting.nl\/it\/negozio\/pubblicita-esterna\/banner\/telo-xl\/","og_site_name":"Amstel Printing","article_modified_time":"2026-02-18T11:38:14+00:00","og_image":[{"width":900,"height":900,"url":"https:\/\/www.amstelprinting.nl\/wp-content\/uploads\/xl-doek-bedrukken-1.png","type":"image\/png"}],"twitter_card":"summary_large_image","twitter_misc":{"Tempo di lettura stimato":"2 minuti"},"schema":{"@context":"https:\/\/schema.org","@graph":[{"@type":"WebPage","@id":"https:\/\/www.amstelprinting.nl\/it\/negozio\/pubblicita-esterna\/banner\/telo-xl\/","url":"https:\/\/www.amstelprinting.nl\/it\/negozio\/pubblicita-esterna\/banner\/telo-xl\/","name":"Telo XL per festival ed eventi - Amstel Printing","isPartOf":{"@id":"https:\/\/www.amstelprinting.nl\/it\/#website"},"primaryImageOfPage":{"@id":"https:\/\/www.amstelprinting.nl\/it\/negozio\/pubblicita-esterna\/banner\/telo-xl\/#primaryimage"},"image":{"@id":"https:\/\/www.amstelprinting.nl\/it\/negozio\/pubblicita-esterna\/banner\/telo-xl\/#primaryimage"},"thumbnailUrl":"https:\/\/www.amstelprinting.nl\/wp-content\/uploads\/xl-doek-bedrukken-1.png","datePublished":"2025-01-24T10:33:28+00:00","dateModified":"2026-02-18T11:38:14+00:00","description":"Stampe nitidissime e colori vivaci su un telo XL di Amstel Printing. | Oltre 8 tipi di teli per eventi, rivestimenti di facciate e impianti sportivi. Ordina ora!","breadcrumb":{"@id":"https:\/\/www.amstelprinting.nl\/it\/negozio\/pubblicita-esterna\/banner\/telo-xl\/#breadcrumb"},"inLanguage":"it-IT","potentialAction":[{"@type":"ReadAction","target":["https:\/\/www.amstelprinting.nl\/it\/negozio\/pubblicita-esterna\/banner\/telo-xl\/"]}]},{"@type":"ImageObject","inLanguage":"it-IT","@id":"https:\/\/www.amstelprinting.nl\/it\/negozio\/pubblicita-esterna\/banner\/telo-xl\/#primaryimage","url":"https:\/\/www.amstelprinting.nl\/wp-content\/uploads\/xl-doek-bedrukken-1.png","contentUrl":"https:\/\/www.amstelprinting.nl\/wp-content\/uploads\/xl-doek-bedrukken-1.png","width":900,"height":900},{"@type":"BreadcrumbList","@id":"https:\/\/www.amstelprinting.nl\/it\/negozio\/pubblicita-esterna\/banner\/telo-xl\/#breadcrumb","itemListElement":[{"@type":"ListItem","position":1,"name":"","item":"https:\/\/www.amstelprinting.nl\/it\/"},{"@type":"ListItem","position":2,"name":"Amstel Printing","item":"https:\/\/www.amstelprinting.nl\/it\/negozio\/"},{"@type":"ListItem","position":3,"name":"Pubblicit\u00e0 esterna","item":"https:\/\/www.amstelprinting.nl\/it\/categoria\/pubblicita-esterna\/"},{"@type":"ListItem","position":4,"name":"Banner","item":"https:\/\/www.amstelprinting.nl\/it\/categoria\/pubblicita-esterna\/banner\/"},{"@type":"ListItem","position":5,"name":"Telo XL"}]},{"@type":"WebSite","@id":"https:\/\/www.amstelprinting.nl\/it\/#website","url":"https:\/\/www.amstelprinting.nl\/it\/","name":"Amstel Printing","description":"Creating Exposure","publisher":{"@id":"https:\/\/www.amstelprinting.nl\/it\/#organization"},"potentialAction":[{"@type":"SearchAction","target":{"@type":"EntryPoint","urlTemplate":"https:\/\/www.amstelprinting.nl\/it\/?s={search_term_string}"},"query-input":{"@type":"PropertyValueSpecification","valueRequired":true,"valueName":"search_term_string"}}],"inLanguage":"it-IT"},{"@type":"Organization","@id":"https:\/\/www.amstelprinting.nl\/it\/#organization","name":"Amstel Printing","url":"https:\/\/www.amstelprinting.nl\/it\/","logo":{"@type":"ImageObject","inLanguage":"it-IT","@id":"https:\/\/www.amstelprinting.nl\/it\/#\/schema\/logo\/image\/","url":"https:\/\/www.amstelprinting.nl\/wp-content\/uploads\/amstel_printing_logo_clean.png","contentUrl":"https:\/\/www.amstelprinting.nl\/wp-content\/uploads\/amstel_printing_logo_clean.png","width":324,"height":73,"caption":"Amstel Printing"},"image":{"@id":"https:\/\/www.amstelprinting.nl\/it\/#\/schema\/logo\/image\/"}}]}},"_links":{"self":[{"href":"https:\/\/www.amstelprinting.nl\/it\/wp-json\/wp\/v2\/product\/13836","targetHints":{"allow":["GET"]}}],"collection":[{"href":"https:\/\/www.amstelprinting.nl\/it\/wp-json\/wp\/v2\/product"}],"about":[{"href":"https:\/\/www.amstelprinting.nl\/it\/wp-json\/wp\/v2\/types\/product"}],"wp:featuredmedia":[{"embeddable":true,"href":"https:\/\/www.amstelprinting.nl\/it\/wp-json\/wp\/v2\/media\/13837"}],"wp:attachment":[{"href":"https:\/\/www.amstelprinting.nl\/it\/wp-json\/wp\/v2\/media?parent=13836"}],"wp:term":[{"taxonomy":"product_brand","embeddable":true,"href":"https:\/\/www.amstelprinting.nl\/it\/wp-json\/wp\/v2\/product_brand?post=13836"},{"taxonomy":"product_cat","embeddable":true,"href":"https:\/\/www.amstelprinting.nl\/it\/wp-json\/wp\/v2\/product_cat?post=13836"},{"taxonomy":"product_tag","embeddable":true,"href":"https:\/\/www.amstelprinting.nl\/it\/wp-json\/wp\/v2\/product_tag?post=13836"}],"curies":[{"name":"wp","href":"https:\/\/api.w.org\/{rel}","templated":true}]}}