{"id":13846,"date":"2025-01-24T11:33:24","date_gmt":"2025-01-24T10:33:24","guid":{"rendered":"https:\/\/www.amstelprinting.nl\/winkel\/senza-categoria\/speakerdoek\/"},"modified":"2026-02-18T12:38:15","modified_gmt":"2026-02-18T11:38:15","slug":"telo-acustico","status":"publish","type":"product","link":"https:\/\/www.amstelprinting.nl\/it\/negozio\/pubblicita-esterna\/banner\/telo-acustico\/","title":{"rendered":"Telo acustico"},"content":{"rendered":"<h3>Acquista telo acustico<\/h3>\n<p>Nessun festival senza altoparlanti. E anche questi possono essere completamente dotati di un telo stampato. Ma deve essere uno speciale telo acustico (Soundmesh) che non ostacoli il suono. Questo telo acustico appositamente progettato copre impianti audio e attrezzature senza ostacolare il suono. Perfetto per concerti, eventi e fiere.<\/p>\n<h3>Vantaggi del telo acustico<\/h3>\n<ul>\n<li>Ordinabile in qualsiasi formato desiderato<\/li>\n<li>Disponibile fino a una larghezza di 5 metri<\/li>\n<li>Massima conservazione della qualit\u00e0 del suono<\/li>\n<li>Sicuro: dotato di certificazione di sicurezza antincendio B1<\/li>\n<\/ul>\n<p>&nbsp;<\/p>\n<h3>Materiali e propriet\u00e0<\/h3>\n<p>Il telo acustico (Soundmesh) \u00e8 un telo in PVC permeabile all&#8217;aria e al suono con un peso di 180 gr.\/m\u00b2. Questo materiale non solo \u00e8 efficace nel far passare il suono, ma \u00e8 anche idrorepellente, il che lo rende ideale per l&#8217;uso esterno. Il telo Polymesh \u00e8 realizzato in poliestere e pesa 110 gr.\/m\u00b2. Questo materiale leggero, permeabile all&#8217;aria e al suono offre prestazioni eccellenti e flessibilit\u00e0 per varie applicazioni.<\/p>\n<h3>Scegli la finitura giusta<\/h3>\n<p>Per soddisfare tutte le vostre esigenze specifiche, offriamo una variet\u00e0 di finiture. Il telo acustico Polymesh pu\u00f2 essere rifinito con fettuccia e occhielli, fettuccia e ganci, fettuccia e anelli a D, fettuccia e cordino, tunnel e velcro. Queste opzioni assicurano che sia possibile fissare il telo acustico in modo semplice e saldo a diverse strutture. Il telo Soundmesh pu\u00f2 essere rifinito con orli, occhielli o tunnel, rendendo disponibili diverse opzioni di fissaggio anche in questo caso.<\/p>\n<h3>Fissare il telo acustico con i giusti accessori coordinati<\/h3>\n<p>Oltre alle diverse finiture, offriamo anche vari accessori per ottimizzare l&#8217;installazione e l&#8217;uso dei nostri teli acustici. Questi accessori sono progettati per aumentare la funzionalit\u00e0 e la versatilit\u00e0 del telo acustico, in modo da avere sempre una soluzione che soddisfi le vostre esigenze.<\/p>\n","protected":false},"excerpt":{"rendered":"<h4><span style=\"font-weight: 400;\">Il telo permeabile al vento e al suono stampato con una grafica all-over.<\/span><\/h4>\n<p><span style=\"font-weight: 400;\">Il nostro telo acustico offre la combinazione perfetta di funzionalit\u00e0 e flessibilit\u00e0. Il design permeabile all&#8217;aria e al suono assicura che la qualit\u00e0 audio rimanga inalterata, mentre il materiale robusto resiste agli agenti atmosferici. Offriamo una gamma di opzioni di finitura e accessori. Ci\u00f2 vi consente di personalizzare completamente il telo acustico in base alle vostre esigenze specifiche. Il certificato B1 garantisce un prodotto ignifugo che soddisfa i pi\u00f9 elevati standard. Consegnato entro 3 giorni lavorativi. Componi il tuo telo acustico come desideri qui sotto.<\/span><\/p>\n","protected":false},"featured_media":13847,"template":"","meta":{"_et_pb_use_builder":"","_et_pb_old_content":"","_et_gb_content_width":""},"product_brand":[],"product_cat":[473,430,411,447],"product_tag":[],"class_list":{"0":"post-13846","1":"product","2":"type-product","3":"status-publish","4":"has-post-thumbnail","6":"product_cat-banner","7":"product_cat-borsa-di-studio-evento","8":"product_cat-panni-del-festival","9":"product_cat-pubblicita-esterna","11":"first","12":"instock","13":"taxable","14":"shipping-taxable","15":"purchasable","16":"product-type-simple"},"yoast_head":"<!-- This site is optimized with the Yoast SEO plugin v27.3 - https:\/\/yoast.com\/product\/yoast-seo-wordpress\/ -->\n<title>Telo acustico per festival ed eventi | Amstel Printing<\/title>\n<meta name=\"description\" content=\"Scopri i vantaggi di un telo acustico in Polymesh e Soundmesh leggero e permeabile all&#039;aria. Per uso interno ed esterno con diverse opzioni di finitura.\" \/>\n<meta name=\"robots\" content=\"index, follow, max-snippet:-1, max-image-preview:large, max-video-preview:-1\" \/>\n<link rel=\"canonical\" href=\"https:\/\/www.amstelprinting.nl\/it\/negozio\/pubblicita-esterna\/banner\/telo-acustico\/\" \/>\n<meta property=\"og:locale\" content=\"it_IT\" \/>\n<meta property=\"og:type\" content=\"article\" \/>\n<meta property=\"og:title\" content=\"Telo acustico per festival ed eventi | Amstel Printing\" \/>\n<meta property=\"og:description\" content=\"Scopri i vantaggi di un telo acustico in Polymesh e Soundmesh leggero e permeabile all&#039;aria. Per uso interno ed esterno con diverse opzioni di finitura.\" \/>\n<meta property=\"og:url\" content=\"https:\/\/www.amstelprinting.nl\/it\/negozio\/pubblicita-esterna\/banner\/telo-acustico\/\" \/>\n<meta property=\"og:site_name\" content=\"Amstel Printing\" \/>\n<meta property=\"article:modified_time\" content=\"2026-02-18T11:38:15+00:00\" \/>\n<meta property=\"og:image\" content=\"https:\/\/www.amstelprinting.nl\/wp-content\/uploads\/speakerdoek-bedrukken-1.png\" \/>\n\t<meta property=\"og:image:width\" content=\"900\" \/>\n\t<meta property=\"og:image:height\" content=\"900\" \/>\n\t<meta property=\"og:image:type\" content=\"image\/png\" \/>\n<meta name=\"twitter:card\" content=\"summary_large_image\" \/>\n<meta name=\"twitter:label1\" content=\"Tempo di lettura stimato\" \/>\n\t<meta name=\"twitter:data1\" content=\"1 minuto\" \/>\n<script type=\"application\/ld+json\" class=\"yoast-schema-graph\">{\"@context\":\"https:\\\/\\\/schema.org\",\"@graph\":[{\"@type\":\"WebPage\",\"@id\":\"https:\\\/\\\/www.amstelprinting.nl\\\/it\\\/negozio\\\/pubblicita-esterna\\\/banner\\\/telo-acustico\\\/\",\"url\":\"https:\\\/\\\/www.amstelprinting.nl\\\/it\\\/negozio\\\/pubblicita-esterna\\\/banner\\\/telo-acustico\\\/\",\"name\":\"Telo acustico per festival ed eventi | Amstel Printing\",\"isPartOf\":{\"@id\":\"https:\\\/\\\/www.amstelprinting.nl\\\/it\\\/#website\"},\"primaryImageOfPage\":{\"@id\":\"https:\\\/\\\/www.amstelprinting.nl\\\/it\\\/negozio\\\/pubblicita-esterna\\\/banner\\\/telo-acustico\\\/#primaryimage\"},\"image\":{\"@id\":\"https:\\\/\\\/www.amstelprinting.nl\\\/it\\\/negozio\\\/pubblicita-esterna\\\/banner\\\/telo-acustico\\\/#primaryimage\"},\"thumbnailUrl\":\"https:\\\/\\\/www.amstelprinting.nl\\\/wp-content\\\/uploads\\\/speakerdoek-bedrukken-1.png\",\"datePublished\":\"2025-01-24T10:33:24+00:00\",\"dateModified\":\"2026-02-18T11:38:15+00:00\",\"description\":\"Scopri i vantaggi di un telo acustico in Polymesh e Soundmesh leggero e permeabile all'aria. Per uso interno ed esterno con diverse opzioni di finitura.\",\"breadcrumb\":{\"@id\":\"https:\\\/\\\/www.amstelprinting.nl\\\/it\\\/negozio\\\/pubblicita-esterna\\\/banner\\\/telo-acustico\\\/#breadcrumb\"},\"inLanguage\":\"it-IT\",\"potentialAction\":[{\"@type\":\"ReadAction\",\"target\":[\"https:\\\/\\\/www.amstelprinting.nl\\\/it\\\/negozio\\\/pubblicita-esterna\\\/banner\\\/telo-acustico\\\/\"]}]},{\"@type\":\"ImageObject\",\"inLanguage\":\"it-IT\",\"@id\":\"https:\\\/\\\/www.amstelprinting.nl\\\/it\\\/negozio\\\/pubblicita-esterna\\\/banner\\\/telo-acustico\\\/#primaryimage\",\"url\":\"https:\\\/\\\/www.amstelprinting.nl\\\/wp-content\\\/uploads\\\/speakerdoek-bedrukken-1.png\",\"contentUrl\":\"https:\\\/\\\/www.amstelprinting.nl\\\/wp-content\\\/uploads\\\/speakerdoek-bedrukken-1.png\",\"width\":900,\"height\":900},{\"@type\":\"BreadcrumbList\",\"@id\":\"https:\\\/\\\/www.amstelprinting.nl\\\/it\\\/negozio\\\/pubblicita-esterna\\\/banner\\\/telo-acustico\\\/#breadcrumb\",\"itemListElement\":[{\"@type\":\"ListItem\",\"position\":1,\"name\":\"\",\"item\":\"https:\\\/\\\/www.amstelprinting.nl\\\/it\\\/\"},{\"@type\":\"ListItem\",\"position\":2,\"name\":\"Amstel Printing\",\"item\":\"https:\\\/\\\/www.amstelprinting.nl\\\/it\\\/negozio\\\/\"},{\"@type\":\"ListItem\",\"position\":3,\"name\":\"Pubblicit\u00e0 esterna\",\"item\":\"https:\\\/\\\/www.amstelprinting.nl\\\/it\\\/categoria\\\/pubblicita-esterna\\\/\"},{\"@type\":\"ListItem\",\"position\":4,\"name\":\"Banner\",\"item\":\"https:\\\/\\\/www.amstelprinting.nl\\\/it\\\/categoria\\\/pubblicita-esterna\\\/banner\\\/\"},{\"@type\":\"ListItem\",\"position\":5,\"name\":\"Telo acustico\"}]},{\"@type\":\"WebSite\",\"@id\":\"https:\\\/\\\/www.amstelprinting.nl\\\/it\\\/#website\",\"url\":\"https:\\\/\\\/www.amstelprinting.nl\\\/it\\\/\",\"name\":\"Amstel Printing\",\"description\":\"Creating Exposure\",\"publisher\":{\"@id\":\"https:\\\/\\\/www.amstelprinting.nl\\\/it\\\/#organization\"},\"potentialAction\":[{\"@type\":\"SearchAction\",\"target\":{\"@type\":\"EntryPoint\",\"urlTemplate\":\"https:\\\/\\\/www.amstelprinting.nl\\\/it\\\/?s={search_term_string}\"},\"query-input\":{\"@type\":\"PropertyValueSpecification\",\"valueRequired\":true,\"valueName\":\"search_term_string\"}}],\"inLanguage\":\"it-IT\"},{\"@type\":\"Organization\",\"@id\":\"https:\\\/\\\/www.amstelprinting.nl\\\/it\\\/#organization\",\"name\":\"Amstel Printing\",\"url\":\"https:\\\/\\\/www.amstelprinting.nl\\\/it\\\/\",\"logo\":{\"@type\":\"ImageObject\",\"inLanguage\":\"it-IT\",\"@id\":\"https:\\\/\\\/www.amstelprinting.nl\\\/it\\\/#\\\/schema\\\/logo\\\/image\\\/\",\"url\":\"https:\\\/\\\/www.amstelprinting.nl\\\/wp-content\\\/uploads\\\/amstel_printing_logo_clean.png\",\"contentUrl\":\"https:\\\/\\\/www.amstelprinting.nl\\\/wp-content\\\/uploads\\\/amstel_printing_logo_clean.png\",\"width\":324,\"height\":73,\"caption\":\"Amstel Printing\"},\"image\":{\"@id\":\"https:\\\/\\\/www.amstelprinting.nl\\\/it\\\/#\\\/schema\\\/logo\\\/image\\\/\"}}]}<\/script>\n<!-- \/ Yoast SEO plugin. -->","yoast_head_json":{"title":"Telo acustico per festival ed eventi | Amstel Printing","description":"Scopri i vantaggi di un telo acustico in Polymesh e Soundmesh leggero e permeabile all'aria. Per uso interno ed esterno con diverse opzioni di finitura.","robots":{"index":"index","follow":"follow","max-snippet":"max-snippet:-1","max-image-preview":"max-image-preview:large","max-video-preview":"max-video-preview:-1"},"canonical":"https:\/\/www.amstelprinting.nl\/it\/negozio\/pubblicita-esterna\/banner\/telo-acustico\/","og_locale":"it_IT","og_type":"article","og_title":"Telo acustico per festival ed eventi | Amstel Printing","og_description":"Scopri i vantaggi di un telo acustico in Polymesh e Soundmesh leggero e permeabile all'aria. Per uso interno ed esterno con diverse opzioni di finitura.","og_url":"https:\/\/www.amstelprinting.nl\/it\/negozio\/pubblicita-esterna\/banner\/telo-acustico\/","og_site_name":"Amstel Printing","article_modified_time":"2026-02-18T11:38:15+00:00","og_image":[{"width":900,"height":900,"url":"https:\/\/www.amstelprinting.nl\/wp-content\/uploads\/speakerdoek-bedrukken-1.png","type":"image\/png"}],"twitter_card":"summary_large_image","twitter_misc":{"Tempo di lettura stimato":"1 minuto"},"schema":{"@context":"https:\/\/schema.org","@graph":[{"@type":"WebPage","@id":"https:\/\/www.amstelprinting.nl\/it\/negozio\/pubblicita-esterna\/banner\/telo-acustico\/","url":"https:\/\/www.amstelprinting.nl\/it\/negozio\/pubblicita-esterna\/banner\/telo-acustico\/","name":"Telo acustico per festival ed eventi | Amstel Printing","isPartOf":{"@id":"https:\/\/www.amstelprinting.nl\/it\/#website"},"primaryImageOfPage":{"@id":"https:\/\/www.amstelprinting.nl\/it\/negozio\/pubblicita-esterna\/banner\/telo-acustico\/#primaryimage"},"image":{"@id":"https:\/\/www.amstelprinting.nl\/it\/negozio\/pubblicita-esterna\/banner\/telo-acustico\/#primaryimage"},"thumbnailUrl":"https:\/\/www.amstelprinting.nl\/wp-content\/uploads\/speakerdoek-bedrukken-1.png","datePublished":"2025-01-24T10:33:24+00:00","dateModified":"2026-02-18T11:38:15+00:00","description":"Scopri i vantaggi di un telo acustico in Polymesh e Soundmesh leggero e permeabile all'aria. Per uso interno ed esterno con diverse opzioni di finitura.","breadcrumb":{"@id":"https:\/\/www.amstelprinting.nl\/it\/negozio\/pubblicita-esterna\/banner\/telo-acustico\/#breadcrumb"},"inLanguage":"it-IT","potentialAction":[{"@type":"ReadAction","target":["https:\/\/www.amstelprinting.nl\/it\/negozio\/pubblicita-esterna\/banner\/telo-acustico\/"]}]},{"@type":"ImageObject","inLanguage":"it-IT","@id":"https:\/\/www.amstelprinting.nl\/it\/negozio\/pubblicita-esterna\/banner\/telo-acustico\/#primaryimage","url":"https:\/\/www.amstelprinting.nl\/wp-content\/uploads\/speakerdoek-bedrukken-1.png","contentUrl":"https:\/\/www.amstelprinting.nl\/wp-content\/uploads\/speakerdoek-bedrukken-1.png","width":900,"height":900},{"@type":"BreadcrumbList","@id":"https:\/\/www.amstelprinting.nl\/it\/negozio\/pubblicita-esterna\/banner\/telo-acustico\/#breadcrumb","itemListElement":[{"@type":"ListItem","position":1,"name":"","item":"https:\/\/www.amstelprinting.nl\/it\/"},{"@type":"ListItem","position":2,"name":"Amstel Printing","item":"https:\/\/www.amstelprinting.nl\/it\/negozio\/"},{"@type":"ListItem","position":3,"name":"Pubblicit\u00e0 esterna","item":"https:\/\/www.amstelprinting.nl\/it\/categoria\/pubblicita-esterna\/"},{"@type":"ListItem","position":4,"name":"Banner","item":"https:\/\/www.amstelprinting.nl\/it\/categoria\/pubblicita-esterna\/banner\/"},{"@type":"ListItem","position":5,"name":"Telo acustico"}]},{"@type":"WebSite","@id":"https:\/\/www.amstelprinting.nl\/it\/#website","url":"https:\/\/www.amstelprinting.nl\/it\/","name":"Amstel Printing","description":"Creating Exposure","publisher":{"@id":"https:\/\/www.amstelprinting.nl\/it\/#organization"},"potentialAction":[{"@type":"SearchAction","target":{"@type":"EntryPoint","urlTemplate":"https:\/\/www.amstelprinting.nl\/it\/?s={search_term_string}"},"query-input":{"@type":"PropertyValueSpecification","valueRequired":true,"valueName":"search_term_string"}}],"inLanguage":"it-IT"},{"@type":"Organization","@id":"https:\/\/www.amstelprinting.nl\/it\/#organization","name":"Amstel Printing","url":"https:\/\/www.amstelprinting.nl\/it\/","logo":{"@type":"ImageObject","inLanguage":"it-IT","@id":"https:\/\/www.amstelprinting.nl\/it\/#\/schema\/logo\/image\/","url":"https:\/\/www.amstelprinting.nl\/wp-content\/uploads\/amstel_printing_logo_clean.png","contentUrl":"https:\/\/www.amstelprinting.nl\/wp-content\/uploads\/amstel_printing_logo_clean.png","width":324,"height":73,"caption":"Amstel Printing"},"image":{"@id":"https:\/\/www.amstelprinting.nl\/it\/#\/schema\/logo\/image\/"}}]}},"_links":{"self":[{"href":"https:\/\/www.amstelprinting.nl\/it\/wp-json\/wp\/v2\/product\/13846","targetHints":{"allow":["GET"]}}],"collection":[{"href":"https:\/\/www.amstelprinting.nl\/it\/wp-json\/wp\/v2\/product"}],"about":[{"href":"https:\/\/www.amstelprinting.nl\/it\/wp-json\/wp\/v2\/types\/product"}],"wp:featuredmedia":[{"embeddable":true,"href":"https:\/\/www.amstelprinting.nl\/it\/wp-json\/wp\/v2\/media\/13847"}],"wp:attachment":[{"href":"https:\/\/www.amstelprinting.nl\/it\/wp-json\/wp\/v2\/media?parent=13846"}],"wp:term":[{"taxonomy":"product_brand","embeddable":true,"href":"https:\/\/www.amstelprinting.nl\/it\/wp-json\/wp\/v2\/product_brand?post=13846"},{"taxonomy":"product_cat","embeddable":true,"href":"https:\/\/www.amstelprinting.nl\/it\/wp-json\/wp\/v2\/product_cat?post=13846"},{"taxonomy":"product_tag","embeddable":true,"href":"https:\/\/www.amstelprinting.nl\/it\/wp-json\/wp\/v2\/product_tag?post=13846"}],"curies":[{"name":"wp","href":"https:\/\/api.w.org\/{rel}","templated":true}]}}