{"id":13866,"date":"2025-01-24T11:32:53","date_gmt":"2025-01-24T10:32:53","guid":{"rendered":"https:\/\/www.amstelprinting.nl\/winkel\/senza-categoria\/outdoor-textielframe\/"},"modified":"2026-02-18T12:38:18","modified_gmt":"2026-02-18T11:38:18","slug":"cornice-tessile-da-esterno","status":"publish","type":"product","link":"https:\/\/www.amstelprinting.nl\/it\/negozio\/pubblicita-esterna\/cornici-per-striscioni\/cornice-tessile-da-esterno\/","title":{"rendered":"Cornice tessile da esterno"},"content":{"rendered":"<h3>Ordinare una cornice tessile da esterno: come funziona?<\/h3>\n<p>Dalla parte anteriore, la cornice non \u00e8 visibile. Lo striscione viene fissato lungo tutto il perimetro della cornice con un bordino. Questa cornice tessile \u00e8 adatta per l&#8217;esterno. Ordinabile interamente in un formato a scelta. \u00c8 possibile eseguire facilmente il montaggio autonomamente con l&#8217;aiuto del nostro manuale (vedi download).<\/p>\n<h3>Materiali<\/h3>\n<p>La nostra cornice tessile da esterno \u00e8 realizzata in ProPES outdoor, un tessuto in poliestere leggero dotato di un rivestimento idrorepellente. Questo materiale \u00e8 stato appositamente progettato per l&#8217;uso esterno, garantendovi una soluzione durevole e resistente agli agenti atmosferici. Il telo rimane bello e funzionale a lungo, indipendentemente dalle condizioni meteorologiche, assicurando che il vostro messaggio rimanga sempre chiaro e d&#8217;impatto.<\/p>\n<h3>Accessori<\/h3>\n<p>Per rendere l&#8217;installazione della vostra cornice tessile da esterno il pi\u00f9 semplice possibile, offriamo vari accessori, tra cui nastro biadesivo e chiodi a pressione. Questi accessori assicurano che il telo rimanga saldamente e ordinatamente all&#8217;interno della cornice, anche in condizioni meteorologiche difficili (vento forte).<\/p>\n<h3>Domande frequenti<\/h3>\n<p><strong>Qual \u00e8 la durata prevista di ProPES Outdoor?<\/strong><br \/>\nIn caso di utilizzo in interni, si pu\u00f2 contare su una durata pluriennale del materiale. Per l&#8217;uso esterno, invece, la stampa potrebbe iniziare a sbiadire dopo circa 6 mesi. Sebbene il materiale stesso sia resistente all&#8217;usura, gli inchiostri possono sbiadire a causa dell&#8217;esposizione agli agenti atmosferici.<\/p>\n<p><strong>Come si tolgono le pieghe dal telo?<\/strong><br \/>\n\u00c8 semplicissimo! \u00c8 possibile stirare il materiale con l&#8217;impostazione lana. Posizionate un canovaccio sopra la stampa per offrire una protezione extra durante la stiratura.<\/p>\n<p><strong>Qual \u00e8 il modo migliore per pulire il telo?<\/strong><br \/>\nUtilizzate acqua tiepida e un panno in microfibra per pulire il telo. ProPES Outdoor pu\u00f2 anche essere lavato in lavatrice a 30 gradi.<\/p>\n<p><strong>Qual \u00e8 la differenza tra idrorepellente e impermeabile?<\/strong><br \/>\nI tessuti idrorepellenti lasciano scivolare l&#8217;acqua dalla superficie senza assorbirla. I tessuti impermeabili impediscono all&#8217;acqua di penetrare nel prodotto, mantenendo asciutte, ad esempio, le imbottiture dei cuscini.<\/p>\n<p><strong>Quale tecnica di produzione viene utilizzata per questo materiale?<\/strong><br \/>\nPer ProPES Outdoor viene utilizzato inchiostro a pigmenti. Questa tecnica di stampa utilizza inchiostri a base d&#8217;acqua che sono inodore. Gli inchiostri vengono asciugati e induriti in un forno. In contrasto con la sublimazione, dove l&#8217;inchiostro penetra nelle fibre del materiale, l&#8217;inchiostro a pigmenti rimane sulla superficie.<\/p>\n","protected":false},"excerpt":{"rendered":"<h3>La cornice per striscioni pulita e invisibile<\/h3>\n<p>Siete alla ricerca di una cornice per striscioni pulita e invisibile adatta per l&#8217;esterno? Scegliete la nostra cornice tessile da esterno e lasciate un segno indelebile. Il telo da esterno, leggero ma robusto, garantisce una visualizzazione chiara e nitida del vostro messaggio, mentre il rivestimento idrorepellente protegge il tessuto. Componete la vostra cornice tessile da esterno qui sotto come desiderate!<\/p>\n","protected":false},"featured_media":13867,"template":"","meta":{"_et_pb_use_builder":"","_et_pb_old_content":"","_et_gb_content_width":""},"product_brand":[],"product_cat":[533,447],"product_tag":[],"class_list":{"0":"post-13866","1":"product","2":"type-product","3":"status-publish","4":"has-post-thumbnail","6":"product_cat-cornici-per-striscioni","7":"product_cat-pubblicita-esterna","9":"first","10":"instock","11":"taxable","12":"shipping-taxable","13":"purchasable","14":"product-type-simple"},"yoast_head":"<!-- This site is optimized with the Yoast SEO plugin v27.3 - https:\/\/yoast.com\/product\/yoast-seo-wordpress\/ -->\n<title>Cornice tessile da esterno | Amstel Printing<\/title>\n<meta name=\"robots\" content=\"index, follow, max-snippet:-1, max-image-preview:large, max-video-preview:-1\" \/>\n<link rel=\"canonical\" href=\"https:\/\/www.amstelprinting.nl\/it\/negozio\/pubblicita-esterna\/cornici-per-striscioni\/cornice-tessile-da-esterno\/\" \/>\n<meta property=\"og:locale\" content=\"it_IT\" \/>\n<meta property=\"og:type\" content=\"article\" \/>\n<meta property=\"og:title\" content=\"Cornice tessile da esterno | Amstel Printing\" \/>\n<meta property=\"og:description\" content=\"La cornice per striscioni pulita e invisibile Siete alla ricerca di una cornice per striscioni pulita e invisibile adatta per l&#039;esterno? Scegliete la nostra cornice tessile da esterno e lasciate un segno indelebile. Il telo da esterno, leggero ma robusto, garantisce una visualizzazione chiara e nitida del vostro messaggio, mentre il rivestimento idrorepellente protegge il tessuto. Componete la vostra cornice tessile da esterno qui sotto come desiderate!\" \/>\n<meta property=\"og:url\" content=\"https:\/\/www.amstelprinting.nl\/it\/negozio\/pubblicita-esterna\/cornici-per-striscioni\/cornice-tessile-da-esterno\/\" \/>\n<meta property=\"og:site_name\" content=\"Amstel Printing\" \/>\n<meta property=\"article:modified_time\" content=\"2026-02-18T11:38:18+00:00\" \/>\n<meta property=\"og:image\" content=\"https:\/\/www.amstelprinting.nl\/wp-content\/uploads\/outdoor-textielframe-bedrukken.png\" \/>\n\t<meta property=\"og:image:width\" content=\"700\" \/>\n\t<meta property=\"og:image:height\" content=\"700\" \/>\n\t<meta property=\"og:image:type\" content=\"image\/png\" \/>\n<meta name=\"twitter:card\" content=\"summary_large_image\" \/>\n<meta name=\"twitter:label1\" content=\"Tempo di lettura stimato\" \/>\n\t<meta name=\"twitter:data1\" content=\"2 minuti\" \/>\n<script type=\"application\/ld+json\" class=\"yoast-schema-graph\">{\"@context\":\"https:\\\/\\\/schema.org\",\"@graph\":[{\"@type\":\"WebPage\",\"@id\":\"https:\\\/\\\/www.amstelprinting.nl\\\/it\\\/negozio\\\/pubblicita-esterna\\\/cornici-per-striscioni\\\/cornice-tessile-da-esterno\\\/\",\"url\":\"https:\\\/\\\/www.amstelprinting.nl\\\/it\\\/negozio\\\/pubblicita-esterna\\\/cornici-per-striscioni\\\/cornice-tessile-da-esterno\\\/\",\"name\":\"Cornice tessile da esterno | Amstel Printing\",\"isPartOf\":{\"@id\":\"https:\\\/\\\/www.amstelprinting.nl\\\/it\\\/#website\"},\"primaryImageOfPage\":{\"@id\":\"https:\\\/\\\/www.amstelprinting.nl\\\/it\\\/negozio\\\/pubblicita-esterna\\\/cornici-per-striscioni\\\/cornice-tessile-da-esterno\\\/#primaryimage\"},\"image\":{\"@id\":\"https:\\\/\\\/www.amstelprinting.nl\\\/it\\\/negozio\\\/pubblicita-esterna\\\/cornici-per-striscioni\\\/cornice-tessile-da-esterno\\\/#primaryimage\"},\"thumbnailUrl\":\"https:\\\/\\\/www.amstelprinting.nl\\\/wp-content\\\/uploads\\\/outdoor-textielframe-bedrukken.png\",\"datePublished\":\"2025-01-24T10:32:53+00:00\",\"dateModified\":\"2026-02-18T11:38:18+00:00\",\"breadcrumb\":{\"@id\":\"https:\\\/\\\/www.amstelprinting.nl\\\/it\\\/negozio\\\/pubblicita-esterna\\\/cornici-per-striscioni\\\/cornice-tessile-da-esterno\\\/#breadcrumb\"},\"inLanguage\":\"it-IT\",\"potentialAction\":[{\"@type\":\"ReadAction\",\"target\":[\"https:\\\/\\\/www.amstelprinting.nl\\\/it\\\/negozio\\\/pubblicita-esterna\\\/cornici-per-striscioni\\\/cornice-tessile-da-esterno\\\/\"]}]},{\"@type\":\"ImageObject\",\"inLanguage\":\"it-IT\",\"@id\":\"https:\\\/\\\/www.amstelprinting.nl\\\/it\\\/negozio\\\/pubblicita-esterna\\\/cornici-per-striscioni\\\/cornice-tessile-da-esterno\\\/#primaryimage\",\"url\":\"https:\\\/\\\/www.amstelprinting.nl\\\/wp-content\\\/uploads\\\/outdoor-textielframe-bedrukken.png\",\"contentUrl\":\"https:\\\/\\\/www.amstelprinting.nl\\\/wp-content\\\/uploads\\\/outdoor-textielframe-bedrukken.png\",\"width\":700,\"height\":700},{\"@type\":\"BreadcrumbList\",\"@id\":\"https:\\\/\\\/www.amstelprinting.nl\\\/it\\\/negozio\\\/pubblicita-esterna\\\/cornici-per-striscioni\\\/cornice-tessile-da-esterno\\\/#breadcrumb\",\"itemListElement\":[{\"@type\":\"ListItem\",\"position\":1,\"name\":\"\",\"item\":\"https:\\\/\\\/www.amstelprinting.nl\\\/it\\\/\"},{\"@type\":\"ListItem\",\"position\":2,\"name\":\"Amstel Printing\",\"item\":\"https:\\\/\\\/www.amstelprinting.nl\\\/it\\\/negozio\\\/\"},{\"@type\":\"ListItem\",\"position\":3,\"name\":\"Pubblicit\u00e0 esterna\",\"item\":\"https:\\\/\\\/www.amstelprinting.nl\\\/it\\\/categoria\\\/pubblicita-esterna\\\/\"},{\"@type\":\"ListItem\",\"position\":4,\"name\":\"Cornici per striscioni\",\"item\":\"https:\\\/\\\/www.amstelprinting.nl\\\/it\\\/categoria\\\/pubblicita-esterna\\\/cornici-per-striscioni\\\/\"},{\"@type\":\"ListItem\",\"position\":5,\"name\":\"Cornice tessile da esterno\"}]},{\"@type\":\"WebSite\",\"@id\":\"https:\\\/\\\/www.amstelprinting.nl\\\/it\\\/#website\",\"url\":\"https:\\\/\\\/www.amstelprinting.nl\\\/it\\\/\",\"name\":\"Amstel Printing\",\"description\":\"Creating Exposure\",\"publisher\":{\"@id\":\"https:\\\/\\\/www.amstelprinting.nl\\\/it\\\/#organization\"},\"potentialAction\":[{\"@type\":\"SearchAction\",\"target\":{\"@type\":\"EntryPoint\",\"urlTemplate\":\"https:\\\/\\\/www.amstelprinting.nl\\\/it\\\/?s={search_term_string}\"},\"query-input\":{\"@type\":\"PropertyValueSpecification\",\"valueRequired\":true,\"valueName\":\"search_term_string\"}}],\"inLanguage\":\"it-IT\"},{\"@type\":\"Organization\",\"@id\":\"https:\\\/\\\/www.amstelprinting.nl\\\/it\\\/#organization\",\"name\":\"Amstel Printing\",\"url\":\"https:\\\/\\\/www.amstelprinting.nl\\\/it\\\/\",\"logo\":{\"@type\":\"ImageObject\",\"inLanguage\":\"it-IT\",\"@id\":\"https:\\\/\\\/www.amstelprinting.nl\\\/it\\\/#\\\/schema\\\/logo\\\/image\\\/\",\"url\":\"https:\\\/\\\/www.amstelprinting.nl\\\/wp-content\\\/uploads\\\/amstel_printing_logo_clean.png\",\"contentUrl\":\"https:\\\/\\\/www.amstelprinting.nl\\\/wp-content\\\/uploads\\\/amstel_printing_logo_clean.png\",\"width\":324,\"height\":73,\"caption\":\"Amstel Printing\"},\"image\":{\"@id\":\"https:\\\/\\\/www.amstelprinting.nl\\\/it\\\/#\\\/schema\\\/logo\\\/image\\\/\"}}]}<\/script>\n<!-- \/ Yoast SEO plugin. -->","yoast_head_json":{"title":"Cornice tessile da esterno | Amstel Printing","robots":{"index":"index","follow":"follow","max-snippet":"max-snippet:-1","max-image-preview":"max-image-preview:large","max-video-preview":"max-video-preview:-1"},"canonical":"https:\/\/www.amstelprinting.nl\/it\/negozio\/pubblicita-esterna\/cornici-per-striscioni\/cornice-tessile-da-esterno\/","og_locale":"it_IT","og_type":"article","og_title":"Cornice tessile da esterno | Amstel Printing","og_description":"La cornice per striscioni pulita e invisibile Siete alla ricerca di una cornice per striscioni pulita e invisibile adatta per l'esterno? Scegliete la nostra cornice tessile da esterno e lasciate un segno indelebile. Il telo da esterno, leggero ma robusto, garantisce una visualizzazione chiara e nitida del vostro messaggio, mentre il rivestimento idrorepellente protegge il tessuto. Componete la vostra cornice tessile da esterno qui sotto come desiderate!","og_url":"https:\/\/www.amstelprinting.nl\/it\/negozio\/pubblicita-esterna\/cornici-per-striscioni\/cornice-tessile-da-esterno\/","og_site_name":"Amstel Printing","article_modified_time":"2026-02-18T11:38:18+00:00","og_image":[{"width":700,"height":700,"url":"https:\/\/www.amstelprinting.nl\/wp-content\/uploads\/outdoor-textielframe-bedrukken.png","type":"image\/png"}],"twitter_card":"summary_large_image","twitter_misc":{"Tempo di lettura stimato":"2 minuti"},"schema":{"@context":"https:\/\/schema.org","@graph":[{"@type":"WebPage","@id":"https:\/\/www.amstelprinting.nl\/it\/negozio\/pubblicita-esterna\/cornici-per-striscioni\/cornice-tessile-da-esterno\/","url":"https:\/\/www.amstelprinting.nl\/it\/negozio\/pubblicita-esterna\/cornici-per-striscioni\/cornice-tessile-da-esterno\/","name":"Cornice tessile da esterno | Amstel Printing","isPartOf":{"@id":"https:\/\/www.amstelprinting.nl\/it\/#website"},"primaryImageOfPage":{"@id":"https:\/\/www.amstelprinting.nl\/it\/negozio\/pubblicita-esterna\/cornici-per-striscioni\/cornice-tessile-da-esterno\/#primaryimage"},"image":{"@id":"https:\/\/www.amstelprinting.nl\/it\/negozio\/pubblicita-esterna\/cornici-per-striscioni\/cornice-tessile-da-esterno\/#primaryimage"},"thumbnailUrl":"https:\/\/www.amstelprinting.nl\/wp-content\/uploads\/outdoor-textielframe-bedrukken.png","datePublished":"2025-01-24T10:32:53+00:00","dateModified":"2026-02-18T11:38:18+00:00","breadcrumb":{"@id":"https:\/\/www.amstelprinting.nl\/it\/negozio\/pubblicita-esterna\/cornici-per-striscioni\/cornice-tessile-da-esterno\/#breadcrumb"},"inLanguage":"it-IT","potentialAction":[{"@type":"ReadAction","target":["https:\/\/www.amstelprinting.nl\/it\/negozio\/pubblicita-esterna\/cornici-per-striscioni\/cornice-tessile-da-esterno\/"]}]},{"@type":"ImageObject","inLanguage":"it-IT","@id":"https:\/\/www.amstelprinting.nl\/it\/negozio\/pubblicita-esterna\/cornici-per-striscioni\/cornice-tessile-da-esterno\/#primaryimage","url":"https:\/\/www.amstelprinting.nl\/wp-content\/uploads\/outdoor-textielframe-bedrukken.png","contentUrl":"https:\/\/www.amstelprinting.nl\/wp-content\/uploads\/outdoor-textielframe-bedrukken.png","width":700,"height":700},{"@type":"BreadcrumbList","@id":"https:\/\/www.amstelprinting.nl\/it\/negozio\/pubblicita-esterna\/cornici-per-striscioni\/cornice-tessile-da-esterno\/#breadcrumb","itemListElement":[{"@type":"ListItem","position":1,"name":"","item":"https:\/\/www.amstelprinting.nl\/it\/"},{"@type":"ListItem","position":2,"name":"Amstel Printing","item":"https:\/\/www.amstelprinting.nl\/it\/negozio\/"},{"@type":"ListItem","position":3,"name":"Pubblicit\u00e0 esterna","item":"https:\/\/www.amstelprinting.nl\/it\/categoria\/pubblicita-esterna\/"},{"@type":"ListItem","position":4,"name":"Cornici per striscioni","item":"https:\/\/www.amstelprinting.nl\/it\/categoria\/pubblicita-esterna\/cornici-per-striscioni\/"},{"@type":"ListItem","position":5,"name":"Cornice tessile da esterno"}]},{"@type":"WebSite","@id":"https:\/\/www.amstelprinting.nl\/it\/#website","url":"https:\/\/www.amstelprinting.nl\/it\/","name":"Amstel Printing","description":"Creating Exposure","publisher":{"@id":"https:\/\/www.amstelprinting.nl\/it\/#organization"},"potentialAction":[{"@type":"SearchAction","target":{"@type":"EntryPoint","urlTemplate":"https:\/\/www.amstelprinting.nl\/it\/?s={search_term_string}"},"query-input":{"@type":"PropertyValueSpecification","valueRequired":true,"valueName":"search_term_string"}}],"inLanguage":"it-IT"},{"@type":"Organization","@id":"https:\/\/www.amstelprinting.nl\/it\/#organization","name":"Amstel Printing","url":"https:\/\/www.amstelprinting.nl\/it\/","logo":{"@type":"ImageObject","inLanguage":"it-IT","@id":"https:\/\/www.amstelprinting.nl\/it\/#\/schema\/logo\/image\/","url":"https:\/\/www.amstelprinting.nl\/wp-content\/uploads\/amstel_printing_logo_clean.png","contentUrl":"https:\/\/www.amstelprinting.nl\/wp-content\/uploads\/amstel_printing_logo_clean.png","width":324,"height":73,"caption":"Amstel Printing"},"image":{"@id":"https:\/\/www.amstelprinting.nl\/it\/#\/schema\/logo\/image\/"}}]}},"_links":{"self":[{"href":"https:\/\/www.amstelprinting.nl\/it\/wp-json\/wp\/v2\/product\/13866","targetHints":{"allow":["GET"]}}],"collection":[{"href":"https:\/\/www.amstelprinting.nl\/it\/wp-json\/wp\/v2\/product"}],"about":[{"href":"https:\/\/www.amstelprinting.nl\/it\/wp-json\/wp\/v2\/types\/product"}],"wp:featuredmedia":[{"embeddable":true,"href":"https:\/\/www.amstelprinting.nl\/it\/wp-json\/wp\/v2\/media\/13867"}],"wp:attachment":[{"href":"https:\/\/www.amstelprinting.nl\/it\/wp-json\/wp\/v2\/media?parent=13866"}],"wp:term":[{"taxonomy":"product_brand","embeddable":true,"href":"https:\/\/www.amstelprinting.nl\/it\/wp-json\/wp\/v2\/product_brand?post=13866"},{"taxonomy":"product_cat","embeddable":true,"href":"https:\/\/www.amstelprinting.nl\/it\/wp-json\/wp\/v2\/product_cat?post=13866"},{"taxonomy":"product_tag","embeddable":true,"href":"https:\/\/www.amstelprinting.nl\/it\/wp-json\/wp\/v2\/product_tag?post=13866"}],"curies":[{"name":"wp","href":"https:\/\/api.w.org\/{rel}","templated":true}]}}