{"id":13896,"date":"2025-01-24T11:32:27","date_gmt":"2025-01-24T10:32:27","guid":{"rendered":"https:\/\/www.amstelprinting.nl\/winkel\/senza-categoria\/rond-spandoekframe\/"},"modified":"2026-02-18T12:38:21","modified_gmt":"2026-02-18T11:38:21","slug":"cornice-circolare-per-striscioni","status":"publish","type":"product","link":"https:\/\/www.amstelprinting.nl\/it\/negozio\/pubblicita-esterna\/cornici-per-striscioni\/cornice-circolare-per-striscioni\/","title":{"rendered":"Cornice circolare per striscioni"},"content":{"rendered":"<h3>Ordinare cornice circolare per striscioni<\/h3>\n<p>La Cornice Circolare per Striscioni \u00e8 un modo unico e accattivante per presentare il tuo messaggio pubblicitario. Con un elegante design rotondo, questa cornice attira immediatamente l&#8217;attenzione e garantisce un aspetto moderno e dinamico. Perfetta per l&#8217;uso sia interno che esterno, la cornice circolare per striscioni offre un modo elegante e d\u2019impatto per trasmettere il tuo messaggio. Che tu voglia comunicare un messaggio compatto o fare una grande dichiarazione visiva, abbiamo la dimensione giusta per te.<\/p>\n<h3>Vantaggi<\/h3>\n<ul>\n<li>Disponibile in quattro formati<\/li>\n<li>Accattivante grazie alla sua forma rotonda<\/li>\n<li>Robusto: dotato di un telaio tubolare in alluminio<\/li>\n<li>Stampa di alta qualit\u00e0 su telo Banner 510<\/li>\n<\/ul>\n<p>&nbsp;<\/p>\n<h3>Formati e materiali<\/h3>\n<p>Scegli la dimensione perfetta per il tuo progetto con diametri disponibili di 100, 200, 300 o 400 cm. La cornice \u00e8 realizzata in alluminio di alta qualit\u00e0 (telaio tubolare). Questo garantisce una struttura robusta e resistente agli agenti atmosferici. Ci\u00f2 rende la cornice non solo durevole, ma anche leggera e facile da maneggiare (e montare). Lo striscione \u00e8 realizzato in Banner 510, un materiale robusto ideale per stampe vivaci e durature. Dotato di occhielli, consente di fissare e tendere facilmente il telo per un risultato perfetto.<\/p>\n<h3>Accessori<\/h3>\n<p>Ordina opzionalmente gli elastici con gancio per mantenere il tuo telo sempre ben teso. Questi elastici garantiscono un montaggio semplice ed efficiente, affinch\u00e9 la tua pubblicit\u00e0 appaia sempre perfetta. Trasforma la tua comunicazione pubblicitaria con una cornice circolare per striscioni e goditi una presentazione moderna e d\u2019impatto che far\u00e0 sicuramente colpo. Ordina oggi stesso e rendi il tuo messaggio uno spettacolo visivo senza spigoli!<\/p>\n","protected":false},"excerpt":{"rendered":"<h3>Cornice circolare unica in alluminio per striscioni<\/h3>\n<p>Cerchi una pubblicit\u00e0 esterna originale? Allora scegli la cornice circolare per striscioni. Con un elegante design rotondo, questa cornice attira immediatamente l&#8217;attenzione, offrendo un aspetto moderno e dinamico. Perfetta sia per l&#8217;uso interno che esterno. Configura facilmente qui sotto la tua cornice per striscione circolare (con o senza telo).<\/p>\n","protected":false},"featured_media":13897,"template":"","meta":{"_et_pb_use_builder":"","_et_pb_old_content":"","_et_gb_content_width":""},"product_brand":[],"product_cat":[533,447],"product_tag":[],"class_list":{"0":"post-13896","1":"product","2":"type-product","3":"status-publish","4":"has-post-thumbnail","6":"product_cat-cornici-per-striscioni","7":"product_cat-pubblicita-esterna","9":"first","10":"instock","11":"taxable","12":"shipping-taxable","13":"purchasable","14":"product-type-simple"},"yoast_head":"<!-- This site is optimized with the Yoast SEO plugin v27.3 - https:\/\/yoast.com\/product\/yoast-seo-wordpress\/ -->\n<title>Cornice circolare per striscioni | Amstel Printing<\/title>\n<meta name=\"robots\" content=\"index, follow, max-snippet:-1, max-image-preview:large, max-video-preview:-1\" \/>\n<link rel=\"canonical\" href=\"https:\/\/www.amstelprinting.nl\/it\/negozio\/pubblicita-esterna\/cornici-per-striscioni\/cornice-circolare-per-striscioni\/\" \/>\n<meta property=\"og:locale\" content=\"it_IT\" \/>\n<meta property=\"og:type\" content=\"article\" \/>\n<meta property=\"og:title\" content=\"Cornice circolare per striscioni | Amstel Printing\" \/>\n<meta property=\"og:description\" content=\"Cornice circolare unica in alluminio per striscioni Cerchi una pubblicit\u00e0 esterna originale? Allora scegli la cornice circolare per striscioni. Con un elegante design rotondo, questa cornice attira immediatamente l&#039;attenzione, offrendo un aspetto moderno e dinamico. Perfetta sia per l&#039;uso interno che esterno. Configura facilmente qui sotto la tua cornice per striscione circolare (con o senza telo).\" \/>\n<meta property=\"og:url\" content=\"https:\/\/www.amstelprinting.nl\/it\/negozio\/pubblicita-esterna\/cornici-per-striscioni\/cornice-circolare-per-striscioni\/\" \/>\n<meta property=\"og:site_name\" content=\"Amstel Printing\" \/>\n<meta property=\"article:modified_time\" content=\"2026-02-18T11:38:21+00:00\" \/>\n<meta property=\"og:image\" content=\"https:\/\/www.amstelprinting.nl\/wp-content\/uploads\/rond-spandoekframebedrukken.png\" \/>\n\t<meta property=\"og:image:width\" content=\"700\" \/>\n\t<meta property=\"og:image:height\" content=\"700\" \/>\n\t<meta property=\"og:image:type\" content=\"image\/png\" \/>\n<meta name=\"twitter:card\" content=\"summary_large_image\" \/>\n<meta name=\"twitter:label1\" content=\"Tempo di lettura stimato\" \/>\n\t<meta name=\"twitter:data1\" content=\"1 minuto\" \/>\n<script type=\"application\/ld+json\" class=\"yoast-schema-graph\">{\"@context\":\"https:\\\/\\\/schema.org\",\"@graph\":[{\"@type\":\"WebPage\",\"@id\":\"https:\\\/\\\/www.amstelprinting.nl\\\/it\\\/negozio\\\/pubblicita-esterna\\\/cornici-per-striscioni\\\/cornice-circolare-per-striscioni\\\/\",\"url\":\"https:\\\/\\\/www.amstelprinting.nl\\\/it\\\/negozio\\\/pubblicita-esterna\\\/cornici-per-striscioni\\\/cornice-circolare-per-striscioni\\\/\",\"name\":\"Cornice circolare per striscioni | Amstel Printing\",\"isPartOf\":{\"@id\":\"https:\\\/\\\/www.amstelprinting.nl\\\/it\\\/#website\"},\"primaryImageOfPage\":{\"@id\":\"https:\\\/\\\/www.amstelprinting.nl\\\/it\\\/negozio\\\/pubblicita-esterna\\\/cornici-per-striscioni\\\/cornice-circolare-per-striscioni\\\/#primaryimage\"},\"image\":{\"@id\":\"https:\\\/\\\/www.amstelprinting.nl\\\/it\\\/negozio\\\/pubblicita-esterna\\\/cornici-per-striscioni\\\/cornice-circolare-per-striscioni\\\/#primaryimage\"},\"thumbnailUrl\":\"https:\\\/\\\/www.amstelprinting.nl\\\/wp-content\\\/uploads\\\/rond-spandoekframebedrukken.png\",\"datePublished\":\"2025-01-24T10:32:27+00:00\",\"dateModified\":\"2026-02-18T11:38:21+00:00\",\"breadcrumb\":{\"@id\":\"https:\\\/\\\/www.amstelprinting.nl\\\/it\\\/negozio\\\/pubblicita-esterna\\\/cornici-per-striscioni\\\/cornice-circolare-per-striscioni\\\/#breadcrumb\"},\"inLanguage\":\"it-IT\",\"potentialAction\":[{\"@type\":\"ReadAction\",\"target\":[\"https:\\\/\\\/www.amstelprinting.nl\\\/it\\\/negozio\\\/pubblicita-esterna\\\/cornici-per-striscioni\\\/cornice-circolare-per-striscioni\\\/\"]}]},{\"@type\":\"ImageObject\",\"inLanguage\":\"it-IT\",\"@id\":\"https:\\\/\\\/www.amstelprinting.nl\\\/it\\\/negozio\\\/pubblicita-esterna\\\/cornici-per-striscioni\\\/cornice-circolare-per-striscioni\\\/#primaryimage\",\"url\":\"https:\\\/\\\/www.amstelprinting.nl\\\/wp-content\\\/uploads\\\/rond-spandoekframebedrukken.png\",\"contentUrl\":\"https:\\\/\\\/www.amstelprinting.nl\\\/wp-content\\\/uploads\\\/rond-spandoekframebedrukken.png\",\"width\":700,\"height\":700},{\"@type\":\"BreadcrumbList\",\"@id\":\"https:\\\/\\\/www.amstelprinting.nl\\\/it\\\/negozio\\\/pubblicita-esterna\\\/cornici-per-striscioni\\\/cornice-circolare-per-striscioni\\\/#breadcrumb\",\"itemListElement\":[{\"@type\":\"ListItem\",\"position\":1,\"name\":\"\",\"item\":\"https:\\\/\\\/www.amstelprinting.nl\\\/it\\\/\"},{\"@type\":\"ListItem\",\"position\":2,\"name\":\"Amstel Printing\",\"item\":\"https:\\\/\\\/www.amstelprinting.nl\\\/it\\\/negozio\\\/\"},{\"@type\":\"ListItem\",\"position\":3,\"name\":\"Pubblicit\u00e0 esterna\",\"item\":\"https:\\\/\\\/www.amstelprinting.nl\\\/it\\\/categoria\\\/pubblicita-esterna\\\/\"},{\"@type\":\"ListItem\",\"position\":4,\"name\":\"Cornici per striscioni\",\"item\":\"https:\\\/\\\/www.amstelprinting.nl\\\/it\\\/categoria\\\/pubblicita-esterna\\\/cornici-per-striscioni\\\/\"},{\"@type\":\"ListItem\",\"position\":5,\"name\":\"Cornice circolare per striscioni\"}]},{\"@type\":\"WebSite\",\"@id\":\"https:\\\/\\\/www.amstelprinting.nl\\\/it\\\/#website\",\"url\":\"https:\\\/\\\/www.amstelprinting.nl\\\/it\\\/\",\"name\":\"Amstel Printing\",\"description\":\"Creating Exposure\",\"publisher\":{\"@id\":\"https:\\\/\\\/www.amstelprinting.nl\\\/it\\\/#organization\"},\"potentialAction\":[{\"@type\":\"SearchAction\",\"target\":{\"@type\":\"EntryPoint\",\"urlTemplate\":\"https:\\\/\\\/www.amstelprinting.nl\\\/it\\\/?s={search_term_string}\"},\"query-input\":{\"@type\":\"PropertyValueSpecification\",\"valueRequired\":true,\"valueName\":\"search_term_string\"}}],\"inLanguage\":\"it-IT\"},{\"@type\":\"Organization\",\"@id\":\"https:\\\/\\\/www.amstelprinting.nl\\\/it\\\/#organization\",\"name\":\"Amstel Printing\",\"url\":\"https:\\\/\\\/www.amstelprinting.nl\\\/it\\\/\",\"logo\":{\"@type\":\"ImageObject\",\"inLanguage\":\"it-IT\",\"@id\":\"https:\\\/\\\/www.amstelprinting.nl\\\/it\\\/#\\\/schema\\\/logo\\\/image\\\/\",\"url\":\"https:\\\/\\\/www.amstelprinting.nl\\\/wp-content\\\/uploads\\\/amstel_printing_logo_clean.png\",\"contentUrl\":\"https:\\\/\\\/www.amstelprinting.nl\\\/wp-content\\\/uploads\\\/amstel_printing_logo_clean.png\",\"width\":324,\"height\":73,\"caption\":\"Amstel Printing\"},\"image\":{\"@id\":\"https:\\\/\\\/www.amstelprinting.nl\\\/it\\\/#\\\/schema\\\/logo\\\/image\\\/\"}}]}<\/script>\n<!-- \/ Yoast SEO plugin. -->","yoast_head_json":{"title":"Cornice circolare per striscioni | Amstel Printing","robots":{"index":"index","follow":"follow","max-snippet":"max-snippet:-1","max-image-preview":"max-image-preview:large","max-video-preview":"max-video-preview:-1"},"canonical":"https:\/\/www.amstelprinting.nl\/it\/negozio\/pubblicita-esterna\/cornici-per-striscioni\/cornice-circolare-per-striscioni\/","og_locale":"it_IT","og_type":"article","og_title":"Cornice circolare per striscioni | Amstel Printing","og_description":"Cornice circolare unica in alluminio per striscioni Cerchi una pubblicit\u00e0 esterna originale? Allora scegli la cornice circolare per striscioni. Con un elegante design rotondo, questa cornice attira immediatamente l'attenzione, offrendo un aspetto moderno e dinamico. Perfetta sia per l'uso interno che esterno. Configura facilmente qui sotto la tua cornice per striscione circolare (con o senza telo).","og_url":"https:\/\/www.amstelprinting.nl\/it\/negozio\/pubblicita-esterna\/cornici-per-striscioni\/cornice-circolare-per-striscioni\/","og_site_name":"Amstel Printing","article_modified_time":"2026-02-18T11:38:21+00:00","og_image":[{"width":700,"height":700,"url":"https:\/\/www.amstelprinting.nl\/wp-content\/uploads\/rond-spandoekframebedrukken.png","type":"image\/png"}],"twitter_card":"summary_large_image","twitter_misc":{"Tempo di lettura stimato":"1 minuto"},"schema":{"@context":"https:\/\/schema.org","@graph":[{"@type":"WebPage","@id":"https:\/\/www.amstelprinting.nl\/it\/negozio\/pubblicita-esterna\/cornici-per-striscioni\/cornice-circolare-per-striscioni\/","url":"https:\/\/www.amstelprinting.nl\/it\/negozio\/pubblicita-esterna\/cornici-per-striscioni\/cornice-circolare-per-striscioni\/","name":"Cornice circolare per striscioni | Amstel Printing","isPartOf":{"@id":"https:\/\/www.amstelprinting.nl\/it\/#website"},"primaryImageOfPage":{"@id":"https:\/\/www.amstelprinting.nl\/it\/negozio\/pubblicita-esterna\/cornici-per-striscioni\/cornice-circolare-per-striscioni\/#primaryimage"},"image":{"@id":"https:\/\/www.amstelprinting.nl\/it\/negozio\/pubblicita-esterna\/cornici-per-striscioni\/cornice-circolare-per-striscioni\/#primaryimage"},"thumbnailUrl":"https:\/\/www.amstelprinting.nl\/wp-content\/uploads\/rond-spandoekframebedrukken.png","datePublished":"2025-01-24T10:32:27+00:00","dateModified":"2026-02-18T11:38:21+00:00","breadcrumb":{"@id":"https:\/\/www.amstelprinting.nl\/it\/negozio\/pubblicita-esterna\/cornici-per-striscioni\/cornice-circolare-per-striscioni\/#breadcrumb"},"inLanguage":"it-IT","potentialAction":[{"@type":"ReadAction","target":["https:\/\/www.amstelprinting.nl\/it\/negozio\/pubblicita-esterna\/cornici-per-striscioni\/cornice-circolare-per-striscioni\/"]}]},{"@type":"ImageObject","inLanguage":"it-IT","@id":"https:\/\/www.amstelprinting.nl\/it\/negozio\/pubblicita-esterna\/cornici-per-striscioni\/cornice-circolare-per-striscioni\/#primaryimage","url":"https:\/\/www.amstelprinting.nl\/wp-content\/uploads\/rond-spandoekframebedrukken.png","contentUrl":"https:\/\/www.amstelprinting.nl\/wp-content\/uploads\/rond-spandoekframebedrukken.png","width":700,"height":700},{"@type":"BreadcrumbList","@id":"https:\/\/www.amstelprinting.nl\/it\/negozio\/pubblicita-esterna\/cornici-per-striscioni\/cornice-circolare-per-striscioni\/#breadcrumb","itemListElement":[{"@type":"ListItem","position":1,"name":"","item":"https:\/\/www.amstelprinting.nl\/it\/"},{"@type":"ListItem","position":2,"name":"Amstel Printing","item":"https:\/\/www.amstelprinting.nl\/it\/negozio\/"},{"@type":"ListItem","position":3,"name":"Pubblicit\u00e0 esterna","item":"https:\/\/www.amstelprinting.nl\/it\/categoria\/pubblicita-esterna\/"},{"@type":"ListItem","position":4,"name":"Cornici per striscioni","item":"https:\/\/www.amstelprinting.nl\/it\/categoria\/pubblicita-esterna\/cornici-per-striscioni\/"},{"@type":"ListItem","position":5,"name":"Cornice circolare per striscioni"}]},{"@type":"WebSite","@id":"https:\/\/www.amstelprinting.nl\/it\/#website","url":"https:\/\/www.amstelprinting.nl\/it\/","name":"Amstel Printing","description":"Creating Exposure","publisher":{"@id":"https:\/\/www.amstelprinting.nl\/it\/#organization"},"potentialAction":[{"@type":"SearchAction","target":{"@type":"EntryPoint","urlTemplate":"https:\/\/www.amstelprinting.nl\/it\/?s={search_term_string}"},"query-input":{"@type":"PropertyValueSpecification","valueRequired":true,"valueName":"search_term_string"}}],"inLanguage":"it-IT"},{"@type":"Organization","@id":"https:\/\/www.amstelprinting.nl\/it\/#organization","name":"Amstel Printing","url":"https:\/\/www.amstelprinting.nl\/it\/","logo":{"@type":"ImageObject","inLanguage":"it-IT","@id":"https:\/\/www.amstelprinting.nl\/it\/#\/schema\/logo\/image\/","url":"https:\/\/www.amstelprinting.nl\/wp-content\/uploads\/amstel_printing_logo_clean.png","contentUrl":"https:\/\/www.amstelprinting.nl\/wp-content\/uploads\/amstel_printing_logo_clean.png","width":324,"height":73,"caption":"Amstel Printing"},"image":{"@id":"https:\/\/www.amstelprinting.nl\/it\/#\/schema\/logo\/image\/"}}]}},"_links":{"self":[{"href":"https:\/\/www.amstelprinting.nl\/it\/wp-json\/wp\/v2\/product\/13896","targetHints":{"allow":["GET"]}}],"collection":[{"href":"https:\/\/www.amstelprinting.nl\/it\/wp-json\/wp\/v2\/product"}],"about":[{"href":"https:\/\/www.amstelprinting.nl\/it\/wp-json\/wp\/v2\/types\/product"}],"wp:featuredmedia":[{"embeddable":true,"href":"https:\/\/www.amstelprinting.nl\/it\/wp-json\/wp\/v2\/media\/13897"}],"wp:attachment":[{"href":"https:\/\/www.amstelprinting.nl\/it\/wp-json\/wp\/v2\/media?parent=13896"}],"wp:term":[{"taxonomy":"product_brand","embeddable":true,"href":"https:\/\/www.amstelprinting.nl\/it\/wp-json\/wp\/v2\/product_brand?post=13896"},{"taxonomy":"product_cat","embeddable":true,"href":"https:\/\/www.amstelprinting.nl\/it\/wp-json\/wp\/v2\/product_cat?post=13896"},{"taxonomy":"product_tag","embeddable":true,"href":"https:\/\/www.amstelprinting.nl\/it\/wp-json\/wp\/v2\/product_tag?post=13896"}],"curies":[{"name":"wp","href":"https:\/\/api.w.org\/{rel}","templated":true}]}}