{"id":13906,"date":"2025-01-24T11:32:23","date_gmt":"2025-01-24T10:32:23","guid":{"rendered":"https:\/\/www.amstelprinting.nl\/winkel\/senza-categoria\/vrijstaand-spandoekframe\/"},"modified":"2026-02-18T12:38:22","modified_gmt":"2026-02-18T11:38:22","slug":"telaio-per-striscione-autoportante","status":"publish","type":"product","link":"https:\/\/www.amstelprinting.nl\/it\/negozio\/pubblicita-esterna\/cornici-per-striscioni\/telaio-per-striscione-autoportante\/","title":{"rendered":"Telaio per striscione autoportante"},"content":{"rendered":"<h3>Acquista un telaio per striscione autoportante<\/h3>\n<p>Rafforza la tua pubblicit\u00e0 esterna con il nostro telaio per striscioni autoportante, progettato per il massimo impatto e durata. Scegli un set completo o ordina solo il telaio tubolare.<\/p>\n<h3>Formati<\/h3>\n<p>Disponibile in otto formati diversi (di forma rettangolare o quadrata). Cerchi un altro formato? Richiedi pure un preventivo personalizzato.<\/p>\n<h3>Materiali<\/h3>\n<p>Il nostro telaio per striscioni autoportante \u00e8 disponibile in quattro materiali per striscioni.<\/p>\n<ul>\n<li><strong>ProPES Outdoor<\/strong>: Durevole, leggero e riciclabile al 100%, ideale per applicazioni versatili.<\/li>\n<li><strong>Banner 510<\/strong>: Il tipo di striscione pi\u00f9 ordinato. Un telo in PVC con finitura lucida per stampe nitide e vivaci.<\/li>\n<li><strong>Telo Mesh<\/strong>: Perfetto per luoghi ventosi grazie alla sua struttura permeabile al vento. Meno adatto per design dettagliati.<\/li>\n<li><strong>Banner 610<\/strong>: Robusto telo in PVC per condizioni meteorologiche estreme e uso prolungato.<\/li>\n<\/ul>\n<p>&nbsp;<\/p>\n<h3>Finiture<\/h3>\n<p>Scegli tra orli e occhielli, oppure orli e occhielli per Stormfix, per una finitura robusta e professionale che mantiene il tuo striscione sicuro e teso.<\/p>\n<h3>Alternative<\/h3>\n<p>Oltre al telaio per striscioni autoportante, sono disponibili numerose alternative (per il fissaggio a pareti interne o esterne), illuminate o non illuminate. Di seguito spieghiamo brevemente le caratteristiche di ogni prodotto.<\/p>\n<ul>\n<li><strong>Spandoekframe (Telaio per striscioni)<\/strong>: telaio standard per striscioni da parete.<\/li>\n<li><strong>Outdoor textielframe (Telaio tessile per esterni)<\/strong>: Sviluppato appositamente per l&#8217;uso esterno.<\/li>\n<li><strong>Outdoor klopframe<\/strong>: Per un montaggio rapido e semplice all&#8217;aperto.<\/li>\n<li><strong>Blind spandoekframe (Telaio invisibile)<\/strong>: Per un aspetto minimalista: il telaio e gli elastici non sono visibili.<\/li>\n<li><strong>Outdoor LED frame<\/strong>: Il tuo design illuminato per una maggiore attenzione, anche al buio.<\/li>\n<li><strong>Rond spandoekframe (Telaio circolare)<\/strong>: Striscione di forma rotonda: un&#8217;alternativa originale!<\/li>\n<\/ul>\n<p>&nbsp;<\/p>\n<h3>Accessori<\/h3>\n<p>Completa il tuo telaio per striscione autoportante con accessori come tenditori con gancio a spirale o tenditori a collo di cigno, che ti consentono di fissare lo striscione in modo semplice ed efficiente nel telaio autoportante. Una presentazione perfetta \u00e8 garantita.<\/p>\n","protected":false},"excerpt":{"rendered":"<h3>Telaio tubolare autoportante per striscioni<\/h3>\n<p>Un telaio per striscioni autoportante \u00e8 un sistema flessibile e robusto che ti consente di presentare il tuo messaggio ovunque. Per il posizionamento non \u00e8 necessaria alcuna parete o soffitto, poich\u00e9 il solido telaio tubolare pu\u00f2 stare in piedi autonomamente. Ideale per uso interno ed esterno. Perfetto per fiere, eventi o cantieri edili dove non \u00e8 possibile una costruzione fissa.<\/p>\n","protected":false},"featured_media":13907,"template":"","meta":{"_et_pb_use_builder":"","_et_pb_old_content":"","_et_gb_content_width":""},"product_brand":[],"product_cat":[430,533,411,447],"product_tag":[],"class_list":{"0":"post-13906","1":"product","2":"type-product","3":"status-publish","4":"has-post-thumbnail","6":"product_cat-borsa-di-studio-evento","7":"product_cat-cornici-per-striscioni","8":"product_cat-panni-del-festival","9":"product_cat-pubblicita-esterna","11":"first","12":"instock","13":"taxable","14":"shipping-taxable","15":"purchasable","16":"product-type-simple"},"yoast_head":"<!-- This site is optimized with the Yoast SEO plugin v27.3 - https:\/\/yoast.com\/product\/yoast-seo-wordpress\/ -->\n<title>Telaio per striscione autoportante: alluminio di alta qualit\u00e0 per eventi<\/title>\n<meta name=\"description\" content=\"Ordina un telaio per striscioni in alluminio robusto e flessibile, ideale per eventi e festival. Consegna in tutta Europa\" \/>\n<meta name=\"robots\" content=\"index, follow, max-snippet:-1, max-image-preview:large, max-video-preview:-1\" \/>\n<link rel=\"canonical\" href=\"https:\/\/www.amstelprinting.nl\/it\/negozio\/pubblicita-esterna\/cornici-per-striscioni\/telaio-per-striscione-autoportante\/\" \/>\n<meta property=\"og:locale\" content=\"it_IT\" \/>\n<meta property=\"og:type\" content=\"article\" \/>\n<meta property=\"og:title\" content=\"Telaio per striscione autoportante: alluminio di alta qualit\u00e0 per eventi\" \/>\n<meta property=\"og:description\" content=\"Ordina un telaio per striscioni in alluminio robusto e flessibile, ideale per eventi e festival. Consegna in tutta Europa\" \/>\n<meta property=\"og:url\" content=\"https:\/\/www.amstelprinting.nl\/it\/negozio\/pubblicita-esterna\/cornici-per-striscioni\/telaio-per-striscione-autoportante\/\" \/>\n<meta property=\"og:site_name\" content=\"Amstel Printing\" \/>\n<meta property=\"article:modified_time\" content=\"2026-02-18T11:38:22+00:00\" \/>\n<meta property=\"og:image\" content=\"https:\/\/www.amstelprinting.nl\/wp-content\/uploads\/vrijstaand-spandoekframe-bedrukken.png\" \/>\n\t<meta property=\"og:image:width\" content=\"700\" \/>\n\t<meta property=\"og:image:height\" content=\"700\" \/>\n\t<meta property=\"og:image:type\" content=\"image\/png\" \/>\n<meta name=\"twitter:card\" content=\"summary_large_image\" \/>\n<meta name=\"twitter:label1\" content=\"Tempo di lettura stimato\" \/>\n\t<meta name=\"twitter:data1\" content=\"1 minuto\" \/>\n<script type=\"application\/ld+json\" class=\"yoast-schema-graph\">{\"@context\":\"https:\\\/\\\/schema.org\",\"@graph\":[{\"@type\":\"WebPage\",\"@id\":\"https:\\\/\\\/www.amstelprinting.nl\\\/it\\\/negozio\\\/pubblicita-esterna\\\/cornici-per-striscioni\\\/telaio-per-striscione-autoportante\\\/\",\"url\":\"https:\\\/\\\/www.amstelprinting.nl\\\/it\\\/negozio\\\/pubblicita-esterna\\\/cornici-per-striscioni\\\/telaio-per-striscione-autoportante\\\/\",\"name\":\"Telaio per striscione autoportante: alluminio di alta qualit\u00e0 per eventi\",\"isPartOf\":{\"@id\":\"https:\\\/\\\/www.amstelprinting.nl\\\/it\\\/#website\"},\"primaryImageOfPage\":{\"@id\":\"https:\\\/\\\/www.amstelprinting.nl\\\/it\\\/negozio\\\/pubblicita-esterna\\\/cornici-per-striscioni\\\/telaio-per-striscione-autoportante\\\/#primaryimage\"},\"image\":{\"@id\":\"https:\\\/\\\/www.amstelprinting.nl\\\/it\\\/negozio\\\/pubblicita-esterna\\\/cornici-per-striscioni\\\/telaio-per-striscione-autoportante\\\/#primaryimage\"},\"thumbnailUrl\":\"https:\\\/\\\/www.amstelprinting.nl\\\/wp-content\\\/uploads\\\/vrijstaand-spandoekframe-bedrukken.png\",\"datePublished\":\"2025-01-24T10:32:23+00:00\",\"dateModified\":\"2026-02-18T11:38:22+00:00\",\"description\":\"Ordina un telaio per striscioni in alluminio robusto e flessibile, ideale per eventi e festival. Consegna in tutta Europa\",\"breadcrumb\":{\"@id\":\"https:\\\/\\\/www.amstelprinting.nl\\\/it\\\/negozio\\\/pubblicita-esterna\\\/cornici-per-striscioni\\\/telaio-per-striscione-autoportante\\\/#breadcrumb\"},\"inLanguage\":\"it-IT\",\"potentialAction\":[{\"@type\":\"ReadAction\",\"target\":[\"https:\\\/\\\/www.amstelprinting.nl\\\/it\\\/negozio\\\/pubblicita-esterna\\\/cornici-per-striscioni\\\/telaio-per-striscione-autoportante\\\/\"]}]},{\"@type\":\"ImageObject\",\"inLanguage\":\"it-IT\",\"@id\":\"https:\\\/\\\/www.amstelprinting.nl\\\/it\\\/negozio\\\/pubblicita-esterna\\\/cornici-per-striscioni\\\/telaio-per-striscione-autoportante\\\/#primaryimage\",\"url\":\"https:\\\/\\\/www.amstelprinting.nl\\\/wp-content\\\/uploads\\\/vrijstaand-spandoekframe-bedrukken.png\",\"contentUrl\":\"https:\\\/\\\/www.amstelprinting.nl\\\/wp-content\\\/uploads\\\/vrijstaand-spandoekframe-bedrukken.png\",\"width\":700,\"height\":700},{\"@type\":\"BreadcrumbList\",\"@id\":\"https:\\\/\\\/www.amstelprinting.nl\\\/it\\\/negozio\\\/pubblicita-esterna\\\/cornici-per-striscioni\\\/telaio-per-striscione-autoportante\\\/#breadcrumb\",\"itemListElement\":[{\"@type\":\"ListItem\",\"position\":1,\"name\":\"\",\"item\":\"https:\\\/\\\/www.amstelprinting.nl\\\/it\\\/\"},{\"@type\":\"ListItem\",\"position\":2,\"name\":\"Amstel Printing\",\"item\":\"https:\\\/\\\/www.amstelprinting.nl\\\/it\\\/negozio\\\/\"},{\"@type\":\"ListItem\",\"position\":3,\"name\":\"Pubblicit\u00e0 esterna\",\"item\":\"https:\\\/\\\/www.amstelprinting.nl\\\/it\\\/categoria\\\/pubblicita-esterna\\\/\"},{\"@type\":\"ListItem\",\"position\":4,\"name\":\"Cornici per striscioni\",\"item\":\"https:\\\/\\\/www.amstelprinting.nl\\\/it\\\/categoria\\\/pubblicita-esterna\\\/cornici-per-striscioni\\\/\"},{\"@type\":\"ListItem\",\"position\":5,\"name\":\"Telaio per striscione autoportante\"}]},{\"@type\":\"WebSite\",\"@id\":\"https:\\\/\\\/www.amstelprinting.nl\\\/it\\\/#website\",\"url\":\"https:\\\/\\\/www.amstelprinting.nl\\\/it\\\/\",\"name\":\"Amstel Printing\",\"description\":\"Creating Exposure\",\"publisher\":{\"@id\":\"https:\\\/\\\/www.amstelprinting.nl\\\/it\\\/#organization\"},\"potentialAction\":[{\"@type\":\"SearchAction\",\"target\":{\"@type\":\"EntryPoint\",\"urlTemplate\":\"https:\\\/\\\/www.amstelprinting.nl\\\/it\\\/?s={search_term_string}\"},\"query-input\":{\"@type\":\"PropertyValueSpecification\",\"valueRequired\":true,\"valueName\":\"search_term_string\"}}],\"inLanguage\":\"it-IT\"},{\"@type\":\"Organization\",\"@id\":\"https:\\\/\\\/www.amstelprinting.nl\\\/it\\\/#organization\",\"name\":\"Amstel Printing\",\"url\":\"https:\\\/\\\/www.amstelprinting.nl\\\/it\\\/\",\"logo\":{\"@type\":\"ImageObject\",\"inLanguage\":\"it-IT\",\"@id\":\"https:\\\/\\\/www.amstelprinting.nl\\\/it\\\/#\\\/schema\\\/logo\\\/image\\\/\",\"url\":\"https:\\\/\\\/www.amstelprinting.nl\\\/wp-content\\\/uploads\\\/amstel_printing_logo_clean.png\",\"contentUrl\":\"https:\\\/\\\/www.amstelprinting.nl\\\/wp-content\\\/uploads\\\/amstel_printing_logo_clean.png\",\"width\":324,\"height\":73,\"caption\":\"Amstel Printing\"},\"image\":{\"@id\":\"https:\\\/\\\/www.amstelprinting.nl\\\/it\\\/#\\\/schema\\\/logo\\\/image\\\/\"}}]}<\/script>\n<!-- \/ Yoast SEO plugin. -->","yoast_head_json":{"title":"Telaio per striscione autoportante: alluminio di alta qualit\u00e0 per eventi","description":"Ordina un telaio per striscioni in alluminio robusto e flessibile, ideale per eventi e festival. Consegna in tutta Europa","robots":{"index":"index","follow":"follow","max-snippet":"max-snippet:-1","max-image-preview":"max-image-preview:large","max-video-preview":"max-video-preview:-1"},"canonical":"https:\/\/www.amstelprinting.nl\/it\/negozio\/pubblicita-esterna\/cornici-per-striscioni\/telaio-per-striscione-autoportante\/","og_locale":"it_IT","og_type":"article","og_title":"Telaio per striscione autoportante: alluminio di alta qualit\u00e0 per eventi","og_description":"Ordina un telaio per striscioni in alluminio robusto e flessibile, ideale per eventi e festival. Consegna in tutta Europa","og_url":"https:\/\/www.amstelprinting.nl\/it\/negozio\/pubblicita-esterna\/cornici-per-striscioni\/telaio-per-striscione-autoportante\/","og_site_name":"Amstel Printing","article_modified_time":"2026-02-18T11:38:22+00:00","og_image":[{"width":700,"height":700,"url":"https:\/\/www.amstelprinting.nl\/wp-content\/uploads\/vrijstaand-spandoekframe-bedrukken.png","type":"image\/png"}],"twitter_card":"summary_large_image","twitter_misc":{"Tempo di lettura stimato":"1 minuto"},"schema":{"@context":"https:\/\/schema.org","@graph":[{"@type":"WebPage","@id":"https:\/\/www.amstelprinting.nl\/it\/negozio\/pubblicita-esterna\/cornici-per-striscioni\/telaio-per-striscione-autoportante\/","url":"https:\/\/www.amstelprinting.nl\/it\/negozio\/pubblicita-esterna\/cornici-per-striscioni\/telaio-per-striscione-autoportante\/","name":"Telaio per striscione autoportante: alluminio di alta qualit\u00e0 per eventi","isPartOf":{"@id":"https:\/\/www.amstelprinting.nl\/it\/#website"},"primaryImageOfPage":{"@id":"https:\/\/www.amstelprinting.nl\/it\/negozio\/pubblicita-esterna\/cornici-per-striscioni\/telaio-per-striscione-autoportante\/#primaryimage"},"image":{"@id":"https:\/\/www.amstelprinting.nl\/it\/negozio\/pubblicita-esterna\/cornici-per-striscioni\/telaio-per-striscione-autoportante\/#primaryimage"},"thumbnailUrl":"https:\/\/www.amstelprinting.nl\/wp-content\/uploads\/vrijstaand-spandoekframe-bedrukken.png","datePublished":"2025-01-24T10:32:23+00:00","dateModified":"2026-02-18T11:38:22+00:00","description":"Ordina un telaio per striscioni in alluminio robusto e flessibile, ideale per eventi e festival. Consegna in tutta Europa","breadcrumb":{"@id":"https:\/\/www.amstelprinting.nl\/it\/negozio\/pubblicita-esterna\/cornici-per-striscioni\/telaio-per-striscione-autoportante\/#breadcrumb"},"inLanguage":"it-IT","potentialAction":[{"@type":"ReadAction","target":["https:\/\/www.amstelprinting.nl\/it\/negozio\/pubblicita-esterna\/cornici-per-striscioni\/telaio-per-striscione-autoportante\/"]}]},{"@type":"ImageObject","inLanguage":"it-IT","@id":"https:\/\/www.amstelprinting.nl\/it\/negozio\/pubblicita-esterna\/cornici-per-striscioni\/telaio-per-striscione-autoportante\/#primaryimage","url":"https:\/\/www.amstelprinting.nl\/wp-content\/uploads\/vrijstaand-spandoekframe-bedrukken.png","contentUrl":"https:\/\/www.amstelprinting.nl\/wp-content\/uploads\/vrijstaand-spandoekframe-bedrukken.png","width":700,"height":700},{"@type":"BreadcrumbList","@id":"https:\/\/www.amstelprinting.nl\/it\/negozio\/pubblicita-esterna\/cornici-per-striscioni\/telaio-per-striscione-autoportante\/#breadcrumb","itemListElement":[{"@type":"ListItem","position":1,"name":"","item":"https:\/\/www.amstelprinting.nl\/it\/"},{"@type":"ListItem","position":2,"name":"Amstel Printing","item":"https:\/\/www.amstelprinting.nl\/it\/negozio\/"},{"@type":"ListItem","position":3,"name":"Pubblicit\u00e0 esterna","item":"https:\/\/www.amstelprinting.nl\/it\/categoria\/pubblicita-esterna\/"},{"@type":"ListItem","position":4,"name":"Cornici per striscioni","item":"https:\/\/www.amstelprinting.nl\/it\/categoria\/pubblicita-esterna\/cornici-per-striscioni\/"},{"@type":"ListItem","position":5,"name":"Telaio per striscione autoportante"}]},{"@type":"WebSite","@id":"https:\/\/www.amstelprinting.nl\/it\/#website","url":"https:\/\/www.amstelprinting.nl\/it\/","name":"Amstel Printing","description":"Creating Exposure","publisher":{"@id":"https:\/\/www.amstelprinting.nl\/it\/#organization"},"potentialAction":[{"@type":"SearchAction","target":{"@type":"EntryPoint","urlTemplate":"https:\/\/www.amstelprinting.nl\/it\/?s={search_term_string}"},"query-input":{"@type":"PropertyValueSpecification","valueRequired":true,"valueName":"search_term_string"}}],"inLanguage":"it-IT"},{"@type":"Organization","@id":"https:\/\/www.amstelprinting.nl\/it\/#organization","name":"Amstel Printing","url":"https:\/\/www.amstelprinting.nl\/it\/","logo":{"@type":"ImageObject","inLanguage":"it-IT","@id":"https:\/\/www.amstelprinting.nl\/it\/#\/schema\/logo\/image\/","url":"https:\/\/www.amstelprinting.nl\/wp-content\/uploads\/amstel_printing_logo_clean.png","contentUrl":"https:\/\/www.amstelprinting.nl\/wp-content\/uploads\/amstel_printing_logo_clean.png","width":324,"height":73,"caption":"Amstel Printing"},"image":{"@id":"https:\/\/www.amstelprinting.nl\/it\/#\/schema\/logo\/image\/"}}]}},"_links":{"self":[{"href":"https:\/\/www.amstelprinting.nl\/it\/wp-json\/wp\/v2\/product\/13906","targetHints":{"allow":["GET"]}}],"collection":[{"href":"https:\/\/www.amstelprinting.nl\/it\/wp-json\/wp\/v2\/product"}],"about":[{"href":"https:\/\/www.amstelprinting.nl\/it\/wp-json\/wp\/v2\/types\/product"}],"wp:featuredmedia":[{"embeddable":true,"href":"https:\/\/www.amstelprinting.nl\/it\/wp-json\/wp\/v2\/media\/13907"}],"wp:attachment":[{"href":"https:\/\/www.amstelprinting.nl\/it\/wp-json\/wp\/v2\/media?parent=13906"}],"wp:term":[{"taxonomy":"product_brand","embeddable":true,"href":"https:\/\/www.amstelprinting.nl\/it\/wp-json\/wp\/v2\/product_brand?post=13906"},{"taxonomy":"product_cat","embeddable":true,"href":"https:\/\/www.amstelprinting.nl\/it\/wp-json\/wp\/v2\/product_cat?post=13906"},{"taxonomy":"product_tag","embeddable":true,"href":"https:\/\/www.amstelprinting.nl\/it\/wp-json\/wp\/v2\/product_tag?post=13906"}],"curies":[{"name":"wp","href":"https:\/\/api.w.org\/{rel}","templated":true}]}}